{"id":3546,"date":"2017-03-16T13:49:07","date_gmt":"2017-03-16T13:49:07","guid":{"rendered":"https:\/\/www.electroluxprofessional.com\/fr\/?page_id=3546"},"modified":"2026-04-09T12:30:22","modified_gmt":"2026-04-09T12:30:22","slug":"blanchisserie","status":"publish","type":"page","link":"https:\/\/www.electroluxprofessional.com\/fr\/solutions\/bureaux-detudes-architectes\/blanchisserie\/","title":{"rendered":"Bureaux d&#8217;\u00e9tudes &#8211; Architectes &#8211; Blanchisserie"},"content":{"rendered":"<p>[vc_row][vc_column][elx_heading font_container=&#8221;h1&#8243; text_color=&#8221;inherit&#8221;]Service \u00c9tudes et Projets pour cr\u00e9ation de blanchisserie[\/elx_heading][\/vc_column][\/vc_row][vc_row][vc_column width=&#8221;1\/2&#8243;][vc_empty_space][vc_column_text]Vous \u00eates un professionnel de blanchisserie ou un bureau d\u2019\u00e9tudes, un architecte et devez \u00e9laborer un projet de blanchisserie professionnelle pour l\u2019un de vos clients ? La cr\u00e9ation ou la modernisation de ce type d\u2019activit\u00e9 requiert une planification rigoureuse. Notre service \u00c9tudes et Projets vous accompagne \u00e0 chaque \u00e9tape, en fournissant des conseils personnalis\u00e9s et des solutions adapt\u00e9es \u00e0 vos besoins. Qu\u2019il s\u2019agisse d\u2019un <a href=\"https:\/\/www.electroluxprofessional.com\/fr\/solutions\/laverie-self-pressing-blanchisserie-nettoyage-a-leau\/\">pressing<\/a>, d\u2019une <a href=\"https:\/\/www.electroluxprofessional.com\/fr\/materiel-laverie-hygiene\/\">laverie automatique<\/a> ou d\u2019une <a href=\"https:\/\/www.electroluxprofessional.com\/fr\/solutions\/laverie-self-pressing-blanchisserie\/blanchisserie-commerciale\/\">blanchisserie industrielle<\/a>, notre collaboration vous permet de structurer et d\u2019optimiser votre projet pour garantir performance, conformit\u00e9 et rentabilit\u00e9 \u00e0 vos clients.[\/vc_column_text][\/vc_column][vc_column width=&#8221;1\/2&#8243;][vc_empty_space height=&#8221;64px&#8221;][vc_single_image image=&#8221;30906&#8243; img_size=&#8221;400*300&#8243; alignment=&#8221;center&#8221;][\/vc_column][\/vc_row][vc_row][vc_column][vc_empty_space][elx_button button_text=&#8221;Contacter un expert&#8221; button_display_block=&#8221;display_block_on&#8221; button_alignment=&#8221;align_center&#8221; button_alignment_mobile=&#8221;text-center-mobile&#8221; button_link=&#8221;url:%23contact&#8221;][vc_empty_space][elx_heading text_color=&#8221;inherit&#8221;]Une ing\u00e9nierie au service de la performance et du d\u00e9veloppement durable[\/elx_heading][vc_column_text]Nous int\u00e9grons des syst\u00e8mes innovants pour optimiser les consommations d&#8217;eau et d&#8217;\u00e9nergie tout en garantissant une qualit\u00e9 de lavage optimale. Nos \u00e9quipements sont con\u00e7us pour un recyclage \u00e0 98% et int\u00e8grent des technologies exclusives Electrolux Professional pour une ma\u00eetrise parfaite des rejets. Chaque solution est pens\u00e9e pour offrir un \u00e9quilibre entre performance et respect des normes environnementales en vigueur en France et en Europe.[\/vc_column_text][vc_empty_space][\/vc_column][\/vc_row][vc_row][vc_column width=&#8221;1\/2&#8243;][elx_image_block background_image=&#8221;8217&#8243; minimum_height=&#8221;660px&#8221;][\/vc_column][vc_column width=&#8221;1\/2&#8243;][vc_empty_space][elx_heading text_color=&#8221;inherit&#8221;]Une ma\u00eetrise technique pour un projet optimis\u00e9 [\/elx_heading][vc_empty_space][vc_column_text]Nous analysons chaque param\u00e8tre technique essentiel \u00e0 votre projet :<\/p>\n<p>\u25cf Mat\u00e9riaux et types de chauffage adapt\u00e9s \u00e0 l\u2019activit\u00e9 de l&#8217;entreprise.<\/p>\n<p>\u25cf Choix des \u00e9nergies et fluides pour un fonctionnement \u00e9conomique et efficace.<\/p>\n<p>\u25cf Traitement de l&#8217;air et ventilation pour assurer un confort optimal du personnel et des performances durables.<\/p>\n<p>\u25cf Int\u00e9gration des normes HQE pour une d\u00e9marche responsable et p\u00e9renne[\/vc_column_text][\/vc_column][\/vc_row][vc_row][vc_column][vc_empty_space][elx_heading text_color=&#8221;inherit&#8221;]Une organisation fluide pour une productivit\u00e9 maximale[\/elx_heading][vc_column_text]Le succ\u00e8s d&#8217;une blanchisserie repose sur une organisation efficace du circuit de nettoyage du linge. Nos experts con\u00e7oivent des am\u00e9nagements pens\u00e9s pour optimiser la circulation des v\u00eatements et textiles au sein de l&#8217;\u00e9tablissement. Cette approche garantit un gain de temps, une r\u00e9duction des co\u00fbts d&#8217;exploitation et une am\u00e9lioration du confort des op\u00e9rateurs.[\/vc_column_text][\/vc_column][\/vc_row][vc_row][vc_column][vc_empty_space][elx_heading text_color=&#8221;inherit&#8221;]Conformit\u00e9 et s\u00e9curit\u00e9 : des solutions aux normes[\/elx_heading][vc_column_text]Nos \u00e9tudes prennent en compte l&#8217;ensemble des exigences normatives applicables au secteur :<\/p>\n<p>\u25cf Respect des r\u00e9glementations en mati\u00e8re de s\u00e9curit\u00e9 des b\u00e2timents, des machines et du personnel.<\/p>\n<p>\u25cf Int\u00e9gration de la d\u00e9marche RABC pour garantir une hygi\u00e8ne et une s\u00e9curit\u00e9 optimales.<\/p>\n<p>\u25cf Gestion responsable des rejets d&#8217;eau et traitement des effluents selon les exigences environnementales.[\/vc_column_text][\/vc_column][\/vc_row][vc_row][vc_column][vc_empty_space][elx_heading text_color=&#8221;inherit&#8221;]Une prise en compte de l&#8217;ergonomie et du bien-\u00eatre des op\u00e9rateurs[\/elx_heading][vc_column_text]Une blanchisserie bien con\u00e7ue doit offrir des conditions de travail optimales. Nous veillons \u00e0 l&#8217;\u00e9clairage, \u00e0 la gestion des temp\u00e9ratures et \u00e0 l&#8217;am\u00e9nagement des espaces pour am\u00e9liorer le confort du personnel et celui du public.[\/vc_column_text][vc_empty_space][elx_heading text_color=&#8221;inherit&#8221;]Un accompagnement personnalis\u00e9 pour concr\u00e9tiser votre projet[\/elx_heading][vc_column_text]Notre service vous guide \u00e0 chaque \u00e9tape : de l&#8217;\u00e9tude initiale \u00e0 la mise en service. Nos experts analysent votre demande, vous conseillent sur le choix du mat\u00e9riel et vous accompagnent dans la r\u00e9alisation concr\u00e8te de votre projet de blanchisserie ou pressing.[\/vc_column_text][vc_empty_space][elx_button button_text=&#8221;D\u00e9couvrir le book 3D&#8221; button_display_block=&#8221;display_block_on&#8221; button_alignment=&#8221;align_center&#8221; css=&#8221;.vc_custom_1690212534296{margin-right: 15px !important;}&#8221; button_link=&#8221;url:https%3A%2F%2Fwww.electroluxprofessional.com%2Ffr%2Fsolutions%2Fbureaux-detudes-architectes%2Fblanchisserie%2Fbook-3d%2F&#8221;][vc_empty_space][\/vc_column][\/vc_row][vc_row matched_labels=&#8221;&#8221; css=&#8221;.vc_custom_1775737820905{background-color: #0a0e47 !important;}&#8221; el_id=&#8221;contact&#8221;][vc_column][vc_empty_space][elx_heading text_color=&#8221;white&#8221; text_align=&#8221;text-center&#8221;]Vous avez un projet ou vous souhaitez plus d&#8217;informations ?<br \/>\nContactez-nous via notre formulaire :[\/elx_heading][vc_empty_space][elx_o2000_contact_us s=&#8221;Demande d&#8217;informations solutions blanchisserie&#8221; country=&#8221;France&#8221; b=&#8221;laundry&#8221; text_color=&#8221;#FFFFFF&#8221; thanks=&#8221;Merci pour votre demande, un expert vous contactera sous peu.&#8221; r=&#8221;Je souhaiterais en savoir plus sur les solutions de blanchisserie.&#8221;][vc_empty_space][\/vc_column][\/vc_row][vc_row][vc_column][vc_empty_space][elx_heading text_color=&#8221;inherit&#8221;]Questions Fr\u00e9quemment Pos\u00e9es (FAQ) : [\/elx_heading][vc_empty_space][vc_tta_accordion title_tag=&#8221;h3&#8243; section_title_tag=&#8221;h3&#8243; color=&#8221;white&#8221; spacing=&#8221;10&#8243; gap=&#8221;10&#8243; active_section=&#8221;1&#8243;][vc_tta_section title=&#8221;Quels \u00e9quipements sont n\u00e9cessaires pour une blanchisserie ?&#8221; tab_id=&#8221;1745491131874-eaec8cd8-79d2&#8243;][vc_column_text]L\u2019\u00e9quipement d\u00e9pend de l\u2019activit\u00e9 (pressing, laverie libre-service, blanchisserie industrielle). Les \u00e9l\u00e9ments incontournables incluent des lave-linges \u00e0 haut rendement, des s\u00e8che-linges performants, des calandres pour le repassage du linge plat, ainsi que des syst\u00e8mes de dosage automatique pour optimiser la consommation de d\u00e9tergents. Le choix du mat\u00e9riel doit \u00eatre adapt\u00e9 au type d&#8217;activit\u00e9, aux volumes trait\u00e9s et aux exigences de performance \u00e9nerg\u00e9tique.[\/vc_column_text][\/vc_tta_section][vc_tta_section title=&#8221;Comment optimiser la consommation d\u2019eau et d\u2019\u00e9nergie ?&#8221; tab_id=&#8221;1745491131881-40ea2501-4ca9&#8243;][vc_column_text]L\u2019optimisation repose sur le choix de technologies avanc\u00e9es. Nos solutions int\u00e8grent des programmateurs intelligents, un recyclage de l\u2019eau jusqu\u2019\u00e0 98%, et des syst\u00e8mes de chauffage adapt\u00e9s. L\u2019audit initial permet de d\u00e9terminer les meilleurs \u00e9quipements en fonction des besoins et du budget allou\u00e9 au projet.[\/vc_column_text][\/vc_tta_section][vc_tta_section title=&#8221;Comment choisir l\u2019emplacement id\u00e9al pour sa blanchisserie ou son pressing ?&#8221; tab_id=&#8221;1745491174083-1cc57c2d-137e&#8221;][vc_column_text]L\u2019emplacement est strat\u00e9gique : il doit \u00eatre facilement accessible et proche de la client\u00e8le cible (h\u00f4tels, h\u00f4pitaux, particuliers). Une \u00e9tude de march\u00e9 approfondie est essentielle pour \u00e9valuer la demande locale et adapter l\u2019offre de services. Nous analysons avec vous les flux de passage, la concurrence et les besoins sp\u00e9cifiques des clients pour maximiser la rentabilit\u00e9 de votre projet.[\/vc_column_text][\/vc_tta_section][vc_tta_section title=&#8221;Comment garantir la conformit\u00e9 aux normes en vigueur ?&#8221; tab_id=&#8221;1745491196431-5a964217-c2b2&#8243;][vc_column_text]Le respect des normes passe par une s\u00e9lection rigoureuse des \u00e9quipements et une installation adapt\u00e9e aux exigences de s\u00e9curit\u00e9 et d\u2019hygi\u00e8ne. Les normes HQE (Haute Qualit\u00e9 Environnementale) et RABC imposent une gestion rigoureuse des flux de linge, des zones de travail distinctes pour \u00e9viter la contamination crois\u00e9e et une ma\u00eetrise stricte des rejets d\u2019eau. Nos experts vous accompagnent pour garantir une conformit\u00e9 totale.[\/vc_column_text][\/vc_tta_section][vc_tta_section title=&#8221;Quel est le budget moyen pour ouvrir une blanchisserie professionnelle ?&#8221; tab_id=&#8221;1745491215549-59615e2d-3303&#8243;][vc_column_text]Le budget d\u00e9pend de la taille de l\u2019\u00e9tablissement. Pour une petite blanchisserie, l\u2019investissement peut varier entre 50 000 et 150 000 euros, tandis qu\u2019un projet industriel peut n\u00e9cessiter plusieurs centaines de milliers d\u2019euros. Nos \u00e9tudes personnalis\u00e9es permettent d\u2019optimiser chaque poste de d\u00e9pense et de garantir un retour sur investissement rapide.[\/vc_column_text][\/vc_tta_section][\/vc_tta_accordion][\/vc_column][\/vc_row]<\/p>\n","protected":false},"excerpt":{"rendered":"<p>[vc_row][vc_column][elx_heading font_container=&#8221;h1&#8243; text_color=&#8221;inherit&#8221;]Service \u00c9tudes et Projets pour cr\u00e9ation de blanchisserie[\/elx_heading][\/vc_column][\/vc_row][vc_row][vc_column width=&#8221;1\/2&#8243;][vc_empty_space][vc_column_text]Vous \u00eates un professionnel de blanchisserie ou un bureau d\u2019\u00e9tudes, un architecte et devez \u00e9laborer un projet de blanchisserie professionnelle pour l\u2019un de vos clients ? La cr\u00e9ation ou la modernisation de ce type d\u2019activit\u00e9 requiert une planification rigoureuse. Notre service \u00c9tudes et Projets vous [&hellip;]<\/p>\n","protected":false},"author":4,"featured_media":0,"parent":3540,"menu_order":0,"comment_status":"closed","ping_status":"closed","template":"","meta":{"footnotes":""},"class_list":["post-3546","page","type-page","status-publish","hentry"],"acf":[],"yoast_head":"<!-- This site is optimized with the Yoast SEO plugin v23.3 - https:\/\/yoast.com\/wordpress\/plugins\/seo\/ -->\n<title>Bureaux d&#039;Etudes Blanchisserie | Electrolux ProfessionalB<\/title>\n<meta name=\"description\" content=\"Notre service \u00c9tudes et Projets vous accompagne \u00e0 chaque \u00e9tape, en fournissant des conseils personnalis\u00e9s et des solutions adapt\u00e9es \u00e0 vos besoins\" \/>\n<meta name=\"robots\" content=\"index, follow, max-snippet:-1, max-image-preview:large, max-video-preview:-1\" \/>\n<link rel=\"canonical\" href=\"https:\/\/www.electroluxprofessional.com\/fr\/solutions\/bureaux-detudes-architectes\/blanchisserie\/\" \/>\n<meta property=\"og:locale\" content=\"fr_FR\" \/>\n<meta property=\"og:type\" content=\"article\" \/>\n<meta property=\"og:title\" content=\"Bureaux d&#039;Etudes Blanchisserie | Electrolux ProfessionalB\" \/>\n<meta property=\"og:description\" content=\"Notre service \u00c9tudes et Projets vous accompagne \u00e0 chaque \u00e9tape, en fournissant des conseils personnalis\u00e9s et des solutions adapt\u00e9es \u00e0 vos besoins\" \/>\n<meta property=\"og:url\" content=\"https:\/\/www.electroluxprofessional.com\/fr\/solutions\/bureaux-detudes-architectes\/blanchisserie\/\" \/>\n<meta property=\"og:site_name\" content=\"Electrolux Professional France\" \/>\n<meta property=\"article:modified_time\" content=\"2026-04-09T12:30:22+00:00\" \/>\n<meta name=\"twitter:card\" content=\"summary_large_image\" \/>\n<meta name=\"twitter:label1\" content=\"Dur\u00e9e de lecture estim\u00e9e\" \/>\n\t<meta name=\"twitter:data1\" content=\"5 minutes\" \/>\n<script type=\"application\/ld+json\" class=\"yoast-schema-graph\">{\"@context\":\"https:\/\/schema.org\",\"@graph\":[{\"@type\":\"WebPage\",\"@id\":\"https:\/\/www.electroluxprofessional.com\/fr\/solutions\/bureaux-detudes-architectes\/blanchisserie\/\",\"url\":\"https:\/\/www.electroluxprofessional.com\/fr\/solutions\/bureaux-detudes-architectes\/blanchisserie\/\",\"name\":\"Bureaux d'Etudes Blanchisserie | Electrolux ProfessionalB\",\"isPartOf\":{\"@id\":\"https:\/\/www.electroluxprofessional.com\/fr\/#website\"},\"datePublished\":\"2017-03-16T13:49:07+00:00\",\"dateModified\":\"2026-04-09T12:30:22+00:00\",\"description\":\"Notre service \u00c9tudes et Projets vous accompagne \u00e0 chaque \u00e9tape, en fournissant des conseils personnalis\u00e9s et des solutions adapt\u00e9es \u00e0 vos besoins\",\"breadcrumb\":{\"@id\":\"https:\/\/www.electroluxprofessional.com\/fr\/solutions\/bureaux-detudes-architectes\/blanchisserie\/#breadcrumb\"},\"inLanguage\":\"fr-FR\",\"potentialAction\":[{\"@type\":\"ReadAction\",\"target\":[\"https:\/\/www.electroluxprofessional.com\/fr\/solutions\/bureaux-detudes-architectes\/blanchisserie\/\"]}]},{\"@type\":\"BreadcrumbList\",\"@id\":\"https:\/\/www.electroluxprofessional.com\/fr\/solutions\/bureaux-detudes-architectes\/blanchisserie\/#breadcrumb\",\"itemListElement\":[{\"@type\":\"ListItem\",\"position\":1,\"name\":\"Home\",\"item\":\"https:\/\/www.electroluxprofessional.com\/fr\/\"},{\"@type\":\"ListItem\",\"position\":2,\"name\":\"Solutions\",\"item\":\"https:\/\/www.electroluxprofessional.com\/fr\/solutions\/\"},{\"@type\":\"ListItem\",\"position\":3,\"name\":\"Bureaux d&#8217;\u00e9tudes &#8211; architectes\",\"item\":\"https:\/\/www.electroluxprofessional.com\/fr\/solutions\/bureaux-detudes-architectes\/\"},{\"@type\":\"ListItem\",\"position\":4,\"name\":\"Bureaux d&#8217;\u00e9tudes &#8211; Architectes &#8211; Blanchisserie\"}]},{\"@type\":\"WebSite\",\"@id\":\"https:\/\/www.electroluxprofessional.com\/fr\/#website\",\"url\":\"https:\/\/www.electroluxprofessional.com\/fr\/\",\"name\":\"Electrolux Professional France\",\"description\":\"\",\"potentialAction\":[{\"@type\":\"SearchAction\",\"target\":{\"@type\":\"EntryPoint\",\"urlTemplate\":\"https:\/\/www.electroluxprofessional.com\/fr\/?src={search_term_string}\"},\"query-input\":\"required name=search_term_string\"}],\"inLanguage\":\"fr-FR\"}]}<\/script>\n<!-- \/ Yoast SEO plugin. -->","yoast_head_json":{"title":"Bureaux d'Etudes Blanchisserie | Electrolux ProfessionalB","description":"Notre service \u00c9tudes et Projets vous accompagne \u00e0 chaque \u00e9tape, en fournissant des conseils personnalis\u00e9s et des solutions adapt\u00e9es \u00e0 vos besoins","robots":{"index":"index","follow":"follow","max-snippet":"max-snippet:-1","max-image-preview":"max-image-preview:large","max-video-preview":"max-video-preview:-1"},"canonical":"https:\/\/www.electroluxprofessional.com\/fr\/solutions\/bureaux-detudes-architectes\/blanchisserie\/","og_locale":"fr_FR","og_type":"article","og_title":"Bureaux d'Etudes Blanchisserie | Electrolux ProfessionalB","og_description":"Notre service \u00c9tudes et Projets vous accompagne \u00e0 chaque \u00e9tape, en fournissant des conseils personnalis\u00e9s et des solutions adapt\u00e9es \u00e0 vos besoins","og_url":"https:\/\/www.electroluxprofessional.com\/fr\/solutions\/bureaux-detudes-architectes\/blanchisserie\/","og_site_name":"Electrolux Professional France","article_modified_time":"2026-04-09T12:30:22+00:00","twitter_card":"summary_large_image","twitter_misc":{"Dur\u00e9e de lecture estim\u00e9e":"5 minutes"},"schema":{"@context":"https:\/\/schema.org","@graph":[{"@type":"WebPage","@id":"https:\/\/www.electroluxprofessional.com\/fr\/solutions\/bureaux-detudes-architectes\/blanchisserie\/","url":"https:\/\/www.electroluxprofessional.com\/fr\/solutions\/bureaux-detudes-architectes\/blanchisserie\/","name":"Bureaux d'Etudes Blanchisserie | Electrolux ProfessionalB","isPartOf":{"@id":"https:\/\/www.electroluxprofessional.com\/fr\/#website"},"datePublished":"2017-03-16T13:49:07+00:00","dateModified":"2026-04-09T12:30:22+00:00","description":"Notre service \u00c9tudes et Projets vous accompagne \u00e0 chaque \u00e9tape, en fournissant des conseils personnalis\u00e9s et des solutions adapt\u00e9es \u00e0 vos besoins","breadcrumb":{"@id":"https:\/\/www.electroluxprofessional.com\/fr\/solutions\/bureaux-detudes-architectes\/blanchisserie\/#breadcrumb"},"inLanguage":"fr-FR","potentialAction":[{"@type":"ReadAction","target":["https:\/\/www.electroluxprofessional.com\/fr\/solutions\/bureaux-detudes-architectes\/blanchisserie\/"]}]},{"@type":"BreadcrumbList","@id":"https:\/\/www.electroluxprofessional.com\/fr\/solutions\/bureaux-detudes-architectes\/blanchisserie\/#breadcrumb","itemListElement":[{"@type":"ListItem","position":1,"name":"Home","item":"https:\/\/www.electroluxprofessional.com\/fr\/"},{"@type":"ListItem","position":2,"name":"Solutions","item":"https:\/\/www.electroluxprofessional.com\/fr\/solutions\/"},{"@type":"ListItem","position":3,"name":"Bureaux d&#8217;\u00e9tudes &#8211; architectes","item":"https:\/\/www.electroluxprofessional.com\/fr\/solutions\/bureaux-detudes-architectes\/"},{"@type":"ListItem","position":4,"name":"Bureaux d&#8217;\u00e9tudes &#8211; Architectes &#8211; Blanchisserie"}]},{"@type":"WebSite","@id":"https:\/\/www.electroluxprofessional.com\/fr\/#website","url":"https:\/\/www.electroluxprofessional.com\/fr\/","name":"Electrolux Professional France","description":"","potentialAction":[{"@type":"SearchAction","target":{"@type":"EntryPoint","urlTemplate":"https:\/\/www.electroluxprofessional.com\/fr\/?src={search_term_string}"},"query-input":"required name=search_term_string"}],"inLanguage":"fr-FR"}]}},"_links":{"self":[{"href":"https:\/\/www.electroluxprofessional.com\/fr\/wp-json\/wp\/v2\/pages\/3546"}],"collection":[{"href":"https:\/\/www.electroluxprofessional.com\/fr\/wp-json\/wp\/v2\/pages"}],"about":[{"href":"https:\/\/www.electroluxprofessional.com\/fr\/wp-json\/wp\/v2\/types\/page"}],"author":[{"embeddable":true,"href":"https:\/\/www.electroluxprofessional.com\/fr\/wp-json\/wp\/v2\/users\/4"}],"replies":[{"embeddable":true,"href":"https:\/\/www.electroluxprofessional.com\/fr\/wp-json\/wp\/v2\/comments?post=3546"}],"version-history":[{"count":32,"href":"https:\/\/www.electroluxprofessional.com\/fr\/wp-json\/wp\/v2\/pages\/3546\/revisions"}],"predecessor-version":[{"id":31800,"href":"https:\/\/www.electroluxprofessional.com\/fr\/wp-json\/wp\/v2\/pages\/3546\/revisions\/31800"}],"up":[{"embeddable":true,"href":"https:\/\/www.electroluxprofessional.com\/fr\/wp-json\/wp\/v2\/pages\/3540"}],"wp:attachment":[{"href":"https:\/\/www.electroluxprofessional.com\/fr\/wp-json\/wp\/v2\/media?parent=3546"}],"curies":[{"name":"wp","href":"https:\/\/api.w.org\/{rel}","templated":true}]}}