{"id":3543,"date":"2017-03-16T13:43:13","date_gmt":"2017-03-16T13:43:13","guid":{"rendered":"https:\/\/www.electroluxprofessional.com\/fr\/?page_id=3543"},"modified":"2026-03-07T08:26:40","modified_gmt":"2026-03-07T08:26:40","slug":"cuisine","status":"publish","type":"page","link":"https:\/\/www.electroluxprofessional.com\/fr\/solutions\/bureaux-detudes-architectes\/cuisine\/","title":{"rendered":"Cuisine"},"content":{"rendered":"<p>[vc_row full_width=&#8221;electroluxpro-container-no-padding&#8221; equal_height=&#8221;yes&#8221; css=&#8221;.vc_custom_1489058058169{background-color: #f8f6f9 !important;}&#8221;][vc_column width=&#8221;1\/2&#8243;][elx_simple_block background_color=&#8221;inherit&#8221;][elx_heading font_container=&#8221;h1&#8243; font_size=&#8221;h2&#8243; text_color=&#8221;inherit&#8221;]<strong>La r\u00e9ponse parfaite<\/strong><br \/>\n[\/elx_heading][vc_column_text css_animation=&#8221;right-to-left&#8221;]Electrolux Professional est aujourd&#8217;hui le seul fabricant de mat\u00e9riel de cuisine professionnelle \u00e0 pouvoir proposer un concept total. La conception et l&#8217;am\u00e9lioration des produits int\u00e8grent une vision globale de l&#8217;environnement de travail.<\/p>\n<p>Toutes nos usines sont certifi\u00e9es ISO 14001. Les \u00e9quipements Electrolux Professional sont con\u00e7us pour r\u00e9duire les consommations d&#8217;eau, d&#8217;\u00e9nergie et de d\u00e9tergent, ainsi que les \u00e9missions polluantes pour l&#8217;environnement.<\/p>\n<p>Nous soutenons un programme d&#8217;\u00e9conomies d&#8217;\u00e9nergie pour r\u00e9duire la consommation \u00e9nerg\u00e9tique des usines et les \u00e9quipements sont recyclables \u00e0 + de 95%.<\/p>\n<p>Gr\u00e2ce \u00e0 des outils sp\u00e9cifiques, Electrolux Professional apporte son support aux consultants, bureaux d&#8217;\u00e9tudes, et architectes dans tous leurs projets.<\/p>\n<p>D\u00e9marquez vous en\u00a0proposant la rentabilit\u00e9 \u00e0 long terme,\u00a0incluant la protection de l&#8217;environnement.[\/vc_column_text][\/elx_simple_block][vc_empty_space][elx_button button_text=&#8221;D\u00e9couvrir nos \u00e9quipements cuisine&#8221; button_link=&#8221;url:https%3A%2F%2Fwww.electroluxprofessional.com%2Ffr%2Fequipement-cuisine%2F&#8221;][\/vc_column][vc_column width=&#8221;1\/2&#8243;][elx_image_block background_image=&#8221;1178&#8243; minimum_height=&#8221;660px&#8221;][\/vc_column][\/vc_row][vc_row css=&#8221;.vc_custom_1491826432566{background-color: #f8f6f9 !important;}&#8221;][vc_column][vc_empty_space height=&#8221;20px&#8221;][elx_heading text_color=&#8221;inherit&#8221;]Un projet en t\u00eate ? Contactez nos experts ![\/elx_heading][vc_empty_space height=&#8221;15px&#8221;][elx_o2000_contact_us s=&#8221;Demande de renseignements : projet de cuisine | Bureaux d&#8217;\u00e9tudes &#8211; architectes&#8221; country=&#8221;France&#8221; container=&#8221;elxcontactus1491826517&#8243; r=&#8221;Je souhaite \u00eatre recontact\u00e9(e) par les experts Electrolux Professional pour parler de mon projet de cuisine professionnelle.&#8221; e=&#8221;professionnel@electrolux.com&#8221; l=&#8221;fr&#8221;][vc_empty_space height=&#8221;15px&#8221;][\/vc_column][\/vc_row]<\/p>\n","protected":false},"excerpt":{"rendered":"<p>[vc_row full_width=&#8221;electroluxpro-container-no-padding&#8221; equal_height=&#8221;yes&#8221; css=&#8221;.vc_custom_1489058058169{background-color: #f8f6f9 !important;}&#8221;][vc_column width=&#8221;1\/2&#8243;][elx_simple_block background_color=&#8221;inherit&#8221;][elx_heading font_container=&#8221;h1&#8243; font_size=&#8221;h2&#8243; text_color=&#8221;inherit&#8221;]La r\u00e9ponse parfaite [\/elx_heading][vc_column_text css_animation=&#8221;right-to-left&#8221;]Electrolux Professional est aujourd&#8217;hui le seul fabricant de mat\u00e9riel de cuisine professionnelle \u00e0 pouvoir proposer un concept total. La conception et l&#8217;am\u00e9lioration des produits int\u00e8grent une vision globale de l&#8217;environnement de travail. Toutes nos usines sont certifi\u00e9es ISO 14001. Les \u00e9quipements [&hellip;]<\/p>\n","protected":false},"author":4,"featured_media":0,"parent":3540,"menu_order":0,"comment_status":"closed","ping_status":"closed","template":"","meta":{"footnotes":""},"class_list":["post-3543","page","type-page","status-publish","hentry"],"acf":[],"yoast_head":"<!-- This site is optimized with the Yoast SEO plugin v23.3 - https:\/\/yoast.com\/wordpress\/plugins\/seo\/ -->\n<title>Solutions Cuisine Professionnelle | Electrolux Professional<\/title>\n<meta name=\"description\" content=\"D\u00e9couvrez nos solutions de cuisine professionnelle pour bureaux d&#039;\u00e9tudes et architectes. \u00c9quipements ergonomiques et performants adapt\u00e9s \u00e0 vos besoins.\" \/>\n<meta name=\"robots\" content=\"index, follow, max-snippet:-1, max-image-preview:large, max-video-preview:-1\" \/>\n<link rel=\"canonical\" href=\"https:\/\/www.electroluxprofessional.com\/fr\/solutions\/bureaux-detudes-architectes\/cuisine\/\" \/>\n<meta property=\"og:locale\" content=\"fr_FR\" \/>\n<meta property=\"og:type\" content=\"article\" \/>\n<meta property=\"og:title\" content=\"Solutions Cuisine Professionnelle | Electrolux Professional\" \/>\n<meta property=\"og:description\" content=\"D\u00e9couvrez nos solutions de cuisine professionnelle pour bureaux d&#039;\u00e9tudes et architectes. \u00c9quipements ergonomiques et performants adapt\u00e9s \u00e0 vos besoins.\" \/>\n<meta property=\"og:url\" content=\"https:\/\/www.electroluxprofessional.com\/fr\/solutions\/bureaux-detudes-architectes\/cuisine\/\" \/>\n<meta property=\"og:site_name\" content=\"Electrolux Professional France\" \/>\n<meta property=\"article:modified_time\" content=\"2026-03-07T08:26:40+00:00\" \/>\n<meta name=\"twitter:card\" content=\"summary_large_image\" \/>\n<meta name=\"twitter:label1\" content=\"Dur\u00e9e de lecture estim\u00e9e\" \/>\n\t<meta name=\"twitter:data1\" content=\"2 minutes\" \/>\n<script type=\"application\/ld+json\" class=\"yoast-schema-graph\">{\"@context\":\"https:\/\/schema.org\",\"@graph\":[{\"@type\":\"WebPage\",\"@id\":\"https:\/\/www.electroluxprofessional.com\/fr\/solutions\/bureaux-detudes-architectes\/cuisine\/\",\"url\":\"https:\/\/www.electroluxprofessional.com\/fr\/solutions\/bureaux-detudes-architectes\/cuisine\/\",\"name\":\"Solutions Cuisine Professionnelle | Electrolux Professional\",\"isPartOf\":{\"@id\":\"https:\/\/www.electroluxprofessional.com\/fr\/#website\"},\"datePublished\":\"2017-03-16T13:43:13+00:00\",\"dateModified\":\"2026-03-07T08:26:40+00:00\",\"description\":\"D\u00e9couvrez nos solutions de cuisine professionnelle pour bureaux d'\u00e9tudes et architectes. \u00c9quipements ergonomiques et performants adapt\u00e9s \u00e0 vos besoins.\",\"breadcrumb\":{\"@id\":\"https:\/\/www.electroluxprofessional.com\/fr\/solutions\/bureaux-detudes-architectes\/cuisine\/#breadcrumb\"},\"inLanguage\":\"fr-FR\",\"potentialAction\":[{\"@type\":\"ReadAction\",\"target\":[\"https:\/\/www.electroluxprofessional.com\/fr\/solutions\/bureaux-detudes-architectes\/cuisine\/\"]}]},{\"@type\":\"BreadcrumbList\",\"@id\":\"https:\/\/www.electroluxprofessional.com\/fr\/solutions\/bureaux-detudes-architectes\/cuisine\/#breadcrumb\",\"itemListElement\":[{\"@type\":\"ListItem\",\"position\":1,\"name\":\"Home\",\"item\":\"https:\/\/www.electroluxprofessional.com\/fr\/\"},{\"@type\":\"ListItem\",\"position\":2,\"name\":\"Solutions\",\"item\":\"https:\/\/www.electroluxprofessional.com\/fr\/solutions\/\"},{\"@type\":\"ListItem\",\"position\":3,\"name\":\"Bureaux d&#8217;\u00e9tudes &#8211; architectes\",\"item\":\"https:\/\/www.electroluxprofessional.com\/fr\/solutions\/bureaux-detudes-architectes\/\"},{\"@type\":\"ListItem\",\"position\":4,\"name\":\"Cuisine\"}]},{\"@type\":\"WebSite\",\"@id\":\"https:\/\/www.electroluxprofessional.com\/fr\/#website\",\"url\":\"https:\/\/www.electroluxprofessional.com\/fr\/\",\"name\":\"Electrolux Professional France\",\"description\":\"\",\"potentialAction\":[{\"@type\":\"SearchAction\",\"target\":{\"@type\":\"EntryPoint\",\"urlTemplate\":\"https:\/\/www.electroluxprofessional.com\/fr\/?src={search_term_string}\"},\"query-input\":\"required name=search_term_string\"}],\"inLanguage\":\"fr-FR\"}]}<\/script>\n<!-- \/ Yoast SEO plugin. -->","yoast_head_json":{"title":"Solutions Cuisine Professionnelle | Electrolux Professional","description":"D\u00e9couvrez nos solutions de cuisine professionnelle pour bureaux d'\u00e9tudes et architectes. \u00c9quipements ergonomiques et performants adapt\u00e9s \u00e0 vos besoins.","robots":{"index":"index","follow":"follow","max-snippet":"max-snippet:-1","max-image-preview":"max-image-preview:large","max-video-preview":"max-video-preview:-1"},"canonical":"https:\/\/www.electroluxprofessional.com\/fr\/solutions\/bureaux-detudes-architectes\/cuisine\/","og_locale":"fr_FR","og_type":"article","og_title":"Solutions Cuisine Professionnelle | Electrolux Professional","og_description":"D\u00e9couvrez nos solutions de cuisine professionnelle pour bureaux d'\u00e9tudes et architectes. \u00c9quipements ergonomiques et performants adapt\u00e9s \u00e0 vos besoins.","og_url":"https:\/\/www.electroluxprofessional.com\/fr\/solutions\/bureaux-detudes-architectes\/cuisine\/","og_site_name":"Electrolux Professional France","article_modified_time":"2026-03-07T08:26:40+00:00","twitter_card":"summary_large_image","twitter_misc":{"Dur\u00e9e de lecture estim\u00e9e":"2 minutes"},"schema":{"@context":"https:\/\/schema.org","@graph":[{"@type":"WebPage","@id":"https:\/\/www.electroluxprofessional.com\/fr\/solutions\/bureaux-detudes-architectes\/cuisine\/","url":"https:\/\/www.electroluxprofessional.com\/fr\/solutions\/bureaux-detudes-architectes\/cuisine\/","name":"Solutions Cuisine Professionnelle | Electrolux Professional","isPartOf":{"@id":"https:\/\/www.electroluxprofessional.com\/fr\/#website"},"datePublished":"2017-03-16T13:43:13+00:00","dateModified":"2026-03-07T08:26:40+00:00","description":"D\u00e9couvrez nos solutions de cuisine professionnelle pour bureaux d'\u00e9tudes et architectes. \u00c9quipements ergonomiques et performants adapt\u00e9s \u00e0 vos besoins.","breadcrumb":{"@id":"https:\/\/www.electroluxprofessional.com\/fr\/solutions\/bureaux-detudes-architectes\/cuisine\/#breadcrumb"},"inLanguage":"fr-FR","potentialAction":[{"@type":"ReadAction","target":["https:\/\/www.electroluxprofessional.com\/fr\/solutions\/bureaux-detudes-architectes\/cuisine\/"]}]},{"@type":"BreadcrumbList","@id":"https:\/\/www.electroluxprofessional.com\/fr\/solutions\/bureaux-detudes-architectes\/cuisine\/#breadcrumb","itemListElement":[{"@type":"ListItem","position":1,"name":"Home","item":"https:\/\/www.electroluxprofessional.com\/fr\/"},{"@type":"ListItem","position":2,"name":"Solutions","item":"https:\/\/www.electroluxprofessional.com\/fr\/solutions\/"},{"@type":"ListItem","position":3,"name":"Bureaux d&#8217;\u00e9tudes &#8211; architectes","item":"https:\/\/www.electroluxprofessional.com\/fr\/solutions\/bureaux-detudes-architectes\/"},{"@type":"ListItem","position":4,"name":"Cuisine"}]},{"@type":"WebSite","@id":"https:\/\/www.electroluxprofessional.com\/fr\/#website","url":"https:\/\/www.electroluxprofessional.com\/fr\/","name":"Electrolux Professional France","description":"","potentialAction":[{"@type":"SearchAction","target":{"@type":"EntryPoint","urlTemplate":"https:\/\/www.electroluxprofessional.com\/fr\/?src={search_term_string}"},"query-input":"required name=search_term_string"}],"inLanguage":"fr-FR"}]}},"_links":{"self":[{"href":"https:\/\/www.electroluxprofessional.com\/fr\/wp-json\/wp\/v2\/pages\/3543"}],"collection":[{"href":"https:\/\/www.electroluxprofessional.com\/fr\/wp-json\/wp\/v2\/pages"}],"about":[{"href":"https:\/\/www.electroluxprofessional.com\/fr\/wp-json\/wp\/v2\/types\/page"}],"author":[{"embeddable":true,"href":"https:\/\/www.electroluxprofessional.com\/fr\/wp-json\/wp\/v2\/users\/4"}],"replies":[{"embeddable":true,"href":"https:\/\/www.electroluxprofessional.com\/fr\/wp-json\/wp\/v2\/comments?post=3543"}],"version-history":[{"count":16,"href":"https:\/\/www.electroluxprofessional.com\/fr\/wp-json\/wp\/v2\/pages\/3543\/revisions"}],"predecessor-version":[{"id":30795,"href":"https:\/\/www.electroluxprofessional.com\/fr\/wp-json\/wp\/v2\/pages\/3543\/revisions\/30795"}],"up":[{"embeddable":true,"href":"https:\/\/www.electroluxprofessional.com\/fr\/wp-json\/wp\/v2\/pages\/3540"}],"wp:attachment":[{"href":"https:\/\/www.electroluxprofessional.com\/fr\/wp-json\/wp\/v2\/media?parent=3543"}],"curies":[{"name":"wp","href":"https:\/\/api.w.org\/{rel}","templated":true}]}}