{"id":3540,"date":"2017-03-16T13:29:30","date_gmt":"2017-03-16T13:29:30","guid":{"rendered":"https:\/\/www.electroluxprofessional.com\/fr\/?page_id=3540"},"modified":"2026-03-17T15:30:10","modified_gmt":"2026-03-17T15:30:10","slug":"bureaux-detudes-architectes","status":"publish","type":"page","link":"https:\/\/www.electroluxprofessional.com\/fr\/solutions\/bureaux-detudes-architectes\/","title":{"rendered":"Bureaux d&#8217;\u00e9tudes &#8211; architectes"},"content":{"rendered":"<p>[vc_row full_width=&#8221;electroluxpro-full-width-no-padding&#8221; css=&#8221;.vc_custom_1486387648926{padding-bottom: 20px !important;}&#8221;][vc_column][elx_hero_title label=&#8221;&#8221; label_background_color=&#8221;inherit&#8221; background_image=&#8221;2614&#8243;][elx_heading font_container=&#8221;h1&#8243; text_color=&#8221;white&#8221; text_align=&#8221;text-center&#8221;]Bureaux d&#8217;\u00e9tudes &#8211; architectes<br \/>\n[\/elx_heading][\/elx_hero_title][vc_empty_space height=&#8221;20&#8243;][\/vc_column][\/vc_row][vc_row][vc_column][vc_empty_space][vc_column_text css=&#8221;.vc_custom_1690214088946{padding-right: 100px !important;padding-left: 100px !important;}&#8221;]<\/p>\n<h3 style=\"text-align: center;\"><strong>D\u00e9couvrez nos solutions pour bureaux d&#8217;\u00e9tudes et architectes<\/strong><\/h3>\n<p style=\"text-align: center;\">En tant que concepteurs, architectes ou bureaux d\u2019\u00e9tudes, vous souhaitez pouvoir compter sur un partenaire professionnel pour vous accompagner dans votre projet. Que votre projet soit une conception ou une r\u00e9novation, nous mettons \u00e0 votre disposition notre expertise professionnelle. Nous vous apportons nos connaissances en termes de normalisation, de contraintes techniques, de dimensionnement, de savoir faire organisationnel, de respect de l\u2019environnement, de conformit\u00e9 HQE, \u2026 pour faire de votre projet un r\u00e9sultat conforme, durable et innovant.<\/p>\n<p style=\"text-align: center;\"><span style=\"color: #808080; font-family: Arial; font-size: small;\">\u00a0<\/span><\/p>\n<p>[\/vc_column_text][\/vc_column][\/vc_row][vc_row][vc_column][vc_empty_space][\/vc_column][\/vc_row][vc_row full_width=&#8221;electroluxpro-container-no-padding&#8221; equal_height=&#8221;yes&#8221; css=&#8221;.vc_custom_1690214194249{background-color: #f8f6f9 !important;}&#8221;][vc_column width=&#8221;1\/2&#8243;][vc_single_image image=&#8221;596&#8243; img_size=&#8221;700*400&#8243; alignment=&#8221;center&#8221;][\/vc_column][vc_column width=&#8221;1\/2&#8243; css=&#8221;.vc_custom_1690214460777{margin-left: 40px !important;padding-top: 30px !important;}&#8221;][elx_heading text_color=&#8221;inherit&#8221;]<strong>Nos solutions cuisine<\/strong><br \/>\n[\/elx_heading][vc_column_text css_animation=&#8221;right-to-left&#8221;]Les solutions professionnelles Electrolux correspondent aux besoins de vos clients. Les produits sont les meilleurs en terme de qualit\u00e9 &#8211; durabilit\u00e9, avec faible co\u00fbt de conditionnement. Certaines installations fonctionnent plus de 40 ans ![\/vc_column_text][vc_empty_space][elx_button button_text=&#8221;D\u00e9couvrir nos solutions cuisine&#8221; button_style=&#8221;default&#8221; button_display_block=&#8221;display_block_on&#8221; button_alignment=&#8221;align_center&#8221; button_link=&#8221;url:https%3A%2F%2Fwww.electroluxprofessional.com%2Ffr%2Fsolutions%2Fbureaux-detudes-architectes%2Fcuisine%2F&#8221;][vc_empty_space][\/vc_column][\/vc_row][vc_row css=&#8221;.vc_custom_1690214336623{background-color: #f8f6f9 !important;}&#8221;][vc_column][vc_empty_space][\/vc_column][\/vc_row][vc_row full_width=&#8221;electroluxpro-container-no-padding&#8221; equal_height=&#8221;yes&#8221; css=&#8221;.vc_custom_1690214441072{background-color: #f8f6f9 !important;}&#8221;][vc_column width=&#8221;1\/2&#8243; css=&#8221;.vc_custom_1464680696345{padding-top: 30px !important;}&#8221;][vc_single_image image=&#8221;20129&#8243; img_size=&#8221;700*400&#8243; alignment=&#8221;center&#8221;][\/vc_column][vc_column width=&#8221;1\/2&#8243; css=&#8221;.vc_custom_1690214467301{margin-left: 40px !important;}&#8221;][elx_heading text_color=&#8221;inherit&#8221;]<strong>Nos solutions blanchisserie<\/strong><br \/>\n[\/elx_heading][vc_column_text css_animation=&#8221;right-to-left&#8221;]<\/p>\n<p class=\" inherit inherit inherit\">Que votre projet soit une construction ou une r\u00e9novation, l\u2019ing\u00e9nieur et les projeteurs du Service \u00ab\u00a0Etudes et Projets France \u00bb Electrolux\u00a0Professional &#8211; Laudry sont vos alli\u00e9s pour partager connaissances et expertise professionnelles en blanchisserie.<\/p>\n<p>[\/vc_column_text][vc_empty_space][elx_button button_text=&#8221;D\u00e9couvrir nos solutions blanchisserie&#8221; button_style=&#8221;default&#8221; button_display_block=&#8221;display_block_on&#8221; button_alignment=&#8221;align_center&#8221; button_link=&#8221;url:https%3A%2F%2Fwww.electroluxprofessional.com%2Ffr%2Fsolutions%2Fbureaux-detudes-architectes%2Fblanchisserie%2F&#8221;][vc_empty_space][\/vc_column][\/vc_row][vc_row][vc_column][vc_empty_space][elx_heading text_color=&#8221;inherit&#8221; text_align=&#8221;text-center&#8221;]Vous avez un projet ou vous souhaitez plus d&#8217;informations ?<br \/>\nContactez-nous via notre formulaire :[\/elx_heading][vc_empty_space][elx_o2000_contact_us s=&#8221;Demande d&#8217;informations solutions bureaux \u00e9tudes et architectes&#8221; country=&#8221;France&#8221; thanks=&#8221;Merci pour votre demande, un expert vous contactera sous peu.&#8221;][vc_empty_space][\/vc_column][\/vc_row]<\/p>\n","protected":false},"excerpt":{"rendered":"<p>[vc_row full_width=&#8221;electroluxpro-full-width-no-padding&#8221; css=&#8221;.vc_custom_1486387648926{padding-bottom: 20px !important;}&#8221;][vc_column][elx_hero_title label=&#8221;&#8221; label_background_color=&#8221;inherit&#8221; background_image=&#8221;2614&#8243;][elx_heading font_container=&#8221;h1&#8243; text_color=&#8221;white&#8221; text_align=&#8221;text-center&#8221;]Bureaux d&#8217;\u00e9tudes &#8211; architectes [\/elx_heading][\/elx_hero_title][vc_empty_space height=&#8221;20&#8243;][\/vc_column][\/vc_row][vc_row][vc_column][vc_empty_space][vc_column_text css=&#8221;.vc_custom_1690214088946{padding-right: 100px !important;padding-left: 100px !important;}&#8221;] D\u00e9couvrez nos solutions pour bureaux d&#8217;\u00e9tudes et architectes En tant que concepteurs, architectes ou bureaux d\u2019\u00e9tudes, vous souhaitez pouvoir compter sur un partenaire professionnel pour vous accompagner dans votre projet. Que votre projet soit [&hellip;]<\/p>\n","protected":false},"author":4,"featured_media":0,"parent":2593,"menu_order":0,"comment_status":"closed","ping_status":"closed","template":"","meta":{"footnotes":""},"class_list":["post-3540","page","type-page","status-publish","hentry"],"acf":[],"yoast_head":"<!-- This site is optimized with the Yoast SEO plugin v23.3 - https:\/\/yoast.com\/wordpress\/plugins\/seo\/ -->\n<title>Solutions Cuisine et Blanchisserie Bureaux d&#039;\u00e9tudes | Electrolux Professional<\/title>\n<meta name=\"description\" content=\"D\u00e9couvrez nos solutions professionnelles pour bureaux d&#039;\u00e9tudes et architectes. \u00c9quipements ergonomiques et innovants pour cuisines et blanchisseries.\" \/>\n<meta name=\"robots\" content=\"index, follow, max-snippet:-1, max-image-preview:large, max-video-preview:-1\" \/>\n<link rel=\"canonical\" href=\"https:\/\/www.electroluxprofessional.com\/fr\/solutions\/bureaux-detudes-architectes\/\" \/>\n<meta property=\"og:locale\" content=\"fr_FR\" \/>\n<meta property=\"og:type\" content=\"article\" \/>\n<meta property=\"og:title\" content=\"Solutions Cuisine et Blanchisserie Bureaux d&#039;\u00e9tudes | Electrolux Professional\" \/>\n<meta property=\"og:description\" content=\"D\u00e9couvrez nos solutions professionnelles pour bureaux d&#039;\u00e9tudes et architectes. \u00c9quipements ergonomiques et innovants pour cuisines et blanchisseries.\" \/>\n<meta property=\"og:url\" content=\"https:\/\/www.electroluxprofessional.com\/fr\/solutions\/bureaux-detudes-architectes\/\" \/>\n<meta property=\"og:site_name\" content=\"Electrolux Professional France\" \/>\n<meta property=\"article:modified_time\" content=\"2026-03-17T15:30:10+00:00\" \/>\n<meta name=\"twitter:card\" content=\"summary_large_image\" \/>\n<meta name=\"twitter:label1\" content=\"Dur\u00e9e de lecture estim\u00e9e\" \/>\n\t<meta name=\"twitter:data1\" content=\"2 minutes\" \/>\n<script type=\"application\/ld+json\" class=\"yoast-schema-graph\">{\"@context\":\"https:\/\/schema.org\",\"@graph\":[{\"@type\":\"WebPage\",\"@id\":\"https:\/\/www.electroluxprofessional.com\/fr\/solutions\/bureaux-detudes-architectes\/\",\"url\":\"https:\/\/www.electroluxprofessional.com\/fr\/solutions\/bureaux-detudes-architectes\/\",\"name\":\"Solutions Cuisine et Blanchisserie Bureaux d'\u00e9tudes | Electrolux Professional\",\"isPartOf\":{\"@id\":\"https:\/\/www.electroluxprofessional.com\/fr\/#website\"},\"datePublished\":\"2017-03-16T13:29:30+00:00\",\"dateModified\":\"2026-03-17T15:30:10+00:00\",\"description\":\"D\u00e9couvrez nos solutions professionnelles pour bureaux d'\u00e9tudes et architectes. \u00c9quipements ergonomiques et innovants pour cuisines et blanchisseries.\",\"breadcrumb\":{\"@id\":\"https:\/\/www.electroluxprofessional.com\/fr\/solutions\/bureaux-detudes-architectes\/#breadcrumb\"},\"inLanguage\":\"fr-FR\",\"potentialAction\":[{\"@type\":\"ReadAction\",\"target\":[\"https:\/\/www.electroluxprofessional.com\/fr\/solutions\/bureaux-detudes-architectes\/\"]}]},{\"@type\":\"BreadcrumbList\",\"@id\":\"https:\/\/www.electroluxprofessional.com\/fr\/solutions\/bureaux-detudes-architectes\/#breadcrumb\",\"itemListElement\":[{\"@type\":\"ListItem\",\"position\":1,\"name\":\"Home\",\"item\":\"https:\/\/www.electroluxprofessional.com\/fr\/\"},{\"@type\":\"ListItem\",\"position\":2,\"name\":\"Solutions\",\"item\":\"https:\/\/www.electroluxprofessional.com\/fr\/solutions\/\"},{\"@type\":\"ListItem\",\"position\":3,\"name\":\"Bureaux d&#8217;\u00e9tudes &#8211; architectes\"}]},{\"@type\":\"WebSite\",\"@id\":\"https:\/\/www.electroluxprofessional.com\/fr\/#website\",\"url\":\"https:\/\/www.electroluxprofessional.com\/fr\/\",\"name\":\"Electrolux Professional France\",\"description\":\"\",\"potentialAction\":[{\"@type\":\"SearchAction\",\"target\":{\"@type\":\"EntryPoint\",\"urlTemplate\":\"https:\/\/www.electroluxprofessional.com\/fr\/?src={search_term_string}\"},\"query-input\":\"required name=search_term_string\"}],\"inLanguage\":\"fr-FR\"}]}<\/script>\n<!-- \/ Yoast SEO plugin. -->","yoast_head_json":{"title":"Solutions Cuisine et Blanchisserie Bureaux d'\u00e9tudes | Electrolux Professional","description":"D\u00e9couvrez nos solutions professionnelles pour bureaux d'\u00e9tudes et architectes. \u00c9quipements ergonomiques et innovants pour cuisines et blanchisseries.","robots":{"index":"index","follow":"follow","max-snippet":"max-snippet:-1","max-image-preview":"max-image-preview:large","max-video-preview":"max-video-preview:-1"},"canonical":"https:\/\/www.electroluxprofessional.com\/fr\/solutions\/bureaux-detudes-architectes\/","og_locale":"fr_FR","og_type":"article","og_title":"Solutions Cuisine et Blanchisserie Bureaux d'\u00e9tudes | Electrolux Professional","og_description":"D\u00e9couvrez nos solutions professionnelles pour bureaux d'\u00e9tudes et architectes. \u00c9quipements ergonomiques et innovants pour cuisines et blanchisseries.","og_url":"https:\/\/www.electroluxprofessional.com\/fr\/solutions\/bureaux-detudes-architectes\/","og_site_name":"Electrolux Professional France","article_modified_time":"2026-03-17T15:30:10+00:00","twitter_card":"summary_large_image","twitter_misc":{"Dur\u00e9e de lecture estim\u00e9e":"2 minutes"},"schema":{"@context":"https:\/\/schema.org","@graph":[{"@type":"WebPage","@id":"https:\/\/www.electroluxprofessional.com\/fr\/solutions\/bureaux-detudes-architectes\/","url":"https:\/\/www.electroluxprofessional.com\/fr\/solutions\/bureaux-detudes-architectes\/","name":"Solutions Cuisine et Blanchisserie Bureaux d'\u00e9tudes | Electrolux Professional","isPartOf":{"@id":"https:\/\/www.electroluxprofessional.com\/fr\/#website"},"datePublished":"2017-03-16T13:29:30+00:00","dateModified":"2026-03-17T15:30:10+00:00","description":"D\u00e9couvrez nos solutions professionnelles pour bureaux d'\u00e9tudes et architectes. \u00c9quipements ergonomiques et innovants pour cuisines et blanchisseries.","breadcrumb":{"@id":"https:\/\/www.electroluxprofessional.com\/fr\/solutions\/bureaux-detudes-architectes\/#breadcrumb"},"inLanguage":"fr-FR","potentialAction":[{"@type":"ReadAction","target":["https:\/\/www.electroluxprofessional.com\/fr\/solutions\/bureaux-detudes-architectes\/"]}]},{"@type":"BreadcrumbList","@id":"https:\/\/www.electroluxprofessional.com\/fr\/solutions\/bureaux-detudes-architectes\/#breadcrumb","itemListElement":[{"@type":"ListItem","position":1,"name":"Home","item":"https:\/\/www.electroluxprofessional.com\/fr\/"},{"@type":"ListItem","position":2,"name":"Solutions","item":"https:\/\/www.electroluxprofessional.com\/fr\/solutions\/"},{"@type":"ListItem","position":3,"name":"Bureaux d&#8217;\u00e9tudes &#8211; architectes"}]},{"@type":"WebSite","@id":"https:\/\/www.electroluxprofessional.com\/fr\/#website","url":"https:\/\/www.electroluxprofessional.com\/fr\/","name":"Electrolux Professional France","description":"","potentialAction":[{"@type":"SearchAction","target":{"@type":"EntryPoint","urlTemplate":"https:\/\/www.electroluxprofessional.com\/fr\/?src={search_term_string}"},"query-input":"required name=search_term_string"}],"inLanguage":"fr-FR"}]}},"_links":{"self":[{"href":"https:\/\/www.electroluxprofessional.com\/fr\/wp-json\/wp\/v2\/pages\/3540"}],"collection":[{"href":"https:\/\/www.electroluxprofessional.com\/fr\/wp-json\/wp\/v2\/pages"}],"about":[{"href":"https:\/\/www.electroluxprofessional.com\/fr\/wp-json\/wp\/v2\/types\/page"}],"author":[{"embeddable":true,"href":"https:\/\/www.electroluxprofessional.com\/fr\/wp-json\/wp\/v2\/users\/4"}],"replies":[{"embeddable":true,"href":"https:\/\/www.electroluxprofessional.com\/fr\/wp-json\/wp\/v2\/comments?post=3540"}],"version-history":[{"count":17,"href":"https:\/\/www.electroluxprofessional.com\/fr\/wp-json\/wp\/v2\/pages\/3540\/revisions"}],"predecessor-version":[{"id":31180,"href":"https:\/\/www.electroluxprofessional.com\/fr\/wp-json\/wp\/v2\/pages\/3540\/revisions\/31180"}],"up":[{"embeddable":true,"href":"https:\/\/www.electroluxprofessional.com\/fr\/wp-json\/wp\/v2\/pages\/2593"}],"wp:attachment":[{"href":"https:\/\/www.electroluxprofessional.com\/fr\/wp-json\/wp\/v2\/media?parent=3540"}],"curies":[{"name":"wp","href":"https:\/\/api.w.org\/{rel}","templated":true}]}}