{"id":3333,"date":"2017-03-08T15:44:41","date_gmt":"2017-03-08T15:44:41","guid":{"rendered":"https:\/\/www.electroluxprofessional.com\/fr\/?page_id=3333"},"modified":"2026-03-30T09:23:31","modified_gmt":"2026-03-30T09:23:31","slug":"chariots","status":"publish","type":"page","link":"https:\/\/www.electroluxprofessional.com\/fr\/equipement-cuisine\/chariots\/","title":{"rendered":"Chariots de service \/ distribution"},"content":{"rendered":"<p>[vc_row full_width=&#8221;electroluxpro-full-width-no-padding&#8221;][vc_column][vc_single_image image=&#8221;6540&#8243; img_size=&#8221;2000*580&#8243;][\/vc_column][\/vc_row][vc_row][vc_column][elx_heading font_container=&#8221;h1&#8243; font_size=&#8221;h3&#8243; text_color=&#8221;inherit&#8221;]Chariots[\/elx_heading][vc_column_text]<\/p>\n<h5>Dans les cuisines professionnelles, le chariot est un compl\u00e9ment indispensable au transport des marchandises et \u00e0 la distribution des repas.<\/h5>\n<p>[\/vc_column_text][vc_empty_space][\/vc_column][\/vc_row][vc_row][vc_column width=&#8221;1\/2&#8243;][vc_column_text]<\/p>\n<p style=\"font-weight: 400;\">La flexibilit\u00e9, la capacit\u00e9 et l&#8217;efficacit\u00e9 du syst\u00e8me de distribution de repas proviennent de la vaste gamme d&#8217;\u00e9quipements et d&#8217;accessoires disponibles.<\/p>\n<p style=\"font-weight: 400;\">Electrolux Professional propose une gamme vari\u00e9e de chariots ergonomiques ; chariots en acier inoxydable pour le stockage et le transport de paniers \u00e0 vaisselle; chariots de service pour assiettes et plateaux; paniers de lave-vaisselle et chariots de trempage pour h\u00f4pitaux, maisons de retraite, \u00e9tablissements de sant\u00e9 et services de restauration.<\/p>\n<p>[\/vc_column_text][\/vc_column][vc_column width=&#8221;1\/2&#8243;][vc_single_image image=&#8221;6541&#8243; img_size=&#8221;full&#8221; alignment=&#8221;center&#8221;][\/vc_column][\/vc_row][vc_row][vc_column][vc_empty_space][elx_heading font_size=&#8221;h3&#8243; text_color=&#8221;inherit&#8221; text_align=&#8221;text-left&#8221;]Besoin de plus d&#8217;informations sur notre gamme de chariots ?[\/elx_heading][elx_o2000_contact_us r=&#8221;&#8221; s=&#8221;Demande d&#8217;informations : chariots&#8221; country=&#8221;France&#8221; e=&#8221;professionnel@electrolux.com&#8221; l=&#8221;fr&#8221; container=&#8221;elxcontactus1486049263&#8243;][vc_empty_space][\/vc_column][\/vc_row]<\/p>\n","protected":false},"excerpt":{"rendered":"<p>[vc_row full_width=&#8221;electroluxpro-full-width-no-padding&#8221;][vc_column][vc_single_image image=&#8221;6540&#8243; img_size=&#8221;2000*580&#8243;][\/vc_column][\/vc_row][vc_row][vc_column][elx_heading font_container=&#8221;h1&#8243; font_size=&#8221;h3&#8243; text_color=&#8221;inherit&#8221;]Chariots[\/elx_heading][vc_column_text] Dans les cuisines professionnelles, le chariot est un compl\u00e9ment indispensable au transport des marchandises et \u00e0 la distribution des repas. [\/vc_column_text][vc_empty_space][\/vc_column][\/vc_row][vc_row][vc_column width=&#8221;1\/2&#8243;][vc_column_text] La flexibilit\u00e9, la capacit\u00e9 et l&#8217;efficacit\u00e9 du syst\u00e8me de distribution de repas proviennent de la vaste gamme d&#8217;\u00e9quipements et d&#8217;accessoires disponibles. Electrolux Professional propose une gamme [&hellip;]<\/p>\n","protected":false},"author":4,"featured_media":0,"parent":2100,"menu_order":0,"comment_status":"closed","ping_status":"closed","template":"","meta":{"footnotes":""},"class_list":["post-3333","page","type-page","status-publish","hentry"],"acf":[],"yoast_head":"<!-- This site is optimized with the Yoast SEO plugin v23.3 - https:\/\/yoast.com\/wordpress\/plugins\/seo\/ -->\n<title>Chariots de Service Professionnels | Electrolux Professional<\/title>\n<meta name=\"description\" content=\"D\u00e9couvrez notre gamme de chariots ergonomiques en acier inoxydable pour le transport et la distribution de repas en cuisine professionnelle.\" \/>\n<meta name=\"robots\" content=\"index, follow, max-snippet:-1, max-image-preview:large, max-video-preview:-1\" \/>\n<link rel=\"canonical\" href=\"https:\/\/www.electroluxprofessional.com\/fr\/equipement-cuisine\/chariots\/\" \/>\n<meta property=\"og:locale\" content=\"fr_FR\" \/>\n<meta property=\"og:type\" content=\"article\" \/>\n<meta property=\"og:title\" content=\"Chariots de Service Professionnels | Electrolux Professional\" \/>\n<meta property=\"og:description\" content=\"D\u00e9couvrez notre gamme de chariots ergonomiques en acier inoxydable pour le transport et la distribution de repas en cuisine professionnelle.\" \/>\n<meta property=\"og:url\" content=\"https:\/\/www.electroluxprofessional.com\/fr\/equipement-cuisine\/chariots\/\" \/>\n<meta property=\"og:site_name\" content=\"Electrolux Professional France\" \/>\n<meta property=\"article:modified_time\" content=\"2026-03-30T09:23:31+00:00\" \/>\n<meta name=\"twitter:card\" content=\"summary_large_image\" \/>\n<meta name=\"twitter:label1\" content=\"Dur\u00e9e de lecture estim\u00e9e\" \/>\n\t<meta name=\"twitter:data1\" content=\"2 minutes\" \/>\n<script type=\"application\/ld+json\" class=\"yoast-schema-graph\">{\"@context\":\"https:\/\/schema.org\",\"@graph\":[{\"@type\":\"WebPage\",\"@id\":\"https:\/\/www.electroluxprofessional.com\/fr\/equipement-cuisine\/chariots\/\",\"url\":\"https:\/\/www.electroluxprofessional.com\/fr\/equipement-cuisine\/chariots\/\",\"name\":\"Chariots de Service Professionnels | Electrolux Professional\",\"isPartOf\":{\"@id\":\"https:\/\/www.electroluxprofessional.com\/fr\/#website\"},\"datePublished\":\"2017-03-08T15:44:41+00:00\",\"dateModified\":\"2026-03-30T09:23:31+00:00\",\"description\":\"D\u00e9couvrez notre gamme de chariots ergonomiques en acier inoxydable pour le transport et la distribution de repas en cuisine professionnelle.\",\"breadcrumb\":{\"@id\":\"https:\/\/www.electroluxprofessional.com\/fr\/equipement-cuisine\/chariots\/#breadcrumb\"},\"inLanguage\":\"fr-FR\",\"potentialAction\":[{\"@type\":\"ReadAction\",\"target\":[\"https:\/\/www.electroluxprofessional.com\/fr\/equipement-cuisine\/chariots\/\"]}]},{\"@type\":\"BreadcrumbList\",\"@id\":\"https:\/\/www.electroluxprofessional.com\/fr\/equipement-cuisine\/chariots\/#breadcrumb\",\"itemListElement\":[{\"@type\":\"ListItem\",\"position\":1,\"name\":\"Home\",\"item\":\"https:\/\/www.electroluxprofessional.com\/fr\/\"},{\"@type\":\"ListItem\",\"position\":2,\"name\":\"Mat\u00e9riel de cuisine professionnel\",\"item\":\"https:\/\/www.electroluxprofessional.com\/fr\/equipement-cuisine\/\"},{\"@type\":\"ListItem\",\"position\":3,\"name\":\"Chariots de service \/ distribution\"}]},{\"@type\":\"WebSite\",\"@id\":\"https:\/\/www.electroluxprofessional.com\/fr\/#website\",\"url\":\"https:\/\/www.electroluxprofessional.com\/fr\/\",\"name\":\"Electrolux Professional France\",\"description\":\"\",\"potentialAction\":[{\"@type\":\"SearchAction\",\"target\":{\"@type\":\"EntryPoint\",\"urlTemplate\":\"https:\/\/www.electroluxprofessional.com\/fr\/?src={search_term_string}\"},\"query-input\":\"required name=search_term_string\"}],\"inLanguage\":\"fr-FR\"}]}<\/script>\n<!-- \/ Yoast SEO plugin. -->","yoast_head_json":{"title":"Chariots de Service Professionnels | Electrolux Professional","description":"D\u00e9couvrez notre gamme de chariots ergonomiques en acier inoxydable pour le transport et la distribution de repas en cuisine professionnelle.","robots":{"index":"index","follow":"follow","max-snippet":"max-snippet:-1","max-image-preview":"max-image-preview:large","max-video-preview":"max-video-preview:-1"},"canonical":"https:\/\/www.electroluxprofessional.com\/fr\/equipement-cuisine\/chariots\/","og_locale":"fr_FR","og_type":"article","og_title":"Chariots de Service Professionnels | Electrolux Professional","og_description":"D\u00e9couvrez notre gamme de chariots ergonomiques en acier inoxydable pour le transport et la distribution de repas en cuisine professionnelle.","og_url":"https:\/\/www.electroluxprofessional.com\/fr\/equipement-cuisine\/chariots\/","og_site_name":"Electrolux Professional France","article_modified_time":"2026-03-30T09:23:31+00:00","twitter_card":"summary_large_image","twitter_misc":{"Dur\u00e9e de lecture estim\u00e9e":"2 minutes"},"schema":{"@context":"https:\/\/schema.org","@graph":[{"@type":"WebPage","@id":"https:\/\/www.electroluxprofessional.com\/fr\/equipement-cuisine\/chariots\/","url":"https:\/\/www.electroluxprofessional.com\/fr\/equipement-cuisine\/chariots\/","name":"Chariots de Service Professionnels | Electrolux Professional","isPartOf":{"@id":"https:\/\/www.electroluxprofessional.com\/fr\/#website"},"datePublished":"2017-03-08T15:44:41+00:00","dateModified":"2026-03-30T09:23:31+00:00","description":"D\u00e9couvrez notre gamme de chariots ergonomiques en acier inoxydable pour le transport et la distribution de repas en cuisine professionnelle.","breadcrumb":{"@id":"https:\/\/www.electroluxprofessional.com\/fr\/equipement-cuisine\/chariots\/#breadcrumb"},"inLanguage":"fr-FR","potentialAction":[{"@type":"ReadAction","target":["https:\/\/www.electroluxprofessional.com\/fr\/equipement-cuisine\/chariots\/"]}]},{"@type":"BreadcrumbList","@id":"https:\/\/www.electroluxprofessional.com\/fr\/equipement-cuisine\/chariots\/#breadcrumb","itemListElement":[{"@type":"ListItem","position":1,"name":"Home","item":"https:\/\/www.electroluxprofessional.com\/fr\/"},{"@type":"ListItem","position":2,"name":"Mat\u00e9riel de cuisine professionnel","item":"https:\/\/www.electroluxprofessional.com\/fr\/equipement-cuisine\/"},{"@type":"ListItem","position":3,"name":"Chariots de service \/ distribution"}]},{"@type":"WebSite","@id":"https:\/\/www.electroluxprofessional.com\/fr\/#website","url":"https:\/\/www.electroluxprofessional.com\/fr\/","name":"Electrolux Professional France","description":"","potentialAction":[{"@type":"SearchAction","target":{"@type":"EntryPoint","urlTemplate":"https:\/\/www.electroluxprofessional.com\/fr\/?src={search_term_string}"},"query-input":"required name=search_term_string"}],"inLanguage":"fr-FR"}]}},"_links":{"self":[{"href":"https:\/\/www.electroluxprofessional.com\/fr\/wp-json\/wp\/v2\/pages\/3333"}],"collection":[{"href":"https:\/\/www.electroluxprofessional.com\/fr\/wp-json\/wp\/v2\/pages"}],"about":[{"href":"https:\/\/www.electroluxprofessional.com\/fr\/wp-json\/wp\/v2\/types\/page"}],"author":[{"embeddable":true,"href":"https:\/\/www.electroluxprofessional.com\/fr\/wp-json\/wp\/v2\/users\/4"}],"replies":[{"embeddable":true,"href":"https:\/\/www.electroluxprofessional.com\/fr\/wp-json\/wp\/v2\/comments?post=3333"}],"version-history":[{"count":7,"href":"https:\/\/www.electroluxprofessional.com\/fr\/wp-json\/wp\/v2\/pages\/3333\/revisions"}],"predecessor-version":[{"id":31663,"href":"https:\/\/www.electroluxprofessional.com\/fr\/wp-json\/wp\/v2\/pages\/3333\/revisions\/31663"}],"up":[{"embeddable":true,"href":"https:\/\/www.electroluxprofessional.com\/fr\/wp-json\/wp\/v2\/pages\/2100"}],"wp:attachment":[{"href":"https:\/\/www.electroluxprofessional.com\/fr\/wp-json\/wp\/v2\/media?parent=3333"}],"curies":[{"name":"wp","href":"https:\/\/api.w.org\/{rel}","templated":true}]}}