{"id":3226,"date":"2017-03-07T14:43:28","date_gmt":"2017-03-07T14:43:28","guid":{"rendered":"https:\/\/www.electroluxprofessional.com\/fr\/?page_id=3226"},"modified":"2026-03-07T08:08:17","modified_gmt":"2026-03-07T08:08:17","slug":"ventilation","status":"publish","type":"page","link":"https:\/\/www.electroluxprofessional.com\/fr\/equipement-cuisine\/ventilation\/","title":{"rendered":"Ventilation"},"content":{"rendered":"<p>[vc_row][vc_column][vc_column_text]<\/p>\n<h1 style=\"text-align: center;\">Votre compagnon de ventilation id\u00e9al<\/h1>\n<p style=\"text-align: center;\">Lorsque votre cuisine professionnelle exige <strong>une ventilation polyvalente, puissante et innovante<\/strong>, la gamme de hottes Electrolux Professional devient alors indispensable et s&#8217;av\u00e8re \u00eatre id\u00e9ale.<\/p>\n<p style=\"text-align: center;\">Notre gamme de produits est diversifi\u00e9e et propose diff\u00e9rentes dimensions pour r\u00e9pondre \u00e0 vos besoins sp\u00e9cifiques.\u00a0 Nos syst\u00e8mes de ventilations sont \u00e9quip\u00e9s de filtres en acier inoxydable.<\/p>\n<p>[\/vc_column_text][\/vc_column][\/vc_row]<\/p>\n","protected":false},"excerpt":{"rendered":"<p>[vc_row][vc_column][vc_column_text] Votre compagnon de ventilation id\u00e9al Lorsque votre cuisine professionnelle exige une ventilation polyvalente, puissante et innovante, la gamme de hottes Electrolux Professional devient alors indispensable et s&#8217;av\u00e8re \u00eatre id\u00e9ale. Notre gamme de produits est diversifi\u00e9e et propose diff\u00e9rentes dimensions pour r\u00e9pondre \u00e0 vos besoins sp\u00e9cifiques.\u00a0 Nos syst\u00e8mes de ventilations sont \u00e9quip\u00e9s de filtres en [&hellip;]<\/p>\n","protected":false},"author":4,"featured_media":0,"parent":2100,"menu_order":0,"comment_status":"closed","ping_status":"closed","template":"","meta":{"footnotes":""},"class_list":["post-3226","page","type-page","status-publish","hentry"],"acf":[],"yoast_head":"<!-- This site is optimized with the Yoast SEO plugin v23.3 - https:\/\/yoast.com\/wordpress\/plugins\/seo\/ -->\n<title>Hottes de Ventilation Professionnelles | Electrolux Professional<\/title>\n<meta name=\"description\" content=\"D\u00e9couvrez nos hottes de ventilation professionnelles inox pour cuisines. Solutions murales et centrales performantes adapt\u00e9es \u00e0 vos besoins.\" \/>\n<meta name=\"robots\" content=\"index, follow, max-snippet:-1, max-image-preview:large, max-video-preview:-1\" \/>\n<link rel=\"canonical\" href=\"https:\/\/www.electroluxprofessional.com\/fr\/equipement-cuisine\/ventilation\/\" \/>\n<meta property=\"og:locale\" content=\"fr_FR\" \/>\n<meta property=\"og:type\" content=\"article\" \/>\n<meta property=\"og:title\" content=\"Hottes de Ventilation Professionnelles | Electrolux Professional\" \/>\n<meta property=\"og:description\" content=\"D\u00e9couvrez nos hottes de ventilation professionnelles inox pour cuisines. Solutions murales et centrales performantes adapt\u00e9es \u00e0 vos besoins.\" \/>\n<meta property=\"og:url\" content=\"https:\/\/www.electroluxprofessional.com\/fr\/equipement-cuisine\/ventilation\/\" \/>\n<meta property=\"og:site_name\" content=\"Electrolux Professional France\" \/>\n<meta property=\"article:modified_time\" content=\"2026-03-07T08:08:17+00:00\" \/>\n<meta name=\"twitter:card\" content=\"summary_large_image\" \/>\n<meta name=\"twitter:label1\" content=\"Dur\u00e9e de lecture estim\u00e9e\" \/>\n\t<meta name=\"twitter:data1\" content=\"1 minute\" \/>\n<script type=\"application\/ld+json\" class=\"yoast-schema-graph\">{\"@context\":\"https:\/\/schema.org\",\"@graph\":[{\"@type\":\"WebPage\",\"@id\":\"https:\/\/www.electroluxprofessional.com\/fr\/equipement-cuisine\/ventilation\/\",\"url\":\"https:\/\/www.electroluxprofessional.com\/fr\/equipement-cuisine\/ventilation\/\",\"name\":\"Hottes de Ventilation Professionnelles | Electrolux Professional\",\"isPartOf\":{\"@id\":\"https:\/\/www.electroluxprofessional.com\/fr\/#website\"},\"datePublished\":\"2017-03-07T14:43:28+00:00\",\"dateModified\":\"2026-03-07T08:08:17+00:00\",\"description\":\"D\u00e9couvrez nos hottes de ventilation professionnelles inox pour cuisines. Solutions murales et centrales performantes adapt\u00e9es \u00e0 vos besoins.\",\"breadcrumb\":{\"@id\":\"https:\/\/www.electroluxprofessional.com\/fr\/equipement-cuisine\/ventilation\/#breadcrumb\"},\"inLanguage\":\"fr-FR\",\"potentialAction\":[{\"@type\":\"ReadAction\",\"target\":[\"https:\/\/www.electroluxprofessional.com\/fr\/equipement-cuisine\/ventilation\/\"]}]},{\"@type\":\"BreadcrumbList\",\"@id\":\"https:\/\/www.electroluxprofessional.com\/fr\/equipement-cuisine\/ventilation\/#breadcrumb\",\"itemListElement\":[{\"@type\":\"ListItem\",\"position\":1,\"name\":\"Home\",\"item\":\"https:\/\/www.electroluxprofessional.com\/fr\/\"},{\"@type\":\"ListItem\",\"position\":2,\"name\":\"Mat\u00e9riel de cuisine professionnel &#8211; Electrolux Professional\",\"item\":\"https:\/\/www.electroluxprofessional.com\/fr\/equipement-cuisine\/\"},{\"@type\":\"ListItem\",\"position\":3,\"name\":\"Ventilation\"}]},{\"@type\":\"WebSite\",\"@id\":\"https:\/\/www.electroluxprofessional.com\/fr\/#website\",\"url\":\"https:\/\/www.electroluxprofessional.com\/fr\/\",\"name\":\"Electrolux Professional France\",\"description\":\"\",\"potentialAction\":[{\"@type\":\"SearchAction\",\"target\":{\"@type\":\"EntryPoint\",\"urlTemplate\":\"https:\/\/www.electroluxprofessional.com\/fr\/?src={search_term_string}\"},\"query-input\":\"required name=search_term_string\"}],\"inLanguage\":\"fr-FR\"}]}<\/script>\n<!-- \/ Yoast SEO plugin. -->","yoast_head_json":{"title":"Hottes de Ventilation Professionnelles | Electrolux Professional","description":"D\u00e9couvrez nos hottes de ventilation professionnelles inox pour cuisines. Solutions murales et centrales performantes adapt\u00e9es \u00e0 vos besoins.","robots":{"index":"index","follow":"follow","max-snippet":"max-snippet:-1","max-image-preview":"max-image-preview:large","max-video-preview":"max-video-preview:-1"},"canonical":"https:\/\/www.electroluxprofessional.com\/fr\/equipement-cuisine\/ventilation\/","og_locale":"fr_FR","og_type":"article","og_title":"Hottes de Ventilation Professionnelles | Electrolux Professional","og_description":"D\u00e9couvrez nos hottes de ventilation professionnelles inox pour cuisines. Solutions murales et centrales performantes adapt\u00e9es \u00e0 vos besoins.","og_url":"https:\/\/www.electroluxprofessional.com\/fr\/equipement-cuisine\/ventilation\/","og_site_name":"Electrolux Professional France","article_modified_time":"2026-03-07T08:08:17+00:00","twitter_card":"summary_large_image","twitter_misc":{"Dur\u00e9e de lecture estim\u00e9e":"1 minute"},"schema":{"@context":"https:\/\/schema.org","@graph":[{"@type":"WebPage","@id":"https:\/\/www.electroluxprofessional.com\/fr\/equipement-cuisine\/ventilation\/","url":"https:\/\/www.electroluxprofessional.com\/fr\/equipement-cuisine\/ventilation\/","name":"Hottes de Ventilation Professionnelles | Electrolux Professional","isPartOf":{"@id":"https:\/\/www.electroluxprofessional.com\/fr\/#website"},"datePublished":"2017-03-07T14:43:28+00:00","dateModified":"2026-03-07T08:08:17+00:00","description":"D\u00e9couvrez nos hottes de ventilation professionnelles inox pour cuisines. Solutions murales et centrales performantes adapt\u00e9es \u00e0 vos besoins.","breadcrumb":{"@id":"https:\/\/www.electroluxprofessional.com\/fr\/equipement-cuisine\/ventilation\/#breadcrumb"},"inLanguage":"fr-FR","potentialAction":[{"@type":"ReadAction","target":["https:\/\/www.electroluxprofessional.com\/fr\/equipement-cuisine\/ventilation\/"]}]},{"@type":"BreadcrumbList","@id":"https:\/\/www.electroluxprofessional.com\/fr\/equipement-cuisine\/ventilation\/#breadcrumb","itemListElement":[{"@type":"ListItem","position":1,"name":"Home","item":"https:\/\/www.electroluxprofessional.com\/fr\/"},{"@type":"ListItem","position":2,"name":"Mat\u00e9riel de cuisine professionnel &#8211; Electrolux Professional","item":"https:\/\/www.electroluxprofessional.com\/fr\/equipement-cuisine\/"},{"@type":"ListItem","position":3,"name":"Ventilation"}]},{"@type":"WebSite","@id":"https:\/\/www.electroluxprofessional.com\/fr\/#website","url":"https:\/\/www.electroluxprofessional.com\/fr\/","name":"Electrolux Professional France","description":"","potentialAction":[{"@type":"SearchAction","target":{"@type":"EntryPoint","urlTemplate":"https:\/\/www.electroluxprofessional.com\/fr\/?src={search_term_string}"},"query-input":"required name=search_term_string"}],"inLanguage":"fr-FR"}]}},"_links":{"self":[{"href":"https:\/\/www.electroluxprofessional.com\/fr\/wp-json\/wp\/v2\/pages\/3226"}],"collection":[{"href":"https:\/\/www.electroluxprofessional.com\/fr\/wp-json\/wp\/v2\/pages"}],"about":[{"href":"https:\/\/www.electroluxprofessional.com\/fr\/wp-json\/wp\/v2\/types\/page"}],"author":[{"embeddable":true,"href":"https:\/\/www.electroluxprofessional.com\/fr\/wp-json\/wp\/v2\/users\/4"}],"replies":[{"embeddable":true,"href":"https:\/\/www.electroluxprofessional.com\/fr\/wp-json\/wp\/v2\/comments?post=3226"}],"version-history":[{"count":6,"href":"https:\/\/www.electroluxprofessional.com\/fr\/wp-json\/wp\/v2\/pages\/3226\/revisions"}],"predecessor-version":[{"id":30770,"href":"https:\/\/www.electroluxprofessional.com\/fr\/wp-json\/wp\/v2\/pages\/3226\/revisions\/30770"}],"up":[{"embeddable":true,"href":"https:\/\/www.electroluxprofessional.com\/fr\/wp-json\/wp\/v2\/pages\/2100"}],"wp:attachment":[{"href":"https:\/\/www.electroluxprofessional.com\/fr\/wp-json\/wp\/v2\/media?parent=3226"}],"curies":[{"name":"wp","href":"https:\/\/api.w.org\/{rel}","templated":true}]}}