{"id":3193,"date":"2017-03-07T14:24:08","date_gmt":"2017-03-07T14:24:08","guid":{"rendered":"https:\/\/www.electroluxprofessional.com\/fr\/?page_id=3193"},"modified":"2026-03-07T08:03:55","modified_gmt":"2026-03-07T08:03:55","slug":"preparation-statique","status":"publish","type":"page","link":"https:\/\/www.electroluxprofessional.com\/fr\/equipement-cuisine\/preparation-statique\/","title":{"rendered":"Pr\u00e9paration statique"},"content":{"rendered":"<p>[vc_row][vc_column][vc_column_text]<\/p>\n<h1 style=\"text-align: center;\">Tous les repas d\u00e9marrent dans la zone de pr\u00e9paration<\/h1>\n<p style=\"text-align: center;\">En acier inoxidable, les zones de pr\u00e9paration Electrolux offre la garantie d&#8217;une hygi\u00e8ne parfaite, d&#8217;une grande flexibilit\u00e9 d&#8217;am\u00e9nagement et la r\u00e9ponse \u00e0 une productivit\u00e9 de haut rendement.<\/p>\n<p style=\"text-align: center;\">Cette gamme, en acier inoxidable a \u00e9t\u00e9 cr\u00e9\u00e9e pour une utilisation durable.\u00a0Elle offre une gamme modulaire personnalis\u00e9e qui r\u00e9pond \u00e0 chaque besoin et s&#8217;adapte avec les \u00e9l\u00e9ments de pr\u00e9paration standard. La structure permet de combiner les plans de travail et les plonges avec les unit\u00e9s neutres, chaudes, r\u00e9frig\u00e9r\u00e9es et frigorifiques.<\/p>\n<p style=\"text-align: center;\"><img loading=\"lazy\" decoding=\"async\" class=\"aligncenter wp-image-3194 size-full\" src=\"https:\/\/www.electroluxprofessional.com\/fr\/wp-content\/uploads\/2017\/03\/preparation-statique.jpg\" alt=\"preparation-statique\" width=\"640\" height=\"288\" srcset=\"https:\/\/www.electroluxprofessional.com\/fr\/wp-content\/uploads\/2017\/03\/preparation-statique.jpg 640w, https:\/\/www.electroluxprofessional.com\/fr\/wp-content\/uploads\/2017\/03\/preparation-statique-300x135.jpg 300w\" sizes=\"(max-width: 640px) 100vw, 640px\" \/><\/p>\n<p>[\/vc_column_text][\/vc_column][\/vc_row]<\/p>\n","protected":false},"excerpt":{"rendered":"<p>[vc_row][vc_column][vc_column_text] Tous les repas d\u00e9marrent dans la zone de pr\u00e9paration En acier inoxidable, les zones de pr\u00e9paration Electrolux offre la garantie d&#8217;une hygi\u00e8ne parfaite, d&#8217;une grande flexibilit\u00e9 d&#8217;am\u00e9nagement et la r\u00e9ponse \u00e0 une productivit\u00e9 de haut rendement. Cette gamme, en acier inoxidable a \u00e9t\u00e9 cr\u00e9\u00e9e pour une utilisation durable.\u00a0Elle offre une gamme modulaire personnalis\u00e9e qui [&hellip;]<\/p>\n","protected":false},"author":4,"featured_media":0,"parent":2100,"menu_order":0,"comment_status":"closed","ping_status":"closed","template":"","meta":{"footnotes":""},"class_list":["post-3193","page","type-page","status-publish","hentry"],"acf":[],"yoast_head":"<!-- This site is optimized with the Yoast SEO plugin v23.3 - https:\/\/yoast.com\/wordpress\/plugins\/seo\/ -->\n<title>Pr\u00e9paration Statique Professionnelle | Electrolux Professional<\/title>\n<meta name=\"description\" content=\"D\u00e9couvrez notre gamme de pr\u00e9paration statique: tables de travail et armoires en inox pour cuisines professionnelles. Solutions durables et ergonomiques.\" \/>\n<meta name=\"robots\" content=\"index, follow, max-snippet:-1, max-image-preview:large, max-video-preview:-1\" \/>\n<link rel=\"canonical\" href=\"https:\/\/www.electroluxprofessional.com\/fr\/equipement-cuisine\/preparation-statique\/\" \/>\n<meta property=\"og:locale\" content=\"fr_FR\" \/>\n<meta property=\"og:type\" content=\"article\" \/>\n<meta property=\"og:title\" content=\"Pr\u00e9paration Statique Professionnelle | Electrolux Professional\" \/>\n<meta property=\"og:description\" content=\"D\u00e9couvrez notre gamme de pr\u00e9paration statique: tables de travail et armoires en inox pour cuisines professionnelles. Solutions durables et ergonomiques.\" \/>\n<meta property=\"og:url\" content=\"https:\/\/www.electroluxprofessional.com\/fr\/equipement-cuisine\/preparation-statique\/\" \/>\n<meta property=\"og:site_name\" content=\"Electrolux Professional France\" \/>\n<meta property=\"article:modified_time\" content=\"2026-03-07T08:03:55+00:00\" \/>\n<meta property=\"og:image\" content=\"https:\/\/www.electroluxprofessional.com\/fr\/wp-content\/uploads\/2017\/03\/preparation-statique.jpg\" \/>\n<meta name=\"twitter:card\" content=\"summary_large_image\" \/>\n<meta name=\"twitter:label1\" content=\"Dur\u00e9e de lecture estim\u00e9e\" \/>\n\t<meta name=\"twitter:data1\" content=\"1 minute\" \/>\n<script type=\"application\/ld+json\" class=\"yoast-schema-graph\">{\"@context\":\"https:\/\/schema.org\",\"@graph\":[{\"@type\":\"WebPage\",\"@id\":\"https:\/\/www.electroluxprofessional.com\/fr\/equipement-cuisine\/preparation-statique\/\",\"url\":\"https:\/\/www.electroluxprofessional.com\/fr\/equipement-cuisine\/preparation-statique\/\",\"name\":\"Pr\u00e9paration Statique Professionnelle | Electrolux Professional\",\"isPartOf\":{\"@id\":\"https:\/\/www.electroluxprofessional.com\/fr\/#website\"},\"primaryImageOfPage\":{\"@id\":\"https:\/\/www.electroluxprofessional.com\/fr\/equipement-cuisine\/preparation-statique\/#primaryimage\"},\"image\":{\"@id\":\"https:\/\/www.electroluxprofessional.com\/fr\/equipement-cuisine\/preparation-statique\/#primaryimage\"},\"thumbnailUrl\":\"https:\/\/www.electroluxprofessional.com\/fr\/wp-content\/uploads\/2017\/03\/preparation-statique.jpg\",\"datePublished\":\"2017-03-07T14:24:08+00:00\",\"dateModified\":\"2026-03-07T08:03:55+00:00\",\"description\":\"D\u00e9couvrez notre gamme de pr\u00e9paration statique: tables de travail et armoires en inox pour cuisines professionnelles. Solutions durables et ergonomiques.\",\"breadcrumb\":{\"@id\":\"https:\/\/www.electroluxprofessional.com\/fr\/equipement-cuisine\/preparation-statique\/#breadcrumb\"},\"inLanguage\":\"fr-FR\",\"potentialAction\":[{\"@type\":\"ReadAction\",\"target\":[\"https:\/\/www.electroluxprofessional.com\/fr\/equipement-cuisine\/preparation-statique\/\"]}]},{\"@type\":\"ImageObject\",\"inLanguage\":\"fr-FR\",\"@id\":\"https:\/\/www.electroluxprofessional.com\/fr\/equipement-cuisine\/preparation-statique\/#primaryimage\",\"url\":\"https:\/\/www.electroluxprofessional.com\/fr\/wp-content\/uploads\/2017\/03\/preparation-statique.jpg\",\"contentUrl\":\"https:\/\/www.electroluxprofessional.com\/fr\/wp-content\/uploads\/2017\/03\/preparation-statique.jpg\",\"width\":640,\"height\":288,\"caption\":\"preparation-statique\"},{\"@type\":\"BreadcrumbList\",\"@id\":\"https:\/\/www.electroluxprofessional.com\/fr\/equipement-cuisine\/preparation-statique\/#breadcrumb\",\"itemListElement\":[{\"@type\":\"ListItem\",\"position\":1,\"name\":\"Home\",\"item\":\"https:\/\/www.electroluxprofessional.com\/fr\/\"},{\"@type\":\"ListItem\",\"position\":2,\"name\":\"Mat\u00e9riel de cuisine professionnel &#8211; Electrolux Professional\",\"item\":\"https:\/\/www.electroluxprofessional.com\/fr\/equipement-cuisine\/\"},{\"@type\":\"ListItem\",\"position\":3,\"name\":\"Pr\u00e9paration statique\"}]},{\"@type\":\"WebSite\",\"@id\":\"https:\/\/www.electroluxprofessional.com\/fr\/#website\",\"url\":\"https:\/\/www.electroluxprofessional.com\/fr\/\",\"name\":\"Electrolux Professional France\",\"description\":\"\",\"potentialAction\":[{\"@type\":\"SearchAction\",\"target\":{\"@type\":\"EntryPoint\",\"urlTemplate\":\"https:\/\/www.electroluxprofessional.com\/fr\/?src={search_term_string}\"},\"query-input\":\"required name=search_term_string\"}],\"inLanguage\":\"fr-FR\"}]}<\/script>\n<!-- \/ Yoast SEO plugin. -->","yoast_head_json":{"title":"Pr\u00e9paration Statique Professionnelle | Electrolux Professional","description":"D\u00e9couvrez notre gamme de pr\u00e9paration statique: tables de travail et armoires en inox pour cuisines professionnelles. Solutions durables et ergonomiques.","robots":{"index":"index","follow":"follow","max-snippet":"max-snippet:-1","max-image-preview":"max-image-preview:large","max-video-preview":"max-video-preview:-1"},"canonical":"https:\/\/www.electroluxprofessional.com\/fr\/equipement-cuisine\/preparation-statique\/","og_locale":"fr_FR","og_type":"article","og_title":"Pr\u00e9paration Statique Professionnelle | Electrolux Professional","og_description":"D\u00e9couvrez notre gamme de pr\u00e9paration statique: tables de travail et armoires en inox pour cuisines professionnelles. Solutions durables et ergonomiques.","og_url":"https:\/\/www.electroluxprofessional.com\/fr\/equipement-cuisine\/preparation-statique\/","og_site_name":"Electrolux Professional France","article_modified_time":"2026-03-07T08:03:55+00:00","og_image":[{"url":"https:\/\/www.electroluxprofessional.com\/fr\/wp-content\/uploads\/2017\/03\/preparation-statique.jpg"}],"twitter_card":"summary_large_image","twitter_misc":{"Dur\u00e9e de lecture estim\u00e9e":"1 minute"},"schema":{"@context":"https:\/\/schema.org","@graph":[{"@type":"WebPage","@id":"https:\/\/www.electroluxprofessional.com\/fr\/equipement-cuisine\/preparation-statique\/","url":"https:\/\/www.electroluxprofessional.com\/fr\/equipement-cuisine\/preparation-statique\/","name":"Pr\u00e9paration Statique Professionnelle | Electrolux Professional","isPartOf":{"@id":"https:\/\/www.electroluxprofessional.com\/fr\/#website"},"primaryImageOfPage":{"@id":"https:\/\/www.electroluxprofessional.com\/fr\/equipement-cuisine\/preparation-statique\/#primaryimage"},"image":{"@id":"https:\/\/www.electroluxprofessional.com\/fr\/equipement-cuisine\/preparation-statique\/#primaryimage"},"thumbnailUrl":"https:\/\/www.electroluxprofessional.com\/fr\/wp-content\/uploads\/2017\/03\/preparation-statique.jpg","datePublished":"2017-03-07T14:24:08+00:00","dateModified":"2026-03-07T08:03:55+00:00","description":"D\u00e9couvrez notre gamme de pr\u00e9paration statique: tables de travail et armoires en inox pour cuisines professionnelles. Solutions durables et ergonomiques.","breadcrumb":{"@id":"https:\/\/www.electroluxprofessional.com\/fr\/equipement-cuisine\/preparation-statique\/#breadcrumb"},"inLanguage":"fr-FR","potentialAction":[{"@type":"ReadAction","target":["https:\/\/www.electroluxprofessional.com\/fr\/equipement-cuisine\/preparation-statique\/"]}]},{"@type":"ImageObject","inLanguage":"fr-FR","@id":"https:\/\/www.electroluxprofessional.com\/fr\/equipement-cuisine\/preparation-statique\/#primaryimage","url":"https:\/\/www.electroluxprofessional.com\/fr\/wp-content\/uploads\/2017\/03\/preparation-statique.jpg","contentUrl":"https:\/\/www.electroluxprofessional.com\/fr\/wp-content\/uploads\/2017\/03\/preparation-statique.jpg","width":640,"height":288,"caption":"preparation-statique"},{"@type":"BreadcrumbList","@id":"https:\/\/www.electroluxprofessional.com\/fr\/equipement-cuisine\/preparation-statique\/#breadcrumb","itemListElement":[{"@type":"ListItem","position":1,"name":"Home","item":"https:\/\/www.electroluxprofessional.com\/fr\/"},{"@type":"ListItem","position":2,"name":"Mat\u00e9riel de cuisine professionnel &#8211; Electrolux Professional","item":"https:\/\/www.electroluxprofessional.com\/fr\/equipement-cuisine\/"},{"@type":"ListItem","position":3,"name":"Pr\u00e9paration statique"}]},{"@type":"WebSite","@id":"https:\/\/www.electroluxprofessional.com\/fr\/#website","url":"https:\/\/www.electroluxprofessional.com\/fr\/","name":"Electrolux Professional France","description":"","potentialAction":[{"@type":"SearchAction","target":{"@type":"EntryPoint","urlTemplate":"https:\/\/www.electroluxprofessional.com\/fr\/?src={search_term_string}"},"query-input":"required name=search_term_string"}],"inLanguage":"fr-FR"}]}},"_links":{"self":[{"href":"https:\/\/www.electroluxprofessional.com\/fr\/wp-json\/wp\/v2\/pages\/3193"}],"collection":[{"href":"https:\/\/www.electroluxprofessional.com\/fr\/wp-json\/wp\/v2\/pages"}],"about":[{"href":"https:\/\/www.electroluxprofessional.com\/fr\/wp-json\/wp\/v2\/types\/page"}],"author":[{"embeddable":true,"href":"https:\/\/www.electroluxprofessional.com\/fr\/wp-json\/wp\/v2\/users\/4"}],"replies":[{"embeddable":true,"href":"https:\/\/www.electroluxprofessional.com\/fr\/wp-json\/wp\/v2\/comments?post=3193"}],"version-history":[{"count":4,"href":"https:\/\/www.electroluxprofessional.com\/fr\/wp-json\/wp\/v2\/pages\/3193\/revisions"}],"predecessor-version":[{"id":30761,"href":"https:\/\/www.electroluxprofessional.com\/fr\/wp-json\/wp\/v2\/pages\/3193\/revisions\/30761"}],"up":[{"embeddable":true,"href":"https:\/\/www.electroluxprofessional.com\/fr\/wp-json\/wp\/v2\/pages\/2100"}],"wp:attachment":[{"href":"https:\/\/www.electroluxprofessional.com\/fr\/wp-json\/wp\/v2\/media?parent=3193"}],"curies":[{"name":"wp","href":"https:\/\/api.w.org\/{rel}","templated":true}]}}