{"id":3146,"date":"2017-03-07T13:48:25","date_gmt":"2017-03-07T13:48:25","guid":{"rendered":"https:\/\/www.electroluxprofessional.com\/fr\/?page_id=3146"},"modified":"2026-03-16T08:12:12","modified_gmt":"2026-03-16T08:12:12","slug":"laves-plateaux","status":"publish","type":"page","link":"https:\/\/www.electroluxprofessional.com\/fr\/equipement-cuisine\/equipement-lavage\/laves-plateaux\/","title":{"rendered":"Laves plateaux"},"content":{"rendered":"<p>[vc_row][vc_column][vc_column_text]<\/p>\n<h1 style=\"text-align: center;\">Lave-plateaux professionnels &#8211; Laverie automatique haute performance<\/h1>\n<p>[\/vc_column_text][\/vc_column][\/vc_row]<\/p>\n","protected":false},"excerpt":{"rendered":"<p>[vc_row][vc_column][vc_column_text] Lave-plateaux professionnels &#8211; Laverie automatique haute performance [\/vc_column_text][\/vc_column][\/vc_row]<\/p>\n","protected":false},"author":4,"featured_media":0,"parent":10442,"menu_order":0,"comment_status":"closed","ping_status":"closed","template":"","meta":{"footnotes":""},"class_list":["post-3146","page","type-page","status-publish","hentry"],"acf":[],"yoast_head":"<!-- This site is optimized with the Yoast SEO plugin v23.3 - https:\/\/yoast.com\/wordpress\/plugins\/seo\/ -->\n<title>Lave-plateaux professionnels | Electrolux Professional<\/title>\n<meta name=\"description\" content=\"D\u00e9couvrez notre gamme de lave-plateaux : laverie automatique haute capacit\u00e9 jusqu&#039;\u00e0 1200 plateaux\/h. Solutions efficaces pour cuisines professionnelles.\" \/>\n<meta name=\"robots\" content=\"index, follow, max-snippet:-1, max-image-preview:large, max-video-preview:-1\" \/>\n<link rel=\"canonical\" href=\"https:\/\/www.electroluxprofessional.com\/fr\/equipement-cuisine\/equipement-lavage\/laves-plateaux\/\" \/>\n<meta property=\"og:locale\" content=\"fr_FR\" \/>\n<meta property=\"og:type\" content=\"article\" \/>\n<meta property=\"og:title\" content=\"Lave-plateaux professionnels | Electrolux Professional\" \/>\n<meta property=\"og:description\" content=\"D\u00e9couvrez notre gamme de lave-plateaux : laverie automatique haute capacit\u00e9 jusqu&#039;\u00e0 1200 plateaux\/h. Solutions efficaces pour cuisines professionnelles.\" \/>\n<meta property=\"og:url\" content=\"https:\/\/www.electroluxprofessional.com\/fr\/equipement-cuisine\/equipement-lavage\/laves-plateaux\/\" \/>\n<meta property=\"og:site_name\" content=\"Electrolux Professional France\" \/>\n<meta property=\"article:modified_time\" content=\"2026-03-16T08:12:12+00:00\" \/>\n<meta name=\"twitter:card\" content=\"summary_large_image\" \/>\n<meta name=\"twitter:label1\" content=\"Dur\u00e9e de lecture estim\u00e9e\" \/>\n\t<meta name=\"twitter:data1\" content=\"1 minute\" \/>\n<script type=\"application\/ld+json\" class=\"yoast-schema-graph\">{\"@context\":\"https:\/\/schema.org\",\"@graph\":[{\"@type\":\"WebPage\",\"@id\":\"https:\/\/www.electroluxprofessional.com\/fr\/equipement-cuisine\/equipement-lavage\/laves-plateaux\/\",\"url\":\"https:\/\/www.electroluxprofessional.com\/fr\/equipement-cuisine\/equipement-lavage\/laves-plateaux\/\",\"name\":\"Lave-plateaux professionnels | Electrolux Professional\",\"isPartOf\":{\"@id\":\"https:\/\/www.electroluxprofessional.com\/fr\/#website\"},\"datePublished\":\"2017-03-07T13:48:25+00:00\",\"dateModified\":\"2026-03-16T08:12:12+00:00\",\"description\":\"D\u00e9couvrez notre gamme de lave-plateaux : laverie automatique haute capacit\u00e9 jusqu'\u00e0 1200 plateaux\/h. Solutions efficaces pour cuisines professionnelles.\",\"breadcrumb\":{\"@id\":\"https:\/\/www.electroluxprofessional.com\/fr\/equipement-cuisine\/equipement-lavage\/laves-plateaux\/#breadcrumb\"},\"inLanguage\":\"fr-FR\",\"potentialAction\":[{\"@type\":\"ReadAction\",\"target\":[\"https:\/\/www.electroluxprofessional.com\/fr\/equipement-cuisine\/equipement-lavage\/laves-plateaux\/\"]}]},{\"@type\":\"BreadcrumbList\",\"@id\":\"https:\/\/www.electroluxprofessional.com\/fr\/equipement-cuisine\/equipement-lavage\/laves-plateaux\/#breadcrumb\",\"itemListElement\":[{\"@type\":\"ListItem\",\"position\":1,\"name\":\"Home\",\"item\":\"https:\/\/www.electroluxprofessional.com\/fr\/\"},{\"@type\":\"ListItem\",\"position\":2,\"name\":\"Mat\u00e9riel de cuisine professionnel &#8211; Electrolux Professional\",\"item\":\"https:\/\/www.electroluxprofessional.com\/fr\/equipement-cuisine\/\"},{\"@type\":\"ListItem\",\"position\":3,\"name\":\"Equipements lavage\",\"item\":\"https:\/\/www.electroluxprofessional.com\/fr\/equipement-cuisine\/equipement-lavage\/\"},{\"@type\":\"ListItem\",\"position\":4,\"name\":\"Laves plateaux\"}]},{\"@type\":\"WebSite\",\"@id\":\"https:\/\/www.electroluxprofessional.com\/fr\/#website\",\"url\":\"https:\/\/www.electroluxprofessional.com\/fr\/\",\"name\":\"Electrolux Professional France\",\"description\":\"\",\"potentialAction\":[{\"@type\":\"SearchAction\",\"target\":{\"@type\":\"EntryPoint\",\"urlTemplate\":\"https:\/\/www.electroluxprofessional.com\/fr\/?src={search_term_string}\"},\"query-input\":\"required name=search_term_string\"}],\"inLanguage\":\"fr-FR\"}]}<\/script>\n<!-- \/ Yoast SEO plugin. -->","yoast_head_json":{"title":"Lave-plateaux professionnels | Electrolux Professional","description":"D\u00e9couvrez notre gamme de lave-plateaux : laverie automatique haute capacit\u00e9 jusqu'\u00e0 1200 plateaux\/h. Solutions efficaces pour cuisines professionnelles.","robots":{"index":"index","follow":"follow","max-snippet":"max-snippet:-1","max-image-preview":"max-image-preview:large","max-video-preview":"max-video-preview:-1"},"canonical":"https:\/\/www.electroluxprofessional.com\/fr\/equipement-cuisine\/equipement-lavage\/laves-plateaux\/","og_locale":"fr_FR","og_type":"article","og_title":"Lave-plateaux professionnels | Electrolux Professional","og_description":"D\u00e9couvrez notre gamme de lave-plateaux : laverie automatique haute capacit\u00e9 jusqu'\u00e0 1200 plateaux\/h. Solutions efficaces pour cuisines professionnelles.","og_url":"https:\/\/www.electroluxprofessional.com\/fr\/equipement-cuisine\/equipement-lavage\/laves-plateaux\/","og_site_name":"Electrolux Professional France","article_modified_time":"2026-03-16T08:12:12+00:00","twitter_card":"summary_large_image","twitter_misc":{"Dur\u00e9e de lecture estim\u00e9e":"1 minute"},"schema":{"@context":"https:\/\/schema.org","@graph":[{"@type":"WebPage","@id":"https:\/\/www.electroluxprofessional.com\/fr\/equipement-cuisine\/equipement-lavage\/laves-plateaux\/","url":"https:\/\/www.electroluxprofessional.com\/fr\/equipement-cuisine\/equipement-lavage\/laves-plateaux\/","name":"Lave-plateaux professionnels | Electrolux Professional","isPartOf":{"@id":"https:\/\/www.electroluxprofessional.com\/fr\/#website"},"datePublished":"2017-03-07T13:48:25+00:00","dateModified":"2026-03-16T08:12:12+00:00","description":"D\u00e9couvrez notre gamme de lave-plateaux : laverie automatique haute capacit\u00e9 jusqu'\u00e0 1200 plateaux\/h. Solutions efficaces pour cuisines professionnelles.","breadcrumb":{"@id":"https:\/\/www.electroluxprofessional.com\/fr\/equipement-cuisine\/equipement-lavage\/laves-plateaux\/#breadcrumb"},"inLanguage":"fr-FR","potentialAction":[{"@type":"ReadAction","target":["https:\/\/www.electroluxprofessional.com\/fr\/equipement-cuisine\/equipement-lavage\/laves-plateaux\/"]}]},{"@type":"BreadcrumbList","@id":"https:\/\/www.electroluxprofessional.com\/fr\/equipement-cuisine\/equipement-lavage\/laves-plateaux\/#breadcrumb","itemListElement":[{"@type":"ListItem","position":1,"name":"Home","item":"https:\/\/www.electroluxprofessional.com\/fr\/"},{"@type":"ListItem","position":2,"name":"Mat\u00e9riel de cuisine professionnel &#8211; Electrolux Professional","item":"https:\/\/www.electroluxprofessional.com\/fr\/equipement-cuisine\/"},{"@type":"ListItem","position":3,"name":"Equipements lavage","item":"https:\/\/www.electroluxprofessional.com\/fr\/equipement-cuisine\/equipement-lavage\/"},{"@type":"ListItem","position":4,"name":"Laves plateaux"}]},{"@type":"WebSite","@id":"https:\/\/www.electroluxprofessional.com\/fr\/#website","url":"https:\/\/www.electroluxprofessional.com\/fr\/","name":"Electrolux Professional France","description":"","potentialAction":[{"@type":"SearchAction","target":{"@type":"EntryPoint","urlTemplate":"https:\/\/www.electroluxprofessional.com\/fr\/?src={search_term_string}"},"query-input":"required name=search_term_string"}],"inLanguage":"fr-FR"}]}},"_links":{"self":[{"href":"https:\/\/www.electroluxprofessional.com\/fr\/wp-json\/wp\/v2\/pages\/3146"}],"collection":[{"href":"https:\/\/www.electroluxprofessional.com\/fr\/wp-json\/wp\/v2\/pages"}],"about":[{"href":"https:\/\/www.electroluxprofessional.com\/fr\/wp-json\/wp\/v2\/types\/page"}],"author":[{"embeddable":true,"href":"https:\/\/www.electroluxprofessional.com\/fr\/wp-json\/wp\/v2\/users\/4"}],"replies":[{"embeddable":true,"href":"https:\/\/www.electroluxprofessional.com\/fr\/wp-json\/wp\/v2\/comments?post=3146"}],"version-history":[{"count":3,"href":"https:\/\/www.electroluxprofessional.com\/fr\/wp-json\/wp\/v2\/pages\/3146\/revisions"}],"predecessor-version":[{"id":31126,"href":"https:\/\/www.electroluxprofessional.com\/fr\/wp-json\/wp\/v2\/pages\/3146\/revisions\/31126"}],"up":[{"embeddable":true,"href":"https:\/\/www.electroluxprofessional.com\/fr\/wp-json\/wp\/v2\/pages\/10442"}],"wp:attachment":[{"href":"https:\/\/www.electroluxprofessional.com\/fr\/wp-json\/wp\/v2\/media?parent=3146"}],"curies":[{"name":"wp","href":"https:\/\/api.w.org\/{rel}","templated":true}]}}