{"id":3143,"date":"2017-03-07T13:47:46","date_gmt":"2017-03-07T13:47:46","guid":{"rendered":"https:\/\/www.electroluxprofessional.com\/fr\/?page_id=3143"},"modified":"2026-03-16T08:12:51","modified_gmt":"2026-03-16T08:12:51","slug":"laves-batterie","status":"publish","type":"page","link":"https:\/\/www.electroluxprofessional.com\/fr\/equipement-cuisine\/equipement-lavage\/laves-batterie\/","title":{"rendered":"Laves batterie"},"content":{"rendered":"<p>[vc_row gap=&#8221;35&#8243;][vc_column width=&#8221;1\/2&#8243;][vc_column_text]<\/p>\n<h1 style=\"text-align: left;\">Laves-batterie professionnels pour cuisines commerciales<\/h1>\n<h2 style=\"text-align: left;\">Le lave batterie d\u2019Electrolux Professional,\u00a0la solution id\u00e9ale pour les clients \u00e0 la recherche de performance.<\/h2>\n<p style=\"text-align: left;\"><span style=\"font-weight: 400;\">Un fonctionnement souple et ergonomique : tout ce que vous traitez sera propre.\u00a0<\/span><span style=\"font-weight: 400;\">Parfaitement adapt\u00e9 pour le lavage de la batteries de cuisine, casseroles, ustensiles, bacs gastronomes ainsi que la platerie de boucherie et de boulangerie.\u00a0<\/span><span style=\"font-weight: 400;\">La promesse d&#8217;Electrolux Professional : fournir un\u00a0<\/span><b>fonctionnement fiable<\/b><span style=\"font-weight: 400;\">\u00a0garantissant le lavage de la batterie de cuisine, casseroles, bacs gastronomiques\u2026 \u00e0\u00a0<\/span><b>faibles co\u00fbts.<\/b><\/p>\n<p>[\/vc_column_text][\/vc_column][vc_column width=&#8221;1\/2&#8243;][vc_single_image image=&#8221;10461&#8243; img_size=&#8221;full&#8221; alignment=&#8221;center&#8221;][\/vc_column][\/vc_row][vc_row][vc_column][vc_empty_space height=&#8221;50px&#8221;][\/vc_column][\/vc_row][vc_row][vc_column width=&#8221;1\/3&#8243;][vc_single_image image=&#8221;9838&#8243; img_size=&#8221;100&#215;100&#8243;][elx_heading font_container=&#8221;h3&#8243; text_color=&#8221;inherit&#8221;]Perfomance[\/elx_heading][vc_column_text]<span style=\"font-weight: 400;\">Un lavage surpuissant et un rin\u00e7age \u00e9liminant l&#8217;int\u00e9gralit\u00e9 du d\u00e9tergent<\/span>[\/vc_column_text][\/vc_column][vc_column width=&#8221;1\/3&#8243;][vc_single_image image=&#8221;8803&#8243; img_size=&#8221;100&#215;100&#8243;][elx_heading font_container=&#8221;h3&#8243; text_color=&#8221;inherit&#8221;]Hygi\u00e8ne[\/elx_heading][vc_column_text]<span style=\"font-weight: 400;\">La garantie d&#8217;un rin\u00e7age \u00e0 temp\u00e9rature constante de 84\u00b0C satisfaisant aux exigences draconiennes de leur cat\u00e9gorie<\/span>[\/vc_column_text][\/vc_column][vc_column width=&#8221;1\/3&#8243;][vc_single_image image=&#8221;10467&#8243; img_size=&#8221;100&#215;100&#8243;][elx_heading font_container=&#8221;h3&#8243; text_color=&#8221;inherit&#8221;]Ergonomie[\/elx_heading][vc_column_text]<span style=\"font-weight: 400;\">L&#8217;excellence du design offre aux op\u00e9rateurs un environnement de travail simplifi\u00e9<\/span>[\/vc_column_text][\/vc_column][\/vc_row][vc_row][vc_column][vc_empty_space height=&#8221;50px&#8221;][\/vc_column][\/vc_row][vc_row][vc_column][elx_heading text_color=&#8221;inherit&#8221;]Besoin d&#8217;informations ? Contactez-nous ![\/elx_heading][elx_o2000_contact_us s=&#8221;Demande d&#8217;informations : lave-batterie&#8221; country=&#8221;France&#8221; r=&#8221;Je souhaite davantage d&#8217;informations sur les lave-batteries Electrolux.&#8221; e=&#8221;professionnel@electrolux.com&#8221; l=&#8221;fr&#8221;][\/vc_column][\/vc_row]<\/p>\n","protected":false},"excerpt":{"rendered":"<p>[vc_row gap=&#8221;35&#8243;][vc_column width=&#8221;1\/2&#8243;][vc_column_text] Laves-batterie professionnels pour cuisines commerciales Le lave batterie d\u2019Electrolux Professional,\u00a0la solution id\u00e9ale pour les clients \u00e0 la recherche de performance. Un fonctionnement souple et ergonomique : tout ce que vous traitez sera propre.\u00a0Parfaitement adapt\u00e9 pour le lavage de la batteries de cuisine, casseroles, ustensiles, bacs gastronomes ainsi que la platerie de boucherie [&hellip;]<\/p>\n","protected":false},"author":4,"featured_media":0,"parent":10442,"menu_order":0,"comment_status":"closed","ping_status":"closed","template":"","meta":{"footnotes":""},"class_list":["post-3143","page","type-page","status-publish","hentry"],"acf":[],"yoast_head":"<!-- This site is optimized with the Yoast SEO plugin v23.3 - https:\/\/yoast.com\/wordpress\/plugins\/seo\/ -->\n<title>Laves-batterie professionnels | Electrolux Professional<\/title>\n<meta name=\"description\" content=\"D\u00e9couvrez notre gamme de laves-batterie : \u00e9quipements de lavage haute performance pour cuisines professionnelles. Solutions fiables et efficaces.\" \/>\n<meta name=\"robots\" content=\"index, follow, max-snippet:-1, max-image-preview:large, max-video-preview:-1\" \/>\n<link rel=\"canonical\" href=\"https:\/\/www.electroluxprofessional.com\/fr\/equipement-cuisine\/equipement-lavage\/laves-batterie\/\" \/>\n<meta property=\"og:locale\" content=\"fr_FR\" \/>\n<meta property=\"og:type\" content=\"article\" \/>\n<meta property=\"og:title\" content=\"Laves-batterie professionnels | Electrolux Professional\" \/>\n<meta property=\"og:description\" content=\"D\u00e9couvrez notre gamme de laves-batterie : \u00e9quipements de lavage haute performance pour cuisines professionnelles. Solutions fiables et efficaces.\" \/>\n<meta property=\"og:url\" content=\"https:\/\/www.electroluxprofessional.com\/fr\/equipement-cuisine\/equipement-lavage\/laves-batterie\/\" \/>\n<meta property=\"og:site_name\" content=\"Electrolux Professional France\" \/>\n<meta property=\"article:modified_time\" content=\"2026-03-16T08:12:51+00:00\" \/>\n<meta name=\"twitter:card\" content=\"summary_large_image\" \/>\n<meta name=\"twitter:label1\" content=\"Dur\u00e9e de lecture estim\u00e9e\" \/>\n\t<meta name=\"twitter:data1\" content=\"2 minutes\" \/>\n<script type=\"application\/ld+json\" class=\"yoast-schema-graph\">{\"@context\":\"https:\/\/schema.org\",\"@graph\":[{\"@type\":\"WebPage\",\"@id\":\"https:\/\/www.electroluxprofessional.com\/fr\/equipement-cuisine\/equipement-lavage\/laves-batterie\/\",\"url\":\"https:\/\/www.electroluxprofessional.com\/fr\/equipement-cuisine\/equipement-lavage\/laves-batterie\/\",\"name\":\"Laves-batterie professionnels | Electrolux Professional\",\"isPartOf\":{\"@id\":\"https:\/\/www.electroluxprofessional.com\/fr\/#website\"},\"datePublished\":\"2017-03-07T13:47:46+00:00\",\"dateModified\":\"2026-03-16T08:12:51+00:00\",\"description\":\"D\u00e9couvrez notre gamme de laves-batterie : \u00e9quipements de lavage haute performance pour cuisines professionnelles. Solutions fiables et efficaces.\",\"breadcrumb\":{\"@id\":\"https:\/\/www.electroluxprofessional.com\/fr\/equipement-cuisine\/equipement-lavage\/laves-batterie\/#breadcrumb\"},\"inLanguage\":\"fr-FR\",\"potentialAction\":[{\"@type\":\"ReadAction\",\"target\":[\"https:\/\/www.electroluxprofessional.com\/fr\/equipement-cuisine\/equipement-lavage\/laves-batterie\/\"]}]},{\"@type\":\"BreadcrumbList\",\"@id\":\"https:\/\/www.electroluxprofessional.com\/fr\/equipement-cuisine\/equipement-lavage\/laves-batterie\/#breadcrumb\",\"itemListElement\":[{\"@type\":\"ListItem\",\"position\":1,\"name\":\"Home\",\"item\":\"https:\/\/www.electroluxprofessional.com\/fr\/\"},{\"@type\":\"ListItem\",\"position\":2,\"name\":\"Mat\u00e9riel de cuisine professionnel &#8211; Electrolux Professional\",\"item\":\"https:\/\/www.electroluxprofessional.com\/fr\/equipement-cuisine\/\"},{\"@type\":\"ListItem\",\"position\":3,\"name\":\"Equipements lavage\",\"item\":\"https:\/\/www.electroluxprofessional.com\/fr\/equipement-cuisine\/equipement-lavage\/\"},{\"@type\":\"ListItem\",\"position\":4,\"name\":\"Laves batterie\"}]},{\"@type\":\"WebSite\",\"@id\":\"https:\/\/www.electroluxprofessional.com\/fr\/#website\",\"url\":\"https:\/\/www.electroluxprofessional.com\/fr\/\",\"name\":\"Electrolux Professional France\",\"description\":\"\",\"potentialAction\":[{\"@type\":\"SearchAction\",\"target\":{\"@type\":\"EntryPoint\",\"urlTemplate\":\"https:\/\/www.electroluxprofessional.com\/fr\/?src={search_term_string}\"},\"query-input\":\"required name=search_term_string\"}],\"inLanguage\":\"fr-FR\"}]}<\/script>\n<!-- \/ Yoast SEO plugin. -->","yoast_head_json":{"title":"Laves-batterie professionnels | Electrolux Professional","description":"D\u00e9couvrez notre gamme de laves-batterie : \u00e9quipements de lavage haute performance pour cuisines professionnelles. Solutions fiables et efficaces.","robots":{"index":"index","follow":"follow","max-snippet":"max-snippet:-1","max-image-preview":"max-image-preview:large","max-video-preview":"max-video-preview:-1"},"canonical":"https:\/\/www.electroluxprofessional.com\/fr\/equipement-cuisine\/equipement-lavage\/laves-batterie\/","og_locale":"fr_FR","og_type":"article","og_title":"Laves-batterie professionnels | Electrolux Professional","og_description":"D\u00e9couvrez notre gamme de laves-batterie : \u00e9quipements de lavage haute performance pour cuisines professionnelles. Solutions fiables et efficaces.","og_url":"https:\/\/www.electroluxprofessional.com\/fr\/equipement-cuisine\/equipement-lavage\/laves-batterie\/","og_site_name":"Electrolux Professional France","article_modified_time":"2026-03-16T08:12:51+00:00","twitter_card":"summary_large_image","twitter_misc":{"Dur\u00e9e de lecture estim\u00e9e":"2 minutes"},"schema":{"@context":"https:\/\/schema.org","@graph":[{"@type":"WebPage","@id":"https:\/\/www.electroluxprofessional.com\/fr\/equipement-cuisine\/equipement-lavage\/laves-batterie\/","url":"https:\/\/www.electroluxprofessional.com\/fr\/equipement-cuisine\/equipement-lavage\/laves-batterie\/","name":"Laves-batterie professionnels | Electrolux Professional","isPartOf":{"@id":"https:\/\/www.electroluxprofessional.com\/fr\/#website"},"datePublished":"2017-03-07T13:47:46+00:00","dateModified":"2026-03-16T08:12:51+00:00","description":"D\u00e9couvrez notre gamme de laves-batterie : \u00e9quipements de lavage haute performance pour cuisines professionnelles. Solutions fiables et efficaces.","breadcrumb":{"@id":"https:\/\/www.electroluxprofessional.com\/fr\/equipement-cuisine\/equipement-lavage\/laves-batterie\/#breadcrumb"},"inLanguage":"fr-FR","potentialAction":[{"@type":"ReadAction","target":["https:\/\/www.electroluxprofessional.com\/fr\/equipement-cuisine\/equipement-lavage\/laves-batterie\/"]}]},{"@type":"BreadcrumbList","@id":"https:\/\/www.electroluxprofessional.com\/fr\/equipement-cuisine\/equipement-lavage\/laves-batterie\/#breadcrumb","itemListElement":[{"@type":"ListItem","position":1,"name":"Home","item":"https:\/\/www.electroluxprofessional.com\/fr\/"},{"@type":"ListItem","position":2,"name":"Mat\u00e9riel de cuisine professionnel &#8211; Electrolux Professional","item":"https:\/\/www.electroluxprofessional.com\/fr\/equipement-cuisine\/"},{"@type":"ListItem","position":3,"name":"Equipements lavage","item":"https:\/\/www.electroluxprofessional.com\/fr\/equipement-cuisine\/equipement-lavage\/"},{"@type":"ListItem","position":4,"name":"Laves batterie"}]},{"@type":"WebSite","@id":"https:\/\/www.electroluxprofessional.com\/fr\/#website","url":"https:\/\/www.electroluxprofessional.com\/fr\/","name":"Electrolux Professional France","description":"","potentialAction":[{"@type":"SearchAction","target":{"@type":"EntryPoint","urlTemplate":"https:\/\/www.electroluxprofessional.com\/fr\/?src={search_term_string}"},"query-input":"required name=search_term_string"}],"inLanguage":"fr-FR"}]}},"_links":{"self":[{"href":"https:\/\/www.electroluxprofessional.com\/fr\/wp-json\/wp\/v2\/pages\/3143"}],"collection":[{"href":"https:\/\/www.electroluxprofessional.com\/fr\/wp-json\/wp\/v2\/pages"}],"about":[{"href":"https:\/\/www.electroluxprofessional.com\/fr\/wp-json\/wp\/v2\/types\/page"}],"author":[{"embeddable":true,"href":"https:\/\/www.electroluxprofessional.com\/fr\/wp-json\/wp\/v2\/users\/4"}],"replies":[{"embeddable":true,"href":"https:\/\/www.electroluxprofessional.com\/fr\/wp-json\/wp\/v2\/comments?post=3143"}],"version-history":[{"count":15,"href":"https:\/\/www.electroluxprofessional.com\/fr\/wp-json\/wp\/v2\/pages\/3143\/revisions"}],"predecessor-version":[{"id":31127,"href":"https:\/\/www.electroluxprofessional.com\/fr\/wp-json\/wp\/v2\/pages\/3143\/revisions\/31127"}],"up":[{"embeddable":true,"href":"https:\/\/www.electroluxprofessional.com\/fr\/wp-json\/wp\/v2\/pages\/10442"}],"wp:attachment":[{"href":"https:\/\/www.electroluxprofessional.com\/fr\/wp-json\/wp\/v2\/media?parent=3143"}],"curies":[{"name":"wp","href":"https:\/\/api.w.org\/{rel}","templated":true}]}}