{"id":3135,"date":"2017-03-07T13:42:59","date_gmt":"2017-03-07T13:42:59","guid":{"rendered":"https:\/\/www.electroluxprofessional.com\/fr\/?page_id=3135"},"modified":"2026-03-23T15:33:41","modified_gmt":"2026-03-23T15:33:41","slug":"environnement-pour-laveuses-capot","status":"publish","type":"page","link":"https:\/\/www.electroluxprofessional.com\/fr\/equipement-cuisine\/environnement-pour-laveuses-capot\/","title":{"rendered":"Environnement pour laveuses \u00e0 capot"},"content":{"rendered":"<p>[vc_row][vc_column][vc_column_text]<\/p>\n<h1 style=\"text-align: center;\">Environnement pour laveuses \u00e0 capot &#8211; Accessoires professionnels<\/h1>\n<p style=\"text-align: center;\">Electrolux\u2019s appliances have been designed using a modular approach, allowing them to be tailored to your individual requirements.<\/p>\n<p style=\"text-align: center;\">The modular <strong>Handling system for Hood Type<\/strong> allows you to design ergonomic and reliable solutions to handle, transport and sort kitchenware, obtaining the most effective flow in the dishwashing room.<\/p>\n<p style=\"text-align: center;\">The Basic range has been specifically designed to create an ergonomic and efficient small dishwashing area to satisfy specific capacity and space requirements.<\/p>\n<p style=\"text-align: center;\">The range consists of loading and unloading tables, prewash tables and sorting units.<\/p>\n<p>[\/vc_column_text][\/vc_column][\/vc_row]<\/p>\n","protected":false},"excerpt":{"rendered":"<p>[vc_row][vc_column][vc_column_text] Environnement pour laveuses \u00e0 capot &#8211; Accessoires professionnels Electrolux\u2019s appliances have been designed using a modular approach, allowing them to be tailored to your individual requirements. The modular Handling system for Hood Type allows you to design ergonomic and reliable solutions to handle, transport and sort kitchenware, obtaining the most effective flow in the [&hellip;]<\/p>\n","protected":false},"author":4,"featured_media":0,"parent":2100,"menu_order":0,"comment_status":"closed","ping_status":"closed","template":"","meta":{"footnotes":""},"class_list":["post-3135","page","type-page","status-publish","hentry"],"acf":[],"yoast_head":"<!-- This site is optimized with the Yoast SEO plugin v23.3 - https:\/\/yoast.com\/wordpress\/plugins\/seo\/ -->\n<title>Environnement pour laveuses \u00e0 capot | Electrolux Professional<\/title>\n<meta name=\"description\" content=\"D\u00e9couvrez notre gamme compl\u00e8te d&#039;environnement pour laveuses \u00e0 capot : accessoires et solutions professionnelles pour optimiser votre laverie.\" \/>\n<meta name=\"robots\" content=\"index, follow, max-snippet:-1, max-image-preview:large, max-video-preview:-1\" \/>\n<link rel=\"canonical\" href=\"https:\/\/www.electroluxprofessional.com\/fr\/equipement-cuisine\/environnement-pour-laveuses-capot\/\" \/>\n<meta property=\"og:locale\" content=\"fr_FR\" \/>\n<meta property=\"og:type\" content=\"article\" \/>\n<meta property=\"og:title\" content=\"Environnement pour laveuses \u00e0 capot | Electrolux Professional\" \/>\n<meta property=\"og:description\" content=\"D\u00e9couvrez notre gamme compl\u00e8te d&#039;environnement pour laveuses \u00e0 capot : accessoires et solutions professionnelles pour optimiser votre laverie.\" \/>\n<meta property=\"og:url\" content=\"https:\/\/www.electroluxprofessional.com\/fr\/equipement-cuisine\/environnement-pour-laveuses-capot\/\" \/>\n<meta property=\"og:site_name\" content=\"Electrolux Professional France\" \/>\n<meta property=\"article:modified_time\" content=\"2026-03-23T15:33:41+00:00\" \/>\n<meta name=\"twitter:card\" content=\"summary_large_image\" \/>\n<meta name=\"twitter:label1\" content=\"Dur\u00e9e de lecture estim\u00e9e\" \/>\n\t<meta name=\"twitter:data1\" content=\"1 minute\" \/>\n<script type=\"application\/ld+json\" class=\"yoast-schema-graph\">{\"@context\":\"https:\/\/schema.org\",\"@graph\":[{\"@type\":\"WebPage\",\"@id\":\"https:\/\/www.electroluxprofessional.com\/fr\/equipement-cuisine\/environnement-pour-laveuses-capot\/\",\"url\":\"https:\/\/www.electroluxprofessional.com\/fr\/equipement-cuisine\/environnement-pour-laveuses-capot\/\",\"name\":\"Environnement pour laveuses \u00e0 capot | Electrolux Professional\",\"isPartOf\":{\"@id\":\"https:\/\/www.electroluxprofessional.com\/fr\/#website\"},\"datePublished\":\"2017-03-07T13:42:59+00:00\",\"dateModified\":\"2026-03-23T15:33:41+00:00\",\"description\":\"D\u00e9couvrez notre gamme compl\u00e8te d'environnement pour laveuses \u00e0 capot : accessoires et solutions professionnelles pour optimiser votre laverie.\",\"breadcrumb\":{\"@id\":\"https:\/\/www.electroluxprofessional.com\/fr\/equipement-cuisine\/environnement-pour-laveuses-capot\/#breadcrumb\"},\"inLanguage\":\"fr-FR\",\"potentialAction\":[{\"@type\":\"ReadAction\",\"target\":[\"https:\/\/www.electroluxprofessional.com\/fr\/equipement-cuisine\/environnement-pour-laveuses-capot\/\"]}]},{\"@type\":\"BreadcrumbList\",\"@id\":\"https:\/\/www.electroluxprofessional.com\/fr\/equipement-cuisine\/environnement-pour-laveuses-capot\/#breadcrumb\",\"itemListElement\":[{\"@type\":\"ListItem\",\"position\":1,\"name\":\"Home\",\"item\":\"https:\/\/www.electroluxprofessional.com\/fr\/\"},{\"@type\":\"ListItem\",\"position\":2,\"name\":\"Mat\u00e9riel de cuisine professionnel &#8211; Electrolux Professional\",\"item\":\"https:\/\/www.electroluxprofessional.com\/fr\/equipement-cuisine\/\"},{\"@type\":\"ListItem\",\"position\":3,\"name\":\"Environnement pour laveuses \u00e0 capot\"}]},{\"@type\":\"WebSite\",\"@id\":\"https:\/\/www.electroluxprofessional.com\/fr\/#website\",\"url\":\"https:\/\/www.electroluxprofessional.com\/fr\/\",\"name\":\"Electrolux Professional France\",\"description\":\"\",\"potentialAction\":[{\"@type\":\"SearchAction\",\"target\":{\"@type\":\"EntryPoint\",\"urlTemplate\":\"https:\/\/www.electroluxprofessional.com\/fr\/?src={search_term_string}\"},\"query-input\":\"required name=search_term_string\"}],\"inLanguage\":\"fr-FR\"}]}<\/script>\n<!-- \/ Yoast SEO plugin. -->","yoast_head_json":{"title":"Environnement pour laveuses \u00e0 capot | Electrolux Professional","description":"D\u00e9couvrez notre gamme compl\u00e8te d'environnement pour laveuses \u00e0 capot : accessoires et solutions professionnelles pour optimiser votre laverie.","robots":{"index":"index","follow":"follow","max-snippet":"max-snippet:-1","max-image-preview":"max-image-preview:large","max-video-preview":"max-video-preview:-1"},"canonical":"https:\/\/www.electroluxprofessional.com\/fr\/equipement-cuisine\/environnement-pour-laveuses-capot\/","og_locale":"fr_FR","og_type":"article","og_title":"Environnement pour laveuses \u00e0 capot | Electrolux Professional","og_description":"D\u00e9couvrez notre gamme compl\u00e8te d'environnement pour laveuses \u00e0 capot : accessoires et solutions professionnelles pour optimiser votre laverie.","og_url":"https:\/\/www.electroluxprofessional.com\/fr\/equipement-cuisine\/environnement-pour-laveuses-capot\/","og_site_name":"Electrolux Professional France","article_modified_time":"2026-03-23T15:33:41+00:00","twitter_card":"summary_large_image","twitter_misc":{"Dur\u00e9e de lecture estim\u00e9e":"1 minute"},"schema":{"@context":"https:\/\/schema.org","@graph":[{"@type":"WebPage","@id":"https:\/\/www.electroluxprofessional.com\/fr\/equipement-cuisine\/environnement-pour-laveuses-capot\/","url":"https:\/\/www.electroluxprofessional.com\/fr\/equipement-cuisine\/environnement-pour-laveuses-capot\/","name":"Environnement pour laveuses \u00e0 capot | Electrolux Professional","isPartOf":{"@id":"https:\/\/www.electroluxprofessional.com\/fr\/#website"},"datePublished":"2017-03-07T13:42:59+00:00","dateModified":"2026-03-23T15:33:41+00:00","description":"D\u00e9couvrez notre gamme compl\u00e8te d'environnement pour laveuses \u00e0 capot : accessoires et solutions professionnelles pour optimiser votre laverie.","breadcrumb":{"@id":"https:\/\/www.electroluxprofessional.com\/fr\/equipement-cuisine\/environnement-pour-laveuses-capot\/#breadcrumb"},"inLanguage":"fr-FR","potentialAction":[{"@type":"ReadAction","target":["https:\/\/www.electroluxprofessional.com\/fr\/equipement-cuisine\/environnement-pour-laveuses-capot\/"]}]},{"@type":"BreadcrumbList","@id":"https:\/\/www.electroluxprofessional.com\/fr\/equipement-cuisine\/environnement-pour-laveuses-capot\/#breadcrumb","itemListElement":[{"@type":"ListItem","position":1,"name":"Home","item":"https:\/\/www.electroluxprofessional.com\/fr\/"},{"@type":"ListItem","position":2,"name":"Mat\u00e9riel de cuisine professionnel &#8211; Electrolux Professional","item":"https:\/\/www.electroluxprofessional.com\/fr\/equipement-cuisine\/"},{"@type":"ListItem","position":3,"name":"Environnement pour laveuses \u00e0 capot"}]},{"@type":"WebSite","@id":"https:\/\/www.electroluxprofessional.com\/fr\/#website","url":"https:\/\/www.electroluxprofessional.com\/fr\/","name":"Electrolux Professional France","description":"","potentialAction":[{"@type":"SearchAction","target":{"@type":"EntryPoint","urlTemplate":"https:\/\/www.electroluxprofessional.com\/fr\/?src={search_term_string}"},"query-input":"required name=search_term_string"}],"inLanguage":"fr-FR"}]}},"_links":{"self":[{"href":"https:\/\/www.electroluxprofessional.com\/fr\/wp-json\/wp\/v2\/pages\/3135"}],"collection":[{"href":"https:\/\/www.electroluxprofessional.com\/fr\/wp-json\/wp\/v2\/pages"}],"about":[{"href":"https:\/\/www.electroluxprofessional.com\/fr\/wp-json\/wp\/v2\/types\/page"}],"author":[{"embeddable":true,"href":"https:\/\/www.electroluxprofessional.com\/fr\/wp-json\/wp\/v2\/users\/4"}],"replies":[{"embeddable":true,"href":"https:\/\/www.electroluxprofessional.com\/fr\/wp-json\/wp\/v2\/comments?post=3135"}],"version-history":[{"count":4,"href":"https:\/\/www.electroluxprofessional.com\/fr\/wp-json\/wp\/v2\/pages\/3135\/revisions"}],"predecessor-version":[{"id":31413,"href":"https:\/\/www.electroluxprofessional.com\/fr\/wp-json\/wp\/v2\/pages\/3135\/revisions\/31413"}],"up":[{"embeddable":true,"href":"https:\/\/www.electroluxprofessional.com\/fr\/wp-json\/wp\/v2\/pages\/2100"}],"wp:attachment":[{"href":"https:\/\/www.electroluxprofessional.com\/fr\/wp-json\/wp\/v2\/media?parent=3135"}],"curies":[{"name":"wp","href":"https:\/\/api.w.org\/{rel}","templated":true}]}}