{"id":3133,"date":"2017-03-07T13:41:36","date_gmt":"2017-03-07T13:41:36","guid":{"rendered":"https:\/\/www.electroluxprofessional.com\/fr\/?page_id=3133"},"modified":"2026-04-13T17:12:08","modified_gmt":"2026-04-13T17:12:08","slug":"lave-vaisselle-capot","status":"publish","type":"page","link":"https:\/\/www.electroluxprofessional.com\/fr\/equipement-cuisine\/equipement-lavage\/lave-vaisselle-capot\/","title":{"rendered":"Lave-vaisselle \u00e0 capot"},"content":{"rendered":"<p>[vc_row full_width=&#8221;electroluxpro-full-width-no-padding&#8221;][vc_column][elx_full_banner title=&#8221;Lave-vaisselle \u00e0 capot haute performance pour cuisines professionnelles&#8221; set_as_h1=&#8221;true&#8221; link=&#8221;url:https%3A%2F%2Fwww.electroluxprofessional.com%2Ffr%2Fequipement-cuisine%2Fequipement-lavage%2Flave-vaisselle-capot%2F%23contact|title:Contacter%20un%20expert%20en%20laverie&#8221; background_image_media_library=&#8221;23312&#8243; background_image_media_library_mobile=&#8221;23313&#8243;][\/vc_column][\/vc_row][vc_row][vc_column][vc_empty_space height=&#8221;20px&#8221;][elx_heading font_size=&#8221;h5&#8243; text_color=&#8221;inherit&#8221;]Une performance durable pour de faibles co\u00fbts de fonctionnement[\/elx_heading][vc_empty_space height=&#8221;20px&#8221;][vc_column_text]Le lave-vaisselle id\u00e9al pour nettoyer parfaitement les assiettes, tasses, ustensiles, plateaux, bacs gastronormes et couverts.[\/vc_column_text][vc_empty_space][\/vc_column][\/vc_row][vc_row][vc_column width=&#8221;1\/2&#8243; css=&#8221;.vc_custom_1690368604855{margin-right: 30px !important;}&#8221;][elx_heading font_container=&#8221;h6&#8243; text_color=&#8221;inherit&#8221;]80 casiers\/heure pour une productivit\u00e9 maximale[\/elx_heading][vc_column_text]Le cycle de 45 secondes permet de laver jusqu&#8217;\u00e0 2 880 verres\/heure ou 1 440 assiettes\/heure.[\/vc_column_text][vc_empty_space height=&#8221;10px&#8221;][elx_heading font_container=&#8221;h6&#8243; text_color=&#8221;inherit&#8221;]Seulement 2L d&#8217;eau par cycle[\/elx_heading][vc_column_text]Limitez votre impact environnemental gr\u00e2ce \u00e0 une consommation d&#8217;eau de 2L par cycle et une consommation r\u00e9duite d&#8217;\u00e9nergie, de produits d\u00e9tergents et de rin\u00e7age.[\/vc_column_text][vc_empty_space height=&#8221;10px&#8221;][elx_heading font_container=&#8221;h6&#8243; text_color=&#8221;inherit&#8221;]ESD &#8211; Dispositif d\u2019Economies d\u2019Energie[\/elx_heading][vc_column_text]Condenseur ultra-performant. Pas besoin d&#8217;extraction.<br \/>\nLa vapeur g\u00e9n\u00e9r\u00e9e pendant le cycle de rin\u00e7age est capt\u00e9e et son \u00e9nergie est utilis\u00e9e pour pr\u00e9chauffer l\u2019eau froide qui alimentera la chaudi\u00e8re.[\/vc_column_text][vc_empty_space height=&#8221;20px&#8221;][elx_heading font_container=&#8221;h6&#8243; text_color=&#8221;inherit&#8221;]Performance durable gr\u00e2ce au dispositif ZeroLime[\/elx_heading][vc_column_text]Le cycle de d\u00e9tartrage automatique maintient la chaudi\u00e8re, le circuit hydraulique, les \u00e9l\u00e9ments chauffants, les buses et la chambre de lavage compl\u00e8tement exempts de tartre, maintenant ainsi des performances \u00e9lev\u00e9es, une faible consommation d\u2019\u00e9nergie et des co\u00fbts d\u2019exploitation r\u00e9duits.[\/vc_column_text][vc_empty_space height=&#8221;10px&#8221;][elx_button button_text=&#8221;Contactez-nous&#8221; button_display_block=&#8221;display_block_on&#8221; button_alignment=&#8221;align_center&#8221; button_link=&#8221;url:https%3A%2F%2Fwww.electroluxprofessional.com%2Ffr%2Fequipement-cuisine%2Fequipement-lavage%2Flave-vaisselle-capot%2F%23contact&#8221;][vc_empty_space height=&#8221;10px&#8221;][\/vc_column][vc_column width=&#8221;1\/2&#8243;][vc_single_image image=&#8221;22410&#8243; img_size=&#8221;600&#215;800&#8243; alignment=&#8221;center&#8221;][vc_empty_space][\/vc_column][\/vc_row][vc_row][vc_column css=&#8221;.vc_custom_1697795413808{background-color: #14133b !important;}&#8221;][vc_empty_space][elx_heading text_color=&#8221;white&#8221; text_align=&#8221;text-center&#8221;]Lave-vaisselle \u00e0 capot haute performance pour cuisines professionnelles[\/elx_heading][elx_heading font_container=&#8221;h3&#8243; text_color=&#8221;white&#8221; text_align=&#8221;text-center&#8221;]Vous pouvez s\u00e9cher votre vaisselle en moins de 3 minutes ![\/elx_heading][vc_empty_space height=&#8221;10px&#8221;][vc_column_text]<\/p>\n<p style=\"color: #ffffff; text-align: center;\">D\u00e9couvrez le tunnel de s\u00e9chage HERODRY :<\/p>\n<p>[\/vc_column_text][vc_empty_space][elx_button button_text=&#8221;D\u00e9couvrir&#8221; button_display_block=&#8221;display_block_on&#8221; button_alignment=&#8221;align_center&#8221; button_link=&#8221;url:https%3A%2F%2Fwww.electroluxprofessional.com%2Ffr%2Fequipement-cuisine%2Fequipement-lavage%2Fherodry-solution-sechage-vaisselle%2F|target:_blank&#8221;][vc_empty_space][\/vc_column][\/vc_row][vc_row][vc_column][vc_empty_space][\/vc_column][\/vc_row][vc_row][vc_column width=&#8221;1\/4&#8243;][vc_single_image image=&#8221;10391&#8243; img_size=&#8221;full&#8221; alignment=&#8221;center&#8221;][elx_heading font_size=&#8221;h4&#8243; text_color=&#8221;inherit&#8221; text_align=&#8221;text-center&#8221;]Green[\/elx_heading][vc_column_text]<\/p>\n<p style=\"text-align: center;\">Moins de consommation d\u2019eau, d\u2019\u00e9nergie, de d\u00e9tergent pour moins d\u2019impact environnemental.<\/p>\n<p>[\/vc_column_text][\/vc_column][vc_column width=&#8221;1\/4&#8243;][vc_single_image image=&#8221;10392&#8243; img_size=&#8221;full&#8221; alignment=&#8221;center&#8221;][elx_heading font_size=&#8221;h4&#8243; text_color=&#8221;inherit&#8221; text_align=&#8221;text-center&#8221;]Clean[\/elx_heading][vc_column_text]<\/p>\n<p style=\"text-align: center;\">Performances de lavage et de rin\u00e7age optimales et \u00e9limination totale du d\u00e9tergent.<\/p>\n<p>[\/vc_column_text][\/vc_column][vc_column width=&#8221;1\/4&#8243;][vc_single_image image=&#8221;10393&#8243; img_size=&#8221;full&#8221; alignment=&#8221;center&#8221;][elx_heading font_size=&#8221;h4&#8243; text_color=&#8221;inherit&#8221; text_align=&#8221;text-center&#8221;]Hygi\u00e8ne maximale[\/elx_heading][vc_column_text]<\/p>\n<p style=\"text-align: center;\">Fonction unique WashSafe Control pour une temp\u00e9rature de rin\u00e7age constante de 84\u00b0C.<\/p>\n<p>[\/vc_column_text][\/vc_column][vc_column width=&#8221;1\/4&#8243;][vc_single_image image=&#8221;10394&#8243; alignment=&#8221;center&#8221;][elx_heading font_size=&#8221;h4&#8243; text_color=&#8221;inherit&#8221; text_align=&#8221;text-center&#8221;]Utilisation simple[\/elx_heading][vc_column_text]<\/p>\n<p style=\"text-align: center;\"><span style=\"font-weight: 400;\">Tableau de commande ergonomique. Nettoyage simplifi\u00e9 gr\u00e2ce \u00e0 l&#8217;auto-nettoyage.<\/span><\/p>\n<p>[\/vc_column_text][\/vc_column][\/vc_row][vc_row][vc_column][vc_empty_space][elx_button button_text=&#8221;Contacter un expert&#8221; button_style=&#8221;default&#8221; button_display_block=&#8221;display_block_on&#8221; button_alignment=&#8221;align_center&#8221; button_link=&#8221;url:https%3A%2F%2Fwww.electroluxprofessional.com%2Ffr%2Fequipement-cuisine%2Fequipement-lavage%2Flaves-vaisselle-capot%2F%23contact&#8221;][vc_empty_space][\/vc_column][\/vc_row][vc_row][vc_column][vc_empty_space][elx_heading font_size=&#8221;h5&#8243; text_color=&#8221;inherit&#8221;]R\u00e9alisez jusqu&#8217;\u00e0 1 040 \u20ac d&#8217;\u00e9conomies par an*[\/elx_heading][vc_empty_space height=&#8221;50px&#8221;][vc_single_image image=&#8221;22258&#8243; img_size=&#8221;1200&#215;300&#8243;][vc_empty_space height=&#8221;50px&#8221;][vc_column_text]<span style=\"font-size: 80%;\"><em>*Les \u00e9conomies de co\u00fbts sont le r\u00e9sultat des calculs effectu\u00e9s par Electrolux Professional LAB qui est certifi\u00e9 par IMQ et INTERTEK.<br \/>\nComparaison faite entre un lave-vaisselle \u00e0 capot green&amp;clean et une machine conventionnelle \u00e9quivalente utilisant 3 l\/cycle pour le rin\u00e7age, 100 cycles\/jour, 300 jours ouvrables \/an et eau d\u2019entr\u00e9e \u00e0 10 \u00b0C.<\/em><\/span>[\/vc_column_text][vc_empty_space height=&#8221;50px&#8221;][\/vc_column][\/vc_row][vc_row css=&#8221;.vc_custom_1689855352615{background-color: #d2e8ef !important;}&#8221;][vc_column][vc_empty_space][vc_column_text]R\u00e9alisez des \u00e9conomies annuelles d\u2019eau, d\u2019\u00e9nergie, de d\u00e9tergent et de liquide de rin\u00e7age tout en profitant des meilleures performances de votre \u00e9quipement.[\/vc_column_text][vc_empty_space][vc_row_inner][vc_column_inner width=&#8221;1\/6&#8243;][vc_empty_space][vc_single_image image=&#8221;22259&#8243; img_size=&#8221;100&#215;100&#8243; alignment=&#8221;center&#8221;][\/vc_column_inner][vc_column_inner width=&#8221;2\/6&#8243;][elx_heading text_color=&#8221;inherit&#8221; text_align=&#8221;text-left&#8221;]Economies d\u2019\u00e9nergie[\/elx_heading][vc_column_text]Jusqu\u2019\u00e0 60 % avec 34 % d\u2019\u00e9conomies de d\u00e9tergents gr\u00e2ce \u00e0 une faible consommation d\u2019eau de rin\u00e7age et \u00e0 la taille optimis\u00e9e de la cuve de lavage.[\/vc_column_text][\/vc_column_inner][vc_column_inner width=&#8221;1\/6&#8243;][vc_empty_space][vc_single_image image=&#8221;22260&#8243; img_size=&#8221;100&#215;100&#8243; alignment=&#8221;center&#8221;][\/vc_column_inner][vc_column_inner width=&#8221;2\/6&#8243;][elx_heading text_color=&#8221;inherit&#8221; text_align=&#8221;text-left&#8221;]Economies d\u2019eau[\/elx_heading][vc_column_text]Seulement 2 litres\/cycle d\u2019eau adoucie sont n\u00e9cessaires pour le rin\u00e7age, quelles que soient les conditions d\u2019arriv\u00e9e d\u2019eau[\/vc_column_text][\/vc_column_inner][\/vc_row_inner][vc_empty_space][vc_empty_space][\/vc_column][\/vc_row][vc_row][vc_column][vc_empty_space][\/vc_column][\/vc_row][vc_row][vc_column width=&#8221;1\/3&#8243;][vc_empty_space][vc_single_image image=&#8221;676&#8243; img_size=&#8221;1000&#215;1000&#8243; alignment=&#8221;center&#8221;][\/vc_column][vc_column width=&#8221;2\/3&#8243;][elx_heading font_container=&#8221;h3&#8243; text_color=&#8221;inherit&#8221;]Performant, intuitif et simple d&#8217;utilisation[\/elx_heading][vc_empty_space][vc_column_text]<\/p>\n<ul>\n<li>ESD Dispositif d\u2019Economies d\u2019Energie<\/li>\n<li>Hauteur de chargement de 440 mm<\/li>\n<li>Cuve emboutie de 24 litres en position frontale<\/li>\n<li>Visibilit\u00e9 maximale gr\u00e2ce \u00e0 la position angulaire innovante du panneau de commande<\/li>\n<li>Fonction d\u2019autonettoyage<\/li>\n<li>Compos\u00e9 d\u2019un air gap et d\u2019un surpresseur de rin\u00e7age<\/li>\n<\/ul>\n<p>[\/vc_column_text][\/vc_column][\/vc_row][vc_row][vc_column][vc_empty_space][\/vc_column][\/vc_row][vc_row css=&#8221;.vc_custom_1690369049017{background-color: #14133b !important;}&#8221; el_id=&#8221;contact&#8221;][vc_column][vc_empty_space][elx_heading font_size=&#8221;h3&#8243; text_color=&#8221;white&#8221; text_align=&#8221;text-center&#8221;]Vous souhaitez en savoir plus ?[\/elx_heading][elx_heading font_container=&#8221;h6&#8243; font_size=&#8221;h6&#8243; text_color=&#8221;white&#8221; text_align=&#8221;text-center&#8221;]Contactez-nous via notre formulaire :[\/elx_heading][vc_empty_space height=&#8221;30px&#8221;][elx_o2000_contact_us s=&#8221;Demande d&#8217;informations : lave-vaisselles \u00e0 capot green and clean&#8221; flag_hide_request_type=&#8221;true&#8221; country=&#8221;France&#8221; b=&#8221;food&#8221; text_color=&#8221;#FFFFFF&#8221; thanks=&#8221;Merci pour votre demande, un expert vous contactera sous peu.&#8221; container=&#8221;elxcontactus1466429748&#8243; r=&#8221;Je souhaite davantage d&#8217;informations sur les lave-vaisselles \u00e0 capot green and clean.&#8221; l=&#8221;fr&#8221; e=&#8221;professionnel@electrolux.com&#8221;][vc_empty_space height=&#8221;50px&#8221;][\/vc_column][\/vc_row][vc_row][vc_column][vc_empty_space height=&#8221;50px&#8221;][elx_download_block text=&#8221;T\u00e9l\u00e9charger la brochure<br \/>\nsur les laveuses \u00e0 capot&#8221; file_picker=&#8221;17385&#8243; background_color=&#8221;electrolux-blue-for-small&#8221;][vc_empty_space height=&#8221;50px&#8221;][\/vc_column][\/vc_row]<\/p>\n","protected":false},"excerpt":{"rendered":"<p>[vc_row full_width=&#8221;electroluxpro-full-width-no-padding&#8221;][vc_column][elx_full_banner title=&#8221;Lave-vaisselle \u00e0 capot haute performance pour cuisines professionnelles&#8221; set_as_h1=&#8221;true&#8221; link=&#8221;url:https%3A%2F%2Fwww.electroluxprofessional.com%2Ffr%2Fequipement-cuisine%2Fequipement-lavage%2Flave-vaisselle-capot%2F%23contact|title:Contacter%20un%20expert%20en%20laverie&#8221; background_image_media_library=&#8221;23312&#8243; background_image_media_library_mobile=&#8221;23313&#8243;][\/vc_column][\/vc_row][vc_row][vc_column][vc_empty_space height=&#8221;20px&#8221;][elx_heading font_size=&#8221;h5&#8243; text_color=&#8221;inherit&#8221;]Une performance durable pour de faibles co\u00fbts de fonctionnement[\/elx_heading][vc_empty_space height=&#8221;20px&#8221;][vc_column_text]Le lave-vaisselle id\u00e9al pour nettoyer parfaitement les assiettes, tasses, ustensiles, plateaux, bacs gastronormes et couverts.[\/vc_column_text][vc_empty_space][\/vc_column][\/vc_row][vc_row][vc_column width=&#8221;1\/2&#8243; css=&#8221;.vc_custom_1690368604855{margin-right: 30px !important;}&#8221;][elx_heading font_container=&#8221;h6&#8243; text_color=&#8221;inherit&#8221;]80 casiers\/heure pour une productivit\u00e9 maximale[\/elx_heading][vc_column_text]Le cycle de 45 secondes [&hellip;]<\/p>\n","protected":false},"author":4,"featured_media":0,"parent":10442,"menu_order":0,"comment_status":"closed","ping_status":"closed","template":"","meta":{"footnotes":""},"class_list":["post-3133","page","type-page","status-publish","hentry"],"acf":[],"yoast_head":"<!-- This site is optimized with the Yoast SEO plugin v23.3 - https:\/\/yoast.com\/wordpress\/plugins\/seo\/ -->\n<title>Lave-vaisselle \u00e0 capot | Electrolux Professional<\/title>\n<meta name=\"description\" content=\"D\u00e9couvrez nos lave-vaisselles \u00e0 capot : 80 casiers\/heure, consommation 2L\/cycle, performance durable. Solution id\u00e9ale pour cuisines professionnelles.\" \/>\n<meta name=\"robots\" content=\"index, follow, max-snippet:-1, max-image-preview:large, max-video-preview:-1\" \/>\n<link rel=\"canonical\" href=\"https:\/\/www.electroluxprofessional.com\/fr\/equipement-cuisine\/equipement-lavage\/lave-vaisselle-capot\/\" \/>\n<meta property=\"og:locale\" content=\"fr_FR\" \/>\n<meta property=\"og:type\" content=\"article\" \/>\n<meta property=\"og:title\" content=\"Lave-vaisselle \u00e0 capot | Electrolux Professional\" \/>\n<meta property=\"og:description\" content=\"D\u00e9couvrez nos lave-vaisselles \u00e0 capot : 80 casiers\/heure, consommation 2L\/cycle, performance durable. Solution id\u00e9ale pour cuisines professionnelles.\" \/>\n<meta property=\"og:url\" content=\"https:\/\/www.electroluxprofessional.com\/fr\/equipement-cuisine\/equipement-lavage\/lave-vaisselle-capot\/\" \/>\n<meta property=\"og:site_name\" content=\"Electrolux Professional France\" \/>\n<meta property=\"article:modified_time\" content=\"2026-04-13T17:12:08+00:00\" \/>\n<meta name=\"twitter:card\" content=\"summary_large_image\" \/>\n<meta name=\"twitter:label1\" content=\"Dur\u00e9e de lecture estim\u00e9e\" \/>\n\t<meta name=\"twitter:data1\" content=\"4 minutes\" \/>\n<script type=\"application\/ld+json\" class=\"yoast-schema-graph\">{\"@context\":\"https:\/\/schema.org\",\"@graph\":[{\"@type\":\"WebPage\",\"@id\":\"https:\/\/www.electroluxprofessional.com\/fr\/equipement-cuisine\/equipement-lavage\/lave-vaisselle-capot\/\",\"url\":\"https:\/\/www.electroluxprofessional.com\/fr\/equipement-cuisine\/equipement-lavage\/lave-vaisselle-capot\/\",\"name\":\"Lave-vaisselle \u00e0 capot | Electrolux Professional\",\"isPartOf\":{\"@id\":\"https:\/\/www.electroluxprofessional.com\/fr\/#website\"},\"datePublished\":\"2017-03-07T13:41:36+00:00\",\"dateModified\":\"2026-04-13T17:12:08+00:00\",\"description\":\"D\u00e9couvrez nos lave-vaisselles \u00e0 capot : 80 casiers\/heure, consommation 2L\/cycle, performance durable. Solution id\u00e9ale pour cuisines professionnelles.\",\"breadcrumb\":{\"@id\":\"https:\/\/www.electroluxprofessional.com\/fr\/equipement-cuisine\/equipement-lavage\/lave-vaisselle-capot\/#breadcrumb\"},\"inLanguage\":\"fr-FR\",\"potentialAction\":[{\"@type\":\"ReadAction\",\"target\":[\"https:\/\/www.electroluxprofessional.com\/fr\/equipement-cuisine\/equipement-lavage\/lave-vaisselle-capot\/\"]}]},{\"@type\":\"BreadcrumbList\",\"@id\":\"https:\/\/www.electroluxprofessional.com\/fr\/equipement-cuisine\/equipement-lavage\/lave-vaisselle-capot\/#breadcrumb\",\"itemListElement\":[{\"@type\":\"ListItem\",\"position\":1,\"name\":\"Home\",\"item\":\"https:\/\/www.electroluxprofessional.com\/fr\/\"},{\"@type\":\"ListItem\",\"position\":2,\"name\":\"Mat\u00e9riel de cuisine professionnel\",\"item\":\"https:\/\/www.electroluxprofessional.com\/fr\/equipement-cuisine\/\"},{\"@type\":\"ListItem\",\"position\":3,\"name\":\"Equipements lavage\",\"item\":\"https:\/\/www.electroluxprofessional.com\/fr\/equipement-cuisine\/equipement-lavage\/\"},{\"@type\":\"ListItem\",\"position\":4,\"name\":\"Lave-vaisselle \u00e0 capot\"}]},{\"@type\":\"WebSite\",\"@id\":\"https:\/\/www.electroluxprofessional.com\/fr\/#website\",\"url\":\"https:\/\/www.electroluxprofessional.com\/fr\/\",\"name\":\"Electrolux Professional France\",\"description\":\"\",\"potentialAction\":[{\"@type\":\"SearchAction\",\"target\":{\"@type\":\"EntryPoint\",\"urlTemplate\":\"https:\/\/www.electroluxprofessional.com\/fr\/?src={search_term_string}\"},\"query-input\":\"required name=search_term_string\"}],\"inLanguage\":\"fr-FR\"}]}<\/script>\n<!-- \/ Yoast SEO plugin. -->","yoast_head_json":{"title":"Lave-vaisselle \u00e0 capot | Electrolux Professional","description":"D\u00e9couvrez nos lave-vaisselles \u00e0 capot : 80 casiers\/heure, consommation 2L\/cycle, performance durable. Solution id\u00e9ale pour cuisines professionnelles.","robots":{"index":"index","follow":"follow","max-snippet":"max-snippet:-1","max-image-preview":"max-image-preview:large","max-video-preview":"max-video-preview:-1"},"canonical":"https:\/\/www.electroluxprofessional.com\/fr\/equipement-cuisine\/equipement-lavage\/lave-vaisselle-capot\/","og_locale":"fr_FR","og_type":"article","og_title":"Lave-vaisselle \u00e0 capot | Electrolux Professional","og_description":"D\u00e9couvrez nos lave-vaisselles \u00e0 capot : 80 casiers\/heure, consommation 2L\/cycle, performance durable. Solution id\u00e9ale pour cuisines professionnelles.","og_url":"https:\/\/www.electroluxprofessional.com\/fr\/equipement-cuisine\/equipement-lavage\/lave-vaisselle-capot\/","og_site_name":"Electrolux Professional France","article_modified_time":"2026-04-13T17:12:08+00:00","twitter_card":"summary_large_image","twitter_misc":{"Dur\u00e9e de lecture estim\u00e9e":"4 minutes"},"schema":{"@context":"https:\/\/schema.org","@graph":[{"@type":"WebPage","@id":"https:\/\/www.electroluxprofessional.com\/fr\/equipement-cuisine\/equipement-lavage\/lave-vaisselle-capot\/","url":"https:\/\/www.electroluxprofessional.com\/fr\/equipement-cuisine\/equipement-lavage\/lave-vaisselle-capot\/","name":"Lave-vaisselle \u00e0 capot | Electrolux Professional","isPartOf":{"@id":"https:\/\/www.electroluxprofessional.com\/fr\/#website"},"datePublished":"2017-03-07T13:41:36+00:00","dateModified":"2026-04-13T17:12:08+00:00","description":"D\u00e9couvrez nos lave-vaisselles \u00e0 capot : 80 casiers\/heure, consommation 2L\/cycle, performance durable. Solution id\u00e9ale pour cuisines professionnelles.","breadcrumb":{"@id":"https:\/\/www.electroluxprofessional.com\/fr\/equipement-cuisine\/equipement-lavage\/lave-vaisselle-capot\/#breadcrumb"},"inLanguage":"fr-FR","potentialAction":[{"@type":"ReadAction","target":["https:\/\/www.electroluxprofessional.com\/fr\/equipement-cuisine\/equipement-lavage\/lave-vaisselle-capot\/"]}]},{"@type":"BreadcrumbList","@id":"https:\/\/www.electroluxprofessional.com\/fr\/equipement-cuisine\/equipement-lavage\/lave-vaisselle-capot\/#breadcrumb","itemListElement":[{"@type":"ListItem","position":1,"name":"Home","item":"https:\/\/www.electroluxprofessional.com\/fr\/"},{"@type":"ListItem","position":2,"name":"Mat\u00e9riel de cuisine professionnel","item":"https:\/\/www.electroluxprofessional.com\/fr\/equipement-cuisine\/"},{"@type":"ListItem","position":3,"name":"Equipements lavage","item":"https:\/\/www.electroluxprofessional.com\/fr\/equipement-cuisine\/equipement-lavage\/"},{"@type":"ListItem","position":4,"name":"Lave-vaisselle \u00e0 capot"}]},{"@type":"WebSite","@id":"https:\/\/www.electroluxprofessional.com\/fr\/#website","url":"https:\/\/www.electroluxprofessional.com\/fr\/","name":"Electrolux Professional France","description":"","potentialAction":[{"@type":"SearchAction","target":{"@type":"EntryPoint","urlTemplate":"https:\/\/www.electroluxprofessional.com\/fr\/?src={search_term_string}"},"query-input":"required name=search_term_string"}],"inLanguage":"fr-FR"}]}},"_links":{"self":[{"href":"https:\/\/www.electroluxprofessional.com\/fr\/wp-json\/wp\/v2\/pages\/3133"}],"collection":[{"href":"https:\/\/www.electroluxprofessional.com\/fr\/wp-json\/wp\/v2\/pages"}],"about":[{"href":"https:\/\/www.electroluxprofessional.com\/fr\/wp-json\/wp\/v2\/types\/page"}],"author":[{"embeddable":true,"href":"https:\/\/www.electroluxprofessional.com\/fr\/wp-json\/wp\/v2\/users\/4"}],"replies":[{"embeddable":true,"href":"https:\/\/www.electroluxprofessional.com\/fr\/wp-json\/wp\/v2\/comments?post=3133"}],"version-history":[{"count":35,"href":"https:\/\/www.electroluxprofessional.com\/fr\/wp-json\/wp\/v2\/pages\/3133\/revisions"}],"predecessor-version":[{"id":32080,"href":"https:\/\/www.electroluxprofessional.com\/fr\/wp-json\/wp\/v2\/pages\/3133\/revisions\/32080"}],"up":[{"embeddable":true,"href":"https:\/\/www.electroluxprofessional.com\/fr\/wp-json\/wp\/v2\/pages\/10442"}],"wp:attachment":[{"href":"https:\/\/www.electroluxprofessional.com\/fr\/wp-json\/wp\/v2\/media?parent=3133"}],"curies":[{"name":"wp","href":"https:\/\/api.w.org\/{rel}","templated":true}]}}