{"id":31264,"date":"2026-04-09T16:19:38","date_gmt":"2026-04-09T16:19:38","guid":{"rendered":"https:\/\/www.electroluxprofessional.com\/fr\/?page_id=31264"},"modified":"2026-04-09T16:19:38","modified_gmt":"2026-04-09T16:19:38","slug":"lave-linges-professionnels-line-6000","status":"publish","type":"page","link":"https:\/\/www.electroluxprofessional.com\/fr\/videos\/lave-linges-professionnels-line-6000\/","title":{"rendered":"Fonctionnalit\u00e9s lave-linges professionnels Line 6000"},"content":{"rendered":"<p>[vc_row][vc_column][elx_heading font_container=&#8221;h1&#8243; text_color=&#8221;inherit&#8221;]Laveuses professionnelles Line 6000[\/elx_heading][vc_empty_space][\/vc_column][\/vc_row][vc_row][vc_column][elx_video_text link_video=&#8221;https:\/\/www.youtube.com\/watch?v=yDj-3GG78Rc&#8221; title=&#8221;Une productivit\u00e9 accrue avec la fonction Integrated Savings&#8221; bg_row=&#8221;bg-download-white&#8221; image_preview=&#8221;31273&#8243;]La<strong> fonction Integrated Savings<\/strong> des laveuses essoreuses Line 6000 Electrolux Professional mesure et affiche la charge en temps r\u00e9el pour \u00e9viter la surcharge et sous-charge, pour une productivit\u00e9 optimis\u00e9e et une durabilit\u00e9 prolong\u00e9e.[\/elx_video_text][vc_empty_space][elx_video_text link_video=&#8221;https:\/\/www.youtube.com\/watch?v=sFdPkbR4bf0&#8243; title=&#8221;Une puissance d&#8217;essorage optimis\u00e9e gr\u00e2ce \u00e0 la fonction Power Balance&#8221; bg_row=&#8221;bg-download-white&#8221; image_preview=&#8221;31275&#8243;]<\/p>\n<div id=\"expanded\" class=\"style-scope ytd-text-inline-expander\"><span class=\"yt-core-attributed-string yt-core-attributed-string--white-space-pre-wrap\" dir=\"auto\" role=\"text\"><span class=\"yt-core-attributed-string--link-inherit-color\" dir=\"auto\">La <strong>fonction Power Balance<\/strong> des laveuses essoreuses Electrolux Professional permet de prendre la mesure du balourd en temps r\u00e9el et d&#8217;optimiser la puissance d&#8217;essorage.<\/span><\/span><\/div>\n<p>[\/elx_video_text][vc_empty_space][elx_video_text link_video=&#8221;https:\/\/www.youtube.com\/watch?v=uF5R9S49eTw&#8221; title=&#8221;Des \u00e9conomies durables gr\u00e2ce \u00e0 la fonction Intelligent Dosing&#8221; bg_row=&#8221;bg-download-white&#8221; image_preview=&#8221;31279&#8243;]<\/p>\n<div id=\"expanded\" class=\"style-scope ytd-text-inline-expander\">La <strong>fonction Intelligent Dosing<\/strong> des laveuses essoreuses Electrolux Professional vous permet de r\u00e9aliser des \u00e9conomies de lessiviels de fa\u00e7on automatique.<\/div>\n<p>[\/elx_video_text][vc_empty_space][elx_video_text link_video=&#8221;https:\/\/www.youtube.com\/watch?v=ctzDW3NTLz0&#8243; title=&#8221;Une meilleure ergonomie gr\u00e2ce au positionnement optimal du bac \u00e0 lessiviels &#8221; bg_row=&#8221;bg-download-white&#8221; image_preview=&#8221;31283&#8243;]<\/p>\n<div id=\"expanded\" class=\"style-scope ytd-text-inline-expander\">Facile d&#8217;acc\u00e8s et d&#8217;entretien, le <strong>bac \u00e0 lessiviels<\/strong> des laveuses professionnelles Line 6000 \u00e0 chargement frontal est plac\u00e9 \u00e0 l&#8217;avant pour plus de facilit\u00e9 d&#8217;utilisation et une meilleure ergonomie.<\/div>\n<p>[\/elx_video_text][\/vc_column][\/vc_row]<\/p>\n","protected":false},"excerpt":{"rendered":"<p>[vc_row][vc_column][elx_heading font_container=&#8221;h1&#8243; text_color=&#8221;inherit&#8221;]Laveuses professionnelles Line 6000[\/elx_heading][vc_empty_space][\/vc_column][\/vc_row][vc_row][vc_column][elx_video_text link_video=&#8221;https:\/\/www.youtube.com\/watch?v=yDj-3GG78Rc&#8221; title=&#8221;Une productivit\u00e9 accrue avec la fonction Integrated Savings&#8221; bg_row=&#8221;bg-download-white&#8221; image_preview=&#8221;31273&#8243;]La fonction Integrated Savings des laveuses essoreuses Line 6000 Electrolux Professional mesure et affiche la charge en temps r\u00e9el pour \u00e9viter la surcharge et sous-charge, pour une productivit\u00e9 optimis\u00e9e et une durabilit\u00e9 prolong\u00e9e.[\/elx_video_text][vc_empty_space][elx_video_text link_video=&#8221;https:\/\/www.youtube.com\/watch?v=sFdPkbR4bf0&#8243; title=&#8221;Une puissance d&#8217;essorage optimis\u00e9e gr\u00e2ce [&hellip;]<\/p>\n","protected":false},"author":93,"featured_media":0,"parent":5245,"menu_order":0,"comment_status":"closed","ping_status":"closed","template":"","meta":{"footnotes":""},"class_list":["post-31264","page","type-page","status-publish","hentry"],"acf":[],"yoast_head":"<!-- This site is optimized with the Yoast SEO plugin v23.3 - https:\/\/yoast.com\/wordpress\/plugins\/seo\/ -->\n<title>Fonctionnalit\u00e9s lave-linges professionnels Line 6000 | Electrolux Professional France<\/title>\n<meta name=\"robots\" content=\"index, follow, max-snippet:-1, max-image-preview:large, max-video-preview:-1\" \/>\n<link rel=\"canonical\" href=\"https:\/\/www.electroluxprofessional.com\/fr\/videos\/lave-linges-professionnels-line-6000\/\" \/>\n<meta property=\"og:locale\" content=\"fr_FR\" \/>\n<meta property=\"og:type\" content=\"article\" \/>\n<meta property=\"og:title\" content=\"Fonctionnalit\u00e9s lave-linges professionnels Line 6000 | Electrolux Professional France\" \/>\n<meta property=\"og:description\" content=\"[vc_row][vc_column][elx_heading font_container=&#8221;h1&#8243; text_color=&#8221;inherit&#8221;]Laveuses professionnelles Line 6000[\/elx_heading][vc_empty_space][\/vc_column][\/vc_row][vc_row][vc_column][elx_video_text link_video=&#8221;https:\/\/www.youtube.com\/watch?v=yDj-3GG78Rc&#8221; title=&#8221;Une productivit\u00e9 accrue avec la fonction Integrated Savings&#8221; bg_row=&#8221;bg-download-white&#8221; image_preview=&#8221;31273&#8243;]La fonction Integrated Savings des laveuses essoreuses Line 6000 Electrolux Professional mesure et affiche la charge en temps r\u00e9el pour \u00e9viter la surcharge et sous-charge, pour une productivit\u00e9 optimis\u00e9e et une durabilit\u00e9 prolong\u00e9e.[\/elx_video_text][vc_empty_space][elx_video_text link_video=&#8221;https:\/\/www.youtube.com\/watch?v=sFdPkbR4bf0&#8243; title=&#8221;Une puissance d&#8217;essorage optimis\u00e9e gr\u00e2ce [&hellip;]\" \/>\n<meta property=\"og:url\" content=\"https:\/\/www.electroluxprofessional.com\/fr\/videos\/lave-linges-professionnels-line-6000\/\" \/>\n<meta property=\"og:site_name\" content=\"Electrolux Professional France\" \/>\n<meta name=\"twitter:card\" content=\"summary_large_image\" \/>\n<meta name=\"twitter:label1\" content=\"Dur\u00e9e de lecture estim\u00e9e\" \/>\n\t<meta name=\"twitter:data1\" content=\"1 minute\" \/>\n<script type=\"application\/ld+json\" class=\"yoast-schema-graph\">{\"@context\":\"https:\/\/schema.org\",\"@graph\":[{\"@type\":\"WebPage\",\"@id\":\"https:\/\/www.electroluxprofessional.com\/fr\/videos\/lave-linges-professionnels-line-6000\/\",\"url\":\"https:\/\/www.electroluxprofessional.com\/fr\/videos\/lave-linges-professionnels-line-6000\/\",\"name\":\"Fonctionnalit\u00e9s lave-linges professionnels Line 6000 | Electrolux Professional France\",\"isPartOf\":{\"@id\":\"https:\/\/www.electroluxprofessional.com\/fr\/#website\"},\"datePublished\":\"2026-04-09T16:19:38+00:00\",\"dateModified\":\"2026-04-09T16:19:38+00:00\",\"breadcrumb\":{\"@id\":\"https:\/\/www.electroluxprofessional.com\/fr\/videos\/lave-linges-professionnels-line-6000\/#breadcrumb\"},\"inLanguage\":\"fr-FR\",\"potentialAction\":[{\"@type\":\"ReadAction\",\"target\":[\"https:\/\/www.electroluxprofessional.com\/fr\/videos\/lave-linges-professionnels-line-6000\/\"]}]},{\"@type\":\"BreadcrumbList\",\"@id\":\"https:\/\/www.electroluxprofessional.com\/fr\/videos\/lave-linges-professionnels-line-6000\/#breadcrumb\",\"itemListElement\":[{\"@type\":\"ListItem\",\"position\":1,\"name\":\"Home\",\"item\":\"https:\/\/www.electroluxprofessional.com\/fr\/\"},{\"@type\":\"ListItem\",\"position\":2,\"name\":\"Vid\u00e9os\",\"item\":\"https:\/\/www.electroluxprofessional.com\/fr\/videos\/\"},{\"@type\":\"ListItem\",\"position\":3,\"name\":\"Fonctionnalit\u00e9s lave-linges professionnels Line 6000\"}]},{\"@type\":\"WebSite\",\"@id\":\"https:\/\/www.electroluxprofessional.com\/fr\/#website\",\"url\":\"https:\/\/www.electroluxprofessional.com\/fr\/\",\"name\":\"Electrolux Professional France\",\"description\":\"\",\"potentialAction\":[{\"@type\":\"SearchAction\",\"target\":{\"@type\":\"EntryPoint\",\"urlTemplate\":\"https:\/\/www.electroluxprofessional.com\/fr\/?src={search_term_string}\"},\"query-input\":\"required name=search_term_string\"}],\"inLanguage\":\"fr-FR\"}]}<\/script>\n<!-- \/ Yoast SEO plugin. -->","yoast_head_json":{"title":"Fonctionnalit\u00e9s lave-linges professionnels Line 6000 | Electrolux Professional France","robots":{"index":"index","follow":"follow","max-snippet":"max-snippet:-1","max-image-preview":"max-image-preview:large","max-video-preview":"max-video-preview:-1"},"canonical":"https:\/\/www.electroluxprofessional.com\/fr\/videos\/lave-linges-professionnels-line-6000\/","og_locale":"fr_FR","og_type":"article","og_title":"Fonctionnalit\u00e9s lave-linges professionnels Line 6000 | Electrolux Professional France","og_description":"[vc_row][vc_column][elx_heading font_container=&#8221;h1&#8243; text_color=&#8221;inherit&#8221;]Laveuses professionnelles Line 6000[\/elx_heading][vc_empty_space][\/vc_column][\/vc_row][vc_row][vc_column][elx_video_text link_video=&#8221;https:\/\/www.youtube.com\/watch?v=yDj-3GG78Rc&#8221; title=&#8221;Une productivit\u00e9 accrue avec la fonction Integrated Savings&#8221; bg_row=&#8221;bg-download-white&#8221; image_preview=&#8221;31273&#8243;]La fonction Integrated Savings des laveuses essoreuses Line 6000 Electrolux Professional mesure et affiche la charge en temps r\u00e9el pour \u00e9viter la surcharge et sous-charge, pour une productivit\u00e9 optimis\u00e9e et une durabilit\u00e9 prolong\u00e9e.[\/elx_video_text][vc_empty_space][elx_video_text link_video=&#8221;https:\/\/www.youtube.com\/watch?v=sFdPkbR4bf0&#8243; title=&#8221;Une puissance d&#8217;essorage optimis\u00e9e gr\u00e2ce [&hellip;]","og_url":"https:\/\/www.electroluxprofessional.com\/fr\/videos\/lave-linges-professionnels-line-6000\/","og_site_name":"Electrolux Professional France","twitter_card":"summary_large_image","twitter_misc":{"Dur\u00e9e de lecture estim\u00e9e":"1 minute"},"schema":{"@context":"https:\/\/schema.org","@graph":[{"@type":"WebPage","@id":"https:\/\/www.electroluxprofessional.com\/fr\/videos\/lave-linges-professionnels-line-6000\/","url":"https:\/\/www.electroluxprofessional.com\/fr\/videos\/lave-linges-professionnels-line-6000\/","name":"Fonctionnalit\u00e9s lave-linges professionnels Line 6000 | Electrolux Professional France","isPartOf":{"@id":"https:\/\/www.electroluxprofessional.com\/fr\/#website"},"datePublished":"2026-04-09T16:19:38+00:00","dateModified":"2026-04-09T16:19:38+00:00","breadcrumb":{"@id":"https:\/\/www.electroluxprofessional.com\/fr\/videos\/lave-linges-professionnels-line-6000\/#breadcrumb"},"inLanguage":"fr-FR","potentialAction":[{"@type":"ReadAction","target":["https:\/\/www.electroluxprofessional.com\/fr\/videos\/lave-linges-professionnels-line-6000\/"]}]},{"@type":"BreadcrumbList","@id":"https:\/\/www.electroluxprofessional.com\/fr\/videos\/lave-linges-professionnels-line-6000\/#breadcrumb","itemListElement":[{"@type":"ListItem","position":1,"name":"Home","item":"https:\/\/www.electroluxprofessional.com\/fr\/"},{"@type":"ListItem","position":2,"name":"Vid\u00e9os","item":"https:\/\/www.electroluxprofessional.com\/fr\/videos\/"},{"@type":"ListItem","position":3,"name":"Fonctionnalit\u00e9s lave-linges professionnels Line 6000"}]},{"@type":"WebSite","@id":"https:\/\/www.electroluxprofessional.com\/fr\/#website","url":"https:\/\/www.electroluxprofessional.com\/fr\/","name":"Electrolux Professional France","description":"","potentialAction":[{"@type":"SearchAction","target":{"@type":"EntryPoint","urlTemplate":"https:\/\/www.electroluxprofessional.com\/fr\/?src={search_term_string}"},"query-input":"required name=search_term_string"}],"inLanguage":"fr-FR"}]}},"_links":{"self":[{"href":"https:\/\/www.electroluxprofessional.com\/fr\/wp-json\/wp\/v2\/pages\/31264"}],"collection":[{"href":"https:\/\/www.electroluxprofessional.com\/fr\/wp-json\/wp\/v2\/pages"}],"about":[{"href":"https:\/\/www.electroluxprofessional.com\/fr\/wp-json\/wp\/v2\/types\/page"}],"author":[{"embeddable":true,"href":"https:\/\/www.electroluxprofessional.com\/fr\/wp-json\/wp\/v2\/users\/93"}],"replies":[{"embeddable":true,"href":"https:\/\/www.electroluxprofessional.com\/fr\/wp-json\/wp\/v2\/comments?post=31264"}],"version-history":[{"count":18,"href":"https:\/\/www.electroluxprofessional.com\/fr\/wp-json\/wp\/v2\/pages\/31264\/revisions"}],"predecessor-version":[{"id":31843,"href":"https:\/\/www.electroluxprofessional.com\/fr\/wp-json\/wp\/v2\/pages\/31264\/revisions\/31843"}],"up":[{"embeddable":true,"href":"https:\/\/www.electroluxprofessional.com\/fr\/wp-json\/wp\/v2\/pages\/5245"}],"wp:attachment":[{"href":"https:\/\/www.electroluxprofessional.com\/fr\/wp-json\/wp\/v2\/media?parent=31264"}],"curies":[{"name":"wp","href":"https:\/\/api.w.org\/{rel}","templated":true}]}}