{"id":3096,"date":"2017-03-06T15:03:57","date_gmt":"2017-03-06T15:03:57","guid":{"rendered":"https:\/\/www.electroluxprofessional.com\/fr\/?page_id=3096"},"modified":"2026-03-07T08:31:43","modified_gmt":"2026-03-07T08:31:43","slug":"cuisine","status":"publish","type":"page","link":"https:\/\/www.electroluxprofessional.com\/fr\/solutions\/hotellerie-restauration-commerciale\/cuisine\/","title":{"rendered":"Cuisine h\u00f4tellerie restauration commerciale"},"content":{"rendered":"<p>[vc_row full_width=&#8221;electroluxpro-full-width-no-padding&#8221;][vc_column][elx_image_block background_image=&#8221;10486&#8243; minimum_height=&#8221;350px&#8221;][\/vc_column][\/vc_row][vc_row][vc_column][vc_empty_space][\/vc_column][\/vc_row][vc_row][vc_column][elx_heading font_container=&#8221;h1&#8243; font_size=&#8221;h3&#8243; text_color=&#8221;inherit&#8221; text_align=&#8221;text-center&#8221;]D\u00e9couvrez les \u00e9quipements professionnels<br \/>\npour la restauration[\/elx_heading][vc_empty_space][\/vc_column][\/vc_row][vc_row][vc_column width=&#8221;1\/3&#8243;][vc_single_image image=&#8221;18730&#8243; img_size=&#8221;medium&#8221; alignment=&#8221;center&#8221; onclick=&#8221;custom_link&#8221; link=&#8221;https:\/\/www.electroluxprofessional.com\/fr\/equipement-cuisine\/fours\/fours-mixtes-skyline\/&#8221;][elx_heading font_container=&#8221;h3&#8243; text_color=&#8221;inherit&#8221; text_align=&#8221;text-center&#8221;]Fours mixtes[\/elx_heading][vc_column_text css_animation=&#8221;right-to-left&#8221; css=&#8221;.vc_custom_1649347743834{padding-top: 15px !important;}&#8221;]<\/p>\n<p id=\"subProductHeader\" class=\"tm3 bm4 categoryColor\">Le four mixte SkyLine sait comment utiliser intelligemment la vapeur pour garder toute la saveur des aliments. Il simplifie les proc\u00e9d\u00e9s de cuisson, \u00e9conomise du temps et r\u00e9duit vos co\u00fbts.<\/p>\n<p>[\/vc_column_text][vc_column_text css_animation=&#8221;right-to-left&#8221; css=&#8221;.vc_custom_1691576425334{padding-top: 15px !important;}&#8221;]<\/p>\n<p style=\"text-align: center;\"><a href=\"https:\/\/www.electroluxprofessional.com\/fr\/equipement-cuisine\/fours\/fours-mixtes-skyline\/\"><strong>&gt; D\u00e9couvrir<\/strong><\/a><\/p>\n<p>[\/vc_column_text][\/vc_column][vc_column width=&#8221;1\/3&#8243;][vc_single_image image=&#8221;18727&#8243; img_size=&#8221;medium&#8221; alignment=&#8221;center&#8221; onclick=&#8221;custom_link&#8221; link=&#8221;https:\/\/www.electroluxprofessional.com\/fr\/equipement-cuisine\/thermaline\/&#8221;][elx_heading font_container=&#8221;h3&#8243; text_color=&#8221;inherit&#8221; text_align=&#8221;text-center&#8221;]Fourneaux sur-mesure[\/elx_heading][vc_column_text css_animation=&#8221;right-to-left&#8221; css=&#8221;.vc_custom_1649347707044{padding-top: 15px !important;}&#8221;]Le fourneau Thermaline est la solution de cuisson haut de gamme pour votre cuisine professionnelle. C\u2019est un savoir-faire, une expertise et une technologie de pointe, dont l\u2019histoire Suisse remonte \u00e0 1871.[\/vc_column_text][vc_column_text css_animation=&#8221;right-to-left&#8221; css=&#8221;.vc_custom_1691576429081{padding-top: 15px !important;}&#8221;]<\/p>\n<p style=\"text-align: center;\"><a href=\"https:\/\/www.electroluxprofessional.com\/fr\/equipement-cuisine\/thermaline\/\"><strong>&gt; D\u00e9couvrir<\/strong><\/a><\/p>\n<p>[\/vc_column_text][\/vc_column][vc_column width=&#8221;1\/3&#8243;][vc_single_image image=&#8221;18729&#8243; img_size=&#8221;medium&#8221; alignment=&#8221;center&#8221; onclick=&#8221;custom_link&#8221; link=&#8221;https:\/\/www.electroluxprofessional.com\/fr\/equipement-cuisine\/cuisson-modulaire\/900xp\/&#8221;][elx_heading font_container=&#8221;h3&#8243; text_color=&#8221;inherit&#8221; text_align=&#8221;text-center&#8221;]Cuisson modulaire[\/elx_heading][vc_column_text css_animation=&#8221;right-to-left&#8221; css=&#8221;.vc_custom_1649342974355{padding-top: 15px !important;}&#8221;]La gamme de fourneaux modulaires XP anticipe vos besoins aussi bien dans le domaine de la restauration rapide que dans celui du petit restaurant ou encore des cuisines de collectivit\u00e9s.[\/vc_column_text][vc_column_text css_animation=&#8221;right-to-left&#8221; css=&#8221;.vc_custom_1691576433219{padding-top: 15px !important;}&#8221;]<\/p>\n<p style=\"text-align: center;\"><a href=\"https:\/\/www.electroluxprofessional.com\/fr\/equipement-cuisine\/cuisson-modulaire\/900xp\/\"><strong>&gt; D\u00e9couvrir<\/strong><\/a><\/p>\n<p>[\/vc_column_text][\/vc_column][\/vc_row][vc_row][vc_column][vc_empty_space][\/vc_column][\/vc_row][vc_row][vc_column width=&#8221;1\/3&#8243;][vc_empty_space height=&#8221;28px&#8221;][vc_single_image image=&#8221;18731&#8243; img_size=&#8221;medium&#8221; alignment=&#8221;center&#8221; onclick=&#8221;custom_link&#8221; link=&#8221;https:\/\/www.electroluxprofessional.com\/fr\/equipement-cuisine\/equipement-lavage\/lave-verres-et-laveuses-green-and-clean\/&#8221;][elx_heading font_container=&#8221;h3&#8243; text_color=&#8221;inherit&#8221; text_align=&#8221;text-center&#8221;]Lave-vaisselle[\/elx_heading][vc_column_text css_animation=&#8221;right-to-left&#8221; css=&#8221;.vc_custom_1649347748946{padding-top: 15px !important;}&#8221;]Les lave-vaisselles et lave-verres Green&amp;Clean sont en mesure de vous offrir le meilleur aussi bien en termes de performance de lavage qu\u2019en r\u00e9duction des co\u00fbts.[\/vc_column_text][vc_column_text css_animation=&#8221;right-to-left&#8221; css=&#8221;.vc_custom_1691576410790{padding-top: 15px !important;}&#8221;]<\/p>\n<p style=\"text-align: center;\"><a href=\"https:\/\/www.electroluxprofessional.com\/fr\/equipement-cuisine\/equipement-lavage\/lave-verres-et-laveuses-green-and-clean\/\"><strong>&gt; D\u00e9couvrir<\/strong><\/a><\/p>\n<p>[\/vc_column_text][vc_empty_space][\/vc_column][vc_column width=&#8221;1\/3&#8243;][vc_single_image image=&#8221;21316&#8243; img_size=&#8221;300&#215;330&#8243; alignment=&#8221;center&#8221; onclick=&#8221;custom_link&#8221; link=&#8221;https:\/\/www.electroluxprofessional.com\/fr\/equipement-cuisine\/refrigeration\/armoires-refrigerees\/&#8221;][elx_heading font_container=&#8221;h3&#8243; text_color=&#8221;inherit&#8221; text_align=&#8221;text-center&#8221;]Armoires r\u00e9frig\u00e9r\u00e9es[\/elx_heading][vc_column_text css_animation=&#8221;right-to-left&#8221; css=&#8221;.vc_custom_1649343030085{padding-top: 15px !important;}&#8221;]D\u00e9couvrez une gamme compl\u00e8te d&#8217;\u00e9quipements pour la conservation, r\u00e9pondant parfaitement aux besoins de performance tout en respectant les normes d&#8217;hygi\u00e8ne les plus strictes.[\/vc_column_text][vc_column_text css_animation=&#8221;right-to-left&#8221; css=&#8221;.vc_custom_1691576414969{padding-top: 15px !important;}&#8221;]<\/p>\n<p style=\"text-align: center;\"><a href=\"https:\/\/www.electroluxprofessional.com\/fr\/equipement-cuisine\/refrigeration\/armoires-refrigerees\/\"><strong>&gt; D\u00e9couvrir<\/strong><\/a><\/p>\n<p>[\/vc_column_text][vc_empty_space][\/vc_column][vc_column width=&#8221;1\/3&#8243;][vc_empty_space height=&#8221;80px&#8221;][vc_single_image image=&#8221;18968&#8243; img_size=&#8221;250&#215;250&#8243; alignment=&#8221;center&#8221; onclick=&#8221;custom_link&#8221; link=&#8221;https:\/\/www.electroluxprofessional.com\/fr\/equipement-cuisine\/preparation-dynamique\/couper-melanger-trancher\/&#8221;][elx_heading font_container=&#8221;h3&#8243; text_color=&#8221;inherit&#8221; text_align=&#8221;text-center&#8221;]Pr\u00e9paration dynamique[\/elx_heading][vc_column_text css_animation=&#8221;right-to-left&#8221; css=&#8221;.vc_custom_1691576208330{padding-top: 15px !important;}&#8221;]Une gamme de solutions pour couper, m\u00e9langer et trancher rapidement et en toute s\u00e9curit\u00e9. Conform\u00e9ment \u00e0 la r\u00e9glementation, tous les composants en plastique sont sans BPA.[\/vc_column_text][vc_column_text css_animation=&#8221;right-to-left&#8221; css=&#8221;.vc_custom_1691576419031{padding-top: 15px !important;}&#8221;]<\/p>\n<p style=\"text-align: center;\"><a href=\"https:\/\/www.electroluxprofessional.com\/fr\/equipement-cuisine\/preparation-dynamique\/couper-melanger-trancher\/\"><strong>&gt; D\u00e9couvrir<\/strong><\/a><\/p>\n<p>[\/vc_column_text][vc_empty_space][\/vc_column][\/vc_row][vc_row][vc_column][vc_empty_space][elx_button button_text=&#8221;Contacter un expert&#8221; button_display_block=&#8221;display_block_on&#8221; button_alignment=&#8221;align_center&#8221; button_link=&#8221;url:https%3A%2F%2Fwww.electroluxprofessional.com%2Ffr%2Fsolutions%2Fhotellerie-restauration-commerciale%2Fcuisine%2F%23contact&#8221;][vc_empty_space][\/vc_column][\/vc_row][vc_row full_width=&#8221;electroluxpro-container-no-padding&#8221; equal_height=&#8221;yes&#8221; css=&#8221;.vc_custom_1488813210418{background-color: #f8f6f9 !important;}&#8221;][vc_column width=&#8221;1\/2&#8243;][elx_image_block is_full_height=&#8221;full-height&#8221; background_image=&#8221;10637&#8243; vert_back_position=&#8221;top&#8221; minimum_height=&#8221;600px&#8221;][\/vc_column][vc_column width=&#8221;1\/2&#8243;][elx_simple_block background_color=&#8221;inherit&#8221;][elx_heading text_color=&#8221;inherit&#8221; text_align=&#8221;text-center&#8221;]Un service client<br \/>\ndisponible et r\u00e9actif.[\/elx_heading][vc_column_text]<\/p>\n<p style=\"text-align: center;\">Electrolux Professional \u00e9tablit une relation de confiance avec ses clients. En choisissant une cuisine professionnelle Electrolux Professional, vous avez acc\u00e8s \u00e0 une vaste gamme de mat\u00e9riels r\u00e9pondant \u00e0 vos besoins les plus pr\u00e9cis, mais \u00e9galement au <strong>plus grand r\u00e9seau<\/strong> <strong>de partenaires agr\u00e9\u00e9s en vente et en service<\/strong>.<\/p>\n<p style=\"text-align: center;\">Des <strong>formations sp\u00e9cifiques<\/strong> autour de l\u2019utilisation des \u00e9quipements et un service client disponible et r\u00e9actif vous accompagne tout au long de la dur\u00e9e de vie de votre \u00e9quipement.<\/p>\n<p>[\/vc_column_text][elx_button button_text=&#8221;En savoir plus&#8221; button_display_block=&#8221;display_block_on&#8221; button_alignment=&#8221;align_center&#8221; button_link=&#8221;url:https%3A%2F%2Fwww.electroluxprofessional.com%2Ffr%2Fessentia%2F|target:_blank&#8221; css=&#8221;.vc_custom_1649339347447{margin-top: 20px !important;}&#8221;][\/elx_simple_block][\/vc_column][\/vc_row][vc_row full_width=&#8221;electroluxpro-container-no-padding&#8221; equal_height=&#8221;yes&#8221; css=&#8221;.vc_custom_1488813210418{background-color: #f8f6f9 !important;}&#8221;][vc_column width=&#8221;1\/2&#8243; offset=&#8221;vc_hidden-sm vc_hidden-xs&#8221;][elx_simple_block text_align=&#8221;text-center&#8221; background_color=&#8221;inherit&#8221;][elx_heading text_color=&#8221;inherit&#8221; text_align=&#8221;text-center&#8221;]<strong>Alain Ducasse a choisi Electrolux Professional.<\/strong><br \/>\n[\/elx_heading][vc_column_text]<\/p>\n<p style=\"text-align: center;\">Alain Ducasse a choisi Electrolux Professional et Molteni pour <strong>\u00e9quiper son centre de formation \u00e0 Meudon<\/strong>, \u00e0 proximit\u00e9 de Paris. Reconnu \u00e0 l&#8217;\u00e9chelle internationale, ce<strong> centre de formation culinaire, de 5000m\u00b2 est dirig\u00e9 par Alain Ducasse<\/strong> ; il est exclusivement r\u00e9serv\u00e9 aux Chefs qui souhaitent am\u00e9liorer leurs comp\u00e9tences et d\u00e9couvrir de nouvelles technologies de cuisine, des plus traditionnelles aux plus atypiques avec l&#8217;utilisation d&#8217;\u00e9quipements professionnels \u00e0 la pointe de l&#8217;innovation.<\/p>\n<p>[\/vc_column_text][elx_button button_text=&#8221;En savoir plus&#8221; button_link=&#8221;url:https%3A%2F%2Fwww.electroluxprofessional.com%2Ffr%2Felectrolux-professional-partenaire-officiel-ecole-ducasse%2F|target:_blank&#8221; css=&#8221;.vc_custom_1649343073449{margin-top: 20px !important;}&#8221;][\/elx_simple_block][vc_empty_space][\/vc_column][vc_column width=&#8221;1\/2&#8243; offset=&#8221;vc_hidden-sm vc_hidden-xs&#8221;][elx_image_block background_image=&#8221;3105&#8243; vert_back_position=&#8221;bottom&#8221; minimum_height=&#8221;500px&#8221;][\/vc_column][\/vc_row][vc_row full_width=&#8221;electroluxpro-container-no-padding&#8221; css=&#8221;.vc_custom_1691575329685{background-color: #f8f6f9 !important;}&#8221;][vc_column width=&#8221;1\/2&#8243; offset=&#8221;vc_hidden-lg vc_hidden-md&#8221;][elx_image_block background_image=&#8221;3105&#8243; vert_back_position=&#8221;bottom&#8221; minimum_height=&#8221;500px&#8221;][\/vc_column][vc_column width=&#8221;1\/2&#8243; offset=&#8221;vc_hidden-lg vc_hidden-md&#8221;][elx_simple_block text_align=&#8221;text-center&#8221; background_color=&#8221;inherit&#8221;][elx_heading text_color=&#8221;inherit&#8221; text_align=&#8221;text-center&#8221;]<strong>Alain Ducasse a choisi Electrolux Professional.<\/strong><br \/>\n[\/elx_heading][vc_column_text]<\/p>\n<p style=\"text-align: center;\">Alain Ducasse a choisi Electrolux Professional et Molteni pour <strong>\u00e9quiper son centre de formation \u00e0 Meudon<\/strong>, \u00e0 proximit\u00e9 de Paris. Reconnu \u00e0 l&#8217;\u00e9chelle internationale, ce<strong> centre de formation culinaire, de 5000m\u00b2 est dirig\u00e9 par Alain Ducasse<\/strong> ; il est exclusivement r\u00e9serv\u00e9 aux Chefs qui souhaitent am\u00e9liorer leurs comp\u00e9tences et d\u00e9couvrir de nouvelles technologies de cuisine, des plus traditionnelles aux plus atypiques avec l&#8217;utilisation d&#8217;\u00e9quipements professionnels \u00e0 la pointe de l&#8217;innovation.<\/p>\n<p>[\/vc_column_text][elx_button button_text=&#8221;En savoir plus&#8221; button_link=&#8221;url:https%3A%2F%2Fwww.electroluxprofessional.com%2Ffr%2Felectrolux-professional-partenaire-officiel-ecole-ducasse%2F|target:_blank&#8221; css=&#8221;.vc_custom_1649343073449{margin-top: 20px !important;}&#8221;][\/elx_simple_block][vc_empty_space][\/vc_column][\/vc_row][vc_row][vc_column][vc_empty_space][\/vc_column][\/vc_row][vc_row full_width=&#8221;electroluxpro-container-no-padding&#8221; matched_labels=&#8221;&#8221; el_id=&#8221;contact&#8221;][vc_column][vc_empty_space height=&#8221;20px&#8221;][elx_heading text_color=&#8221;inherit&#8221; text_align=&#8221;text-center&#8221;]<strong>Vous avez un projet ou vous souhaitez des informations ?<br \/>\nContactez nos experts ! <\/strong><br \/>\n[\/elx_heading][vc_empty_space height=&#8221;15px&#8221;][elx_o2000_contact_us s=&#8221;Demande de renseignements : projet de cuisine | H\u00f4tellerie &#8211; restauration commerciale&#8221; country=&#8221;France&#8221; container=&#8221;elxcontactus1491825510&#8243; r=&#8221;Je souhaite \u00eatre recontact\u00e9(e) par les experts Electrolux Professionnel pour parler de mon projet de cuisine professionnelle.&#8221; e=&#8221;professionnel@electrolux.com&#8221; l=&#8221;fr&#8221;][vc_empty_space height=&#8221;15px&#8221;][\/vc_column][\/vc_row][vc_row][vc_column width=&#8221;1\/3&#8243;][vc_single_image image=&#8221;9994&#8243; img_size=&#8221;300&#215;300&#8243; alignment=&#8221;center&#8221; onclick=&#8221;custom_link&#8221; img_link_target=&#8221;_blank&#8221; css_animation=&#8221;fadeInDown&#8221; link=&#8221;https:\/\/www.electroluxprofessional.com\/fr\/blog\/&#8221;][elx_heading text_color=&#8221;inherit&#8221; text_align=&#8221;text-center&#8221;]Blog[\/elx_heading][vc_column_text]<\/p>\n<p style=\"text-align: center;\">En savoir plus sur notre expertise \u00e0 travers le blog Electrolux Professional.<\/p>\n<p>[\/vc_column_text][vc_empty_space][\/vc_column][vc_column width=&#8221;1\/3&#8243;][vc_single_image image=&#8221;5197&#8243; img_size=&#8221;300&#215;300&#8243; alignment=&#8221;center&#8221; onclick=&#8221;custom_link&#8221; css_animation=&#8221;fadeInDown&#8221; link=&#8221;https:\/\/www.electroluxprofessional.com\/fr\/references\/&#8221;][elx_heading text_color=&#8221;inherit&#8221; text_align=&#8221;text-center&#8221;]R\u00e9f\u00e9rences clients[\/elx_heading][vc_column_text]<\/p>\n<p style=\"text-align: center;\">D\u00e9couvrez ceux qui ont fait le choix de l\u2019Excellence\u00a0avec les solutions\u00a0Electrolux Professional.<\/p>\n<p>[\/vc_column_text][vc_empty_space][\/vc_column][vc_column width=&#8221;1\/3&#8243;][vc_single_image image=&#8221;18548&#8243; img_size=&#8221;300&#215;300&#8243; alignment=&#8221;center&#8221; onclick=&#8221;custom_link&#8221; css_animation=&#8221;fadeInDown&#8221; link=&#8221;https:\/\/www.electroluxprofessional.com\/fr\/presse-kit\/&#8221;][elx_heading text_color=&#8221;inherit&#8221; text_align=&#8221;text-center&#8221;]Kit Presse[\/elx_heading][vc_column_text]<\/p>\n<p style=\"text-align: center;\">Consultez notre actualit\u00e9 et toutes nos nouveaut\u00e9s dans notre kit presse.<\/p>\n<p>[\/vc_column_text][vc_empty_space][\/vc_column][\/vc_row]<\/p>\n","protected":false},"excerpt":{"rendered":"<p>[vc_row full_width=&#8221;electroluxpro-full-width-no-padding&#8221;][vc_column][elx_image_block background_image=&#8221;10486&#8243; minimum_height=&#8221;350px&#8221;][\/vc_column][\/vc_row][vc_row][vc_column][vc_empty_space][\/vc_column][\/vc_row][vc_row][vc_column][elx_heading font_container=&#8221;h1&#8243; font_size=&#8221;h3&#8243; text_color=&#8221;inherit&#8221; text_align=&#8221;text-center&#8221;]D\u00e9couvrez les \u00e9quipements professionnels pour la restauration[\/elx_heading][vc_empty_space][\/vc_column][\/vc_row][vc_row][vc_column width=&#8221;1\/3&#8243;][vc_single_image image=&#8221;18730&#8243; img_size=&#8221;medium&#8221; alignment=&#8221;center&#8221; onclick=&#8221;custom_link&#8221; link=&#8221;https:\/\/www.electroluxprofessional.com\/fr\/equipement-cuisine\/fours\/fours-mixtes-skyline\/&#8221;][elx_heading font_container=&#8221;h3&#8243; text_color=&#8221;inherit&#8221; text_align=&#8221;text-center&#8221;]Fours mixtes[\/elx_heading][vc_column_text css_animation=&#8221;right-to-left&#8221; css=&#8221;.vc_custom_1649347743834{padding-top: 15px !important;}&#8221;] Le four mixte SkyLine sait comment utiliser intelligemment la vapeur pour garder toute la saveur des aliments. Il simplifie les proc\u00e9d\u00e9s de cuisson, \u00e9conomise du temps et [&hellip;]<\/p>\n","protected":false},"author":4,"featured_media":0,"parent":2986,"menu_order":0,"comment_status":"closed","ping_status":"closed","template":"","meta":{"footnotes":""},"class_list":["post-3096","page","type-page","status-publish","hentry"],"acf":[],"yoast_head":"<!-- This site is optimized with the Yoast SEO plugin v23.3 - https:\/\/yoast.com\/wordpress\/plugins\/seo\/ -->\n<title>Cuisine professionnelle pour h\u00f4tellerie | Electrolux Professional<\/title>\n<meta name=\"description\" content=\"D\u00e9couvrez notre gamme compl\u00e8te d&#039;\u00e9quipements de cuisine professionnelle pour h\u00f4tels et restaurants. Solutions innovantes et durables adapt\u00e9es \u00e0 vos besoins.\" \/>\n<meta name=\"robots\" content=\"index, follow, max-snippet:-1, max-image-preview:large, max-video-preview:-1\" \/>\n<link rel=\"canonical\" href=\"https:\/\/www.electroluxprofessional.com\/fr\/solutions\/hotellerie-restauration-commerciale\/cuisine\/\" \/>\n<meta property=\"og:locale\" content=\"fr_FR\" \/>\n<meta property=\"og:type\" content=\"article\" \/>\n<meta property=\"og:title\" content=\"Cuisine professionnelle pour h\u00f4tellerie | Electrolux Professional\" \/>\n<meta property=\"og:description\" content=\"D\u00e9couvrez notre gamme compl\u00e8te d&#039;\u00e9quipements de cuisine professionnelle pour h\u00f4tels et restaurants. Solutions innovantes et durables adapt\u00e9es \u00e0 vos besoins.\" \/>\n<meta property=\"og:url\" content=\"https:\/\/www.electroluxprofessional.com\/fr\/solutions\/hotellerie-restauration-commerciale\/cuisine\/\" \/>\n<meta property=\"og:site_name\" content=\"Electrolux Professional France\" \/>\n<meta property=\"article:modified_time\" content=\"2026-03-07T08:31:43+00:00\" \/>\n<meta name=\"twitter:card\" content=\"summary_large_image\" \/>\n<meta name=\"twitter:label1\" content=\"Dur\u00e9e de lecture estim\u00e9e\" \/>\n\t<meta name=\"twitter:data1\" content=\"4 minutes\" \/>\n<script type=\"application\/ld+json\" class=\"yoast-schema-graph\">{\"@context\":\"https:\/\/schema.org\",\"@graph\":[{\"@type\":\"WebPage\",\"@id\":\"https:\/\/www.electroluxprofessional.com\/fr\/solutions\/hotellerie-restauration-commerciale\/cuisine\/\",\"url\":\"https:\/\/www.electroluxprofessional.com\/fr\/solutions\/hotellerie-restauration-commerciale\/cuisine\/\",\"name\":\"Cuisine professionnelle pour h\u00f4tellerie | Electrolux Professional\",\"isPartOf\":{\"@id\":\"https:\/\/www.electroluxprofessional.com\/fr\/#website\"},\"datePublished\":\"2017-03-06T15:03:57+00:00\",\"dateModified\":\"2026-03-07T08:31:43+00:00\",\"description\":\"D\u00e9couvrez notre gamme compl\u00e8te d'\u00e9quipements de cuisine professionnelle pour h\u00f4tels et restaurants. Solutions innovantes et durables adapt\u00e9es \u00e0 vos besoins.\",\"breadcrumb\":{\"@id\":\"https:\/\/www.electroluxprofessional.com\/fr\/solutions\/hotellerie-restauration-commerciale\/cuisine\/#breadcrumb\"},\"inLanguage\":\"fr-FR\",\"potentialAction\":[{\"@type\":\"ReadAction\",\"target\":[\"https:\/\/www.electroluxprofessional.com\/fr\/solutions\/hotellerie-restauration-commerciale\/cuisine\/\"]}]},{\"@type\":\"BreadcrumbList\",\"@id\":\"https:\/\/www.electroluxprofessional.com\/fr\/solutions\/hotellerie-restauration-commerciale\/cuisine\/#breadcrumb\",\"itemListElement\":[{\"@type\":\"ListItem\",\"position\":1,\"name\":\"Home\",\"item\":\"https:\/\/www.electroluxprofessional.com\/fr\/\"},{\"@type\":\"ListItem\",\"position\":2,\"name\":\"Solutions\",\"item\":\"https:\/\/www.electroluxprofessional.com\/fr\/solutions\/\"},{\"@type\":\"ListItem\",\"position\":3,\"name\":\"H\u00f4tellerie restauration commerciale\",\"item\":\"https:\/\/www.electroluxprofessional.com\/fr\/solutions\/hotellerie-restauration-commerciale\/\"},{\"@type\":\"ListItem\",\"position\":4,\"name\":\"Cuisine h\u00f4tellerie restauration commerciale\"}]},{\"@type\":\"WebSite\",\"@id\":\"https:\/\/www.electroluxprofessional.com\/fr\/#website\",\"url\":\"https:\/\/www.electroluxprofessional.com\/fr\/\",\"name\":\"Electrolux Professional France\",\"description\":\"\",\"potentialAction\":[{\"@type\":\"SearchAction\",\"target\":{\"@type\":\"EntryPoint\",\"urlTemplate\":\"https:\/\/www.electroluxprofessional.com\/fr\/?src={search_term_string}\"},\"query-input\":\"required name=search_term_string\"}],\"inLanguage\":\"fr-FR\"}]}<\/script>\n<!-- \/ Yoast SEO plugin. -->","yoast_head_json":{"title":"Cuisine professionnelle pour h\u00f4tellerie | Electrolux Professional","description":"D\u00e9couvrez notre gamme compl\u00e8te d'\u00e9quipements de cuisine professionnelle pour h\u00f4tels et restaurants. Solutions innovantes et durables adapt\u00e9es \u00e0 vos besoins.","robots":{"index":"index","follow":"follow","max-snippet":"max-snippet:-1","max-image-preview":"max-image-preview:large","max-video-preview":"max-video-preview:-1"},"canonical":"https:\/\/www.electroluxprofessional.com\/fr\/solutions\/hotellerie-restauration-commerciale\/cuisine\/","og_locale":"fr_FR","og_type":"article","og_title":"Cuisine professionnelle pour h\u00f4tellerie | Electrolux Professional","og_description":"D\u00e9couvrez notre gamme compl\u00e8te d'\u00e9quipements de cuisine professionnelle pour h\u00f4tels et restaurants. Solutions innovantes et durables adapt\u00e9es \u00e0 vos besoins.","og_url":"https:\/\/www.electroluxprofessional.com\/fr\/solutions\/hotellerie-restauration-commerciale\/cuisine\/","og_site_name":"Electrolux Professional France","article_modified_time":"2026-03-07T08:31:43+00:00","twitter_card":"summary_large_image","twitter_misc":{"Dur\u00e9e de lecture estim\u00e9e":"4 minutes"},"schema":{"@context":"https:\/\/schema.org","@graph":[{"@type":"WebPage","@id":"https:\/\/www.electroluxprofessional.com\/fr\/solutions\/hotellerie-restauration-commerciale\/cuisine\/","url":"https:\/\/www.electroluxprofessional.com\/fr\/solutions\/hotellerie-restauration-commerciale\/cuisine\/","name":"Cuisine professionnelle pour h\u00f4tellerie | Electrolux Professional","isPartOf":{"@id":"https:\/\/www.electroluxprofessional.com\/fr\/#website"},"datePublished":"2017-03-06T15:03:57+00:00","dateModified":"2026-03-07T08:31:43+00:00","description":"D\u00e9couvrez notre gamme compl\u00e8te d'\u00e9quipements de cuisine professionnelle pour h\u00f4tels et restaurants. Solutions innovantes et durables adapt\u00e9es \u00e0 vos besoins.","breadcrumb":{"@id":"https:\/\/www.electroluxprofessional.com\/fr\/solutions\/hotellerie-restauration-commerciale\/cuisine\/#breadcrumb"},"inLanguage":"fr-FR","potentialAction":[{"@type":"ReadAction","target":["https:\/\/www.electroluxprofessional.com\/fr\/solutions\/hotellerie-restauration-commerciale\/cuisine\/"]}]},{"@type":"BreadcrumbList","@id":"https:\/\/www.electroluxprofessional.com\/fr\/solutions\/hotellerie-restauration-commerciale\/cuisine\/#breadcrumb","itemListElement":[{"@type":"ListItem","position":1,"name":"Home","item":"https:\/\/www.electroluxprofessional.com\/fr\/"},{"@type":"ListItem","position":2,"name":"Solutions","item":"https:\/\/www.electroluxprofessional.com\/fr\/solutions\/"},{"@type":"ListItem","position":3,"name":"H\u00f4tellerie restauration commerciale","item":"https:\/\/www.electroluxprofessional.com\/fr\/solutions\/hotellerie-restauration-commerciale\/"},{"@type":"ListItem","position":4,"name":"Cuisine h\u00f4tellerie restauration commerciale"}]},{"@type":"WebSite","@id":"https:\/\/www.electroluxprofessional.com\/fr\/#website","url":"https:\/\/www.electroluxprofessional.com\/fr\/","name":"Electrolux Professional France","description":"","potentialAction":[{"@type":"SearchAction","target":{"@type":"EntryPoint","urlTemplate":"https:\/\/www.electroluxprofessional.com\/fr\/?src={search_term_string}"},"query-input":"required name=search_term_string"}],"inLanguage":"fr-FR"}]}},"_links":{"self":[{"href":"https:\/\/www.electroluxprofessional.com\/fr\/wp-json\/wp\/v2\/pages\/3096"}],"collection":[{"href":"https:\/\/www.electroluxprofessional.com\/fr\/wp-json\/wp\/v2\/pages"}],"about":[{"href":"https:\/\/www.electroluxprofessional.com\/fr\/wp-json\/wp\/v2\/types\/page"}],"author":[{"embeddable":true,"href":"https:\/\/www.electroluxprofessional.com\/fr\/wp-json\/wp\/v2\/users\/4"}],"replies":[{"embeddable":true,"href":"https:\/\/www.electroluxprofessional.com\/fr\/wp-json\/wp\/v2\/comments?post=3096"}],"version-history":[{"count":84,"href":"https:\/\/www.electroluxprofessional.com\/fr\/wp-json\/wp\/v2\/pages\/3096\/revisions"}],"predecessor-version":[{"id":30808,"href":"https:\/\/www.electroluxprofessional.com\/fr\/wp-json\/wp\/v2\/pages\/3096\/revisions\/30808"}],"up":[{"embeddable":true,"href":"https:\/\/www.electroluxprofessional.com\/fr\/wp-json\/wp\/v2\/pages\/2986"}],"wp:attachment":[{"href":"https:\/\/www.electroluxprofessional.com\/fr\/wp-json\/wp\/v2\/media?parent=3096"}],"curies":[{"name":"wp","href":"https:\/\/api.w.org\/{rel}","templated":true}]}}