{"id":30220,"date":"2026-02-23T15:15:49","date_gmt":"2026-02-23T15:15:49","guid":{"rendered":"https:\/\/www.electroluxprofessional.com\/fr\/?page_id=30220"},"modified":"2026-03-06T13:57:37","modified_gmt":"2026-03-06T13:57:37","slug":"classements-et-certificats-de-durabilite","status":"publish","type":"page","link":"https:\/\/www.electroluxprofessional.com\/fr\/solutions-durables\/classements-et-certificats-de-durabilite\/","title":{"rendered":"Classements et certificats de durabilit\u00e9"},"content":{"rendered":"<p>[vc_row full_width=&#8221;electroluxpro-full-width-no-padding&#8221;][vc_column][elx_image_block background_image=&#8221;30217&#8243; minimum_height=&#8221;400px&#8221;][\/vc_column][\/vc_row][vc_row][vc_column][vc_row_inner][vc_column_inner offset=&#8221;vc_hidden-sm vc_hidden-xs&#8221;][vc_empty_space height=&#8221;80px&#8221;][\/vc_column_inner][\/vc_row_inner][vc_row_inner][vc_column_inner offset=&#8221;vc_hidden-lg vc_hidden-md&#8221;][vc_empty_space][\/vc_column_inner][\/vc_row_inner][elx_heading font_container=&#8221;h1&#8243; text_color=&#8221;electrolux-blue&#8221; text_align=&#8221;text-center&#8221;]Classements et certifications en mati\u00e8re de durabilit\u00e9[\/elx_heading][vc_empty_space height=&#8221;14px&#8221;][vc_column_text]<\/p>\n<p style=\"text-align: center;\">Nous renfor\u00e7ons notre engagement pour un avenir durable gr\u00e2ce \u00e0 la transparence environnementale.<\/p>\n<p>[\/vc_column_text][vc_row_inner][vc_column_inner offset=&#8221;vc_hidden-sm vc_hidden-xs&#8221;][vc_empty_space height=&#8221;80px&#8221;][\/vc_column_inner][\/vc_row_inner][vc_row_inner][vc_column_inner offset=&#8221;vc_hidden-lg vc_hidden-md&#8221;][vc_empty_space][\/vc_column_inner][\/vc_row_inner][\/vc_column][\/vc_row][vc_row css=&#8221;.vc_custom_1758284570657{background-color: #F5F5F5 !important;}&#8221;][vc_column][vc_empty_space height=&#8221;50px&#8221;][\/vc_column][\/vc_row][vc_row equal_height=&#8221;yes&#8221; css=&#8221;.vc_custom_1758802186212{background-color: #F5F5F5 !important;}&#8221;][vc_column width=&#8221;3\/5&#8243; el_class=&#8221;align-vertical-center&#8221;][elx_heading font_size=&#8221;h4&#8243; text_color=&#8221;electrolux-blue&#8221; text_align=&#8221;text-left&#8221;]En 2025, nous sommes fiers d&#8217;avoir obtenu la prestigieuse note \u00ab Gold Sustainability Rating \u00bb d\u00e9cern\u00e9e par EcoVadis, qui nous place parmi les 5% des meilleures entreprises \u00e9valu\u00e9es \u00e0 l&#8217;\u00e9chelle mondiale, en mati\u00e8re de durabilit\u00e9.[\/elx_heading][vc_row_inner][vc_column_inner offset=&#8221;vc_hidden-lg vc_hidden-md vc_hidden-sm&#8221;][vc_empty_space][\/vc_column_inner][\/vc_row_inner][\/vc_column][vc_column width=&#8221;2\/5&#8243;][vc_single_image image=&#8221;30218&#8243; img_size=&#8221;200&#215;200&#8243; alignment=&#8221;center&#8221;][\/vc_column][\/vc_row][vc_row css=&#8221;.vc_custom_1771583221625{background-color: #f5f5f5 !important;}&#8221;][vc_column][vc_empty_space height=&#8221;50px&#8221;][\/vc_column][\/vc_row][vc_row][vc_column][vc_empty_space height=&#8221;80px&#8221;][\/vc_column][\/vc_row][vc_row css=&#8221;.vc_custom_1758794818846{background-image: url(https:\/\/eprdev.comunicazione21.com\/wp-content\/uploads\/2025\/09\/Screenshot-2025-09-25-115810.jpg?id=56214) !important;background-position: center !important;background-repeat: no-repeat !important;background-size: cover !important;}&#8221;][vc_column][vc_empty_space height=&#8221;64px&#8221;][vc_row_inner][vc_column_inner][vc_column_text]<\/p>\n<p style=\"text-align: center;\"><span style=\"color: #ffffff;\">CE QUE NOUS AVONS ACCOMPLI JUSQU&#8217;\u00c0 PR\u00c9SENT<\/span><\/p>\n<p>[\/vc_column_text][vc_empty_space][elx_heading text_color=&#8221;white&#8221; text_align=&#8221;text-center&#8221;]En 2024, nous avons r\u00e9alis\u00e9 des progr\u00e8s significatifs dans l\u2019ensemble de nos initiatives de durabilit\u00e9, poursuivant ainsi la trajectoire engag\u00e9e depuis 2019.[\/elx_heading][vc_empty_space][\/vc_column_inner][\/vc_row_inner][vc_row_inner][vc_column_inner width=&#8221;1\/3&#8243;][vc_column_text]<\/p>\n<p style=\"font-size: 83px; text-align: center;\"><span style=\"color: #ffffff;\"><strong>-61%<\/strong><\/span><\/p>\n<p>[\/vc_column_text][elx_heading font_container=&#8221;h3&#8243; font_size=&#8221;p&#8221; text_color=&#8221;white&#8221; text_align=&#8221;text-center&#8221;]\u00c9missions de CO2<br \/>\nscope 1&amp;2[\/elx_heading][vc_empty_space][\/vc_column_inner][vc_column_inner width=&#8221;1\/3&#8243;][vc_column_text]<\/p>\n<p style=\"font-size: 83px; text-align: center;\"><span style=\"color: #ffffff;\"><strong>51%<\/strong><\/span><\/p>\n<p>[\/vc_column_text][elx_heading font_container=&#8221;h3&#8243; font_size=&#8221;p&#8221; text_color=&#8221;white&#8221; text_align=&#8221;text-center&#8221;]\u00c9nergie<br \/>\nrenouvelable[\/elx_heading][vc_empty_space][\/vc_column_inner][vc_column_inner width=&#8221;1\/3&#8243;][vc_column_text]<\/p>\n<p style=\"font-size: 83px; text-align: center;\"><span style=\"color: #ffffff;\"><strong>-35%<\/strong><\/span><\/p>\n<p>[\/vc_column_text][elx_heading font_container=&#8221;h3&#8243; font_size=&#8221;p&#8221; text_color=&#8221;white&#8221; text_align=&#8221;text-center&#8221;]\u00c9missions de CO2<br \/>\nscope 3[\/elx_heading][vc_empty_space][\/vc_column_inner][\/vc_row_inner][vc_empty_space height=&#8221;100px&#8221;][\/vc_column][\/vc_row][vc_row][vc_column offset=&#8221;vc_hidden-sm vc_hidden-xs&#8221;][vc_empty_space height=&#8221;80px&#8221;][\/vc_column][\/vc_row][vc_row][vc_column offset=&#8221;vc_hidden-lg vc_hidden-md&#8221;][vc_empty_space][\/vc_column][\/vc_row][vc_row][vc_column][elx_carousel_sust_ratings cards_bg_color=&#8221;card-bg-green&#8221; first_title=&#8221;Objectifs climatiques&#8221; first_paragraph=&#8221;Electrolux Professional Group est le leader en mati\u00e8re de durabilit\u00e9 dans notre secteur. Notre objectif global et ambitieux est de devenir neutre en carbone dans nos propres op\u00e9rations d&#8217;ici 2030.&#8221; card_1_image=&#8221;30232&#8243; card_1_title=&#8221;R\u00e9duire les \u00e9missions de CO2 scope 1 et 2 de nos sites industriels, par rapport \u00e0 2019&#8243; card_1_number=&#8221;-70%&#8221; card_1_number_text=&#8221;Atteint -61 % \u00e0 ce jour (2024)&#8221; card_2_image=&#8221;30232&#8243; card_2_title=&#8221;R\u00e9duire les \u00e9missions scope 3 li\u00e9es \u00e0 la phase d&#8217;utilisation des produits vendus&#8221; card_2_number=&#8221;-27,5%&#8221; card_2_number_text=&#8221;Objectif atteint en 2024&#8243;][vc_empty_space height=&#8221;64px&#8221;][elx_carousel_sust_ratings alignment=&#8221;right&#8221; first_title=&#8221;Objectifs humains&#8221; first_paragraph=&#8221;Notre mission est de faciliter la vie professionnelle de nos clients, de la rendre plus rentable et v\u00e9ritablement durable au quotidien. Un objectif qui ne peut \u00eatre atteint qu\u2019en s\u2019appuyant sur notre atout le plus pr\u00e9cieux\u202f: nos collaborateurs.&#8221; card_1_title=&#8221;Objectif sant\u00e9 et s\u00e9curit\u00e9 pour 2025&#8243; card_1_number=&#8221;0,3&#8243; card_1_number_text=&#8221;Actuellement 0,66&#8243; card_2_title=&#8221;Objectif diversit\u00e9 hommes\/femmes pour 2030&#8243; card_2_number=&#8221;40\/60&#8243; card_2_number_text=&#8221;Actuellement 28\/72&#8243; card_1_paragraph=&#8221;Mesur\u00e9 par les accidents du travail pour 200 000 heures travaill\u00e9es&#8221; card_2_paragraph=&#8221;R\u00e9partition hommes\/femmes ou femmes\/hommes&#8221;][\/vc_column][\/vc_row][vc_row][vc_column offset=&#8221;vc_hidden-sm vc_hidden-xs&#8221;][vc_empty_space height=&#8221;80px&#8221;][\/vc_column][\/vc_row][vc_row][vc_column offset=&#8221;vc_hidden-lg vc_hidden-md&#8221;][vc_empty_space][\/vc_column][\/vc_row][vc_row css=&#8221;.vc_custom_1758284570657{background-color: #F5F5F5 !important;}&#8221;][vc_column][vc_empty_space height=&#8221;50px&#8221;][\/vc_column][\/vc_row][vc_row content_placement=&#8221;middle&#8221; css=&#8221;.vc_custom_1758808799747{background-color: #F5F5F5 !important;}&#8221;][vc_column width=&#8221;1\/3&#8243; el_class=&#8221;align-vertical-center&#8221;][vc_row_inner][vc_column_inner][vc_empty_space height=&#8221;42px&#8221;][\/vc_column_inner][\/vc_row_inner][vc_single_image image=&#8221;30219&#8243; img_size=&#8221;400&#215;200&#8243; alignment=&#8221;center&#8221; el_class=&#8221;align-vertical-center&#8221;][\/vc_column][vc_column width=&#8221;2\/3&#8243;][elx_heading text_color=&#8221;electrolux-blue&#8221; text_align=&#8221;text-left&#8221;]Neutre en carbone d&#8217;ici 2030[\/elx_heading][vc_empty_space height=&#8221;16px&#8221;][vc_column_text]Notre objectif global et ambitieux est de devenir neutre en carbone dans nos propres op\u00e9rations d&#8217;ici 2030.<br \/>\nNous soutenons l&#8217;Agenda 2030 de l&#8217;ONU et les \u00ab Objectifs de D\u00e9veloppement Durable \u00bb (SDG\u2019s) associ\u00e9s et <strong>nous nous sommes engag\u00e9s \u00e0 devenir neutres en carbone d&#8217;ici 2030<\/strong>.[\/vc_column_text][vc_empty_space height=&#8221;28px&#8221;][elx_button button_text=&#8221;NOS OBJECTIFS DE D\u00c9VELOPPEMENT DURABLE&#8221; button_display_block=&#8221;display_block_on&#8221; button_alignment_mobile=&#8221;text-left-mobile&#8221; button_link=&#8221;url:https%3A%2F%2Fwww.electroluxprofessionalgroup.com%2Fen%2Fsustainability%2Fsustainable-development-goals%2F|title:NOS%20OBJECTIFS%20DE%20D%C3%89VELOPPEMENT%20DURABLE|target:_blank&#8221;][\/vc_column][\/vc_row][vc_row css=&#8221;.vc_custom_1758284570657{background-color: #F5F5F5 !important;}&#8221;][vc_column][vc_empty_space height=&#8221;50px&#8221;][\/vc_column][\/vc_row][vc_row][vc_column][vc_empty_space height=&#8221;80px&#8221;][\/vc_column][\/vc_row][vc_row][vc_column][elx_double_banner_sust tag_title=&#8221;h2&#8243; left_title=&#8221;Solutions durables pour la cuisine&#8221; left_link=&#8221;url:https%3A%2F%2Fwww.electroluxprofessional.com%2Ffr%2Fsolutions-durables%2Fsolutions-alimentaires-durables%2F|title:En%20savoir%20plus&#8221; right_title=&#8221;Solutions durables pour la blanchisserie&#8221; right_link=&#8221;url:https%3A%2F%2Fwww.electroluxprofessional.com%2Ffr%2Fsolutions-durables%2Fsolutions-durables-pour-la-blanchisserie%2F|title:En%20savoir%20plus&#8221; left_image_media_library=&#8221;30225&#8243; right_image_media_library=&#8221;30226&#8243;][\/vc_column][\/vc_row][vc_row][vc_column][vc_empty_space height=&#8221;80px&#8221;][\/vc_column][\/vc_row]<\/p>\n","protected":false},"excerpt":{"rendered":"<p>[vc_row full_width=&#8221;electroluxpro-full-width-no-padding&#8221;][vc_column][elx_image_block background_image=&#8221;30217&#8243; minimum_height=&#8221;400px&#8221;][\/vc_column][\/vc_row][vc_row][vc_column][vc_row_inner][vc_column_inner offset=&#8221;vc_hidden-sm vc_hidden-xs&#8221;][vc_empty_space height=&#8221;80px&#8221;][\/vc_column_inner][\/vc_row_inner][vc_row_inner][vc_column_inner offset=&#8221;vc_hidden-lg vc_hidden-md&#8221;][vc_empty_space][\/vc_column_inner][\/vc_row_inner][elx_heading font_container=&#8221;h1&#8243; text_color=&#8221;electrolux-blue&#8221; text_align=&#8221;text-center&#8221;]Classements et certifications en mati\u00e8re de durabilit\u00e9[\/elx_heading][vc_empty_space height=&#8221;14px&#8221;][vc_column_text] Nous renfor\u00e7ons notre engagement pour un avenir durable gr\u00e2ce \u00e0 la transparence environnementale. [\/vc_column_text][vc_row_inner][vc_column_inner offset=&#8221;vc_hidden-sm vc_hidden-xs&#8221;][vc_empty_space height=&#8221;80px&#8221;][\/vc_column_inner][\/vc_row_inner][vc_row_inner][vc_column_inner offset=&#8221;vc_hidden-lg vc_hidden-md&#8221;][vc_empty_space][\/vc_column_inner][\/vc_row_inner][\/vc_column][\/vc_row][vc_row css=&#8221;.vc_custom_1758284570657{background-color: #F5F5F5 !important;}&#8221;][vc_column][vc_empty_space height=&#8221;50px&#8221;][\/vc_column][\/vc_row][vc_row equal_height=&#8221;yes&#8221; css=&#8221;.vc_custom_1758802186212{background-color: #F5F5F5 !important;}&#8221;][vc_column width=&#8221;3\/5&#8243; el_class=&#8221;align-vertical-center&#8221;][elx_heading font_size=&#8221;h4&#8243; text_color=&#8221;electrolux-blue&#8221; text_align=&#8221;text-left&#8221;]En 2025, nous sommes fiers [&hellip;]<\/p>\n","protected":false},"author":1,"featured_media":30216,"parent":30182,"menu_order":0,"comment_status":"closed","ping_status":"closed","template":"","meta":{"footnotes":""},"class_list":["post-30220","page","type-page","status-publish","has-post-thumbnail","hentry"],"acf":[],"yoast_head":"<!-- This site is optimized with the Yoast SEO plugin v23.3 - https:\/\/yoast.com\/wordpress\/plugins\/seo\/ -->\n<title>Classements et certificats de durabilit\u00e9 | Electrolux Professional France<\/title>\n<meta name=\"description\" content=\"Notes et certificats de durabilit\u00e9 d&#039;Electrolux Professional. D\u00e9couvrez nos engagements en faveur du climat et les distinctions d\u00e9cern\u00e9es par les principaux instituts de notation mondiaux pour nos performances en mati\u00e8re de durabilit\u00e9.\" \/>\n<meta name=\"robots\" content=\"index, follow, max-snippet:-1, max-image-preview:large, max-video-preview:-1\" \/>\n<link rel=\"canonical\" href=\"https:\/\/www.electroluxprofessional.com\/fr\/solutions-durables\/classements-et-certificats-de-durabilite\/\" \/>\n<meta property=\"og:locale\" content=\"fr_FR\" \/>\n<meta property=\"og:type\" content=\"article\" \/>\n<meta property=\"og:title\" content=\"Classements et certificats de durabilit\u00e9 | Electrolux Professional France\" \/>\n<meta property=\"og:description\" content=\"Notes et certificats de durabilit\u00e9 d&#039;Electrolux Professional. D\u00e9couvrez nos engagements en faveur du climat et les distinctions d\u00e9cern\u00e9es par les principaux instituts de notation mondiaux pour nos performances en mati\u00e8re de durabilit\u00e9.\" \/>\n<meta property=\"og:url\" content=\"https:\/\/www.electroluxprofessional.com\/fr\/solutions-durables\/classements-et-certificats-de-durabilite\/\" \/>\n<meta property=\"og:site_name\" content=\"Electrolux Professional France\" \/>\n<meta property=\"article:modified_time\" content=\"2026-03-06T13:57:37+00:00\" \/>\n<meta property=\"og:image\" content=\"https:\/\/www.electroluxprofessional.com\/fr\/wp-content\/uploads\/2026\/02\/A-sustainable-approach_1-3.jpeg\" \/>\n\t<meta property=\"og:image:width\" content=\"577\" \/>\n\t<meta property=\"og:image:height\" content=\"540\" \/>\n\t<meta property=\"og:image:type\" content=\"image\/jpeg\" \/>\n<meta name=\"twitter:card\" content=\"summary_large_image\" \/>\n<meta name=\"twitter:label1\" content=\"Dur\u00e9e de lecture estim\u00e9e\" \/>\n\t<meta name=\"twitter:data1\" content=\"4 minutes\" \/>\n<script type=\"application\/ld+json\" class=\"yoast-schema-graph\">{\"@context\":\"https:\/\/schema.org\",\"@graph\":[{\"@type\":\"WebPage\",\"@id\":\"https:\/\/www.electroluxprofessional.com\/fr\/solutions-durables\/classements-et-certificats-de-durabilite\/\",\"url\":\"https:\/\/www.electroluxprofessional.com\/fr\/solutions-durables\/classements-et-certificats-de-durabilite\/\",\"name\":\"Classements et certificats de durabilit\u00e9 | Electrolux Professional France\",\"isPartOf\":{\"@id\":\"https:\/\/www.electroluxprofessional.com\/fr\/#website\"},\"primaryImageOfPage\":{\"@id\":\"https:\/\/www.electroluxprofessional.com\/fr\/solutions-durables\/classements-et-certificats-de-durabilite\/#primaryimage\"},\"image\":{\"@id\":\"https:\/\/www.electroluxprofessional.com\/fr\/solutions-durables\/classements-et-certificats-de-durabilite\/#primaryimage\"},\"thumbnailUrl\":\"https:\/\/www.electroluxprofessional.com\/fr\/wp-content\/uploads\/2026\/02\/A-sustainable-approach_1-3.jpeg\",\"datePublished\":\"2026-02-23T15:15:49+00:00\",\"dateModified\":\"2026-03-06T13:57:37+00:00\",\"description\":\"Notes et certificats de durabilit\u00e9 d'Electrolux Professional. D\u00e9couvrez nos engagements en faveur du climat et les distinctions d\u00e9cern\u00e9es par les principaux instituts de notation mondiaux pour nos performances en mati\u00e8re de durabilit\u00e9.\",\"breadcrumb\":{\"@id\":\"https:\/\/www.electroluxprofessional.com\/fr\/solutions-durables\/classements-et-certificats-de-durabilite\/#breadcrumb\"},\"inLanguage\":\"fr-FR\",\"potentialAction\":[{\"@type\":\"ReadAction\",\"target\":[\"https:\/\/www.electroluxprofessional.com\/fr\/solutions-durables\/classements-et-certificats-de-durabilite\/\"]}]},{\"@type\":\"ImageObject\",\"inLanguage\":\"fr-FR\",\"@id\":\"https:\/\/www.electroluxprofessional.com\/fr\/solutions-durables\/classements-et-certificats-de-durabilite\/#primaryimage\",\"url\":\"https:\/\/www.electroluxprofessional.com\/fr\/wp-content\/uploads\/2026\/02\/A-sustainable-approach_1-3.jpeg\",\"contentUrl\":\"https:\/\/www.electroluxprofessional.com\/fr\/wp-content\/uploads\/2026\/02\/A-sustainable-approach_1-3.jpeg\",\"width\":577,\"height\":540},{\"@type\":\"BreadcrumbList\",\"@id\":\"https:\/\/www.electroluxprofessional.com\/fr\/solutions-durables\/classements-et-certificats-de-durabilite\/#breadcrumb\",\"itemListElement\":[{\"@type\":\"ListItem\",\"position\":1,\"name\":\"Home\",\"item\":\"https:\/\/www.electroluxprofessional.com\/fr\/\"},{\"@type\":\"ListItem\",\"position\":2,\"name\":\"Solutions durables\",\"item\":\"https:\/\/www.electroluxprofessional.com\/fr\/solutions-durables\/\"},{\"@type\":\"ListItem\",\"position\":3,\"name\":\"Classements et certificats de durabilit\u00e9\"}]},{\"@type\":\"WebSite\",\"@id\":\"https:\/\/www.electroluxprofessional.com\/fr\/#website\",\"url\":\"https:\/\/www.electroluxprofessional.com\/fr\/\",\"name\":\"Electrolux Professional France\",\"description\":\"\",\"potentialAction\":[{\"@type\":\"SearchAction\",\"target\":{\"@type\":\"EntryPoint\",\"urlTemplate\":\"https:\/\/www.electroluxprofessional.com\/fr\/?src={search_term_string}\"},\"query-input\":\"required name=search_term_string\"}],\"inLanguage\":\"fr-FR\"}]}<\/script>\n<!-- \/ Yoast SEO plugin. -->","yoast_head_json":{"title":"Classements et certificats de durabilit\u00e9 | Electrolux Professional France","description":"Notes et certificats de durabilit\u00e9 d'Electrolux Professional. D\u00e9couvrez nos engagements en faveur du climat et les distinctions d\u00e9cern\u00e9es par les principaux instituts de notation mondiaux pour nos performances en mati\u00e8re de durabilit\u00e9.","robots":{"index":"index","follow":"follow","max-snippet":"max-snippet:-1","max-image-preview":"max-image-preview:large","max-video-preview":"max-video-preview:-1"},"canonical":"https:\/\/www.electroluxprofessional.com\/fr\/solutions-durables\/classements-et-certificats-de-durabilite\/","og_locale":"fr_FR","og_type":"article","og_title":"Classements et certificats de durabilit\u00e9 | Electrolux Professional France","og_description":"Notes et certificats de durabilit\u00e9 d'Electrolux Professional. D\u00e9couvrez nos engagements en faveur du climat et les distinctions d\u00e9cern\u00e9es par les principaux instituts de notation mondiaux pour nos performances en mati\u00e8re de durabilit\u00e9.","og_url":"https:\/\/www.electroluxprofessional.com\/fr\/solutions-durables\/classements-et-certificats-de-durabilite\/","og_site_name":"Electrolux Professional France","article_modified_time":"2026-03-06T13:57:37+00:00","og_image":[{"width":577,"height":540,"url":"https:\/\/www.electroluxprofessional.com\/fr\/wp-content\/uploads\/2026\/02\/A-sustainable-approach_1-3.jpeg","type":"image\/jpeg"}],"twitter_card":"summary_large_image","twitter_misc":{"Dur\u00e9e de lecture estim\u00e9e":"4 minutes"},"schema":{"@context":"https:\/\/schema.org","@graph":[{"@type":"WebPage","@id":"https:\/\/www.electroluxprofessional.com\/fr\/solutions-durables\/classements-et-certificats-de-durabilite\/","url":"https:\/\/www.electroluxprofessional.com\/fr\/solutions-durables\/classements-et-certificats-de-durabilite\/","name":"Classements et certificats de durabilit\u00e9 | Electrolux Professional France","isPartOf":{"@id":"https:\/\/www.electroluxprofessional.com\/fr\/#website"},"primaryImageOfPage":{"@id":"https:\/\/www.electroluxprofessional.com\/fr\/solutions-durables\/classements-et-certificats-de-durabilite\/#primaryimage"},"image":{"@id":"https:\/\/www.electroluxprofessional.com\/fr\/solutions-durables\/classements-et-certificats-de-durabilite\/#primaryimage"},"thumbnailUrl":"https:\/\/www.electroluxprofessional.com\/fr\/wp-content\/uploads\/2026\/02\/A-sustainable-approach_1-3.jpeg","datePublished":"2026-02-23T15:15:49+00:00","dateModified":"2026-03-06T13:57:37+00:00","description":"Notes et certificats de durabilit\u00e9 d'Electrolux Professional. D\u00e9couvrez nos engagements en faveur du climat et les distinctions d\u00e9cern\u00e9es par les principaux instituts de notation mondiaux pour nos performances en mati\u00e8re de durabilit\u00e9.","breadcrumb":{"@id":"https:\/\/www.electroluxprofessional.com\/fr\/solutions-durables\/classements-et-certificats-de-durabilite\/#breadcrumb"},"inLanguage":"fr-FR","potentialAction":[{"@type":"ReadAction","target":["https:\/\/www.electroluxprofessional.com\/fr\/solutions-durables\/classements-et-certificats-de-durabilite\/"]}]},{"@type":"ImageObject","inLanguage":"fr-FR","@id":"https:\/\/www.electroluxprofessional.com\/fr\/solutions-durables\/classements-et-certificats-de-durabilite\/#primaryimage","url":"https:\/\/www.electroluxprofessional.com\/fr\/wp-content\/uploads\/2026\/02\/A-sustainable-approach_1-3.jpeg","contentUrl":"https:\/\/www.electroluxprofessional.com\/fr\/wp-content\/uploads\/2026\/02\/A-sustainable-approach_1-3.jpeg","width":577,"height":540},{"@type":"BreadcrumbList","@id":"https:\/\/www.electroluxprofessional.com\/fr\/solutions-durables\/classements-et-certificats-de-durabilite\/#breadcrumb","itemListElement":[{"@type":"ListItem","position":1,"name":"Home","item":"https:\/\/www.electroluxprofessional.com\/fr\/"},{"@type":"ListItem","position":2,"name":"Solutions durables","item":"https:\/\/www.electroluxprofessional.com\/fr\/solutions-durables\/"},{"@type":"ListItem","position":3,"name":"Classements et certificats de durabilit\u00e9"}]},{"@type":"WebSite","@id":"https:\/\/www.electroluxprofessional.com\/fr\/#website","url":"https:\/\/www.electroluxprofessional.com\/fr\/","name":"Electrolux Professional France","description":"","potentialAction":[{"@type":"SearchAction","target":{"@type":"EntryPoint","urlTemplate":"https:\/\/www.electroluxprofessional.com\/fr\/?src={search_term_string}"},"query-input":"required name=search_term_string"}],"inLanguage":"fr-FR"}]}},"_links":{"self":[{"href":"https:\/\/www.electroluxprofessional.com\/fr\/wp-json\/wp\/v2\/pages\/30220"}],"collection":[{"href":"https:\/\/www.electroluxprofessional.com\/fr\/wp-json\/wp\/v2\/pages"}],"about":[{"href":"https:\/\/www.electroluxprofessional.com\/fr\/wp-json\/wp\/v2\/types\/page"}],"author":[{"embeddable":true,"href":"https:\/\/www.electroluxprofessional.com\/fr\/wp-json\/wp\/v2\/users\/1"}],"replies":[{"embeddable":true,"href":"https:\/\/www.electroluxprofessional.com\/fr\/wp-json\/wp\/v2\/comments?post=30220"}],"version-history":[{"count":9,"href":"https:\/\/www.electroluxprofessional.com\/fr\/wp-json\/wp\/v2\/pages\/30220\/revisions"}],"predecessor-version":[{"id":30714,"href":"https:\/\/www.electroluxprofessional.com\/fr\/wp-json\/wp\/v2\/pages\/30220\/revisions\/30714"}],"up":[{"embeddable":true,"href":"https:\/\/www.electroluxprofessional.com\/fr\/wp-json\/wp\/v2\/pages\/30182"}],"wp:featuredmedia":[{"embeddable":true,"href":"https:\/\/www.electroluxprofessional.com\/fr\/wp-json\/wp\/v2\/media\/30216"}],"wp:attachment":[{"href":"https:\/\/www.electroluxprofessional.com\/fr\/wp-json\/wp\/v2\/media?parent=30220"}],"curies":[{"name":"wp","href":"https:\/\/api.w.org\/{rel}","templated":true}]}}