{"id":30107,"date":"2026-02-17T10:05:47","date_gmt":"2026-02-17T10:05:47","guid":{"rendered":"https:\/\/www.electroluxprofessional.com\/fr\/?page_id=30107"},"modified":"2026-04-02T16:30:35","modified_gmt":"2026-04-02T16:30:35","slug":"connectivite-blanchisserie","status":"publish","type":"page","link":"https:\/\/www.electroluxprofessional.com\/fr\/connectivite-blanchisserie\/","title":{"rendered":"Connectivit\u00e9"},"content":{"rendered":"<p>[vc_row full_width=&#8221;electroluxpro-full-width-no-padding&#8221;][vc_column][elx_image_block background_image=&#8221;31728&#8243; minimum_height=&#8221;400px&#8221;][vc_empty_space][\/vc_column][\/vc_row][vc_row][vc_column][elx_text_image style_image=&#8221;image_horizontal&#8221; bg_row=&#8221;bg-download-white&#8221; title=&#8221;Une fois que vous connaissez vos donn\u00e9es, il n\u2019y a pas de retour en arri\u00e8re&#8221; lists=&#8221;%5B%7B%7D%5D&#8221; values=&#8221;%5B%7B%22tag_icon_title%22%3A%22h4%22%7D%5D&#8221; single_image=&#8221;30098&#8243;]Votre mission est de garder le contr\u00f4le de votre activit\u00e9, y compris des op\u00e9rations de blanchisserie. Les solutions Electrolux Professional sont con\u00e7ues pour vous offrir encore plus de libert\u00e9 de contr\u00f4le, en vous fournissant une vision claire de toutes vos donn\u00e9es.<\/p>\n<p>\u00c0 tout moment, o\u00f9 que vous soyez.[\/elx_text_image][\/vc_column][\/vc_row][vc_row][vc_column][elx_heading font_size=&#8221;h4&#8243; text_color=&#8221;inherit&#8221; text_align=&#8221;text-center&#8221;]Toutes vos machines connect\u00e9es, surveill\u00e9es et contr\u00f4l\u00e9es depuis la plateforme OnE[\/elx_heading][vc_single_image image=&#8221;30096&#8243; img_size=&#8221;large&#8221; alignment=&#8221;center&#8221;][vc_empty_space height=&#8221;15px&#8221;][vc_column_text]<\/p>\n<p style=\"text-align: left;\">Prenez le contr\u00f4le total de vos op\u00e9rations de blanchisserie avec une transparence, une flexibilit\u00e9 et une efficacit\u00e9 compl\u00e8tes.<br data-start=\"350\" data-end=\"353\" \/><strong data-start=\"353\" data-end=\"370\">OnE Connected<\/strong> rassemble tous vos \u00e9quipements Electrolux Professional, lave-linge, s\u00e8che-linge et s\u00e9cheuse-repasseuse, en une seule plateforme num\u00e9rique intelligente.<\/p>\n<p style=\"text-align: left;\">Surveillez chaque cycle en temps r\u00e9el, suivez les performances et planifiez votre flux de travail facilement.<br data-start=\"590\" data-end=\"593\" \/>En transformant les donn\u00e9es en informations exploitables, <strong data-start=\"635\" data-end=\"652\">OnE Connected<\/strong> vous aide \u00e0 optimiser la productivit\u00e9, r\u00e9duire les co\u00fbts et garantir une qualit\u00e9 constante, \u00e0 chaque charge, chaque jour.<\/p>\n<p>[\/vc_column_text][vc_empty_space height=&#8221;25px&#8221;][\/vc_column][\/vc_row][vc_row custom_color_row=&#8221;bg-row-light-blue&#8221; full_width=&#8221;electroluxpro-full-width&#8221;][vc_column][elx_features_download title=&#8221;Une gestion plus intelligente de la blanchisserie, pour des r\u00e9sultats mesurables&#8221; title_download=&#8221;T\u00e9l\u00e9charger&#8221; title_position=&#8221;top&#8221; bg_row=&#8221;bg-row-light-blue&#8221; values=&#8221;%5B%7B%22select_type%22%3A%22link%22%2C%22link_download%22%3A%22url%3Ahttps%253A%252F%252Facrobat.adobe.com%252Fid%252Furn%253Aaaid%253Asc%253AEU%253A241f92ee-8b2c-47cc-9e60-04518d315e25%7Ctitle%3ABrochure%2520connectivit%25C3%25A9%7Ctarget%3A_blank%22%2C%22label_pride_document%22%3A%22Brochure%20sur%20la%20connectivit%C3%A9%22%2C%22document_type%22%3A%22brochures%22%2C%22br_document_number%22%3A%22A0100%22%7D%5D&#8221; discover=&#8221;%5B%7B%7D%5D&#8221; features=&#8221;%5B%7B%22icon_electroluxpro%22%3A%22elx-icon%20icon-watch%22%2C%22title_icon%22%3A%22D%C3%A9cisions%20intelligentes%22%2C%22tag_icon_title%22%3A%22h4%22%2C%22text_icon%22%3A%22Prenez%20des%20d%C3%A9cisions%20rapides%20et%20bas%C3%A9es%20sur%20les%20donn%C3%A9es%20pour%20maintenir%20votre%20entreprise%20%C3%A0%20son%20rendement%20optimal.%22%7D%2C%7B%22icon_electroluxpro%22%3A%22elx-icon%20icon-circle-savings-green-blue%22%2C%22title_icon%22%3A%22Co%C3%BBts%20r%C3%A9duits%22%2C%22tag_icon_title%22%3A%22h4%22%2C%22text_icon%22%3A%22Surveillez%20les%20indicateurs%20cl%C3%A9s%20de%20performance%20(KPI)%20pour%20optimiser%20l&#8217;utilisation%20des%20machines%2C%20l&#8217;efficacit%C3%A9%20%C3%A9nerg%C3%A9tique%20et%20leur%20cycle%20de%20vie.%22%7D%2C%7B%22icon_electroluxpro%22%3A%22elx-icon%20icon-circle-bacteria-blue%22%2C%22title_icon%22%3A%22Alertes%20de%20d%C3%A9sinfection%22%2C%22tag_icon_title%22%3A%22h4%22%2C%22text_icon%22%3A%22Chaque%20cycle%20est%20suivi%20pour%20garantir%20le%20respect%20constant%20des%20normes%20d&#8217;hygi%C3%A8ne.%22%7D%2C%7B%22icon_electroluxpro%22%3A%22elx-icon%20icon-fast-range%22%2C%22title_icon%22%3A%22Service%20express%22%2C%22tag_icon_title%22%3A%22h4%22%2C%22text_icon%22%3A%22La%20surveillance%20%C3%A0%20distance%20permet%20une%20maintenance%20pr%C3%A9ventive%20et%20une%20intervention%20rapide.%22%7D%5D&#8221;][\/elx_features_download][\/vc_column][\/vc_row][vc_row][vc_column][vc_empty_space height=&#8221;35px&#8221;][elx_text_image style_image=&#8221;image_horizontal&#8221; bg_row=&#8221;bg-download-white&#8221; title=&#8221;Une s\u00e9curit\u00e9 certifi\u00e9e en laquelle vous pouvez avoir confiance&#8221; lists=&#8221;%5B%7B%7D%5D&#8221; single_image=&#8221;30099&#8243; values=&#8221;%5B%7B%22tag_icon_title%22%3A%22h4%22%7D%5D&#8221;]OnE Connected est bas\u00e9 sur la <strong>norme ISO 27001,<\/strong> la r\u00e9f\u00e9rence mondiale en mati\u00e8re de s\u00e9curit\u00e9 de l\u2019information. Cette certification garantit que vos <strong>donn\u00e9es restent priv\u00e9es<\/strong> et <strong>prot\u00e9g\u00e9es<\/strong>, en d\u00e9finissant o\u00f9 elles sont stock\u00e9es, qui peut y acc\u00e9der et comment elles sont s\u00e9curis\u00e9es. <strong>Premier de l\u2019industrie<\/strong> \u00e0 atteindre cette norme, Electrolux Professional garantit une s\u00e9curit\u00e9 de niveau sup\u00e9rieur pour chaque solution connect\u00e9e.[\/elx_text_image][\/vc_column][\/vc_row][vc_row custom_color_row=&#8221;bg-row-light-blue&#8221;][vc_column][elx_heading text_color=&#8221;inherit&#8221; text_align=&#8221;text-center&#8221;]COMPATIBILIT\u00c9 DU PORTEFEUILLE DE PRODUITS[\/elx_heading][vc_empty_space height=&#8221;25px&#8221;][vc_column_text]<\/p>\n<p style=\"text-align: center;\">OnE Connected est disponible pour une large gamme d\u2019\u00e9quipements Electrolux Professional tout au long de la cha\u00eene de valeur.<\/p>\n<p>[\/vc_column_text][vc_single_image image=&#8221;30097&#8243; img_size=&#8221;large&#8221; alignment=&#8221;center&#8221; css=&#8221;.vc_custom_1762246346428{background-color: #e9eff5 !important;}&#8221;][\/vc_column][\/vc_row][vc_row custom_color_row=&#8221;bg-row-light-blue&#8221;][vc_column width=&#8221;2\/3&#8243;][vc_column_text]<\/p>\n<p style=\"text-align: left;\">Lave-linge, s\u00e8che-linge, repasseuses FFS Vibe <strong>Line 6000 <\/strong><\/p>\n<p>[\/vc_column_text][\/vc_column][vc_column width=&#8221;1\/3&#8243;][vc_column_text]Lave-linge, s\u00e8che-linge <strong>Line 5000<\/strong>[\/vc_column_text][\/vc_column][\/vc_row][vc_row custom_color_row=&#8221;bg-row-light-blue&#8221;][vc_column][vc_empty_space height=&#8221;45px&#8221;][vc_column_text]<\/p>\n<h6>La disponibilit\u00e9 des fonctionnalit\u00e9s et des mod\u00e8les compatibles peut varier selon les pays. Pour en savoir plus, il vous suffit de remplir le formulaire et un membre de notre \u00e9quipe commerciale vous contactera.<\/h6>\n<p>[\/vc_column_text][vc_empty_space height=&#8221;35px&#8221;][\/vc_column][\/vc_row][vc_row custom_color_row=&#8221;bg-row-light-blue&#8221;][vc_column][vc_empty_space height=&#8221;35px&#8221;][\/vc_column][\/vc_row][vc_row disable_element=&#8221;yes&#8221;][vc_column][elx_heading text_color=&#8221;inherit&#8221;]Avantages cl\u00e9s pour les blanchisseries sur site[\/elx_heading][elx_multiple_columns number_columns=&#8221;3&#8243; bg_row=&#8221;bg-download-white&#8221; values=&#8221;%5B%7B%22image_section%22%3A%20%2230100%22%2C%20%22title_section%22%3A%20%22D%C3%A9cisions%20intelligentes%22%2C%20%22text_section%22%3A%20%22Prenez%20des%20d%C3%A9cisions%20rapides%20et%20intelligentes%20bas%C3%A9es%20sur%20des%20donn%C3%A9es%20en%20temps%20r%C3%A9el%20pour%20tout%20ma%C3%AEtriser%20et%20faire%20fonctionner%20votre%20entreprise%20%C3%A0%20son%20plein%20potentiel.%22%2C%20%22button_style%22%3A%20%22secondary%22%7D%2C%20%7B%22image_section%22%3A%20%2230101%22%2C%20%22title_section%22%3A%20%22R%C3%A9duire%20les%20co%C3%BBts%22%2C%20%22text_section%22%3A%20%22Obtenez%20un%20aper%C3%A7u%20des%20tendances%20en%20mati%C3%A8re%20d%E2%80%99%C3%A9quipements%20et%20des%20indicateurs%20cl%C3%A9s%20de%20performance%20%C3%A0%20surveiller%20pour%20optimiser%20l%E2%80%99activit%C3%A9%20de%20blanchisserie%2C%20les%20performances%20des%20machines%20et%20leur%20long%C3%A9vit%C3%A9.%22%2C%20%22button_style%22%3A%20%22secondary%22%7D%2C%20%7B%22image_section%22%3A%20%2230102%22%2C%20%22title_section%22%3A%20%22Alertes%20de%20d%C3%A9sinfection%22%2C%20%22text_section%22%3A%20%22Chaque%20cycle%20de%20lavage%2C%20de%20s%C3%A9chage%20et%20de%20repassage%20est%20automatiquement%20enregistr%C3%A9%20et%20surveill%C3%A9%20afin%20de%20respecter%20les%20normes%20d%27hygi%C3%A8ne%20requises.%22%2C%20%22button_style%22%3A%20%22secondary%22%7D%2C%20%7B%22image_section%22%3A%20%2230103%22%2C%20%22title_section%22%3A%20%22Service%20instantan%5Cu0000%22%2C%20%22text_section%22%3A%20%22OnE%20Connected%20fournit%20un%20acc%C3%A8s%20et%20une%20surveillance%20%C3%A0%20distance%2C%20garantissant%20une%20maintenance%20pr%C3%A9ventive%20et%20une%20intervention%20rapide%20en%20cas%20de%20probl%C3%A8me%20technique.%22%2C%20%22button_style%22%3A%20%22secondary%22%7D%5D&#8221;][\/elx_multiple_columns][\/vc_column][\/vc_row][vc_row][vc_column][vc_empty_space][elx_heading text_color=&#8221;inherit&#8221; text_align=&#8221;text-center&#8221;]Connectivit\u00e9 con\u00e7ue pour votre univers[\/elx_heading][vc_empty_space][elx_multiple_columns number_columns=&#8221;4&#8243; bg_row=&#8221;bg-download-white&#8221; values=&#8221;%5B%7B%22image_section%22%3A%2230104%22%2C%22title_section%22%3A%22H%C3%B4pitaux%22%2C%22text_section%22%3A%22Avec%20OnE%20Connected%2C%20les%20acteurs%20de%20la%20blanchisseries%20du%20milieu%20de%20la%20sant%C3%A9%20peuvent%20surveiller%20chaque%20cycle%20afin%20d%E2%80%99assurer%20une%20conformit%C3%A9%20totale%20aux%20normes%20d%E2%80%99hygi%C3%A8ne%20et%20la%20s%C3%A9curit%C3%A9%20des%20patients.%20Les%20rapports%20automatiques%20et%20les%20alertes%20instantan%C3%A9es%20minimisent%20les%20erreurs%20humaines%2C%20garantissant%20des%20standards%20constants%20de%20contr%C3%B4le%20des%20infections.%22%2C%22button_style%22%3A%22secondary%22%7D%2C%7B%22image_section%22%3A%2230105%22%2C%22title_section%22%3A%22H%C3%B4tels%22%2C%22text_section%22%3A%22En%20h%C3%B4tellerie%2C%20OnE%20Connected%20allie%20efficacit%C3%A9%20et%20excellence.%20Les%20donn%C3%A9es%20en%20temps%20r%C3%A9el%20et%20le%20contr%C3%B4le%20%C3%A0%20distance%20vous%20aident%20%C3%A0%20optimiser%20les%20ressources%2C%20r%C3%A9duire%20les%20co%C3%BBts%20et%20obtenir%20des%20r%C3%A9sultats%20impeccables%20%E2%80%94%20pour%20une%20exp%C3%A9rience%20client%205%20%C3%A9toiles.%22%2C%22button_style%22%3A%22secondary%22%7D%2C%7B%22image_section%22%3A%2230106%22%2C%22title_section%22%3A%22Blanchisserie%20commerciale%22%2C%22text_section%22%3A%22Pour%20les%20blanchisseries%2C%20OnE%20Connected%20offre%20une%20visibilit%C3%A9%20et%20un%20contr%C3%B4le%20total%20de%20chaque%20processus.%20Analysez%20les%20performances%2C%20%C3%A9vitez%20les%20arr%C3%AAts%20et%20prenez%20des%20d%C3%A9cisions%20bas%C3%A9es%20sur%20vos%20donn%C3%A9es%20pour%20augmenter%20votre%20productivit%C3%A9%20et%20%20durabilit%C3%A9.%22%2C%22button_style%22%3A%22secondary%22%7D%5D&#8221;][\/elx_multiple_columns][\/vc_column][\/vc_row][vc_row][vc_column][vc_empty_space height=&#8221;25px&#8221;][\/vc_column][\/vc_row][vc_row custom_color_row=&#8221;bg-row-light-blue&#8221; full_width=&#8221;electroluxpro-full-width-no-padding&#8221; disable_element=&#8221;yes&#8221;][vc_column][elx_features_download title=&#8221;Essentia : le c\u0153ur du service client&#8221; tag_title=&#8221;h2&#8243; class_title=&#8221;h4&#8243; title_download=&#8221;&#8221; bg_row=&#8221;bg-row-light-blue&#8221; values=&#8221;%5B%7B%22select_type%22%3A%20%22link%22%2C%20%22link_download%22%3A%20%22url%3Ahttps%253A%252F%252Fwww.electroluxprofessional.com%252Fwp-content%252Fuploads%252F2022%252F01%252FCLF_CLF-9JE00193_1_5_1_5_EPR_Essentia_Service-agreements_2020_ENG_LR.pdf%7Ctarget%3A_blank%22%7D%5D&#8221; discover=&#8221;%5B%7B%7D%5D&#8221; features=&#8221;%5B%7B%22tag_icon_title%22%3A%20%22h4%22%7D%5D&#8221;]Vous fournir le soutien dont vous avez besoin, prendre en charge vos processus gr\u00e2ce \u00e0 un r\u00e9seau de services fiable, une gamme de services exclusifs sur mesure et une technologie innovante.[\/elx_features_download][vc_empty_space][\/vc_column][\/vc_row][vc_row][vc_column][elx_heading text_color=&#8221;inherit&#8221; text_align=&#8221;text-center&#8221;]Vous souhaitez en savoir plus sur la connectivit\u00e9 ?[\/elx_heading][elx_heading font_container=&#8221;h6&#8243; text_color=&#8221;inherit&#8221; text_align=&#8221;text-center&#8221;]Contactez-nous via notre formulaire :[\/elx_heading][vc_empty_space][elx_o2000_contact_us][\/vc_column][\/vc_row][vc_row][vc_column][vc_empty_space height=&#8221;60px&#8221;][\/vc_column][\/vc_row]<\/p>\n","protected":false},"excerpt":{"rendered":"<p>[vc_row full_width=&#8221;electroluxpro-full-width-no-padding&#8221;][vc_column][elx_image_block background_image=&#8221;31728&#8243; minimum_height=&#8221;400px&#8221;][vc_empty_space][\/vc_column][\/vc_row][vc_row][vc_column][elx_text_image style_image=&#8221;image_horizontal&#8221; bg_row=&#8221;bg-download-white&#8221; title=&#8221;Une fois que vous connaissez vos donn\u00e9es, il n\u2019y a pas de retour en arri\u00e8re&#8221; lists=&#8221;%5B%7B%7D%5D&#8221; values=&#8221;%5B%7B%22tag_icon_title%22%3A%22h4%22%7D%5D&#8221; single_image=&#8221;30098&#8243;]Votre mission est de garder le contr\u00f4le de votre activit\u00e9, y compris des op\u00e9rations de blanchisserie. Les solutions Electrolux Professional sont con\u00e7ues pour vous offrir encore plus de libert\u00e9 de contr\u00f4le, en [&hellip;]<\/p>\n","protected":false},"author":93,"featured_media":30094,"parent":0,"menu_order":0,"comment_status":"closed","ping_status":"closed","template":"","meta":{"footnotes":""},"class_list":["post-30107","page","type-page","status-publish","has-post-thumbnail","hentry"],"acf":[],"yoast_head":"<!-- This site is optimized with the Yoast SEO plugin v23.3 - https:\/\/yoast.com\/wordpress\/plugins\/seo\/ -->\n<title>Connectivit\u00e9 | Electrolux Professional France<\/title>\n<meta name=\"robots\" content=\"index, follow, max-snippet:-1, max-image-preview:large, max-video-preview:-1\" \/>\n<link rel=\"canonical\" href=\"https:\/\/www.electroluxprofessional.com\/fr\/connectivite-blanchisserie\/\" \/>\n<meta property=\"og:locale\" content=\"fr_FR\" \/>\n<meta property=\"og:type\" content=\"article\" \/>\n<meta property=\"og:title\" content=\"Connectivit\u00e9 | Electrolux Professional France\" \/>\n<meta property=\"og:description\" content=\"[vc_row full_width=&#8221;electroluxpro-full-width-no-padding&#8221;][vc_column][elx_image_block background_image=&#8221;31728&#8243; minimum_height=&#8221;400px&#8221;][vc_empty_space][\/vc_column][\/vc_row][vc_row][vc_column][elx_text_image style_image=&#8221;image_horizontal&#8221; bg_row=&#8221;bg-download-white&#8221; title=&#8221;Une fois que vous connaissez vos donn\u00e9es, il n\u2019y a pas de retour en arri\u00e8re&#8221; lists=&#8221;%5B%7B%7D%5D&#8221; values=&#8221;%5B%7B%22tag_icon_title%22%3A%22h4%22%7D%5D&#8221; single_image=&#8221;30098&#8243;]Votre mission est de garder le contr\u00f4le de votre activit\u00e9, y compris des op\u00e9rations de blanchisserie. Les solutions Electrolux Professional sont con\u00e7ues pour vous offrir encore plus de libert\u00e9 de contr\u00f4le, en [&hellip;]\" \/>\n<meta property=\"og:url\" content=\"https:\/\/www.electroluxprofessional.com\/fr\/connectivite-blanchisserie\/\" \/>\n<meta property=\"og:site_name\" content=\"Electrolux Professional France\" \/>\n<meta property=\"article:modified_time\" content=\"2026-04-02T16:30:35+00:00\" \/>\n<meta property=\"og:image\" content=\"https:\/\/www.electroluxprofessional.com\/fr\/wp-content\/uploads\/2026\/02\/EPR_OnE-Connected_OPL_Web-Banner_03-2.jpg\" \/>\n\t<meta property=\"og:image:width\" content=\"1920\" \/>\n\t<meta property=\"og:image:height\" content=\"400\" \/>\n\t<meta property=\"og:image:type\" content=\"image\/jpeg\" \/>\n<meta name=\"twitter:card\" content=\"summary_large_image\" \/>\n<meta name=\"twitter:label1\" content=\"Dur\u00e9e de lecture estim\u00e9e\" \/>\n\t<meta name=\"twitter:data1\" content=\"4 minutes\" \/>\n<script type=\"application\/ld+json\" class=\"yoast-schema-graph\">{\"@context\":\"https:\/\/schema.org\",\"@graph\":[{\"@type\":\"WebPage\",\"@id\":\"https:\/\/www.electroluxprofessional.com\/fr\/connectivite-blanchisserie\/\",\"url\":\"https:\/\/www.electroluxprofessional.com\/fr\/connectivite-blanchisserie\/\",\"name\":\"Connectivit\u00e9 | Electrolux Professional France\",\"isPartOf\":{\"@id\":\"https:\/\/www.electroluxprofessional.com\/fr\/#website\"},\"primaryImageOfPage\":{\"@id\":\"https:\/\/www.electroluxprofessional.com\/fr\/connectivite-blanchisserie\/#primaryimage\"},\"image\":{\"@id\":\"https:\/\/www.electroluxprofessional.com\/fr\/connectivite-blanchisserie\/#primaryimage\"},\"thumbnailUrl\":\"https:\/\/www.electroluxprofessional.com\/fr\/wp-content\/uploads\/2026\/02\/EPR_OnE-Connected_OPL_Web-Banner_03-2.jpg\",\"datePublished\":\"2026-02-17T10:05:47+00:00\",\"dateModified\":\"2026-04-02T16:30:35+00:00\",\"breadcrumb\":{\"@id\":\"https:\/\/www.electroluxprofessional.com\/fr\/connectivite-blanchisserie\/#breadcrumb\"},\"inLanguage\":\"fr-FR\",\"potentialAction\":[{\"@type\":\"ReadAction\",\"target\":[\"https:\/\/www.electroluxprofessional.com\/fr\/connectivite-blanchisserie\/\"]}]},{\"@type\":\"ImageObject\",\"inLanguage\":\"fr-FR\",\"@id\":\"https:\/\/www.electroluxprofessional.com\/fr\/connectivite-blanchisserie\/#primaryimage\",\"url\":\"https:\/\/www.electroluxprofessional.com\/fr\/wp-content\/uploads\/2026\/02\/EPR_OnE-Connected_OPL_Web-Banner_03-2.jpg\",\"contentUrl\":\"https:\/\/www.electroluxprofessional.com\/fr\/wp-content\/uploads\/2026\/02\/EPR_OnE-Connected_OPL_Web-Banner_03-2.jpg\",\"width\":1920,\"height\":400},{\"@type\":\"BreadcrumbList\",\"@id\":\"https:\/\/www.electroluxprofessional.com\/fr\/connectivite-blanchisserie\/#breadcrumb\",\"itemListElement\":[{\"@type\":\"ListItem\",\"position\":1,\"name\":\"Home\",\"item\":\"https:\/\/www.electroluxprofessional.com\/fr\/\"},{\"@type\":\"ListItem\",\"position\":2,\"name\":\"Connectivit\u00e9\"}]},{\"@type\":\"WebSite\",\"@id\":\"https:\/\/www.electroluxprofessional.com\/fr\/#website\",\"url\":\"https:\/\/www.electroluxprofessional.com\/fr\/\",\"name\":\"Electrolux Professional France\",\"description\":\"\",\"potentialAction\":[{\"@type\":\"SearchAction\",\"target\":{\"@type\":\"EntryPoint\",\"urlTemplate\":\"https:\/\/www.electroluxprofessional.com\/fr\/?src={search_term_string}\"},\"query-input\":\"required name=search_term_string\"}],\"inLanguage\":\"fr-FR\"}]}<\/script>\n<!-- \/ Yoast SEO plugin. -->","yoast_head_json":{"title":"Connectivit\u00e9 | Electrolux Professional France","robots":{"index":"index","follow":"follow","max-snippet":"max-snippet:-1","max-image-preview":"max-image-preview:large","max-video-preview":"max-video-preview:-1"},"canonical":"https:\/\/www.electroluxprofessional.com\/fr\/connectivite-blanchisserie\/","og_locale":"fr_FR","og_type":"article","og_title":"Connectivit\u00e9 | Electrolux Professional France","og_description":"[vc_row full_width=&#8221;electroluxpro-full-width-no-padding&#8221;][vc_column][elx_image_block background_image=&#8221;31728&#8243; minimum_height=&#8221;400px&#8221;][vc_empty_space][\/vc_column][\/vc_row][vc_row][vc_column][elx_text_image style_image=&#8221;image_horizontal&#8221; bg_row=&#8221;bg-download-white&#8221; title=&#8221;Une fois que vous connaissez vos donn\u00e9es, il n\u2019y a pas de retour en arri\u00e8re&#8221; lists=&#8221;%5B%7B%7D%5D&#8221; values=&#8221;%5B%7B%22tag_icon_title%22%3A%22h4%22%7D%5D&#8221; single_image=&#8221;30098&#8243;]Votre mission est de garder le contr\u00f4le de votre activit\u00e9, y compris des op\u00e9rations de blanchisserie. Les solutions Electrolux Professional sont con\u00e7ues pour vous offrir encore plus de libert\u00e9 de contr\u00f4le, en [&hellip;]","og_url":"https:\/\/www.electroluxprofessional.com\/fr\/connectivite-blanchisserie\/","og_site_name":"Electrolux Professional France","article_modified_time":"2026-04-02T16:30:35+00:00","og_image":[{"width":1920,"height":400,"url":"https:\/\/www.electroluxprofessional.com\/fr\/wp-content\/uploads\/2026\/02\/EPR_OnE-Connected_OPL_Web-Banner_03-2.jpg","type":"image\/jpeg"}],"twitter_card":"summary_large_image","twitter_misc":{"Dur\u00e9e de lecture estim\u00e9e":"4 minutes"},"schema":{"@context":"https:\/\/schema.org","@graph":[{"@type":"WebPage","@id":"https:\/\/www.electroluxprofessional.com\/fr\/connectivite-blanchisserie\/","url":"https:\/\/www.electroluxprofessional.com\/fr\/connectivite-blanchisserie\/","name":"Connectivit\u00e9 | Electrolux Professional France","isPartOf":{"@id":"https:\/\/www.electroluxprofessional.com\/fr\/#website"},"primaryImageOfPage":{"@id":"https:\/\/www.electroluxprofessional.com\/fr\/connectivite-blanchisserie\/#primaryimage"},"image":{"@id":"https:\/\/www.electroluxprofessional.com\/fr\/connectivite-blanchisserie\/#primaryimage"},"thumbnailUrl":"https:\/\/www.electroluxprofessional.com\/fr\/wp-content\/uploads\/2026\/02\/EPR_OnE-Connected_OPL_Web-Banner_03-2.jpg","datePublished":"2026-02-17T10:05:47+00:00","dateModified":"2026-04-02T16:30:35+00:00","breadcrumb":{"@id":"https:\/\/www.electroluxprofessional.com\/fr\/connectivite-blanchisserie\/#breadcrumb"},"inLanguage":"fr-FR","potentialAction":[{"@type":"ReadAction","target":["https:\/\/www.electroluxprofessional.com\/fr\/connectivite-blanchisserie\/"]}]},{"@type":"ImageObject","inLanguage":"fr-FR","@id":"https:\/\/www.electroluxprofessional.com\/fr\/connectivite-blanchisserie\/#primaryimage","url":"https:\/\/www.electroluxprofessional.com\/fr\/wp-content\/uploads\/2026\/02\/EPR_OnE-Connected_OPL_Web-Banner_03-2.jpg","contentUrl":"https:\/\/www.electroluxprofessional.com\/fr\/wp-content\/uploads\/2026\/02\/EPR_OnE-Connected_OPL_Web-Banner_03-2.jpg","width":1920,"height":400},{"@type":"BreadcrumbList","@id":"https:\/\/www.electroluxprofessional.com\/fr\/connectivite-blanchisserie\/#breadcrumb","itemListElement":[{"@type":"ListItem","position":1,"name":"Home","item":"https:\/\/www.electroluxprofessional.com\/fr\/"},{"@type":"ListItem","position":2,"name":"Connectivit\u00e9"}]},{"@type":"WebSite","@id":"https:\/\/www.electroluxprofessional.com\/fr\/#website","url":"https:\/\/www.electroluxprofessional.com\/fr\/","name":"Electrolux Professional France","description":"","potentialAction":[{"@type":"SearchAction","target":{"@type":"EntryPoint","urlTemplate":"https:\/\/www.electroluxprofessional.com\/fr\/?src={search_term_string}"},"query-input":"required name=search_term_string"}],"inLanguage":"fr-FR"}]}},"_links":{"self":[{"href":"https:\/\/www.electroluxprofessional.com\/fr\/wp-json\/wp\/v2\/pages\/30107"}],"collection":[{"href":"https:\/\/www.electroluxprofessional.com\/fr\/wp-json\/wp\/v2\/pages"}],"about":[{"href":"https:\/\/www.electroluxprofessional.com\/fr\/wp-json\/wp\/v2\/types\/page"}],"author":[{"embeddable":true,"href":"https:\/\/www.electroluxprofessional.com\/fr\/wp-json\/wp\/v2\/users\/93"}],"replies":[{"embeddable":true,"href":"https:\/\/www.electroluxprofessional.com\/fr\/wp-json\/wp\/v2\/comments?post=30107"}],"version-history":[{"count":16,"href":"https:\/\/www.electroluxprofessional.com\/fr\/wp-json\/wp\/v2\/pages\/30107\/revisions"}],"predecessor-version":[{"id":31732,"href":"https:\/\/www.electroluxprofessional.com\/fr\/wp-json\/wp\/v2\/pages\/30107\/revisions\/31732"}],"wp:featuredmedia":[{"embeddable":true,"href":"https:\/\/www.electroluxprofessional.com\/fr\/wp-json\/wp\/v2\/media\/30094"}],"wp:attachment":[{"href":"https:\/\/www.electroluxprofessional.com\/fr\/wp-json\/wp\/v2\/media?parent=30107"}],"curies":[{"name":"wp","href":"https:\/\/api.w.org\/{rel}","templated":true}]}}