{"id":2954,"date":"2017-02-28T13:49:47","date_gmt":"2017-02-28T13:49:47","guid":{"rendered":"https:\/\/www.electroluxprofessional.com\/fr\/?page_id=2954"},"modified":"2026-03-23T15:33:18","modified_gmt":"2026-03-23T15:33:18","slug":"coupe-pain-electrique","status":"publish","type":"page","link":"https:\/\/www.electroluxprofessional.com\/fr\/equipement-cuisine\/preparation-dynamique\/coupe-pain-electrique\/","title":{"rendered":"Coupe-pain \u00e9lectrique"},"content":{"rendered":"<p>[vc_row][vc_column][elx_image_block background_image=&#8221;14796&#8243;][vc_column_text]<\/p>\n<h1 style=\"text-align: center;\">Coupe-pain \u00e9lectrique CPX &#8211; Trancheuse professionnelle inox<\/h1>\n<p>&nbsp;<\/p>\n<p style=\"text-align: center;\">En compl\u00e9ment id\u00e9al \u00e0 toutes les cuisines, Electrolux Professional propose entre autres des coupe-pain \u00e9lectriques.<\/p>\n<p style=\"text-align: center;\">Polyvalents et faciles d&#8217;utilisation, ils sont la solution id\u00e9ale pour un service rapide et efficace.<\/p>\n<p style=\"text-align: center;\">L\u2019outil d\u2019aff\u00fbtage simple et pr\u00e9cis facilite le travail de l\u2019utilisateur en gardant toujours le tranchant de la lame aff\u00fbt\u00e9.\u00a0Lame d\u00e9di\u00e9e pour assurer une excellente pr\u00e9sentation des tranches.<\/p>\n<p style=\"text-align: center;\">Notre coupe-pain \u00e9lectriqu\u00e9 est \u00e9quip\u00e9 d&#8217;un dispositif de s\u00e9curit\u00e9 unique qui interdit l&#8217;acc\u00e8s \u00e0 la lame notamment lors des op\u00e9rations de nettoyage pour une s\u00e9curit\u00e9 maximale.<\/p>\n<p style=\"text-align: center;\"><span style=\"font-weight: inherit; font-style: inherit;\"><img loading=\"lazy\" decoding=\"async\" class=\"aligncenter wp-image-2955 size-full\" src=\"https:\/\/www.electroluxprofessional.com\/fr\/wp-content\/uploads\/2017\/02\/trancheur.jpg\" alt=\"trancheur\" width=\"323\" height=\"299\" srcset=\"https:\/\/www.electroluxprofessional.com\/fr\/wp-content\/uploads\/2017\/02\/trancheur.jpg 323w, https:\/\/www.electroluxprofessional.com\/fr\/wp-content\/uploads\/2017\/02\/trancheur-300x278.jpg 300w\" sizes=\"(max-width: 323px) 100vw, 323px\" \/><\/span><\/p>\n<p>[\/vc_column_text][\/vc_column][\/vc_row]<\/p>\n","protected":false},"excerpt":{"rendered":"<p>[vc_row][vc_column][elx_image_block background_image=&#8221;14796&#8243;][vc_column_text] Coupe-pain \u00e9lectrique CPX &#8211; Trancheuse professionnelle inox &nbsp; En compl\u00e9ment id\u00e9al \u00e0 toutes les cuisines, Electrolux Professional propose entre autres des coupe-pain \u00e9lectriques. Polyvalents et faciles d&#8217;utilisation, ils sont la solution id\u00e9ale pour un service rapide et efficace. L\u2019outil d\u2019aff\u00fbtage simple et pr\u00e9cis facilite le travail de l\u2019utilisateur en gardant toujours le tranchant [&hellip;]<\/p>\n","protected":false},"author":4,"featured_media":14796,"parent":2932,"menu_order":0,"comment_status":"closed","ping_status":"closed","template":"","meta":{"footnotes":""},"class_list":["post-2954","page","type-page","status-publish","has-post-thumbnail","hentry"],"acf":[],"yoast_head":"<!-- This site is optimized with the Yoast SEO plugin v23.3 - https:\/\/yoast.com\/wordpress\/plugins\/seo\/ -->\n<title>Coupe-pain \u00e9lectrique professionnel | Electrolux Professional<\/title>\n<meta name=\"description\" content=\"D\u00e9couvrez notre coupe-pain \u00e9lectrique : d\u00e9bit de 7 000 \u00e0 14 000 tranches\/heure. Id\u00e9al pour restaurants, caf\u00e9t\u00e9rias et \u00e9tablissements de restauration collective.\" \/>\n<meta name=\"robots\" content=\"index, follow, max-snippet:-1, max-image-preview:large, max-video-preview:-1\" \/>\n<link rel=\"canonical\" href=\"https:\/\/www.electroluxprofessional.com\/fr\/equipement-cuisine\/preparation-dynamique\/coupe-pain-electrique\/\" \/>\n<meta property=\"og:locale\" content=\"fr_FR\" \/>\n<meta property=\"og:type\" content=\"article\" \/>\n<meta property=\"og:title\" content=\"Coupe-pain \u00e9lectrique professionnel | Electrolux Professional\" \/>\n<meta property=\"og:description\" content=\"D\u00e9couvrez notre coupe-pain \u00e9lectrique : d\u00e9bit de 7 000 \u00e0 14 000 tranches\/heure. Id\u00e9al pour restaurants, caf\u00e9t\u00e9rias et \u00e9tablissements de restauration collective.\" \/>\n<meta property=\"og:url\" content=\"https:\/\/www.electroluxprofessional.com\/fr\/equipement-cuisine\/preparation-dynamique\/coupe-pain-electrique\/\" \/>\n<meta property=\"og:site_name\" content=\"Electrolux Professional France\" \/>\n<meta property=\"article:modified_time\" content=\"2026-03-23T15:33:18+00:00\" \/>\n<meta property=\"og:image\" content=\"https:\/\/www.electroluxprofessional.com\/fr\/wp-content\/uploads\/2021\/05\/pain.jpg\" \/>\n\t<meta property=\"og:image:width\" content=\"1463\" \/>\n\t<meta property=\"og:image:height\" content=\"456\" \/>\n\t<meta property=\"og:image:type\" content=\"image\/jpeg\" \/>\n<meta name=\"twitter:card\" content=\"summary_large_image\" \/>\n<meta name=\"twitter:label1\" content=\"Dur\u00e9e de lecture estim\u00e9e\" \/>\n\t<meta name=\"twitter:data1\" content=\"2 minutes\" \/>\n<script type=\"application\/ld+json\" class=\"yoast-schema-graph\">{\"@context\":\"https:\/\/schema.org\",\"@graph\":[{\"@type\":\"WebPage\",\"@id\":\"https:\/\/www.electroluxprofessional.com\/fr\/equipement-cuisine\/preparation-dynamique\/coupe-pain-electrique\/\",\"url\":\"https:\/\/www.electroluxprofessional.com\/fr\/equipement-cuisine\/preparation-dynamique\/coupe-pain-electrique\/\",\"name\":\"Coupe-pain \u00e9lectrique professionnel | Electrolux Professional\",\"isPartOf\":{\"@id\":\"https:\/\/www.electroluxprofessional.com\/fr\/#website\"},\"primaryImageOfPage\":{\"@id\":\"https:\/\/www.electroluxprofessional.com\/fr\/equipement-cuisine\/preparation-dynamique\/coupe-pain-electrique\/#primaryimage\"},\"image\":{\"@id\":\"https:\/\/www.electroluxprofessional.com\/fr\/equipement-cuisine\/preparation-dynamique\/coupe-pain-electrique\/#primaryimage\"},\"thumbnailUrl\":\"https:\/\/www.electroluxprofessional.com\/fr\/wp-content\/uploads\/2021\/05\/pain.jpg\",\"datePublished\":\"2017-02-28T13:49:47+00:00\",\"dateModified\":\"2026-03-23T15:33:18+00:00\",\"description\":\"D\u00e9couvrez notre coupe-pain \u00e9lectrique : d\u00e9bit de 7 000 \u00e0 14 000 tranches\/heure. Id\u00e9al pour restaurants, caf\u00e9t\u00e9rias et \u00e9tablissements de restauration collective.\",\"breadcrumb\":{\"@id\":\"https:\/\/www.electroluxprofessional.com\/fr\/equipement-cuisine\/preparation-dynamique\/coupe-pain-electrique\/#breadcrumb\"},\"inLanguage\":\"fr-FR\",\"potentialAction\":[{\"@type\":\"ReadAction\",\"target\":[\"https:\/\/www.electroluxprofessional.com\/fr\/equipement-cuisine\/preparation-dynamique\/coupe-pain-electrique\/\"]}]},{\"@type\":\"ImageObject\",\"inLanguage\":\"fr-FR\",\"@id\":\"https:\/\/www.electroluxprofessional.com\/fr\/equipement-cuisine\/preparation-dynamique\/coupe-pain-electrique\/#primaryimage\",\"url\":\"https:\/\/www.electroluxprofessional.com\/fr\/wp-content\/uploads\/2021\/05\/pain.jpg\",\"contentUrl\":\"https:\/\/www.electroluxprofessional.com\/fr\/wp-content\/uploads\/2021\/05\/pain.jpg\",\"width\":1463,\"height\":456,\"caption\":\"pain\"},{\"@type\":\"BreadcrumbList\",\"@id\":\"https:\/\/www.electroluxprofessional.com\/fr\/equipement-cuisine\/preparation-dynamique\/coupe-pain-electrique\/#breadcrumb\",\"itemListElement\":[{\"@type\":\"ListItem\",\"position\":1,\"name\":\"Home\",\"item\":\"https:\/\/www.electroluxprofessional.com\/fr\/\"},{\"@type\":\"ListItem\",\"position\":2,\"name\":\"Mat\u00e9riel de cuisine professionnel\",\"item\":\"https:\/\/www.electroluxprofessional.com\/fr\/equipement-cuisine\/\"},{\"@type\":\"ListItem\",\"position\":3,\"name\":\"Pr\u00e9paration dynamique\",\"item\":\"https:\/\/www.electroluxprofessional.com\/fr\/equipement-cuisine\/preparation-dynamique\/\"},{\"@type\":\"ListItem\",\"position\":4,\"name\":\"Coupe-pain \u00e9lectrique\"}]},{\"@type\":\"WebSite\",\"@id\":\"https:\/\/www.electroluxprofessional.com\/fr\/#website\",\"url\":\"https:\/\/www.electroluxprofessional.com\/fr\/\",\"name\":\"Electrolux Professional France\",\"description\":\"\",\"potentialAction\":[{\"@type\":\"SearchAction\",\"target\":{\"@type\":\"EntryPoint\",\"urlTemplate\":\"https:\/\/www.electroluxprofessional.com\/fr\/?src={search_term_string}\"},\"query-input\":\"required name=search_term_string\"}],\"inLanguage\":\"fr-FR\"}]}<\/script>\n<!-- \/ Yoast SEO plugin. -->","yoast_head_json":{"title":"Coupe-pain \u00e9lectrique professionnel | Electrolux Professional","description":"D\u00e9couvrez notre coupe-pain \u00e9lectrique : d\u00e9bit de 7 000 \u00e0 14 000 tranches\/heure. Id\u00e9al pour restaurants, caf\u00e9t\u00e9rias et \u00e9tablissements de restauration collective.","robots":{"index":"index","follow":"follow","max-snippet":"max-snippet:-1","max-image-preview":"max-image-preview:large","max-video-preview":"max-video-preview:-1"},"canonical":"https:\/\/www.electroluxprofessional.com\/fr\/equipement-cuisine\/preparation-dynamique\/coupe-pain-electrique\/","og_locale":"fr_FR","og_type":"article","og_title":"Coupe-pain \u00e9lectrique professionnel | Electrolux Professional","og_description":"D\u00e9couvrez notre coupe-pain \u00e9lectrique : d\u00e9bit de 7 000 \u00e0 14 000 tranches\/heure. Id\u00e9al pour restaurants, caf\u00e9t\u00e9rias et \u00e9tablissements de restauration collective.","og_url":"https:\/\/www.electroluxprofessional.com\/fr\/equipement-cuisine\/preparation-dynamique\/coupe-pain-electrique\/","og_site_name":"Electrolux Professional France","article_modified_time":"2026-03-23T15:33:18+00:00","og_image":[{"width":1463,"height":456,"url":"https:\/\/www.electroluxprofessional.com\/fr\/wp-content\/uploads\/2021\/05\/pain.jpg","type":"image\/jpeg"}],"twitter_card":"summary_large_image","twitter_misc":{"Dur\u00e9e de lecture estim\u00e9e":"2 minutes"},"schema":{"@context":"https:\/\/schema.org","@graph":[{"@type":"WebPage","@id":"https:\/\/www.electroluxprofessional.com\/fr\/equipement-cuisine\/preparation-dynamique\/coupe-pain-electrique\/","url":"https:\/\/www.electroluxprofessional.com\/fr\/equipement-cuisine\/preparation-dynamique\/coupe-pain-electrique\/","name":"Coupe-pain \u00e9lectrique professionnel | Electrolux Professional","isPartOf":{"@id":"https:\/\/www.electroluxprofessional.com\/fr\/#website"},"primaryImageOfPage":{"@id":"https:\/\/www.electroluxprofessional.com\/fr\/equipement-cuisine\/preparation-dynamique\/coupe-pain-electrique\/#primaryimage"},"image":{"@id":"https:\/\/www.electroluxprofessional.com\/fr\/equipement-cuisine\/preparation-dynamique\/coupe-pain-electrique\/#primaryimage"},"thumbnailUrl":"https:\/\/www.electroluxprofessional.com\/fr\/wp-content\/uploads\/2021\/05\/pain.jpg","datePublished":"2017-02-28T13:49:47+00:00","dateModified":"2026-03-23T15:33:18+00:00","description":"D\u00e9couvrez notre coupe-pain \u00e9lectrique : d\u00e9bit de 7 000 \u00e0 14 000 tranches\/heure. Id\u00e9al pour restaurants, caf\u00e9t\u00e9rias et \u00e9tablissements de restauration collective.","breadcrumb":{"@id":"https:\/\/www.electroluxprofessional.com\/fr\/equipement-cuisine\/preparation-dynamique\/coupe-pain-electrique\/#breadcrumb"},"inLanguage":"fr-FR","potentialAction":[{"@type":"ReadAction","target":["https:\/\/www.electroluxprofessional.com\/fr\/equipement-cuisine\/preparation-dynamique\/coupe-pain-electrique\/"]}]},{"@type":"ImageObject","inLanguage":"fr-FR","@id":"https:\/\/www.electroluxprofessional.com\/fr\/equipement-cuisine\/preparation-dynamique\/coupe-pain-electrique\/#primaryimage","url":"https:\/\/www.electroluxprofessional.com\/fr\/wp-content\/uploads\/2021\/05\/pain.jpg","contentUrl":"https:\/\/www.electroluxprofessional.com\/fr\/wp-content\/uploads\/2021\/05\/pain.jpg","width":1463,"height":456,"caption":"pain"},{"@type":"BreadcrumbList","@id":"https:\/\/www.electroluxprofessional.com\/fr\/equipement-cuisine\/preparation-dynamique\/coupe-pain-electrique\/#breadcrumb","itemListElement":[{"@type":"ListItem","position":1,"name":"Home","item":"https:\/\/www.electroluxprofessional.com\/fr\/"},{"@type":"ListItem","position":2,"name":"Mat\u00e9riel de cuisine professionnel","item":"https:\/\/www.electroluxprofessional.com\/fr\/equipement-cuisine\/"},{"@type":"ListItem","position":3,"name":"Pr\u00e9paration dynamique","item":"https:\/\/www.electroluxprofessional.com\/fr\/equipement-cuisine\/preparation-dynamique\/"},{"@type":"ListItem","position":4,"name":"Coupe-pain \u00e9lectrique"}]},{"@type":"WebSite","@id":"https:\/\/www.electroluxprofessional.com\/fr\/#website","url":"https:\/\/www.electroluxprofessional.com\/fr\/","name":"Electrolux Professional France","description":"","potentialAction":[{"@type":"SearchAction","target":{"@type":"EntryPoint","urlTemplate":"https:\/\/www.electroluxprofessional.com\/fr\/?src={search_term_string}"},"query-input":"required name=search_term_string"}],"inLanguage":"fr-FR"}]}},"_links":{"self":[{"href":"https:\/\/www.electroluxprofessional.com\/fr\/wp-json\/wp\/v2\/pages\/2954"}],"collection":[{"href":"https:\/\/www.electroluxprofessional.com\/fr\/wp-json\/wp\/v2\/pages"}],"about":[{"href":"https:\/\/www.electroluxprofessional.com\/fr\/wp-json\/wp\/v2\/types\/page"}],"author":[{"embeddable":true,"href":"https:\/\/www.electroluxprofessional.com\/fr\/wp-json\/wp\/v2\/users\/4"}],"replies":[{"embeddable":true,"href":"https:\/\/www.electroluxprofessional.com\/fr\/wp-json\/wp\/v2\/comments?post=2954"}],"version-history":[{"count":7,"href":"https:\/\/www.electroluxprofessional.com\/fr\/wp-json\/wp\/v2\/pages\/2954\/revisions"}],"predecessor-version":[{"id":31412,"href":"https:\/\/www.electroluxprofessional.com\/fr\/wp-json\/wp\/v2\/pages\/2954\/revisions\/31412"}],"up":[{"embeddable":true,"href":"https:\/\/www.electroluxprofessional.com\/fr\/wp-json\/wp\/v2\/pages\/2932"}],"wp:featuredmedia":[{"embeddable":true,"href":"https:\/\/www.electroluxprofessional.com\/fr\/wp-json\/wp\/v2\/media\/14796"}],"wp:attachment":[{"href":"https:\/\/www.electroluxprofessional.com\/fr\/wp-json\/wp\/v2\/media?parent=2954"}],"curies":[{"name":"wp","href":"https:\/\/api.w.org\/{rel}","templated":true}]}}