{"id":2952,"date":"2017-02-28T13:48:13","date_gmt":"2017-02-28T13:48:13","guid":{"rendered":"https:\/\/www.electroluxprofessional.com\/fr\/?page_id=2952"},"modified":"2026-03-23T15:31:28","modified_gmt":"2026-03-23T15:31:28","slug":"laminoirs","status":"publish","type":"page","link":"https:\/\/www.electroluxprofessional.com\/fr\/equipement-cuisine\/preparation-dynamique\/laminoirs\/","title":{"rendered":"Laminoirs"},"content":{"rendered":"<p>[vc_row][vc_column][vc_column_text]<\/p>\n<h1 style=\"text-align: center;\">Laminoirs Motoris\u00e9s pour Boulangerie &#8211; Mod\u00e8les LMP400 \u00e0 LMP600BF<\/h1>\n<p>[\/vc_column_text][vc_empty_space][\/vc_column][\/vc_row][vc_row][vc_column width=&#8221;2\/3&#8243;][vc_column_text]<\/p>\n<h3><strong>LMP 400<\/strong><\/h3>\n<p>Peu encombrant et facilement d\u00e9pla\u00e7able apr\u00e8s utilisation<br \/>\nCylindres de laminage en t\u00e9flon \u00ab alimentaire \u00bb avec un diam\u00e8tre<br \/>\nde 60 mm<br \/>\nLargeur de travail : 400 mm<br \/>\nTablettes inox amovibles[\/vc_column_text][\/vc_column][vc_column width=&#8221;1\/3&#8243;][vc_single_image image=&#8221;16886&#8243; img_size=&#8221;large&#8221; alignment=&#8221;center&#8221;][\/vc_column][\/vc_row][vc_row][vc_column][vc_empty_space][\/vc_column][\/vc_row][vc_row][vc_column width=&#8221;1\/3&#8243;][vc_single_image image=&#8221;16887&#8243; img_size=&#8221;large&#8221; alignment=&#8221;center&#8221;][\/vc_column][vc_column width=&#8221;2\/3&#8243;][vc_column_text]<\/p>\n<h3><strong>LMP 500<\/strong><\/h3>\n<p>Facile \u00e0 utiliser<br \/>\nLes tablettes sont recouvertes d\u2019un rev\u00eatement anti-adh\u00e9sif afin d\u2019\u00e9viter l\u2019adh\u00e9rence de la p\u00e2te et sont relevables pour r\u00e9duire l\u2019espace<br \/>\nLa machine peut travailler tous types de p\u00e2tes m\u00eame tr\u00e8s fines<br \/>\nRacleurs d\u00e9montables<br \/>\nInversion du sens de laminage par un levier de commande[\/vc_column_text][\/vc_column][\/vc_row][vc_row][vc_column][vc_empty_space][\/vc_column][\/vc_row][vc_row][vc_column width=&#8221;2\/3&#8243;][vc_column_text]<\/p>\n<h2><strong>LMP 500 B<\/strong><\/h2>\n<p>Appareil de grande production mais simple d\u2019utilisation<br \/>\nLes tapis sont relevables pour r\u00e9duire l\u2019espace<br \/>\nTapis avec vitesse variable \u00ab vitesse adapt\u00e9e entre c\u00f4t\u00e9 entr\u00e9e et c\u00f4t\u00e9 sortie \u00bb<br \/>\nRacleurs d\u00e9montables<br \/>\nInversion du sens de laminage par un levier de commande[\/vc_column_text][\/vc_column][vc_column width=&#8221;1\/3&#8243;][vc_empty_space][vc_single_image image=&#8221;16888&#8243; img_size=&#8221;large&#8221; alignment=&#8221;center&#8221;][\/vc_column][\/vc_row]<\/p>\n","protected":false},"excerpt":{"rendered":"<p>[vc_row][vc_column][vc_column_text] Laminoirs Motoris\u00e9s pour Boulangerie &#8211; Mod\u00e8les LMP400 \u00e0 LMP600BF [\/vc_column_text][vc_empty_space][\/vc_column][\/vc_row][vc_row][vc_column width=&#8221;2\/3&#8243;][vc_column_text] LMP 400 Peu encombrant et facilement d\u00e9pla\u00e7able apr\u00e8s utilisation Cylindres de laminage en t\u00e9flon \u00ab alimentaire \u00bb avec un diam\u00e8tre de 60 mm Largeur de travail : 400 mm Tablettes inox amovibles[\/vc_column_text][\/vc_column][vc_column width=&#8221;1\/3&#8243;][vc_single_image image=&#8221;16886&#8243; img_size=&#8221;large&#8221; alignment=&#8221;center&#8221;][\/vc_column][\/vc_row][vc_row][vc_column][vc_empty_space][\/vc_column][\/vc_row][vc_row][vc_column width=&#8221;1\/3&#8243;][vc_single_image image=&#8221;16887&#8243; img_size=&#8221;large&#8221; alignment=&#8221;center&#8221;][\/vc_column][vc_column width=&#8221;2\/3&#8243;][vc_column_text] LMP 500 [&hellip;]<\/p>\n","protected":false},"author":4,"featured_media":0,"parent":2932,"menu_order":0,"comment_status":"closed","ping_status":"closed","template":"","meta":{"footnotes":""},"class_list":["post-2952","page","type-page","status-publish","hentry"],"acf":[],"yoast_head":"<!-- This site is optimized with the Yoast SEO plugin v23.3 - https:\/\/yoast.com\/wordpress\/plugins\/seo\/ -->\n<title>Laminoirs Professionnels 500-600 mm | Electrolux Professional<\/title>\n<meta name=\"description\" content=\"D\u00e9couvrez nos laminoirs motoris\u00e9s pour boulangerie et p\u00e2tisserie. Mod\u00e8les de table et sur socle avec bandes de 1000 \u00e0 1300 mm pour production professionnelle.\" \/>\n<meta name=\"robots\" content=\"index, follow, max-snippet:-1, max-image-preview:large, max-video-preview:-1\" \/>\n<link rel=\"canonical\" href=\"https:\/\/www.electroluxprofessional.com\/fr\/equipement-cuisine\/preparation-dynamique\/laminoirs\/\" \/>\n<meta property=\"og:locale\" content=\"fr_FR\" \/>\n<meta property=\"og:type\" content=\"article\" \/>\n<meta property=\"og:title\" content=\"Laminoirs Professionnels 500-600 mm | Electrolux Professional\" \/>\n<meta property=\"og:description\" content=\"D\u00e9couvrez nos laminoirs motoris\u00e9s pour boulangerie et p\u00e2tisserie. Mod\u00e8les de table et sur socle avec bandes de 1000 \u00e0 1300 mm pour production professionnelle.\" \/>\n<meta property=\"og:url\" content=\"https:\/\/www.electroluxprofessional.com\/fr\/equipement-cuisine\/preparation-dynamique\/laminoirs\/\" \/>\n<meta property=\"og:site_name\" content=\"Electrolux Professional France\" \/>\n<meta property=\"article:modified_time\" content=\"2026-03-23T15:31:28+00:00\" \/>\n<meta name=\"twitter:card\" content=\"summary_large_image\" \/>\n<meta name=\"twitter:label1\" content=\"Dur\u00e9e de lecture estim\u00e9e\" \/>\n\t<meta name=\"twitter:data1\" content=\"2 minutes\" \/>\n<script type=\"application\/ld+json\" class=\"yoast-schema-graph\">{\"@context\":\"https:\/\/schema.org\",\"@graph\":[{\"@type\":\"WebPage\",\"@id\":\"https:\/\/www.electroluxprofessional.com\/fr\/equipement-cuisine\/preparation-dynamique\/laminoirs\/\",\"url\":\"https:\/\/www.electroluxprofessional.com\/fr\/equipement-cuisine\/preparation-dynamique\/laminoirs\/\",\"name\":\"Laminoirs Professionnels 500-600 mm | Electrolux Professional\",\"isPartOf\":{\"@id\":\"https:\/\/www.electroluxprofessional.com\/fr\/#website\"},\"datePublished\":\"2017-02-28T13:48:13+00:00\",\"dateModified\":\"2026-03-23T15:31:28+00:00\",\"description\":\"D\u00e9couvrez nos laminoirs motoris\u00e9s pour boulangerie et p\u00e2tisserie. Mod\u00e8les de table et sur socle avec bandes de 1000 \u00e0 1300 mm pour production professionnelle.\",\"breadcrumb\":{\"@id\":\"https:\/\/www.electroluxprofessional.com\/fr\/equipement-cuisine\/preparation-dynamique\/laminoirs\/#breadcrumb\"},\"inLanguage\":\"fr-FR\",\"potentialAction\":[{\"@type\":\"ReadAction\",\"target\":[\"https:\/\/www.electroluxprofessional.com\/fr\/equipement-cuisine\/preparation-dynamique\/laminoirs\/\"]}]},{\"@type\":\"BreadcrumbList\",\"@id\":\"https:\/\/www.electroluxprofessional.com\/fr\/equipement-cuisine\/preparation-dynamique\/laminoirs\/#breadcrumb\",\"itemListElement\":[{\"@type\":\"ListItem\",\"position\":1,\"name\":\"Home\",\"item\":\"https:\/\/www.electroluxprofessional.com\/fr\/\"},{\"@type\":\"ListItem\",\"position\":2,\"name\":\"Mat\u00e9riel de cuisine professionnel &#8211; Electrolux Professional\",\"item\":\"https:\/\/www.electroluxprofessional.com\/fr\/equipement-cuisine\/\"},{\"@type\":\"ListItem\",\"position\":3,\"name\":\"Pr\u00e9paration dynamique\",\"item\":\"https:\/\/www.electroluxprofessional.com\/fr\/equipement-cuisine\/preparation-dynamique\/\"},{\"@type\":\"ListItem\",\"position\":4,\"name\":\"Laminoirs\"}]},{\"@type\":\"WebSite\",\"@id\":\"https:\/\/www.electroluxprofessional.com\/fr\/#website\",\"url\":\"https:\/\/www.electroluxprofessional.com\/fr\/\",\"name\":\"Electrolux Professional France\",\"description\":\"\",\"potentialAction\":[{\"@type\":\"SearchAction\",\"target\":{\"@type\":\"EntryPoint\",\"urlTemplate\":\"https:\/\/www.electroluxprofessional.com\/fr\/?src={search_term_string}\"},\"query-input\":\"required name=search_term_string\"}],\"inLanguage\":\"fr-FR\"}]}<\/script>\n<!-- \/ Yoast SEO plugin. -->","yoast_head_json":{"title":"Laminoirs Professionnels 500-600 mm | Electrolux Professional","description":"D\u00e9couvrez nos laminoirs motoris\u00e9s pour boulangerie et p\u00e2tisserie. Mod\u00e8les de table et sur socle avec bandes de 1000 \u00e0 1300 mm pour production professionnelle.","robots":{"index":"index","follow":"follow","max-snippet":"max-snippet:-1","max-image-preview":"max-image-preview:large","max-video-preview":"max-video-preview:-1"},"canonical":"https:\/\/www.electroluxprofessional.com\/fr\/equipement-cuisine\/preparation-dynamique\/laminoirs\/","og_locale":"fr_FR","og_type":"article","og_title":"Laminoirs Professionnels 500-600 mm | Electrolux Professional","og_description":"D\u00e9couvrez nos laminoirs motoris\u00e9s pour boulangerie et p\u00e2tisserie. Mod\u00e8les de table et sur socle avec bandes de 1000 \u00e0 1300 mm pour production professionnelle.","og_url":"https:\/\/www.electroluxprofessional.com\/fr\/equipement-cuisine\/preparation-dynamique\/laminoirs\/","og_site_name":"Electrolux Professional France","article_modified_time":"2026-03-23T15:31:28+00:00","twitter_card":"summary_large_image","twitter_misc":{"Dur\u00e9e de lecture estim\u00e9e":"2 minutes"},"schema":{"@context":"https:\/\/schema.org","@graph":[{"@type":"WebPage","@id":"https:\/\/www.electroluxprofessional.com\/fr\/equipement-cuisine\/preparation-dynamique\/laminoirs\/","url":"https:\/\/www.electroluxprofessional.com\/fr\/equipement-cuisine\/preparation-dynamique\/laminoirs\/","name":"Laminoirs Professionnels 500-600 mm | Electrolux Professional","isPartOf":{"@id":"https:\/\/www.electroluxprofessional.com\/fr\/#website"},"datePublished":"2017-02-28T13:48:13+00:00","dateModified":"2026-03-23T15:31:28+00:00","description":"D\u00e9couvrez nos laminoirs motoris\u00e9s pour boulangerie et p\u00e2tisserie. Mod\u00e8les de table et sur socle avec bandes de 1000 \u00e0 1300 mm pour production professionnelle.","breadcrumb":{"@id":"https:\/\/www.electroluxprofessional.com\/fr\/equipement-cuisine\/preparation-dynamique\/laminoirs\/#breadcrumb"},"inLanguage":"fr-FR","potentialAction":[{"@type":"ReadAction","target":["https:\/\/www.electroluxprofessional.com\/fr\/equipement-cuisine\/preparation-dynamique\/laminoirs\/"]}]},{"@type":"BreadcrumbList","@id":"https:\/\/www.electroluxprofessional.com\/fr\/equipement-cuisine\/preparation-dynamique\/laminoirs\/#breadcrumb","itemListElement":[{"@type":"ListItem","position":1,"name":"Home","item":"https:\/\/www.electroluxprofessional.com\/fr\/"},{"@type":"ListItem","position":2,"name":"Mat\u00e9riel de cuisine professionnel &#8211; Electrolux Professional","item":"https:\/\/www.electroluxprofessional.com\/fr\/equipement-cuisine\/"},{"@type":"ListItem","position":3,"name":"Pr\u00e9paration dynamique","item":"https:\/\/www.electroluxprofessional.com\/fr\/equipement-cuisine\/preparation-dynamique\/"},{"@type":"ListItem","position":4,"name":"Laminoirs"}]},{"@type":"WebSite","@id":"https:\/\/www.electroluxprofessional.com\/fr\/#website","url":"https:\/\/www.electroluxprofessional.com\/fr\/","name":"Electrolux Professional France","description":"","potentialAction":[{"@type":"SearchAction","target":{"@type":"EntryPoint","urlTemplate":"https:\/\/www.electroluxprofessional.com\/fr\/?src={search_term_string}"},"query-input":"required name=search_term_string"}],"inLanguage":"fr-FR"}]}},"_links":{"self":[{"href":"https:\/\/www.electroluxprofessional.com\/fr\/wp-json\/wp\/v2\/pages\/2952"}],"collection":[{"href":"https:\/\/www.electroluxprofessional.com\/fr\/wp-json\/wp\/v2\/pages"}],"about":[{"href":"https:\/\/www.electroluxprofessional.com\/fr\/wp-json\/wp\/v2\/types\/page"}],"author":[{"embeddable":true,"href":"https:\/\/www.electroluxprofessional.com\/fr\/wp-json\/wp\/v2\/users\/4"}],"replies":[{"embeddable":true,"href":"https:\/\/www.electroluxprofessional.com\/fr\/wp-json\/wp\/v2\/comments?post=2952"}],"version-history":[{"count":5,"href":"https:\/\/www.electroluxprofessional.com\/fr\/wp-json\/wp\/v2\/pages\/2952\/revisions"}],"predecessor-version":[{"id":31407,"href":"https:\/\/www.electroluxprofessional.com\/fr\/wp-json\/wp\/v2\/pages\/2952\/revisions\/31407"}],"up":[{"embeddable":true,"href":"https:\/\/www.electroluxprofessional.com\/fr\/wp-json\/wp\/v2\/pages\/2932"}],"wp:attachment":[{"href":"https:\/\/www.electroluxprofessional.com\/fr\/wp-json\/wp\/v2\/media?parent=2952"}],"curies":[{"name":"wp","href":"https:\/\/api.w.org\/{rel}","templated":true}]}}