{"id":2949,"date":"2017-02-28T13:47:26","date_gmt":"2017-02-28T13:47:26","guid":{"rendered":"https:\/\/www.electroluxprofessional.com\/fr\/?page_id=2949"},"modified":"2026-03-16T08:16:38","modified_gmt":"2026-03-16T08:16:38","slug":"petrins","status":"publish","type":"page","link":"https:\/\/www.electroluxprofessional.com\/fr\/equipement-cuisine\/preparation-dynamique\/petrins\/","title":{"rendered":"P\u00e9trins"},"content":{"rendered":"<p>[vc_row full_width=&#8221;electroluxpro-full-width-no-padding&#8221;][vc_column][elx_image_block background_image=&#8221;16389&#8243; minimum_height=&#8221;350px&#8221;][\/vc_column][\/vc_row][vc_row][vc_column][vc_column_text]<\/p>\n<h1 style=\"text-align: center;\">P\u00e9trins Professionnels : Pr\u00e9paration Optimale pour Boulangeries et P\u00e2tisseries<\/h1>\n<p style=\"text-align: center;\">Les p\u00e9trins Electrolux Professional sont<strong> indispensables pour la pr\u00e9paration des pains, p\u00e2tes \u00e0 pizza et viennoiseries<\/strong>. Nous vous proposons des p\u00e9trins <strong>\u00e0 axe oblique<\/strong> et des p\u00e9trins <strong>\u00e0 axe spirale<\/strong>.<\/p>\n<p style=\"text-align: center;\">Pour un<strong> p\u00e9trissage optimal et de qualit\u00e9, <\/strong>avec un moteur 2 vitesses\u00a0: une basse vitesse pour un<strong> p\u00e9trissage traditionnel <\/strong>et une deuxi\u00e8me vitesse pour un<strong> p\u00e9trissage rapide.<\/strong><\/p>\n<p style=\"text-align: center;\">La commande est <strong>pr\u00e9cise<\/strong> gr\u00e2ce au tableau de commande <strong>ergonomique<\/strong> \u00e0 touches , dot\u00e9 d&#8217;un minuteur.<\/p>\n<p style=\"text-align: center;\">Pour votre <strong>s\u00e9curit\u00e9<\/strong> : l&#8217;appareil ne se mettra pas en fonctionnement si le bol est mal positionn\u00e9.<\/p>\n<p style=\"text-align: center;\"><img loading=\"lazy\" decoding=\"async\" class=\"aligncenter wp-image-2950 size-full\" src=\"https:\/\/www.electroluxprofessional.com\/fr\/wp-content\/uploads\/2017\/02\/petrin.jpg\" alt=\"petrin\" width=\"638\" height=\"235\" srcset=\"https:\/\/www.electroluxprofessional.com\/fr\/wp-content\/uploads\/2017\/02\/petrin.jpg 638w, https:\/\/www.electroluxprofessional.com\/fr\/wp-content\/uploads\/2017\/02\/petrin-300x111.jpg 300w\" sizes=\"(max-width: 638px) 100vw, 638px\" \/><\/p>\n<p>[\/vc_column_text][\/vc_column][\/vc_row][vc_row][vc_column][elx_heading text_color=&#8221;inherit&#8221;]Vous souhaitez en savoir plus ? Contactez-nous ![\/elx_heading][elx_o2000_contact_us s=&#8221;Demande d&#8217;informations sur les p\u00e9trins&#8221; country=&#8221;France&#8221; b=&#8221;food&#8221; r=&#8221;Je souhaiterais en savoir plus sur les p\u00e9trins Electrolux Professional&#8221;][\/vc_column][\/vc_row]<\/p>\n","protected":false},"excerpt":{"rendered":"<p>[vc_row full_width=&#8221;electroluxpro-full-width-no-padding&#8221;][vc_column][elx_image_block background_image=&#8221;16389&#8243; minimum_height=&#8221;350px&#8221;][\/vc_column][\/vc_row][vc_row][vc_column][vc_column_text] P\u00e9trins Professionnels : Pr\u00e9paration Optimale pour Boulangeries et P\u00e2tisseries Les p\u00e9trins Electrolux Professional sont indispensables pour la pr\u00e9paration des pains, p\u00e2tes \u00e0 pizza et viennoiseries. Nous vous proposons des p\u00e9trins \u00e0 axe oblique et des p\u00e9trins \u00e0 axe spirale. Pour un p\u00e9trissage optimal et de qualit\u00e9, avec un moteur 2 vitesses\u00a0: [&hellip;]<\/p>\n","protected":false},"author":4,"featured_media":0,"parent":2932,"menu_order":0,"comment_status":"closed","ping_status":"closed","template":"","meta":{"footnotes":""},"class_list":["post-2949","page","type-page","status-publish","hentry"],"acf":[],"yoast_head":"<!-- This site is optimized with the Yoast SEO plugin v23.3 - https:\/\/yoast.com\/wordpress\/plugins\/seo\/ -->\n<title>P\u00e9trins Professionnels | Electrolux Professional<\/title>\n<meta name=\"description\" content=\"D\u00e9couvrez nos p\u00e9trins professionnels \u00e0 axe oblique et spirale pour boulangeries, p\u00e2tisseries et pizzerias. Moteur 2 vitesses pour un p\u00e9trissage optimal.\" \/>\n<meta name=\"robots\" content=\"index, follow, max-snippet:-1, max-image-preview:large, max-video-preview:-1\" \/>\n<link rel=\"canonical\" href=\"https:\/\/www.electroluxprofessional.com\/fr\/equipement-cuisine\/preparation-dynamique\/petrins\/\" \/>\n<meta property=\"og:locale\" content=\"fr_FR\" \/>\n<meta property=\"og:type\" content=\"article\" \/>\n<meta property=\"og:title\" content=\"P\u00e9trins Professionnels | Electrolux Professional\" \/>\n<meta property=\"og:description\" content=\"D\u00e9couvrez nos p\u00e9trins professionnels \u00e0 axe oblique et spirale pour boulangeries, p\u00e2tisseries et pizzerias. Moteur 2 vitesses pour un p\u00e9trissage optimal.\" \/>\n<meta property=\"og:url\" content=\"https:\/\/www.electroluxprofessional.com\/fr\/equipement-cuisine\/preparation-dynamique\/petrins\/\" \/>\n<meta property=\"og:site_name\" content=\"Electrolux Professional France\" \/>\n<meta property=\"article:modified_time\" content=\"2026-03-16T08:16:38+00:00\" \/>\n<meta property=\"og:image\" content=\"https:\/\/www.electroluxprofessional.com\/fr\/wp-content\/uploads\/2017\/02\/petrin.jpg\" \/>\n<meta name=\"twitter:card\" content=\"summary_large_image\" \/>\n<meta name=\"twitter:label1\" content=\"Dur\u00e9e de lecture estim\u00e9e\" \/>\n\t<meta name=\"twitter:data1\" content=\"2 minutes\" \/>\n<script type=\"application\/ld+json\" class=\"yoast-schema-graph\">{\"@context\":\"https:\/\/schema.org\",\"@graph\":[{\"@type\":\"WebPage\",\"@id\":\"https:\/\/www.electroluxprofessional.com\/fr\/equipement-cuisine\/preparation-dynamique\/petrins\/\",\"url\":\"https:\/\/www.electroluxprofessional.com\/fr\/equipement-cuisine\/preparation-dynamique\/petrins\/\",\"name\":\"P\u00e9trins Professionnels | Electrolux Professional\",\"isPartOf\":{\"@id\":\"https:\/\/www.electroluxprofessional.com\/fr\/#website\"},\"primaryImageOfPage\":{\"@id\":\"https:\/\/www.electroluxprofessional.com\/fr\/equipement-cuisine\/preparation-dynamique\/petrins\/#primaryimage\"},\"image\":{\"@id\":\"https:\/\/www.electroluxprofessional.com\/fr\/equipement-cuisine\/preparation-dynamique\/petrins\/#primaryimage\"},\"thumbnailUrl\":\"https:\/\/www.electroluxprofessional.com\/fr\/wp-content\/uploads\/2017\/02\/petrin.jpg\",\"datePublished\":\"2017-02-28T13:47:26+00:00\",\"dateModified\":\"2026-03-16T08:16:38+00:00\",\"description\":\"D\u00e9couvrez nos p\u00e9trins professionnels \u00e0 axe oblique et spirale pour boulangeries, p\u00e2tisseries et pizzerias. Moteur 2 vitesses pour un p\u00e9trissage optimal.\",\"breadcrumb\":{\"@id\":\"https:\/\/www.electroluxprofessional.com\/fr\/equipement-cuisine\/preparation-dynamique\/petrins\/#breadcrumb\"},\"inLanguage\":\"fr-FR\",\"potentialAction\":[{\"@type\":\"ReadAction\",\"target\":[\"https:\/\/www.electroluxprofessional.com\/fr\/equipement-cuisine\/preparation-dynamique\/petrins\/\"]}]},{\"@type\":\"ImageObject\",\"inLanguage\":\"fr-FR\",\"@id\":\"https:\/\/www.electroluxprofessional.com\/fr\/equipement-cuisine\/preparation-dynamique\/petrins\/#primaryimage\",\"url\":\"https:\/\/www.electroluxprofessional.com\/fr\/wp-content\/uploads\/2017\/02\/petrin.jpg\",\"contentUrl\":\"https:\/\/www.electroluxprofessional.com\/fr\/wp-content\/uploads\/2017\/02\/petrin.jpg\",\"width\":638,\"height\":235,\"caption\":\"petrin\"},{\"@type\":\"BreadcrumbList\",\"@id\":\"https:\/\/www.electroluxprofessional.com\/fr\/equipement-cuisine\/preparation-dynamique\/petrins\/#breadcrumb\",\"itemListElement\":[{\"@type\":\"ListItem\",\"position\":1,\"name\":\"Home\",\"item\":\"https:\/\/www.electroluxprofessional.com\/fr\/\"},{\"@type\":\"ListItem\",\"position\":2,\"name\":\"Mat\u00e9riel de cuisine professionnel\",\"item\":\"https:\/\/www.electroluxprofessional.com\/fr\/equipement-cuisine\/\"},{\"@type\":\"ListItem\",\"position\":3,\"name\":\"Pr\u00e9paration dynamique\",\"item\":\"https:\/\/www.electroluxprofessional.com\/fr\/equipement-cuisine\/preparation-dynamique\/\"},{\"@type\":\"ListItem\",\"position\":4,\"name\":\"P\u00e9trins\"}]},{\"@type\":\"WebSite\",\"@id\":\"https:\/\/www.electroluxprofessional.com\/fr\/#website\",\"url\":\"https:\/\/www.electroluxprofessional.com\/fr\/\",\"name\":\"Electrolux Professional France\",\"description\":\"\",\"potentialAction\":[{\"@type\":\"SearchAction\",\"target\":{\"@type\":\"EntryPoint\",\"urlTemplate\":\"https:\/\/www.electroluxprofessional.com\/fr\/?src={search_term_string}\"},\"query-input\":\"required name=search_term_string\"}],\"inLanguage\":\"fr-FR\"}]}<\/script>\n<!-- \/ Yoast SEO plugin. -->","yoast_head_json":{"title":"P\u00e9trins Professionnels | Electrolux Professional","description":"D\u00e9couvrez nos p\u00e9trins professionnels \u00e0 axe oblique et spirale pour boulangeries, p\u00e2tisseries et pizzerias. Moteur 2 vitesses pour un p\u00e9trissage optimal.","robots":{"index":"index","follow":"follow","max-snippet":"max-snippet:-1","max-image-preview":"max-image-preview:large","max-video-preview":"max-video-preview:-1"},"canonical":"https:\/\/www.electroluxprofessional.com\/fr\/equipement-cuisine\/preparation-dynamique\/petrins\/","og_locale":"fr_FR","og_type":"article","og_title":"P\u00e9trins Professionnels | Electrolux Professional","og_description":"D\u00e9couvrez nos p\u00e9trins professionnels \u00e0 axe oblique et spirale pour boulangeries, p\u00e2tisseries et pizzerias. Moteur 2 vitesses pour un p\u00e9trissage optimal.","og_url":"https:\/\/www.electroluxprofessional.com\/fr\/equipement-cuisine\/preparation-dynamique\/petrins\/","og_site_name":"Electrolux Professional France","article_modified_time":"2026-03-16T08:16:38+00:00","og_image":[{"url":"https:\/\/www.electroluxprofessional.com\/fr\/wp-content\/uploads\/2017\/02\/petrin.jpg"}],"twitter_card":"summary_large_image","twitter_misc":{"Dur\u00e9e de lecture estim\u00e9e":"2 minutes"},"schema":{"@context":"https:\/\/schema.org","@graph":[{"@type":"WebPage","@id":"https:\/\/www.electroluxprofessional.com\/fr\/equipement-cuisine\/preparation-dynamique\/petrins\/","url":"https:\/\/www.electroluxprofessional.com\/fr\/equipement-cuisine\/preparation-dynamique\/petrins\/","name":"P\u00e9trins Professionnels | Electrolux Professional","isPartOf":{"@id":"https:\/\/www.electroluxprofessional.com\/fr\/#website"},"primaryImageOfPage":{"@id":"https:\/\/www.electroluxprofessional.com\/fr\/equipement-cuisine\/preparation-dynamique\/petrins\/#primaryimage"},"image":{"@id":"https:\/\/www.electroluxprofessional.com\/fr\/equipement-cuisine\/preparation-dynamique\/petrins\/#primaryimage"},"thumbnailUrl":"https:\/\/www.electroluxprofessional.com\/fr\/wp-content\/uploads\/2017\/02\/petrin.jpg","datePublished":"2017-02-28T13:47:26+00:00","dateModified":"2026-03-16T08:16:38+00:00","description":"D\u00e9couvrez nos p\u00e9trins professionnels \u00e0 axe oblique et spirale pour boulangeries, p\u00e2tisseries et pizzerias. Moteur 2 vitesses pour un p\u00e9trissage optimal.","breadcrumb":{"@id":"https:\/\/www.electroluxprofessional.com\/fr\/equipement-cuisine\/preparation-dynamique\/petrins\/#breadcrumb"},"inLanguage":"fr-FR","potentialAction":[{"@type":"ReadAction","target":["https:\/\/www.electroluxprofessional.com\/fr\/equipement-cuisine\/preparation-dynamique\/petrins\/"]}]},{"@type":"ImageObject","inLanguage":"fr-FR","@id":"https:\/\/www.electroluxprofessional.com\/fr\/equipement-cuisine\/preparation-dynamique\/petrins\/#primaryimage","url":"https:\/\/www.electroluxprofessional.com\/fr\/wp-content\/uploads\/2017\/02\/petrin.jpg","contentUrl":"https:\/\/www.electroluxprofessional.com\/fr\/wp-content\/uploads\/2017\/02\/petrin.jpg","width":638,"height":235,"caption":"petrin"},{"@type":"BreadcrumbList","@id":"https:\/\/www.electroluxprofessional.com\/fr\/equipement-cuisine\/preparation-dynamique\/petrins\/#breadcrumb","itemListElement":[{"@type":"ListItem","position":1,"name":"Home","item":"https:\/\/www.electroluxprofessional.com\/fr\/"},{"@type":"ListItem","position":2,"name":"Mat\u00e9riel de cuisine professionnel","item":"https:\/\/www.electroluxprofessional.com\/fr\/equipement-cuisine\/"},{"@type":"ListItem","position":3,"name":"Pr\u00e9paration dynamique","item":"https:\/\/www.electroluxprofessional.com\/fr\/equipement-cuisine\/preparation-dynamique\/"},{"@type":"ListItem","position":4,"name":"P\u00e9trins"}]},{"@type":"WebSite","@id":"https:\/\/www.electroluxprofessional.com\/fr\/#website","url":"https:\/\/www.electroluxprofessional.com\/fr\/","name":"Electrolux Professional France","description":"","potentialAction":[{"@type":"SearchAction","target":{"@type":"EntryPoint","urlTemplate":"https:\/\/www.electroluxprofessional.com\/fr\/?src={search_term_string}"},"query-input":"required name=search_term_string"}],"inLanguage":"fr-FR"}]}},"_links":{"self":[{"href":"https:\/\/www.electroluxprofessional.com\/fr\/wp-json\/wp\/v2\/pages\/2949"}],"collection":[{"href":"https:\/\/www.electroluxprofessional.com\/fr\/wp-json\/wp\/v2\/pages"}],"about":[{"href":"https:\/\/www.electroluxprofessional.com\/fr\/wp-json\/wp\/v2\/types\/page"}],"author":[{"embeddable":true,"href":"https:\/\/www.electroluxprofessional.com\/fr\/wp-json\/wp\/v2\/users\/4"}],"replies":[{"embeddable":true,"href":"https:\/\/www.electroluxprofessional.com\/fr\/wp-json\/wp\/v2\/comments?post=2949"}],"version-history":[{"count":11,"href":"https:\/\/www.electroluxprofessional.com\/fr\/wp-json\/wp\/v2\/pages\/2949\/revisions"}],"predecessor-version":[{"id":31133,"href":"https:\/\/www.electroluxprofessional.com\/fr\/wp-json\/wp\/v2\/pages\/2949\/revisions\/31133"}],"up":[{"embeddable":true,"href":"https:\/\/www.electroluxprofessional.com\/fr\/wp-json\/wp\/v2\/pages\/2932"}],"wp:attachment":[{"href":"https:\/\/www.electroluxprofessional.com\/fr\/wp-json\/wp\/v2\/media?parent=2949"}],"curies":[{"name":"wp","href":"https:\/\/api.w.org\/{rel}","templated":true}]}}