{"id":2943,"date":"2017-02-28T13:44:02","date_gmt":"2017-02-28T13:44:02","guid":{"rendered":"https:\/\/www.electroluxprofessional.com\/fr\/?page_id=2943"},"modified":"2026-03-16T08:16:02","modified_gmt":"2026-03-16T08:16:02","slug":"petrir-fouetter-laminer","status":"publish","type":"page","link":"https:\/\/www.electroluxprofessional.com\/fr\/equipement-cuisine\/preparation-dynamique\/petrir-fouetter-laminer\/","title":{"rendered":"P\u00e9trir, fouetter, laminer"},"content":{"rendered":"<p>[vc_row full_width=&#8221;electroluxpro-full-width-no-padding&#8221;][vc_column][elx_image_block background_image=&#8221;10410&#8243; minimum_height=&#8221;350px&#8221;][\/vc_column][\/vc_row][vc_row][vc_column][vc_empty_space][vc_empty_space][elx_heading font_container=&#8221;h1&#8243; font_size=&#8221;h3&#8243; text_color=&#8221;inherit&#8221; text_align=&#8221;text-left&#8221;]\u00c9quipements de P\u00e9trissage, Fouettage et Laminage Professionnels[\/elx_heading][elx_heading font_size=&#8221;h4&#8243; text_color=&#8221;inherit&#8221; text_align=&#8221;text-left&#8221;]Large gamme pour r\u00e9pondre aux besoins de toutes les pr\u00e9parations de boulangerie, de p\u00e2tisserie et de pizza.[\/elx_heading][vc_empty_space][\/vc_column][\/vc_row][vc_row][vc_column width=&#8221;1\/2&#8243;][vc_single_image image=&#8221;10411&#8243; img_size=&#8221;360&#215;360&#8243; alignment=&#8221;center&#8221;][elx_heading font_size=&#8221;h3&#8243; text_color=&#8221;inherit&#8221; text_align=&#8221;text-left&#8221;]Batteurs-m\u00e9langeurs[\/elx_heading][vc_column_text]<\/p>\n<p style=\"text-align: left;\"><strong>Performance maximum.\u00a0Compact mais puissant.<br \/>\n<\/strong><strong>La robustesse avant tout.<\/strong><\/p>\n<p style=\"text-align: left;\"><span style=\"font-weight: 400;\">Une large gamme de batteurs-m\u00e9langeurs : <\/span><b>de 5 \u00e0 80 litres<\/b><span style=\"font-weight: 400;\">\u00a0.\u00a0<\/span><span style=\"font-weight: 400;\"><br \/>\n<\/span><span style=\"font-weight: 400;\">Ajout facile des ingr\u00e9dients pendant le fonctionnement.\u00a0<\/span><span style=\"font-weight: 400;\"><br \/>\n<\/span><span style=\"font-weight: 400;\">Un syst\u00e8me \u00abclip\u00bb, sans vis, pour un retrait et un nettoyage faciles du pare-\u00e9claboussures.<\/span><\/p>\n<p>[\/vc_column_text][vc_column_text]<\/p>\n<p style=\"text-align: left;\"><span style=\"font-weight: 400;\">Performance sup\u00e9rieure en mati\u00e8re de p\u00e9trissage, de m\u00e9lange et de battage gr\u00e2ce \u00e0 :<\/span><\/p>\n<ul>\n<li style=\"text-align: left;\">Un design exclusif<\/li>\n<li style=\"text-align: left;\">Une rotation \u00e0 vitesse variable<\/li>\n<li style=\"text-align: left;\"><span style=\"font-weight: 400;\">Des outils parfaitement adapt\u00e9s au bol, pour un m\u00e9lange uniforme des plus petites quantit\u00e9s<\/span><\/li>\n<li style=\"text-align: left;\">Des outils 100% lavables au lave-vaisselle<\/li>\n<\/ul>\n<p>[\/vc_column_text][vc_empty_space][elx_button button_text=&#8221;DECOUVRIR&#8221; button_display_block=&#8221;display_block_on&#8221; button_alignment=&#8221;align_center&#8221; button_link=&#8221;url:https%3A%2F%2Fwww.electroluxprofessional.com%2Ffr%2Fbatteurs-melangeurs%2F||target:%20_blank|&#8221;][vc_empty_space][\/vc_column][vc_column width=&#8221;1\/2&#8243;][vc_single_image image=&#8221;16522&#8243; img_size=&#8221;360&#215;360&#8243;][elx_heading font_size=&#8221;h3&#8243; text_color=&#8221;inherit&#8221; text_align=&#8221;text-left&#8221;]P\u00e9trins[\/elx_heading][vc_column_text]<\/p>\n<p style=\"text-align: left;\"><strong>Un m\u00e9lange toujours parfait.<\/strong><\/p>\n<p style=\"text-align: left;\">Les p\u00e9trins \u00e0 p\u00e2te constituent LA solution pour les boulangeries et pizzerias. Nous proposons des p\u00e9trins \u00e0 fourche et \u00e0 spirale pour la pr\u00e9paration de pains sp\u00e9ciaux, de p\u00e2tes \u00e0 pizza et de p\u00e2tisseries.<\/p>\n<p style=\"text-align: left;\">Une qualit\u00e9 de p\u00e9trissage optimale est atteinte \u00e0 chaque fois, en utilisant soit la vitesse lente pour le p\u00e9trissage traditionnel, soit une vitesse alternative pour le p\u00e9trissage rapide.<\/p>\n<p style=\"text-align: left;\">Les unit\u00e9s de p\u00e9trissage ont un panneau de commande tactile convivial, avec une minuterie pour un contr\u00f4le pr\u00e9cis.<\/p>\n<p style=\"text-align: left;\">De plus, un dispositif de s\u00e9curit\u00e9 arr\u00eate la machine lorsque l&#8217;\u00e9cran de protection est ouvert.<\/p>\n<p>[\/vc_column_text][vc_empty_space][elx_button button_text=&#8221;DECOUVRIR&#8221; button_display_block=&#8221;display_block_on&#8221; button_alignment=&#8221;align_center&#8221; button_link=&#8221;url:https%3A%2F%2Fwww.electroluxprofessional.com%2Ffr%2Fequipement-cuisine%2Fpreparation-dynamique%2Fpetrins%2F||target:%20_blank|&#8221;][vc_empty_space][\/vc_column][\/vc_row][vc_row][vc_column][vc_single_image image=&#8221;16523&#8243; img_size=&#8221;medium&#8221; alignment=&#8221;center&#8221;][elx_heading font_size=&#8221;h3&#8243; text_color=&#8221;inherit&#8221; text_align=&#8221;text-center&#8221;]Laminoirs[\/elx_heading][vc_empty_space][\/vc_column][\/vc_row][vc_row][vc_column width=&#8221;1\/2&#8243;][vc_column_text]<\/p>\n<p style=\"text-align: left;\"><strong>Manuel<\/strong><br \/>\nCompact et facile \u00e0 d\u00e9placer<br \/>\nCylindres rev\u00eatus de t\u00e9flon (\u00d8 60 mm)<br \/>\nLargeur de travail : 400 mm<br \/>\nGlissi\u00e8res amovibles en acier inoxydable<\/p>\n<p>[\/vc_column_text][vc_column_text]<strong>Motoris\u00e9<\/strong><br \/>\n\u00c9cran de s\u00e9curit\u00e9 en fil<br \/>\nLes glissi\u00e8res amovibles rev\u00eatues de t\u00e9flon facilitent le glissement de la p\u00e2te<br \/>\nLes cylindres en acier chrom\u00e9 (\u00d8 60 mm) peuvent \u00eatre ajust\u00e9s en fonction de l&#8217;\u00e9paisseur demand\u00e9e<br \/>\nLevier manuel pour inverser la rotation du cylindre<br \/>\nR\u00e9cipient \u00e0 farine, fix\u00e9 sur le dessus de la machine<br \/>\nP\u00e9dale \u00e0 distance pour changer la direction de roulement (en option accessoire)[\/vc_column_text][\/vc_column][vc_column width=&#8221;1\/2&#8243;][vc_column_text]<strong>Courroie motoris\u00e9e<\/strong><br \/>\nMod\u00e8les \u00e0 1 vitesse ou \u00e0 vitesse variable<br \/>\nLes tables peuvent \u00eatre sur\u00e9lev\u00e9es pour gagner de la place<br \/>\nMicro-interrupteur de s\u00e9curit\u00e9 pour arr\u00eater le moteur si besoin<br \/>\nLevier manuel pour inverser la rotation du cylindre<br \/>\nLargeurs de travail : 500 mm ou 600 mm (selon mod\u00e8le)<br \/>\nR\u00e9cipient \u00e0 farine, fix\u00e9 sur le dessus de la machine<br \/>\nP\u00e9dale \u00e0 distance pour changer la direction de roulement (accessoire en option)[\/vc_column_text][\/vc_column][\/vc_row][vc_row][vc_column][vc_empty_space][elx_button button_text=&#8221;DECOUVRIR&#8221; button_display_block=&#8221;display_block_on&#8221; button_alignment=&#8221;align_center&#8221; button_link=&#8221;url:https%3A%2F%2Fwww.electroluxprofessional.com%2Ffr%2Fequipement-cuisine%2Fpreparation-dynamique%2Flaminoirs%2F||target:%20_blank|&#8221;][\/vc_column][\/vc_row][vc_row][vc_column][vc_empty_space height=&#8221;50px&#8221;][elx_heading font_size=&#8221;h3&#8243; text_color=&#8221;inherit&#8221; text_align=&#8221;text-left&#8221;]Vous souhaitez en savoir plus ? Contactez-nous ![\/elx_heading][elx_o2000_contact_us s=&#8221;Demande d&#8217;informations : gamme de solutions pour p\u00e9trir, fouetter et laminer&#8221; country=&#8221;France&#8221; b=&#8221;food&#8221; container=&#8221;elxcontactus1480081277&#8243; r=&#8221;Je souhaiterais davantage d&#8217;informations sur les solutions de pr\u00e9paration dynamique.&#8221; l=&#8221;fr&#8221; e=&#8221;professionnel@electrolux.com&#8221;][vc_empty_space height=&#8221;50px&#8221;][\/vc_column][\/vc_row]<\/p>\n","protected":false},"excerpt":{"rendered":"<p>[vc_row full_width=&#8221;electroluxpro-full-width-no-padding&#8221;][vc_column][elx_image_block background_image=&#8221;10410&#8243; minimum_height=&#8221;350px&#8221;][\/vc_column][\/vc_row][vc_row][vc_column][vc_empty_space][vc_empty_space][elx_heading font_container=&#8221;h1&#8243; font_size=&#8221;h3&#8243; text_color=&#8221;inherit&#8221; text_align=&#8221;text-left&#8221;]\u00c9quipements de P\u00e9trissage, Fouettage et Laminage Professionnels[\/elx_heading][elx_heading font_size=&#8221;h4&#8243; text_color=&#8221;inherit&#8221; text_align=&#8221;text-left&#8221;]Large gamme pour r\u00e9pondre aux besoins de toutes les pr\u00e9parations de boulangerie, de p\u00e2tisserie et de pizza.[\/elx_heading][vc_empty_space][\/vc_column][\/vc_row][vc_row][vc_column width=&#8221;1\/2&#8243;][vc_single_image image=&#8221;10411&#8243; img_size=&#8221;360&#215;360&#8243; alignment=&#8221;center&#8221;][elx_heading font_size=&#8221;h3&#8243; text_color=&#8221;inherit&#8221; text_align=&#8221;text-left&#8221;]Batteurs-m\u00e9langeurs[\/elx_heading][vc_column_text] Performance maximum.\u00a0Compact mais puissant. La robustesse avant tout. Une large gamme de batteurs-m\u00e9langeurs : de [&hellip;]<\/p>\n","protected":false},"author":4,"featured_media":0,"parent":2932,"menu_order":0,"comment_status":"closed","ping_status":"closed","template":"","meta":{"footnotes":""},"class_list":["post-2943","page","type-page","status-publish","hentry"],"acf":[],"yoast_head":"<!-- This site is optimized with the Yoast SEO plugin v23.3 - https:\/\/yoast.com\/wordpress\/plugins\/seo\/ -->\n<title>P\u00e9trir, Fouetter, Laminer | Electrolux Professional<\/title>\n<meta name=\"description\" content=\"D\u00e9couvrez nos \u00e9quipements de p\u00e9trissage, fouettage et laminage. Performance sup\u00e9rieure avec rotation \u00e0 vitesse variable pour vos besoins professionnels.\" \/>\n<meta name=\"robots\" content=\"index, follow, max-snippet:-1, max-image-preview:large, max-video-preview:-1\" \/>\n<link rel=\"canonical\" href=\"https:\/\/www.electroluxprofessional.com\/fr\/equipement-cuisine\/preparation-dynamique\/petrir-fouetter-laminer\/\" \/>\n<meta property=\"og:locale\" content=\"fr_FR\" \/>\n<meta property=\"og:type\" content=\"article\" \/>\n<meta property=\"og:title\" content=\"P\u00e9trir, Fouetter, Laminer | Electrolux Professional\" \/>\n<meta property=\"og:description\" content=\"D\u00e9couvrez nos \u00e9quipements de p\u00e9trissage, fouettage et laminage. Performance sup\u00e9rieure avec rotation \u00e0 vitesse variable pour vos besoins professionnels.\" \/>\n<meta property=\"og:url\" content=\"https:\/\/www.electroluxprofessional.com\/fr\/equipement-cuisine\/preparation-dynamique\/petrir-fouetter-laminer\/\" \/>\n<meta property=\"og:site_name\" content=\"Electrolux Professional France\" \/>\n<meta property=\"article:modified_time\" content=\"2026-03-16T08:16:02+00:00\" \/>\n<meta name=\"twitter:card\" content=\"summary_large_image\" \/>\n<meta name=\"twitter:label1\" content=\"Dur\u00e9e de lecture estim\u00e9e\" \/>\n\t<meta name=\"twitter:data1\" content=\"4 minutes\" \/>\n<script type=\"application\/ld+json\" class=\"yoast-schema-graph\">{\"@context\":\"https:\/\/schema.org\",\"@graph\":[{\"@type\":\"WebPage\",\"@id\":\"https:\/\/www.electroluxprofessional.com\/fr\/equipement-cuisine\/preparation-dynamique\/petrir-fouetter-laminer\/\",\"url\":\"https:\/\/www.electroluxprofessional.com\/fr\/equipement-cuisine\/preparation-dynamique\/petrir-fouetter-laminer\/\",\"name\":\"P\u00e9trir, Fouetter, Laminer | Electrolux Professional\",\"isPartOf\":{\"@id\":\"https:\/\/www.electroluxprofessional.com\/fr\/#website\"},\"datePublished\":\"2017-02-28T13:44:02+00:00\",\"dateModified\":\"2026-03-16T08:16:02+00:00\",\"description\":\"D\u00e9couvrez nos \u00e9quipements de p\u00e9trissage, fouettage et laminage. Performance sup\u00e9rieure avec rotation \u00e0 vitesse variable pour vos besoins professionnels.\",\"breadcrumb\":{\"@id\":\"https:\/\/www.electroluxprofessional.com\/fr\/equipement-cuisine\/preparation-dynamique\/petrir-fouetter-laminer\/#breadcrumb\"},\"inLanguage\":\"fr-FR\",\"potentialAction\":[{\"@type\":\"ReadAction\",\"target\":[\"https:\/\/www.electroluxprofessional.com\/fr\/equipement-cuisine\/preparation-dynamique\/petrir-fouetter-laminer\/\"]}]},{\"@type\":\"BreadcrumbList\",\"@id\":\"https:\/\/www.electroluxprofessional.com\/fr\/equipement-cuisine\/preparation-dynamique\/petrir-fouetter-laminer\/#breadcrumb\",\"itemListElement\":[{\"@type\":\"ListItem\",\"position\":1,\"name\":\"Home\",\"item\":\"https:\/\/www.electroluxprofessional.com\/fr\/\"},{\"@type\":\"ListItem\",\"position\":2,\"name\":\"Mat\u00e9riel de cuisine professionnel\",\"item\":\"https:\/\/www.electroluxprofessional.com\/fr\/equipement-cuisine\/\"},{\"@type\":\"ListItem\",\"position\":3,\"name\":\"Pr\u00e9paration dynamique\",\"item\":\"https:\/\/www.electroluxprofessional.com\/fr\/equipement-cuisine\/preparation-dynamique\/\"},{\"@type\":\"ListItem\",\"position\":4,\"name\":\"P\u00e9trir, fouetter, laminer\"}]},{\"@type\":\"WebSite\",\"@id\":\"https:\/\/www.electroluxprofessional.com\/fr\/#website\",\"url\":\"https:\/\/www.electroluxprofessional.com\/fr\/\",\"name\":\"Electrolux Professional France\",\"description\":\"\",\"potentialAction\":[{\"@type\":\"SearchAction\",\"target\":{\"@type\":\"EntryPoint\",\"urlTemplate\":\"https:\/\/www.electroluxprofessional.com\/fr\/?src={search_term_string}\"},\"query-input\":\"required name=search_term_string\"}],\"inLanguage\":\"fr-FR\"}]}<\/script>\n<!-- \/ Yoast SEO plugin. -->","yoast_head_json":{"title":"P\u00e9trir, Fouetter, Laminer | Electrolux Professional","description":"D\u00e9couvrez nos \u00e9quipements de p\u00e9trissage, fouettage et laminage. Performance sup\u00e9rieure avec rotation \u00e0 vitesse variable pour vos besoins professionnels.","robots":{"index":"index","follow":"follow","max-snippet":"max-snippet:-1","max-image-preview":"max-image-preview:large","max-video-preview":"max-video-preview:-1"},"canonical":"https:\/\/www.electroluxprofessional.com\/fr\/equipement-cuisine\/preparation-dynamique\/petrir-fouetter-laminer\/","og_locale":"fr_FR","og_type":"article","og_title":"P\u00e9trir, Fouetter, Laminer | Electrolux Professional","og_description":"D\u00e9couvrez nos \u00e9quipements de p\u00e9trissage, fouettage et laminage. Performance sup\u00e9rieure avec rotation \u00e0 vitesse variable pour vos besoins professionnels.","og_url":"https:\/\/www.electroluxprofessional.com\/fr\/equipement-cuisine\/preparation-dynamique\/petrir-fouetter-laminer\/","og_site_name":"Electrolux Professional France","article_modified_time":"2026-03-16T08:16:02+00:00","twitter_card":"summary_large_image","twitter_misc":{"Dur\u00e9e de lecture estim\u00e9e":"4 minutes"},"schema":{"@context":"https:\/\/schema.org","@graph":[{"@type":"WebPage","@id":"https:\/\/www.electroluxprofessional.com\/fr\/equipement-cuisine\/preparation-dynamique\/petrir-fouetter-laminer\/","url":"https:\/\/www.electroluxprofessional.com\/fr\/equipement-cuisine\/preparation-dynamique\/petrir-fouetter-laminer\/","name":"P\u00e9trir, Fouetter, Laminer | Electrolux Professional","isPartOf":{"@id":"https:\/\/www.electroluxprofessional.com\/fr\/#website"},"datePublished":"2017-02-28T13:44:02+00:00","dateModified":"2026-03-16T08:16:02+00:00","description":"D\u00e9couvrez nos \u00e9quipements de p\u00e9trissage, fouettage et laminage. Performance sup\u00e9rieure avec rotation \u00e0 vitesse variable pour vos besoins professionnels.","breadcrumb":{"@id":"https:\/\/www.electroluxprofessional.com\/fr\/equipement-cuisine\/preparation-dynamique\/petrir-fouetter-laminer\/#breadcrumb"},"inLanguage":"fr-FR","potentialAction":[{"@type":"ReadAction","target":["https:\/\/www.electroluxprofessional.com\/fr\/equipement-cuisine\/preparation-dynamique\/petrir-fouetter-laminer\/"]}]},{"@type":"BreadcrumbList","@id":"https:\/\/www.electroluxprofessional.com\/fr\/equipement-cuisine\/preparation-dynamique\/petrir-fouetter-laminer\/#breadcrumb","itemListElement":[{"@type":"ListItem","position":1,"name":"Home","item":"https:\/\/www.electroluxprofessional.com\/fr\/"},{"@type":"ListItem","position":2,"name":"Mat\u00e9riel de cuisine professionnel","item":"https:\/\/www.electroluxprofessional.com\/fr\/equipement-cuisine\/"},{"@type":"ListItem","position":3,"name":"Pr\u00e9paration dynamique","item":"https:\/\/www.electroluxprofessional.com\/fr\/equipement-cuisine\/preparation-dynamique\/"},{"@type":"ListItem","position":4,"name":"P\u00e9trir, fouetter, laminer"}]},{"@type":"WebSite","@id":"https:\/\/www.electroluxprofessional.com\/fr\/#website","url":"https:\/\/www.electroluxprofessional.com\/fr\/","name":"Electrolux Professional France","description":"","potentialAction":[{"@type":"SearchAction","target":{"@type":"EntryPoint","urlTemplate":"https:\/\/www.electroluxprofessional.com\/fr\/?src={search_term_string}"},"query-input":"required name=search_term_string"}],"inLanguage":"fr-FR"}]}},"_links":{"self":[{"href":"https:\/\/www.electroluxprofessional.com\/fr\/wp-json\/wp\/v2\/pages\/2943"}],"collection":[{"href":"https:\/\/www.electroluxprofessional.com\/fr\/wp-json\/wp\/v2\/pages"}],"about":[{"href":"https:\/\/www.electroluxprofessional.com\/fr\/wp-json\/wp\/v2\/types\/page"}],"author":[{"embeddable":true,"href":"https:\/\/www.electroluxprofessional.com\/fr\/wp-json\/wp\/v2\/users\/4"}],"replies":[{"embeddable":true,"href":"https:\/\/www.electroluxprofessional.com\/fr\/wp-json\/wp\/v2\/comments?post=2943"}],"version-history":[{"count":13,"href":"https:\/\/www.electroluxprofessional.com\/fr\/wp-json\/wp\/v2\/pages\/2943\/revisions"}],"predecessor-version":[{"id":31132,"href":"https:\/\/www.electroluxprofessional.com\/fr\/wp-json\/wp\/v2\/pages\/2943\/revisions\/31132"}],"up":[{"embeddable":true,"href":"https:\/\/www.electroluxprofessional.com\/fr\/wp-json\/wp\/v2\/pages\/2932"}],"wp:attachment":[{"href":"https:\/\/www.electroluxprofessional.com\/fr\/wp-json\/wp\/v2\/media?parent=2943"}],"curies":[{"name":"wp","href":"https:\/\/api.w.org\/{rel}","templated":true}]}}