{"id":2939,"date":"2017-02-28T13:41:38","date_gmt":"2017-02-28T13:41:38","guid":{"rendered":"https:\/\/www.electroluxprofessional.com\/fr\/?page_id=2939"},"modified":"2026-03-16T08:17:18","modified_gmt":"2026-03-16T08:17:18","slug":"mixers","status":"publish","type":"page","link":"https:\/\/www.electroluxprofessional.com\/fr\/equipement-cuisine\/preparation-dynamique\/mixers\/","title":{"rendered":"Mixers et Turbo Broyeurs"},"content":{"rendered":"<p>[vc_row][vc_column][elx_heading font_container=&#8221;h1&#8243; font_size=&#8221;h2&#8243; text_color=&#8221;inherit&#8221;]Mixers Professionnels pour la Pr\u00e9paration Culinaire[\/elx_heading][vc_empty_space height=&#8221;30px&#8221;][vc_column_text]<\/p>\n<p style=\"text-align: justify;\"><strong><img loading=\"lazy\" decoding=\"async\" class=\"size-medium wp-image-2941 alignleft\" src=\"https:\/\/www.electroluxprofessional.com\/fr\/wp-content\/uploads\/2017\/02\/mixers-248x300.jpg\" alt=\"mixers\" width=\"248\" height=\"300\" srcset=\"https:\/\/www.electroluxprofessional.com\/fr\/wp-content\/uploads\/2017\/02\/mixers-248x300.jpg 248w, https:\/\/www.electroluxprofessional.com\/fr\/wp-content\/uploads\/2017\/02\/mixers.jpg 351w\" sizes=\"(max-width: 248px) 100vw, 248px\" \/>Le\u00a0Mixer plongeant <\/strong>Electrolux Professional vous permet de pr\u00e9parer rapidement vos soupes, velout\u00e9s, sauces, \u00e9mulsions : <strong>Le Mixer plongeant, l\u00e9ger et simple \u00e0 utiliser.<\/strong><\/p>\n<p style=\"text-align: justify;\">Le <strong>Smart Speed Controle<\/strong>, permet l&#8217;autor\u00e9gulation de la puissance moteur pour une usure et des vibrations r\u00e9duites.<\/p>\n<p style=\"text-align: justify;\"><strong>Le Turbo Broyeur <\/strong>est destin\u00e9 aux collectivit\u00e9s pour la r\u00e9alisation des soupe, pur\u00e9es, sauces et p\u00e2tes liquides.<\/p>\n<p style=\"text-align: justify;\">Le plus : la cloche, le couteau et le tube\u00a0sont <strong>d\u00e9montables sans outil et lavables au lave-vaisselle.<\/strong><\/p>\n<p>[\/vc_column_text][vc_row_inner][vc_column_inner width=&#8221;1\/2&#8243;][elx_heading text_color=&#8221;inherit&#8221;]Nos produits en action[\/elx_heading][elx_heading font_size=&#8221;h4&#8243; text_color=&#8221;orange&#8221;]Le Bermixer[\/elx_heading][elx_video_block background_image=&#8221;6085&#8243; video_link=&#8221;https:\/\/www.youtube.com\/watch?v=Aix7dxitVfo&amp;feature=youtu.be&#8221; minimum_height=&#8221;250px&#8221;][\/vc_column_inner][vc_column_inner width=&#8221;1\/2&#8243;][vc_empty_space height=&#8221;75px&#8221;][elx_heading font_size=&#8221;h4&#8243; text_color=&#8221;orange&#8221;]Le Turbo Broyeur[\/elx_heading][elx_video_block background_image=&#8221;6086&#8243; video_link=&#8221;https:\/\/www.youtube.com\/watch?v=l0rCjEMKVT8&amp;t=5s&#8221; minimum_height=&#8221;250px&#8221;][\/vc_column_inner][\/vc_row_inner][vc_empty_space height=&#8221;30px&#8221;][\/vc_column][\/vc_row]<\/p>\n","protected":false},"excerpt":{"rendered":"<p>[vc_row][vc_column][elx_heading font_container=&#8221;h1&#8243; font_size=&#8221;h2&#8243; text_color=&#8221;inherit&#8221;]Mixers Professionnels pour la Pr\u00e9paration Culinaire[\/elx_heading][vc_empty_space height=&#8221;30px&#8221;][vc_column_text] Le\u00a0Mixer plongeant Electrolux Professional vous permet de pr\u00e9parer rapidement vos soupes, velout\u00e9s, sauces, \u00e9mulsions : Le Mixer plongeant, l\u00e9ger et simple \u00e0 utiliser. Le Smart Speed Controle, permet l&#8217;autor\u00e9gulation de la puissance moteur pour une usure et des vibrations r\u00e9duites. Le Turbo Broyeur est destin\u00e9 [&hellip;]<\/p>\n","protected":false},"author":4,"featured_media":0,"parent":2932,"menu_order":0,"comment_status":"closed","ping_status":"closed","template":"","meta":{"footnotes":""},"class_list":["post-2939","page","type-page","status-publish","hentry"],"acf":[],"yoast_head":"<!-- This site is optimized with the Yoast SEO plugin v23.3 - https:\/\/yoast.com\/wordpress\/plugins\/seo\/ -->\n<title>Mixers Professionnels | Electrolux Professional<\/title>\n<meta name=\"description\" content=\"D\u00e9couvrez nos mixers professionnels pour la pr\u00e9paration dynamique. Solutions performantes pour soupes, pur\u00e9es et sauces en cuisine commerciale.\" \/>\n<meta name=\"robots\" content=\"index, follow, max-snippet:-1, max-image-preview:large, max-video-preview:-1\" \/>\n<link rel=\"canonical\" href=\"https:\/\/www.electroluxprofessional.com\/fr\/equipement-cuisine\/preparation-dynamique\/mixers\/\" \/>\n<meta property=\"og:locale\" content=\"fr_FR\" \/>\n<meta property=\"og:type\" content=\"article\" \/>\n<meta property=\"og:title\" content=\"Mixers Professionnels | Electrolux Professional\" \/>\n<meta property=\"og:description\" content=\"D\u00e9couvrez nos mixers professionnels pour la pr\u00e9paration dynamique. Solutions performantes pour soupes, pur\u00e9es et sauces en cuisine commerciale.\" \/>\n<meta property=\"og:url\" content=\"https:\/\/www.electroluxprofessional.com\/fr\/equipement-cuisine\/preparation-dynamique\/mixers\/\" \/>\n<meta property=\"og:site_name\" content=\"Electrolux Professional France\" \/>\n<meta property=\"article:modified_time\" content=\"2026-03-16T08:17:18+00:00\" \/>\n<meta property=\"og:image\" content=\"https:\/\/www.electroluxprofessional.com\/fr\/wp-content\/uploads\/2017\/02\/mixers-248x300.jpg\" \/>\n<meta name=\"twitter:card\" content=\"summary_large_image\" \/>\n<meta name=\"twitter:label1\" content=\"Dur\u00e9e de lecture estim\u00e9e\" \/>\n\t<meta name=\"twitter:data1\" content=\"2 minutes\" \/>\n<script type=\"application\/ld+json\" class=\"yoast-schema-graph\">{\"@context\":\"https:\/\/schema.org\",\"@graph\":[{\"@type\":\"WebPage\",\"@id\":\"https:\/\/www.electroluxprofessional.com\/fr\/equipement-cuisine\/preparation-dynamique\/mixers\/\",\"url\":\"https:\/\/www.electroluxprofessional.com\/fr\/equipement-cuisine\/preparation-dynamique\/mixers\/\",\"name\":\"Mixers Professionnels | Electrolux Professional\",\"isPartOf\":{\"@id\":\"https:\/\/www.electroluxprofessional.com\/fr\/#website\"},\"primaryImageOfPage\":{\"@id\":\"https:\/\/www.electroluxprofessional.com\/fr\/equipement-cuisine\/preparation-dynamique\/mixers\/#primaryimage\"},\"image\":{\"@id\":\"https:\/\/www.electroluxprofessional.com\/fr\/equipement-cuisine\/preparation-dynamique\/mixers\/#primaryimage\"},\"thumbnailUrl\":\"https:\/\/www.electroluxprofessional.com\/fr\/wp-content\/uploads\/2017\/02\/mixers-248x300.jpg\",\"datePublished\":\"2017-02-28T13:41:38+00:00\",\"dateModified\":\"2026-03-16T08:17:18+00:00\",\"description\":\"D\u00e9couvrez nos mixers professionnels pour la pr\u00e9paration dynamique. Solutions performantes pour soupes, pur\u00e9es et sauces en cuisine commerciale.\",\"breadcrumb\":{\"@id\":\"https:\/\/www.electroluxprofessional.com\/fr\/equipement-cuisine\/preparation-dynamique\/mixers\/#breadcrumb\"},\"inLanguage\":\"fr-FR\",\"potentialAction\":[{\"@type\":\"ReadAction\",\"target\":[\"https:\/\/www.electroluxprofessional.com\/fr\/equipement-cuisine\/preparation-dynamique\/mixers\/\"]}]},{\"@type\":\"ImageObject\",\"inLanguage\":\"fr-FR\",\"@id\":\"https:\/\/www.electroluxprofessional.com\/fr\/equipement-cuisine\/preparation-dynamique\/mixers\/#primaryimage\",\"url\":\"https:\/\/www.electroluxprofessional.com\/fr\/wp-content\/uploads\/2017\/02\/mixers.jpg\",\"contentUrl\":\"https:\/\/www.electroluxprofessional.com\/fr\/wp-content\/uploads\/2017\/02\/mixers.jpg\",\"width\":351,\"height\":424,\"caption\":\"mixers\"},{\"@type\":\"BreadcrumbList\",\"@id\":\"https:\/\/www.electroluxprofessional.com\/fr\/equipement-cuisine\/preparation-dynamique\/mixers\/#breadcrumb\",\"itemListElement\":[{\"@type\":\"ListItem\",\"position\":1,\"name\":\"Home\",\"item\":\"https:\/\/www.electroluxprofessional.com\/fr\/\"},{\"@type\":\"ListItem\",\"position\":2,\"name\":\"Mat\u00e9riel de cuisine professionnel\",\"item\":\"https:\/\/www.electroluxprofessional.com\/fr\/equipement-cuisine\/\"},{\"@type\":\"ListItem\",\"position\":3,\"name\":\"Pr\u00e9paration dynamique\",\"item\":\"https:\/\/www.electroluxprofessional.com\/fr\/equipement-cuisine\/preparation-dynamique\/\"},{\"@type\":\"ListItem\",\"position\":4,\"name\":\"Mixers et Turbo Broyeurs\"}]},{\"@type\":\"WebSite\",\"@id\":\"https:\/\/www.electroluxprofessional.com\/fr\/#website\",\"url\":\"https:\/\/www.electroluxprofessional.com\/fr\/\",\"name\":\"Electrolux Professional France\",\"description\":\"\",\"potentialAction\":[{\"@type\":\"SearchAction\",\"target\":{\"@type\":\"EntryPoint\",\"urlTemplate\":\"https:\/\/www.electroluxprofessional.com\/fr\/?src={search_term_string}\"},\"query-input\":\"required name=search_term_string\"}],\"inLanguage\":\"fr-FR\"}]}<\/script>\n<!-- \/ Yoast SEO plugin. -->","yoast_head_json":{"title":"Mixers Professionnels | Electrolux Professional","description":"D\u00e9couvrez nos mixers professionnels pour la pr\u00e9paration dynamique. Solutions performantes pour soupes, pur\u00e9es et sauces en cuisine commerciale.","robots":{"index":"index","follow":"follow","max-snippet":"max-snippet:-1","max-image-preview":"max-image-preview:large","max-video-preview":"max-video-preview:-1"},"canonical":"https:\/\/www.electroluxprofessional.com\/fr\/equipement-cuisine\/preparation-dynamique\/mixers\/","og_locale":"fr_FR","og_type":"article","og_title":"Mixers Professionnels | Electrolux Professional","og_description":"D\u00e9couvrez nos mixers professionnels pour la pr\u00e9paration dynamique. Solutions performantes pour soupes, pur\u00e9es et sauces en cuisine commerciale.","og_url":"https:\/\/www.electroluxprofessional.com\/fr\/equipement-cuisine\/preparation-dynamique\/mixers\/","og_site_name":"Electrolux Professional France","article_modified_time":"2026-03-16T08:17:18+00:00","og_image":[{"url":"https:\/\/www.electroluxprofessional.com\/fr\/wp-content\/uploads\/2017\/02\/mixers-248x300.jpg"}],"twitter_card":"summary_large_image","twitter_misc":{"Dur\u00e9e de lecture estim\u00e9e":"2 minutes"},"schema":{"@context":"https:\/\/schema.org","@graph":[{"@type":"WebPage","@id":"https:\/\/www.electroluxprofessional.com\/fr\/equipement-cuisine\/preparation-dynamique\/mixers\/","url":"https:\/\/www.electroluxprofessional.com\/fr\/equipement-cuisine\/preparation-dynamique\/mixers\/","name":"Mixers Professionnels | Electrolux Professional","isPartOf":{"@id":"https:\/\/www.electroluxprofessional.com\/fr\/#website"},"primaryImageOfPage":{"@id":"https:\/\/www.electroluxprofessional.com\/fr\/equipement-cuisine\/preparation-dynamique\/mixers\/#primaryimage"},"image":{"@id":"https:\/\/www.electroluxprofessional.com\/fr\/equipement-cuisine\/preparation-dynamique\/mixers\/#primaryimage"},"thumbnailUrl":"https:\/\/www.electroluxprofessional.com\/fr\/wp-content\/uploads\/2017\/02\/mixers-248x300.jpg","datePublished":"2017-02-28T13:41:38+00:00","dateModified":"2026-03-16T08:17:18+00:00","description":"D\u00e9couvrez nos mixers professionnels pour la pr\u00e9paration dynamique. Solutions performantes pour soupes, pur\u00e9es et sauces en cuisine commerciale.","breadcrumb":{"@id":"https:\/\/www.electroluxprofessional.com\/fr\/equipement-cuisine\/preparation-dynamique\/mixers\/#breadcrumb"},"inLanguage":"fr-FR","potentialAction":[{"@type":"ReadAction","target":["https:\/\/www.electroluxprofessional.com\/fr\/equipement-cuisine\/preparation-dynamique\/mixers\/"]}]},{"@type":"ImageObject","inLanguage":"fr-FR","@id":"https:\/\/www.electroluxprofessional.com\/fr\/equipement-cuisine\/preparation-dynamique\/mixers\/#primaryimage","url":"https:\/\/www.electroluxprofessional.com\/fr\/wp-content\/uploads\/2017\/02\/mixers.jpg","contentUrl":"https:\/\/www.electroluxprofessional.com\/fr\/wp-content\/uploads\/2017\/02\/mixers.jpg","width":351,"height":424,"caption":"mixers"},{"@type":"BreadcrumbList","@id":"https:\/\/www.electroluxprofessional.com\/fr\/equipement-cuisine\/preparation-dynamique\/mixers\/#breadcrumb","itemListElement":[{"@type":"ListItem","position":1,"name":"Home","item":"https:\/\/www.electroluxprofessional.com\/fr\/"},{"@type":"ListItem","position":2,"name":"Mat\u00e9riel de cuisine professionnel","item":"https:\/\/www.electroluxprofessional.com\/fr\/equipement-cuisine\/"},{"@type":"ListItem","position":3,"name":"Pr\u00e9paration dynamique","item":"https:\/\/www.electroluxprofessional.com\/fr\/equipement-cuisine\/preparation-dynamique\/"},{"@type":"ListItem","position":4,"name":"Mixers et Turbo Broyeurs"}]},{"@type":"WebSite","@id":"https:\/\/www.electroluxprofessional.com\/fr\/#website","url":"https:\/\/www.electroluxprofessional.com\/fr\/","name":"Electrolux Professional France","description":"","potentialAction":[{"@type":"SearchAction","target":{"@type":"EntryPoint","urlTemplate":"https:\/\/www.electroluxprofessional.com\/fr\/?src={search_term_string}"},"query-input":"required name=search_term_string"}],"inLanguage":"fr-FR"}]}},"_links":{"self":[{"href":"https:\/\/www.electroluxprofessional.com\/fr\/wp-json\/wp\/v2\/pages\/2939"}],"collection":[{"href":"https:\/\/www.electroluxprofessional.com\/fr\/wp-json\/wp\/v2\/pages"}],"about":[{"href":"https:\/\/www.electroluxprofessional.com\/fr\/wp-json\/wp\/v2\/types\/page"}],"author":[{"embeddable":true,"href":"https:\/\/www.electroluxprofessional.com\/fr\/wp-json\/wp\/v2\/users\/4"}],"replies":[{"embeddable":true,"href":"https:\/\/www.electroluxprofessional.com\/fr\/wp-json\/wp\/v2\/comments?post=2939"}],"version-history":[{"count":16,"href":"https:\/\/www.electroluxprofessional.com\/fr\/wp-json\/wp\/v2\/pages\/2939\/revisions"}],"predecessor-version":[{"id":31134,"href":"https:\/\/www.electroluxprofessional.com\/fr\/wp-json\/wp\/v2\/pages\/2939\/revisions\/31134"}],"up":[{"embeddable":true,"href":"https:\/\/www.electroluxprofessional.com\/fr\/wp-json\/wp\/v2\/pages\/2932"}],"wp:attachment":[{"href":"https:\/\/www.electroluxprofessional.com\/fr\/wp-json\/wp\/v2\/media?parent=2939"}],"curies":[{"name":"wp","href":"https:\/\/api.w.org\/{rel}","templated":true}]}}