{"id":2937,"date":"2017-02-28T13:40:48","date_gmt":"2017-02-28T13:40:48","guid":{"rendered":"https:\/\/www.electroluxprofessional.com\/fr\/?page_id=2937"},"modified":"2026-03-23T15:32:17","modified_gmt":"2026-03-23T15:32:17","slug":"cutter-melangeur-et-emulsionneur","status":"publish","type":"page","link":"https:\/\/www.electroluxprofessional.com\/fr\/equipement-cuisine\/preparation-dynamique\/cutter-melangeur-et-emulsionneur\/","title":{"rendered":"Cutter m\u00e9langeur et \u00e9mulsionneur"},"content":{"rendered":"<p>[vc_row][vc_column][vc_column_text]<\/p>\n<h1 style=\"text-align: left;\">Cutter m\u00e9langeur et \u00e9mulsionneur de table &#8211; Gamme professionnelle<\/h1>\n<p>[\/vc_column_text][vc_column_text]<\/p>\n<p style=\"font-weight: 400; text-align: justify;\"><img loading=\"lazy\" decoding=\"async\" class=\"wp-image-6062 alignleft\" src=\"https:\/\/www.electroluxprofessional.com\/fr\/wp-content\/uploads\/2017\/02\/2025_72dpi-min-e1527510929672-1024x511.jpg\" alt=\"\" width=\"606\" height=\"302\" srcset=\"https:\/\/www.electroluxprofessional.com\/fr\/wp-content\/uploads\/2017\/02\/2025_72dpi-min-e1527510929672-1024x511.jpg 1024w, https:\/\/www.electroluxprofessional.com\/fr\/wp-content\/uploads\/2017\/02\/2025_72dpi-min-e1527510929672-300x150.jpg 300w, https:\/\/www.electroluxprofessional.com\/fr\/wp-content\/uploads\/2017\/02\/2025_72dpi-min-e1527510929672-768x383.jpg 768w\" sizes=\"(max-width: 606px) 100vw, 606px\" \/>Avec la chemin\u00e9e centrale haute, profitez d\u2019un capacit\u00e9 r\u00e9elle optimale et utilisez jusqu\u2019\u00e0 75% de la capacit\u00e9 de la cuve.<\/p>\n<p style=\"font-weight: 400; text-align: justify;\">Les mod\u00e8les \u00e0 vitesse variable r\u00e9pondent parfaitement \u00e0 la pr\u00e9paration des repas \u00e0 texture modifi\u00e9e.<\/p>\n<p style=\"font-weight: 400; text-align: justify;\">La forme exclusive des lames du rotor et par le racleur (cuve et couvercle) \u00e0 \u00e9mulsionneur garantissent un m\u00e9lange constant et optimal pour un r\u00e9sultat de qualit\u00e9.<\/p>\n<p>[\/vc_column_text][vc_row_inner][vc_column_inner width=&#8221;1\/2&#8243;][vc_column_text]<\/p>\n<h2>Nos produits en action<\/h2>\n<p>[\/vc_column_text][elx_heading font_container=&#8221;h3&#8243; font_size=&#8221;h4&#8243; text_color=&#8221;orange&#8221;]Le K120S[\/elx_heading][elx_video_block background_image=&#8221;6065&#8243; video_link=&#8221;https:\/\/www.youtube.com\/watch?v=9KbPQeknb5o&amp;feature=youtu.be&#8221; minimum_height=&#8221;250px&#8221;][\/vc_column_inner][vc_column_inner width=&#8221;1\/2&#8243;][vc_empty_space height=&#8221;95px&#8221;][elx_heading font_container=&#8221;h3&#8243; font_size=&#8221;h4&#8243; text_color=&#8221;orange&#8221;]Le K55[\/elx_heading][elx_video_block background_image=&#8221;6066&#8243; video_link=&#8221;https:\/\/www.youtube.com\/watch?v=1quZXWAMAEc&amp;feature=youtu.be&#8221; minimum_height=&#8221;250px&#8221;][\/vc_column_inner][\/vc_row_inner][vc_empty_space height=&#8221;30px&#8221;][\/vc_column][\/vc_row]<\/p>\n","protected":false},"excerpt":{"rendered":"<p>[vc_row][vc_column][vc_column_text] Cutter m\u00e9langeur et \u00e9mulsionneur de table &#8211; Gamme professionnelle [\/vc_column_text][vc_column_text] Avec la chemin\u00e9e centrale haute, profitez d\u2019un capacit\u00e9 r\u00e9elle optimale et utilisez jusqu\u2019\u00e0 75% de la capacit\u00e9 de la cuve. Les mod\u00e8les \u00e0 vitesse variable r\u00e9pondent parfaitement \u00e0 la pr\u00e9paration des repas \u00e0 texture modifi\u00e9e. La forme exclusive des lames du rotor et par [&hellip;]<\/p>\n","protected":false},"author":4,"featured_media":0,"parent":2932,"menu_order":0,"comment_status":"closed","ping_status":"closed","template":"","meta":{"footnotes":""},"class_list":["post-2937","page","type-page","status-publish","hentry"],"acf":[],"yoast_head":"<!-- This site is optimized with the Yoast SEO plugin v23.3 - https:\/\/yoast.com\/wordpress\/plugins\/seo\/ -->\n<title>Cutter m\u00e9langeur et \u00e9mulsionneur | Electrolux Professional<\/title>\n<meta name=\"description\" content=\"D\u00e9couvrez nos cutters m\u00e9langeurs et \u00e9mulsionneurs professionnels : capacit\u00e9 optimale jusqu&#039;\u00e0 75% avec chemin\u00e9e haute. Id\u00e9al pour la pr\u00e9paration en restauration.\" \/>\n<meta name=\"robots\" content=\"index, follow, max-snippet:-1, max-image-preview:large, max-video-preview:-1\" \/>\n<link rel=\"canonical\" href=\"https:\/\/www.electroluxprofessional.com\/fr\/equipement-cuisine\/preparation-dynamique\/cutter-melangeur-et-emulsionneur\/\" \/>\n<meta property=\"og:locale\" content=\"fr_FR\" \/>\n<meta property=\"og:type\" content=\"article\" \/>\n<meta property=\"og:title\" content=\"Cutter m\u00e9langeur et \u00e9mulsionneur | Electrolux Professional\" \/>\n<meta property=\"og:description\" content=\"D\u00e9couvrez nos cutters m\u00e9langeurs et \u00e9mulsionneurs professionnels : capacit\u00e9 optimale jusqu&#039;\u00e0 75% avec chemin\u00e9e haute. Id\u00e9al pour la pr\u00e9paration en restauration.\" \/>\n<meta property=\"og:url\" content=\"https:\/\/www.electroluxprofessional.com\/fr\/equipement-cuisine\/preparation-dynamique\/cutter-melangeur-et-emulsionneur\/\" \/>\n<meta property=\"og:site_name\" content=\"Electrolux Professional France\" \/>\n<meta property=\"article:modified_time\" content=\"2026-03-23T15:32:17+00:00\" \/>\n<meta property=\"og:image\" content=\"https:\/\/www.electroluxprofessional.com\/fr\/wp-content\/uploads\/2017\/02\/2025_72dpi-min-e1527510929672-1024x511.jpg\" \/>\n<meta name=\"twitter:card\" content=\"summary_large_image\" \/>\n<meta name=\"twitter:label1\" content=\"Dur\u00e9e de lecture estim\u00e9e\" \/>\n\t<meta name=\"twitter:data1\" content=\"2 minutes\" \/>\n<script type=\"application\/ld+json\" class=\"yoast-schema-graph\">{\"@context\":\"https:\/\/schema.org\",\"@graph\":[{\"@type\":\"WebPage\",\"@id\":\"https:\/\/www.electroluxprofessional.com\/fr\/equipement-cuisine\/preparation-dynamique\/cutter-melangeur-et-emulsionneur\/\",\"url\":\"https:\/\/www.electroluxprofessional.com\/fr\/equipement-cuisine\/preparation-dynamique\/cutter-melangeur-et-emulsionneur\/\",\"name\":\"Cutter m\u00e9langeur et \u00e9mulsionneur | Electrolux Professional\",\"isPartOf\":{\"@id\":\"https:\/\/www.electroluxprofessional.com\/fr\/#website\"},\"primaryImageOfPage\":{\"@id\":\"https:\/\/www.electroluxprofessional.com\/fr\/equipement-cuisine\/preparation-dynamique\/cutter-melangeur-et-emulsionneur\/#primaryimage\"},\"image\":{\"@id\":\"https:\/\/www.electroluxprofessional.com\/fr\/equipement-cuisine\/preparation-dynamique\/cutter-melangeur-et-emulsionneur\/#primaryimage\"},\"thumbnailUrl\":\"https:\/\/www.electroluxprofessional.com\/fr\/wp-content\/uploads\/2017\/02\/2025_72dpi-min-e1527510929672-1024x511.jpg\",\"datePublished\":\"2017-02-28T13:40:48+00:00\",\"dateModified\":\"2026-03-23T15:32:17+00:00\",\"description\":\"D\u00e9couvrez nos cutters m\u00e9langeurs et \u00e9mulsionneurs professionnels : capacit\u00e9 optimale jusqu'\u00e0 75% avec chemin\u00e9e haute. Id\u00e9al pour la pr\u00e9paration en restauration.\",\"breadcrumb\":{\"@id\":\"https:\/\/www.electroluxprofessional.com\/fr\/equipement-cuisine\/preparation-dynamique\/cutter-melangeur-et-emulsionneur\/#breadcrumb\"},\"inLanguage\":\"fr-FR\",\"potentialAction\":[{\"@type\":\"ReadAction\",\"target\":[\"https:\/\/www.electroluxprofessional.com\/fr\/equipement-cuisine\/preparation-dynamique\/cutter-melangeur-et-emulsionneur\/\"]}]},{\"@type\":\"ImageObject\",\"inLanguage\":\"fr-FR\",\"@id\":\"https:\/\/www.electroluxprofessional.com\/fr\/equipement-cuisine\/preparation-dynamique\/cutter-melangeur-et-emulsionneur\/#primaryimage\",\"url\":\"https:\/\/www.electroluxprofessional.com\/fr\/wp-content\/uploads\/2017\/02\/2025_72dpi-min-e1527510929672.jpg\",\"contentUrl\":\"https:\/\/www.electroluxprofessional.com\/fr\/wp-content\/uploads\/2017\/02\/2025_72dpi-min-e1527510929672.jpg\",\"width\":3979,\"height\":1984,\"caption\":\"2025_72dpi-min\"},{\"@type\":\"BreadcrumbList\",\"@id\":\"https:\/\/www.electroluxprofessional.com\/fr\/equipement-cuisine\/preparation-dynamique\/cutter-melangeur-et-emulsionneur\/#breadcrumb\",\"itemListElement\":[{\"@type\":\"ListItem\",\"position\":1,\"name\":\"Home\",\"item\":\"https:\/\/www.electroluxprofessional.com\/fr\/\"},{\"@type\":\"ListItem\",\"position\":2,\"name\":\"Mat\u00e9riel de cuisine professionnel &#8211; Electrolux Professional\",\"item\":\"https:\/\/www.electroluxprofessional.com\/fr\/equipement-cuisine\/\"},{\"@type\":\"ListItem\",\"position\":3,\"name\":\"Pr\u00e9paration dynamique\",\"item\":\"https:\/\/www.electroluxprofessional.com\/fr\/equipement-cuisine\/preparation-dynamique\/\"},{\"@type\":\"ListItem\",\"position\":4,\"name\":\"Cutter m\u00e9langeur et \u00e9mulsionneur\"}]},{\"@type\":\"WebSite\",\"@id\":\"https:\/\/www.electroluxprofessional.com\/fr\/#website\",\"url\":\"https:\/\/www.electroluxprofessional.com\/fr\/\",\"name\":\"Electrolux Professional France\",\"description\":\"\",\"potentialAction\":[{\"@type\":\"SearchAction\",\"target\":{\"@type\":\"EntryPoint\",\"urlTemplate\":\"https:\/\/www.electroluxprofessional.com\/fr\/?src={search_term_string}\"},\"query-input\":\"required name=search_term_string\"}],\"inLanguage\":\"fr-FR\"}]}<\/script>\n<!-- \/ Yoast SEO plugin. -->","yoast_head_json":{"title":"Cutter m\u00e9langeur et \u00e9mulsionneur | Electrolux Professional","description":"D\u00e9couvrez nos cutters m\u00e9langeurs et \u00e9mulsionneurs professionnels : capacit\u00e9 optimale jusqu'\u00e0 75% avec chemin\u00e9e haute. Id\u00e9al pour la pr\u00e9paration en restauration.","robots":{"index":"index","follow":"follow","max-snippet":"max-snippet:-1","max-image-preview":"max-image-preview:large","max-video-preview":"max-video-preview:-1"},"canonical":"https:\/\/www.electroluxprofessional.com\/fr\/equipement-cuisine\/preparation-dynamique\/cutter-melangeur-et-emulsionneur\/","og_locale":"fr_FR","og_type":"article","og_title":"Cutter m\u00e9langeur et \u00e9mulsionneur | Electrolux Professional","og_description":"D\u00e9couvrez nos cutters m\u00e9langeurs et \u00e9mulsionneurs professionnels : capacit\u00e9 optimale jusqu'\u00e0 75% avec chemin\u00e9e haute. Id\u00e9al pour la pr\u00e9paration en restauration.","og_url":"https:\/\/www.electroluxprofessional.com\/fr\/equipement-cuisine\/preparation-dynamique\/cutter-melangeur-et-emulsionneur\/","og_site_name":"Electrolux Professional France","article_modified_time":"2026-03-23T15:32:17+00:00","og_image":[{"url":"https:\/\/www.electroluxprofessional.com\/fr\/wp-content\/uploads\/2017\/02\/2025_72dpi-min-e1527510929672-1024x511.jpg"}],"twitter_card":"summary_large_image","twitter_misc":{"Dur\u00e9e de lecture estim\u00e9e":"2 minutes"},"schema":{"@context":"https:\/\/schema.org","@graph":[{"@type":"WebPage","@id":"https:\/\/www.electroluxprofessional.com\/fr\/equipement-cuisine\/preparation-dynamique\/cutter-melangeur-et-emulsionneur\/","url":"https:\/\/www.electroluxprofessional.com\/fr\/equipement-cuisine\/preparation-dynamique\/cutter-melangeur-et-emulsionneur\/","name":"Cutter m\u00e9langeur et \u00e9mulsionneur | Electrolux Professional","isPartOf":{"@id":"https:\/\/www.electroluxprofessional.com\/fr\/#website"},"primaryImageOfPage":{"@id":"https:\/\/www.electroluxprofessional.com\/fr\/equipement-cuisine\/preparation-dynamique\/cutter-melangeur-et-emulsionneur\/#primaryimage"},"image":{"@id":"https:\/\/www.electroluxprofessional.com\/fr\/equipement-cuisine\/preparation-dynamique\/cutter-melangeur-et-emulsionneur\/#primaryimage"},"thumbnailUrl":"https:\/\/www.electroluxprofessional.com\/fr\/wp-content\/uploads\/2017\/02\/2025_72dpi-min-e1527510929672-1024x511.jpg","datePublished":"2017-02-28T13:40:48+00:00","dateModified":"2026-03-23T15:32:17+00:00","description":"D\u00e9couvrez nos cutters m\u00e9langeurs et \u00e9mulsionneurs professionnels : capacit\u00e9 optimale jusqu'\u00e0 75% avec chemin\u00e9e haute. Id\u00e9al pour la pr\u00e9paration en restauration.","breadcrumb":{"@id":"https:\/\/www.electroluxprofessional.com\/fr\/equipement-cuisine\/preparation-dynamique\/cutter-melangeur-et-emulsionneur\/#breadcrumb"},"inLanguage":"fr-FR","potentialAction":[{"@type":"ReadAction","target":["https:\/\/www.electroluxprofessional.com\/fr\/equipement-cuisine\/preparation-dynamique\/cutter-melangeur-et-emulsionneur\/"]}]},{"@type":"ImageObject","inLanguage":"fr-FR","@id":"https:\/\/www.electroluxprofessional.com\/fr\/equipement-cuisine\/preparation-dynamique\/cutter-melangeur-et-emulsionneur\/#primaryimage","url":"https:\/\/www.electroluxprofessional.com\/fr\/wp-content\/uploads\/2017\/02\/2025_72dpi-min-e1527510929672.jpg","contentUrl":"https:\/\/www.electroluxprofessional.com\/fr\/wp-content\/uploads\/2017\/02\/2025_72dpi-min-e1527510929672.jpg","width":3979,"height":1984,"caption":"2025_72dpi-min"},{"@type":"BreadcrumbList","@id":"https:\/\/www.electroluxprofessional.com\/fr\/equipement-cuisine\/preparation-dynamique\/cutter-melangeur-et-emulsionneur\/#breadcrumb","itemListElement":[{"@type":"ListItem","position":1,"name":"Home","item":"https:\/\/www.electroluxprofessional.com\/fr\/"},{"@type":"ListItem","position":2,"name":"Mat\u00e9riel de cuisine professionnel &#8211; Electrolux Professional","item":"https:\/\/www.electroluxprofessional.com\/fr\/equipement-cuisine\/"},{"@type":"ListItem","position":3,"name":"Pr\u00e9paration dynamique","item":"https:\/\/www.electroluxprofessional.com\/fr\/equipement-cuisine\/preparation-dynamique\/"},{"@type":"ListItem","position":4,"name":"Cutter m\u00e9langeur et \u00e9mulsionneur"}]},{"@type":"WebSite","@id":"https:\/\/www.electroluxprofessional.com\/fr\/#website","url":"https:\/\/www.electroluxprofessional.com\/fr\/","name":"Electrolux Professional France","description":"","potentialAction":[{"@type":"SearchAction","target":{"@type":"EntryPoint","urlTemplate":"https:\/\/www.electroluxprofessional.com\/fr\/?src={search_term_string}"},"query-input":"required name=search_term_string"}],"inLanguage":"fr-FR"}]}},"_links":{"self":[{"href":"https:\/\/www.electroluxprofessional.com\/fr\/wp-json\/wp\/v2\/pages\/2937"}],"collection":[{"href":"https:\/\/www.electroluxprofessional.com\/fr\/wp-json\/wp\/v2\/pages"}],"about":[{"href":"https:\/\/www.electroluxprofessional.com\/fr\/wp-json\/wp\/v2\/types\/page"}],"author":[{"embeddable":true,"href":"https:\/\/www.electroluxprofessional.com\/fr\/wp-json\/wp\/v2\/users\/4"}],"replies":[{"embeddable":true,"href":"https:\/\/www.electroluxprofessional.com\/fr\/wp-json\/wp\/v2\/comments?post=2937"}],"version-history":[{"count":21,"href":"https:\/\/www.electroluxprofessional.com\/fr\/wp-json\/wp\/v2\/pages\/2937\/revisions"}],"predecessor-version":[{"id":31409,"href":"https:\/\/www.electroluxprofessional.com\/fr\/wp-json\/wp\/v2\/pages\/2937\/revisions\/31409"}],"up":[{"embeddable":true,"href":"https:\/\/www.electroluxprofessional.com\/fr\/wp-json\/wp\/v2\/pages\/2932"}],"wp:attachment":[{"href":"https:\/\/www.electroluxprofessional.com\/fr\/wp-json\/wp\/v2\/media?parent=2937"}],"curies":[{"name":"wp","href":"https:\/\/api.w.org\/{rel}","templated":true}]}}