{"id":29174,"date":"2025-11-06T13:14:36","date_gmt":"2025-11-06T13:14:36","guid":{"rendered":"https:\/\/www.electroluxprofessional.com\/fr\/?page_id=29174"},"modified":"2026-04-14T12:45:45","modified_gmt":"2026-04-14T12:45:45","slug":"laverie-self-pressing-blanchisserie-nettoyage-a-leau","status":"publish","type":"page","link":"https:\/\/www.electroluxprofessional.com\/fr\/solutions\/laverie-self-pressing-blanchisserie-nettoyage-a-leau\/","title":{"rendered":"lagoon Advanced Care"},"content":{"rendered":"<p>[vc_row full_width=&#8221;electroluxpro-full-width-no-padding&#8221;][vc_column][elx_image_block background_image=&#8221;29167&#8243; minimum_height=&#8221;400px&#8221;][vc_empty_space][\/vc_column][\/vc_row][vc_row][vc_column][elx_text_image style_image=&#8221;image_horizontal&#8221; bg_row=&#8221;bg-download-white&#8221; title=&#8221;lagoon\u00ae Advanced Care<br \/>\nLa r\u00e9volution de l\u2019entretien professionnel des textiles&#8221; lists=&#8221;%5B%7B%7D%5D&#8221; single_image=&#8221;29168&#8243; values=&#8221;%5B%7B%22tag_icon_title%22%3A%22h4%22%7D%5D&#8221;]V\u00eatements d\u00e9licats, cuirs et chaussures : \u00a0est le seul syst\u00e8me de nettoyage \u00e0 l&#8217;eau capable de remplacer n\u2019importe quelle machine de nettoyage \u00e0 sec 1:1 \u2014 avec une approche v\u00e9ritablement durable.<br \/>\nD\u00e9couvrez les b\u00e9n\u00e9fices de lagoon<sup>\u00ae<\/sup> Advanced Care et de ses 20 ans d\u2019expertise.[\/elx_text_image][vc_empty_space][\/vc_column][\/vc_row][vc_row full_width=&#8221;electroluxpro-full-width-no-padding&#8221; css=&#8221;.vc_custom_1760693381960{border-top-width: 50px !important;border-right-width: 50px !important;border-bottom-width: 50px !important;border-left-width: 100px !important;background-color: #cfe5e9 !important;border-left-color: #cfe5e9 !important;border-right-color: #cfe5e9 !important;border-top-color: #cfe5e9 !important;border-bottom-color: #cfe5e9 !important;border-radius: 30px !important;}&#8221;][vc_column][vc_empty_space height=&#8221;40px&#8221;][elx_video_text link_video=&#8221;https:\/\/www.youtube.com\/watch?v=yySudaSMoNg&#8221; title=&#8221;20 ans d\u2019expertise&#8221; bg_row=&#8221;bg-download-blue&#8221; color_text_row=&#8221;text-white&#8221; image_preview=&#8221;30131&#8243;]<\/p>\n<article class=\"text-token-text-primary w-full focus:outline-none [--shadow-height:45px] has-data-writing-block:pointer-events-none has-data-writing-block:-mt-(--shadow-height) has-data-writing-block:pt-(--shadow-height) [&amp;:has([data-writing-block])&gt;*]:pointer-events-auto [content-visibility:auto] supports-[content-visibility:auto]:[contain-intrinsic-size:auto_100lvh] scroll-mt-[calc(var(--header-height)+min(200px,max(70px,20svh)))]\" dir=\"auto\" tabindex=\"-1\" data-turn-id=\"request-68e39510-a14c-8326-a792-ca55390610cb-7\" data-testid=\"conversation-turn-196\" data-scroll-anchor=\"true\" data-turn=\"assistant\">\n<div class=\"text-base my-auto mx-auto pb-10 [--thread-content-margin:--spacing(4)] thread-sm:[--thread-content-margin:--spacing(6)] thread-lg:[--thread-content-margin:--spacing(16)] px-(--thread-content-margin)\">\n<div class=\"[--thread-content-max-width:40rem] thread-lg:[--thread-content-max-width:48rem] mx-auto max-w-(--thread-content-max-width) flex-1 group\/turn-messages focus-visible:outline-hidden relative flex w-full min-w-0 flex-col agent-turn\" tabindex=\"-1\">\n<div class=\"flex max-w-full flex-col grow\">\n<div class=\"min-h-8 text-message relative flex w-full flex-col items-end gap-2 text-start break-words whitespace-normal [.text-message+&amp;]:mt-1\" dir=\"auto\" data-message-author-role=\"assistant\" data-message-id=\"ee4d13e2-fd79-40cd-883a-4db77fa30f13\" data-message-model-slug=\"gpt-5-mini\">\n<div class=\"flex w-full flex-col gap-1 empty:hidden first:pt-[1px]\">\n<div class=\"markdown prose dark:prose-invert w-full break-words dark markdown-new-styling\">\n<p data-start=\"34\" data-end=\"321\" data-is-last-node=\"\" data-is-only-node=\"\">Tout a commenc\u00e9 dans les ann\u00e9es 90, en partenariat avec des experts de l\u2019industrie pour trouver une alternative au perchloro\u00e9thyl\u00e8ne. En 2005, The Woolmark Company a labellis\u00e9 lagoon<sup>\u00ae<\/sup>, et depuis, nous avons perfectionn\u00e9 une solution de nettoyage humide qui offre des r\u00e9sultats fiables et durables.<\/p>\n<\/div>\n<\/div>\n<\/div>\n<\/div>\n<\/div>\n<\/div>\n<\/article>\n<p>[\/elx_video_text][vc_empty_space height=&#8221;40px&#8221;][\/vc_column][\/vc_row][vc_row full_width=&#8221;electroluxpro-full-width-no-padding&#8221;][vc_column][vc_empty_space][elx_features_download title=&#8221;Soin d\u00e9licat. Nettoyage efficace&#8221; title_download=&#8221;T\u00e9l\u00e9charger&#8221; title_discover=&#8221;D\u00e9couvrir&#8221; title_position=&#8221;top&#8221; bg_row=&#8221;bg-row-light-blue&#8221; values=&#8221;%5B%7B%22select_type%22%3A%22pride%22%2C%22label_pride_document%22%3A%22lagoon%20Advanced%20Care%22%2C%22document_type%22%3A%22brochures%22%2C%22br_document_number%22%3A%22A0114%22%7D%5D&#8221; discover=&#8221;%5B%7B%7D%5D&#8221; features=&#8221;%5B%7B%22icon_electroluxpro%22%3A%22elx-icon%20icon-watch%22%2C%22title_icon%22%3A%22S%C3%A9chage%20complet%20en%2055%20minutes%22%2C%22tag_icon_title%22%3A%22h4%22%2C%22text_icon%22%3A%22Des%20lessiviels%20intelligents%20et%20des%20proc%C3%A9d%C3%A9s%20innovants%20permettent%20aux%20v%C3%AAtements%20d%E2%80%99%C3%AAtre%20s%C3%A9ch%C3%A9s%20en%20un%20temps%20record.%20Les%20v%C3%AAtements%20enti%C3%A8rement%20s%C3%A9ch%C3%A9s%20sont%20infroissables%20et%20faciles%20%C3%A0%20repasser.%22%7D%2C%7B%22icon_electroluxpro%22%3A%22elx-icon%20icon-solvet%22%2C%22title_icon%22%3A%22Dites%20adieu%20au%20nettoyage%20avec%20solvants%22%2C%22tag_icon_title%22%3A%22h4%22%2C%22text_icon%22%3A%22Tous%20les%20types%20de%20v%C3%AAtements%20et%20de%20textiles%2C%20la%20plupart%20des%20types%20de%20cuirs%2C%20et%20m%C3%AAme%20les%20chaussures%20peuvent%20%C3%AAtre%20trait%C3%A9s%20avec%20lagoon%3Csup%3E%C2%AE%3C%2Fsup%3E%20Advanced%20Care%20pour%20un%20soin%20optimal%2C%20de%20mani%C3%A8re%20v%C3%A9ritablement%20%C3%A9cologique.%22%7D%2C%7B%22icon_electroluxpro%22%3A%22elx-icon%20icon-circle-graphic-blue%22%2C%22title_icon%22%3A%22Retour%20sur%20investissement%20rapide%22%2C%22tag_icon_title%22%3A%22h4%22%2C%22text_icon%22%3A%22lagoon%3Csup%3E%C2%AE%3C%2Fsup%3E%20Advanced%20Care%20prend%20soin%20de%20votre%20activit%C3%A9%20avec%20un%20facteur%20de%20charge%20plus%20%C3%A9lev%C3%A9%2C%20moins%20de%20pr%C3%A9traitement%2C%20une%20finition%20plus%20facile%20et%20un%20temps%20de%20cycle%20plus%20rapide.%22%7D%5D&#8221;][\/elx_features_download][vc_empty_space][\/vc_column][\/vc_row][vc_row full_width=&#8221;electroluxpro-full-width-no-padding&#8221;][vc_column][vc_empty_space height=&#8221;40px&#8221;][\/vc_column][\/vc_row][vc_row][vc_column width=&#8221;2\/3&#8243;][vc_column_text]<\/p>\n<div style=\"max-height: 412px; width: 100%; display: flex; justify-content: center; align-items: center; background-color: #000;\">\n<p><iframe loading=\"lazy\" title=\"Solution de nettoyage \u00e0 l&#039;eau lagoon Advanced Care - Electrolux Professional\" width=\"640\" height=\"360\" src=\"https:\/\/www.youtube.com\/embed\/ldhcLPEwPn0?feature=oembed\" frameborder=\"0\" allow=\"accelerometer; autoplay; clipboard-write; encrypted-media; gyroscope; picture-in-picture; web-share\" referrerpolicy=\"strict-origin-when-cross-origin\" allowfullscreen><\/iframe><\/p>\n<\/div>\n<p>[\/vc_column_text][\/vc_column][vc_column width=&#8221;1\/3&#8243;][elx_heading text_color=&#8221;inherit&#8221;]Des r\u00e9sultats parfaits et rapides[\/elx_heading][vc_column_text]<strong data-start=\"116\" data-end=\"141\">lagoon<sup>\u00ae<\/sup> Advanced Care<\/strong> d\u00e9livre des r\u00e9sultats impeccables en seulement 55 minutes. Des lessiviels intelligents et un contr\u00f4le pr\u00e9cis de l\u2019eau garantissent que des textiles doux, frais et pr\u00eats \u00e0 porter. Con\u00e7u pour l\u2019efficacit\u00e9 et la performance, le syst\u00e8me augmente la productivit\u00e9 tout en maintenant la qualit\u00e9 au plus haut niveau.[\/vc_column_text][\/vc_column][\/vc_row][vc_row full_width=&#8221;electroluxpro-full-width-no-padding&#8221;][vc_column][vc_empty_space height=&#8221;40px&#8221;][\/vc_column][\/vc_row][vc_row][vc_column][elx_multiple_columns number_columns=&#8221;3&#8243; bg_row=&#8221;bg-download-white&#8221; title=&#8221;Smart Care, r\u00e9sultats certifi\u00e9s&#8221; values=&#8221;%5B%7B%22image_section%22%3A%2229170%22%2C%22title_section%22%3A%22Woolmark%20approuv%C3%A9%20%20%5CnConfiance%20garantie%22%2C%22text_section%22%3A%22Depuis%202005%2C%20nous%20travaillons%20main%20dans%20la%20main%20avec%20The%20Woolmark%20Company%2C%20leader%20dans%20le%20traitement%20de%20la%20laine.%20lagoon%3Csup%3E%C2%AE%3C%2Fsup%3E%20Advanced%20Care%20est%20la%20solution%20con%C3%A7ue%20pour%20traiter%20les%20v%C3%AAtements%20d%C3%A9licats%20de%20mani%C3%A8re%20s%C3%BBre%20et%20durable.%22%2C%22button_style%22%3A%22secondary%22%7D%2C%7B%22image_section%22%3A%2229171%22%2C%22title_section%22%3A%22Test%C3%A9%20par%20la%20science%20%20%5CnProuv%C3%A9%20par%20les%20r%C3%A9sultats%22%2C%22text_section%22%3A%22Des%20tests%20ind%C3%A9pendants%20r%C3%A9alis%C3%A9s%20par%20l%E2%80%99Institut%20Hohenstein%20ont%20d%C3%A9montr%C3%A9%20que%20lagoon%3Csup%3E%C2%AE%3C%2Fsup%3E%20%20Advanced%20Care%20%C3%A9tait%20tout%20aussi%20efficace%20que%20le%20nettoyage%20par%20solvant%2C%20tout%20en%20pr%C3%A9servant%20la%20forme%2C%20la%20couleur%20et%20la%20texture%20des%20tissus%2C%20m%C3%AAme%20apr%C3%A8s%20plusieurs%20cycles.%22%2C%22button_style%22%3A%22secondary%22%7D%2C%7B%22image_section%22%3A%2229172%22%2C%22title_section%22%3A%22Ergonomie%20certifi%C3%A9e%20par%20ErgoCert%22%2C%22text_section%22%3A%22Les%20laveuses%20et%20s%C3%A9choirs%20lagoon%3Csup%3E%C2%AE%3C%2Fsup%3E%20Advanced%20Care%20sont%20con%C3%A7us%20autour%20de%20l&#8217;utilisateur%20et%20son%20certifi%C3%A9s%20par%20ErgoCert%2C%20garantissant%20que%20les%20op%C3%A9rateurs%20peuvent%20travailler%20en%20toute%20s%C3%A9curit%C3%A9%20et%20confort%20tout%20en%20augmentant%20leur%20productivit%C3%A9.%22%2C%22button_style%22%3A%22secondary%22%7D%2C%7B%22image_section%22%3A%2229173%22%2C%22title_section%22%3A%22Du%20cuir%20aux%20sneakers%20%20%5CnDes%20r%C3%A9sultats%20de%20qualit%C3%A9%22%2C%22text_section%22%3A%22lagoon%3Csup%3E%C2%AE%3C%2Fsup%3E%20Advanced%20Care%20nettoie%20en%20douceur%20et%20revitalise%20les%20chaussures%2C%20vestes%2C%20sacs%20et%20accessoires%20en%20cuir%C2%A0%3B%20pr%C3%A9serve%20leur%20douceur%2C%20leur%20couleur%20et%20leur%20forme%20tout%20en%20pr%C3%A9servant%20leur%20dur%C3%A9e%20de%20vie.%22%2C%22button_style%22%3A%22secondary%22%7D%5D&#8221;][\/elx_multiple_columns][\/vc_column][\/vc_row][vc_row][vc_column][elx_heading text_color=&#8221;inherit&#8221; text_align=&#8221;text-center&#8221;]Vous souhaitez plus d&#8217;informations ?[\/elx_heading][elx_heading font_container=&#8221;h6&#8243; text_color=&#8221;inherit&#8221; text_align=&#8221;text-center&#8221;]Contactez-nous via notre formulaire :[\/elx_heading][elx_o2000_contact_us s=&#8221;Demande d&#8217;informations lagoon Advanced Care&#8221; country=&#8221;France&#8221; b=&#8221;laundry&#8221; thanks=&#8221;Merci pour votre demande, un expert vous contactera sous peu.&#8221;][\/vc_column][\/vc_row][vc_row full_width=&#8221;electroluxpro-full-width-no-padding&#8221;][vc_column][elx_features_download title=&#8221;Essentia : le c\u0153ur du service client&#8221; tag_title=&#8221;h1&#8243; title_download=&#8221;&#8221; bg_row=&#8221;bg-row-light-blue&#8221; values=&#8221;%5B%7B%22select_type%22%3A%22link%22%2C%22link_download%22%3A%22title%3AT%25C3%25A9l%25C3%25A9charger%2520la%2520brochure%2520accessoires%2520%2526%2520lessiviels%7Ctarget%3A_blank%22%7D%5D&#8221; discover=&#8221;%5B%7B%7D%5D&#8221; features=&#8221;%5B%7B%22tag_icon_title%22%3A%22h4%22%7D%5D&#8221;]Vous fournir l\u2019assistance dont vous avez besoin, prendre soin de vos op\u00e9rations de blanchisserie gr\u00e2ce \u00e0 un r\u00e9seau de service fiable, une gamme de services exclusifs sur mesure et une technologie innovante.[\/elx_features_download][vc_empty_space][\/vc_column][\/vc_row][vc_row full_width=&#8221;electroluxpro-full-width-no-padding&#8221;][vc_column][vc_empty_space height=&#8221;40px&#8221;][\/vc_column][\/vc_row][vc_row full_width=&#8221;electroluxpro-full-width-no-padding&#8221;][vc_column][vc_empty_space height=&#8221;40px&#8221;][\/vc_column][\/vc_row]<\/p>\n","protected":false},"excerpt":{"rendered":"<p>[vc_row full_width=&#8221;electroluxpro-full-width-no-padding&#8221;][vc_column][elx_image_block background_image=&#8221;29167&#8243; minimum_height=&#8221;400px&#8221;][vc_empty_space][\/vc_column][\/vc_row][vc_row][vc_column][elx_text_image style_image=&#8221;image_horizontal&#8221; bg_row=&#8221;bg-download-white&#8221; title=&#8221;lagoon\u00ae Advanced Care La r\u00e9volution de l\u2019entretien professionnel des textiles&#8221; lists=&#8221;%5B%7B%7D%5D&#8221; single_image=&#8221;29168&#8243; values=&#8221;%5B%7B%22tag_icon_title%22%3A%22h4%22%7D%5D&#8221;]V\u00eatements d\u00e9licats, cuirs et chaussures : \u00a0est le seul syst\u00e8me de nettoyage \u00e0 l&#8217;eau capable de remplacer n\u2019importe quelle machine de nettoyage \u00e0 sec 1:1 \u2014 avec une approche v\u00e9ritablement durable. D\u00e9couvrez les b\u00e9n\u00e9fices de lagoon\u00ae Advanced [&hellip;]<\/p>\n","protected":false},"author":93,"featured_media":19313,"parent":2593,"menu_order":0,"comment_status":"closed","ping_status":"closed","template":"","meta":{"footnotes":""},"class_list":["post-29174","page","type-page","status-publish","has-post-thumbnail","hentry"],"acf":[],"yoast_head":"<!-- This site is optimized with the Yoast SEO plugin v23.3 - https:\/\/yoast.com\/wordpress\/plugins\/seo\/ -->\n<title>lagoon\u00ae Advanced Care: l&#039;entretien professionnel des textiles | Electrolux Professional<\/title>\n<meta name=\"description\" content=\"D\u00e9couvrez notre solution de nettoyage professionnel \u00e0 l\u2019eau avec lagoon\u00ae Advanced Care pour un traitement des textiles complets en moins d\u2019une heure.\" \/>\n<meta name=\"robots\" content=\"index, follow, max-snippet:-1, max-image-preview:large, max-video-preview:-1\" \/>\n<link rel=\"canonical\" href=\"https:\/\/www.electroluxprofessional.com\/fr\/solutions\/laverie-self-pressing-blanchisserie-nettoyage-a-leau\/\" \/>\n<meta property=\"og:locale\" content=\"fr_FR\" \/>\n<meta property=\"og:type\" content=\"article\" \/>\n<meta property=\"og:title\" content=\"lagoon\u00ae Advanced Care: l&#039;entretien professionnel des textiles | Electrolux Professional\" \/>\n<meta property=\"og:description\" content=\"D\u00e9couvrez notre solution de nettoyage professionnel \u00e0 l\u2019eau avec lagoon\u00ae Advanced Care pour un traitement des textiles complets en moins d\u2019une heure.\" \/>\n<meta property=\"og:url\" content=\"https:\/\/www.electroluxprofessional.com\/fr\/solutions\/laverie-self-pressing-blanchisserie-nettoyage-a-leau\/\" \/>\n<meta property=\"og:site_name\" content=\"Electrolux Professional France\" \/>\n<meta property=\"article:modified_time\" content=\"2026-04-14T12:45:45+00:00\" \/>\n<meta property=\"og:image\" content=\"https:\/\/www.electroluxprofessional.com\/fr\/wp-content\/uploads\/2022\/07\/banner-top-lagoon.jpg\" \/>\n\t<meta property=\"og:image:width\" content=\"1920\" \/>\n\t<meta property=\"og:image:height\" content=\"581\" \/>\n\t<meta property=\"og:image:type\" content=\"image\/jpeg\" \/>\n<meta name=\"twitter:card\" content=\"summary_large_image\" \/>\n<meta name=\"twitter:label1\" content=\"Dur\u00e9e de lecture estim\u00e9e\" \/>\n\t<meta name=\"twitter:data1\" content=\"3 minutes\" \/>\n<script type=\"application\/ld+json\" class=\"yoast-schema-graph\">{\"@context\":\"https:\/\/schema.org\",\"@graph\":[{\"@type\":\"WebPage\",\"@id\":\"https:\/\/www.electroluxprofessional.com\/fr\/solutions\/laverie-self-pressing-blanchisserie-nettoyage-a-leau\/\",\"url\":\"https:\/\/www.electroluxprofessional.com\/fr\/solutions\/laverie-self-pressing-blanchisserie-nettoyage-a-leau\/\",\"name\":\"lagoon\u00ae Advanced Care: l'entretien professionnel des textiles | Electrolux Professional\",\"isPartOf\":{\"@id\":\"https:\/\/www.electroluxprofessional.com\/fr\/#website\"},\"primaryImageOfPage\":{\"@id\":\"https:\/\/www.electroluxprofessional.com\/fr\/solutions\/laverie-self-pressing-blanchisserie-nettoyage-a-leau\/#primaryimage\"},\"image\":{\"@id\":\"https:\/\/www.electroluxprofessional.com\/fr\/solutions\/laverie-self-pressing-blanchisserie-nettoyage-a-leau\/#primaryimage\"},\"thumbnailUrl\":\"https:\/\/www.electroluxprofessional.com\/fr\/wp-content\/uploads\/2022\/07\/banner-top-lagoon.jpg\",\"datePublished\":\"2025-11-06T13:14:36+00:00\",\"dateModified\":\"2026-04-14T12:45:45+00:00\",\"description\":\"D\u00e9couvrez notre solution de nettoyage professionnel \u00e0 l\u2019eau avec lagoon\u00ae Advanced Care pour un traitement des textiles complets en moins d\u2019une heure.\",\"breadcrumb\":{\"@id\":\"https:\/\/www.electroluxprofessional.com\/fr\/solutions\/laverie-self-pressing-blanchisserie-nettoyage-a-leau\/#breadcrumb\"},\"inLanguage\":\"fr-FR\",\"potentialAction\":[{\"@type\":\"ReadAction\",\"target\":[\"https:\/\/www.electroluxprofessional.com\/fr\/solutions\/laverie-self-pressing-blanchisserie-nettoyage-a-leau\/\"]}]},{\"@type\":\"ImageObject\",\"inLanguage\":\"fr-FR\",\"@id\":\"https:\/\/www.electroluxprofessional.com\/fr\/solutions\/laverie-self-pressing-blanchisserie-nettoyage-a-leau\/#primaryimage\",\"url\":\"https:\/\/www.electroluxprofessional.com\/fr\/wp-content\/uploads\/2022\/07\/banner-top-lagoon.jpg\",\"contentUrl\":\"https:\/\/www.electroluxprofessional.com\/fr\/wp-content\/uploads\/2022\/07\/banner-top-lagoon.jpg\",\"width\":1920,\"height\":581,\"caption\":\"nettoyage a l'eau\"},{\"@type\":\"BreadcrumbList\",\"@id\":\"https:\/\/www.electroluxprofessional.com\/fr\/solutions\/laverie-self-pressing-blanchisserie-nettoyage-a-leau\/#breadcrumb\",\"itemListElement\":[{\"@type\":\"ListItem\",\"position\":1,\"name\":\"Home\",\"item\":\"https:\/\/www.electroluxprofessional.com\/fr\/\"},{\"@type\":\"ListItem\",\"position\":2,\"name\":\"Solutions\",\"item\":\"https:\/\/www.electroluxprofessional.com\/fr\/solutions\/\"},{\"@type\":\"ListItem\",\"position\":3,\"name\":\"lagoon Advanced Care\"}]},{\"@type\":\"WebSite\",\"@id\":\"https:\/\/www.electroluxprofessional.com\/fr\/#website\",\"url\":\"https:\/\/www.electroluxprofessional.com\/fr\/\",\"name\":\"Electrolux Professional France\",\"description\":\"\",\"potentialAction\":[{\"@type\":\"SearchAction\",\"target\":{\"@type\":\"EntryPoint\",\"urlTemplate\":\"https:\/\/www.electroluxprofessional.com\/fr\/?src={search_term_string}\"},\"query-input\":\"required name=search_term_string\"}],\"inLanguage\":\"fr-FR\"}]}<\/script>\n<!-- \/ Yoast SEO plugin. -->","yoast_head_json":{"title":"lagoon\u00ae Advanced Care: l'entretien professionnel des textiles | Electrolux Professional","description":"D\u00e9couvrez notre solution de nettoyage professionnel \u00e0 l\u2019eau avec lagoon\u00ae Advanced Care pour un traitement des textiles complets en moins d\u2019une heure.","robots":{"index":"index","follow":"follow","max-snippet":"max-snippet:-1","max-image-preview":"max-image-preview:large","max-video-preview":"max-video-preview:-1"},"canonical":"https:\/\/www.electroluxprofessional.com\/fr\/solutions\/laverie-self-pressing-blanchisserie-nettoyage-a-leau\/","og_locale":"fr_FR","og_type":"article","og_title":"lagoon\u00ae Advanced Care: l'entretien professionnel des textiles | Electrolux Professional","og_description":"D\u00e9couvrez notre solution de nettoyage professionnel \u00e0 l\u2019eau avec lagoon\u00ae Advanced Care pour un traitement des textiles complets en moins d\u2019une heure.","og_url":"https:\/\/www.electroluxprofessional.com\/fr\/solutions\/laverie-self-pressing-blanchisserie-nettoyage-a-leau\/","og_site_name":"Electrolux Professional France","article_modified_time":"2026-04-14T12:45:45+00:00","og_image":[{"width":1920,"height":581,"url":"https:\/\/www.electroluxprofessional.com\/fr\/wp-content\/uploads\/2022\/07\/banner-top-lagoon.jpg","type":"image\/jpeg"}],"twitter_card":"summary_large_image","twitter_misc":{"Dur\u00e9e de lecture estim\u00e9e":"3 minutes"},"schema":{"@context":"https:\/\/schema.org","@graph":[{"@type":"WebPage","@id":"https:\/\/www.electroluxprofessional.com\/fr\/solutions\/laverie-self-pressing-blanchisserie-nettoyage-a-leau\/","url":"https:\/\/www.electroluxprofessional.com\/fr\/solutions\/laverie-self-pressing-blanchisserie-nettoyage-a-leau\/","name":"lagoon\u00ae Advanced Care: l'entretien professionnel des textiles | Electrolux Professional","isPartOf":{"@id":"https:\/\/www.electroluxprofessional.com\/fr\/#website"},"primaryImageOfPage":{"@id":"https:\/\/www.electroluxprofessional.com\/fr\/solutions\/laverie-self-pressing-blanchisserie-nettoyage-a-leau\/#primaryimage"},"image":{"@id":"https:\/\/www.electroluxprofessional.com\/fr\/solutions\/laverie-self-pressing-blanchisserie-nettoyage-a-leau\/#primaryimage"},"thumbnailUrl":"https:\/\/www.electroluxprofessional.com\/fr\/wp-content\/uploads\/2022\/07\/banner-top-lagoon.jpg","datePublished":"2025-11-06T13:14:36+00:00","dateModified":"2026-04-14T12:45:45+00:00","description":"D\u00e9couvrez notre solution de nettoyage professionnel \u00e0 l\u2019eau avec lagoon\u00ae Advanced Care pour un traitement des textiles complets en moins d\u2019une heure.","breadcrumb":{"@id":"https:\/\/www.electroluxprofessional.com\/fr\/solutions\/laverie-self-pressing-blanchisserie-nettoyage-a-leau\/#breadcrumb"},"inLanguage":"fr-FR","potentialAction":[{"@type":"ReadAction","target":["https:\/\/www.electroluxprofessional.com\/fr\/solutions\/laverie-self-pressing-blanchisserie-nettoyage-a-leau\/"]}]},{"@type":"ImageObject","inLanguage":"fr-FR","@id":"https:\/\/www.electroluxprofessional.com\/fr\/solutions\/laverie-self-pressing-blanchisserie-nettoyage-a-leau\/#primaryimage","url":"https:\/\/www.electroluxprofessional.com\/fr\/wp-content\/uploads\/2022\/07\/banner-top-lagoon.jpg","contentUrl":"https:\/\/www.electroluxprofessional.com\/fr\/wp-content\/uploads\/2022\/07\/banner-top-lagoon.jpg","width":1920,"height":581,"caption":"nettoyage a l'eau"},{"@type":"BreadcrumbList","@id":"https:\/\/www.electroluxprofessional.com\/fr\/solutions\/laverie-self-pressing-blanchisserie-nettoyage-a-leau\/#breadcrumb","itemListElement":[{"@type":"ListItem","position":1,"name":"Home","item":"https:\/\/www.electroluxprofessional.com\/fr\/"},{"@type":"ListItem","position":2,"name":"Solutions","item":"https:\/\/www.electroluxprofessional.com\/fr\/solutions\/"},{"@type":"ListItem","position":3,"name":"lagoon Advanced Care"}]},{"@type":"WebSite","@id":"https:\/\/www.electroluxprofessional.com\/fr\/#website","url":"https:\/\/www.electroluxprofessional.com\/fr\/","name":"Electrolux Professional France","description":"","potentialAction":[{"@type":"SearchAction","target":{"@type":"EntryPoint","urlTemplate":"https:\/\/www.electroluxprofessional.com\/fr\/?src={search_term_string}"},"query-input":"required name=search_term_string"}],"inLanguage":"fr-FR"}]}},"_links":{"self":[{"href":"https:\/\/www.electroluxprofessional.com\/fr\/wp-json\/wp\/v2\/pages\/29174"}],"collection":[{"href":"https:\/\/www.electroluxprofessional.com\/fr\/wp-json\/wp\/v2\/pages"}],"about":[{"href":"https:\/\/www.electroluxprofessional.com\/fr\/wp-json\/wp\/v2\/types\/page"}],"author":[{"embeddable":true,"href":"https:\/\/www.electroluxprofessional.com\/fr\/wp-json\/wp\/v2\/users\/93"}],"replies":[{"embeddable":true,"href":"https:\/\/www.electroluxprofessional.com\/fr\/wp-json\/wp\/v2\/comments?post=29174"}],"version-history":[{"count":32,"href":"https:\/\/www.electroluxprofessional.com\/fr\/wp-json\/wp\/v2\/pages\/29174\/revisions"}],"predecessor-version":[{"id":32117,"href":"https:\/\/www.electroluxprofessional.com\/fr\/wp-json\/wp\/v2\/pages\/29174\/revisions\/32117"}],"up":[{"embeddable":true,"href":"https:\/\/www.electroluxprofessional.com\/fr\/wp-json\/wp\/v2\/pages\/2593"}],"wp:featuredmedia":[{"embeddable":true,"href":"https:\/\/www.electroluxprofessional.com\/fr\/wp-json\/wp\/v2\/media\/19313"}],"wp:attachment":[{"href":"https:\/\/www.electroluxprofessional.com\/fr\/wp-json\/wp\/v2\/media?parent=29174"}],"curies":[{"name":"wp","href":"https:\/\/api.w.org\/{rel}","templated":true}]}}