{"id":2917,"date":"2017-02-28T13:23:24","date_gmt":"2017-02-28T13:23:24","guid":{"rendered":"https:\/\/www.electroluxprofessional.com\/fr\/?page_id=2917"},"modified":"2026-03-07T08:04:15","modified_gmt":"2026-03-07T08:04:15","slug":"refrigeration","status":"publish","type":"page","link":"https:\/\/www.electroluxprofessional.com\/fr\/equipement-cuisine\/refrigeration\/","title":{"rendered":"Mat\u00e9riel r\u00e9frig\u00e9r\u00e9 professionnel"},"content":{"rendered":"<p>[vc_row full_width=&#8221;electroluxpro-full-width-no-padding&#8221;][vc_column][elx_hero_slider label_text_color=&#8221;inherit&#8221; images=&#8221;9879&#8243;][elx_heading font_container=&#8221;h1&#8243; text_color=&#8221;inherit&#8221;]Mat\u00e9riel de r\u00e9frig\u00e9ration[\/elx_heading][vc_column_text]Electrolux Professional, pionnier dans la recherche de conservation des aliments, sait leur restituer fraicheur, go\u00fbt et texture.[\/vc_column_text][\/elx_hero_slider][vc_empty_space][\/vc_column][vc_column css=&#8221;.vc_custom_1666257170708{padding-right: 20px !important;padding-left: 20px !important;}&#8221;][vc_column_text css=&#8221;.vc_custom_1677150533682{padding-right: 20px !important;padding-left: 20px !important;}&#8221;]<\/p>\n<p style=\"text-align: center;\">Cette gamme de produits d\u00e9di\u00e9e aux mat\u00e9riels frigorifiques comprend des <a href=\"https:\/\/www.electroluxprofessional.com\/fr\/equipement-cuisine\/refrigeration\/armoires-refrigerees\/\"><strong>armoires r\u00e9frig\u00e9r\u00e9es<\/strong><\/a>, des <strong>tables r\u00e9frig\u00e9r\u00e9es<\/strong>,<br \/>\ndes <a href=\"https:\/\/www.electroluxprofessional.com\/fr\/equipement-cuisine\/refrigeration\/cellules-refroidissement-congelation\/\"><strong>cellules de refroidisisement<\/strong><\/a>, des <strong>machines \u00e0 gla\u00e7ons<\/strong> et des <strong>caves \u00e0 vins<\/strong> pour r\u00e9pondre \u00e0 vos besoins sp\u00e9cifiques.<\/p>\n<p style=\"text-align: center;\"><span style=\"font-weight: inherit; font-style: inherit;\"> Chaque composant de nos \u00e9quipements r\u00e9frig\u00e9r\u00e9s est pens\u00e9 afin d&#8217;utiliser les derni\u00e8res innovations technologiques.<br \/>\n<\/span><span style=\"font-weight: inherit; font-style: inherit;\">Vous gardez ainsi toute la fra\u00eecheur de vos aliments, tout en profitant des nombreux avantages, tels que <strong>:<br \/>\nune faible\u00a0consommation d&#8217;\u00e9nergie<\/strong>, <strong>une grande capacit\u00e9,\u00a0<\/strong> <strong>une utilisation simple et une\u00a0conception ergonomique<\/strong><\/span><\/p>\n<p>[\/vc_column_text][vc_empty_space][\/vc_column][\/vc_row][vc_row][vc_column][elx_double_banner title_1=&#8221;Armoires r\u00e9frig\u00e9r\u00e9es&#8221; text_1=&#8221;&#8221; title_2=&#8221;Tables r\u00e9frig\u00e9r\u00e9es&#8221; text_2=&#8221;&#8221; link_1=&#8221;url:https%3A%2F%2Fwww.electroluxprofessional.com%2Ffr%2Fequipement-cuisine%2Frefrigeration%2Farmoires-refrigerees%2F|title:En%20savoir%20plus&#8221; background_image_media_library_1=&#8221;19704&#8243; link_2=&#8221;url:https%3A%2F%2Fwww.electroluxprofessional.com%2Ffr%2Fequipement-cuisine%2Frefrigeration%2Ftables-refrigerees%2F|title:En%20savoir%20plus&#8221; background_image_media_library_2=&#8221;19711&#8243; background_image_media_library_mobile_1=&#8221;19726&#8243; background_image_media_library_mobile_2=&#8221;19727&#8243;][vc_empty_space][elx_double_banner title_1=&#8221;Cellules de refroidissement&#8221; text_1=&#8221;&#8221; title_2=&#8221;Machines \u00e0 gla\u00e7ons&#8221; text_2=&#8221;&#8221; link_1=&#8221;url:https%3A%2F%2Fwww.electroluxprofessional.com%2Ffr%2Fequipement-cuisine%2Frefrigeration%2Fcellules-refroidissement-congelation%2F|title:En%20savoir%20plus&#8221; background_image_media_library_1=&#8221;19712&#8243; link_2=&#8221;url:https%3A%2F%2Fwww.electroluxprofessional.com%2Ffr%2Fequipement-cuisine%2Frefrigeration%2Fmachines-a-glacons%2F|title:En%20savoir%20plus&#8221; background_image_media_library_2=&#8221;19706&#8243; background_image_media_library_mobile_1=&#8221;19728&#8243; background_image_media_library_mobile_2=&#8221;19729&#8243;][vc_empty_space][elx_active_banner title=&#8221;Caves \u00e0 vin&#8221; background_image_media_library=&#8221;20185&#8243; link=&#8221;url:https%3A%2F%2Fwww.electroluxprofessional.com%2Ffr%2Fequipement-cuisine%2Frefrigeration%2Fcaves-vin%2F|title:En%20savoir%20plus&#8221; background_image_media_library_mobile=&#8221;19717&#8243;][\/vc_column][\/vc_row]<\/p>\n","protected":false},"excerpt":{"rendered":"<p>[vc_row full_width=&#8221;electroluxpro-full-width-no-padding&#8221;][vc_column][elx_hero_slider label_text_color=&#8221;inherit&#8221; images=&#8221;9879&#8243;][elx_heading font_container=&#8221;h1&#8243; text_color=&#8221;inherit&#8221;]Mat\u00e9riel de r\u00e9frig\u00e9ration[\/elx_heading][vc_column_text]Electrolux Professional, pionnier dans la recherche de conservation des aliments, sait leur restituer fraicheur, go\u00fbt et texture.[\/vc_column_text][\/elx_hero_slider][vc_empty_space][\/vc_column][vc_column css=&#8221;.vc_custom_1666257170708{padding-right: 20px !important;padding-left: 20px !important;}&#8221;][vc_column_text css=&#8221;.vc_custom_1677150533682{padding-right: 20px !important;padding-left: 20px !important;}&#8221;] Cette gamme de produits d\u00e9di\u00e9e aux mat\u00e9riels frigorifiques comprend des armoires r\u00e9frig\u00e9r\u00e9es, des tables r\u00e9frig\u00e9r\u00e9es, des cellules de refroidisisement, des machines [&hellip;]<\/p>\n","protected":false},"author":4,"featured_media":0,"parent":2100,"menu_order":0,"comment_status":"closed","ping_status":"closed","template":"","meta":{"footnotes":""},"class_list":["post-2917","page","type-page","status-publish","hentry"],"acf":[],"yoast_head":"<!-- This site is optimized with the Yoast SEO plugin v23.3 - https:\/\/yoast.com\/wordpress\/plugins\/seo\/ -->\n<title>Mat\u00e9riel de R\u00e9frig\u00e9ration Professionnel | Electrolux Professional<\/title>\n<meta name=\"description\" content=\"D\u00e9couvrez notre gamme de r\u00e9frig\u00e9ration professionnelle: armoires, tables r\u00e9frig\u00e9r\u00e9es et cellules de refroidissement. \u00c9conomies d&#039;\u00e9nergie garanties.\" \/>\n<meta name=\"robots\" content=\"index, follow, max-snippet:-1, max-image-preview:large, max-video-preview:-1\" \/>\n<link rel=\"canonical\" href=\"https:\/\/www.electroluxprofessional.com\/fr\/equipement-cuisine\/refrigeration\/\" \/>\n<meta property=\"og:locale\" content=\"fr_FR\" \/>\n<meta property=\"og:type\" content=\"article\" \/>\n<meta property=\"og:title\" content=\"Mat\u00e9riel de R\u00e9frig\u00e9ration Professionnel | Electrolux Professional\" \/>\n<meta property=\"og:description\" content=\"D\u00e9couvrez notre gamme de r\u00e9frig\u00e9ration professionnelle: armoires, tables r\u00e9frig\u00e9r\u00e9es et cellules de refroidissement. \u00c9conomies d&#039;\u00e9nergie garanties.\" \/>\n<meta property=\"og:url\" content=\"https:\/\/www.electroluxprofessional.com\/fr\/equipement-cuisine\/refrigeration\/\" \/>\n<meta property=\"og:site_name\" content=\"Electrolux Professional France\" \/>\n<meta property=\"article:modified_time\" content=\"2026-03-07T08:04:15+00:00\" \/>\n<meta name=\"twitter:card\" content=\"summary_large_image\" \/>\n<meta name=\"twitter:label1\" content=\"Dur\u00e9e de lecture estim\u00e9e\" \/>\n\t<meta name=\"twitter:data1\" content=\"1 minute\" \/>\n<script type=\"application\/ld+json\" class=\"yoast-schema-graph\">{\"@context\":\"https:\/\/schema.org\",\"@graph\":[{\"@type\":\"WebPage\",\"@id\":\"https:\/\/www.electroluxprofessional.com\/fr\/equipement-cuisine\/refrigeration\/\",\"url\":\"https:\/\/www.electroluxprofessional.com\/fr\/equipement-cuisine\/refrigeration\/\",\"name\":\"Mat\u00e9riel de R\u00e9frig\u00e9ration Professionnel | Electrolux Professional\",\"isPartOf\":{\"@id\":\"https:\/\/www.electroluxprofessional.com\/fr\/#website\"},\"datePublished\":\"2017-02-28T13:23:24+00:00\",\"dateModified\":\"2026-03-07T08:04:15+00:00\",\"description\":\"D\u00e9couvrez notre gamme de r\u00e9frig\u00e9ration professionnelle: armoires, tables r\u00e9frig\u00e9r\u00e9es et cellules de refroidissement. \u00c9conomies d'\u00e9nergie garanties.\",\"breadcrumb\":{\"@id\":\"https:\/\/www.electroluxprofessional.com\/fr\/equipement-cuisine\/refrigeration\/#breadcrumb\"},\"inLanguage\":\"fr-FR\",\"potentialAction\":[{\"@type\":\"ReadAction\",\"target\":[\"https:\/\/www.electroluxprofessional.com\/fr\/equipement-cuisine\/refrigeration\/\"]}]},{\"@type\":\"BreadcrumbList\",\"@id\":\"https:\/\/www.electroluxprofessional.com\/fr\/equipement-cuisine\/refrigeration\/#breadcrumb\",\"itemListElement\":[{\"@type\":\"ListItem\",\"position\":1,\"name\":\"Home\",\"item\":\"https:\/\/www.electroluxprofessional.com\/fr\/\"},{\"@type\":\"ListItem\",\"position\":2,\"name\":\"Mat\u00e9riel de cuisine professionnel\",\"item\":\"https:\/\/www.electroluxprofessional.com\/fr\/equipement-cuisine\/\"},{\"@type\":\"ListItem\",\"position\":3,\"name\":\"Mat\u00e9riel r\u00e9frig\u00e9r\u00e9 professionnel\"}]},{\"@type\":\"WebSite\",\"@id\":\"https:\/\/www.electroluxprofessional.com\/fr\/#website\",\"url\":\"https:\/\/www.electroluxprofessional.com\/fr\/\",\"name\":\"Electrolux Professional France\",\"description\":\"\",\"potentialAction\":[{\"@type\":\"SearchAction\",\"target\":{\"@type\":\"EntryPoint\",\"urlTemplate\":\"https:\/\/www.electroluxprofessional.com\/fr\/?src={search_term_string}\"},\"query-input\":\"required name=search_term_string\"}],\"inLanguage\":\"fr-FR\"}]}<\/script>\n<!-- \/ Yoast SEO plugin. -->","yoast_head_json":{"title":"Mat\u00e9riel de R\u00e9frig\u00e9ration Professionnel | Electrolux Professional","description":"D\u00e9couvrez notre gamme de r\u00e9frig\u00e9ration professionnelle: armoires, tables r\u00e9frig\u00e9r\u00e9es et cellules de refroidissement. \u00c9conomies d'\u00e9nergie garanties.","robots":{"index":"index","follow":"follow","max-snippet":"max-snippet:-1","max-image-preview":"max-image-preview:large","max-video-preview":"max-video-preview:-1"},"canonical":"https:\/\/www.electroluxprofessional.com\/fr\/equipement-cuisine\/refrigeration\/","og_locale":"fr_FR","og_type":"article","og_title":"Mat\u00e9riel de R\u00e9frig\u00e9ration Professionnel | Electrolux Professional","og_description":"D\u00e9couvrez notre gamme de r\u00e9frig\u00e9ration professionnelle: armoires, tables r\u00e9frig\u00e9r\u00e9es et cellules de refroidissement. \u00c9conomies d'\u00e9nergie garanties.","og_url":"https:\/\/www.electroluxprofessional.com\/fr\/equipement-cuisine\/refrigeration\/","og_site_name":"Electrolux Professional France","article_modified_time":"2026-03-07T08:04:15+00:00","twitter_card":"summary_large_image","twitter_misc":{"Dur\u00e9e de lecture estim\u00e9e":"1 minute"},"schema":{"@context":"https:\/\/schema.org","@graph":[{"@type":"WebPage","@id":"https:\/\/www.electroluxprofessional.com\/fr\/equipement-cuisine\/refrigeration\/","url":"https:\/\/www.electroluxprofessional.com\/fr\/equipement-cuisine\/refrigeration\/","name":"Mat\u00e9riel de R\u00e9frig\u00e9ration Professionnel | Electrolux Professional","isPartOf":{"@id":"https:\/\/www.electroluxprofessional.com\/fr\/#website"},"datePublished":"2017-02-28T13:23:24+00:00","dateModified":"2026-03-07T08:04:15+00:00","description":"D\u00e9couvrez notre gamme de r\u00e9frig\u00e9ration professionnelle: armoires, tables r\u00e9frig\u00e9r\u00e9es et cellules de refroidissement. \u00c9conomies d'\u00e9nergie garanties.","breadcrumb":{"@id":"https:\/\/www.electroluxprofessional.com\/fr\/equipement-cuisine\/refrigeration\/#breadcrumb"},"inLanguage":"fr-FR","potentialAction":[{"@type":"ReadAction","target":["https:\/\/www.electroluxprofessional.com\/fr\/equipement-cuisine\/refrigeration\/"]}]},{"@type":"BreadcrumbList","@id":"https:\/\/www.electroluxprofessional.com\/fr\/equipement-cuisine\/refrigeration\/#breadcrumb","itemListElement":[{"@type":"ListItem","position":1,"name":"Home","item":"https:\/\/www.electroluxprofessional.com\/fr\/"},{"@type":"ListItem","position":2,"name":"Mat\u00e9riel de cuisine professionnel","item":"https:\/\/www.electroluxprofessional.com\/fr\/equipement-cuisine\/"},{"@type":"ListItem","position":3,"name":"Mat\u00e9riel r\u00e9frig\u00e9r\u00e9 professionnel"}]},{"@type":"WebSite","@id":"https:\/\/www.electroluxprofessional.com\/fr\/#website","url":"https:\/\/www.electroluxprofessional.com\/fr\/","name":"Electrolux Professional France","description":"","potentialAction":[{"@type":"SearchAction","target":{"@type":"EntryPoint","urlTemplate":"https:\/\/www.electroluxprofessional.com\/fr\/?src={search_term_string}"},"query-input":"required name=search_term_string"}],"inLanguage":"fr-FR"}]}},"_links":{"self":[{"href":"https:\/\/www.electroluxprofessional.com\/fr\/wp-json\/wp\/v2\/pages\/2917"}],"collection":[{"href":"https:\/\/www.electroluxprofessional.com\/fr\/wp-json\/wp\/v2\/pages"}],"about":[{"href":"https:\/\/www.electroluxprofessional.com\/fr\/wp-json\/wp\/v2\/types\/page"}],"author":[{"embeddable":true,"href":"https:\/\/www.electroluxprofessional.com\/fr\/wp-json\/wp\/v2\/users\/4"}],"replies":[{"embeddable":true,"href":"https:\/\/www.electroluxprofessional.com\/fr\/wp-json\/wp\/v2\/comments?post=2917"}],"version-history":[{"count":26,"href":"https:\/\/www.electroluxprofessional.com\/fr\/wp-json\/wp\/v2\/pages\/2917\/revisions"}],"predecessor-version":[{"id":30762,"href":"https:\/\/www.electroluxprofessional.com\/fr\/wp-json\/wp\/v2\/pages\/2917\/revisions\/30762"}],"up":[{"embeddable":true,"href":"https:\/\/www.electroluxprofessional.com\/fr\/wp-json\/wp\/v2\/pages\/2100"}],"wp:attachment":[{"href":"https:\/\/www.electroluxprofessional.com\/fr\/wp-json\/wp\/v2\/media?parent=2917"}],"curies":[{"name":"wp","href":"https:\/\/api.w.org\/{rel}","templated":true}]}}