{"id":29064,"date":"2025-11-04T10:07:45","date_gmt":"2025-11-04T10:07:45","guid":{"rendered":"https:\/\/www.electroluxprofessional.com\/fr\/?page_id=29064"},"modified":"2025-11-10T16:09:34","modified_gmt":"2025-11-10T16:09:34","slug":"cuisson-modulaire-lavenir-est-deja-la","status":"publish","type":"page","link":"https:\/\/www.electroluxprofessional.com\/fr\/cuisson-modulaire-lavenir-est-deja-la\/","title":{"rendered":"Cuisson modulaire : l&#8217;avenir est d\u00e9j\u00e0 l\u00e0"},"content":{"rendered":"<p>[vc_row][vc_column][elx_heading font_size=&#8221;h3&#8243; text_color=&#8221;inherit&#8221; text_align=&#8221;text-center&#8221;]Inscrivez-vous pour d\u00e9couvrir la gamme en avant-premi\u00e8re<\/p>\n<p>Soyez le premier \u00e0 d\u00e9couvrir nos nouveaux produits.[\/elx_heading][elx_o2000_contact_us s=&#8221;Demander un acc\u00e8s \u00e0 la cuisson modulaire e-XP \u2013 Phase de pr\u00e9commande.&#8221; campaign=&#8221;701SX00000Tgl0EYAR&#8221; flag_hide_request_type=&#8221;true&#8221; b=&#8221;food&#8221; container=&#8221;elxcontactus1466429401&#8243; r=&#8221;Je suis int\u00e9r\u00e9ss\u00e9(e) par la pr\u00e9commande de la gamme de cuisson modulaire e-XP&#8221;][\/vc_column][\/vc_row]<\/p>\n","protected":false},"excerpt":{"rendered":"<p>[vc_row][vc_column][elx_heading font_size=&#8221;h3&#8243; text_color=&#8221;inherit&#8221; text_align=&#8221;text-center&#8221;]Inscrivez-vous pour d\u00e9couvrir la gamme en avant-premi\u00e8re Soyez le premier \u00e0 d\u00e9couvrir nos nouveaux produits.[\/elx_heading][elx_o2000_contact_us s=&#8221;Demander un acc\u00e8s \u00e0 la cuisson modulaire e-XP \u2013 Phase de pr\u00e9commande.&#8221; campaign=&#8221;701SX00000Tgl0EYAR&#8221; flag_hide_request_type=&#8221;true&#8221; b=&#8221;food&#8221; container=&#8221;elxcontactus1466429401&#8243; r=&#8221;Je suis int\u00e9r\u00e9ss\u00e9(e) par la pr\u00e9commande de la gamme de cuisson modulaire e-XP&#8221;][\/vc_column][\/vc_row]<\/p>\n","protected":false},"author":642,"featured_media":0,"parent":0,"menu_order":0,"comment_status":"closed","ping_status":"closed","template":"template-retargeting.php","meta":{"footnotes":""},"class_list":["post-29064","page","type-page","status-publish","hentry"],"acf":[],"yoast_head":"<!-- This site is optimized with the Yoast SEO plugin v23.3 - https:\/\/yoast.com\/wordpress\/plugins\/seo\/ -->\n<title>Cuisson modulaire : l&#039;avenir est d\u00e9j\u00e0 l\u00e0 | Electrolux Professional France<\/title>\n<meta name=\"robots\" content=\"index, follow, max-snippet:-1, max-image-preview:large, max-video-preview:-1\" \/>\n<link rel=\"canonical\" href=\"https:\/\/www.electroluxprofessional.com\/fr\/cuisson-modulaire-lavenir-est-deja-la\/\" \/>\n<meta property=\"og:locale\" content=\"fr_FR\" \/>\n<meta property=\"og:type\" content=\"article\" \/>\n<meta property=\"og:title\" content=\"Cuisson modulaire : l&#039;avenir est d\u00e9j\u00e0 l\u00e0 | Electrolux Professional France\" \/>\n<meta property=\"og:description\" content=\"[vc_row][vc_column][elx_heading font_size=&#8221;h3&#8243; text_color=&#8221;inherit&#8221; text_align=&#8221;text-center&#8221;]Inscrivez-vous pour d\u00e9couvrir la gamme en avant-premi\u00e8re Soyez le premier \u00e0 d\u00e9couvrir nos nouveaux produits.[\/elx_heading][elx_o2000_contact_us s=&#8221;Demander un acc\u00e8s \u00e0 la cuisson modulaire e-XP \u2013 Phase de pr\u00e9commande.&#8221; campaign=&#8221;701SX00000Tgl0EYAR&#8221; flag_hide_request_type=&#8221;true&#8221; b=&#8221;food&#8221; container=&#8221;elxcontactus1466429401&#8243; r=&#8221;Je suis int\u00e9r\u00e9ss\u00e9(e) par la pr\u00e9commande de la gamme de cuisson modulaire e-XP&#8221;][\/vc_column][\/vc_row]\" \/>\n<meta property=\"og:url\" content=\"https:\/\/www.electroluxprofessional.com\/fr\/cuisson-modulaire-lavenir-est-deja-la\/\" \/>\n<meta property=\"og:site_name\" content=\"Electrolux Professional France\" \/>\n<meta property=\"article:modified_time\" content=\"2025-11-10T16:09:34+00:00\" \/>\n<meta name=\"twitter:card\" content=\"summary_large_image\" \/>\n<meta name=\"twitter:label1\" content=\"Dur\u00e9e de lecture estim\u00e9e\" \/>\n\t<meta name=\"twitter:data1\" content=\"1 minute\" \/>\n<script type=\"application\/ld+json\" class=\"yoast-schema-graph\">{\"@context\":\"https:\/\/schema.org\",\"@graph\":[{\"@type\":\"WebPage\",\"@id\":\"https:\/\/www.electroluxprofessional.com\/fr\/cuisson-modulaire-lavenir-est-deja-la\/\",\"url\":\"https:\/\/www.electroluxprofessional.com\/fr\/cuisson-modulaire-lavenir-est-deja-la\/\",\"name\":\"Cuisson modulaire : l'avenir est d\u00e9j\u00e0 l\u00e0 | Electrolux Professional France\",\"isPartOf\":{\"@id\":\"https:\/\/www.electroluxprofessional.com\/fr\/#website\"},\"datePublished\":\"2025-11-04T10:07:45+00:00\",\"dateModified\":\"2025-11-10T16:09:34+00:00\",\"breadcrumb\":{\"@id\":\"https:\/\/www.electroluxprofessional.com\/fr\/cuisson-modulaire-lavenir-est-deja-la\/#breadcrumb\"},\"inLanguage\":\"fr-FR\",\"potentialAction\":[{\"@type\":\"ReadAction\",\"target\":[\"https:\/\/www.electroluxprofessional.com\/fr\/cuisson-modulaire-lavenir-est-deja-la\/\"]}]},{\"@type\":\"BreadcrumbList\",\"@id\":\"https:\/\/www.electroluxprofessional.com\/fr\/cuisson-modulaire-lavenir-est-deja-la\/#breadcrumb\",\"itemListElement\":[{\"@type\":\"ListItem\",\"position\":1,\"name\":\"Home\",\"item\":\"https:\/\/www.electroluxprofessional.com\/fr\/\"},{\"@type\":\"ListItem\",\"position\":2,\"name\":\"Cuisson modulaire : l&#8217;avenir est d\u00e9j\u00e0 l\u00e0\"}]},{\"@type\":\"WebSite\",\"@id\":\"https:\/\/www.electroluxprofessional.com\/fr\/#website\",\"url\":\"https:\/\/www.electroluxprofessional.com\/fr\/\",\"name\":\"Electrolux Professional France\",\"description\":\"\",\"potentialAction\":[{\"@type\":\"SearchAction\",\"target\":{\"@type\":\"EntryPoint\",\"urlTemplate\":\"https:\/\/www.electroluxprofessional.com\/fr\/?src={search_term_string}\"},\"query-input\":\"required name=search_term_string\"}],\"inLanguage\":\"fr-FR\"}]}<\/script>\n<!-- \/ Yoast SEO plugin. -->","yoast_head_json":{"title":"Cuisson modulaire : l'avenir est d\u00e9j\u00e0 l\u00e0 | Electrolux Professional France","robots":{"index":"index","follow":"follow","max-snippet":"max-snippet:-1","max-image-preview":"max-image-preview:large","max-video-preview":"max-video-preview:-1"},"canonical":"https:\/\/www.electroluxprofessional.com\/fr\/cuisson-modulaire-lavenir-est-deja-la\/","og_locale":"fr_FR","og_type":"article","og_title":"Cuisson modulaire : l'avenir est d\u00e9j\u00e0 l\u00e0 | Electrolux Professional France","og_description":"[vc_row][vc_column][elx_heading font_size=&#8221;h3&#8243; text_color=&#8221;inherit&#8221; text_align=&#8221;text-center&#8221;]Inscrivez-vous pour d\u00e9couvrir la gamme en avant-premi\u00e8re Soyez le premier \u00e0 d\u00e9couvrir nos nouveaux produits.[\/elx_heading][elx_o2000_contact_us s=&#8221;Demander un acc\u00e8s \u00e0 la cuisson modulaire e-XP \u2013 Phase de pr\u00e9commande.&#8221; campaign=&#8221;701SX00000Tgl0EYAR&#8221; flag_hide_request_type=&#8221;true&#8221; b=&#8221;food&#8221; container=&#8221;elxcontactus1466429401&#8243; r=&#8221;Je suis int\u00e9r\u00e9ss\u00e9(e) par la pr\u00e9commande de la gamme de cuisson modulaire e-XP&#8221;][\/vc_column][\/vc_row]","og_url":"https:\/\/www.electroluxprofessional.com\/fr\/cuisson-modulaire-lavenir-est-deja-la\/","og_site_name":"Electrolux Professional France","article_modified_time":"2025-11-10T16:09:34+00:00","twitter_card":"summary_large_image","twitter_misc":{"Dur\u00e9e de lecture estim\u00e9e":"1 minute"},"schema":{"@context":"https:\/\/schema.org","@graph":[{"@type":"WebPage","@id":"https:\/\/www.electroluxprofessional.com\/fr\/cuisson-modulaire-lavenir-est-deja-la\/","url":"https:\/\/www.electroluxprofessional.com\/fr\/cuisson-modulaire-lavenir-est-deja-la\/","name":"Cuisson modulaire : l'avenir est d\u00e9j\u00e0 l\u00e0 | Electrolux Professional France","isPartOf":{"@id":"https:\/\/www.electroluxprofessional.com\/fr\/#website"},"datePublished":"2025-11-04T10:07:45+00:00","dateModified":"2025-11-10T16:09:34+00:00","breadcrumb":{"@id":"https:\/\/www.electroluxprofessional.com\/fr\/cuisson-modulaire-lavenir-est-deja-la\/#breadcrumb"},"inLanguage":"fr-FR","potentialAction":[{"@type":"ReadAction","target":["https:\/\/www.electroluxprofessional.com\/fr\/cuisson-modulaire-lavenir-est-deja-la\/"]}]},{"@type":"BreadcrumbList","@id":"https:\/\/www.electroluxprofessional.com\/fr\/cuisson-modulaire-lavenir-est-deja-la\/#breadcrumb","itemListElement":[{"@type":"ListItem","position":1,"name":"Home","item":"https:\/\/www.electroluxprofessional.com\/fr\/"},{"@type":"ListItem","position":2,"name":"Cuisson modulaire : l&#8217;avenir est d\u00e9j\u00e0 l\u00e0"}]},{"@type":"WebSite","@id":"https:\/\/www.electroluxprofessional.com\/fr\/#website","url":"https:\/\/www.electroluxprofessional.com\/fr\/","name":"Electrolux Professional France","description":"","potentialAction":[{"@type":"SearchAction","target":{"@type":"EntryPoint","urlTemplate":"https:\/\/www.electroluxprofessional.com\/fr\/?src={search_term_string}"},"query-input":"required name=search_term_string"}],"inLanguage":"fr-FR"}]}},"_links":{"self":[{"href":"https:\/\/www.electroluxprofessional.com\/fr\/wp-json\/wp\/v2\/pages\/29064"}],"collection":[{"href":"https:\/\/www.electroluxprofessional.com\/fr\/wp-json\/wp\/v2\/pages"}],"about":[{"href":"https:\/\/www.electroluxprofessional.com\/fr\/wp-json\/wp\/v2\/types\/page"}],"author":[{"embeddable":true,"href":"https:\/\/www.electroluxprofessional.com\/fr\/wp-json\/wp\/v2\/users\/642"}],"replies":[{"embeddable":true,"href":"https:\/\/www.electroluxprofessional.com\/fr\/wp-json\/wp\/v2\/comments?post=29064"}],"version-history":[{"count":8,"href":"https:\/\/www.electroluxprofessional.com\/fr\/wp-json\/wp\/v2\/pages\/29064\/revisions"}],"predecessor-version":[{"id":29187,"href":"https:\/\/www.electroluxprofessional.com\/fr\/wp-json\/wp\/v2\/pages\/29064\/revisions\/29187"}],"wp:attachment":[{"href":"https:\/\/www.electroluxprofessional.com\/fr\/wp-json\/wp\/v2\/media?parent=29064"}],"curies":[{"name":"wp","href":"https:\/\/api.w.org\/{rel}","templated":true}]}}