{"id":2849,"date":"2017-02-28T10:14:13","date_gmt":"2017-02-28T10:14:13","guid":{"rendered":"https:\/\/www.electroluxprofessional.com\/fr\/?page_id=2849"},"modified":"2026-04-13T10:58:30","modified_gmt":"2026-04-13T10:58:30","slug":"salamandres-et-autres-cuissons","status":"publish","type":"page","link":"https:\/\/www.electroluxprofessional.com\/fr\/equipement-cuisine\/cuisson-divers\/salamandres-et-autres-cuissons\/","title":{"rendered":"Salamandres et autres cuissons"},"content":{"rendered":"<p>[vc_row full_width=&#8221;electroluxpro-full-width-no-padding&#8221;][vc_column][elx_image_block background_image=&#8221;11134&#8243; minimum_height=&#8221;350px&#8221;][\/vc_column][\/vc_row][vc_row][vc_column][elx_heading font_container=&#8221;h1&#8243; font_size=&#8221;h3&#8243; text_color=&#8221;inherit&#8221;]Salamandres et \u00c9quipements de Cuisson Sp\u00e9cialis\u00e9s[\/elx_heading][vc_column_text]Les salamandres Electrolux Professional chauffent rapidement et sont simples \u00e0 utiliser.<br \/>\nDorer, gratiner, cuire, r\u00e9chauffer et garder au chaud.[\/vc_column_text][\/vc_column][\/vc_row][vc_row][vc_column][vc_empty_space][\/vc_column][\/vc_row][vc_row][vc_column width=&#8221;1\/2&#8243;][vc_single_image image=&#8221;13153&#8243; img_size=&#8221;full&#8221;][\/vc_column][vc_column width=&#8221;1\/2&#8243;][elx_heading font_size=&#8221;h3&#8243; text_color=&#8221;inherit&#8221;]Flexibilit\u00e9 ultra rapide [\/elx_heading][elx_heading font_container=&#8221;h3&#8243; font_size=&#8221;h5&#8243; text_color=&#8221;inherit&#8221;]Le moyen rapide d&#8217;obtenir des r\u00e9sultats parfaits [\/elx_heading][vc_column_text]<span style=\"font-weight: 400;\">Les a\u00e9rations dans la partie sup\u00e9rieure permettent <strong>une meilleure ventilation et une r\u00e9duction de la chaleur<\/strong>. La plaque chauffante est r\u00e9glable avec un syst\u00e8me de rail extr\u00eamement lisse. Un bouton de commande intuitif vous permet de r\u00e9gler facilement l\u2019heure et de la voir sur l\u2019affichage num\u00e9rique. <\/span>[\/vc_column_text][elx_heading font_container=&#8221;h3&#8243; font_size=&#8221;h5&#8243; text_color=&#8221;inherit&#8221;]Commencez et arr\u00eatez de cuisiner \u00e0 tout moment [\/elx_heading][vc_column_text]<span style=\"font-weight: 400;\">Barre de d\u00e9tection de plaque \u00e0 commande tactile :<strong> elle active automatiquement les \u00e9l\u00e9ments chauffants au contact de la vaisselle<\/strong>.\u00a0\u00c9conomisez sur les co\u00fbts d&#8217;\u00e9nergie et r\u00e9duisez la chaleur dans votre cuisine.<\/span>[\/vc_column_text][\/vc_column][\/vc_row][vc_row][vc_column][elx_heading font_container=&#8221;h3&#8243; font_size=&#8221;h5&#8243; text_color=&#8221;inherit&#8221;]R\u00e9duire les co\u00fbts de chaleur et d&#8217;\u00e9nergie [\/elx_heading][vc_column_text]Avec <strong>deux zones de cuisson ind\u00e9pendantes<\/strong>, vous pouvez placer votre plat sous le panneau en vitroc\u00e9ramique tout en n\u2019allumant que la moiti\u00e9 de celui-ci. Travaillez en toute flexibilit\u00e9. La salamandre ne chauffe que la partie dont vous avez besoin.[\/vc_column_text][vc_empty_space][elx_heading font_size=&#8221;h3&#8243; text_color=&#8221;inherit&#8221; text_align=&#8221;text-left&#8221;]Envie d\u2019en savoir plus ? Contactez-nous ![\/elx_heading][elx_o2000_contact_us s=&#8221;Demande d&#8217;informations sur les salamandres&#8221; country=&#8221;France&#8221; container=&#8221;elxcontactus1486048409&#8243; r=&#8221;Bonjour, je souhaite davantage d&#8217;informations sur les salamandres. Merci de me recontacter.&#8221; l=&#8221;fr&#8221; e=&#8221;professionnel@electrolux.com&#8221;][vc_empty_space][\/vc_column][\/vc_row]<\/p>\n","protected":false},"excerpt":{"rendered":"<p>[vc_row full_width=&#8221;electroluxpro-full-width-no-padding&#8221;][vc_column][elx_image_block background_image=&#8221;11134&#8243; minimum_height=&#8221;350px&#8221;][\/vc_column][\/vc_row][vc_row][vc_column][elx_heading font_container=&#8221;h1&#8243; font_size=&#8221;h3&#8243; text_color=&#8221;inherit&#8221;]Salamandres et \u00c9quipements de Cuisson Sp\u00e9cialis\u00e9s[\/elx_heading][vc_column_text]Les salamandres Electrolux Professional chauffent rapidement et sont simples \u00e0 utiliser. Dorer, gratiner, cuire, r\u00e9chauffer et garder au chaud.[\/vc_column_text][\/vc_column][\/vc_row][vc_row][vc_column][vc_empty_space][\/vc_column][\/vc_row][vc_row][vc_column width=&#8221;1\/2&#8243;][vc_single_image image=&#8221;13153&#8243; img_size=&#8221;full&#8221;][\/vc_column][vc_column width=&#8221;1\/2&#8243;][elx_heading font_size=&#8221;h3&#8243; text_color=&#8221;inherit&#8221;]Flexibilit\u00e9 ultra rapide [\/elx_heading][elx_heading font_container=&#8221;h3&#8243; font_size=&#8221;h5&#8243; text_color=&#8221;inherit&#8221;]Le moyen rapide d&#8217;obtenir des r\u00e9sultats parfaits [\/elx_heading][vc_column_text]Les a\u00e9rations dans la partie sup\u00e9rieure permettent [&hellip;]<\/p>\n","protected":false},"author":4,"featured_media":0,"parent":2844,"menu_order":0,"comment_status":"closed","ping_status":"closed","template":"","meta":{"footnotes":""},"class_list":["post-2849","page","type-page","status-publish","hentry"],"acf":[],"yoast_head":"<!-- This site is optimized with the Yoast SEO plugin v23.3 - https:\/\/yoast.com\/wordpress\/plugins\/seo\/ -->\n<title>Salamandres Professionnelles | Electrolux Professional<\/title>\n<meta name=\"description\" content=\"D\u00e9couvrez nos salamandres professionnelles : chauffage rapide, gratinage et dorure. \u00c9quipements de cuisson performants pour cuisines professionnelles.\" \/>\n<meta name=\"robots\" content=\"index, follow, max-snippet:-1, max-image-preview:large, max-video-preview:-1\" \/>\n<link rel=\"canonical\" href=\"https:\/\/www.electroluxprofessional.com\/fr\/equipement-cuisine\/cuisson-divers\/salamandres-et-autres-cuissons\/\" \/>\n<meta property=\"og:locale\" content=\"fr_FR\" \/>\n<meta property=\"og:type\" content=\"article\" \/>\n<meta property=\"og:title\" content=\"Salamandres Professionnelles | Electrolux Professional\" \/>\n<meta property=\"og:description\" content=\"D\u00e9couvrez nos salamandres professionnelles : chauffage rapide, gratinage et dorure. \u00c9quipements de cuisson performants pour cuisines professionnelles.\" \/>\n<meta property=\"og:url\" content=\"https:\/\/www.electroluxprofessional.com\/fr\/equipement-cuisine\/cuisson-divers\/salamandres-et-autres-cuissons\/\" \/>\n<meta property=\"og:site_name\" content=\"Electrolux Professional France\" \/>\n<meta property=\"article:modified_time\" content=\"2026-04-13T10:58:30+00:00\" \/>\n<meta name=\"twitter:card\" content=\"summary_large_image\" \/>\n<meta name=\"twitter:label1\" content=\"Dur\u00e9e de lecture estim\u00e9e\" \/>\n\t<meta name=\"twitter:data1\" content=\"2 minutes\" \/>\n<script type=\"application\/ld+json\" class=\"yoast-schema-graph\">{\"@context\":\"https:\/\/schema.org\",\"@graph\":[{\"@type\":\"WebPage\",\"@id\":\"https:\/\/www.electroluxprofessional.com\/fr\/equipement-cuisine\/cuisson-divers\/salamandres-et-autres-cuissons\/\",\"url\":\"https:\/\/www.electroluxprofessional.com\/fr\/equipement-cuisine\/cuisson-divers\/salamandres-et-autres-cuissons\/\",\"name\":\"Salamandres Professionnelles | Electrolux Professional\",\"isPartOf\":{\"@id\":\"https:\/\/www.electroluxprofessional.com\/fr\/#website\"},\"datePublished\":\"2017-02-28T10:14:13+00:00\",\"dateModified\":\"2026-04-13T10:58:30+00:00\",\"description\":\"D\u00e9couvrez nos salamandres professionnelles : chauffage rapide, gratinage et dorure. \u00c9quipements de cuisson performants pour cuisines professionnelles.\",\"breadcrumb\":{\"@id\":\"https:\/\/www.electroluxprofessional.com\/fr\/equipement-cuisine\/cuisson-divers\/salamandres-et-autres-cuissons\/#breadcrumb\"},\"inLanguage\":\"fr-FR\",\"potentialAction\":[{\"@type\":\"ReadAction\",\"target\":[\"https:\/\/www.electroluxprofessional.com\/fr\/equipement-cuisine\/cuisson-divers\/salamandres-et-autres-cuissons\/\"]}]},{\"@type\":\"BreadcrumbList\",\"@id\":\"https:\/\/www.electroluxprofessional.com\/fr\/equipement-cuisine\/cuisson-divers\/salamandres-et-autres-cuissons\/#breadcrumb\",\"itemListElement\":[{\"@type\":\"ListItem\",\"position\":1,\"name\":\"Home\",\"item\":\"https:\/\/www.electroluxprofessional.com\/fr\/\"},{\"@type\":\"ListItem\",\"position\":2,\"name\":\"Mat\u00e9riel de cuisine professionnel\",\"item\":\"https:\/\/www.electroluxprofessional.com\/fr\/equipement-cuisine\/\"},{\"@type\":\"ListItem\",\"position\":3,\"name\":\"Cuisson divers\",\"item\":\"https:\/\/www.electroluxprofessional.com\/fr\/equipement-cuisine\/cuisson-divers\/\"},{\"@type\":\"ListItem\",\"position\":4,\"name\":\"Salamandres et autres cuissons\"}]},{\"@type\":\"WebSite\",\"@id\":\"https:\/\/www.electroluxprofessional.com\/fr\/#website\",\"url\":\"https:\/\/www.electroluxprofessional.com\/fr\/\",\"name\":\"Electrolux Professional France\",\"description\":\"\",\"potentialAction\":[{\"@type\":\"SearchAction\",\"target\":{\"@type\":\"EntryPoint\",\"urlTemplate\":\"https:\/\/www.electroluxprofessional.com\/fr\/?src={search_term_string}\"},\"query-input\":\"required name=search_term_string\"}],\"inLanguage\":\"fr-FR\"}]}<\/script>\n<!-- \/ Yoast SEO plugin. -->","yoast_head_json":{"title":"Salamandres Professionnelles | Electrolux Professional","description":"D\u00e9couvrez nos salamandres professionnelles : chauffage rapide, gratinage et dorure. \u00c9quipements de cuisson performants pour cuisines professionnelles.","robots":{"index":"index","follow":"follow","max-snippet":"max-snippet:-1","max-image-preview":"max-image-preview:large","max-video-preview":"max-video-preview:-1"},"canonical":"https:\/\/www.electroluxprofessional.com\/fr\/equipement-cuisine\/cuisson-divers\/salamandres-et-autres-cuissons\/","og_locale":"fr_FR","og_type":"article","og_title":"Salamandres Professionnelles | Electrolux Professional","og_description":"D\u00e9couvrez nos salamandres professionnelles : chauffage rapide, gratinage et dorure. \u00c9quipements de cuisson performants pour cuisines professionnelles.","og_url":"https:\/\/www.electroluxprofessional.com\/fr\/equipement-cuisine\/cuisson-divers\/salamandres-et-autres-cuissons\/","og_site_name":"Electrolux Professional France","article_modified_time":"2026-04-13T10:58:30+00:00","twitter_card":"summary_large_image","twitter_misc":{"Dur\u00e9e de lecture estim\u00e9e":"2 minutes"},"schema":{"@context":"https:\/\/schema.org","@graph":[{"@type":"WebPage","@id":"https:\/\/www.electroluxprofessional.com\/fr\/equipement-cuisine\/cuisson-divers\/salamandres-et-autres-cuissons\/","url":"https:\/\/www.electroluxprofessional.com\/fr\/equipement-cuisine\/cuisson-divers\/salamandres-et-autres-cuissons\/","name":"Salamandres Professionnelles | Electrolux Professional","isPartOf":{"@id":"https:\/\/www.electroluxprofessional.com\/fr\/#website"},"datePublished":"2017-02-28T10:14:13+00:00","dateModified":"2026-04-13T10:58:30+00:00","description":"D\u00e9couvrez nos salamandres professionnelles : chauffage rapide, gratinage et dorure. \u00c9quipements de cuisson performants pour cuisines professionnelles.","breadcrumb":{"@id":"https:\/\/www.electroluxprofessional.com\/fr\/equipement-cuisine\/cuisson-divers\/salamandres-et-autres-cuissons\/#breadcrumb"},"inLanguage":"fr-FR","potentialAction":[{"@type":"ReadAction","target":["https:\/\/www.electroluxprofessional.com\/fr\/equipement-cuisine\/cuisson-divers\/salamandres-et-autres-cuissons\/"]}]},{"@type":"BreadcrumbList","@id":"https:\/\/www.electroluxprofessional.com\/fr\/equipement-cuisine\/cuisson-divers\/salamandres-et-autres-cuissons\/#breadcrumb","itemListElement":[{"@type":"ListItem","position":1,"name":"Home","item":"https:\/\/www.electroluxprofessional.com\/fr\/"},{"@type":"ListItem","position":2,"name":"Mat\u00e9riel de cuisine professionnel","item":"https:\/\/www.electroluxprofessional.com\/fr\/equipement-cuisine\/"},{"@type":"ListItem","position":3,"name":"Cuisson divers","item":"https:\/\/www.electroluxprofessional.com\/fr\/equipement-cuisine\/cuisson-divers\/"},{"@type":"ListItem","position":4,"name":"Salamandres et autres cuissons"}]},{"@type":"WebSite","@id":"https:\/\/www.electroluxprofessional.com\/fr\/#website","url":"https:\/\/www.electroluxprofessional.com\/fr\/","name":"Electrolux Professional France","description":"","potentialAction":[{"@type":"SearchAction","target":{"@type":"EntryPoint","urlTemplate":"https:\/\/www.electroluxprofessional.com\/fr\/?src={search_term_string}"},"query-input":"required name=search_term_string"}],"inLanguage":"fr-FR"}]}},"_links":{"self":[{"href":"https:\/\/www.electroluxprofessional.com\/fr\/wp-json\/wp\/v2\/pages\/2849"}],"collection":[{"href":"https:\/\/www.electroluxprofessional.com\/fr\/wp-json\/wp\/v2\/pages"}],"about":[{"href":"https:\/\/www.electroluxprofessional.com\/fr\/wp-json\/wp\/v2\/types\/page"}],"author":[{"embeddable":true,"href":"https:\/\/www.electroluxprofessional.com\/fr\/wp-json\/wp\/v2\/users\/4"}],"replies":[{"embeddable":true,"href":"https:\/\/www.electroluxprofessional.com\/fr\/wp-json\/wp\/v2\/comments?post=2849"}],"version-history":[{"count":16,"href":"https:\/\/www.electroluxprofessional.com\/fr\/wp-json\/wp\/v2\/pages\/2849\/revisions"}],"predecessor-version":[{"id":32016,"href":"https:\/\/www.electroluxprofessional.com\/fr\/wp-json\/wp\/v2\/pages\/2849\/revisions\/32016"}],"up":[{"embeddable":true,"href":"https:\/\/www.electroluxprofessional.com\/fr\/wp-json\/wp\/v2\/pages\/2844"}],"wp:attachment":[{"href":"https:\/\/www.electroluxprofessional.com\/fr\/wp-json\/wp\/v2\/media?parent=2849"}],"curies":[{"name":"wp","href":"https:\/\/api.w.org\/{rel}","templated":true}]}}