{"id":2844,"date":"2017-02-28T10:06:51","date_gmt":"2017-02-28T10:06:51","guid":{"rendered":"https:\/\/www.electroluxprofessional.com\/fr\/?page_id=2844"},"modified":"2026-03-07T08:01:49","modified_gmt":"2026-03-07T08:01:49","slug":"cuisson-divers","status":"publish","type":"page","link":"https:\/\/www.electroluxprofessional.com\/fr\/equipement-cuisine\/cuisson-divers\/","title":{"rendered":"Cuisson divers"},"content":{"rendered":"<p>[vc_row][vc_column][vc_column_text]<\/p>\n<h1 style=\"text-align: center;\">Cuisson divers<\/h1>\n<p style=\"text-align: center;\">La gamme\u00a0<strong>braisi\u00e8res et marmites d&#8217;Electrolux Professional <\/strong>a sp\u00e9cialement \u00e9t\u00e9 cr\u00e9\u00e9e pour<strong> les cuissons \u00e0 haut rendement, <\/strong>r\u00e9pondant \u00e0 la demande des h\u00f4tels, h\u00f4pitaux, cuisines centrales, soci\u00e9t\u00e9s de restauration&#8230;.<\/p>\n<p style=\"text-align: center;\">La gamme compl\u00e8te permet d&#8217;obtenir les meilleurs r\u00e9sultats de cuisson en termes de saveurs, de coloration et de conservation des vitamines, sans alt\u00e9rer la valeur nutritionnelle des denr\u00e9es. Les l\u00e9gumes, en particulier, peuvent \u00eatre cuits sans eau, gardant ainsi toute leurs substances aromatiques, min\u00e9rales ainsi que leurs vitamines.<\/p>\n<p style=\"text-align: center;\">Durant la cuisson sous pression, la braisi\u00e8re vous assure <strong>une r\u00e9duction du temps de cuisson tout comme une \u00e9conomie d&#8217;\u00e9nergie.<\/strong><\/p>\n<p style=\"text-align: center;\"><img loading=\"lazy\" decoding=\"async\" class=\"aligncenter wp-image-2845 size-full\" src=\"https:\/\/www.electroluxprofessional.com\/fr\/wp-content\/uploads\/2017\/02\/cuisson-divers.jpg\" alt=\"cuisson-divers\" width=\"399\" height=\"252\" srcset=\"https:\/\/www.electroluxprofessional.com\/fr\/wp-content\/uploads\/2017\/02\/cuisson-divers.jpg 399w, https:\/\/www.electroluxprofessional.com\/fr\/wp-content\/uploads\/2017\/02\/cuisson-divers-300x189.jpg 300w\" sizes=\"(max-width: 399px) 100vw, 399px\" \/><\/p>\n<p>[\/vc_column_text][\/vc_column][\/vc_row]<\/p>\n","protected":false},"excerpt":{"rendered":"<p>[vc_row][vc_column][vc_column_text] Cuisson divers La gamme\u00a0braisi\u00e8res et marmites d&#8217;Electrolux Professional a sp\u00e9cialement \u00e9t\u00e9 cr\u00e9\u00e9e pour les cuissons \u00e0 haut rendement, r\u00e9pondant \u00e0 la demande des h\u00f4tels, h\u00f4pitaux, cuisines centrales, soci\u00e9t\u00e9s de restauration&#8230;. La gamme compl\u00e8te permet d&#8217;obtenir les meilleurs r\u00e9sultats de cuisson en termes de saveurs, de coloration et de conservation des vitamines, sans alt\u00e9rer la [&hellip;]<\/p>\n","protected":false},"author":4,"featured_media":0,"parent":2100,"menu_order":0,"comment_status":"closed","ping_status":"closed","template":"","meta":{"footnotes":""},"class_list":["post-2844","page","type-page","status-publish","hentry"],"acf":[],"yoast_head":"<!-- This site is optimized with the Yoast SEO plugin v23.3 - https:\/\/yoast.com\/wordpress\/plugins\/seo\/ -->\n<title>Cuisson divers | Electrolux Professional<\/title>\n<meta name=\"description\" content=\"Electrolux Professional pr\u00e9sente sa gamme de marmites \u00e9lectriques adapt\u00e9es \u00e0 la cuisine professionnelle avec capacit\u00e9s allant de 50 \u00e0 300 litres.\" \/>\n<meta name=\"robots\" content=\"index, follow, max-snippet:-1, max-image-preview:large, max-video-preview:-1\" \/>\n<link rel=\"canonical\" href=\"https:\/\/www.electroluxprofessional.com\/fr\/equipement-cuisine\/cuisson-divers\/\" \/>\n<meta property=\"og:locale\" content=\"fr_FR\" \/>\n<meta property=\"og:type\" content=\"article\" \/>\n<meta property=\"og:title\" content=\"Cuisson divers | Electrolux Professional\" \/>\n<meta property=\"og:description\" content=\"Electrolux Professional pr\u00e9sente sa gamme de marmites \u00e9lectriques adapt\u00e9es \u00e0 la cuisine professionnelle avec capacit\u00e9s allant de 50 \u00e0 300 litres.\" \/>\n<meta property=\"og:url\" content=\"https:\/\/www.electroluxprofessional.com\/fr\/equipement-cuisine\/cuisson-divers\/\" \/>\n<meta property=\"og:site_name\" content=\"Electrolux Professional France\" \/>\n<meta property=\"article:modified_time\" content=\"2026-03-07T08:01:49+00:00\" \/>\n<meta property=\"og:image\" content=\"https:\/\/www.electroluxprofessional.com\/fr\/wp-content\/uploads\/2017\/02\/cuisson-divers.jpg\" \/>\n<meta name=\"twitter:card\" content=\"summary_large_image\" \/>\n<meta name=\"twitter:label1\" content=\"Dur\u00e9e de lecture estim\u00e9e\" \/>\n\t<meta name=\"twitter:data1\" content=\"1 minute\" \/>\n<script type=\"application\/ld+json\" class=\"yoast-schema-graph\">{\"@context\":\"https:\/\/schema.org\",\"@graph\":[{\"@type\":\"WebPage\",\"@id\":\"https:\/\/www.electroluxprofessional.com\/fr\/equipement-cuisine\/cuisson-divers\/\",\"url\":\"https:\/\/www.electroluxprofessional.com\/fr\/equipement-cuisine\/cuisson-divers\/\",\"name\":\"Cuisson divers | Electrolux Professional\",\"isPartOf\":{\"@id\":\"https:\/\/www.electroluxprofessional.com\/fr\/#website\"},\"primaryImageOfPage\":{\"@id\":\"https:\/\/www.electroluxprofessional.com\/fr\/equipement-cuisine\/cuisson-divers\/#primaryimage\"},\"image\":{\"@id\":\"https:\/\/www.electroluxprofessional.com\/fr\/equipement-cuisine\/cuisson-divers\/#primaryimage\"},\"thumbnailUrl\":\"https:\/\/www.electroluxprofessional.com\/fr\/wp-content\/uploads\/2017\/02\/cuisson-divers.jpg\",\"datePublished\":\"2017-02-28T10:06:51+00:00\",\"dateModified\":\"2026-03-07T08:01:49+00:00\",\"description\":\"Electrolux Professional pr\u00e9sente sa gamme de marmites \u00e9lectriques adapt\u00e9es \u00e0 la cuisine professionnelle avec capacit\u00e9s allant de 50 \u00e0 300 litres.\",\"breadcrumb\":{\"@id\":\"https:\/\/www.electroluxprofessional.com\/fr\/equipement-cuisine\/cuisson-divers\/#breadcrumb\"},\"inLanguage\":\"fr-FR\",\"potentialAction\":[{\"@type\":\"ReadAction\",\"target\":[\"https:\/\/www.electroluxprofessional.com\/fr\/equipement-cuisine\/cuisson-divers\/\"]}]},{\"@type\":\"ImageObject\",\"inLanguage\":\"fr-FR\",\"@id\":\"https:\/\/www.electroluxprofessional.com\/fr\/equipement-cuisine\/cuisson-divers\/#primaryimage\",\"url\":\"https:\/\/www.electroluxprofessional.com\/fr\/wp-content\/uploads\/2017\/02\/cuisson-divers.jpg\",\"contentUrl\":\"https:\/\/www.electroluxprofessional.com\/fr\/wp-content\/uploads\/2017\/02\/cuisson-divers.jpg\",\"width\":399,\"height\":252,\"caption\":\"cuisson-divers\"},{\"@type\":\"BreadcrumbList\",\"@id\":\"https:\/\/www.electroluxprofessional.com\/fr\/equipement-cuisine\/cuisson-divers\/#breadcrumb\",\"itemListElement\":[{\"@type\":\"ListItem\",\"position\":1,\"name\":\"Home\",\"item\":\"https:\/\/www.electroluxprofessional.com\/fr\/\"},{\"@type\":\"ListItem\",\"position\":2,\"name\":\"Mat\u00e9riel de cuisine professionnel &#8211; Electrolux Professional\",\"item\":\"https:\/\/www.electroluxprofessional.com\/fr\/equipement-cuisine\/\"},{\"@type\":\"ListItem\",\"position\":3,\"name\":\"Cuisson divers\"}]},{\"@type\":\"WebSite\",\"@id\":\"https:\/\/www.electroluxprofessional.com\/fr\/#website\",\"url\":\"https:\/\/www.electroluxprofessional.com\/fr\/\",\"name\":\"Electrolux Professional France\",\"description\":\"\",\"potentialAction\":[{\"@type\":\"SearchAction\",\"target\":{\"@type\":\"EntryPoint\",\"urlTemplate\":\"https:\/\/www.electroluxprofessional.com\/fr\/?src={search_term_string}\"},\"query-input\":\"required name=search_term_string\"}],\"inLanguage\":\"fr-FR\"}]}<\/script>\n<!-- \/ Yoast SEO plugin. -->","yoast_head_json":{"title":"Cuisson divers | Electrolux Professional","description":"Electrolux Professional pr\u00e9sente sa gamme de marmites \u00e9lectriques adapt\u00e9es \u00e0 la cuisine professionnelle avec capacit\u00e9s allant de 50 \u00e0 300 litres.","robots":{"index":"index","follow":"follow","max-snippet":"max-snippet:-1","max-image-preview":"max-image-preview:large","max-video-preview":"max-video-preview:-1"},"canonical":"https:\/\/www.electroluxprofessional.com\/fr\/equipement-cuisine\/cuisson-divers\/","og_locale":"fr_FR","og_type":"article","og_title":"Cuisson divers | Electrolux Professional","og_description":"Electrolux Professional pr\u00e9sente sa gamme de marmites \u00e9lectriques adapt\u00e9es \u00e0 la cuisine professionnelle avec capacit\u00e9s allant de 50 \u00e0 300 litres.","og_url":"https:\/\/www.electroluxprofessional.com\/fr\/equipement-cuisine\/cuisson-divers\/","og_site_name":"Electrolux Professional France","article_modified_time":"2026-03-07T08:01:49+00:00","og_image":[{"url":"https:\/\/www.electroluxprofessional.com\/fr\/wp-content\/uploads\/2017\/02\/cuisson-divers.jpg"}],"twitter_card":"summary_large_image","twitter_misc":{"Dur\u00e9e de lecture estim\u00e9e":"1 minute"},"schema":{"@context":"https:\/\/schema.org","@graph":[{"@type":"WebPage","@id":"https:\/\/www.electroluxprofessional.com\/fr\/equipement-cuisine\/cuisson-divers\/","url":"https:\/\/www.electroluxprofessional.com\/fr\/equipement-cuisine\/cuisson-divers\/","name":"Cuisson divers | Electrolux Professional","isPartOf":{"@id":"https:\/\/www.electroluxprofessional.com\/fr\/#website"},"primaryImageOfPage":{"@id":"https:\/\/www.electroluxprofessional.com\/fr\/equipement-cuisine\/cuisson-divers\/#primaryimage"},"image":{"@id":"https:\/\/www.electroluxprofessional.com\/fr\/equipement-cuisine\/cuisson-divers\/#primaryimage"},"thumbnailUrl":"https:\/\/www.electroluxprofessional.com\/fr\/wp-content\/uploads\/2017\/02\/cuisson-divers.jpg","datePublished":"2017-02-28T10:06:51+00:00","dateModified":"2026-03-07T08:01:49+00:00","description":"Electrolux Professional pr\u00e9sente sa gamme de marmites \u00e9lectriques adapt\u00e9es \u00e0 la cuisine professionnelle avec capacit\u00e9s allant de 50 \u00e0 300 litres.","breadcrumb":{"@id":"https:\/\/www.electroluxprofessional.com\/fr\/equipement-cuisine\/cuisson-divers\/#breadcrumb"},"inLanguage":"fr-FR","potentialAction":[{"@type":"ReadAction","target":["https:\/\/www.electroluxprofessional.com\/fr\/equipement-cuisine\/cuisson-divers\/"]}]},{"@type":"ImageObject","inLanguage":"fr-FR","@id":"https:\/\/www.electroluxprofessional.com\/fr\/equipement-cuisine\/cuisson-divers\/#primaryimage","url":"https:\/\/www.electroluxprofessional.com\/fr\/wp-content\/uploads\/2017\/02\/cuisson-divers.jpg","contentUrl":"https:\/\/www.electroluxprofessional.com\/fr\/wp-content\/uploads\/2017\/02\/cuisson-divers.jpg","width":399,"height":252,"caption":"cuisson-divers"},{"@type":"BreadcrumbList","@id":"https:\/\/www.electroluxprofessional.com\/fr\/equipement-cuisine\/cuisson-divers\/#breadcrumb","itemListElement":[{"@type":"ListItem","position":1,"name":"Home","item":"https:\/\/www.electroluxprofessional.com\/fr\/"},{"@type":"ListItem","position":2,"name":"Mat\u00e9riel de cuisine professionnel &#8211; Electrolux Professional","item":"https:\/\/www.electroluxprofessional.com\/fr\/equipement-cuisine\/"},{"@type":"ListItem","position":3,"name":"Cuisson divers"}]},{"@type":"WebSite","@id":"https:\/\/www.electroluxprofessional.com\/fr\/#website","url":"https:\/\/www.electroluxprofessional.com\/fr\/","name":"Electrolux Professional France","description":"","potentialAction":[{"@type":"SearchAction","target":{"@type":"EntryPoint","urlTemplate":"https:\/\/www.electroluxprofessional.com\/fr\/?src={search_term_string}"},"query-input":"required name=search_term_string"}],"inLanguage":"fr-FR"}]}},"_links":{"self":[{"href":"https:\/\/www.electroluxprofessional.com\/fr\/wp-json\/wp\/v2\/pages\/2844"}],"collection":[{"href":"https:\/\/www.electroluxprofessional.com\/fr\/wp-json\/wp\/v2\/pages"}],"about":[{"href":"https:\/\/www.electroluxprofessional.com\/fr\/wp-json\/wp\/v2\/types\/page"}],"author":[{"embeddable":true,"href":"https:\/\/www.electroluxprofessional.com\/fr\/wp-json\/wp\/v2\/users\/4"}],"replies":[{"embeddable":true,"href":"https:\/\/www.electroluxprofessional.com\/fr\/wp-json\/wp\/v2\/comments?post=2844"}],"version-history":[{"count":3,"href":"https:\/\/www.electroluxprofessional.com\/fr\/wp-json\/wp\/v2\/pages\/2844\/revisions"}],"predecessor-version":[{"id":30758,"href":"https:\/\/www.electroluxprofessional.com\/fr\/wp-json\/wp\/v2\/pages\/2844\/revisions\/30758"}],"up":[{"embeddable":true,"href":"https:\/\/www.electroluxprofessional.com\/fr\/wp-json\/wp\/v2\/pages\/2100"}],"wp:attachment":[{"href":"https:\/\/www.electroluxprofessional.com\/fr\/wp-json\/wp\/v2\/media?parent=2844"}],"curies":[{"name":"wp","href":"https:\/\/api.w.org\/{rel}","templated":true}]}}