{"id":2837,"date":"2017-02-28T10:00:42","date_gmt":"2017-02-28T10:00:42","guid":{"rendered":"https:\/\/www.electroluxprofessional.com\/fr\/?page_id=2837"},"modified":"2019-04-17T07:51:49","modified_gmt":"2019-04-17T07:51:49","slug":"thermaline-modular-90","status":"publish","type":"page","link":"https:\/\/www.electroluxprofessional.com\/fr\/equipement-cuisine\/thermaline\/thermaline-modular-90\/","title":{"rendered":"Thermaline modulaire 90"},"content":{"rendered":"<p>[vc_row full_width=&#8221;electroluxpro-full-width-no-padding&#8221;][vc_column][vc_single_image image=&#8221;6559&#8243; img_size=&#8221;2000*580&#8243;][\/vc_column][\/vc_row][vc_row][vc_column][elx_heading font_container=&#8221;h1&#8243; font_size=&#8221;h3&#8243; text_color=&#8221;inherit&#8221; text_align=&#8221;text-left&#8221;]Thermaline, l\u2019excellence Suisse pour des cuisines sur-mesure.<br \/>\n[\/elx_heading][vc_column_text]<\/p>\n<h5>Thermaline est la solution de cuisson haut de gamme pour votre cuisine professionnelle.<br \/>\nC\u2019est aussi un savoir-faire, une expertise et une technologie de pointe, dont l\u2019histoire Suisse remonte \u00e0 1871.<\/h5>\n<p>[\/vc_column_text][\/vc_column][\/vc_row][vc_row][vc_column width=&#8221;2\/3&#8243;][vc_empty_space height=&#8221;50px&#8221;][vc_single_image image=&#8221;6560&#8243; img_size=&#8221;full&#8221; alignment=&#8221;center&#8221;][\/vc_column][vc_column width=&#8221;1\/3&#8243;][elx_heading font_size=&#8221;h5&#8243; text_color=&#8221;inherit&#8221;]Avec Thermaline, cr\u00e9ez votre cuisine id\u00e9ale[\/elx_heading][vc_column_text]<span style=\"font-weight: 400;\">La gamme Thermaline est con\u00e7ue pour devenir le partenaire de chaque grand chef, r\u00e9pondant aux exigences des h\u00f4tels 5 \u00e9toiles et des restaurants gastronomiques, qui souhaitent allier derni\u00e8res technologies et design.<\/span>[\/vc_column_text][elx_heading font_size=&#8221;h5&#8243; text_color=&#8221;inherit&#8221;]R\u00e9compens\u00e9e pour son design unique[\/elx_heading][vc_column_text]<\/p>\n<div class=\"homepage-content-wrap\">\n<div class=\"tlid-source-target main-header small-font\">\n<div class=\"source-target-row\">\n<div class=\"tlid-results-container results-container\">\n<div class=\"tlid-result result-dict-wrapper\">\n<div class=\"result\">\n<div class=\"text-wrap\">\n<div class=\"result-shield-container\"><span style=\"font-weight: 400;\">La gamme Thermaline a remport\u00e9 le Red Dot Design Award en 2014, l\u2019une des r\u00e9compenses les plus reconnues \u00e0 travers le monde en mati\u00e8re de design. <\/span><\/div>\n<\/div>\n<div class=\"tlid-result-transliteration-container result-transliteration-container transliteration-container\"><\/div>\n<\/div>\n<\/div>\n<\/div>\n<\/div>\n<\/div>\n<\/div>\n<div class=\"gp-footer\"><\/div>\n<p>[\/vc_column_text][\/vc_column][\/vc_row][vc_row][vc_column][vc_empty_space][elx_heading font_container=&#8221;h1&#8243; font_size=&#8221;h3&#8243; text_color=&#8221;inherit&#8221; text_align=&#8221;text-left&#8221;]Production, Pr\u00e9cision et Tradition. Depuis 1871.[\/elx_heading][vc_column_text]<\/p>\n<div class=\"homepage-content-wrap\">\n<div class=\"tlid-source-target main-header small-font\">\n<div class=\"source-target-row\">\n<div class=\"tlid-results-container results-container\">\n<div class=\"tlid-result result-dict-wrapper\">\n<div class=\"result\">\n<div class=\"text-wrap\">\n<div class=\"result-shield-container\"><span class=\"TextRun SCXP145764780 BCX0\" lang=\"FR-FR\" xml:lang=\"FR-FR\" data-contrast=\"none\"><span class=\"NormalTextRun SCXP145764780 BCX0\">La gamme\u00a0<\/span><span class=\"SpellingError SCXP145764780 BCX0\">Thermaline<\/span><span class=\"NormalTextRun SCXP145764780 BCX0\">\u00a0est compos\u00e9e d&#8217;\u00e9quipements \u00e0 la pointe de la\u00a0<\/span><\/span><span class=\"TextRun SCXP145764780 BCX0\" lang=\"FR-FR\" xml:lang=\"FR-FR\" data-contrast=\"none\"><span class=\"NormalTextRun SCXP145764780 BCX0\">technologie. Ultra-performants au design innovant et ergonomique,\u00a0<\/span><\/span><span class=\"TextRun SCXP145764780 BCX0\" lang=\"FR-FR\" xml:lang=\"FR-FR\" data-contrast=\"none\"><span class=\"NormalTextRun SCXP145764780 BCX0\">la\u00a0<\/span><span class=\"SpellingError SCXP145764780 BCX0\">thermaline<\/span><span class=\"NormalTextRun SCXP145764780 BCX0\">\u00a0est n\u00e9e du savoir-faire de professionnels passionn\u00e9s et\u00a0<\/span><\/span><span class=\"TextRun SCXP145764780 BCX0\" lang=\"FR-FR\" xml:lang=\"FR-FR\" data-contrast=\"none\"><span class=\"NormalTextRun SCXP145764780 BCX0\">d&#8217;une longue exp\u00e9rience de plus d&#8217;un si\u00e8cle de l&#8217;industrie.\u00a0<\/span><\/span><\/div>\n<\/div>\n<div class=\"tlid-result-transliteration-container result-transliteration-container transliteration-container\"><\/div>\n<\/div>\n<\/div>\n<\/div>\n<\/div>\n<\/div>\n<\/div>\n<div class=\"gp-footer\"><\/div>\n<p>[\/vc_column_text][\/vc_column][\/vc_row][vc_row][vc_column][elx_heading font_container=&#8221;h1&#8243; font_size=&#8221;h3&#8243; text_color=&#8221;inherit&#8221; text_align=&#8221;text-left&#8221;]Envie d&#8217;en savoir plus ? Contactez-nous ![\/elx_heading][elx_o2000_contact_us r=&#8221;Je souhaite avoir des informations sur la gamme Thermaline&#8221; s=&#8221;Demande d&#8217;informations : Thermaline&#8221; e=&#8221;professionnel@electrolux.com&#8221; country=&#8221;France&#8221; l=&#8221;fr&#8221;][vc_empty_space][elx_heading font_size=&#8221;h3&#8243; text_color=&#8221;inherit&#8221; text_align=&#8221;text-center&#8221;]D\u00e9couvrez la gamme Thermaline modulaire 90[\/elx_heading][\/vc_column][\/vc_row]<\/p>\n","protected":false},"excerpt":{"rendered":"<p>[vc_row full_width=&#8221;electroluxpro-full-width-no-padding&#8221;][vc_column][vc_single_image image=&#8221;6559&#8243; img_size=&#8221;2000*580&#8243;][\/vc_column][\/vc_row][vc_row][vc_column][elx_heading font_container=&#8221;h1&#8243; font_size=&#8221;h3&#8243; text_color=&#8221;inherit&#8221; text_align=&#8221;text-left&#8221;]Thermaline, l\u2019excellence Suisse pour des cuisines sur-mesure. [\/elx_heading][vc_column_text] Thermaline est la solution de cuisson haut de gamme pour votre cuisine professionnelle. C\u2019est aussi un savoir-faire, une expertise et une technologie de pointe, dont l\u2019histoire Suisse remonte \u00e0 1871. [\/vc_column_text][\/vc_column][\/vc_row][vc_row][vc_column width=&#8221;2\/3&#8243;][vc_empty_space height=&#8221;50px&#8221;][vc_single_image image=&#8221;6560&#8243; img_size=&#8221;full&#8221; alignment=&#8221;center&#8221;][\/vc_column][vc_column width=&#8221;1\/3&#8243;][elx_heading font_size=&#8221;h5&#8243; text_color=&#8221;inherit&#8221;]Avec Thermaline, [&hellip;]<\/p>\n","protected":false},"author":4,"featured_media":0,"parent":4312,"menu_order":0,"comment_status":"closed","ping_status":"closed","template":"","meta":{"footnotes":""},"class_list":["post-2837","page","type-page","status-publish","hentry"],"acf":[],"yoast_head":"<!-- This site is optimized with the Yoast SEO plugin v23.3 - https:\/\/yoast.com\/wordpress\/plugins\/seo\/ -->\n<title>Thermaline modulaire 90 | Electrolux Professional France<\/title>\n<meta name=\"robots\" content=\"index, follow, max-snippet:-1, max-image-preview:large, max-video-preview:-1\" \/>\n<link rel=\"canonical\" href=\"https:\/\/www.electroluxprofessional.com\/fr\/equipement-cuisine\/thermaline\/\" \/>\n<meta property=\"og:locale\" content=\"fr_FR\" \/>\n<meta property=\"og:type\" content=\"article\" \/>\n<meta property=\"og:title\" content=\"Thermaline modulaire 90 | Electrolux Professional France\" \/>\n<meta property=\"og:description\" content=\"[vc_row full_width=&#8221;electroluxpro-full-width-no-padding&#8221;][vc_column][vc_single_image image=&#8221;6559&#8243; img_size=&#8221;2000*580&#8243;][\/vc_column][\/vc_row][vc_row][vc_column][elx_heading font_container=&#8221;h1&#8243; font_size=&#8221;h3&#8243; text_color=&#8221;inherit&#8221; text_align=&#8221;text-left&#8221;]Thermaline, l\u2019excellence Suisse pour des cuisines sur-mesure. [\/elx_heading][vc_column_text] Thermaline est la solution de cuisson haut de gamme pour votre cuisine professionnelle. C\u2019est aussi un savoir-faire, une expertise et une technologie de pointe, dont l\u2019histoire Suisse remonte \u00e0 1871. [\/vc_column_text][\/vc_column][\/vc_row][vc_row][vc_column width=&#8221;2\/3&#8243;][vc_empty_space height=&#8221;50px&#8221;][vc_single_image image=&#8221;6560&#8243; img_size=&#8221;full&#8221; alignment=&#8221;center&#8221;][\/vc_column][vc_column width=&#8221;1\/3&#8243;][elx_heading font_size=&#8221;h5&#8243; text_color=&#8221;inherit&#8221;]Avec Thermaline, [&hellip;]\" \/>\n<meta property=\"og:url\" content=\"https:\/\/www.electroluxprofessional.com\/fr\/equipement-cuisine\/thermaline\/\" \/>\n<meta property=\"og:site_name\" content=\"Electrolux Professional France\" \/>\n<meta property=\"article:modified_time\" content=\"2019-04-17T07:51:49+00:00\" \/>\n<meta name=\"twitter:card\" content=\"summary_large_image\" \/>\n<meta name=\"twitter:label1\" content=\"Dur\u00e9e de lecture estim\u00e9e\" \/>\n\t<meta name=\"twitter:data1\" content=\"2 minutes\" \/>\n<script type=\"application\/ld+json\" class=\"yoast-schema-graph\">{\"@context\":\"https:\/\/schema.org\",\"@graph\":[{\"@type\":\"WebPage\",\"@id\":\"https:\/\/www.electroluxprofessional.com\/fr\/equipement-cuisine\/thermaline\/thermaline-modular-90\/\",\"url\":\"https:\/\/www.electroluxprofessional.com\/fr\/equipement-cuisine\/thermaline\/\",\"name\":\"Thermaline modulaire 90 | Electrolux Professional France\",\"isPartOf\":{\"@id\":\"https:\/\/www.electroluxprofessional.com\/fr\/#website\"},\"datePublished\":\"2017-02-28T10:00:42+00:00\",\"dateModified\":\"2019-04-17T07:51:49+00:00\",\"breadcrumb\":{\"@id\":\"https:\/\/www.electroluxprofessional.com\/fr\/equipement-cuisine\/thermaline\/#breadcrumb\"},\"inLanguage\":\"fr-FR\",\"potentialAction\":[{\"@type\":\"ReadAction\",\"target\":[\"https:\/\/www.electroluxprofessional.com\/fr\/equipement-cuisine\/thermaline\/\"]}]},{\"@type\":\"BreadcrumbList\",\"@id\":\"https:\/\/www.electroluxprofessional.com\/fr\/equipement-cuisine\/thermaline\/#breadcrumb\",\"itemListElement\":[{\"@type\":\"ListItem\",\"position\":1,\"name\":\"Home\",\"item\":\"https:\/\/www.electroluxprofessional.com\/fr\/\"},{\"@type\":\"ListItem\",\"position\":2,\"name\":\"Mat\u00e9riel de cuisine professionnel &#8211; Electrolux Professional\",\"item\":\"https:\/\/www.electroluxprofessional.com\/fr\/equipement-cuisine\/\"},{\"@type\":\"ListItem\",\"position\":3,\"name\":\"Thermaline\",\"item\":\"https:\/\/www.electroluxprofessional.com\/fr\/equipement-cuisine\/thermaline\/\"},{\"@type\":\"ListItem\",\"position\":4,\"name\":\"Thermaline modulaire 90\"}]},{\"@type\":\"WebSite\",\"@id\":\"https:\/\/www.electroluxprofessional.com\/fr\/#website\",\"url\":\"https:\/\/www.electroluxprofessional.com\/fr\/\",\"name\":\"Electrolux Professional France\",\"description\":\"\",\"potentialAction\":[{\"@type\":\"SearchAction\",\"target\":{\"@type\":\"EntryPoint\",\"urlTemplate\":\"https:\/\/www.electroluxprofessional.com\/fr\/?src={search_term_string}\"},\"query-input\":\"required name=search_term_string\"}],\"inLanguage\":\"fr-FR\"}]}<\/script>\n<!-- \/ Yoast SEO plugin. -->","yoast_head_json":{"title":"Thermaline modulaire 90 | Electrolux Professional France","robots":{"index":"index","follow":"follow","max-snippet":"max-snippet:-1","max-image-preview":"max-image-preview:large","max-video-preview":"max-video-preview:-1"},"canonical":"https:\/\/www.electroluxprofessional.com\/fr\/equipement-cuisine\/thermaline\/","og_locale":"fr_FR","og_type":"article","og_title":"Thermaline modulaire 90 | Electrolux Professional France","og_description":"[vc_row full_width=&#8221;electroluxpro-full-width-no-padding&#8221;][vc_column][vc_single_image image=&#8221;6559&#8243; img_size=&#8221;2000*580&#8243;][\/vc_column][\/vc_row][vc_row][vc_column][elx_heading font_container=&#8221;h1&#8243; font_size=&#8221;h3&#8243; text_color=&#8221;inherit&#8221; text_align=&#8221;text-left&#8221;]Thermaline, l\u2019excellence Suisse pour des cuisines sur-mesure. [\/elx_heading][vc_column_text] Thermaline est la solution de cuisson haut de gamme pour votre cuisine professionnelle. C\u2019est aussi un savoir-faire, une expertise et une technologie de pointe, dont l\u2019histoire Suisse remonte \u00e0 1871. [\/vc_column_text][\/vc_column][\/vc_row][vc_row][vc_column width=&#8221;2\/3&#8243;][vc_empty_space height=&#8221;50px&#8221;][vc_single_image image=&#8221;6560&#8243; img_size=&#8221;full&#8221; alignment=&#8221;center&#8221;][\/vc_column][vc_column width=&#8221;1\/3&#8243;][elx_heading font_size=&#8221;h5&#8243; text_color=&#8221;inherit&#8221;]Avec Thermaline, [&hellip;]","og_url":"https:\/\/www.electroluxprofessional.com\/fr\/equipement-cuisine\/thermaline\/","og_site_name":"Electrolux Professional France","article_modified_time":"2019-04-17T07:51:49+00:00","twitter_card":"summary_large_image","twitter_misc":{"Dur\u00e9e de lecture estim\u00e9e":"2 minutes"},"schema":{"@context":"https:\/\/schema.org","@graph":[{"@type":"WebPage","@id":"https:\/\/www.electroluxprofessional.com\/fr\/equipement-cuisine\/thermaline\/thermaline-modular-90\/","url":"https:\/\/www.electroluxprofessional.com\/fr\/equipement-cuisine\/thermaline\/","name":"Thermaline modulaire 90 | Electrolux Professional France","isPartOf":{"@id":"https:\/\/www.electroluxprofessional.com\/fr\/#website"},"datePublished":"2017-02-28T10:00:42+00:00","dateModified":"2019-04-17T07:51:49+00:00","breadcrumb":{"@id":"https:\/\/www.electroluxprofessional.com\/fr\/equipement-cuisine\/thermaline\/#breadcrumb"},"inLanguage":"fr-FR","potentialAction":[{"@type":"ReadAction","target":["https:\/\/www.electroluxprofessional.com\/fr\/equipement-cuisine\/thermaline\/"]}]},{"@type":"BreadcrumbList","@id":"https:\/\/www.electroluxprofessional.com\/fr\/equipement-cuisine\/thermaline\/#breadcrumb","itemListElement":[{"@type":"ListItem","position":1,"name":"Home","item":"https:\/\/www.electroluxprofessional.com\/fr\/"},{"@type":"ListItem","position":2,"name":"Mat\u00e9riel de cuisine professionnel &#8211; Electrolux Professional","item":"https:\/\/www.electroluxprofessional.com\/fr\/equipement-cuisine\/"},{"@type":"ListItem","position":3,"name":"Thermaline","item":"https:\/\/www.electroluxprofessional.com\/fr\/equipement-cuisine\/thermaline\/"},{"@type":"ListItem","position":4,"name":"Thermaline modulaire 90"}]},{"@type":"WebSite","@id":"https:\/\/www.electroluxprofessional.com\/fr\/#website","url":"https:\/\/www.electroluxprofessional.com\/fr\/","name":"Electrolux Professional France","description":"","potentialAction":[{"@type":"SearchAction","target":{"@type":"EntryPoint","urlTemplate":"https:\/\/www.electroluxprofessional.com\/fr\/?src={search_term_string}"},"query-input":"required name=search_term_string"}],"inLanguage":"fr-FR"}]}},"_links":{"self":[{"href":"https:\/\/www.electroluxprofessional.com\/fr\/wp-json\/wp\/v2\/pages\/2837"}],"collection":[{"href":"https:\/\/www.electroluxprofessional.com\/fr\/wp-json\/wp\/v2\/pages"}],"about":[{"href":"https:\/\/www.electroluxprofessional.com\/fr\/wp-json\/wp\/v2\/types\/page"}],"author":[{"embeddable":true,"href":"https:\/\/www.electroluxprofessional.com\/fr\/wp-json\/wp\/v2\/users\/4"}],"replies":[{"embeddable":true,"href":"https:\/\/www.electroluxprofessional.com\/fr\/wp-json\/wp\/v2\/comments?post=2837"}],"version-history":[{"count":3,"href":"https:\/\/www.electroluxprofessional.com\/fr\/wp-json\/wp\/v2\/pages\/2837\/revisions"}],"predecessor-version":[{"id":7744,"href":"https:\/\/www.electroluxprofessional.com\/fr\/wp-json\/wp\/v2\/pages\/2837\/revisions\/7744"}],"up":[{"embeddable":true,"href":"https:\/\/www.electroluxprofessional.com\/fr\/wp-json\/wp\/v2\/pages\/4312"}],"wp:attachment":[{"href":"https:\/\/www.electroluxprofessional.com\/fr\/wp-json\/wp\/v2\/media?parent=2837"}],"curies":[{"name":"wp","href":"https:\/\/api.w.org\/{rel}","templated":true}]}}