{"id":2833,"date":"2017-02-28T09:55:49","date_gmt":"2017-02-28T09:55:49","guid":{"rendered":"https:\/\/www.electroluxprofessional.com\/fr\/?page_id=2833"},"modified":"2025-05-21T06:48:15","modified_gmt":"2025-05-21T06:48:15","slug":"cuisson-modulaire","status":"publish","type":"page","link":"https:\/\/www.electroluxprofessional.com\/fr\/equipement-cuisine\/cuisson-modulaire\/","title":{"rendered":"Cuisson modulaire"},"content":{"rendered":"<p>[vc_row][vc_column][vc_column_text]<\/p>\n<h1 style=\"text-align: center;\">La passion de la cuisine<\/h1>\n<p style=\"text-align: center;\">Les fourneaux sont une partie int\u00e9grale de votre cuisine professionnelle<\/p>\n<p style=\"text-align: center;\">Avec les fourneaux Electrolux, vous obtenez de d\u00e9licieux r\u00e9sultats, associ\u00e9s \u00e0 un design raffin\u00e9 et \u00e0 une flexibilit\u00e9 totale. Une performance exceptionnelle dans le respect de l&#8217;environnement.<\/p>\n<p style=\"text-align: center;\">Les fourneaux Electrolux sont repr\u00e9sent\u00e9s par diff\u00e9rentes gammes de produits, selon vos besoins sp\u00e9cifiques.<\/p>\n<p style=\"text-align: center;\">Nous offrons une large s\u00e9lection de gammes et de fonctions, \u00e9lectrique ou gaz. D\u00e9couvrez-les sur la page suivante.<\/p>\n<p style=\"text-align: center;\">Electrolux vous assure des r\u00e9sultats de qualit\u00e9 \u00e0 tout moment et sur toutes les gammes.<\/p>\n<p style=\"text-align: center;\"><img loading=\"lazy\" decoding=\"async\" class=\"aligncenter wp-image-2834 size-full\" src=\"https:\/\/www.electroluxprofessional.com\/fr\/wp-content\/uploads\/2017\/02\/cuisson-modulaire.jpg\" alt=\"cuisson-modulaire\" width=\"621\" height=\"297\" srcset=\"https:\/\/www.electroluxprofessional.com\/fr\/wp-content\/uploads\/2017\/02\/cuisson-modulaire.jpg 621w, https:\/\/www.electroluxprofessional.com\/fr\/wp-content\/uploads\/2017\/02\/cuisson-modulaire-300x143.jpg 300w\" sizes=\"(max-width: 621px) 100vw, 621px\" \/><\/p>\n<p>[\/vc_column_text][\/vc_column][\/vc_row]<\/p>\n","protected":false},"excerpt":{"rendered":"<p>[vc_row][vc_column][vc_column_text] La passion de la cuisine Les fourneaux sont une partie int\u00e9grale de votre cuisine professionnelle Avec les fourneaux Electrolux, vous obtenez de d\u00e9licieux r\u00e9sultats, associ\u00e9s \u00e0 un design raffin\u00e9 et \u00e0 une flexibilit\u00e9 totale. Une performance exceptionnelle dans le respect de l&#8217;environnement. Les fourneaux Electrolux sont repr\u00e9sent\u00e9s par diff\u00e9rentes gammes de produits, selon vos [&hellip;]<\/p>\n","protected":false},"author":4,"featured_media":0,"parent":2100,"menu_order":0,"comment_status":"closed","ping_status":"closed","template":"","meta":{"footnotes":""},"class_list":["post-2833","page","type-page","status-publish","hentry"],"acf":[],"yoast_head":"<!-- This site is optimized with the Yoast SEO plugin v23.3 - https:\/\/yoast.com\/wordpress\/plugins\/seo\/ -->\n<title>Cuisson modulaire | Electrolux Professional France<\/title>\n<meta name=\"description\" content=\"Les fourneaux Electrolux offrent une conception intuitive, une temp\u00e9rature pr\u00e9cise et s\u00e9curit\u00e9 pour une cuisine facile et efficace.\" \/>\n<meta name=\"robots\" content=\"index, follow, max-snippet:-1, max-image-preview:large, max-video-preview:-1\" \/>\n<link rel=\"canonical\" href=\"https:\/\/www.electroluxprofessional.com\/fr\/equipement-cuisine\/cuisson-modulaire\/\" \/>\n<meta property=\"og:locale\" content=\"fr_FR\" \/>\n<meta property=\"og:type\" content=\"article\" \/>\n<meta property=\"og:title\" content=\"Cuisson modulaire | Electrolux Professional France\" \/>\n<meta property=\"og:description\" content=\"Les fourneaux Electrolux offrent une conception intuitive, une temp\u00e9rature pr\u00e9cise et s\u00e9curit\u00e9 pour une cuisine facile et efficace.\" \/>\n<meta property=\"og:url\" content=\"https:\/\/www.electroluxprofessional.com\/fr\/equipement-cuisine\/cuisson-modulaire\/\" \/>\n<meta property=\"og:site_name\" content=\"Electrolux Professional France\" \/>\n<meta property=\"article:modified_time\" content=\"2025-05-21T06:48:15+00:00\" \/>\n<meta property=\"og:image\" content=\"https:\/\/www.electroluxprofessional.com\/fr\/wp-content\/uploads\/2017\/02\/cuisson-modulaire.jpg\" \/>\n<meta name=\"twitter:card\" content=\"summary_large_image\" \/>\n<meta name=\"twitter:label1\" content=\"Dur\u00e9e de lecture estim\u00e9e\" \/>\n\t<meta name=\"twitter:data1\" content=\"1 minute\" \/>\n<script type=\"application\/ld+json\" class=\"yoast-schema-graph\">{\"@context\":\"https:\/\/schema.org\",\"@graph\":[{\"@type\":\"WebPage\",\"@id\":\"https:\/\/www.electroluxprofessional.com\/fr\/equipement-cuisine\/cuisson-modulaire\/\",\"url\":\"https:\/\/www.electroluxprofessional.com\/fr\/equipement-cuisine\/cuisson-modulaire\/\",\"name\":\"Cuisson modulaire | Electrolux Professional France\",\"isPartOf\":{\"@id\":\"https:\/\/www.electroluxprofessional.com\/fr\/#website\"},\"primaryImageOfPage\":{\"@id\":\"https:\/\/www.electroluxprofessional.com\/fr\/equipement-cuisine\/cuisson-modulaire\/#primaryimage\"},\"image\":{\"@id\":\"https:\/\/www.electroluxprofessional.com\/fr\/equipement-cuisine\/cuisson-modulaire\/#primaryimage\"},\"thumbnailUrl\":\"https:\/\/www.electroluxprofessional.com\/fr\/wp-content\/uploads\/2017\/02\/cuisson-modulaire.jpg\",\"datePublished\":\"2017-02-28T09:55:49+00:00\",\"dateModified\":\"2025-05-21T06:48:15+00:00\",\"description\":\"Les fourneaux Electrolux offrent une conception intuitive, une temp\u00e9rature pr\u00e9cise et s\u00e9curit\u00e9 pour une cuisine facile et efficace.\",\"breadcrumb\":{\"@id\":\"https:\/\/www.electroluxprofessional.com\/fr\/equipement-cuisine\/cuisson-modulaire\/#breadcrumb\"},\"inLanguage\":\"fr-FR\",\"potentialAction\":[{\"@type\":\"ReadAction\",\"target\":[\"https:\/\/www.electroluxprofessional.com\/fr\/equipement-cuisine\/cuisson-modulaire\/\"]}]},{\"@type\":\"ImageObject\",\"inLanguage\":\"fr-FR\",\"@id\":\"https:\/\/www.electroluxprofessional.com\/fr\/equipement-cuisine\/cuisson-modulaire\/#primaryimage\",\"url\":\"https:\/\/www.electroluxprofessional.com\/fr\/wp-content\/uploads\/2017\/02\/cuisson-modulaire.jpg\",\"contentUrl\":\"https:\/\/www.electroluxprofessional.com\/fr\/wp-content\/uploads\/2017\/02\/cuisson-modulaire.jpg\",\"width\":621,\"height\":297,\"caption\":\"thermaline-85\"},{\"@type\":\"BreadcrumbList\",\"@id\":\"https:\/\/www.electroluxprofessional.com\/fr\/equipement-cuisine\/cuisson-modulaire\/#breadcrumb\",\"itemListElement\":[{\"@type\":\"ListItem\",\"position\":1,\"name\":\"Home\",\"item\":\"https:\/\/www.electroluxprofessional.com\/fr\/\"},{\"@type\":\"ListItem\",\"position\":2,\"name\":\"Mat\u00e9riel de cuisine professionnel &#8211; Electrolux Professional\",\"item\":\"https:\/\/www.electroluxprofessional.com\/fr\/equipement-cuisine\/\"},{\"@type\":\"ListItem\",\"position\":3,\"name\":\"Cuisson modulaire\"}]},{\"@type\":\"WebSite\",\"@id\":\"https:\/\/www.electroluxprofessional.com\/fr\/#website\",\"url\":\"https:\/\/www.electroluxprofessional.com\/fr\/\",\"name\":\"Electrolux Professional France\",\"description\":\"\",\"potentialAction\":[{\"@type\":\"SearchAction\",\"target\":{\"@type\":\"EntryPoint\",\"urlTemplate\":\"https:\/\/www.electroluxprofessional.com\/fr\/?src={search_term_string}\"},\"query-input\":\"required name=search_term_string\"}],\"inLanguage\":\"fr-FR\"}]}<\/script>\n<!-- \/ Yoast SEO plugin. -->","yoast_head_json":{"title":"Cuisson modulaire | Electrolux Professional France","description":"Les fourneaux Electrolux offrent une conception intuitive, une temp\u00e9rature pr\u00e9cise et s\u00e9curit\u00e9 pour une cuisine facile et efficace.","robots":{"index":"index","follow":"follow","max-snippet":"max-snippet:-1","max-image-preview":"max-image-preview:large","max-video-preview":"max-video-preview:-1"},"canonical":"https:\/\/www.electroluxprofessional.com\/fr\/equipement-cuisine\/cuisson-modulaire\/","og_locale":"fr_FR","og_type":"article","og_title":"Cuisson modulaire | Electrolux Professional France","og_description":"Les fourneaux Electrolux offrent une conception intuitive, une temp\u00e9rature pr\u00e9cise et s\u00e9curit\u00e9 pour une cuisine facile et efficace.","og_url":"https:\/\/www.electroluxprofessional.com\/fr\/equipement-cuisine\/cuisson-modulaire\/","og_site_name":"Electrolux Professional France","article_modified_time":"2025-05-21T06:48:15+00:00","og_image":[{"url":"https:\/\/www.electroluxprofessional.com\/fr\/wp-content\/uploads\/2017\/02\/cuisson-modulaire.jpg"}],"twitter_card":"summary_large_image","twitter_misc":{"Dur\u00e9e de lecture estim\u00e9e":"1 minute"},"schema":{"@context":"https:\/\/schema.org","@graph":[{"@type":"WebPage","@id":"https:\/\/www.electroluxprofessional.com\/fr\/equipement-cuisine\/cuisson-modulaire\/","url":"https:\/\/www.electroluxprofessional.com\/fr\/equipement-cuisine\/cuisson-modulaire\/","name":"Cuisson modulaire | Electrolux Professional France","isPartOf":{"@id":"https:\/\/www.electroluxprofessional.com\/fr\/#website"},"primaryImageOfPage":{"@id":"https:\/\/www.electroluxprofessional.com\/fr\/equipement-cuisine\/cuisson-modulaire\/#primaryimage"},"image":{"@id":"https:\/\/www.electroluxprofessional.com\/fr\/equipement-cuisine\/cuisson-modulaire\/#primaryimage"},"thumbnailUrl":"https:\/\/www.electroluxprofessional.com\/fr\/wp-content\/uploads\/2017\/02\/cuisson-modulaire.jpg","datePublished":"2017-02-28T09:55:49+00:00","dateModified":"2025-05-21T06:48:15+00:00","description":"Les fourneaux Electrolux offrent une conception intuitive, une temp\u00e9rature pr\u00e9cise et s\u00e9curit\u00e9 pour une cuisine facile et efficace.","breadcrumb":{"@id":"https:\/\/www.electroluxprofessional.com\/fr\/equipement-cuisine\/cuisson-modulaire\/#breadcrumb"},"inLanguage":"fr-FR","potentialAction":[{"@type":"ReadAction","target":["https:\/\/www.electroluxprofessional.com\/fr\/equipement-cuisine\/cuisson-modulaire\/"]}]},{"@type":"ImageObject","inLanguage":"fr-FR","@id":"https:\/\/www.electroluxprofessional.com\/fr\/equipement-cuisine\/cuisson-modulaire\/#primaryimage","url":"https:\/\/www.electroluxprofessional.com\/fr\/wp-content\/uploads\/2017\/02\/cuisson-modulaire.jpg","contentUrl":"https:\/\/www.electroluxprofessional.com\/fr\/wp-content\/uploads\/2017\/02\/cuisson-modulaire.jpg","width":621,"height":297,"caption":"thermaline-85"},{"@type":"BreadcrumbList","@id":"https:\/\/www.electroluxprofessional.com\/fr\/equipement-cuisine\/cuisson-modulaire\/#breadcrumb","itemListElement":[{"@type":"ListItem","position":1,"name":"Home","item":"https:\/\/www.electroluxprofessional.com\/fr\/"},{"@type":"ListItem","position":2,"name":"Mat\u00e9riel de cuisine professionnel &#8211; Electrolux Professional","item":"https:\/\/www.electroluxprofessional.com\/fr\/equipement-cuisine\/"},{"@type":"ListItem","position":3,"name":"Cuisson modulaire"}]},{"@type":"WebSite","@id":"https:\/\/www.electroluxprofessional.com\/fr\/#website","url":"https:\/\/www.electroluxprofessional.com\/fr\/","name":"Electrolux Professional France","description":"","potentialAction":[{"@type":"SearchAction","target":{"@type":"EntryPoint","urlTemplate":"https:\/\/www.electroluxprofessional.com\/fr\/?src={search_term_string}"},"query-input":"required name=search_term_string"}],"inLanguage":"fr-FR"}]}},"_links":{"self":[{"href":"https:\/\/www.electroluxprofessional.com\/fr\/wp-json\/wp\/v2\/pages\/2833"}],"collection":[{"href":"https:\/\/www.electroluxprofessional.com\/fr\/wp-json\/wp\/v2\/pages"}],"about":[{"href":"https:\/\/www.electroluxprofessional.com\/fr\/wp-json\/wp\/v2\/types\/page"}],"author":[{"embeddable":true,"href":"https:\/\/www.electroluxprofessional.com\/fr\/wp-json\/wp\/v2\/users\/4"}],"replies":[{"embeddable":true,"href":"https:\/\/www.electroluxprofessional.com\/fr\/wp-json\/wp\/v2\/comments?post=2833"}],"version-history":[{"count":1,"href":"https:\/\/www.electroluxprofessional.com\/fr\/wp-json\/wp\/v2\/pages\/2833\/revisions"}],"predecessor-version":[{"id":2835,"href":"https:\/\/www.electroluxprofessional.com\/fr\/wp-json\/wp\/v2\/pages\/2833\/revisions\/2835"}],"up":[{"embeddable":true,"href":"https:\/\/www.electroluxprofessional.com\/fr\/wp-json\/wp\/v2\/pages\/2100"}],"wp:attachment":[{"href":"https:\/\/www.electroluxprofessional.com\/fr\/wp-json\/wp\/v2\/media?parent=2833"}],"curies":[{"name":"wp","href":"https:\/\/api.w.org\/{rel}","templated":true}]}}