{"id":28176,"date":"2025-08-01T11:10:44","date_gmt":"2025-08-01T11:10:44","guid":{"rendered":"https:\/\/www.electroluxprofessional.com\/fr\/?page_id=28176"},"modified":"2026-03-07T08:08:46","modified_gmt":"2026-03-07T08:08:46","slug":"zero-dechet","status":"publish","type":"page","link":"https:\/\/www.electroluxprofessional.com\/fr\/equipement-cuisine\/zero-dechet\/","title":{"rendered":"Zero D\u00e9chet"},"content":{"rendered":"<p>[vc_row full_width=&#8221;electroluxpro-full-width-no-padding&#8221;][vc_column][elx_image_block background_image=&#8221;28161&#8243; minimum_height=&#8221;400px&#8221;][vc_empty_space][\/vc_column][\/vc_row][vc_row][vc_column][elx_text_image tag_title=&#8221;h1&#8243; class_title=&#8221;h1&#8243; style_image=&#8221;image_vertical&#8221; bg_row=&#8221;bg-download-white&#8221; lists=&#8221;%5B%7B%7D%5D&#8221; values=&#8221;%5B%7B%22tag_icon_title%22%3A%22h4%22%7D%5D&#8221; single_image=&#8221;28162&#8243; title=&#8221;Z\u00e9ro D\u00e9chet : transformez les d\u00e9chets en opportunit\u00e9s d\u2019avenir&#8221;]<strong>Le gaspillage alimentaire est un enjeu mondial qui touche de nombreuses entreprises.<\/strong><br \/>\nRestaurants, cantines et supermarch\u00e9s manipulent chaque jour de grandes quantit\u00e9s de produits frais, souvent jet\u00e9s d\u00e8s qu\u2019ils d\u00e9passent leur date de p\u00e9remption.<\/p>\n<p>Chez Electrolux Professional, nous nous sommes pos\u00e9 une question simple : <strong>comment pouvons-nous agir concr\u00e8tement ?<\/strong><br \/>\nNos chefs y ont vu une opportunit\u00e9 d\u2019innover, en imaginant de nouvelles fa\u00e7ons d\u2019utiliser des ingr\u00e9dients encore parfaitement consommables.<\/p>\n<p>C\u2019est ainsi qu\u2019est n\u00e9 le programme\u00a0<strong>Zero D\u00e9chet (anti-gaspillage) <\/strong>pour d\u00e9montrer que m\u00eame les ingr\u00e9dients les plus simples et les moins co\u00fbteux \u2014 souvent gaspill\u00e9s \u2014<strong> peuvent \u00eatre transform\u00e9s en un menu gourmand et attrayant.<\/strong><\/p>\n<p><strong>Rejoignez-nous pour faire la diff\u00e9rence.<\/strong><br \/>\nAdoptez le\u00a0<strong>Zero D\u00e9chet<\/strong>\u00a0et changez votre mani\u00e8re de g\u00e9rer les aliments dans votre \u00e9tablissement.[\/elx_text_image][elx_o2000_contact_us b=&#8221;food&#8221; button_mode=&#8221;true&#8221; button_style=&#8221;secondary-bordered&#8221; postion_button=&#8221;text-left&#8221; postion_button_mobile=&#8221;text-left-mobile&#8221; text_btn_contact=&#8221;Contactez-nous&#8221;][\/vc_column][\/vc_row][vc_row][vc_column][vc_empty_space height=&#8221;60px&#8221;][elx_multiple_columns number_columns=&#8221;3&#8243; tag_title_clm=&#8221;h3&#8243; class_title_clm=&#8221;h5&#8243; bg_row=&#8221;bg-download-white&#8221; values=&#8221;%5B%7B%22image_section%22%3A%2228171%22%2C%22title_section%22%3A%22Choisissez%20vos%20ingr%C3%A9dients%22%2C%22text_section%22%3A%22Avant%20de%20les%20jeter%2C%20identifiez%20les%20ingr%C3%A9dients%20encore%20utilisables%2C%20mais%20qui%20ne%20peuvent%20plus%20%C3%AAtre%20vendus%20ou%20servis%20en%20l%E2%80%99%C3%A9tat.%22%2C%22button_style%22%3A%22secondary%22%7D%2C%7B%22image_section%22%3A%2228172%22%2C%22title_section%22%3A%22Trouver%20la%20recette%22%2C%22text_section%22%3A%22Acc%C3%A9dez%20%C3%A0%20la%20recette%20directement%20depuis%20le%20panneau%20de%20commande%20de%20votre%20four%20SkyLine.%22%2C%22button_style%22%3A%22secondary%22%7D%2C%7B%22image_section%22%3A%2228173%22%2C%22title_section%22%3A%22Lancez%20la%20cuisson%22%2C%22text_section%22%3A%22Avec%20le%20programme%20Zero%20d%C3%A9chet%20int%C3%A9gr%C3%A9%20%C3%A0%20notre%20solution%20SkyLine%20Cook%26Chill%2C%20le%20programme%20r%C3%A8gle%20automatiquement%20les%20param%C3%A8tres%20et%20le%20temps%20de%20cuisson%20pour%20la%20recette%20s%C3%A9lectionn%C3%A9e.%22%2C%22button_style%22%3A%22secondary%22%7D%2C%7B%22image_section%22%3A%2228174%22%2C%22title_section%22%3A%22R%C3%A9alisez%20des%20profits%22%2C%22text_section%22%3A%22Servez%20ou%20vendez%20les%20plats%20pr%C3%A9par%C3%A9s%20%C3%A0%20partir%20d%E2%80%99ingr%C3%A9dients%20r%C3%A9cup%C3%A9r%C3%A9s%2C%20gr%C3%A2ce%20au%20programme%20Zero%20d%C3%A9chet.%22%2C%22button_style%22%3A%22secondary%22%7D%5D&#8221; title=&#8221;R\u00e9duisez le gaspillage, valorisez vos ressources : adoptez le Zero D\u00e9chet&#8221;]Cette approche <strong>permet non seulement aux restaurateurs de r\u00e9aliser des b\u00e9n\u00e9fices significatifs, <\/strong>mais aussi <strong>de r\u00e9duire consid\u00e9rablement leur impact environnemental.<\/strong><\/p>\n<p>Nos\u00a0<strong>chefs<\/strong> sont \u00e0 l\u2019\u00e9coute et proposent des solutions sur mesure \u00e0 nos clients, avec un objectif clair : <strong>r\u00e9duire le gaspillage<\/strong>.[\/elx_multiple_columns][\/vc_column][\/vc_row][vc_row disable_element=&#8221;yes&#8221;][vc_column][vc_tta_tabs active_section=&#8221;1&#8243;][vc_tta_section title=&#8221;Pain \u00e0 la banane et aux canneberges&#8221; tab_id=&#8221;1727106018841-6e4418a2-d711&#8243;][vc_empty_space height=&#8221;50px&#8221;][elx_text_image style_image=&#8221;image_square&#8221; button_style=&#8221;secondary-bordered&#8221; bg_row=&#8221;bg-download-white&#8221; lists=&#8221;%5B%7B%7D%5D&#8221; single_image=&#8221;28163&#8243; values=&#8221;%5B%7B%22tag_icon_title%22%3A%22h4%22%7D%5D&#8221; link=&#8221;url:https%3A%2F%2Fwww.electroluxprofessional.com%2Ffr%2Frecipes%2Fzero-dechet-bana%E2%80%A6nane-canneberges%2F|title:Ouvrir%20la%20recette|target:_blank&#8221;]<\/p>\n<h2>Pain \u00e0 la banane et aux canneberges<\/h2>\n<p>D\u00e9couvrez la recette et commencez \u00e0 r\u00e9duire le gaspillage alimentaire d\u00e8s aujourd&#8217;hui.[\/elx_text_image][\/vc_tta_section][vc_tta_section title=&#8221;Cookies \u00e0 la banane&#8221; tab_id=&#8221;1727106018851-aa18af67-9502&#8243;][vc_empty_space height=&#8221;50px&#8221;][elx_text_image style_image=&#8221;image_square&#8221; button_style=&#8221;secondary-bordered&#8221; bg_row=&#8221;bg-download-white&#8221; lists=&#8221;%5B%7B%7D%5D&#8221; single_image=&#8221;28164&#8243; values=&#8221;%5B%7B%22tag_icon_title%22%3A%22h4%22%7D%5D&#8221; link=&#8221;url:https%3A%2F%2Fwww.electroluxprofessional.com%2Ffr%2Frecipes%2Fzero-waste-cookies-banane%2F|title:Ouvrir%20la%20recette|target:_blank&#8221;]<\/p>\n<h2>Cookies \u00e0 la Banane<\/h2>\n<p>D\u00e9couvrez la recette et commencez \u00e0 r\u00e9duire le gaspillage alimentaire d\u00e8s aujourd&#8217;hui.[\/elx_text_image][\/vc_tta_section][vc_tta_section title=&#8221;Chips \u00e0 la carotte&#8221; tab_id=&#8221;1727106083346-ba73d0f8-e849&#8243;][vc_empty_space height=&#8221;50px&#8221;][elx_text_image style_image=&#8221;image_square&#8221; button_style=&#8221;secondary-bordered&#8221; bg_row=&#8221;bg-download-white&#8221; lists=&#8221;%5B%7B%7D%5D&#8221; single_image=&#8221;28165&#8243; values=&#8221;%5B%7B%22tag_icon_title%22%3A%22h4%22%7D%5D&#8221; link=&#8221;url:https%3A%2F%2Fwww.electroluxprofessional.com%2Ffr%2Frecipes%2Fzero-dechet-chips-carottes%2F|title:Ouvrir%20la%20recette|target:_blank&#8221;]<\/p>\n<h2>Chips \u00e0 la carotte<\/h2>\n<p>D\u00e9couvrez la recette et commencez \u00e0 r\u00e9duire le gaspillage alimentaire d\u00e8s aujourd&#8217;hui.[\/elx_text_image][\/vc_tta_section][vc_tta_section title=&#8221;Yaourt \u00e0 la carotte&#8221; tab_id=&#8221;1727106416267-ecc6333f-cffe&#8221;][vc_empty_space height=&#8221;50px&#8221;][elx_text_image style_image=&#8221;image_square&#8221; button_style=&#8221;secondary-bordered&#8221; bg_row=&#8221;bg-download-white&#8221; lists=&#8221;%5B%7B%7D%5D&#8221; single_image=&#8221;28166&#8243; values=&#8221;%5B%7B%22tag_icon_title%22%3A%22h4%22%7D%5D&#8221; link=&#8221;url:https%3A%2F%2Fwww.electroluxprofessional.com%2Ffr%2Frecipes%2Fzero-dechet-yaourt-carotte%2F|title:Ouvrir%20la%20recette|target:_blank&#8221;]<\/p>\n<h2>Yaourt \u00e0 la carotte<\/h2>\n<p>D\u00e9couvrez la recette et commencez \u00e0 r\u00e9duire le gaspillage alimentaire d\u00e8s aujourd&#8217;hui.[\/elx_text_image][\/vc_tta_section][vc_tta_section title=&#8221;Brownies \u00e0 l&#8217;aubergine&#8221; tab_id=&#8221;1727106431904-bd9085e4-1ac8&#8243;][vc_empty_space height=&#8221;50px&#8221;][elx_text_image style_image=&#8221;image_square&#8221; button_style=&#8221;secondary-bordered&#8221; bg_row=&#8221;bg-download-white&#8221; lists=&#8221;%5B%7B%7D%5D&#8221; single_image=&#8221;28167&#8243; values=&#8221;%5B%7B%22tag_icon_title%22%3A%22h4%22%7D%5D&#8221; link=&#8221;url:https%3A%2F%2Fwww.electroluxprofessional.com%2Ffr%2Frecipes%2Fzero-dechet-brownies-aubergine%2F%20%E2%80%8E|title:Ouvrir%20la%20recette|target:_blank&#8221;]<\/p>\n<h2>Brownies \u00e0 l&#8217;aubergine<\/h2>\n<p>D\u00e9couvrez la recette et commencez \u00e0 r\u00e9duire le gaspillage alimentaire d\u00e8s aujourd&#8217;hui.[\/elx_text_image][\/vc_tta_section][vc_tta_section title=&#8221;Soupe Tha\u00ef \u00e0 la carotte&#8221; tab_id=&#8221;1727106450402-8c7aa73d-7794&#8243;][vc_empty_space height=&#8221;50px&#8221;][elx_text_image style_image=&#8221;image_square&#8221; button_style=&#8221;secondary-bordered&#8221; bg_row=&#8221;bg-download-white&#8221; lists=&#8221;%5B%7B%7D%5D&#8221; single_image=&#8221;28168&#8243; values=&#8221;%5B%7B%22tag_icon_title%22%3A%22h4%22%7D%5D&#8221; link=&#8221;url:https%3A%2F%2Fwww.electroluxprofessional.com%2Ffr%2Frecipes%2Fzero-dechet-soupe-thai-carottes%2F|title:Ouvrir%20la%20recette|target:_blank&#8221;]<\/p>\n<h2>Soupe Tha\u00ef \u00e0 la carotte<\/h2>\n<p>D\u00e9couvrez la recette et commencez \u00e0 r\u00e9duire le gaspillage alimentaire d\u00e8s aujourd&#8217;hui.[\/elx_text_image][\/vc_tta_section][vc_tta_section title=&#8221;Bouillon de l\u00e9gumes en poudre&#8221; tab_id=&#8221;1727106465259-ac58caaf-37c3&#8243;][vc_empty_space height=&#8221;50px&#8221;][elx_text_image style_image=&#8221;image_square&#8221; button_style=&#8221;secondary-bordered&#8221; bg_row=&#8221;bg-download-white&#8221; lists=&#8221;%5B%7B%7D%5D&#8221; single_image=&#8221;28169&#8243; values=&#8221;%5B%7B%22tag_icon_title%22%3A%22h4%22%7D%5D&#8221; link=&#8221;url:https%3A%2F%2Fwww.electroluxprofessional.com%2Ffr%2Frecipes%2Fzero-dechet-boui%E2%80%A6n-legumes-poudre%2F|title:Ouvrir%20la%20recette|target:_blank&#8221;]<\/p>\n<h2>Bouillon de l\u00e9gumes en poudre<\/h2>\n<p>D\u00e9couvrez la recette et commencez \u00e0 r\u00e9duire le gaspillage alimentaire d\u00e8s aujourd&#8217;hui.[\/elx_text_image][\/vc_tta_section][\/vc_tta_tabs][\/vc_column][\/vc_row][vc_row][vc_column][vc_column_text]<\/p>\n<h2 style=\"text-align: center;\">D\u00e9couvrez les recettes Z\u00e9ro D\u00e9chet<\/h2>\n<p>[\/vc_column_text][elx_last_recipes title=&#8221;&#8221; category=&#8221;zero-dechet&#8221;][\/vc_column][\/vc_row][vc_row][vc_column][vc_empty_space][\/vc_column][\/vc_row][vc_row css=&#8221;.vc_custom_1744103959608{background-color: #c4d69a !important;}&#8221;][vc_column][elx_features_download title=&#8221;&#8221; title_download=&#8221;T\u00e9l\u00e9charger&#8221; title_discover=&#8221;D\u00e9couvrir&#8221; title_position=&#8221;top&#8221; bg_row=&#8221;bg-row-sustainability-green&#8221; values=&#8221;%5B%7B%22select_type%22%3A%22link%22%7D%5D&#8221; discover=&#8221;%5B%7B%7D%5D&#8221; features=&#8221;%5B%7B%22icon_electroluxpro%22%3A%22elx-icon%20icon-circle-green-blue%22%2C%22title_icon%22%3A%22L&#8217;importance%20de%20la%20durabilit%C3%A9%20pour%20les%20clients%22%2C%22tag_icon_title%22%3A%22h4%22%2C%22text_icon%22%3A%22Ces%20derni%C3%A8res%20ann%C3%A9es%2C%20%3Cb%3Eles%20consommateurs%3C%2Fb%3E%20sont%20devenus%20plus%20soucieux%20de%20leur%20sant%C3%A9%20et%20de%20leur%20alimentation%2C%20se%20pr%C3%A9occupant%20de%20plus%20en%20plus%20de%20questions%20telles%20que%20le%20gaspillage%20alimentaire%20et%20le%20d%C3%A9veloppement%20durable%20%3C%2Fb%3E.%20Cette%20prise%20de%20conscience%20s&#8217;%C3%A9tend%20au-del%C3%A0%20de%20leurs%20cuisines%20priv%C3%A9es%C2%A0%3A%20restaurants%2C%20cantines%20d&#8217;entreprise%20et%20cantines%20scolaires%20pour%20enfants.%20Le%20programme%20%3Cb%3E%C2%AB%C2%A0Z%C3%A9ro%20D%C3%A9chet%C2%A0%C2%BB%3C%2Fb%3E%20peut%20%C3%AAtre%20un%20outil%20de%20communication%20pr%C3%A9cieux%20%3Cb%3Epour%20impliquer%20ce%20public%20soucieux%20de%20l&#8217;environnement%3C%2Fb%3E.%5Cn%22%7D%5D&#8221;][\/elx_features_download][\/vc_column][\/vc_row][vc_row][vc_column][vc_empty_space][elx_text_image style_image=&#8221;image_vertical&#8221; bg_row=&#8221;bg-download-white&#8221; lists=&#8221;%5B%7B%22title_list%22%3A%22%20%22%7D%2C%7B%22icon_electroluxpro%22%3A%22elx-icon%20icon-circle-checkmark-blue%22%2C%22title_list%22%3A%22Acc%C3%A8s%20direct%22%2C%22text_list%22%3A%22S%C3%A9lectionnez%20l&#8217;ic%C3%B4ne%20Z%C3%A9ro%20D%C3%A9chet%20sur%20le%20panneau%20de%20commande%20du%20four%20professionnel%20SkyLine%20et%20de%20la%20cellule%20de%20refroidissement%20SkyLine%20pour%20un%20acc%C3%A8s%20imm%C3%A9diat.%22%7D%2C%7B%22icon_electroluxpro%22%3A%22elx-icon%20icon-circle-checkmark-blue%22%2C%22title_list%22%3A%22Param%C3%A8tres%20int%C3%A9gr%C3%A9s%22%2C%22text_list%22%3A%22Avec%20notre%20solution%20SkyLine%20Cook%20%26%20Chill%2C%20plus%20besoin%20de%20d%C3%A9finir%20manuellement%20les%20param%C3%A8tres%20de%20vos%20recettes%20Z%C3%A9ro%20D%C3%A9chet.%20Une%20fois%20votre%20recette%20s%C3%A9lectionn%C3%A9e%2C%20le%20four%20et%20la%20cellule%20de%20refroidissement%20ajustent%20automatiquement%20les%20temp%C3%A9ratures%2C%20les%20modes%20de%20cuisson%20et%20le%20temps%20de%20cuisson.%22%7D%2C%7B%22icon_electroluxpro%22%3A%22elx-icon%20icon-circle-checkmark-blue%22%2C%22title_list%22%3A%22Communication%20SkyDuo%22%2C%22text_list%22%3A%22Le%20four%20mixte%20et%20la%20cellule%20de%20refroidissement%20SkyLine%20sont%20connect%C3%A9s%20%3A%20le%20four%20alerte%20la%20cellule%20lorsqu&#8217;il%20est%20temps%20de%20pr%C3%A9parer%20le%20refroidissement%2C%20garantissant%20ainsi%20un%20processus%20de%20cuisson%20fluide.%22%7D%5D&#8221; values=&#8221;%5B%7B%22tag_icon_title%22%3A%22h4%22%7D%5D&#8221; single_image=&#8221;28170&#8243; title=&#8221;Tirez le meilleur parti du Z\u00e9ro D\u00e9chet avec SkyLine Cook&amp;Chill&#8221;]Toutes les recettes<strong> Zero D\u00e9chet <\/strong>sont int\u00e9gr\u00e9es \u00e0 notre solution SkyLine Cook&amp;Chill, vous permettant d\u2019y acc\u00e9der rapidement et de cuisiner en toute simplicit\u00e9.<br \/>\nD\u00e9couvrez tous les avantages d\u2019une cuisine sign\u00e9e\u00a0Electrolux Professional.[\/elx_text_image][\/vc_column][\/vc_row][vc_row][vc_column width=&#8221;2\/3&#8243;][vc_empty_space][\/vc_column][vc_column width=&#8221;1\/3&#8243;][elx_button button_text=&#8221;D\u00e9couvrez notre gamme Cook&amp;Chill&#8221; button_link=&#8221;url:https%3A%2F%2Fwww.electroluxprofessional.com%2Ffr%2Fequipement-cuisine%2Fskyline-cook-and-chill%2F%3F_gl%3D1*81n91y*_up*MQ..*_ga*MTI4OTgyNDk5LjE3NTQwNTQ1MTA.*_ga_MNVYVN9CET*czE3NTQwNTQ1MDkkbzEkZzAkdDE3NTQwNTQ1MDkkajYwJGwwJGgw*_ga_28J7B14W8H*czE3NTQwNTQ1MDkkbzEkZzAkdDE3NTQwNTQ1MDkkajYwJGwwJGgw&#8221;][\/vc_column][\/vc_row][vc_row][vc_column][vc_empty_space height=&#8221;50px&#8221;][elx_heading text_color=&#8221;inherit&#8221; text_align=&#8221;text-center&#8221;]Contactez-nous pour en savoir plus sur le programme Z\u00e9ro D\u00e9chet[\/elx_heading][vc_empty_space][elx_o2000_contact_us b=&#8221;food&#8221;][\/vc_column][\/vc_row]<\/p>\n","protected":false},"excerpt":{"rendered":"<p>[vc_row full_width=&#8221;electroluxpro-full-width-no-padding&#8221;][vc_column][elx_image_block background_image=&#8221;28161&#8243; minimum_height=&#8221;400px&#8221;][vc_empty_space][\/vc_column][\/vc_row][vc_row][vc_column][elx_text_image tag_title=&#8221;h1&#8243; class_title=&#8221;h1&#8243; style_image=&#8221;image_vertical&#8221; bg_row=&#8221;bg-download-white&#8221; lists=&#8221;%5B%7B%7D%5D&#8221; values=&#8221;%5B%7B%22tag_icon_title%22%3A%22h4%22%7D%5D&#8221; single_image=&#8221;28162&#8243; title=&#8221;Z\u00e9ro D\u00e9chet : transformez les d\u00e9chets en opportunit\u00e9s d\u2019avenir&#8221;]Le gaspillage alimentaire est un enjeu mondial qui touche de nombreuses entreprises. Restaurants, cantines et supermarch\u00e9s manipulent chaque jour de grandes quantit\u00e9s de produits frais, souvent jet\u00e9s d\u00e8s qu\u2019ils d\u00e9passent leur date de p\u00e9remption. Chez Electrolux [&hellip;]<\/p>\n","protected":false},"author":616,"featured_media":28080,"parent":2100,"menu_order":0,"comment_status":"closed","ping_status":"closed","template":"","meta":{"footnotes":""},"class_list":["post-28176","page","type-page","status-publish","has-post-thumbnail","hentry"],"acf":[],"yoast_head":"<!-- This site is optimized with the Yoast SEO plugin v23.3 - https:\/\/yoast.com\/wordpress\/plugins\/seo\/ -->\n<title>Programme Z\u00e9ro D\u00e9chet | Electrolux Professional<\/title>\n<meta name=\"description\" content=\"D\u00e9couvrez le programme Z\u00e9ro D\u00e9chet: transformez les ingr\u00e9dients inutilis\u00e9s en plats gourmands. R\u00e9duisez le gaspillage et augmentez vos b\u00e9n\u00e9fices.\" \/>\n<meta name=\"robots\" content=\"index, follow, max-snippet:-1, max-image-preview:large, max-video-preview:-1\" \/>\n<link rel=\"canonical\" href=\"https:\/\/www.electroluxprofessional.com\/fr\/equipement-cuisine\/zero-dechet\/\" \/>\n<meta property=\"og:locale\" content=\"fr_FR\" \/>\n<meta property=\"og:type\" content=\"article\" \/>\n<meta property=\"og:title\" content=\"Programme Z\u00e9ro D\u00e9chet | Electrolux Professional\" \/>\n<meta property=\"og:description\" content=\"D\u00e9couvrez le programme Z\u00e9ro D\u00e9chet: transformez les ingr\u00e9dients inutilis\u00e9s en plats gourmands. R\u00e9duisez le gaspillage et augmentez vos b\u00e9n\u00e9fices.\" \/>\n<meta property=\"og:url\" content=\"https:\/\/www.electroluxprofessional.com\/fr\/equipement-cuisine\/zero-dechet\/\" \/>\n<meta property=\"og:site_name\" content=\"Electrolux Professional France\" \/>\n<meta property=\"article:modified_time\" content=\"2026-03-07T08:08:46+00:00\" \/>\n<meta property=\"og:image\" content=\"https:\/\/www.electroluxprofessional.com\/fr\/wp-content\/uploads\/2025\/07\/Zero-Waste-600x600-1.jpg\" \/>\n\t<meta property=\"og:image:width\" content=\"600\" \/>\n\t<meta property=\"og:image:height\" content=\"600\" \/>\n\t<meta property=\"og:image:type\" content=\"image\/jpeg\" \/>\n<meta name=\"twitter:card\" content=\"summary_large_image\" \/>\n<meta name=\"twitter:label1\" content=\"Dur\u00e9e de lecture estim\u00e9e\" \/>\n\t<meta name=\"twitter:data1\" content=\"3 minutes\" \/>\n<script type=\"application\/ld+json\" class=\"yoast-schema-graph\">{\"@context\":\"https:\/\/schema.org\",\"@graph\":[{\"@type\":\"WebPage\",\"@id\":\"https:\/\/www.electroluxprofessional.com\/fr\/equipement-cuisine\/zero-dechet\/\",\"url\":\"https:\/\/www.electroluxprofessional.com\/fr\/equipement-cuisine\/zero-dechet\/\",\"name\":\"Programme Z\u00e9ro D\u00e9chet | Electrolux Professional\",\"isPartOf\":{\"@id\":\"https:\/\/www.electroluxprofessional.com\/fr\/#website\"},\"primaryImageOfPage\":{\"@id\":\"https:\/\/www.electroluxprofessional.com\/fr\/equipement-cuisine\/zero-dechet\/#primaryimage\"},\"image\":{\"@id\":\"https:\/\/www.electroluxprofessional.com\/fr\/equipement-cuisine\/zero-dechet\/#primaryimage\"},\"thumbnailUrl\":\"https:\/\/www.electroluxprofessional.com\/fr\/wp-content\/uploads\/2025\/07\/Zero-Waste-600x600-1.jpg\",\"datePublished\":\"2025-08-01T11:10:44+00:00\",\"dateModified\":\"2026-03-07T08:08:46+00:00\",\"description\":\"D\u00e9couvrez le programme Z\u00e9ro D\u00e9chet: transformez les ingr\u00e9dients inutilis\u00e9s en plats gourmands. R\u00e9duisez le gaspillage et augmentez vos b\u00e9n\u00e9fices.\",\"breadcrumb\":{\"@id\":\"https:\/\/www.electroluxprofessional.com\/fr\/equipement-cuisine\/zero-dechet\/#breadcrumb\"},\"inLanguage\":\"fr-FR\",\"potentialAction\":[{\"@type\":\"ReadAction\",\"target\":[\"https:\/\/www.electroluxprofessional.com\/fr\/equipement-cuisine\/zero-dechet\/\"]}]},{\"@type\":\"ImageObject\",\"inLanguage\":\"fr-FR\",\"@id\":\"https:\/\/www.electroluxprofessional.com\/fr\/equipement-cuisine\/zero-dechet\/#primaryimage\",\"url\":\"https:\/\/www.electroluxprofessional.com\/fr\/wp-content\/uploads\/2025\/07\/Zero-Waste-600x600-1.jpg\",\"contentUrl\":\"https:\/\/www.electroluxprofessional.com\/fr\/wp-content\/uploads\/2025\/07\/Zero-Waste-600x600-1.jpg\",\"width\":600,\"height\":600},{\"@type\":\"BreadcrumbList\",\"@id\":\"https:\/\/www.electroluxprofessional.com\/fr\/equipement-cuisine\/zero-dechet\/#breadcrumb\",\"itemListElement\":[{\"@type\":\"ListItem\",\"position\":1,\"name\":\"Home\",\"item\":\"https:\/\/www.electroluxprofessional.com\/fr\/\"},{\"@type\":\"ListItem\",\"position\":2,\"name\":\"Mat\u00e9riel de cuisine professionnel &#8211; Electrolux Professional\",\"item\":\"https:\/\/www.electroluxprofessional.com\/fr\/equipement-cuisine\/\"},{\"@type\":\"ListItem\",\"position\":3,\"name\":\"Zero D\u00e9chet\"}]},{\"@type\":\"WebSite\",\"@id\":\"https:\/\/www.electroluxprofessional.com\/fr\/#website\",\"url\":\"https:\/\/www.electroluxprofessional.com\/fr\/\",\"name\":\"Electrolux Professional France\",\"description\":\"\",\"potentialAction\":[{\"@type\":\"SearchAction\",\"target\":{\"@type\":\"EntryPoint\",\"urlTemplate\":\"https:\/\/www.electroluxprofessional.com\/fr\/?src={search_term_string}\"},\"query-input\":\"required name=search_term_string\"}],\"inLanguage\":\"fr-FR\"}]}<\/script>\n<!-- \/ Yoast SEO plugin. -->","yoast_head_json":{"title":"Programme Z\u00e9ro D\u00e9chet | Electrolux Professional","description":"D\u00e9couvrez le programme Z\u00e9ro D\u00e9chet: transformez les ingr\u00e9dients inutilis\u00e9s en plats gourmands. R\u00e9duisez le gaspillage et augmentez vos b\u00e9n\u00e9fices.","robots":{"index":"index","follow":"follow","max-snippet":"max-snippet:-1","max-image-preview":"max-image-preview:large","max-video-preview":"max-video-preview:-1"},"canonical":"https:\/\/www.electroluxprofessional.com\/fr\/equipement-cuisine\/zero-dechet\/","og_locale":"fr_FR","og_type":"article","og_title":"Programme Z\u00e9ro D\u00e9chet | Electrolux Professional","og_description":"D\u00e9couvrez le programme Z\u00e9ro D\u00e9chet: transformez les ingr\u00e9dients inutilis\u00e9s en plats gourmands. R\u00e9duisez le gaspillage et augmentez vos b\u00e9n\u00e9fices.","og_url":"https:\/\/www.electroluxprofessional.com\/fr\/equipement-cuisine\/zero-dechet\/","og_site_name":"Electrolux Professional France","article_modified_time":"2026-03-07T08:08:46+00:00","og_image":[{"width":600,"height":600,"url":"https:\/\/www.electroluxprofessional.com\/fr\/wp-content\/uploads\/2025\/07\/Zero-Waste-600x600-1.jpg","type":"image\/jpeg"}],"twitter_card":"summary_large_image","twitter_misc":{"Dur\u00e9e de lecture estim\u00e9e":"3 minutes"},"schema":{"@context":"https:\/\/schema.org","@graph":[{"@type":"WebPage","@id":"https:\/\/www.electroluxprofessional.com\/fr\/equipement-cuisine\/zero-dechet\/","url":"https:\/\/www.electroluxprofessional.com\/fr\/equipement-cuisine\/zero-dechet\/","name":"Programme Z\u00e9ro D\u00e9chet | Electrolux Professional","isPartOf":{"@id":"https:\/\/www.electroluxprofessional.com\/fr\/#website"},"primaryImageOfPage":{"@id":"https:\/\/www.electroluxprofessional.com\/fr\/equipement-cuisine\/zero-dechet\/#primaryimage"},"image":{"@id":"https:\/\/www.electroluxprofessional.com\/fr\/equipement-cuisine\/zero-dechet\/#primaryimage"},"thumbnailUrl":"https:\/\/www.electroluxprofessional.com\/fr\/wp-content\/uploads\/2025\/07\/Zero-Waste-600x600-1.jpg","datePublished":"2025-08-01T11:10:44+00:00","dateModified":"2026-03-07T08:08:46+00:00","description":"D\u00e9couvrez le programme Z\u00e9ro D\u00e9chet: transformez les ingr\u00e9dients inutilis\u00e9s en plats gourmands. R\u00e9duisez le gaspillage et augmentez vos b\u00e9n\u00e9fices.","breadcrumb":{"@id":"https:\/\/www.electroluxprofessional.com\/fr\/equipement-cuisine\/zero-dechet\/#breadcrumb"},"inLanguage":"fr-FR","potentialAction":[{"@type":"ReadAction","target":["https:\/\/www.electroluxprofessional.com\/fr\/equipement-cuisine\/zero-dechet\/"]}]},{"@type":"ImageObject","inLanguage":"fr-FR","@id":"https:\/\/www.electroluxprofessional.com\/fr\/equipement-cuisine\/zero-dechet\/#primaryimage","url":"https:\/\/www.electroluxprofessional.com\/fr\/wp-content\/uploads\/2025\/07\/Zero-Waste-600x600-1.jpg","contentUrl":"https:\/\/www.electroluxprofessional.com\/fr\/wp-content\/uploads\/2025\/07\/Zero-Waste-600x600-1.jpg","width":600,"height":600},{"@type":"BreadcrumbList","@id":"https:\/\/www.electroluxprofessional.com\/fr\/equipement-cuisine\/zero-dechet\/#breadcrumb","itemListElement":[{"@type":"ListItem","position":1,"name":"Home","item":"https:\/\/www.electroluxprofessional.com\/fr\/"},{"@type":"ListItem","position":2,"name":"Mat\u00e9riel de cuisine professionnel &#8211; Electrolux Professional","item":"https:\/\/www.electroluxprofessional.com\/fr\/equipement-cuisine\/"},{"@type":"ListItem","position":3,"name":"Zero D\u00e9chet"}]},{"@type":"WebSite","@id":"https:\/\/www.electroluxprofessional.com\/fr\/#website","url":"https:\/\/www.electroluxprofessional.com\/fr\/","name":"Electrolux Professional France","description":"","potentialAction":[{"@type":"SearchAction","target":{"@type":"EntryPoint","urlTemplate":"https:\/\/www.electroluxprofessional.com\/fr\/?src={search_term_string}"},"query-input":"required name=search_term_string"}],"inLanguage":"fr-FR"}]}},"_links":{"self":[{"href":"https:\/\/www.electroluxprofessional.com\/fr\/wp-json\/wp\/v2\/pages\/28176"}],"collection":[{"href":"https:\/\/www.electroluxprofessional.com\/fr\/wp-json\/wp\/v2\/pages"}],"about":[{"href":"https:\/\/www.electroluxprofessional.com\/fr\/wp-json\/wp\/v2\/types\/page"}],"author":[{"embeddable":true,"href":"https:\/\/www.electroluxprofessional.com\/fr\/wp-json\/wp\/v2\/users\/616"}],"replies":[{"embeddable":true,"href":"https:\/\/www.electroluxprofessional.com\/fr\/wp-json\/wp\/v2\/comments?post=28176"}],"version-history":[{"count":23,"href":"https:\/\/www.electroluxprofessional.com\/fr\/wp-json\/wp\/v2\/pages\/28176\/revisions"}],"predecessor-version":[{"id":30771,"href":"https:\/\/www.electroluxprofessional.com\/fr\/wp-json\/wp\/v2\/pages\/28176\/revisions\/30771"}],"up":[{"embeddable":true,"href":"https:\/\/www.electroluxprofessional.com\/fr\/wp-json\/wp\/v2\/pages\/2100"}],"wp:featuredmedia":[{"embeddable":true,"href":"https:\/\/www.electroluxprofessional.com\/fr\/wp-json\/wp\/v2\/media\/28080"}],"wp:attachment":[{"href":"https:\/\/www.electroluxprofessional.com\/fr\/wp-json\/wp\/v2\/media?parent=28176"}],"curies":[{"name":"wp","href":"https:\/\/api.w.org\/{rel}","templated":true}]}}