{"id":27077,"date":"2025-03-20T16:15:00","date_gmt":"2025-03-20T16:15:00","guid":{"rendered":"https:\/\/www.electroluxprofessional.com\/fr\/?page_id=27077"},"modified":"2026-03-17T15:28:01","modified_gmt":"2026-03-17T15:28:01","slug":"bars-et-cafes","status":"publish","type":"page","link":"https:\/\/www.electroluxprofessional.com\/fr\/solutions\/bars-et-cafes\/","title":{"rendered":"Bars et caf\u00e9s"},"content":{"rendered":"<p>[vc_row full_width=&#8221;electroluxpro-full-width-no-padding&#8221; css=&#8221;.vc_custom_1663584595514{margin-top: -50px !important;}&#8221;][vc_column][elx_full_banner title=&#8221;Bars &amp; Caf\u00e9s&#8221; background_image_media_library=&#8221;27075&#8243; background_image_media_library_mobile=&#8221;27076&#8243;][\/vc_column][\/vc_row][vc_row full_width=&#8221;electroluxpro-full-width-no-padding&#8221; disable_element=&#8221;yes&#8221;][vc_column][vc_single_image image=&#8221;27072&#8243; img_size=&#8221;2000&#215;350&#8243; alignment=&#8221;center&#8221;][\/vc_column][\/vc_row][vc_row disable_element=&#8221;yes&#8221;][vc_column width=&#8221;1\/4&#8243;][vc_single_image image=&#8221;27073&#8243; img_size=&#8221;110*110&#8243; alignment=&#8221;center&#8221;][\/vc_column][vc_column width=&#8221;3\/4&#8243;][vc_empty_space height=&#8221;15px&#8221;][elx_heading font_container=&#8221;h1&#8243; font_size=&#8221;h3&#8243; text_color=&#8221;bars&#8221; text_align=&#8221;text-left&#8221;]Bars &amp; Caf\u00e8s[\/elx_heading][\/vc_column][\/vc_row][vc_row][vc_column][vc_column_text]<\/p>\n<h1>Les \u00e9quipements parfaits pour les bars et caf\u00e9s<\/h1>\n<p>[\/vc_column_text][vc_empty_space][\/vc_column][\/vc_row][vc_row equal_height=&#8221;yes&#8221; content_placement=&#8221;middle&#8221; css=&#8221;.vc_custom_1517579733790{background-color: #f7f6f6 !important;}&#8221;][vc_column width=&#8221;1\/2&#8243;][elx_simple_link_block link=&#8221;url:https%3A%2F%2Fwww.electroluxprofessional.com%2Ffr%2Fequipement-cuisine%2Fequipement-lavage%2F|title:Lave-verre%20et%20laveuses%20frontale&#8221; text_align=&#8221;text-left&#8221; text_color=&#8221;inherit&#8221; background_color=&#8221;inherit&#8221; background_hover_color=&#8221;darker-hover&#8221; extra_class=&#8221;&#8221; reveal_effect=&#8221;&#8221; reveal_duration=&#8221;&#8221; reveal_delay=&#8221;&#8221;][vc_single_image image=&#8221;25633&#8243; img_size=&#8221;555&#215;555&#8243; onclick=&#8221;custom_link&#8221; css=&#8221;.vc_custom_1754469517024{padding-top: 60px !important;}&#8221; link=&#8221;https:\/\/www.electroluxprofessional.com\/fr\/equipement-cuisine\/equipement-lavage\/lave-vaisselle-neoblue-touch\/?_gl=1*bjgi7b*_up*MQ..*_ga*MTUzMjE3NDcwNy4xNzU0NDY5NDg3*_ga_MNVYVN9CET*czE3NTQ0Njk0ODckbzEkZzAkdDE3NTQ0Njk0ODckajYwJGwwJGgw*_ga_28J7B14W8H*czE3NTQ0Njk0ODckbzEkZzAkdDE3NTQ0Njk0ODckajYwJGwwJGgw&#8221;][elx_heading font_container=&#8221;h3&#8243; font_size=&#8221;h5&#8243; text_color=&#8221;electrolux-blue&#8221;]Lave-verres professionnel<br \/>\nNeoBlue Touch[\/elx_heading][vc_column_text]<\/p>\n<ul>\n<li>R\u00e9sultats de lavage et de rin\u00e7age parfaits<\/li>\n<li>Cycle silencieux<\/li>\n<li>Fiable et durable<\/li>\n<\/ul>\n<p>[\/vc_column_text][\/elx_simple_link_block][\/vc_column][vc_column width=&#8221;1\/2&#8243;][elx_simple_link_block link=&#8221;url:https%3A%2F%2Fwww.electroluxprofessional.com%2Ffr%2Fequipement-cuisine%2Fgrill-panini-speedelight%2F|title:SpeeDelight%20cuisine%20acc%C3%A9l%C3%A9r%C3%A9e&#8221; text_align=&#8221;text-left&#8221; text_color=&#8221;inherit&#8221; background_color=&#8221;inherit&#8221; background_hover_color=&#8221;darker-hover&#8221; extra_class=&#8221;&#8221; reveal_effect=&#8221;&#8221; reveal_duration=&#8221;&#8221; reveal_delay=&#8221;&#8221;][vc_single_image image=&#8221;14767&#8243; img_size=&#8221;555&#215;555&#8243; onclick=&#8221;custom_link&#8221; css=&#8221;.vc_custom_1754469543094{padding-top: 60px !important;}&#8221; link=&#8221;https:\/\/www.electroluxprofessional.com\/fr\/equipement-cuisine\/grill-panini-speedelight\/?_gl=1*spi0wo*_up*MQ..*_ga*MTUzMjE3NDcwNy4xNzU0NDY5NDg3*_ga_MNVYVN9CET*czE3NTQ0Njk0ODckbzEkZzEkdDE3NTQ0Njk1MDYkajQxJGwwJGgw*_ga_28J7B14W8H*czE3NTQ0Njk0ODckbzEkZzEkdDE3NTQ0Njk1MDYkajQxJGwwJGgw&#8221;][elx_heading font_container=&#8221;h3&#8243; font_size=&#8221;h5&#8243; text_color=&#8221;inherit&#8221;]Gril professionnel SpeeDelight[\/elx_heading][vc_column_text]<\/p>\n<ul>\n<li>Des snacks d\u00e9licieux tr\u00e8s rapidement<\/li>\n<li>Qualit\u00e9 de cuisson gr\u00e2ce \u00e0 ses <strong>trois technologies de chauffe<\/strong><\/li>\n<li>Le couvercle se l\u00e8vera lorsque votre collation sera pr\u00eate<\/li>\n<\/ul>\n<p>[\/vc_column_text][\/elx_simple_link_block][\/vc_column][\/vc_row][vc_row disable_element=&#8221;yes&#8221; css=&#8221;.vc_custom_1743413291681{background-color: #ededc9 !important;}&#8221;][vc_column][elx_heading text_color=&#8221;inherit&#8221; text_align=&#8221;text-left&#8221;]Solutions de boisson[\/elx_heading][vc_empty_space][\/vc_column][\/vc_row][vc_row equal_height=&#8221;yes&#8221; disable_element=&#8221;yes&#8221; css=&#8221;.vc_custom_1743413279383{background-color: #ededc9 !important;}&#8221;][vc_column width=&#8221;1\/2&#8243;][elx_simple_link_block link=&#8221;url:https%3A%2F%2Fwww.electroluxprofessional.com%2Ffr%2Fbeverage-solutions%2F|title:Beverage%20solutions||&#8221; text_align=&#8221;text-left&#8221; text_color=&#8221;inherit&#8221; background_color=&#8221;inherit&#8221; background_hover_color=&#8221;darker-hover&#8221; extra_class=&#8221;&#8221; reveal_effect=&#8221;&#8221; reveal_duration=&#8221;&#8221; reveal_delay=&#8221;&#8221;][vc_single_image image=&#8221;14263&#8243; img_size=&#8221;full&#8221;][\/elx_simple_link_block][\/vc_column][vc_column width=&#8221;1\/2&#8243;][elx_simple_link_block link=&#8221;url:https%3A%2F%2Fwww.electroluxprofessional.com%2Ffr%2Fbeverage-solutions%2F|title:Beverage%20solutions||&#8221; text_align=&#8221;text-left&#8221; text_color=&#8221;inherit&#8221; background_color=&#8221;inherit&#8221; background_hover_color=&#8221;darker-hover&#8221; extra_class=&#8221;&#8221; reveal_effect=&#8221;&#8221; reveal_duration=&#8221;&#8221; reveal_delay=&#8221;&#8221;][elx_heading font_container=&#8221;h3&#8243; font_size=&#8221;h5&#8243; text_color=&#8221;inherit&#8221;]Une gamme compl\u00e8te[\/elx_heading][vc_column_text]Une vaste offre de solutions de caf\u00e9 et de boissons pour ravir l&#8217;ensemble de vos clients.<\/p>\n<ul>\n<li>Machines \u00e0 caf\u00e9 et \u00e0 th\u00e9<\/li>\n<li>Moulins \u00e0 caf\u00e9<\/li>\n<li>Distributeurs de boissons chaudes et glac\u00e9es<\/li>\n<li>et bien plus encore&#8230;<\/li>\n<\/ul>\n<p>[\/vc_column_text][\/elx_simple_link_block][elx_button button_text=&#8221;D\u00e9couvrez l&#8217;offre caf\u00e9 &amp; boissons&#8221; button_link=&#8221;url:https%3A%2F%2Fwww.electroluxprofessional.com%2Ffr%2Fbeverage-solutions%2F|title:coffee%20and%20beverage%20solutions||&#8221;][\/vc_column][\/vc_row][vc_row css=&#8221;.vc_custom_1480591577587{background-color: #f7f6f6 !important;}&#8221;][vc_column][vc_empty_space][\/vc_column][\/vc_row][vc_row equal_height=&#8221;yes&#8221; content_placement=&#8221;middle&#8221; css=&#8221;.vc_custom_1743413361144{background-color: #ededc9 !important;}&#8221;][vc_column width=&#8221;1\/3&#8243;][elx_simple_block text_align=&#8221;text-center&#8221; background_color=&#8221;inherit&#8221;][elx_heading text_color=&#8221;electrolux-blue&#8221;]Cha\u00eenes[\/elx_heading][vc_column_text]<\/p>\n<p style=\"text-align: center;\">Nos experts vous accompagnent<\/p>\n<p>[\/vc_column_text][elx_button button_text=&#8221;En savoir plus&#8221; button_link=&#8221;url:https%3A%2F%2Fwww.electroluxprofessional.com%2Ffr%2Fsolutions%2Fhotel-chains%2F&#8221;][\/elx_simple_block][\/vc_column][vc_column width=&#8221;1\/3&#8243;][vc_single_image image=&#8221;1553&#8243; img_size=&#8221;400*400&#8243;][\/vc_column][vc_column width=&#8221;1\/3&#8243;][vc_single_image image=&#8221;27074&#8243; img_size=&#8221;full&#8221;][\/vc_column][\/vc_row][vc_row css=&#8221;.vc_custom_1480591577587{background-color: #f7f6f6 !important;}&#8221;][vc_column][vc_empty_space][\/vc_column][\/vc_row][vc_row][vc_column][elx_heading font_container=&#8221;h3&#8243; font_size=&#8221;h5&#8243; text_color=&#8221;inherit&#8221; text_align=&#8221;text-left&#8221;]D\u00e9couvrez ce qu&#8217;Electrolux Professional peut faire pour votre entreprise[\/elx_heading][elx_o2000_contact_us s=&#8221;Your request for information: Bars &amp; Caf\u00e8s&#8221; container=&#8221;elxcontactus1469457379&#8243; r=&#8221;I would like to find out more about solutions for Bars &amp; Caf\u00e8s.&#8221; l=&#8221;en&#8221;][vc_empty_space height=&#8221;50px&#8221;][\/vc_column][\/vc_row]<\/p>\n","protected":false},"excerpt":{"rendered":"<p>[vc_row full_width=&#8221;electroluxpro-full-width-no-padding&#8221; css=&#8221;.vc_custom_1663584595514{margin-top: -50px !important;}&#8221;][vc_column][elx_full_banner title=&#8221;Bars &amp; Caf\u00e9s&#8221; background_image_media_library=&#8221;27075&#8243; background_image_media_library_mobile=&#8221;27076&#8243;][\/vc_column][\/vc_row][vc_row full_width=&#8221;electroluxpro-full-width-no-padding&#8221; disable_element=&#8221;yes&#8221;][vc_column][vc_single_image image=&#8221;27072&#8243; img_size=&#8221;2000&#215;350&#8243; alignment=&#8221;center&#8221;][\/vc_column][\/vc_row][vc_row disable_element=&#8221;yes&#8221;][vc_column width=&#8221;1\/4&#8243;][vc_single_image image=&#8221;27073&#8243; img_size=&#8221;110*110&#8243; alignment=&#8221;center&#8221;][\/vc_column][vc_column width=&#8221;3\/4&#8243;][vc_empty_space height=&#8221;15px&#8221;][elx_heading font_container=&#8221;h1&#8243; font_size=&#8221;h3&#8243; text_color=&#8221;bars&#8221; text_align=&#8221;text-left&#8221;]Bars &amp; Caf\u00e8s[\/elx_heading][\/vc_column][\/vc_row][vc_row][vc_column][vc_column_text] Les \u00e9quipements parfaits pour les bars et caf\u00e9s [\/vc_column_text][vc_empty_space][\/vc_column][\/vc_row][vc_row equal_height=&#8221;yes&#8221; content_placement=&#8221;middle&#8221; css=&#8221;.vc_custom_1517579733790{background-color: #f7f6f6 !important;}&#8221;][vc_column width=&#8221;1\/2&#8243;][elx_simple_link_block link=&#8221;url:https%3A%2F%2Fwww.electroluxprofessional.com%2Ffr%2Fequipement-cuisine%2Fequipement-lavage%2F|title:Lave-verre%20et%20laveuses%20frontale&#8221; text_align=&#8221;text-left&#8221; text_color=&#8221;inherit&#8221; background_color=&#8221;inherit&#8221; background_hover_color=&#8221;darker-hover&#8221; extra_class=&#8221;&#8221; reveal_effect=&#8221;&#8221; reveal_duration=&#8221;&#8221; reveal_delay=&#8221;&#8221;][vc_single_image image=&#8221;25633&#8243; img_size=&#8221;555&#215;555&#8243; onclick=&#8221;custom_link&#8221; [&hellip;]<\/p>\n","protected":false},"author":616,"featured_media":1264,"parent":2593,"menu_order":0,"comment_status":"closed","ping_status":"closed","template":"","meta":{"footnotes":""},"class_list":["post-27077","page","type-page","status-publish","has-post-thumbnail","hentry"],"acf":[],"yoast_head":"<!-- This site is optimized with the Yoast SEO plugin v23.3 - https:\/\/yoast.com\/wordpress\/plugins\/seo\/ -->\n<title>Solutions Bars et Caf\u00e9s | Electrolux Professional<\/title>\n<meta name=\"description\" content=\"D\u00e9couvrez nos solutions pour bars et caf\u00e9s: lave-verres \u00e9lectronique, grill haute vitesse SpeeDelight et \u00e9quipements de boisson professionnels.\" \/>\n<meta name=\"robots\" content=\"index, follow, max-snippet:-1, max-image-preview:large, max-video-preview:-1\" \/>\n<link rel=\"canonical\" href=\"https:\/\/www.electroluxprofessional.com\/fr\/solutions\/bars-et-cafes\/\" \/>\n<meta property=\"og:locale\" content=\"fr_FR\" \/>\n<meta property=\"og:type\" content=\"article\" \/>\n<meta property=\"og:title\" content=\"Solutions Bars et Caf\u00e9s | Electrolux Professional\" \/>\n<meta property=\"og:description\" content=\"D\u00e9couvrez nos solutions pour bars et caf\u00e9s: lave-verres \u00e9lectronique, grill haute vitesse SpeeDelight et \u00e9quipements de boisson professionnels.\" \/>\n<meta property=\"og:url\" content=\"https:\/\/www.electroluxprofessional.com\/fr\/solutions\/bars-et-cafes\/\" \/>\n<meta property=\"og:site_name\" content=\"Electrolux Professional France\" \/>\n<meta property=\"article:modified_time\" content=\"2026-03-17T15:28:01+00:00\" \/>\n<meta property=\"og:image\" content=\"https:\/\/www.electroluxprofessional.com\/fr\/wp-content\/uploads\/2016\/11\/bar-cafe.jpg\" \/>\n\t<meta property=\"og:image:width\" content=\"700\" \/>\n\t<meta property=\"og:image:height\" content=\"700\" \/>\n\t<meta property=\"og:image:type\" content=\"image\/jpeg\" \/>\n<meta name=\"twitter:card\" content=\"summary_large_image\" \/>\n<meta name=\"twitter:label1\" content=\"Dur\u00e9e de lecture estim\u00e9e\" \/>\n\t<meta name=\"twitter:data1\" content=\"2 minutes\" \/>\n<script type=\"application\/ld+json\" class=\"yoast-schema-graph\">{\"@context\":\"https:\/\/schema.org\",\"@graph\":[{\"@type\":\"WebPage\",\"@id\":\"https:\/\/www.electroluxprofessional.com\/fr\/solutions\/bars-et-cafes\/\",\"url\":\"https:\/\/www.electroluxprofessional.com\/fr\/solutions\/bars-et-cafes\/\",\"name\":\"Solutions Bars et Caf\u00e9s | Electrolux Professional\",\"isPartOf\":{\"@id\":\"https:\/\/www.electroluxprofessional.com\/fr\/#website\"},\"primaryImageOfPage\":{\"@id\":\"https:\/\/www.electroluxprofessional.com\/fr\/solutions\/bars-et-cafes\/#primaryimage\"},\"image\":{\"@id\":\"https:\/\/www.electroluxprofessional.com\/fr\/solutions\/bars-et-cafes\/#primaryimage\"},\"thumbnailUrl\":\"https:\/\/www.electroluxprofessional.com\/fr\/wp-content\/uploads\/2016\/11\/bar-cafe.jpg\",\"datePublished\":\"2025-03-20T16:15:00+00:00\",\"dateModified\":\"2026-03-17T15:28:01+00:00\",\"description\":\"D\u00e9couvrez nos solutions pour bars et caf\u00e9s: lave-verres \u00e9lectronique, grill haute vitesse SpeeDelight et \u00e9quipements de boisson professionnels.\",\"breadcrumb\":{\"@id\":\"https:\/\/www.electroluxprofessional.com\/fr\/solutions\/bars-et-cafes\/#breadcrumb\"},\"inLanguage\":\"fr-FR\",\"potentialAction\":[{\"@type\":\"ReadAction\",\"target\":[\"https:\/\/www.electroluxprofessional.com\/fr\/solutions\/bars-et-cafes\/\"]}]},{\"@type\":\"ImageObject\",\"inLanguage\":\"fr-FR\",\"@id\":\"https:\/\/www.electroluxprofessional.com\/fr\/solutions\/bars-et-cafes\/#primaryimage\",\"url\":\"https:\/\/www.electroluxprofessional.com\/fr\/wp-content\/uploads\/2016\/11\/bar-cafe.jpg\",\"contentUrl\":\"https:\/\/www.electroluxprofessional.com\/fr\/wp-content\/uploads\/2016\/11\/bar-cafe.jpg\",\"width\":700,\"height\":700,\"caption\":\"Bars &amp; Caf\u00e9s\"},{\"@type\":\"BreadcrumbList\",\"@id\":\"https:\/\/www.electroluxprofessional.com\/fr\/solutions\/bars-et-cafes\/#breadcrumb\",\"itemListElement\":[{\"@type\":\"ListItem\",\"position\":1,\"name\":\"Home\",\"item\":\"https:\/\/www.electroluxprofessional.com\/fr\/\"},{\"@type\":\"ListItem\",\"position\":2,\"name\":\"Solutions\",\"item\":\"https:\/\/www.electroluxprofessional.com\/fr\/solutions\/\"},{\"@type\":\"ListItem\",\"position\":3,\"name\":\"Bars et caf\u00e9s\"}]},{\"@type\":\"WebSite\",\"@id\":\"https:\/\/www.electroluxprofessional.com\/fr\/#website\",\"url\":\"https:\/\/www.electroluxprofessional.com\/fr\/\",\"name\":\"Electrolux Professional France\",\"description\":\"\",\"potentialAction\":[{\"@type\":\"SearchAction\",\"target\":{\"@type\":\"EntryPoint\",\"urlTemplate\":\"https:\/\/www.electroluxprofessional.com\/fr\/?src={search_term_string}\"},\"query-input\":\"required name=search_term_string\"}],\"inLanguage\":\"fr-FR\"}]}<\/script>\n<!-- \/ Yoast SEO plugin. -->","yoast_head_json":{"title":"Solutions Bars et Caf\u00e9s | Electrolux Professional","description":"D\u00e9couvrez nos solutions pour bars et caf\u00e9s: lave-verres \u00e9lectronique, grill haute vitesse SpeeDelight et \u00e9quipements de boisson professionnels.","robots":{"index":"index","follow":"follow","max-snippet":"max-snippet:-1","max-image-preview":"max-image-preview:large","max-video-preview":"max-video-preview:-1"},"canonical":"https:\/\/www.electroluxprofessional.com\/fr\/solutions\/bars-et-cafes\/","og_locale":"fr_FR","og_type":"article","og_title":"Solutions Bars et Caf\u00e9s | Electrolux Professional","og_description":"D\u00e9couvrez nos solutions pour bars et caf\u00e9s: lave-verres \u00e9lectronique, grill haute vitesse SpeeDelight et \u00e9quipements de boisson professionnels.","og_url":"https:\/\/www.electroluxprofessional.com\/fr\/solutions\/bars-et-cafes\/","og_site_name":"Electrolux Professional France","article_modified_time":"2026-03-17T15:28:01+00:00","og_image":[{"width":700,"height":700,"url":"https:\/\/www.electroluxprofessional.com\/fr\/wp-content\/uploads\/2016\/11\/bar-cafe.jpg","type":"image\/jpeg"}],"twitter_card":"summary_large_image","twitter_misc":{"Dur\u00e9e de lecture estim\u00e9e":"2 minutes"},"schema":{"@context":"https:\/\/schema.org","@graph":[{"@type":"WebPage","@id":"https:\/\/www.electroluxprofessional.com\/fr\/solutions\/bars-et-cafes\/","url":"https:\/\/www.electroluxprofessional.com\/fr\/solutions\/bars-et-cafes\/","name":"Solutions Bars et Caf\u00e9s | Electrolux Professional","isPartOf":{"@id":"https:\/\/www.electroluxprofessional.com\/fr\/#website"},"primaryImageOfPage":{"@id":"https:\/\/www.electroluxprofessional.com\/fr\/solutions\/bars-et-cafes\/#primaryimage"},"image":{"@id":"https:\/\/www.electroluxprofessional.com\/fr\/solutions\/bars-et-cafes\/#primaryimage"},"thumbnailUrl":"https:\/\/www.electroluxprofessional.com\/fr\/wp-content\/uploads\/2016\/11\/bar-cafe.jpg","datePublished":"2025-03-20T16:15:00+00:00","dateModified":"2026-03-17T15:28:01+00:00","description":"D\u00e9couvrez nos solutions pour bars et caf\u00e9s: lave-verres \u00e9lectronique, grill haute vitesse SpeeDelight et \u00e9quipements de boisson professionnels.","breadcrumb":{"@id":"https:\/\/www.electroluxprofessional.com\/fr\/solutions\/bars-et-cafes\/#breadcrumb"},"inLanguage":"fr-FR","potentialAction":[{"@type":"ReadAction","target":["https:\/\/www.electroluxprofessional.com\/fr\/solutions\/bars-et-cafes\/"]}]},{"@type":"ImageObject","inLanguage":"fr-FR","@id":"https:\/\/www.electroluxprofessional.com\/fr\/solutions\/bars-et-cafes\/#primaryimage","url":"https:\/\/www.electroluxprofessional.com\/fr\/wp-content\/uploads\/2016\/11\/bar-cafe.jpg","contentUrl":"https:\/\/www.electroluxprofessional.com\/fr\/wp-content\/uploads\/2016\/11\/bar-cafe.jpg","width":700,"height":700,"caption":"Bars &amp; Caf\u00e9s"},{"@type":"BreadcrumbList","@id":"https:\/\/www.electroluxprofessional.com\/fr\/solutions\/bars-et-cafes\/#breadcrumb","itemListElement":[{"@type":"ListItem","position":1,"name":"Home","item":"https:\/\/www.electroluxprofessional.com\/fr\/"},{"@type":"ListItem","position":2,"name":"Solutions","item":"https:\/\/www.electroluxprofessional.com\/fr\/solutions\/"},{"@type":"ListItem","position":3,"name":"Bars et caf\u00e9s"}]},{"@type":"WebSite","@id":"https:\/\/www.electroluxprofessional.com\/fr\/#website","url":"https:\/\/www.electroluxprofessional.com\/fr\/","name":"Electrolux Professional France","description":"","potentialAction":[{"@type":"SearchAction","target":{"@type":"EntryPoint","urlTemplate":"https:\/\/www.electroluxprofessional.com\/fr\/?src={search_term_string}"},"query-input":"required name=search_term_string"}],"inLanguage":"fr-FR"}]}},"_links":{"self":[{"href":"https:\/\/www.electroluxprofessional.com\/fr\/wp-json\/wp\/v2\/pages\/27077"}],"collection":[{"href":"https:\/\/www.electroluxprofessional.com\/fr\/wp-json\/wp\/v2\/pages"}],"about":[{"href":"https:\/\/www.electroluxprofessional.com\/fr\/wp-json\/wp\/v2\/types\/page"}],"author":[{"embeddable":true,"href":"https:\/\/www.electroluxprofessional.com\/fr\/wp-json\/wp\/v2\/users\/616"}],"replies":[{"embeddable":true,"href":"https:\/\/www.electroluxprofessional.com\/fr\/wp-json\/wp\/v2\/comments?post=27077"}],"version-history":[{"count":19,"href":"https:\/\/www.electroluxprofessional.com\/fr\/wp-json\/wp\/v2\/pages\/27077\/revisions"}],"predecessor-version":[{"id":31176,"href":"https:\/\/www.electroluxprofessional.com\/fr\/wp-json\/wp\/v2\/pages\/27077\/revisions\/31176"}],"up":[{"embeddable":true,"href":"https:\/\/www.electroluxprofessional.com\/fr\/wp-json\/wp\/v2\/pages\/2593"}],"wp:featuredmedia":[{"embeddable":true,"href":"https:\/\/www.electroluxprofessional.com\/fr\/wp-json\/wp\/v2\/media\/1264"}],"wp:attachment":[{"href":"https:\/\/www.electroluxprofessional.com\/fr\/wp-json\/wp\/v2\/media?parent=27077"}],"curies":[{"name":"wp","href":"https:\/\/api.w.org\/{rel}","templated":true}]}}