{"id":26851,"date":"2025-02-17T16:13:37","date_gmt":"2025-02-17T16:13:37","guid":{"rendered":"https:\/\/www.electroluxprofessional.com\/fr\/?page_id=26851"},"modified":"2026-03-07T08:38:14","modified_gmt":"2026-03-07T08:38:14","slug":"calculateur-remplacement","status":"publish","type":"page","link":"https:\/\/www.electroluxprofessional.com\/fr\/solutions-line-6000\/calculateur-remplacement\/","title":{"rendered":"Calculateur &#8211; Remplacement"},"content":{"rendered":"<p>[vc_row full_width=&#8221;electroluxpro-full-width-no-padding&#8221;][vc_column][elx_image align=&#8221;text-center&#8221; image_media_library=&#8221;26834&#8243; image_media_library_mobile=&#8221;26835&#8243;][\/vc_column][\/vc_row][vc_row][vc_column][vc_empty_space][elx_heading font_container=&#8221;h1&#8243; text_color=&#8221;inherit&#8221; text_align=&#8221;text-center&#8221;]D\u00e9couvrez combien vous pourriez \u00e9conomiser [\/elx_heading][elx_heading font_container=&#8221;h3&#8243; text_color=&#8221;inherit&#8221; text_align=&#8221;text-center&#8221;]en rempla\u00e7ant votre \u00e9quipement actuel par des solutions Line 6000[\/elx_heading][vc_empty_space][elx_o2000_mix_up_calculator language=&#8221;fr&#8221; country=&#8221;France&#8221;][vc_empty_space][\/vc_column][\/vc_row][vc_row full_width=&#8221;electroluxpro-container-no-padding&#8221; disable_element=&#8221;yes&#8221;][vc_column][vc_column_text]<\/p>\n<h3 style=\"text-align: center;\">Contact us now to discover how you can start saving money right away!<\/h3>\n<p>[\/vc_column_text][vc_empty_space][elx_o2000_contact_us flag_hide_request_type=&#8221;true&#8221; b=&#8221;laundry&#8221;][vc_empty_space][\/vc_column][\/vc_row]<\/p>\n","protected":false},"excerpt":{"rendered":"<p>[vc_row full_width=&#8221;electroluxpro-full-width-no-padding&#8221;][vc_column][elx_image align=&#8221;text-center&#8221; image_media_library=&#8221;26834&#8243; image_media_library_mobile=&#8221;26835&#8243;][\/vc_column][\/vc_row][vc_row][vc_column][vc_empty_space][elx_heading font_container=&#8221;h1&#8243; text_color=&#8221;inherit&#8221; text_align=&#8221;text-center&#8221;]D\u00e9couvrez combien vous pourriez \u00e9conomiser [\/elx_heading][elx_heading font_container=&#8221;h3&#8243; text_color=&#8221;inherit&#8221; text_align=&#8221;text-center&#8221;]en rempla\u00e7ant votre \u00e9quipement actuel par des solutions Line 6000[\/elx_heading][vc_empty_space][elx_o2000_mix_up_calculator language=&#8221;fr&#8221; country=&#8221;France&#8221;][vc_empty_space][\/vc_column][\/vc_row][vc_row full_width=&#8221;electroluxpro-container-no-padding&#8221; disable_element=&#8221;yes&#8221;][vc_column][vc_column_text] Contact us now to discover how you can start saving money right away! [\/vc_column_text][vc_empty_space][elx_o2000_contact_us flag_hide_request_type=&#8221;true&#8221; b=&#8221;laundry&#8221;][vc_empty_space][\/vc_column][\/vc_row]<\/p>\n","protected":false},"author":93,"featured_media":0,"parent":24893,"menu_order":0,"comment_status":"closed","ping_status":"closed","template":"","meta":{"footnotes":""},"class_list":["post-26851","page","type-page","status-publish","hentry"],"acf":[],"yoast_head":"<!-- This site is optimized with the Yoast SEO plugin v23.3 - https:\/\/yoast.com\/wordpress\/plugins\/seo\/ -->\n<title>Calculateur de Remplacement Line 6000 | Electrolux Professional<\/title>\n<meta name=\"description\" content=\"D\u00e9couvrez notre calculateur de remplacement Line 6000: estimez vos \u00e9conomies d&#039;\u00e9nergie et d&#039;eau. Optimisez votre investissement en blanchisserie professionnelle.\" \/>\n<meta name=\"robots\" content=\"index, follow, max-snippet:-1, max-image-preview:large, max-video-preview:-1\" \/>\n<link rel=\"canonical\" href=\"https:\/\/www.electroluxprofessional.com\/fr\/solutions-line-6000\/calculateur-remplacement\/\" \/>\n<meta property=\"og:locale\" content=\"fr_FR\" \/>\n<meta property=\"og:type\" content=\"article\" \/>\n<meta property=\"og:title\" content=\"Calculateur de Remplacement Line 6000 | Electrolux Professional\" \/>\n<meta property=\"og:description\" content=\"D\u00e9couvrez notre calculateur de remplacement Line 6000: estimez vos \u00e9conomies d&#039;\u00e9nergie et d&#039;eau. Optimisez votre investissement en blanchisserie professionnelle.\" \/>\n<meta property=\"og:url\" content=\"https:\/\/www.electroluxprofessional.com\/fr\/solutions-line-6000\/calculateur-remplacement\/\" \/>\n<meta property=\"og:site_name\" content=\"Electrolux Professional France\" \/>\n<meta property=\"article:modified_time\" content=\"2026-03-07T08:38:14+00:00\" \/>\n<meta name=\"twitter:card\" content=\"summary_large_image\" \/>\n<meta name=\"twitter:label1\" content=\"Dur\u00e9e de lecture estim\u00e9e\" \/>\n\t<meta name=\"twitter:data1\" content=\"1 minute\" \/>\n<script type=\"application\/ld+json\" class=\"yoast-schema-graph\">{\"@context\":\"https:\/\/schema.org\",\"@graph\":[{\"@type\":\"WebPage\",\"@id\":\"https:\/\/www.electroluxprofessional.com\/fr\/solutions-line-6000\/calculateur-remplacement\/\",\"url\":\"https:\/\/www.electroluxprofessional.com\/fr\/solutions-line-6000\/calculateur-remplacement\/\",\"name\":\"Calculateur de Remplacement Line 6000 | Electrolux Professional\",\"isPartOf\":{\"@id\":\"https:\/\/www.electroluxprofessional.com\/fr\/#website\"},\"datePublished\":\"2025-02-17T16:13:37+00:00\",\"dateModified\":\"2026-03-07T08:38:14+00:00\",\"description\":\"D\u00e9couvrez notre calculateur de remplacement Line 6000: estimez vos \u00e9conomies d'\u00e9nergie et d'eau. Optimisez votre investissement en blanchisserie professionnelle.\",\"breadcrumb\":{\"@id\":\"https:\/\/www.electroluxprofessional.com\/fr\/solutions-line-6000\/calculateur-remplacement\/#breadcrumb\"},\"inLanguage\":\"fr-FR\",\"potentialAction\":[{\"@type\":\"ReadAction\",\"target\":[\"https:\/\/www.electroluxprofessional.com\/fr\/solutions-line-6000\/calculateur-remplacement\/\"]}]},{\"@type\":\"BreadcrumbList\",\"@id\":\"https:\/\/www.electroluxprofessional.com\/fr\/solutions-line-6000\/calculateur-remplacement\/#breadcrumb\",\"itemListElement\":[{\"@type\":\"ListItem\",\"position\":1,\"name\":\"Home\",\"item\":\"https:\/\/www.electroluxprofessional.com\/fr\/\"},{\"@type\":\"ListItem\",\"position\":2,\"name\":\"Solutions de blanchisserie Line 6000\",\"item\":\"https:\/\/www.electroluxprofessional.com\/fr\/solutions-line-6000\/\"},{\"@type\":\"ListItem\",\"position\":3,\"name\":\"Calculateur &#8211; Remplacement\"}]},{\"@type\":\"WebSite\",\"@id\":\"https:\/\/www.electroluxprofessional.com\/fr\/#website\",\"url\":\"https:\/\/www.electroluxprofessional.com\/fr\/\",\"name\":\"Electrolux Professional France\",\"description\":\"\",\"potentialAction\":[{\"@type\":\"SearchAction\",\"target\":{\"@type\":\"EntryPoint\",\"urlTemplate\":\"https:\/\/www.electroluxprofessional.com\/fr\/?src={search_term_string}\"},\"query-input\":\"required name=search_term_string\"}],\"inLanguage\":\"fr-FR\"}]}<\/script>\n<!-- \/ Yoast SEO plugin. -->","yoast_head_json":{"title":"Calculateur de Remplacement Line 6000 | Electrolux Professional","description":"D\u00e9couvrez notre calculateur de remplacement Line 6000: estimez vos \u00e9conomies d'\u00e9nergie et d'eau. Optimisez votre investissement en blanchisserie professionnelle.","robots":{"index":"index","follow":"follow","max-snippet":"max-snippet:-1","max-image-preview":"max-image-preview:large","max-video-preview":"max-video-preview:-1"},"canonical":"https:\/\/www.electroluxprofessional.com\/fr\/solutions-line-6000\/calculateur-remplacement\/","og_locale":"fr_FR","og_type":"article","og_title":"Calculateur de Remplacement Line 6000 | Electrolux Professional","og_description":"D\u00e9couvrez notre calculateur de remplacement Line 6000: estimez vos \u00e9conomies d'\u00e9nergie et d'eau. Optimisez votre investissement en blanchisserie professionnelle.","og_url":"https:\/\/www.electroluxprofessional.com\/fr\/solutions-line-6000\/calculateur-remplacement\/","og_site_name":"Electrolux Professional France","article_modified_time":"2026-03-07T08:38:14+00:00","twitter_card":"summary_large_image","twitter_misc":{"Dur\u00e9e de lecture estim\u00e9e":"1 minute"},"schema":{"@context":"https:\/\/schema.org","@graph":[{"@type":"WebPage","@id":"https:\/\/www.electroluxprofessional.com\/fr\/solutions-line-6000\/calculateur-remplacement\/","url":"https:\/\/www.electroluxprofessional.com\/fr\/solutions-line-6000\/calculateur-remplacement\/","name":"Calculateur de Remplacement Line 6000 | Electrolux Professional","isPartOf":{"@id":"https:\/\/www.electroluxprofessional.com\/fr\/#website"},"datePublished":"2025-02-17T16:13:37+00:00","dateModified":"2026-03-07T08:38:14+00:00","description":"D\u00e9couvrez notre calculateur de remplacement Line 6000: estimez vos \u00e9conomies d'\u00e9nergie et d'eau. Optimisez votre investissement en blanchisserie professionnelle.","breadcrumb":{"@id":"https:\/\/www.electroluxprofessional.com\/fr\/solutions-line-6000\/calculateur-remplacement\/#breadcrumb"},"inLanguage":"fr-FR","potentialAction":[{"@type":"ReadAction","target":["https:\/\/www.electroluxprofessional.com\/fr\/solutions-line-6000\/calculateur-remplacement\/"]}]},{"@type":"BreadcrumbList","@id":"https:\/\/www.electroluxprofessional.com\/fr\/solutions-line-6000\/calculateur-remplacement\/#breadcrumb","itemListElement":[{"@type":"ListItem","position":1,"name":"Home","item":"https:\/\/www.electroluxprofessional.com\/fr\/"},{"@type":"ListItem","position":2,"name":"Solutions de blanchisserie Line 6000","item":"https:\/\/www.electroluxprofessional.com\/fr\/solutions-line-6000\/"},{"@type":"ListItem","position":3,"name":"Calculateur &#8211; Remplacement"}]},{"@type":"WebSite","@id":"https:\/\/www.electroluxprofessional.com\/fr\/#website","url":"https:\/\/www.electroluxprofessional.com\/fr\/","name":"Electrolux Professional France","description":"","potentialAction":[{"@type":"SearchAction","target":{"@type":"EntryPoint","urlTemplate":"https:\/\/www.electroluxprofessional.com\/fr\/?src={search_term_string}"},"query-input":"required name=search_term_string"}],"inLanguage":"fr-FR"}]}},"_links":{"self":[{"href":"https:\/\/www.electroluxprofessional.com\/fr\/wp-json\/wp\/v2\/pages\/26851"}],"collection":[{"href":"https:\/\/www.electroluxprofessional.com\/fr\/wp-json\/wp\/v2\/pages"}],"about":[{"href":"https:\/\/www.electroluxprofessional.com\/fr\/wp-json\/wp\/v2\/types\/page"}],"author":[{"embeddable":true,"href":"https:\/\/www.electroluxprofessional.com\/fr\/wp-json\/wp\/v2\/users\/93"}],"replies":[{"embeddable":true,"href":"https:\/\/www.electroluxprofessional.com\/fr\/wp-json\/wp\/v2\/comments?post=26851"}],"version-history":[{"count":6,"href":"https:\/\/www.electroluxprofessional.com\/fr\/wp-json\/wp\/v2\/pages\/26851\/revisions"}],"predecessor-version":[{"id":30824,"href":"https:\/\/www.electroluxprofessional.com\/fr\/wp-json\/wp\/v2\/pages\/26851\/revisions\/30824"}],"up":[{"embeddable":true,"href":"https:\/\/www.electroluxprofessional.com\/fr\/wp-json\/wp\/v2\/pages\/24893"}],"wp:attachment":[{"href":"https:\/\/www.electroluxprofessional.com\/fr\/wp-json\/wp\/v2\/media?parent=26851"}],"curies":[{"name":"wp","href":"https:\/\/api.w.org\/{rel}","templated":true}]}}