{"id":26836,"date":"2025-02-17T10:42:34","date_gmt":"2025-02-17T10:42:34","guid":{"rendered":"https:\/\/www.electroluxprofessional.com\/fr\/?page_id=26836"},"modified":"2026-03-30T09:17:32","modified_gmt":"2026-03-30T09:17:32","slug":"calculateur","status":"publish","type":"page","link":"https:\/\/www.electroluxprofessional.com\/fr\/equipement-blanchisserie\/seche-linge-pompe-a-chaleur-line-6000\/calculateur\/","title":{"rendered":"Calculateur"},"content":{"rendered":"<p>[vc_row full_width=&#8221;electroluxpro-full-width-no-padding&#8221;][vc_column][elx_image align=&#8221;text-center&#8221; image_media_library=&#8221;26834&#8243; image_media_library_mobile=&#8221;26835&#8243;][\/vc_column][\/vc_row][vc_row][vc_column][vc_empty_space][elx_heading font_container=&#8221;h1&#8243; text_color=&#8221;inherit&#8221; text_align=&#8221;text-center&#8221;]Calculateur d&#8217;\u00c9conomies S\u00e8che-linge Pompe \u00e0 Chaleur Line 6000[\/elx_heading][vc_column_text]<\/p>\n<p style=\"text-align: center;\">Les prix de l&#8217;\u00e9nergie augmentent constamment, c&#8217;est pourquoi les s\u00e9choirs pompe \u00e0 chaleur Line 6000 ont \u00e9t\u00e9 con\u00e7us pour offrir un nombre \u00e9lev\u00e9 de cycles tout en r\u00e9alisant des \u00e9conomies d&#8217;\u00e9nergie substantielles.<\/p>\n<p>[\/vc_column_text][vc_empty_space][vc_column_text]<\/p>\n<h3 style=\"text-align: center;\">Calculez vos \u00e9conomies potentielles<br \/>\ngr\u00e2ce aux s\u00e8che-linge pompe \u00e0 chaleur Line 6000<\/h3>\n<p>[\/vc_column_text][vc_empty_space][elx_o2000_electric_vs_hp_dryer_calculator language=&#8221;fr&#8221; country=&#8221;France&#8221;][vc_empty_space][\/vc_column][\/vc_row][vc_row full_width=&#8221;electroluxpro-container-no-padding&#8221; disable_element=&#8221;yes&#8221;][vc_column][vc_column_text]<\/p>\n<h3 style=\"text-align: center;\">Contact us now to discover how you can start saving money right away!<\/h3>\n<p>[\/vc_column_text][vc_empty_space][elx_o2000_contact_us flag_hide_request_type=&#8221;true&#8221; b=&#8221;laundry&#8221;][vc_empty_space][\/vc_column][\/vc_row]<\/p>\n","protected":false},"excerpt":{"rendered":"<p>[vc_row full_width=&#8221;electroluxpro-full-width-no-padding&#8221;][vc_column][elx_image align=&#8221;text-center&#8221; image_media_library=&#8221;26834&#8243; image_media_library_mobile=&#8221;26835&#8243;][\/vc_column][\/vc_row][vc_row][vc_column][vc_empty_space][elx_heading font_container=&#8221;h1&#8243; text_color=&#8221;inherit&#8221; text_align=&#8221;text-center&#8221;]Calculateur d&#8217;\u00c9conomies S\u00e8che-linge Pompe \u00e0 Chaleur Line 6000[\/elx_heading][vc_column_text] Les prix de l&#8217;\u00e9nergie augmentent constamment, c&#8217;est pourquoi les s\u00e9choirs pompe \u00e0 chaleur Line 6000 ont \u00e9t\u00e9 con\u00e7us pour offrir un nombre \u00e9lev\u00e9 de cycles tout en r\u00e9alisant des \u00e9conomies d&#8217;\u00e9nergie substantielles. [\/vc_column_text][vc_empty_space][vc_column_text] Calculez vos \u00e9conomies potentielles gr\u00e2ce aux s\u00e8che-linge [&hellip;]<\/p>\n","protected":false},"author":93,"featured_media":0,"parent":24491,"menu_order":0,"comment_status":"closed","ping_status":"closed","template":"","meta":{"footnotes":""},"class_list":["post-26836","page","type-page","status-publish","hentry"],"acf":[],"yoast_head":"<!-- This site is optimized with the Yoast SEO plugin v23.3 - https:\/\/yoast.com\/wordpress\/plugins\/seo\/ -->\n<title>Calculateur S\u00e8che-linge Pompe \u00e0 Chaleur Line 6000 | Electrolux Professional<\/title>\n<meta name=\"description\" content=\"Explorez notre calculateur pour le s\u00e8che-linge pompe \u00e0 chaleur Line 6000 : estimez vos \u00e9conomies d&#039;\u00e9nergie jusqu&#039;\u00e0 65% et optimisez votre productivit\u00e9.\" \/>\n<meta name=\"robots\" content=\"index, follow, max-snippet:-1, max-image-preview:large, max-video-preview:-1\" \/>\n<link rel=\"canonical\" href=\"https:\/\/www.electroluxprofessional.com\/fr\/equipement-blanchisserie\/seche-linge-pompe-a-chaleur-line-6000\/calculateur\/\" \/>\n<meta property=\"og:locale\" content=\"fr_FR\" \/>\n<meta property=\"og:type\" content=\"article\" \/>\n<meta property=\"og:title\" content=\"Calculateur S\u00e8che-linge Pompe \u00e0 Chaleur Line 6000 | Electrolux Professional\" \/>\n<meta property=\"og:description\" content=\"Explorez notre calculateur pour le s\u00e8che-linge pompe \u00e0 chaleur Line 6000 : estimez vos \u00e9conomies d&#039;\u00e9nergie jusqu&#039;\u00e0 65% et optimisez votre productivit\u00e9.\" \/>\n<meta property=\"og:url\" content=\"https:\/\/www.electroluxprofessional.com\/fr\/equipement-blanchisserie\/seche-linge-pompe-a-chaleur-line-6000\/calculateur\/\" \/>\n<meta property=\"og:site_name\" content=\"Electrolux Professional France\" \/>\n<meta property=\"article:modified_time\" content=\"2026-03-30T09:17:32+00:00\" \/>\n<meta name=\"twitter:card\" content=\"summary_large_image\" \/>\n<meta name=\"twitter:label1\" content=\"Dur\u00e9e de lecture estim\u00e9e\" \/>\n\t<meta name=\"twitter:data1\" content=\"1 minute\" \/>\n<script type=\"application\/ld+json\" class=\"yoast-schema-graph\">{\"@context\":\"https:\/\/schema.org\",\"@graph\":[{\"@type\":\"WebPage\",\"@id\":\"https:\/\/www.electroluxprofessional.com\/fr\/equipement-blanchisserie\/seche-linge-pompe-a-chaleur-line-6000\/calculateur\/\",\"url\":\"https:\/\/www.electroluxprofessional.com\/fr\/equipement-blanchisserie\/seche-linge-pompe-a-chaleur-line-6000\/calculateur\/\",\"name\":\"Calculateur S\u00e8che-linge Pompe \u00e0 Chaleur Line 6000 | Electrolux Professional\",\"isPartOf\":{\"@id\":\"https:\/\/www.electroluxprofessional.com\/fr\/#website\"},\"datePublished\":\"2025-02-17T10:42:34+00:00\",\"dateModified\":\"2026-03-30T09:17:32+00:00\",\"description\":\"Explorez notre calculateur pour le s\u00e8che-linge pompe \u00e0 chaleur Line 6000 : estimez vos \u00e9conomies d'\u00e9nergie jusqu'\u00e0 65% et optimisez votre productivit\u00e9.\",\"breadcrumb\":{\"@id\":\"https:\/\/www.electroluxprofessional.com\/fr\/equipement-blanchisserie\/seche-linge-pompe-a-chaleur-line-6000\/calculateur\/#breadcrumb\"},\"inLanguage\":\"fr-FR\",\"potentialAction\":[{\"@type\":\"ReadAction\",\"target\":[\"https:\/\/www.electroluxprofessional.com\/fr\/equipement-blanchisserie\/seche-linge-pompe-a-chaleur-line-6000\/calculateur\/\"]}]},{\"@type\":\"BreadcrumbList\",\"@id\":\"https:\/\/www.electroluxprofessional.com\/fr\/equipement-blanchisserie\/seche-linge-pompe-a-chaleur-line-6000\/calculateur\/#breadcrumb\",\"itemListElement\":[{\"@type\":\"ListItem\",\"position\":1,\"name\":\"Home\",\"item\":\"https:\/\/www.electroluxprofessional.com\/fr\/\"},{\"@type\":\"ListItem\",\"position\":2,\"name\":\"Equipements de blanchisserie professionnelle\",\"item\":\"https:\/\/www.electroluxprofessional.com\/fr\/equipement-blanchisserie\/\"},{\"@type\":\"ListItem\",\"position\":3,\"name\":\"S\u00e8che-linge professionnels pompe \u00e0 chaleur Line 6000\",\"item\":\"https:\/\/www.electroluxprofessional.com\/fr\/equipement-blanchisserie\/seche-linge-pompe-a-chaleur-line-6000\/\"},{\"@type\":\"ListItem\",\"position\":4,\"name\":\"Calculateur\"}]},{\"@type\":\"WebSite\",\"@id\":\"https:\/\/www.electroluxprofessional.com\/fr\/#website\",\"url\":\"https:\/\/www.electroluxprofessional.com\/fr\/\",\"name\":\"Electrolux Professional France\",\"description\":\"\",\"potentialAction\":[{\"@type\":\"SearchAction\",\"target\":{\"@type\":\"EntryPoint\",\"urlTemplate\":\"https:\/\/www.electroluxprofessional.com\/fr\/?src={search_term_string}\"},\"query-input\":\"required name=search_term_string\"}],\"inLanguage\":\"fr-FR\"}]}<\/script>\n<!-- \/ Yoast SEO plugin. -->","yoast_head_json":{"title":"Calculateur S\u00e8che-linge Pompe \u00e0 Chaleur Line 6000 | Electrolux Professional","description":"Explorez notre calculateur pour le s\u00e8che-linge pompe \u00e0 chaleur Line 6000 : estimez vos \u00e9conomies d'\u00e9nergie jusqu'\u00e0 65% et optimisez votre productivit\u00e9.","robots":{"index":"index","follow":"follow","max-snippet":"max-snippet:-1","max-image-preview":"max-image-preview:large","max-video-preview":"max-video-preview:-1"},"canonical":"https:\/\/www.electroluxprofessional.com\/fr\/equipement-blanchisserie\/seche-linge-pompe-a-chaleur-line-6000\/calculateur\/","og_locale":"fr_FR","og_type":"article","og_title":"Calculateur S\u00e8che-linge Pompe \u00e0 Chaleur Line 6000 | Electrolux Professional","og_description":"Explorez notre calculateur pour le s\u00e8che-linge pompe \u00e0 chaleur Line 6000 : estimez vos \u00e9conomies d'\u00e9nergie jusqu'\u00e0 65% et optimisez votre productivit\u00e9.","og_url":"https:\/\/www.electroluxprofessional.com\/fr\/equipement-blanchisserie\/seche-linge-pompe-a-chaleur-line-6000\/calculateur\/","og_site_name":"Electrolux Professional France","article_modified_time":"2026-03-30T09:17:32+00:00","twitter_card":"summary_large_image","twitter_misc":{"Dur\u00e9e de lecture estim\u00e9e":"1 minute"},"schema":{"@context":"https:\/\/schema.org","@graph":[{"@type":"WebPage","@id":"https:\/\/www.electroluxprofessional.com\/fr\/equipement-blanchisserie\/seche-linge-pompe-a-chaleur-line-6000\/calculateur\/","url":"https:\/\/www.electroluxprofessional.com\/fr\/equipement-blanchisserie\/seche-linge-pompe-a-chaleur-line-6000\/calculateur\/","name":"Calculateur S\u00e8che-linge Pompe \u00e0 Chaleur Line 6000 | Electrolux Professional","isPartOf":{"@id":"https:\/\/www.electroluxprofessional.com\/fr\/#website"},"datePublished":"2025-02-17T10:42:34+00:00","dateModified":"2026-03-30T09:17:32+00:00","description":"Explorez notre calculateur pour le s\u00e8che-linge pompe \u00e0 chaleur Line 6000 : estimez vos \u00e9conomies d'\u00e9nergie jusqu'\u00e0 65% et optimisez votre productivit\u00e9.","breadcrumb":{"@id":"https:\/\/www.electroluxprofessional.com\/fr\/equipement-blanchisserie\/seche-linge-pompe-a-chaleur-line-6000\/calculateur\/#breadcrumb"},"inLanguage":"fr-FR","potentialAction":[{"@type":"ReadAction","target":["https:\/\/www.electroluxprofessional.com\/fr\/equipement-blanchisserie\/seche-linge-pompe-a-chaleur-line-6000\/calculateur\/"]}]},{"@type":"BreadcrumbList","@id":"https:\/\/www.electroluxprofessional.com\/fr\/equipement-blanchisserie\/seche-linge-pompe-a-chaleur-line-6000\/calculateur\/#breadcrumb","itemListElement":[{"@type":"ListItem","position":1,"name":"Home","item":"https:\/\/www.electroluxprofessional.com\/fr\/"},{"@type":"ListItem","position":2,"name":"Equipements de blanchisserie professionnelle","item":"https:\/\/www.electroluxprofessional.com\/fr\/equipement-blanchisserie\/"},{"@type":"ListItem","position":3,"name":"S\u00e8che-linge professionnels pompe \u00e0 chaleur Line 6000","item":"https:\/\/www.electroluxprofessional.com\/fr\/equipement-blanchisserie\/seche-linge-pompe-a-chaleur-line-6000\/"},{"@type":"ListItem","position":4,"name":"Calculateur"}]},{"@type":"WebSite","@id":"https:\/\/www.electroluxprofessional.com\/fr\/#website","url":"https:\/\/www.electroluxprofessional.com\/fr\/","name":"Electrolux Professional France","description":"","potentialAction":[{"@type":"SearchAction","target":{"@type":"EntryPoint","urlTemplate":"https:\/\/www.electroluxprofessional.com\/fr\/?src={search_term_string}"},"query-input":"required name=search_term_string"}],"inLanguage":"fr-FR"}]}},"_links":{"self":[{"href":"https:\/\/www.electroluxprofessional.com\/fr\/wp-json\/wp\/v2\/pages\/26836"}],"collection":[{"href":"https:\/\/www.electroluxprofessional.com\/fr\/wp-json\/wp\/v2\/pages"}],"about":[{"href":"https:\/\/www.electroluxprofessional.com\/fr\/wp-json\/wp\/v2\/types\/page"}],"author":[{"embeddable":true,"href":"https:\/\/www.electroluxprofessional.com\/fr\/wp-json\/wp\/v2\/users\/93"}],"replies":[{"embeddable":true,"href":"https:\/\/www.electroluxprofessional.com\/fr\/wp-json\/wp\/v2\/comments?post=26836"}],"version-history":[{"count":6,"href":"https:\/\/www.electroluxprofessional.com\/fr\/wp-json\/wp\/v2\/pages\/26836\/revisions"}],"predecessor-version":[{"id":31648,"href":"https:\/\/www.electroluxprofessional.com\/fr\/wp-json\/wp\/v2\/pages\/26836\/revisions\/31648"}],"up":[{"embeddable":true,"href":"https:\/\/www.electroluxprofessional.com\/fr\/wp-json\/wp\/v2\/pages\/24491"}],"wp:attachment":[{"href":"https:\/\/www.electroluxprofessional.com\/fr\/wp-json\/wp\/v2\/media?parent=26836"}],"curies":[{"name":"wp","href":"https:\/\/api.w.org\/{rel}","templated":true}]}}