{"id":26104,"date":"2024-12-03T10:42:40","date_gmt":"2024-12-03T10:42:40","guid":{"rendered":"https:\/\/www.electroluxprofessional.com\/fr\/?page_id=26104"},"modified":"2026-03-07T08:22:04","modified_gmt":"2026-03-07T08:22:04","slug":"sirha-2025","status":"publish","type":"page","link":"https:\/\/www.electroluxprofessional.com\/fr\/sirha-2025\/","title":{"rendered":"Sirha &#8211; 2025"},"content":{"rendered":"<p>[vc_row full_width=&#8221;electroluxpro-full-width-no-padding&#8221;][vc_column][elx_full_banner title=&#8221;Revivez l&#8217;exp\u00e9rience du SIRHA dans notre Centre d&#8217;Excellence&#8221; set_as_h1=&#8221;true&#8221; background_image_media_library=&#8221;26331&#8243; link=&#8221;url:%2Ffr%2Fsirha-2025%2F%23contact|title:Prendre%20RDV%20avec%20Cheffe%20Patricia&#8221; extra_class=&#8221;background-banner&#8211;2&#8243; background_image_media_library_mobile=&#8221;26647&#8243;][\/vc_column][\/vc_row][vc_row full_width=&#8221;electroluxpro-container-no-padding&#8221; css=&#8221;.vc_custom_1724250555827{padding-top: 50px !important;padding-bottom: 50px !important;}&#8221;][vc_column width=&#8221;2\/3&#8243; css=&#8221;.vc_custom_1723562715687{padding-top: 30px !important;padding-bottom: 30px !important;}&#8221;][elx_image_block background_image=&#8221;26085&#8243; minimum_height=&#8221;575px&#8221;][\/vc_column][vc_column width=&#8221;1\/3&#8243;][vc_empty_space height=&#8221;75px&#8221; el_class=&#8221;space_between&#8221;][elx_simple_block text_color=&#8221;white&#8221; background_color=&#8221;inherit&#8221; background_image=&#8221;26499&#8243;][elx_heading text_color=&#8221;white&#8221; text_align=&#8221;text-left&#8221;]Les principaux avantages des \u00e9quipements Electrolux Professional:[\/elx_heading][vc_column_text]\u25ab\ufe0f Faciliter votre activit\u00e9 de travail<br \/>\n\u25ab\ufe0f Assurer toujours plus de rentabilit\u00e9 gr\u00e2ce \u00e0 un mat\u00e9riel performant<br \/>\n\u25ab\ufe0f R\u00e9duire vos co\u00fbts op\u00e9rationnels et \u00e9nerg\u00e9tiques<br \/>\n\u25ab\ufe0f Orienter votre activit\u00e9 vers un avenir toujours plus durable[\/vc_column_text][\/elx_simple_block][\/vc_column][\/vc_row][vc_row full_width=&#8221;electroluxpro-container-no-padding&#8221; disable_element=&#8221;yes&#8221; css=&#8221;.vc_custom_1738081105356{padding-top: 50px !important;padding-bottom: 50px !important;}&#8221;][vc_column width=&#8221;2\/3&#8243; css=&#8221;.vc_custom_1723562715687{padding-top: 30px !important;padding-bottom: 30px !important;}&#8221;][elx_image_block background_image=&#8221;26085&#8243; minimum_height=&#8221;575px&#8221;][\/vc_column][vc_column width=&#8221;1\/3&#8243;][vc_empty_space height=&#8221;75px&#8221; el_class=&#8221;space_between&#8221;][elx_simple_block text_color=&#8221;white&#8221; background_color=&#8221;inherit&#8221; background_image=&#8221;26499&#8243;][elx_heading text_color=&#8221;white&#8221; text_align=&#8221;text-left&#8221;]Que faire au SIRHA \u00e0 Lyon du 23 au 27 janvier ?[\/elx_heading][vc_column_text]<strong>D\u00e9couvrez les solutions Electrolux Professional et :<\/strong><\/p>\n<p>\u25ab\ufe0f Facilitez votre activit\u00e9 de travail<br \/>\n\u25ab\ufe0f Assurez toujours plus de rentabilit\u00e9 gr\u00e2ce \u00e0 un mat\u00e9riel performant<br \/>\n\u25ab\ufe0f R\u00e9duisez vos co\u00fbts op\u00e9rationnels et \u00e9nerg\u00e9tiques<br \/>\n\u25ab\ufe0f Orientez votre activit\u00e9 vers un avenir toujours plus durable[\/vc_column_text][\/elx_simple_block][\/vc_column][\/vc_row][vc_row css=&#8221;.vc_custom_1733475600367{padding-top: 30px !important;padding-bottom: 50px !important;}&#8221;][vc_column][elx_heading font_size=&#8221;h1&#8243; text_color=&#8221;electrolux-blue&#8221; text_align=&#8221;text-center&#8221;]Nos solutions de restauration ont \u00e9t\u00e9 con\u00e7ues pour r\u00e9pondre aux enjeux de diff\u00e9rents secteurs :[\/elx_heading][vc_empty_space height=&#8221;50px&#8221;][vc_row_inner][vc_column_inner width=&#8221;1\/3&#8243;][vc_single_image image=&#8221;26092&#8243; img_size=&#8221;full&#8221; alignment=&#8221;center&#8221;][vc_column_text]<\/p>\n<p style=\"text-align: center;\"><strong>Restaurateurs<\/strong><\/p>\n<p>[\/vc_column_text][vc_empty_space height=&#8221;50px&#8221;][\/vc_column_inner][vc_column_inner width=&#8221;1\/3&#8243;][vc_single_image image=&#8221;26096&#8243; img_size=&#8221;150&#215;150&#8243; alignment=&#8221;center&#8221;][vc_column_text]<\/p>\n<p style=\"text-align: center;\"><b>Collectivit\u00e9s<\/b><\/p>\n<p>[\/vc_column_text][vc_empty_space height=&#8221;50px&#8221;][\/vc_column_inner][vc_column_inner width=&#8221;1\/3&#8243;][vc_single_image image=&#8221;26168&#8243; img_size=&#8221;150px&#8221; alignment=&#8221;center&#8221;][vc_column_text]<\/p>\n<p style=\"text-align: center;\"><b>Snacking<\/b><\/p>\n<p>[\/vc_column_text][vc_empty_space height=&#8221;50px&#8221;][\/vc_column_inner][\/vc_row_inner][\/vc_column][\/vc_row][vc_row full_width=&#8221;electroluxpro-full-width-no-padding&#8221; disable_element=&#8221;yes&#8221;][vc_column][elx_hero_slider text_position=&#8221;hero_slider_text_align_right&#8221; text_color=&#8221;electrolux-blue&#8221; label_text_color=&#8221;white&#8221; background_colors=&#8221;background-blue&#8221; width_box=&#8221;col-md-12&#8243; images=&#8221;26337&#8243; extra_class=&#8221;background-banner&#8221;][elx_heading text_color=&#8221;white&#8221;]Retrouvez des d\u00e9mos culinaires tout au long de la journ\u00e9e ![\/elx_heading][vc_column_text]<span style=\"color: #ffffff;\">D\u00e9couvrez nos solutions pour la restauration et assistez aux d\u00e9mos culinaires de Chefs Patricia et Henry sur notre stand 5A48.<\/span><\/p>\n<p><span style=\"color: #ffffff;\">Au Food Court <i>Village le Tour des Terroirs <\/i>, Hall 2.1, vous pouvez d\u00e9guster les plats cuisin\u00e9s par des Chefs renomm\u00e9s sur les 3 cuisines Electrolux Professional:<\/span><\/p>\n<p><span style=\"color: #ffffff;\"><strong>\u25ab\ufe0f\u00a0une cuisine snacking\u00a0<\/strong> avec le LiberoPro 3 modules<\/span><\/p>\n<p><span style=\"color: #ffffff;\"><strong>\u25ab\ufe0f une cuisine bistronomique<\/strong> avec un fourneau therma<i>line<\/i> fabriqu\u00e9 sur mesure<\/span><\/p>\n<p><span style=\"color: #ffffff;\"><strong>\u25ab\ufe0f une cuisine gastronomique<\/strong> avec le fourneau Molteni Ligne 1923, fabriqu\u00e9 \u00e0 St Vallier dans la Dr\u00f4me<\/span>[\/vc_column_text][vc_empty_space height=&#8221;10px&#8221;][\/elx_hero_slider][\/vc_column][\/vc_row][vc_row disable_element=&#8221;yes&#8221;][vc_column][vc_empty_space height=&#8221;50px&#8221;][elx_heading font_size=&#8221;h1&#8243; text_color=&#8221;electrolux-blue&#8221; text_align=&#8221;text-center&#8221;]D\u00e9couvrez les cuisines Electrolux Professional install\u00e9es sur le Food Court \u00ab Tour des Terroirs \u00bb[\/elx_heading][\/vc_column][\/vc_row][vc_row full_width=&#8221;electroluxpro-container-no-padding&#8221; disable_element=&#8221;yes&#8221; css=&#8221;.vc_custom_1734616132860{padding-top: 50px !important;padding-bottom: 50px !important;}&#8221;][vc_column width=&#8221;2\/3&#8243; css=&#8221;.vc_custom_1723562715687{padding-top: 30px !important;padding-bottom: 30px !important;}&#8221;][elx_image_block background_image=&#8221;26317&#8243; minimum_height=&#8221;575px&#8221;][\/vc_column][vc_column width=&#8221;1\/3&#8243;][vc_empty_space height=&#8221;75px&#8221; el_class=&#8221;space_between&#8221;][elx_simple_block text_color=&#8221;white&#8221; background_color=&#8221;inherit&#8221; background_image=&#8221;26280&#8243;][elx_heading text_color=&#8221;white&#8221; text_align=&#8221;text-left&#8221;][\/elx_heading][vc_column_text]<strong>La cuisine gastronomique sera \u00e9quip\u00e9e :\u00a0<\/strong><\/p>\n<p>\u25ab\ufe0f d&#8217;un fourneau Molteni Ligne 1923, fabriqu\u00e9 \u00e0 St Vallier dans la Dr\u00f4me<\/p>\n<p>\u25ab\ufe0f de fours SkyLine<\/p>\n<p>\u25ab\ufe0f etc[\/vc_column_text][\/elx_simple_block][\/vc_column][\/vc_row][vc_row full_width=&#8221;electroluxpro-container-no-padding&#8221; disable_element=&#8221;yes&#8221; css=&#8221;.vc_custom_1734616138885{padding-top: 50px !important;padding-bottom: 50px !important;}&#8221;][vc_column width=&#8221;1\/3&#8243;][vc_empty_space height=&#8221;75px&#8221; el_class=&#8221;space_between&#8221;][elx_simple_block text_color=&#8221;white&#8221; background_color=&#8221;inherit&#8221; background_image=&#8221;26282&#8243;][elx_heading text_color=&#8221;white&#8221; text_align=&#8221;text-left&#8221;][\/elx_heading][vc_column_text]<strong>La cuisine bistronomique sera \u00e9quip\u00e9e :\u00a0<\/strong><\/p>\n<p>\u25ab\ufe0f d&#8217;un fourneau therma<em>line<\/em> fabriqu\u00e9 sur mesure exclusif SIRHA<\/p>\n<p>\u25ab\ufe0f d&#8217;un four SkyLine<\/p>\n<p>\u25ab\ufe0f etc[\/vc_column_text][\/elx_simple_block][\/vc_column][vc_column width=&#8221;2\/3&#8243; css=&#8221;.vc_custom_1723562715687{padding-top: 30px !important;padding-bottom: 30px !important;}&#8221;][elx_image_block background_image=&#8221;26344&#8243; minimum_height=&#8221;575px&#8221;][\/vc_column][\/vc_row][vc_row full_width=&#8221;electroluxpro-container-no-padding&#8221; disable_element=&#8221;yes&#8221; css=&#8221;.vc_custom_1734616145803{padding-top: 50px !important;padding-bottom: 50px !important;}&#8221;][vc_column width=&#8221;2\/3&#8243; css=&#8221;.vc_custom_1723562715687{padding-top: 30px !important;padding-bottom: 30px !important;}&#8221;][elx_image_block background_image=&#8221;26346&#8243; minimum_height=&#8221;575px&#8221;][\/vc_column][vc_column width=&#8221;1\/3&#8243;][vc_empty_space height=&#8221;75px&#8221; el_class=&#8221;space_between&#8221;][elx_simple_block text_color=&#8221;white&#8221; background_color=&#8221;inherit&#8221; background_image=&#8221;26281&#8243;][elx_heading text_color=&#8221;white&#8221; text_align=&#8221;text-left&#8221;][\/elx_heading][vc_column_text]<strong>La cuisine snacking sera \u00e9quip\u00e9e :\u00a0<\/strong><\/p>\n<p>\u25ab\ufe0f d&#8217;une cuisine mobile LiberoPro 3 modules (induction, wok, plancha) avec hotte aspiration int\u00e9gr\u00e9e et tiroirs r\u00e9frig\u00e9r\u00e9s pour 8h de show cooking non-stop<\/p>\n<p>\u25ab\ufe0f d&#8217;un four SkyLine<\/p>\n<p>\u25ab\ufe0f etc[\/vc_column_text][\/elx_simple_block][\/vc_column][\/vc_row][vc_row full_width=&#8221;electroluxpro-full-width-no-padding&#8221; disable_element=&#8221;yes&#8221;][vc_column][elx_hero_slider text_color=&#8221;electrolux-blue&#8221; label_text_color=&#8221;white&#8221; background_colors=&#8221;background-blue&#8221; width_box=&#8221;col-md-12&#8243; images=&#8221;26233&#8243; extra_class=&#8221;background-banner&#8221;][elx_heading text_color=&#8221;white&#8221;]Retrouvez nos diff\u00e9rents \u00e9quipements sur notre stand 5A48 ![\/elx_heading][vc_column_text]<span style=\"color: #ffffff;\">Venez d\u00e9couvrir nos diff\u00e9rents \u00e9quipements de restauration sur notre stand 5A48. Vous y retrouverez les \u00e9quipements Electrolux Professional suivants :<\/span><\/p>\n<p><span style=\"color: #ffffff;\"><strong>\u25ab\ufe0f fours mixtes\u00a0<\/strong><\/span><\/p>\n<p><span style=\"color: #ffffff;\"><strong>\u25ab\ufe0f fourneaux<\/strong><\/span><\/p>\n<p><span style=\"color: #ffffff;\"><strong>\u25ab\ufe0f lave-vaisselles<\/strong><\/span><\/p>\n<p><span style=\"color: #ffffff;\">Et bien plus encore&#8230;<\/span>[\/vc_column_text][vc_empty_space height=&#8221;10px&#8221;][\/elx_hero_slider][\/vc_column][\/vc_row][vc_row css=&#8221;.vc_custom_1724250580745{margin-top: 50px !important;margin-bottom: 50px !important;}&#8221;][vc_column][elx_heading font_size=&#8221;h1&#8243; text_color=&#8221;electrolux-blue&#8221; text_align=&#8221;text-center&#8221;]Retrouvez les \u00e9quipements de notre stand au salon Sirha :[\/elx_heading][vc_row_inner css=&#8221;.vc_custom_1723557507987{padding-bottom: 50px !important;}&#8221;][vc_column_inner][elx_triple_banner title_1=&#8221;Fours mixtes SkyLine&#8221; text_1=&#8221;&#8221; title_2=&#8221;Fourneaux thermaline&#8221; text_2=&#8221;&#8221; title_3=&#8221;Cuisson modulaire XP&#8221; text_3=&#8221;&#8221; link_1=&#8221;url:https%3A%2F%2Fwww.electroluxprofessional.com%2Ffr%2Fcuisine-2%2Ffours-mixtes-skyline%2F|title:D%C3%A9couvrir&#8221; link_2=&#8221;url:https%3A%2F%2Fwww.electroluxprofessional.com%2Ffr%2Fequipement-cuisine%2Fthermaline%2F|title:D%C3%A9couvrir&#8221; link_3=&#8221;url:https%3A%2F%2Fwww.electroluxprofessional.com%2Ffr%2Fequipement-cuisine%2Fcuisson-modulaire-900xp-et-700xp%2F|title:D%C3%A9couvrir&#8221; background_image_media_library_1=&#8221;26098&#8243; background_image_media_library_2=&#8221;26172&#8243; background_image_media_library_3=&#8221;26154&#8243;][elx_triple_banner title_1=&#8221;Fours \u00e0 cuisson acc\u00e9l\u00e9r\u00e9e GourmeXpress&#8221; text_1=&#8221;&#8221; title_2=&#8221;Machines \u00e0 paninis SpeeDelight&#8221; text_2=&#8221;&#8221; title_3=&#8221;Lave-vaisselles et lave-verres NeoBlue&#8221; text_3=&#8221;&#8221; link_1=&#8221;url:https%3A%2F%2Fwww.electroluxprofessional.com%2Ffr%2Fequipement-cuisine%2Ffour-cuisson-acceleree%2F|title:D%C3%A9couvrir&#8221; link_2=&#8221;url:https%3A%2F%2Fwww.electroluxprofessional.com%2Ffr%2Fequipement-cuisine%2Fgrill-panini-speedelight%2F|title:D%C3%A9couvrir&#8221; link_3=&#8221;url:https%3A%2F%2Fwww.electroluxprofessional.com%2Ffr%2Fequipement-cuisine%2Fequipement-lavage%2Flave-vaisselle-neoblue-touch%2F%20|title:D%C3%A9couvrir&#8221; background_image_media_library_1=&#8221;26173&#8243; background_image_media_library_2=&#8221;26174&#8243; background_image_media_library_3=&#8221;26158&#8243;][elx_triple_banner title_1=&#8221;Tunnel de s\u00e9chage HeroDry&#8221; text_1=&#8221;&#8221; title_2=&#8221;Laveuse \u00e0 avancement automatique&#8221; text_2=&#8221;&#8221; title_3=&#8221;Cuisson mobile LiberoPro&#8221; text_3=&#8221;&#8221; link_1=&#8221;url:https%3A%2F%2Fwww.electroluxprofessional.com%2Ffr%2Fequipement-cuisine%2Fherodry-sechage-vaisselle%2F|title:D%C3%A9couvrir&#8221; link_2=&#8221;url:https%3A%2F%2Fwww.electroluxprofessional.com%2Ffr%2Fequipement-cuisine%2Fequipement-lavage%2Flave-vaisselle-avancement-automatique-simple-rincage%2F|title:D%C3%A9couvrir&#8221; link_3=&#8221;url:https%3A%2F%2Fwww.electroluxprofessional.com%2Ffr%2Fequipement-cuisine%2Fliberopro%2F|title:D%C3%A9couvrir&#8221; background_image_media_library_1=&#8221;26160&#8243; background_image_media_library_2=&#8221;26159&#8243; background_image_media_library_3=&#8221;26170&#8243;][\/vc_column_inner][\/vc_row_inner][\/vc_column][\/vc_row][vc_row content_placement=&#8221;middle&#8221; css=&#8221;.vc_custom_1733491808825{padding-top: 50px !important;padding-bottom: 50px !important;}&#8221; el_class=&#8221;background_row&#8221;][vc_column width=&#8221;1\/2&#8243; css=&#8221;.vc_custom_1733491022949{padding-right: 15px !important;padding-left: 15px !important;background-color: #e9eff5 !important;}&#8221;][elx_heading font_size=&#8221;h1&#8243; text_color=&#8221;electrolux-blue&#8221; text_align=&#8221;text-center&#8221;]Ils nous font confiance ! D\u00e9couvrez les coulisses de l&#8217;\u00c9cole Ducasse-Paris Campus.[\/elx_heading][vc_empty_space height=&#8221;30px&#8221;][vc_row_inner full_width=&#8221;electroluxpro-container-no-padding&#8221;][vc_column_inner width=&#8221;1\/3&#8243;][vc_single_image image=&#8221;26089&#8243; img_size=&#8221;80&#215;80&#8243; alignment=&#8221;center&#8221;][vc_empty_space height=&#8221;10px&#8221;][vc_column_text]<\/p>\n<p style=\"text-align: center;\"><strong>Robustesse<\/strong><\/p>\n<p>[\/vc_column_text][vc_empty_space height=&#8221;40px&#8221;][\/vc_column_inner][vc_column_inner width=&#8221;1\/3&#8243;][vc_single_image image=&#8221;26090&#8243; img_size=&#8221;80&#215;80&#8243; alignment=&#8221;center&#8221;][vc_empty_space height=&#8221;10px&#8221;][vc_column_text]<\/p>\n<p style=\"text-align: center;\"><strong>Facilit\u00e9 d&#8217;entretien<\/strong><\/p>\n<p>[\/vc_column_text][vc_empty_space height=&#8221;40px&#8221;][\/vc_column_inner][vc_column_inner width=&#8221;1\/3&#8243;][vc_single_image image=&#8221;26091&#8243; img_size=&#8221;80&#215;80&#8243; alignment=&#8221;center&#8221;][vc_empty_space height=&#8221;10px&#8221;][vc_column_text]<\/p>\n<p style=\"text-align: center;\"><strong>Ergonomie<\/strong><\/p>\n<p>[\/vc_column_text][vc_empty_space height=&#8221;40px&#8221;][\/vc_column_inner][\/vc_row_inner][\/vc_column][vc_column width=&#8221;1\/2&#8243; css=&#8221;.vc_custom_1733491223649{padding-top: 30px !important;background-color: #e9eff5 !important;}&#8221;][vc_empty_space height=&#8221;15px&#8221;][elx_video_block background_image=&#8221;26230&#8243; is_full_height=&#8221;full-height&#8221; video_link=&#8221;https:\/\/www.youtube.com\/watch?v=yD_nFGZFD3E_blank&#8221; minimum_height=&#8221;350px&#8221;][vc_empty_space height=&#8221;15px&#8221;][\/vc_column][\/vc_row][vc_row css=&#8221;.vc_custom_1733474084092{padding-top: 50px !important;padding-bottom: 50px !important;}&#8221; el_id=&#8221;contact&#8221;][vc_column][elx_heading font_size=&#8221;h1&#8243; text_color=&#8221;electrolux-blue&#8221; text_align=&#8221;text-center&#8221;]Prenez RDV avec Cheffe Patricia pour une d\u00e9couverte personnalis\u00e9e de notre gamme de produits.[\/elx_heading][vc_empty_space height=&#8221;20px&#8221;][elx_o2000_contact_us s=&#8221;Rendez-vous au Centre d&#8217;Excellence&#8221; campaign=&#8221;701SX00000GqodtYAB&#8221; request_type=&#8221;Other&#8221; country=&#8221;France&#8221; b=&#8221;food&#8221;][\/vc_column][\/vc_row][vc_row disable_element=&#8221;yes&#8221;][vc_column][vc_column_text]<iframe loading=\"lazy\" style=\"border: 0;\" src=\"https:\/\/outlook.office365.com\/book\/SirharendezvousstandElectroluxProfessional5a48@electroluxprofessional.com\/\" width=\"100%\" height=\"100%\" scrolling=\"yes\"><\/iframe>[\/vc_column_text][\/vc_column][\/vc_row]<\/p>\n","protected":false},"excerpt":{"rendered":"<p>[vc_row full_width=&#8221;electroluxpro-full-width-no-padding&#8221;][vc_column][elx_full_banner title=&#8221;Revivez l&#8217;exp\u00e9rience du SIRHA dans notre Centre d&#8217;Excellence&#8221; set_as_h1=&#8221;true&#8221; background_image_media_library=&#8221;26331&#8243; link=&#8221;url:%2Ffr%2Fsirha-2025%2F%23contact|title:Prendre%20RDV%20avec%20Cheffe%20Patricia&#8221; extra_class=&#8221;background-banner&#8211;2&#8243; background_image_media_library_mobile=&#8221;26647&#8243;][\/vc_column][\/vc_row][vc_row full_width=&#8221;electroluxpro-container-no-padding&#8221; css=&#8221;.vc_custom_1724250555827{padding-top: 50px !important;padding-bottom: 50px !important;}&#8221;][vc_column width=&#8221;2\/3&#8243; css=&#8221;.vc_custom_1723562715687{padding-top: 30px !important;padding-bottom: 30px !important;}&#8221;][elx_image_block background_image=&#8221;26085&#8243; minimum_height=&#8221;575px&#8221;][\/vc_column][vc_column width=&#8221;1\/3&#8243;][vc_empty_space height=&#8221;75px&#8221; el_class=&#8221;space_between&#8221;][elx_simple_block text_color=&#8221;white&#8221; background_color=&#8221;inherit&#8221; background_image=&#8221;26499&#8243;][elx_heading text_color=&#8221;white&#8221; text_align=&#8221;text-left&#8221;]Les principaux avantages des \u00e9quipements Electrolux Professional:[\/elx_heading][vc_column_text]\u25ab\ufe0f Faciliter votre activit\u00e9 de travail \u25ab\ufe0f Assurer toujours plus de rentabilit\u00e9 gr\u00e2ce [&hellip;]<\/p>\n","protected":false},"author":4,"featured_media":0,"parent":0,"menu_order":0,"comment_status":"closed","ping_status":"closed","template":"","meta":{"footnotes":""},"class_list":["post-26104","page","type-page","status-publish","hentry"],"acf":[],"yoast_head":"<!-- This site is optimized with the Yoast SEO plugin v23.3 - https:\/\/yoast.com\/wordpress\/plugins\/seo\/ -->\n<title>SIRHA 2025 Lyon | Electrolux Professional<\/title>\n<meta name=\"description\" content=\"D\u00e9couvrez les innovations Electrolux Professional \u00e0 SIRHA 2025. Du 23 au 27 janvier \u00e0 Lyon, explorez nos solutions professionnelles.\" \/>\n<meta name=\"robots\" content=\"index, follow, max-snippet:-1, max-image-preview:large, max-video-preview:-1\" \/>\n<link rel=\"canonical\" href=\"https:\/\/www.electroluxprofessional.com\/fr\/sirha-2025\/\" \/>\n<meta property=\"og:locale\" content=\"fr_FR\" \/>\n<meta property=\"og:type\" content=\"article\" \/>\n<meta property=\"og:title\" content=\"Sirha 2025\" \/>\n<meta property=\"og:description\" content=\"Venez tester les \u00e9quipements de votre future cuisine lors du SIRHA du 23 au 27 janvier 2025 \u00e0 Lyon !\" \/>\n<meta property=\"og:url\" content=\"https:\/\/www.electroluxprofessional.com\/fr\/sirha-2025\/\" \/>\n<meta property=\"og:site_name\" content=\"Electrolux Professional France\" \/>\n<meta property=\"article:modified_time\" content=\"2026-03-07T08:22:04+00:00\" \/>\n<meta property=\"og:image\" content=\"https:\/\/www.electroluxprofessional.com\/fr\/wp-content\/uploads\/2024\/12\/bg-problematiques-1.jpg\" \/>\n\t<meta property=\"og:image:width\" content=\"1600\" \/>\n\t<meta property=\"og:image:height\" content=\"700\" \/>\n\t<meta property=\"og:image:type\" content=\"image\/jpeg\" \/>\n<meta name=\"twitter:card\" content=\"summary_large_image\" \/>\n<meta name=\"twitter:label1\" content=\"Dur\u00e9e de lecture estim\u00e9e\" \/>\n\t<meta name=\"twitter:data1\" content=\"5 minutes\" \/>\n<script type=\"application\/ld+json\" class=\"yoast-schema-graph\">{\"@context\":\"https:\/\/schema.org\",\"@graph\":[{\"@type\":\"WebPage\",\"@id\":\"https:\/\/www.electroluxprofessional.com\/fr\/sirha-2025\/\",\"url\":\"https:\/\/www.electroluxprofessional.com\/fr\/sirha-2025\/\",\"name\":\"SIRHA 2025 Lyon | Electrolux Professional\",\"isPartOf\":{\"@id\":\"https:\/\/www.electroluxprofessional.com\/fr\/#website\"},\"datePublished\":\"2024-12-03T10:42:40+00:00\",\"dateModified\":\"2026-03-07T08:22:04+00:00\",\"description\":\"D\u00e9couvrez les innovations Electrolux Professional \u00e0 SIRHA 2025. Du 23 au 27 janvier \u00e0 Lyon, explorez nos solutions professionnelles.\",\"breadcrumb\":{\"@id\":\"https:\/\/www.electroluxprofessional.com\/fr\/sirha-2025\/#breadcrumb\"},\"inLanguage\":\"fr-FR\",\"potentialAction\":[{\"@type\":\"ReadAction\",\"target\":[\"https:\/\/www.electroluxprofessional.com\/fr\/sirha-2025\/\"]}]},{\"@type\":\"BreadcrumbList\",\"@id\":\"https:\/\/www.electroluxprofessional.com\/fr\/sirha-2025\/#breadcrumb\",\"itemListElement\":[{\"@type\":\"ListItem\",\"position\":1,\"name\":\"Home\",\"item\":\"https:\/\/www.electroluxprofessional.com\/fr\/\"},{\"@type\":\"ListItem\",\"position\":2,\"name\":\"Sirha &#8211; 2025\"}]},{\"@type\":\"WebSite\",\"@id\":\"https:\/\/www.electroluxprofessional.com\/fr\/#website\",\"url\":\"https:\/\/www.electroluxprofessional.com\/fr\/\",\"name\":\"Electrolux Professional France\",\"description\":\"\",\"potentialAction\":[{\"@type\":\"SearchAction\",\"target\":{\"@type\":\"EntryPoint\",\"urlTemplate\":\"https:\/\/www.electroluxprofessional.com\/fr\/?src={search_term_string}\"},\"query-input\":\"required name=search_term_string\"}],\"inLanguage\":\"fr-FR\"}]}<\/script>\n<!-- \/ Yoast SEO plugin. -->","yoast_head_json":{"title":"SIRHA 2025 Lyon | Electrolux Professional","description":"D\u00e9couvrez les innovations Electrolux Professional \u00e0 SIRHA 2025. Du 23 au 27 janvier \u00e0 Lyon, explorez nos solutions professionnelles.","robots":{"index":"index","follow":"follow","max-snippet":"max-snippet:-1","max-image-preview":"max-image-preview:large","max-video-preview":"max-video-preview:-1"},"canonical":"https:\/\/www.electroluxprofessional.com\/fr\/sirha-2025\/","og_locale":"fr_FR","og_type":"article","og_title":"Sirha 2025","og_description":"Venez tester les \u00e9quipements de votre future cuisine lors du SIRHA du 23 au 27 janvier 2025 \u00e0 Lyon !","og_url":"https:\/\/www.electroluxprofessional.com\/fr\/sirha-2025\/","og_site_name":"Electrolux Professional France","article_modified_time":"2026-03-07T08:22:04+00:00","og_image":[{"width":1600,"height":700,"url":"https:\/\/www.electroluxprofessional.com\/fr\/wp-content\/uploads\/2024\/12\/bg-problematiques-1.jpg","type":"image\/jpeg"}],"twitter_card":"summary_large_image","twitter_misc":{"Dur\u00e9e de lecture estim\u00e9e":"5 minutes"},"schema":{"@context":"https:\/\/schema.org","@graph":[{"@type":"WebPage","@id":"https:\/\/www.electroluxprofessional.com\/fr\/sirha-2025\/","url":"https:\/\/www.electroluxprofessional.com\/fr\/sirha-2025\/","name":"SIRHA 2025 Lyon | Electrolux Professional","isPartOf":{"@id":"https:\/\/www.electroluxprofessional.com\/fr\/#website"},"datePublished":"2024-12-03T10:42:40+00:00","dateModified":"2026-03-07T08:22:04+00:00","description":"D\u00e9couvrez les innovations Electrolux Professional \u00e0 SIRHA 2025. Du 23 au 27 janvier \u00e0 Lyon, explorez nos solutions professionnelles.","breadcrumb":{"@id":"https:\/\/www.electroluxprofessional.com\/fr\/sirha-2025\/#breadcrumb"},"inLanguage":"fr-FR","potentialAction":[{"@type":"ReadAction","target":["https:\/\/www.electroluxprofessional.com\/fr\/sirha-2025\/"]}]},{"@type":"BreadcrumbList","@id":"https:\/\/www.electroluxprofessional.com\/fr\/sirha-2025\/#breadcrumb","itemListElement":[{"@type":"ListItem","position":1,"name":"Home","item":"https:\/\/www.electroluxprofessional.com\/fr\/"},{"@type":"ListItem","position":2,"name":"Sirha &#8211; 2025"}]},{"@type":"WebSite","@id":"https:\/\/www.electroluxprofessional.com\/fr\/#website","url":"https:\/\/www.electroluxprofessional.com\/fr\/","name":"Electrolux Professional France","description":"","potentialAction":[{"@type":"SearchAction","target":{"@type":"EntryPoint","urlTemplate":"https:\/\/www.electroluxprofessional.com\/fr\/?src={search_term_string}"},"query-input":"required name=search_term_string"}],"inLanguage":"fr-FR"}]}},"_links":{"self":[{"href":"https:\/\/www.electroluxprofessional.com\/fr\/wp-json\/wp\/v2\/pages\/26104"}],"collection":[{"href":"https:\/\/www.electroluxprofessional.com\/fr\/wp-json\/wp\/v2\/pages"}],"about":[{"href":"https:\/\/www.electroluxprofessional.com\/fr\/wp-json\/wp\/v2\/types\/page"}],"author":[{"embeddable":true,"href":"https:\/\/www.electroluxprofessional.com\/fr\/wp-json\/wp\/v2\/users\/4"}],"replies":[{"embeddable":true,"href":"https:\/\/www.electroluxprofessional.com\/fr\/wp-json\/wp\/v2\/comments?post=26104"}],"version-history":[{"count":169,"href":"https:\/\/www.electroluxprofessional.com\/fr\/wp-json\/wp\/v2\/pages\/26104\/revisions"}],"predecessor-version":[{"id":30783,"href":"https:\/\/www.electroluxprofessional.com\/fr\/wp-json\/wp\/v2\/pages\/26104\/revisions\/30783"}],"wp:attachment":[{"href":"https:\/\/www.electroluxprofessional.com\/fr\/wp-json\/wp\/v2\/media?parent=26104"}],"curies":[{"name":"wp","href":"https:\/\/api.w.org\/{rel}","templated":true}]}}