{"id":25380,"date":"2025-07-08T13:24:37","date_gmt":"2025-07-08T13:24:37","guid":{"rendered":"https:\/\/www.electroluxprofessional.com\/fr\/?page_id=25380"},"modified":"2026-03-13T10:21:49","modified_gmt":"2026-03-13T10:21:49","slug":"usine-a-troyes","status":"publish","type":"page","link":"https:\/\/www.electroluxprofessional.com\/fr\/usine-a-troyes\/","title":{"rendered":"Usine de Troyes"},"content":{"rendered":"<p>[vc_row full_width=&#8221;electroluxpro-full-width-no-padding&#8221;][vc_column][elx_hero_slider label_text_color=&#8221;inherit&#8221; images=&#8221;25389&#8243;][elx_heading font_container=&#8221;h1&#8243; text_color=&#8221;inherit&#8221;]L&#8217;usine de blanchisserie \u00e0 Troyes[\/elx_heading][\/elx_hero_slider][\/vc_column][\/vc_row][vc_row][vc_column][vc_empty_space][elx_heading font_container=&#8221;h1&#8243; font_size=&#8221;h2&#8243; text_color=&#8221;inherit&#8221;]Un savoir-faire fran\u00e7ais unique[\/elx_heading][vc_empty_space][vc_column_text]Depuis plus de 120 ans, nous fabriquons des \u00e9quipements pour blanchisseries professionnelles et industrielles pour les <a href=\"https:\/\/www.electroluxprofessional.com\/fr\/solutions\/blanchisserie-etablissement-sante\/\">\u00e9tablissements de sant\u00e9<\/a> tels que les h\u00f4pitaux, les Ehpad et les ESAT ainsi que pour les professionnels de l&#8217;h\u00f4tellerie.<\/p>\n<p>L\u2019usine de Troyes est sp\u00e9cialis\u00e9e dans la conception et la fabrication des <a href=\"https:\/\/www.electroluxprofessional.com\/fr\/equipement-blanchisserie\/laveuses-barriere-line-6000\/\">laveuses barri\u00e8re<\/a> et de <a href=\"https:\/\/www.electroluxprofessional.com\/fr\/equipement-blanchisserie\/secheuses-repasseuses-line-6000\/\" target=\"_blank\" rel=\"noopener\">s\u00e9cheuses-repasseuses<\/a>. Elle est certifi\u00e9e ISO 9001 et ISO 14 001.[\/vc_column_text][vc_empty_space][elx_heading text_color=&#8221;inherit&#8221;]L&#8217;usine de Troyes en vid\u00e9o[\/elx_heading][vc_empty_space][elx_video_block background_image=&#8221;28053&#8243; video_link=&#8221;https:\/\/www.youtube.com\/watch?v=1xG22cDDb6g&#8221; minimum_height=&#8221;300px&#8221;][vc_empty_space][\/vc_column][\/vc_row][vc_row][vc_column][elx_heading text_color=&#8221;inherit&#8221;]L&#8217;usine de Troyes en infographie[\/elx_heading][vc_empty_space][vc_single_image image=&#8221;25596&#8243; img_size=&#8221;full&#8221; alignment=&#8221;center&#8221;][\/vc_column][\/vc_row][vc_row][vc_column][vc_empty_space][elx_heading text_color=&#8221;inherit&#8221;]Plus de 120 ans de savoir-faire<\/p>\n<p>[\/elx_heading][elx_heading font_container=&#8221;h3&#8243; text_color=&#8221;inherit&#8221;]Acteur industriel majeur de la vie troyenne depuis plus de 70 ans<br \/>\n[\/elx_heading][vc_empty_space][vc_column_text]<strong>Fond\u00e9e en 1903 \u00e0 Paris et install\u00e9e \u00e0 Troyes en 1951, la soci\u00e9t\u00e9 Dubix est rachet\u00e9e par Electrolux en 1987.<\/strong>[\/vc_column_text][vc_empty_space][\/vc_column][\/vc_row][vc_row gap=&#8221;15&#8243;][vc_column width=&#8221;1\/2&#8243; css=&#8221;.vc_custom_1724407519383{padding-right: 30px !important;}&#8221;][vc_column_text]En 1965, la Soci\u00e9t\u00e9 DE SOUZA int\u00e8gre le groupe FONTEIX.<\/p>\n<p>En 1966, le groupe FONTEIX absorbe \u00e9galement les Ets DUBIX, constructeur de mat\u00e9riels de blanchisserie de petite et moyenne capacit\u00e9.<\/p>\n<p>DUBIX, fond\u00e9e en 1950 par un industriel Troyen, fabriquait \u00e0 l\u2019origine des tonneaux en bois.<\/p>\n<p>En 1967, la Soci\u00e9t\u00e9 DE SOUZA d\u00e9m\u00e9nage \u00e0 Rosi\u00e8res, sur le m\u00eame terrain que la soci\u00e9t\u00e9 DUBIX.<\/p>\n<p>Les deux soci\u00e9t\u00e9s DUBIX et DE SOUZA fusionnent.<\/p>\n<p>En 1985, Electrolux invente le concept barri\u00e8re \u00e0 dimension professionnelle et en 1989, l\u2019entreprise fabrique sa premi\u00e8re laveuse barri\u00e8re.<\/p>\n<p>En 1987, DUBIX DE SOUZA est alors au premier rang national et rejoint le groupe ELECTROLUX, pour conqu\u00e9rir le monde de la blanchisserie et des \u00e9tablissements de sant\u00e9 en plus d\u2019assurer la p\u00e9rennit\u00e9 de l\u2019entreprise.<\/p>\n<p>En 1989, DUBIX DE SOUZA voit alors son chiffre d\u2019affaires passer de 115 millions de francs dont 20% \u00e0 l\u2019export, \u00e0 185 millions dont 45% \u00e0 l\u2019export, avec le m\u00eame effectif.<\/p>\n<p>En 1990, des normes de qualit\u00e9 et de s\u00e9curit\u00e9 sont d\u00e9velopp\u00e9es.<\/p>\n<p>En 1992, DUBIX DE SOUZA ne se limite plus seulement \u00e0 la fabrication de machines, mais con\u00e7oit et propose des solutions pour proposer du linge propre en d\u00e9veloppant un concept global d\u2019hygi\u00e8ne du linge.[\/vc_column_text][\/vc_column][vc_column width=&#8221;1\/2&#8243; css=&#8221;.vc_custom_1724407451856{margin-left: 15px !important;}&#8221;][vc_column_text]Electrolux rencontre le Ministre de la sant\u00e9 et se lance dans une grande campagne de sensibilisation et d\u2019information au respect de l\u2019hygi\u00e8ne du linge avec la cr\u00e9ation et la diffusion d\u2019outils p\u00e9dagogiques et de r\u00e9unions conseils.<\/p>\n<p>La soci\u00e9t\u00e9 d\u00e9veloppe ensuite des process afin d\u2019adapter les \u00e9quipements de blanchisserie pour en faire un vrai m\u00e9tier accessible aux personnes en situation de handicap.<\/p>\n<p>En 1993, l\u2019usine est certifi\u00e9e ISO 9001.<\/p>\n<p>En 1995, DUBIX signe un partenariat avec l\u2019Institut Pasteur de Lille pour enrichir les blanchisseries d\u2019une expertise micro-biologique. Audit, conseil, formation pour l\u2019am\u00e9lioration de la prestation linge pour la s\u00e9curit\u00e9 du patient.<\/p>\n<p>En 1998, le programmateur de commande et de contr\u00f4le Clarus Control est d\u00e9velopp\u00e9 pour d\u00e9tecter et mieux g\u00e9rer les \u00e9ventuelles pannes et assurer une hygi\u00e8ne conforme.<\/p>\n<p>En 2000, la technologie Dubixium voit le jour : ce type de cylindre combine diff\u00e9rentes couches de mati\u00e8res stratifi\u00e9es afin d\u2019assurer la r\u00e9partition homog\u00e8ne de la chaleur sur toute la longueur du cylindre.<\/p>\n<p>En 2003, 100 ans apr\u00e8s sa cr\u00e9ation, DUBIX adopte le nom du leader mondial ELECTROLUX LAUNDRY SYSTEMS et f\u00eate un si\u00e8cle d\u2019innovations technologiques. La blanchisserie barri\u00e8re est mise en conformit\u00e9 \u00e0 la norme EN 14065 et le sys\u00e8me RABC*\/*Risk analysis and biocontamination control.<\/p>\n<p>En 2012, Electrolux lance la g\u00e9n\u00e9ration 5000, conforme aux contraintes \u00e9conomiques et au respect de l\u2019environnement.<\/p>\n<p>En 2019, le groupe Electrolux Professional lance la gamme compl\u00e8te de solutions de blanchisserie Line 6000, certifi\u00e9e ergonomique par l&#8217;organisme ind\u00e9pendant Ergocert.[\/vc_column_text][\/vc_column][\/vc_row]<\/p>\n","protected":false},"excerpt":{"rendered":"<p>[vc_row full_width=&#8221;electroluxpro-full-width-no-padding&#8221;][vc_column][elx_hero_slider label_text_color=&#8221;inherit&#8221; images=&#8221;25389&#8243;][elx_heading font_container=&#8221;h1&#8243; text_color=&#8221;inherit&#8221;]L&#8217;usine de blanchisserie \u00e0 Troyes[\/elx_heading][\/elx_hero_slider][\/vc_column][\/vc_row][vc_row][vc_column][vc_empty_space][elx_heading font_container=&#8221;h1&#8243; font_size=&#8221;h2&#8243; text_color=&#8221;inherit&#8221;]Un savoir-faire fran\u00e7ais unique[\/elx_heading][vc_empty_space][vc_column_text]Depuis plus de 120 ans, nous fabriquons des \u00e9quipements pour blanchisseries professionnelles et industrielles pour les \u00e9tablissements de sant\u00e9 tels que les h\u00f4pitaux, les Ehpad et les ESAT ainsi que pour les professionnels de l&#8217;h\u00f4tellerie. L\u2019usine de Troyes est sp\u00e9cialis\u00e9e [&hellip;]<\/p>\n","protected":false},"author":93,"featured_media":0,"parent":0,"menu_order":0,"comment_status":"closed","ping_status":"closed","template":"","meta":{"footnotes":""},"class_list":["post-25380","page","type-page","status-publish","hentry"],"acf":[],"yoast_head":"<!-- This site is optimized with the Yoast SEO plugin v23.3 - https:\/\/yoast.com\/wordpress\/plugins\/seo\/ -->\n<title>Usine de Blanchisserie \u00e0 Troyes | Electrolux Professional<\/title>\n<meta name=\"description\" content=\"D\u00e9couvrez l&#039;usine de Troyes : conception et fabrication de laveuses barri\u00e8re et s\u00e9cheuses-repasseuses depuis plus de 120 ans. Excellence fran\u00e7aise.\" \/>\n<meta name=\"robots\" content=\"index, follow, max-snippet:-1, max-image-preview:large, max-video-preview:-1\" \/>\n<link rel=\"canonical\" href=\"https:\/\/www.electroluxprofessional.com\/fr\/usine-a-troyes\/\" \/>\n<meta property=\"og:locale\" content=\"fr_FR\" \/>\n<meta property=\"og:type\" content=\"article\" \/>\n<meta property=\"og:title\" content=\"Usine de Blanchisserie \u00e0 Troyes | Electrolux Professional\" \/>\n<meta property=\"og:description\" content=\"D\u00e9couvrez l&#039;usine de Troyes : conception et fabrication de laveuses barri\u00e8re et s\u00e9cheuses-repasseuses depuis plus de 120 ans. Excellence fran\u00e7aise.\" \/>\n<meta property=\"og:url\" content=\"https:\/\/www.electroluxprofessional.com\/fr\/usine-a-troyes\/\" \/>\n<meta property=\"og:site_name\" content=\"Electrolux Professional France\" \/>\n<meta property=\"article:modified_time\" content=\"2026-03-13T10:21:49+00:00\" \/>\n<meta name=\"twitter:card\" content=\"summary_large_image\" \/>\n<meta name=\"twitter:label1\" content=\"Dur\u00e9e de lecture estim\u00e9e\" \/>\n\t<meta name=\"twitter:data1\" content=\"4 minutes\" \/>\n<script type=\"application\/ld+json\" class=\"yoast-schema-graph\">{\"@context\":\"https:\/\/schema.org\",\"@graph\":[{\"@type\":\"WebPage\",\"@id\":\"https:\/\/www.electroluxprofessional.com\/fr\/usine-a-troyes\/\",\"url\":\"https:\/\/www.electroluxprofessional.com\/fr\/usine-a-troyes\/\",\"name\":\"Usine de Blanchisserie \u00e0 Troyes | Electrolux Professional\",\"isPartOf\":{\"@id\":\"https:\/\/www.electroluxprofessional.com\/fr\/#website\"},\"datePublished\":\"2025-07-08T13:24:37+00:00\",\"dateModified\":\"2026-03-13T10:21:49+00:00\",\"description\":\"D\u00e9couvrez l'usine de Troyes : conception et fabrication de laveuses barri\u00e8re et s\u00e9cheuses-repasseuses depuis plus de 120 ans. Excellence fran\u00e7aise.\",\"breadcrumb\":{\"@id\":\"https:\/\/www.electroluxprofessional.com\/fr\/usine-a-troyes\/#breadcrumb\"},\"inLanguage\":\"fr-FR\",\"potentialAction\":[{\"@type\":\"ReadAction\",\"target\":[\"https:\/\/www.electroluxprofessional.com\/fr\/usine-a-troyes\/\"]}]},{\"@type\":\"BreadcrumbList\",\"@id\":\"https:\/\/www.electroluxprofessional.com\/fr\/usine-a-troyes\/#breadcrumb\",\"itemListElement\":[{\"@type\":\"ListItem\",\"position\":1,\"name\":\"Home\",\"item\":\"https:\/\/www.electroluxprofessional.com\/fr\/\"},{\"@type\":\"ListItem\",\"position\":2,\"name\":\"Usine de Troyes\"}]},{\"@type\":\"WebSite\",\"@id\":\"https:\/\/www.electroluxprofessional.com\/fr\/#website\",\"url\":\"https:\/\/www.electroluxprofessional.com\/fr\/\",\"name\":\"Electrolux Professional France\",\"description\":\"\",\"potentialAction\":[{\"@type\":\"SearchAction\",\"target\":{\"@type\":\"EntryPoint\",\"urlTemplate\":\"https:\/\/www.electroluxprofessional.com\/fr\/?src={search_term_string}\"},\"query-input\":\"required name=search_term_string\"}],\"inLanguage\":\"fr-FR\"}]}<\/script>\n<!-- \/ Yoast SEO plugin. -->","yoast_head_json":{"title":"Usine de Blanchisserie \u00e0 Troyes | Electrolux Professional","description":"D\u00e9couvrez l'usine de Troyes : conception et fabrication de laveuses barri\u00e8re et s\u00e9cheuses-repasseuses depuis plus de 120 ans. Excellence fran\u00e7aise.","robots":{"index":"index","follow":"follow","max-snippet":"max-snippet:-1","max-image-preview":"max-image-preview:large","max-video-preview":"max-video-preview:-1"},"canonical":"https:\/\/www.electroluxprofessional.com\/fr\/usine-a-troyes\/","og_locale":"fr_FR","og_type":"article","og_title":"Usine de Blanchisserie \u00e0 Troyes | Electrolux Professional","og_description":"D\u00e9couvrez l'usine de Troyes : conception et fabrication de laveuses barri\u00e8re et s\u00e9cheuses-repasseuses depuis plus de 120 ans. Excellence fran\u00e7aise.","og_url":"https:\/\/www.electroluxprofessional.com\/fr\/usine-a-troyes\/","og_site_name":"Electrolux Professional France","article_modified_time":"2026-03-13T10:21:49+00:00","twitter_card":"summary_large_image","twitter_misc":{"Dur\u00e9e de lecture estim\u00e9e":"4 minutes"},"schema":{"@context":"https:\/\/schema.org","@graph":[{"@type":"WebPage","@id":"https:\/\/www.electroluxprofessional.com\/fr\/usine-a-troyes\/","url":"https:\/\/www.electroluxprofessional.com\/fr\/usine-a-troyes\/","name":"Usine de Blanchisserie \u00e0 Troyes | Electrolux Professional","isPartOf":{"@id":"https:\/\/www.electroluxprofessional.com\/fr\/#website"},"datePublished":"2025-07-08T13:24:37+00:00","dateModified":"2026-03-13T10:21:49+00:00","description":"D\u00e9couvrez l'usine de Troyes : conception et fabrication de laveuses barri\u00e8re et s\u00e9cheuses-repasseuses depuis plus de 120 ans. Excellence fran\u00e7aise.","breadcrumb":{"@id":"https:\/\/www.electroluxprofessional.com\/fr\/usine-a-troyes\/#breadcrumb"},"inLanguage":"fr-FR","potentialAction":[{"@type":"ReadAction","target":["https:\/\/www.electroluxprofessional.com\/fr\/usine-a-troyes\/"]}]},{"@type":"BreadcrumbList","@id":"https:\/\/www.electroluxprofessional.com\/fr\/usine-a-troyes\/#breadcrumb","itemListElement":[{"@type":"ListItem","position":1,"name":"Home","item":"https:\/\/www.electroluxprofessional.com\/fr\/"},{"@type":"ListItem","position":2,"name":"Usine de Troyes"}]},{"@type":"WebSite","@id":"https:\/\/www.electroluxprofessional.com\/fr\/#website","url":"https:\/\/www.electroluxprofessional.com\/fr\/","name":"Electrolux Professional France","description":"","potentialAction":[{"@type":"SearchAction","target":{"@type":"EntryPoint","urlTemplate":"https:\/\/www.electroluxprofessional.com\/fr\/?src={search_term_string}"},"query-input":"required name=search_term_string"}],"inLanguage":"fr-FR"}]}},"_links":{"self":[{"href":"https:\/\/www.electroluxprofessional.com\/fr\/wp-json\/wp\/v2\/pages\/25380"}],"collection":[{"href":"https:\/\/www.electroluxprofessional.com\/fr\/wp-json\/wp\/v2\/pages"}],"about":[{"href":"https:\/\/www.electroluxprofessional.com\/fr\/wp-json\/wp\/v2\/types\/page"}],"author":[{"embeddable":true,"href":"https:\/\/www.electroluxprofessional.com\/fr\/wp-json\/wp\/v2\/users\/93"}],"replies":[{"embeddable":true,"href":"https:\/\/www.electroluxprofessional.com\/fr\/wp-json\/wp\/v2\/comments?post=25380"}],"version-history":[{"count":18,"href":"https:\/\/www.electroluxprofessional.com\/fr\/wp-json\/wp\/v2\/pages\/25380\/revisions"}],"predecessor-version":[{"id":30985,"href":"https:\/\/www.electroluxprofessional.com\/fr\/wp-json\/wp\/v2\/pages\/25380\/revisions\/30985"}],"wp:attachment":[{"href":"https:\/\/www.electroluxprofessional.com\/fr\/wp-json\/wp\/v2\/media?parent=25380"}],"curies":[{"name":"wp","href":"https:\/\/api.w.org\/{rel}","templated":true}]}}