{"id":24513,"date":"2024-03-27T16:16:54","date_gmt":"2024-03-27T16:16:54","guid":{"rendered":"https:\/\/www.electroluxprofessional.com\/fr\/?page_id=24513"},"modified":"2026-04-13T17:10:32","modified_gmt":"2026-04-13T17:10:32","slug":"centre-excellence-france","status":"publish","type":"page","link":"https:\/\/www.electroluxprofessional.com\/fr\/centre-excellence-france\/","title":{"rendered":"Notre Centre d&#8217;Excellence vous ouvre ses portes"},"content":{"rendered":"<p>[vc_row full_width=&#8221;electroluxpro-full-width-no-padding&#8221;][vc_column][elx_full_banner title=&#8221;Notre Centre d&#8217;Excellence vous ouvre ses portes&#8221; set_as_h1=&#8221;true&#8221; link=&#8221;url:%23contact|title:Nous%20contacter&#8221; background_image_media_library=&#8221;23984&#8243; background_image_media_library_mobile=&#8221;24531&#8243;][vc_empty_space][elx_heading text_color=&#8221;electrolux-blue&#8221; text_align=&#8221;text-center&#8221;]D\u00e9couvrez notre Centre d&#8217;Excellence situ\u00e9 au pied du Stade de France[\/elx_heading][vc_empty_space][vc_column_text]<\/p>\n<p style=\"text-align: center;\">Vous avez un projet de r\u00e9novation ou de cr\u00e9ation de cuisine?<br \/>\nVous avez besoin d\u2019un avis expert pour prendre les bonnes d\u00e9cisions ?<\/p>\n<p style=\"text-align: center;\"><strong>Notre Centre d&#8217;Excellence est l\u00e0 pour vous.<\/strong><\/p>\n<p>[\/vc_column_text][\/vc_column][\/vc_row][vc_row full_width=&#8221;electroluxpro-full-width-no-padding&#8221;][vc_column][vc_empty_space][elx_text_image style_image=&#8221;image_square&#8221; bg_row=&#8221;bg-download-white&#8221; title=&#8221;Un Showroom d\u00e9velopp\u00e9 rien que pour vous !&#8221; lists=&#8221;%5B%7B%7D%5D&#8221; single_image=&#8221;27648&#8243; values=&#8221;%5B%7B%7D%5D&#8221;]Situ\u00e9 au pied du Stade de France \u00e0 Saint-Denis, <strong>notre showroom est exclusivement r\u00e9serv\u00e9 aux professionnels de la restauration<\/strong>.<br \/>\nVenez <strong>d\u00e9couvrir et tester vos futurs \u00e9quipements de cuisine<\/strong> dans un environnement qui refl\u00e8te nos valeurs :<\/p>\n<ul>\n<li>des solutions faciles d&#8217;utilisation<\/li>\n<li>rentables<\/li>\n<li>durables au quotidien<\/li>\n<\/ul>\n<p>Cheffe Patricia et nos chefs de produits sont \u00e0 votre disposition pour r\u00e9aliser avec vous des :<\/p>\n<ul>\n<li>d\u00e9couverte de produits<\/li>\n<li>d\u00e9mos live<\/li>\n<li>tests culinaires avec vos produits<\/li>\n<li>formations techniques<\/li>\n<\/ul>\n<p>Notre \u00e9quipe d&#8217;experts est disponible pour <strong>vous conseiller et vous accompagner dans la r\u00e9alisation de vos projets<\/strong>, en tenant compte des sp\u00e9cificit\u00e9s de votre cuisine.<br \/>\nQue vous soyez chef, restaurateur ou professionnel de la restauration, notre Centre d&#8217;Excellence est l&#8217;endroit id\u00e9al pour rencontrer nos sp\u00e9cialistes et b\u00e9n\u00e9ficier de leurs conseils avis\u00e9s.[\/elx_text_image][vc_empty_space][elx_text_image number_images=&#8221;n&#8221; style_image=&#8221;image_horizontal&#8221; image_position=&#8221;image_left&#8221; image_position_mobile=&#8221;mobile-order-4&#8243; bg_row=&#8221;bg-download-white&#8221; title=&#8221;Vivez une exp\u00e9rience compl\u00e8te et exclusive dans notre Centre d&#8217;Excellence&#8221; lists=&#8221;%5B%7B%7D%5D&#8221; values=&#8221;%5B%7B%7D%5D&#8221; multi_images=&#8221;27654,27653,27652&#8243;]Electrolux Professional est un fabricant d&#8217;\u00e9quipements professionnels multisp\u00e9cialiste capable d&#8217;\u00e9quiper une cuisine professionnelle dans sa quasi-totalit\u00e9.<\/p>\n<p>Dans notre Centre d&#8217;Excellence, vous trouverez :<\/p>\n<ul>\n<li>cuisson horizontale :\u00a0 <a href=\"https:\/\/www.electroluxprofessional.com\/fr\/equipement-cuisine\/thermaline\/?_gl=1*18v23lk*_up*MQ..*_ga*NzEzNjUwMDMwLjE3NDg4NjkyNDE.*_ga_MNVYVN9CET*czE3NDg4NjkyNDEkbzEkZzAkdDE3NDg4NjkyNDEkajYwJGwwJGgw*_ga_28J7B14W8H*czE3NDg4NjkyNDEkbzEkZzAkdDE3NDg4NjkyNDEkajYwJGwwJGgw\">fourneaux thermaline<\/a><\/li>\n<li>cuisson modulaire : <a href=\"https:\/\/www.electroluxprofessional.com\/fr\/equipement-cuisine\/cuisson-modulaire-900xp-et-700xp\/?_gl=1*1rf2zra*_up*MQ..*_ga*NzEzNjUwMDMwLjE3NDg4NjkyNDE.*_ga_MNVYVN9CET*czE3NDg4NjkyNDEkbzEkZzEkdDE3NDg4NjkyNTMkajQ4JGwwJGgw*_ga_28J7B14W8H*czE3NDg4NjkyNDEkbzEkZzEkdDE3NDg4NjkyNTMkajQ4JGwwJGgw\">gamme XP<\/a><\/li>\n<li>cuisine mobile : <a href=\"https:\/\/www.electroluxprofessional.com\/fr\/equipement-cuisine\/liberopro\/?_gl=1*1rf4b7t*_up*MQ..*_ga*NzEzNjUwMDMwLjE3NDg4NjkyNDE.*_ga_MNVYVN9CET*czE3NDg4NjkyNDEkbzEkZzEkdDE3NDg4NjkyODgkajEzJGwwJGgw*_ga_28J7B14W8H*czE3NDg4NjkyNDEkbzEkZzEkdDE3NDg4NjkyODgkajEzJGwwJGgw\">LiberoPro<\/a><\/li>\n<li>cuisson verticale : <a href=\"https:\/\/www.electroluxprofessional.com\/fr\/equipement-cuisine\/skyline-cook-and-chill\/?_gl=1*1nyvy5f*_up*MQ..*_ga*NzEzNjUwMDMwLjE3NDg4NjkyNDE.*_ga_MNVYVN9CET*czE3NDg4NjkyNDEkbzEkZzEkdDE3NDg4NjkzMTUkajYwJGwwJGgw*_ga_28J7B14W8H*czE3NDg4NjkyNDEkbzEkZzEkdDE3NDg4NjkzMTUkajYwJGwwJGgw\">fours et cellules de refroidissement SkyLine Cook&amp;Chill<\/a><\/li>\n<li>r\u00e9frig\u00e9ration : <a href=\"https:\/\/www.electroluxprofessional.com\/fr\/equipement-cuisine\/refrigeration\/tables-refrigerees\/?_gl=1*8eppgy*_up*MQ..*_ga*NzEzNjUwMDMwLjE3NDg4NjkyNDE.*_ga_MNVYVN9CET*czE3NDg4NjkyNDEkbzEkZzEkdDE3NDg4Njk0MDEkajYwJGwwJGgw*_ga_28J7B14W8H*czE3NDg4NjkyNDEkbzEkZzEkdDE3NDg4Njk0MDEkajYwJGwwJGgw\">tables r\u00e9frig\u00e9r\u00e9es<\/a> et <a href=\"https:\/\/www.electroluxprofessional.com\/fr\/equipement-cuisine\/armoires-refrigerees-et-congelation-ecostore\/?_gl=1*7fp2bs*_up*MQ..*_ga*NzEzNjUwMDMwLjE3NDg4NjkyNDE.*_ga_MNVYVN9CET*czE3NDg4NjkyNDEkbzEkZzEkdDE3NDg4NjkzNTYkajE5JGwwJGgw*_ga_28J7B14W8H*czE3NDg4NjkyNDEkbzEkZzEkdDE3NDg4NjkzNTYkajE5JGwwJGgw\">armoires r\u00e9frig\u00e9r\u00e9es<\/a> Ecostore<\/li>\n<li>lavage :\u00a0 <a href=\"https:\/\/www.electroluxprofessional.com\/fr\/equipement-cuisine\/equipement-lavage\/neoblue-touch-lave-verres\/?_gl=1*11gpny4*_up*MQ..*_ga*NzEzNjUwMDMwLjE3NDg4NjkyNDE.*_ga_MNVYVN9CET*czE3NDg4NjkyNDEkbzEkZzEkdDE3NDg4Njk0MTgkajQzJGwwJGgw*_ga_28J7B14W8H*czE3NDg4NjkyNDEkbzEkZzEkdDE3NDg4Njk0MTgkajQzJGwwJGgw\">lave-verres<\/a>, <a href=\"https:\/\/www.electroluxprofessional.com\/fr\/equipement-cuisine\/equipement-lavage\/lave-vaisselle-neoblue-touch\/?_gl=1*xchy4y*_up*MQ..*_ga*NzEzNjUwMDMwLjE3NDg4NjkyNDE.*_ga_MNVYVN9CET*czE3NDg4NjkyNDEkbzEkZzEkdDE3NDg4Njk0ODkkajYwJGwwJGgw*_ga_28J7B14W8H*czE3NDg4NjkyNDEkbzEkZzEkdDE3NDg4Njk0ODkkajYwJGwwJGgw\">lave-vaisselle frontal<\/a>, <a href=\"https:\/\/www.electroluxprofessional.com\/fr\/equipement-cuisine\/equipement-lavage\/lave-vaisselle-capot\/?_gl=1*1wz2co0*_up*MQ..*_ga*NzEzNjUwMDMwLjE3NDg4NjkyNDE.*_ga_MNVYVN9CET*czE3NDg4NjkyNDEkbzEkZzEkdDE3NDg4Njk1NTckajYwJGwwJGgw*_ga_28J7B14W8H*czE3NDg4NjkyNDEkbzEkZzEkdDE3NDg4Njk1NTckajYwJGwwJGgw\">lave-vaisselle \u00e0 capot<\/a>, <a href=\"https:\/\/www.electroluxprofessional.com\/fr\/equipement-cuisine\/equipement-lavage\/lave-vaisselle-avancement-automatique-simple-rincage\/?_gl=1*136hbok*_up*MQ..*_ga*NzEzNjUwMDMwLjE3NDg4NjkyNDE.*_ga_MNVYVN9CET*czE3NDg4NjkyNDEkbzEkZzEkdDE3NDg4Njk1NjckajUwJGwwJGgw*_ga_28J7B14W8H*czE3NDg4NjkyNDEkbzEkZzEkdDE3NDg4Njk1NjckajUwJGwwJGgw\">lave-vaisselle \u00e0 avancement automatique<\/a><\/li>\n<li>pr\u00e9paration dynamique : <a href=\"https:\/\/www.electroluxprofessional.com\/fr\/equipement-cuisine\/preparation-dynamique\/petrir-fouetter-laminer\/?_gl=1*1xqvjs2*_up*MQ..*_ga*NzEzNjUwMDMwLjE3NDg4NjkyNDE.*_ga_MNVYVN9CET*czE3NDg4NjkyNDEkbzEkZzEkdDE3NDg4Njk1OTckajIwJGwwJGgw*_ga_28J7B14W8H*czE3NDg4NjkyNDEkbzEkZzEkdDE3NDg4Njk1OTckajIwJGwwJGgw\">mixers<\/a>, <a href=\"https:\/\/www.electroluxprofessional.com\/fr\/equipement-cuisine\/preparation-dynamique\/trinitypro\/?_gl=1*yohmm3*_up*MQ..*_ga*NzEzNjUwMDMwLjE3NDg4NjkyNDE.*_ga_MNVYVN9CET*czE3NDg4NjkyNDEkbzEkZzEkdDE3NDg4Njk2MzgkajYwJGwwJGgw*_ga_28J7B14W8H*czE3NDg4NjkyNDEkbzEkZzEkdDE3NDg4Njk2MzgkajYwJGwwJGgw\">coupe-l\u00e9gumes<\/a>, etc.<\/li>\n<\/ul>\n<p>[\/elx_text_image][vc_empty_space][vc_empty_space][\/vc_column][\/vc_row][vc_row disable_element=&#8221;yes&#8221;][vc_column width=&#8221;1\/6&#8243;][vc_empty_space][\/vc_column][vc_column width=&#8221;4\/6&#8243;][elx_heading text_color=&#8221;inherit&#8221; text_align=&#8221;text-center&#8221;]Participez \u00e0 nos ateliers th\u00e9matiques[\/elx_heading][vc_column_text]<\/p>\n<p style=\"text-align: center;\"><strong>Rendez-vous personnalis\u00e9s : pour vos projets de cuisine professionnelle<\/strong><\/p>\n<p style=\"text-align: center;\"><span data-teams=\"true\">Inscrivez-vous pour prendre rendez vous en cliquant sur la date de votre choix<\/span><\/p>\n<p style=\"text-align: center;\">Nous sommes impatients de vous accueillir et de vous aider \u00e0 concr\u00e9tiser vos projets\u00a0!<\/p>\n<p>[\/vc_column_text][elx_o2000_events_locator language=&#8221;fr&#8221; country_cluster=&#8221;FR&#8221; country=&#8221;FR&#8221; hide_filter=&#8221;true&#8221; hide_map=&#8221;true&#8221; hide_calendar=&#8221;&#8221; hide_bottom_filters=&#8221;true&#8221; category_id=&#8221;1&#8243;][\/vc_column][vc_column width=&#8221;1\/6&#8243;][vc_empty_space][\/vc_column][\/vc_row][vc_row disable_element=&#8221;yes&#8221;][vc_column width=&#8221;1\/6&#8243;][vc_empty_space][\/vc_column][vc_column width=&#8221;2\/3&#8243;][elx_double_banner background_image_media_library_1=&#8221;24301&#8243; title_1=&#8221;D\u00e9monstrations culinaires&#8221; title_mobile_1=&#8221;D\u00e9monstrations culinaires&#8221; title_2=&#8221;Ateliers solutions durables&#8221; title_mobile_2=&#8221;Ateliers solutions durables&#8221; background_image_media_library_2=&#8221;22820&#8243; link_1=&#8221;url:https%3A%2F%2Fwww.electroluxprofessional.com%2Ffr%2Fdemonstrations-culinaires-centre-excellence%2F|title:D%C3%A9couvrir&#8221; link_2=&#8221;url:https%3A%2F%2Fwww.electroluxprofessional.com%2Ffr%2Fsolutions-durables-centre-excellence%2F|title:D%C3%A9couvrir&#8221;][\/vc_column][vc_column width=&#8221;1\/6&#8243;][vc_empty_space][\/vc_column][\/vc_row][vc_row][vc_column][vc_empty_space][\/vc_column][\/vc_row][vc_row el_id=&#8221;contact&#8221;][vc_column][elx_heading text_color=&#8221;inherit&#8221; text_align=&#8221;text-center&#8221;]Contactez-nous pour prendre rendez-vous ![\/elx_heading][vc_empty_space][elx_o2000_contact_us s=&#8221;Demande d&#8217;informations d\u00e9monstrations culinaires&#8221; campaign=&#8221;701SX000002pS4LYAU&#8221; request_type=&#8221;Other&#8221; flag_hide_request_type=&#8221;true&#8221; country=&#8221;France&#8221; b=&#8221;food&#8221; thanks=&#8221;Merci pour votre demande, un expert culinaire vous contactera sous peu.&#8221; r=&#8221;Merci de formuler votre demande ici.&#8221;][\/vc_column][\/vc_row]<\/p>\n","protected":false},"excerpt":{"rendered":"<p>[vc_row full_width=&#8221;electroluxpro-full-width-no-padding&#8221;][vc_column][elx_full_banner title=&#8221;Notre Centre d&#8217;Excellence vous ouvre ses portes&#8221; set_as_h1=&#8221;true&#8221; link=&#8221;url:%23contact|title:Nous%20contacter&#8221; background_image_media_library=&#8221;23984&#8243; background_image_media_library_mobile=&#8221;24531&#8243;][vc_empty_space][elx_heading text_color=&#8221;electrolux-blue&#8221; text_align=&#8221;text-center&#8221;]D\u00e9couvrez notre Centre d&#8217;Excellence situ\u00e9 au pied du Stade de France[\/elx_heading][vc_empty_space][vc_column_text] Vous avez un projet de r\u00e9novation ou de cr\u00e9ation de cuisine? Vous avez besoin d\u2019un avis expert pour prendre les bonnes d\u00e9cisions ? Notre Centre d&#8217;Excellence est l\u00e0 pour vous. [&hellip;]<\/p>\n","protected":false},"author":93,"featured_media":0,"parent":0,"menu_order":0,"comment_status":"closed","ping_status":"closed","template":"","meta":{"footnotes":""},"class_list":["post-24513","page","type-page","status-publish","hentry"],"acf":[],"yoast_head":"<!-- This site is optimized with the Yoast SEO plugin v23.3 - https:\/\/yoast.com\/wordpress\/plugins\/seo\/ -->\n<title>Centre d&#039;Excellence France | Electrolux Professional<\/title>\n<meta name=\"description\" content=\"D\u00e9couvrez notre Centre d&#039;Excellence \u00e0 Saint-Denis : formations innovantes, d\u00e9monstrations culinaires en direct et exp\u00e9riences personnalis\u00e9es avec nos experts.\" \/>\n<meta name=\"robots\" content=\"index, follow, max-snippet:-1, max-image-preview:large, max-video-preview:-1\" \/>\n<link rel=\"canonical\" href=\"https:\/\/www.electroluxprofessional.com\/fr\/centre-excellence-france\/\" \/>\n<meta property=\"og:locale\" content=\"fr_FR\" \/>\n<meta property=\"og:type\" content=\"article\" \/>\n<meta property=\"og:title\" content=\"Centre d&#039;Excellence France | Electrolux Professional\" \/>\n<meta property=\"og:description\" content=\"D\u00e9couvrez notre Centre d&#039;Excellence \u00e0 Saint-Denis : formations innovantes, d\u00e9monstrations culinaires en direct et exp\u00e9riences personnalis\u00e9es avec nos experts.\" \/>\n<meta property=\"og:url\" content=\"https:\/\/www.electroluxprofessional.com\/fr\/centre-excellence-france\/\" \/>\n<meta property=\"og:site_name\" content=\"Electrolux Professional France\" \/>\n<meta property=\"article:modified_time\" content=\"2026-04-13T17:10:32+00:00\" \/>\n<meta name=\"twitter:card\" content=\"summary_large_image\" \/>\n<meta name=\"twitter:label1\" content=\"Dur\u00e9e de lecture estim\u00e9e\" \/>\n\t<meta name=\"twitter:data1\" content=\"3 minutes\" \/>\n<script type=\"application\/ld+json\" class=\"yoast-schema-graph\">{\"@context\":\"https:\/\/schema.org\",\"@graph\":[{\"@type\":\"WebPage\",\"@id\":\"https:\/\/www.electroluxprofessional.com\/fr\/centre-excellence-france\/\",\"url\":\"https:\/\/www.electroluxprofessional.com\/fr\/centre-excellence-france\/\",\"name\":\"Centre d'Excellence France | Electrolux Professional\",\"isPartOf\":{\"@id\":\"https:\/\/www.electroluxprofessional.com\/fr\/#website\"},\"datePublished\":\"2024-03-27T16:16:54+00:00\",\"dateModified\":\"2026-04-13T17:10:32+00:00\",\"description\":\"D\u00e9couvrez notre Centre d'Excellence \u00e0 Saint-Denis : formations innovantes, d\u00e9monstrations culinaires en direct et exp\u00e9riences personnalis\u00e9es avec nos experts.\",\"breadcrumb\":{\"@id\":\"https:\/\/www.electroluxprofessional.com\/fr\/centre-excellence-france\/#breadcrumb\"},\"inLanguage\":\"fr-FR\",\"potentialAction\":[{\"@type\":\"ReadAction\",\"target\":[\"https:\/\/www.electroluxprofessional.com\/fr\/centre-excellence-france\/\"]}]},{\"@type\":\"BreadcrumbList\",\"@id\":\"https:\/\/www.electroluxprofessional.com\/fr\/centre-excellence-france\/#breadcrumb\",\"itemListElement\":[{\"@type\":\"ListItem\",\"position\":1,\"name\":\"Home\",\"item\":\"https:\/\/www.electroluxprofessional.com\/fr\/\"},{\"@type\":\"ListItem\",\"position\":2,\"name\":\"Notre Centre d&#8217;Excellence vous ouvre ses portes\"}]},{\"@type\":\"WebSite\",\"@id\":\"https:\/\/www.electroluxprofessional.com\/fr\/#website\",\"url\":\"https:\/\/www.electroluxprofessional.com\/fr\/\",\"name\":\"Electrolux Professional France\",\"description\":\"\",\"potentialAction\":[{\"@type\":\"SearchAction\",\"target\":{\"@type\":\"EntryPoint\",\"urlTemplate\":\"https:\/\/www.electroluxprofessional.com\/fr\/?src={search_term_string}\"},\"query-input\":\"required name=search_term_string\"}],\"inLanguage\":\"fr-FR\"}]}<\/script>\n<!-- \/ Yoast SEO plugin. -->","yoast_head_json":{"title":"Centre d'Excellence France | Electrolux Professional","description":"D\u00e9couvrez notre Centre d'Excellence \u00e0 Saint-Denis : formations innovantes, d\u00e9monstrations culinaires en direct et exp\u00e9riences personnalis\u00e9es avec nos experts.","robots":{"index":"index","follow":"follow","max-snippet":"max-snippet:-1","max-image-preview":"max-image-preview:large","max-video-preview":"max-video-preview:-1"},"canonical":"https:\/\/www.electroluxprofessional.com\/fr\/centre-excellence-france\/","og_locale":"fr_FR","og_type":"article","og_title":"Centre d'Excellence France | Electrolux Professional","og_description":"D\u00e9couvrez notre Centre d'Excellence \u00e0 Saint-Denis : formations innovantes, d\u00e9monstrations culinaires en direct et exp\u00e9riences personnalis\u00e9es avec nos experts.","og_url":"https:\/\/www.electroluxprofessional.com\/fr\/centre-excellence-france\/","og_site_name":"Electrolux Professional France","article_modified_time":"2026-04-13T17:10:32+00:00","twitter_card":"summary_large_image","twitter_misc":{"Dur\u00e9e de lecture estim\u00e9e":"3 minutes"},"schema":{"@context":"https:\/\/schema.org","@graph":[{"@type":"WebPage","@id":"https:\/\/www.electroluxprofessional.com\/fr\/centre-excellence-france\/","url":"https:\/\/www.electroluxprofessional.com\/fr\/centre-excellence-france\/","name":"Centre d'Excellence France | Electrolux Professional","isPartOf":{"@id":"https:\/\/www.electroluxprofessional.com\/fr\/#website"},"datePublished":"2024-03-27T16:16:54+00:00","dateModified":"2026-04-13T17:10:32+00:00","description":"D\u00e9couvrez notre Centre d'Excellence \u00e0 Saint-Denis : formations innovantes, d\u00e9monstrations culinaires en direct et exp\u00e9riences personnalis\u00e9es avec nos experts.","breadcrumb":{"@id":"https:\/\/www.electroluxprofessional.com\/fr\/centre-excellence-france\/#breadcrumb"},"inLanguage":"fr-FR","potentialAction":[{"@type":"ReadAction","target":["https:\/\/www.electroluxprofessional.com\/fr\/centre-excellence-france\/"]}]},{"@type":"BreadcrumbList","@id":"https:\/\/www.electroluxprofessional.com\/fr\/centre-excellence-france\/#breadcrumb","itemListElement":[{"@type":"ListItem","position":1,"name":"Home","item":"https:\/\/www.electroluxprofessional.com\/fr\/"},{"@type":"ListItem","position":2,"name":"Notre Centre d&#8217;Excellence vous ouvre ses portes"}]},{"@type":"WebSite","@id":"https:\/\/www.electroluxprofessional.com\/fr\/#website","url":"https:\/\/www.electroluxprofessional.com\/fr\/","name":"Electrolux Professional France","description":"","potentialAction":[{"@type":"SearchAction","target":{"@type":"EntryPoint","urlTemplate":"https:\/\/www.electroluxprofessional.com\/fr\/?src={search_term_string}"},"query-input":"required name=search_term_string"}],"inLanguage":"fr-FR"}]}},"_links":{"self":[{"href":"https:\/\/www.electroluxprofessional.com\/fr\/wp-json\/wp\/v2\/pages\/24513"}],"collection":[{"href":"https:\/\/www.electroluxprofessional.com\/fr\/wp-json\/wp\/v2\/pages"}],"about":[{"href":"https:\/\/www.electroluxprofessional.com\/fr\/wp-json\/wp\/v2\/types\/page"}],"author":[{"embeddable":true,"href":"https:\/\/www.electroluxprofessional.com\/fr\/wp-json\/wp\/v2\/users\/93"}],"replies":[{"embeddable":true,"href":"https:\/\/www.electroluxprofessional.com\/fr\/wp-json\/wp\/v2\/comments?post=24513"}],"version-history":[{"count":25,"href":"https:\/\/www.electroluxprofessional.com\/fr\/wp-json\/wp\/v2\/pages\/24513\/revisions"}],"predecessor-version":[{"id":32079,"href":"https:\/\/www.electroluxprofessional.com\/fr\/wp-json\/wp\/v2\/pages\/24513\/revisions\/32079"}],"wp:attachment":[{"href":"https:\/\/www.electroluxprofessional.com\/fr\/wp-json\/wp\/v2\/media?parent=24513"}],"curies":[{"name":"wp","href":"https:\/\/api.w.org\/{rel}","templated":true}]}}