{"id":24079,"date":"2024-02-06T10:48:53","date_gmt":"2024-02-06T10:48:53","guid":{"rendered":"https:\/\/www.electroluxprofessional.com\/fr\/?page_id=24079"},"modified":"2026-03-13T10:23:53","modified_gmt":"2026-03-13T10:23:53","slug":"solutions-durables-centre-excellence","status":"publish","type":"page","link":"https:\/\/www.electroluxprofessional.com\/fr\/solutions-durables-centre-excellence\/","title":{"rendered":"D\u00e9couvrez nos solutions durables dans notre Centre d&#8217;Excellence"},"content":{"rendered":"<p>[vc_row full_width=&#8221;electroluxpro-full-width-no-padding&#8221;][vc_column][elx_full_banner title=&#8221;D\u00e9couvrez nos solutions durables dans notre Centre d&#8217;Excellence&#8221; set_as_h1=&#8221;true&#8221; link=&#8221;url:%23dates|title:Voir%20les%20%C3%A9v%C3%A8nements&#8221; background_image_media_library=&#8221;24127&#8243; background_image_media_library_mobile=&#8221;24128&#8243;][vc_empty_space][\/vc_column][\/vc_row][vc_row matched_labels=&#8221;&#8221; el_id=&#8221;descriptif&#8221;][vc_column width=&#8221;2\/3&#8243;][vc_empty_space][elx_heading font_container=&#8221;h3&#8243; text_color=&#8221;inherit&#8221; text_align=&#8221;text-left&#8221;]Vous avez \u00e0 coeur de travailler de mani\u00e8re plus durable ?[\/elx_heading][elx_heading font_container=&#8221;h6&#8243; text_color=&#8221;solid-gold&#8221; text_align=&#8221;text-left&#8221;]Inscrivez-vous gratuitement \u00e0 nos ateliers et d\u00e9couvrez nos solutions.[\/elx_heading][vc_column_text]<\/p>\n<p style=\"text-align: left;\"><strong>Pr\u00e9paration, cuisson, r\u00e9frig\u00e9ration, lavage, glaces, boissons et plus encore&#8230;<\/strong><\/p>\n<p>[\/vc_column_text][vc_empty_space height=&#8221;20px&#8221;][vc_column_text]<\/p>\n<p style=\"text-align: left;\">Guid\u00e9s par notre chef culinaire, d\u00e9couvrez comment nos solutions durables et leurs fonctionnalit\u00e9s peuvent permettre de fluidifier vos process en boostant votre productivit\u00e9, tout en r\u00e9duisant vos co\u00fbts et votre impact environnemental.<\/p>\n<p>[\/vc_column_text][vc_empty_space][elx_button button_text=&#8221;S&#8217;inscrire \u00e0 un \u00e9v\u00e8nement&#8221; button_display_block=&#8221;display_block_on&#8221; button_alignment=&#8221;align_center&#8221; button_alignment_mobile=&#8221;text-center-mobile&#8221; button_link=&#8221;url:%23dates&#8221;][vc_empty_space][\/vc_column][vc_column width=&#8221;1\/3&#8243; offset=&#8221;vc_hidden-sm vc_hidden-xs&#8221;][vc_empty_space][vc_single_image image=&#8221;23718&#8243; img_size=&#8221;350&#215;350&#8243; alignment=&#8221;center&#8221;][\/vc_column][\/vc_row][vc_row][vc_column][vc_empty_space][\/vc_column][\/vc_row][vc_row css=&#8221;.vc_custom_1708358521616{background-color: #000847 !important;}&#8221;][vc_column][vc_empty_space height=&#8221;15px&#8221;][vc_empty_space height=&#8221;15px&#8221;][elx_heading font_container=&#8221;h4&#8243; text_color=&#8221;white&#8221; text_align=&#8221;text-center&#8221;]Une nouvelle perspective pour des cuisines professionnelles plus durables[\/elx_heading][elx_heading font_container=&#8221;h4&#8243; text_color=&#8221;cat-mylaundry-concept-store&#8221; text_align=&#8221;text-center&#8221;]Lorsque la productivit\u00e9 rencontre la durabilit\u00e9&#8230;[\/elx_heading][vc_empty_space height=&#8221;15px&#8221;][vc_row_inner gap=&#8221;20&#8243;][vc_column_inner width=&#8221;1\/3&#8243; css=&#8221;.vc_custom_1708008437975{border-right-width: 15px !important;border-left-width: 15px !important;background-color: #507545 !important;border-radius: 10px !important;}&#8221;][vc_empty_space height=&#8221;15px&#8221;][elx_heading font_container=&#8221;h6&#8243; text_color=&#8221;white&#8221; text_align=&#8221;text-center&#8221;]Profit [\/elx_heading][vc_column_text]<\/p>\n<p style=\"color: #ffffff; text-align: center;\">Une productivit\u00e9 accrue et de faibles co\u00fbts de fonctionnement.<\/p>\n<p>[\/vc_column_text][vc_empty_space height=&#8221;15px&#8221;][\/vc_column_inner][vc_column_inner width=&#8221;1\/3&#8243; css=&#8221;.vc_custom_1708007880915{background-color: #90b76f !important;border-radius: 10px !important;}&#8221;][vc_empty_space height=&#8221;15px&#8221;][elx_heading font_container=&#8221;h6&#8243; text_color=&#8221;white&#8221; text_align=&#8221;text-center&#8221;]Plan\u00e8te[\/elx_heading][vc_column_text]<\/p>\n<p style=\"color: #ffffff; text-align: center;\">Faibles \u00e9missions de CO\u00b2 et<br \/>\nutilisation limit\u00e9e de ressources.<\/p>\n<p>[\/vc_column_text][vc_empty_space height=&#8221;15px&#8221;][\/vc_column_inner][vc_column_inner width=&#8221;1\/3&#8243; css=&#8221;.vc_custom_1708008058053{background-color: #c6d6be !important;border-radius: 10px !important;}&#8221;][vc_empty_space height=&#8221;15px&#8221;][elx_heading font_container=&#8221;h6&#8243; text_color=&#8221;white&#8221; text_align=&#8221;text-center&#8221;]Personnes[\/elx_heading][vc_column_text]<\/p>\n<p style=\"color: #ffffff; text-align: center;\">Facilit\u00e9 d&#8217;utilisation, s\u00e9curit\u00e9 et ergonomie pour ses utilisateurs.<\/p>\n<p>[\/vc_column_text][vc_empty_space height=&#8221;15px&#8221;][\/vc_column_inner][\/vc_row_inner][vc_empty_space][\/vc_column][\/vc_row][vc_row el_id=&#8221;dates&#8221;][vc_column][elx_o2000_events_locator language=&#8221;fr&#8221; country_cluster=&#8221;FR&#8221; country=&#8221;FR&#8221; hide_filter=&#8221;true&#8221; hide_map=&#8221;true&#8221; hide_calendar=&#8221;true&#8221; hide_bottom_filters=&#8221;true&#8221; category_id=&#8221;3&#8243;][\/vc_column][\/vc_row][vc_row el_id=&#8221;contact&#8221;][vc_column][elx_heading text_color=&#8221;inherit&#8221; text_align=&#8221;text-center&#8221;]Vous avez une demande sp\u00e9cifique ?<br \/>\nVous souhaitez convenir d&#8217;un autre cr\u00e9neau ?[\/elx_heading][elx_heading font_container=&#8221;h6&#8243; text_color=&#8221;inherit&#8221; text_align=&#8221;text-center&#8221;]Contactez-nous via notre formulaire :[\/elx_heading][vc_empty_space][elx_o2000_contact_us s=&#8221;Demande d&#8217;informations d\u00e9monstrations culinaires&#8221; campaign=&#8221;701SX000002pS4LYAU&#8221; request_type=&#8221;Other&#8221; flag_hide_request_type=&#8221;true&#8221; country=&#8221;France&#8221; b=&#8221;food&#8221; text_color=&#8221;#14133B&#8221; thanks=&#8221;Merci pour votre demande, un expert culinaire vous contactera sous peu.&#8221; r=&#8221;Merci de formuler votre demande ici.&#8221;][\/vc_column][\/vc_row]<\/p>\n","protected":false},"excerpt":{"rendered":"<p>[vc_row full_width=&#8221;electroluxpro-full-width-no-padding&#8221;][vc_column][elx_full_banner title=&#8221;D\u00e9couvrez nos solutions durables dans notre Centre d&#8217;Excellence&#8221; set_as_h1=&#8221;true&#8221; link=&#8221;url:%23dates|title:Voir%20les%20%C3%A9v%C3%A8nements&#8221; background_image_media_library=&#8221;24127&#8243; background_image_media_library_mobile=&#8221;24128&#8243;][vc_empty_space][\/vc_column][\/vc_row][vc_row matched_labels=&#8221;&#8221; el_id=&#8221;descriptif&#8221;][vc_column width=&#8221;2\/3&#8243;][vc_empty_space][elx_heading font_container=&#8221;h3&#8243; text_color=&#8221;inherit&#8221; text_align=&#8221;text-left&#8221;]Vous avez \u00e0 coeur de travailler de mani\u00e8re plus durable ?[\/elx_heading][elx_heading font_container=&#8221;h6&#8243; text_color=&#8221;solid-gold&#8221; text_align=&#8221;text-left&#8221;]Inscrivez-vous gratuitement \u00e0 nos ateliers et d\u00e9couvrez nos solutions.[\/elx_heading][vc_column_text] Pr\u00e9paration, cuisson, r\u00e9frig\u00e9ration, lavage, glaces, boissons et plus encore&#8230; [\/vc_column_text][vc_empty_space height=&#8221;20px&#8221;][vc_column_text] Guid\u00e9s par notre [&hellip;]<\/p>\n","protected":false},"author":93,"featured_media":0,"parent":0,"menu_order":0,"comment_status":"closed","ping_status":"closed","template":"","meta":{"footnotes":""},"class_list":["post-24079","page","type-page","status-publish","hentry"],"acf":[],"yoast_head":"<!-- This site is optimized with the Yoast SEO plugin v23.3 - https:\/\/yoast.com\/wordpress\/plugins\/seo\/ -->\n<title>Solutions Durables et Centre d&#039;Excellence | Electrolux Professional<\/title>\n<meta name=\"description\" content=\"D\u00e9couvrez nos solutions durables et nos Centres d&#039;Excellence mondiaux. Innovation, formation et d\u00e9monstrations en direct pour vos besoins professionnels.\" \/>\n<meta name=\"robots\" content=\"index, follow, max-snippet:-1, max-image-preview:large, max-video-preview:-1\" \/>\n<link rel=\"canonical\" href=\"https:\/\/www.electroluxprofessional.com\/fr\/solutions-durables-centre-excellence\/\" \/>\n<meta property=\"og:locale\" content=\"fr_FR\" \/>\n<meta property=\"og:type\" content=\"article\" \/>\n<meta property=\"og:title\" content=\"Solutions Durables et Centre d&#039;Excellence | Electrolux Professional\" \/>\n<meta property=\"og:description\" content=\"D\u00e9couvrez nos solutions durables et nos Centres d&#039;Excellence mondiaux. Innovation, formation et d\u00e9monstrations en direct pour vos besoins professionnels.\" \/>\n<meta property=\"og:url\" content=\"https:\/\/www.electroluxprofessional.com\/fr\/solutions-durables-centre-excellence\/\" \/>\n<meta property=\"og:site_name\" content=\"Electrolux Professional France\" \/>\n<meta property=\"article:modified_time\" content=\"2026-03-13T10:23:53+00:00\" \/>\n<meta name=\"twitter:card\" content=\"summary_large_image\" \/>\n<meta name=\"twitter:label1\" content=\"Dur\u00e9e de lecture estim\u00e9e\" \/>\n\t<meta name=\"twitter:data1\" content=\"2 minutes\" \/>\n<script type=\"application\/ld+json\" class=\"yoast-schema-graph\">{\"@context\":\"https:\/\/schema.org\",\"@graph\":[{\"@type\":\"WebPage\",\"@id\":\"https:\/\/www.electroluxprofessional.com\/fr\/solutions-durables-centre-excellence\/\",\"url\":\"https:\/\/www.electroluxprofessional.com\/fr\/solutions-durables-centre-excellence\/\",\"name\":\"Solutions Durables et Centre d'Excellence | Electrolux Professional\",\"isPartOf\":{\"@id\":\"https:\/\/www.electroluxprofessional.com\/fr\/#website\"},\"datePublished\":\"2024-02-06T10:48:53+00:00\",\"dateModified\":\"2026-03-13T10:23:53+00:00\",\"description\":\"D\u00e9couvrez nos solutions durables et nos Centres d'Excellence mondiaux. Innovation, formation et d\u00e9monstrations en direct pour vos besoins professionnels.\",\"breadcrumb\":{\"@id\":\"https:\/\/www.electroluxprofessional.com\/fr\/solutions-durables-centre-excellence\/#breadcrumb\"},\"inLanguage\":\"fr-FR\",\"potentialAction\":[{\"@type\":\"ReadAction\",\"target\":[\"https:\/\/www.electroluxprofessional.com\/fr\/solutions-durables-centre-excellence\/\"]}]},{\"@type\":\"BreadcrumbList\",\"@id\":\"https:\/\/www.electroluxprofessional.com\/fr\/solutions-durables-centre-excellence\/#breadcrumb\",\"itemListElement\":[{\"@type\":\"ListItem\",\"position\":1,\"name\":\"Home\",\"item\":\"https:\/\/www.electroluxprofessional.com\/fr\/\"},{\"@type\":\"ListItem\",\"position\":2,\"name\":\"D\u00e9couvrez nos solutions durables dans notre Centre d&#8217;Excellence\"}]},{\"@type\":\"WebSite\",\"@id\":\"https:\/\/www.electroluxprofessional.com\/fr\/#website\",\"url\":\"https:\/\/www.electroluxprofessional.com\/fr\/\",\"name\":\"Electrolux Professional France\",\"description\":\"\",\"potentialAction\":[{\"@type\":\"SearchAction\",\"target\":{\"@type\":\"EntryPoint\",\"urlTemplate\":\"https:\/\/www.electroluxprofessional.com\/fr\/?src={search_term_string}\"},\"query-input\":\"required name=search_term_string\"}],\"inLanguage\":\"fr-FR\"}]}<\/script>\n<!-- \/ Yoast SEO plugin. -->","yoast_head_json":{"title":"Solutions Durables et Centre d'Excellence | Electrolux Professional","description":"D\u00e9couvrez nos solutions durables et nos Centres d'Excellence mondiaux. Innovation, formation et d\u00e9monstrations en direct pour vos besoins professionnels.","robots":{"index":"index","follow":"follow","max-snippet":"max-snippet:-1","max-image-preview":"max-image-preview:large","max-video-preview":"max-video-preview:-1"},"canonical":"https:\/\/www.electroluxprofessional.com\/fr\/solutions-durables-centre-excellence\/","og_locale":"fr_FR","og_type":"article","og_title":"Solutions Durables et Centre d'Excellence | Electrolux Professional","og_description":"D\u00e9couvrez nos solutions durables et nos Centres d'Excellence mondiaux. Innovation, formation et d\u00e9monstrations en direct pour vos besoins professionnels.","og_url":"https:\/\/www.electroluxprofessional.com\/fr\/solutions-durables-centre-excellence\/","og_site_name":"Electrolux Professional France","article_modified_time":"2026-03-13T10:23:53+00:00","twitter_card":"summary_large_image","twitter_misc":{"Dur\u00e9e de lecture estim\u00e9e":"2 minutes"},"schema":{"@context":"https:\/\/schema.org","@graph":[{"@type":"WebPage","@id":"https:\/\/www.electroluxprofessional.com\/fr\/solutions-durables-centre-excellence\/","url":"https:\/\/www.electroluxprofessional.com\/fr\/solutions-durables-centre-excellence\/","name":"Solutions Durables et Centre d'Excellence | Electrolux Professional","isPartOf":{"@id":"https:\/\/www.electroluxprofessional.com\/fr\/#website"},"datePublished":"2024-02-06T10:48:53+00:00","dateModified":"2026-03-13T10:23:53+00:00","description":"D\u00e9couvrez nos solutions durables et nos Centres d'Excellence mondiaux. Innovation, formation et d\u00e9monstrations en direct pour vos besoins professionnels.","breadcrumb":{"@id":"https:\/\/www.electroluxprofessional.com\/fr\/solutions-durables-centre-excellence\/#breadcrumb"},"inLanguage":"fr-FR","potentialAction":[{"@type":"ReadAction","target":["https:\/\/www.electroluxprofessional.com\/fr\/solutions-durables-centre-excellence\/"]}]},{"@type":"BreadcrumbList","@id":"https:\/\/www.electroluxprofessional.com\/fr\/solutions-durables-centre-excellence\/#breadcrumb","itemListElement":[{"@type":"ListItem","position":1,"name":"Home","item":"https:\/\/www.electroluxprofessional.com\/fr\/"},{"@type":"ListItem","position":2,"name":"D\u00e9couvrez nos solutions durables dans notre Centre d&#8217;Excellence"}]},{"@type":"WebSite","@id":"https:\/\/www.electroluxprofessional.com\/fr\/#website","url":"https:\/\/www.electroluxprofessional.com\/fr\/","name":"Electrolux Professional France","description":"","potentialAction":[{"@type":"SearchAction","target":{"@type":"EntryPoint","urlTemplate":"https:\/\/www.electroluxprofessional.com\/fr\/?src={search_term_string}"},"query-input":"required name=search_term_string"}],"inLanguage":"fr-FR"}]}},"_links":{"self":[{"href":"https:\/\/www.electroluxprofessional.com\/fr\/wp-json\/wp\/v2\/pages\/24079"}],"collection":[{"href":"https:\/\/www.electroluxprofessional.com\/fr\/wp-json\/wp\/v2\/pages"}],"about":[{"href":"https:\/\/www.electroluxprofessional.com\/fr\/wp-json\/wp\/v2\/types\/page"}],"author":[{"embeddable":true,"href":"https:\/\/www.electroluxprofessional.com\/fr\/wp-json\/wp\/v2\/users\/93"}],"replies":[{"embeddable":true,"href":"https:\/\/www.electroluxprofessional.com\/fr\/wp-json\/wp\/v2\/comments?post=24079"}],"version-history":[{"count":28,"href":"https:\/\/www.electroluxprofessional.com\/fr\/wp-json\/wp\/v2\/pages\/24079\/revisions"}],"predecessor-version":[{"id":30988,"href":"https:\/\/www.electroluxprofessional.com\/fr\/wp-json\/wp\/v2\/pages\/24079\/revisions\/30988"}],"wp:attachment":[{"href":"https:\/\/www.electroluxprofessional.com\/fr\/wp-json\/wp\/v2\/media?parent=24079"}],"curies":[{"name":"wp","href":"https:\/\/api.w.org\/{rel}","templated":true}]}}