{"id":23794,"date":"2023-12-04T09:34:06","date_gmt":"2023-12-04T09:34:06","guid":{"rendered":"https:\/\/www.electroluxprofessional.com\/fr\/?page_id=23794"},"modified":"2024-02-22T13:01:45","modified_gmt":"2024-02-22T13:01:45","slug":"demonstrations-culinaires-centre-excellence","status":"publish","type":"page","link":"https:\/\/www.electroluxprofessional.com\/fr\/demonstrations-culinaires-centre-excellence\/","title":{"rendered":"D\u00e9monstrations culinaires dans notre Centre d&#8217;Excellence"},"content":{"rendered":"<p>[vc_row full_width=&#8221;electroluxpro-full-width-no-padding&#8221;][vc_column][elx_full_banner title=&#8221;D\u00e9mos culinaires dans notre Centre d&#8217;Excellence de Saint-Denis&#8221; set_as_h1=&#8221;true&#8221; link=&#8221;url:%23dates|title:S&#8217;inscrire%20d%C3%A8s%20maintenant&#8221; background_image_media_library=&#8221;10782&#8243; background_image_media_library_mobile=&#8221;10783&#8243;][\/vc_column][\/vc_row][vc_row][vc_column][vc_empty_space][elx_heading text_color=&#8221;solid-gold&#8221; text_align=&#8221;text-center&#8221;]Inscrivez-vous gratuitement \u00e0 nos sessions de d\u00e9mos culinaires[\/elx_heading][elx_heading font_container=&#8221;h3&#8243; text_color=&#8221;electrolux-blue&#8221; text_align=&#8221;text-center&#8221;]sur la cat\u00e9gorie d&#8217;\u00e9quipements de votre choix[\/elx_heading][vc_empty_space][elx_button button_text=&#8221;S&#8217;inscrire&#8221; button_display_block=&#8221;display_block_on&#8221; button_alignment=&#8221;align_center&#8221; button_alignment_mobile=&#8221;text-center-mobile&#8221; button_link=&#8221;url:%23dates&#8221;][vc_empty_space][vc_column_text]<\/p>\n<p style=\"text-align: center;\"><strong>D\u00e9couvrez &amp; testez en live nos \u00e9quipements de cuisine professionnelle<br \/>\n<\/strong>Notre chef Electrolux Professional r\u00e9pondra \u00e0 toutes vos questions !<\/p>\n<p>[\/vc_column_text][vc_empty_space][vc_row_inner][vc_column_inner width=&#8221;1\/5&#8243; matched_labels=&#8221;&#8221; css=&#8221;.vc_custom_1708597574381{border-radius: 5px !important;}&#8221;][vc_single_image image=&#8221;21809&#8243; img_size=&#8221;80&#215;150&#8243; alignment=&#8221;center&#8221; onclick=&#8221;custom_link&#8221; css=&#8221;.vc_custom_1708599143919{border-radius: 10px !important;}&#8221; link=&#8221;#dates&#8221;][vc_empty_space height=&#8221;10px&#8221;][elx_heading font_container=&#8221;h6&#8243; text_color=&#8221;inherit&#8221; text_align=&#8221;text-center&#8221;]Pr\u00e9paration[\/elx_heading][vc_column_text]<\/p>\n<p style=\"text-align: center;\">Solutions de pr\u00e9paration dynamique s\u00fbres et faciles d\u2019utilisation<\/p>\n<p>[\/vc_column_text][\/vc_column_inner][vc_column_inner width=&#8221;1\/5&#8243;][vc_single_image image=&#8221;23519&#8243; img_size=&#8221;150&#215;150&#8243; alignment=&#8221;center&#8221; onclick=&#8221;custom_link&#8221; css=&#8221;.vc_custom_1708599078186{border-radius: 5px !important;}&#8221; link=&#8221;#dates&#8221;][vc_empty_space height=&#8221;10px&#8221;][elx_heading font_container=&#8221;h6&#8243; text_color=&#8221;inherit&#8221; text_align=&#8221;text-center&#8221;]Cuisson[\/elx_heading][vc_column_text]<\/p>\n<p style=\"text-align: center;\">Appareils de cuisson polyvalents pour gagner en productivit\u00e9<\/p>\n<p>[\/vc_column_text][\/vc_column_inner][vc_column_inner width=&#8221;1\/5&#8243;][vc_single_image image=&#8221;20739&#8243; img_size=&#8221;210&#215;155&#8243; alignment=&#8221;center&#8221; onclick=&#8221;custom_link&#8221; css=&#8221;.vc_custom_1708599165608{border-radius: 5px !important;}&#8221; link=&#8221;#dates&#8221;][vc_empty_space height=&#8221;20px&#8221;][elx_heading font_container=&#8221;h6&#8243; text_color=&#8221;inherit&#8221; text_align=&#8221;text-center&#8221;]R\u00e9frig\u00e9ration[\/elx_heading][vc_column_text]<\/p>\n<p style=\"text-align: center;\">Equipements de r\u00e9frig\u00e9ration pour pr\u00e9server la dur\u00e9e des denr\u00e9es<\/p>\n<p>[\/vc_column_text][\/vc_column_inner][vc_column_inner width=&#8221;1\/5&#8243;][vc_single_image image=&#8221;22164&#8243; img_size=&#8221;240&#215;190&#8243; alignment=&#8221;center&#8221; onclick=&#8221;custom_link&#8221; css=&#8221;.vc_custom_1708599300594{border-radius: 5px !important;}&#8221; link=&#8221;#dates&#8221;][vc_empty_space height=&#8221;10px&#8221;][elx_heading font_container=&#8221;h6&#8243; text_color=&#8221;inherit&#8221; text_align=&#8221;text-center&#8221;]Lavage &amp; s\u00e9chage[\/elx_heading][vc_column_text]<\/p>\n<p style=\"text-align: center;\">Solutions de lavage et s\u00e9chage de la vaisselle \u00e9conomes en eau et \u00e9nergie<\/p>\n<p>[\/vc_column_text][\/vc_column_inner][vc_column_inner width=&#8221;1\/5&#8243;][vc_single_image image=&#8221;13691&#8243; img_size=&#8221;150&#215;160&#8243; alignment=&#8221;center&#8221; onclick=&#8221;custom_link&#8221; css=&#8221;.vc_custom_1708599326005{border-radius: 5px !important;}&#8221; link=&#8221;#dates&#8221;][vc_empty_space height=&#8221;4px&#8221;][elx_heading font_container=&#8221;h6&#8243; text_color=&#8221;inherit&#8221; text_align=&#8221;text-center&#8221;]Boissons &amp; glaces[\/elx_heading][vc_column_text]<\/p>\n<p style=\"text-align: center;\">Equipements de boissons et glaces pour \u00e9toffer sa carte et r\u00e9galer ses clients<\/p>\n<p>[\/vc_column_text][\/vc_column_inner][\/vc_row_inner][\/vc_column][\/vc_row][vc_row el_id=&#8221;dates&#8221;][vc_column][elx_o2000_events_locator language=&#8221;fr&#8221; country_cluster=&#8221;FR&#8221; country=&#8221;FR&#8221; hide_filter=&#8221;true&#8221; hide_map=&#8221;true&#8221; hide_calendar=&#8221;true&#8221; hide_bottom_filters=&#8221;true&#8221; category_id=&#8221;1&#8243;][\/vc_column][\/vc_row][vc_row el_id=&#8221;contact&#8221;][vc_column][elx_heading text_color=&#8221;inherit&#8221; text_align=&#8221;text-center&#8221;]Vous avez une demande sp\u00e9cifique ?<br \/>\nVous souhaitez convenir d&#8217;un autre cr\u00e9neau ?[\/elx_heading][elx_heading font_container=&#8221;h6&#8243; text_color=&#8221;inherit&#8221; text_align=&#8221;text-center&#8221;]Contactez-nous via notre formulaire :[\/elx_heading][vc_empty_space][elx_o2000_contact_us s=&#8221;Demande d&#8217;informations d\u00e9monstrations culinaires&#8221; campaign=&#8221;701SX000002pS4LYAU&#8221; request_type=&#8221;Other&#8221; flag_hide_request_type=&#8221;true&#8221; country=&#8221;France&#8221; b=&#8221;food&#8221; text_color=&#8221;#14133B&#8221; thanks=&#8221;Merci pour votre demande, un expert culinaire vous contactera sous peu.&#8221; r=&#8221;Merci de formuler votre demande ici.&#8221;][\/vc_column][\/vc_row]<\/p>\n","protected":false},"excerpt":{"rendered":"<p>[vc_row full_width=&#8221;electroluxpro-full-width-no-padding&#8221;][vc_column][elx_full_banner title=&#8221;D\u00e9mos culinaires dans notre Centre d&#8217;Excellence de Saint-Denis&#8221; set_as_h1=&#8221;true&#8221; link=&#8221;url:%23dates|title:S&#8217;inscrire%20d%C3%A8s%20maintenant&#8221; background_image_media_library=&#8221;10782&#8243; background_image_media_library_mobile=&#8221;10783&#8243;][\/vc_column][\/vc_row][vc_row][vc_column][vc_empty_space][elx_heading text_color=&#8221;solid-gold&#8221; text_align=&#8221;text-center&#8221;]Inscrivez-vous gratuitement \u00e0 nos sessions de d\u00e9mos culinaires[\/elx_heading][elx_heading font_container=&#8221;h3&#8243; text_color=&#8221;electrolux-blue&#8221; text_align=&#8221;text-center&#8221;]sur la cat\u00e9gorie d&#8217;\u00e9quipements de votre choix[\/elx_heading][vc_empty_space][elx_button button_text=&#8221;S&#8217;inscrire&#8221; button_display_block=&#8221;display_block_on&#8221; button_alignment=&#8221;align_center&#8221; button_alignment_mobile=&#8221;text-center-mobile&#8221; button_link=&#8221;url:%23dates&#8221;][vc_empty_space][vc_column_text] D\u00e9couvrez &amp; testez en live nos \u00e9quipements de cuisine professionnelle Notre chef Electrolux Professional r\u00e9pondra \u00e0 toutes vos [&hellip;]<\/p>\n","protected":false},"author":93,"featured_media":0,"parent":0,"menu_order":0,"comment_status":"closed","ping_status":"closed","template":"","meta":{"footnotes":""},"class_list":["post-23794","page","type-page","status-publish","hentry"],"acf":[],"yoast_head":"<!-- This site is optimized with the Yoast SEO plugin v23.3 - https:\/\/yoast.com\/wordpress\/plugins\/seo\/ -->\n<title>D\u00e9monstrations culinaires dans notre Centre d&#039;Excellence | Electrolux Professional France<\/title>\n<meta name=\"description\" content=\"Vous souhaitez d\u00e9couvrir et tester nos \u00e9quipements de cuisine Electrolux Professional ?Inscrivez-vous gratuitement \u00e0 nos sessions de d\u00e9mos culinaires sur la cat\u00e9gorie d\u2019\u00e9quipements de votre choix.\" \/>\n<meta name=\"robots\" content=\"index, follow, max-snippet:-1, max-image-preview:large, max-video-preview:-1\" \/>\n<link rel=\"canonical\" href=\"https:\/\/www.electroluxprofessional.com\/fr\/demonstrations-culinaires-centre-excellence\/\" \/>\n<meta property=\"og:locale\" content=\"fr_FR\" \/>\n<meta property=\"og:type\" content=\"article\" \/>\n<meta property=\"og:title\" content=\"D\u00e9monstrations culinaires dans notre Centre d&#039;Excellence | Electrolux Professional France\" \/>\n<meta property=\"og:description\" content=\"Vous souhaitez d\u00e9couvrir et tester nos \u00e9quipements de cuisine Electrolux Professional ?Inscrivez-vous gratuitement \u00e0 nos sessions de d\u00e9mos culinaires sur la cat\u00e9gorie d\u2019\u00e9quipements de votre choix.\" \/>\n<meta property=\"og:url\" content=\"https:\/\/www.electroluxprofessional.com\/fr\/demonstrations-culinaires-centre-excellence\/\" \/>\n<meta property=\"og:site_name\" content=\"Electrolux Professional France\" \/>\n<meta property=\"article:modified_time\" content=\"2024-02-22T13:01:45+00:00\" \/>\n<meta name=\"twitter:card\" content=\"summary_large_image\" \/>\n<meta name=\"twitter:label1\" content=\"Dur\u00e9e de lecture estim\u00e9e\" \/>\n\t<meta name=\"twitter:data1\" content=\"2 minutes\" \/>\n<script type=\"application\/ld+json\" class=\"yoast-schema-graph\">{\"@context\":\"https:\/\/schema.org\",\"@graph\":[{\"@type\":\"WebPage\",\"@id\":\"https:\/\/www.electroluxprofessional.com\/fr\/demonstrations-culinaires-centre-excellence\/\",\"url\":\"https:\/\/www.electroluxprofessional.com\/fr\/demonstrations-culinaires-centre-excellence\/\",\"name\":\"D\u00e9monstrations culinaires dans notre Centre d'Excellence | Electrolux Professional France\",\"isPartOf\":{\"@id\":\"https:\/\/www.electroluxprofessional.com\/fr\/#website\"},\"datePublished\":\"2023-12-04T09:34:06+00:00\",\"dateModified\":\"2024-02-22T13:01:45+00:00\",\"description\":\"Vous souhaitez d\u00e9couvrir et tester nos \u00e9quipements de cuisine Electrolux Professional ?Inscrivez-vous gratuitement \u00e0 nos sessions de d\u00e9mos culinaires sur la cat\u00e9gorie d\u2019\u00e9quipements de votre choix.\",\"breadcrumb\":{\"@id\":\"https:\/\/www.electroluxprofessional.com\/fr\/demonstrations-culinaires-centre-excellence\/#breadcrumb\"},\"inLanguage\":\"fr-FR\",\"potentialAction\":[{\"@type\":\"ReadAction\",\"target\":[\"https:\/\/www.electroluxprofessional.com\/fr\/demonstrations-culinaires-centre-excellence\/\"]}]},{\"@type\":\"BreadcrumbList\",\"@id\":\"https:\/\/www.electroluxprofessional.com\/fr\/demonstrations-culinaires-centre-excellence\/#breadcrumb\",\"itemListElement\":[{\"@type\":\"ListItem\",\"position\":1,\"name\":\"Home\",\"item\":\"https:\/\/www.electroluxprofessional.com\/fr\/\"},{\"@type\":\"ListItem\",\"position\":2,\"name\":\"D\u00e9monstrations culinaires dans notre Centre d&#8217;Excellence\"}]},{\"@type\":\"WebSite\",\"@id\":\"https:\/\/www.electroluxprofessional.com\/fr\/#website\",\"url\":\"https:\/\/www.electroluxprofessional.com\/fr\/\",\"name\":\"Electrolux Professional France\",\"description\":\"\",\"potentialAction\":[{\"@type\":\"SearchAction\",\"target\":{\"@type\":\"EntryPoint\",\"urlTemplate\":\"https:\/\/www.electroluxprofessional.com\/fr\/?src={search_term_string}\"},\"query-input\":\"required name=search_term_string\"}],\"inLanguage\":\"fr-FR\"}]}<\/script>\n<!-- \/ Yoast SEO plugin. -->","yoast_head_json":{"title":"D\u00e9monstrations culinaires dans notre Centre d'Excellence | Electrolux Professional France","description":"Vous souhaitez d\u00e9couvrir et tester nos \u00e9quipements de cuisine Electrolux Professional ?Inscrivez-vous gratuitement \u00e0 nos sessions de d\u00e9mos culinaires sur la cat\u00e9gorie d\u2019\u00e9quipements de votre choix.","robots":{"index":"index","follow":"follow","max-snippet":"max-snippet:-1","max-image-preview":"max-image-preview:large","max-video-preview":"max-video-preview:-1"},"canonical":"https:\/\/www.electroluxprofessional.com\/fr\/demonstrations-culinaires-centre-excellence\/","og_locale":"fr_FR","og_type":"article","og_title":"D\u00e9monstrations culinaires dans notre Centre d'Excellence | Electrolux Professional France","og_description":"Vous souhaitez d\u00e9couvrir et tester nos \u00e9quipements de cuisine Electrolux Professional ?Inscrivez-vous gratuitement \u00e0 nos sessions de d\u00e9mos culinaires sur la cat\u00e9gorie d\u2019\u00e9quipements de votre choix.","og_url":"https:\/\/www.electroluxprofessional.com\/fr\/demonstrations-culinaires-centre-excellence\/","og_site_name":"Electrolux Professional France","article_modified_time":"2024-02-22T13:01:45+00:00","twitter_card":"summary_large_image","twitter_misc":{"Dur\u00e9e de lecture estim\u00e9e":"2 minutes"},"schema":{"@context":"https:\/\/schema.org","@graph":[{"@type":"WebPage","@id":"https:\/\/www.electroluxprofessional.com\/fr\/demonstrations-culinaires-centre-excellence\/","url":"https:\/\/www.electroluxprofessional.com\/fr\/demonstrations-culinaires-centre-excellence\/","name":"D\u00e9monstrations culinaires dans notre Centre d'Excellence | Electrolux Professional France","isPartOf":{"@id":"https:\/\/www.electroluxprofessional.com\/fr\/#website"},"datePublished":"2023-12-04T09:34:06+00:00","dateModified":"2024-02-22T13:01:45+00:00","description":"Vous souhaitez d\u00e9couvrir et tester nos \u00e9quipements de cuisine Electrolux Professional ?Inscrivez-vous gratuitement \u00e0 nos sessions de d\u00e9mos culinaires sur la cat\u00e9gorie d\u2019\u00e9quipements de votre choix.","breadcrumb":{"@id":"https:\/\/www.electroluxprofessional.com\/fr\/demonstrations-culinaires-centre-excellence\/#breadcrumb"},"inLanguage":"fr-FR","potentialAction":[{"@type":"ReadAction","target":["https:\/\/www.electroluxprofessional.com\/fr\/demonstrations-culinaires-centre-excellence\/"]}]},{"@type":"BreadcrumbList","@id":"https:\/\/www.electroluxprofessional.com\/fr\/demonstrations-culinaires-centre-excellence\/#breadcrumb","itemListElement":[{"@type":"ListItem","position":1,"name":"Home","item":"https:\/\/www.electroluxprofessional.com\/fr\/"},{"@type":"ListItem","position":2,"name":"D\u00e9monstrations culinaires dans notre Centre d&#8217;Excellence"}]},{"@type":"WebSite","@id":"https:\/\/www.electroluxprofessional.com\/fr\/#website","url":"https:\/\/www.electroluxprofessional.com\/fr\/","name":"Electrolux Professional France","description":"","potentialAction":[{"@type":"SearchAction","target":{"@type":"EntryPoint","urlTemplate":"https:\/\/www.electroluxprofessional.com\/fr\/?src={search_term_string}"},"query-input":"required name=search_term_string"}],"inLanguage":"fr-FR"}]}},"_links":{"self":[{"href":"https:\/\/www.electroluxprofessional.com\/fr\/wp-json\/wp\/v2\/pages\/23794"}],"collection":[{"href":"https:\/\/www.electroluxprofessional.com\/fr\/wp-json\/wp\/v2\/pages"}],"about":[{"href":"https:\/\/www.electroluxprofessional.com\/fr\/wp-json\/wp\/v2\/types\/page"}],"author":[{"embeddable":true,"href":"https:\/\/www.electroluxprofessional.com\/fr\/wp-json\/wp\/v2\/users\/93"}],"replies":[{"embeddable":true,"href":"https:\/\/www.electroluxprofessional.com\/fr\/wp-json\/wp\/v2\/comments?post=23794"}],"version-history":[{"count":31,"href":"https:\/\/www.electroluxprofessional.com\/fr\/wp-json\/wp\/v2\/pages\/23794\/revisions"}],"predecessor-version":[{"id":24328,"href":"https:\/\/www.electroluxprofessional.com\/fr\/wp-json\/wp\/v2\/pages\/23794\/revisions\/24328"}],"wp:attachment":[{"href":"https:\/\/www.electroluxprofessional.com\/fr\/wp-json\/wp\/v2\/media?parent=23794"}],"curies":[{"name":"wp","href":"https:\/\/api.w.org\/{rel}","templated":true}]}}