{"id":23151,"date":"2023-10-06T14:22:54","date_gmt":"2023-10-06T14:22:54","guid":{"rendered":"https:\/\/www.electroluxprofessional.com\/fr\/?page_id=23151"},"modified":"2026-04-14T14:41:46","modified_gmt":"2026-04-14T14:41:46","slug":"solutions-blanchisserie-societes-nettoyage","status":"publish","type":"page","link":"https:\/\/www.electroluxprofessional.com\/fr\/equipement-blanchisserie\/mypro\/solutions-blanchisserie-societes-nettoyage\/","title":{"rendered":"Solutions de blanchisserie pour les soci\u00e9t\u00e9s de nettoyage"},"content":{"rendered":"<p>[vc_row full_width=&#8221;electroluxpro-full-width-no-padding&#8221;][vc_column][elx_hero_slider label_text_color=&#8221;inherit&#8221; images=&#8221;23466&#8243;][elx_heading font_container=&#8221;p&#8221; font_size=&#8221;h2&#8243; text_color=&#8221;electrolux-blue&#8221;]Solutions de blanchisserie pour les soci\u00e9t\u00e9s de nettoyage[\/elx_heading][\/elx_hero_slider][\/vc_column][\/vc_row][vc_row gap=&#8221;35&#8243; content_placement=&#8221;middle&#8221; css=&#8221;.vc_custom_1695199745470{padding-top: 50px !important;padding-bottom: 50px !important;}&#8221;][vc_column width=&#8221;1\/2&#8243; el_class=&#8221;societenettoyage&#8221;][vc_empty_space height=&#8221;30px&#8221; el_class=&#8221;spacevide&#8221;][elx_heading font_container=&#8221;h1&#8243; font_size=&#8221;h2&#8243; text_color=&#8221;electrolux-blue&#8221; text_align=&#8221;text-left&#8221;]D\u00e9couvrez les 2 gammes Electrolux Professional adapt\u00e9es aux besoins des soci\u00e9t\u00e9s de nettoyage ![\/elx_heading][vc_empty_space height=&#8221;30px&#8221;][vc_column_text]Le nettoyage et le s\u00e9chage de vos mops et autres microfibres est probl\u00e9matique ? Vous utilisez des machines domestiques qui ne durent jamais tr\u00e8s longtemps ? Vous n&#8217;avez pas beaucoup de place \u00e0 d\u00e9dier au lavage et au s\u00e9chage de vos \u00e9quipements ?<\/p>\n<p>D\u00e9couvrez les solutions de blanchisserie Electrolux Professional id\u00e9ales pour les besoins des soci\u00e9t\u00e9s de nettoyage ![\/vc_column_text][vc_empty_space height=&#8221;30px&#8221;][elx_button button_text=&#8221;Nous contacter&#8221; button_style=&#8221;secondary&#8221; button_link=&#8221;url:%23contact&#8221;][\/vc_column][vc_column width=&#8221;1\/2&#8243; el_class=&#8221;societenettoyage&#8221;][vc_empty_space height=&#8221;40px&#8221;][vc_single_image image=&#8221;10301&#8243; img_size=&#8221;full&#8221; alignment=&#8221;right&#8221;][vc_empty_space height=&#8221;20px&#8221;][\/vc_column][\/vc_row][vc_row custom_color_row=&#8221;bg-row-light-blue&#8221; content_placement=&#8221;middle&#8221; matched_labels_action=&#8221;hide&#8221; css=&#8221;.vc_custom_1698755693479{padding-top: 50px !important;padding-bottom: 50px !important;}&#8221; el_id=&#8221;produits&#8221;][vc_column][vc_row_inner][vc_column_inner el_class=&#8221;margeresponsive&#8221; width=&#8221;1\/4&#8243;][vc_empty_space height=&#8221;50px&#8221; el_class=&#8221;spacevide&#8221;][vc_single_image image=&#8221;23499&#8243; img_size=&#8221;300&#215;500&#8243;][\/vc_column_inner][vc_column_inner el_class=&#8221;margeresponsive&#8221; width=&#8221;3\/4&#8243;][vc_empty_space height=&#8221;30px&#8221;][elx_heading font_size=&#8221;h1&#8243; text_color=&#8221;electrolux-blue&#8221; text_align=&#8221;text-left&#8221;]myPRO, une gamme adapt\u00e9e aux petites structures[\/elx_heading][vc_empty_space height=&#8221;30px&#8221;][vc_column_text]Les mat\u00e9riels de cette gamme sont garantis pour un <strong>usage semi-intensif<\/strong>. Moins d\u2019arr\u00eat, moins de souci et donc <strong>plus de production<\/strong>. Pas de formation \u00e0 pr\u00e9voir, tout est ultra simple \u00e0 utiliser !\u00a0Votre espace est restreint ? Optez pour une installation <strong>en colonne<\/strong> du module machine \u00e0 laver\/s\u00e9choir ou encore pour la repasseuse pliable.<\/p>\n<p>Enfin, le s\u00e9choir myPRO dot\u00e9 d\u2019une innovation technologique qui vous permet d\u2019<strong>\u00e9viter le sur-s\u00e9chage<\/strong> et la consommation d\u2019\u00e9nergie inutile.[\/vc_column_text][vc_column_text css=&#8221;.vc_custom_1701165736323{margin-top: 30px !important;margin-bottom: 30px !important;padding-top: 20px !important;padding-right: 20px !important;padding-bottom: 20px !important;padding-left: 20px !important;background-color: #cee0c9 !important;}&#8221;]Le saviez-vous ? myPRO dure 3 fois plus longtemps et lave 2 fois plus vite, en comparaison avec du mat\u00e9riel m\u00e9nager ![\/vc_column_text][vc_empty_space height=&#8221;30px&#8221;][elx_button button_text=&#8221;Nous contacter&#8221; button_style=&#8221;secondary&#8221; button_display_block=&#8221;display_block_on&#8221; button_link=&#8221;url:%23contact&#8221;][\/vc_column_inner][\/vc_row_inner][\/vc_column][\/vc_row][vc_row custom_color_row=&#8221;bg-row-light-blue&#8221; content_placement=&#8221;middle&#8221; matched_labels_action=&#8221;hide&#8221; css=&#8221;.vc_custom_1698755012458{padding-top: 50px !important;padding-bottom: 50px !important;background-color: #ffffff !important;}&#8221;][vc_column][vc_row_inner][vc_column_inner el_class=&#8221;margeresponsive&#8221; width=&#8221;2\/3&#8243;][vc_empty_space height=&#8221;30px&#8221; el_class=&#8221;spacevide&#8221;][elx_heading font_size=&#8221;h1&#8243; text_color=&#8221;electrolux-blue&#8221; text_align=&#8221;text-left&#8221;]Line 6000, notre gamme de lave-linges et s\u00e8che-linges professionnels[\/elx_heading][elx_heading font_container=&#8221;p&#8221; font_size=&#8221;h4&#8243; text_color=&#8221;electrolux-blue&#8221; text_align=&#8221;text-left&#8221;]Gagnez en productivit\u00e9 gr\u00e2ce \u00e0 notre gamme ![\/elx_heading][vc_empty_space height=&#8221;30px&#8221;][vc_column_text]<\/p>\n<p style=\"text-align: left;\">Nos mod\u00e8les sont con\u00e7us pour vous offrir une meilleure exp\u00e9rience utilisateur en consommant <strong>moins d&#8217;eau, d&#8217;\u00e9nergie et de d\u00e9tergent<\/strong>.<\/p>\n<p>Nos mod\u00e8les de lave-linge WH6-6 et s\u00e8che-linge TD6-7 vous permettent une <strong>plus grande productivit\u00e9<\/strong> gr\u00e2ce \u00e0 leur format compact et leur adaptabilit\u00e9. Lavez et s\u00e9chez <strong>60 kg par jour<\/strong> sur <strong>moins de 0,4 m\u00b2<\/strong> avec le &#8220;couple parfait&#8221; !<\/p>\n<p style=\"font-weight: 400;\">Les laveuses et s\u00e9choirs Line 6000 ont \u00e9t\u00e9 certifi\u00e9s par l\u2019institut ind\u00e9pendant ErgoCert pour leur ergonomie. Plus d\u2019ergonomie, c\u2019est plus de confort des op\u00e9rateurs et moins de risques de TMS au quotidien.<\/p>\n<p>[\/vc_column_text][vc_empty_space height=&#8221;30px&#8221;][elx_button button_text=&#8221;Nous contacter&#8221; button_style=&#8221;secondary&#8221; button_display_block=&#8221;display_block_on&#8221; button_link=&#8221;url:%23contact&#8221;][\/vc_column_inner][vc_column_inner el_class=&#8221;margeresponsive&#8221; width=&#8221;1\/3&#8243;][vc_empty_space height=&#8221;30px&#8221;][vc_single_image image=&#8221;18630&#8243; img_size=&#8221;large&#8221;][\/vc_column_inner][\/vc_row_inner][\/vc_column][\/vc_row][vc_row custom_color_row=&#8221;bg-row-light-blue&#8221; css=&#8221;.vc_custom_1695199026829{padding-top: 50px !important;padding-bottom: 50px !important;}&#8221;][vc_column][elx_heading font_size=&#8221;h1&#8243; text_color=&#8221;electrolux-blue&#8221; text_align=&#8221;text-center&#8221;]Vos probl\u00e9matiques, nos solutions[\/elx_heading][elx_heading font_container=&#8221;p&#8221; font_size=&#8221;h4&#8243; text_color=&#8221;electrolux-blue&#8221; text_align=&#8221;text-center&#8221;]Efficacit\u00e9, rapidit\u00e9 et hygi\u00e8ne garanties[\/elx_heading][vc_empty_space height=&#8221;30px&#8221;][vc_row_inner][vc_column_inner el_class=&#8221;icon&#8221; width=&#8221;1\/4&#8243;][elx_icons icon_size=&#8221;elx-icon-medium&#8221; icon_electroluxpro=&#8221;elx-icon icon-circle-productivity-liberopro-blue&#8221;][vc_column_text]<\/p>\n<h3 style=\"text-align: center;\">Rapide<\/h3>\n<p style=\"text-align: center;\">Nos gammes ont \u00e9t\u00e9 d\u00e9velopp\u00e9es en gardant vos enjeux de productivit\u00e9 \u00e0 l&#8217;esprit<\/p>\n<p>[\/vc_column_text][\/vc_column_inner][vc_column_inner el_class=&#8221;icon&#8221; width=&#8221;1\/4&#8243;][elx_icons icon_size=&#8221;elx-icon-medium&#8221; icon_electroluxpro=&#8221;elx-icon icon-circle-star-check-blue&#8221;][vc_column_text]<\/p>\n<h3 style=\"text-align: center;\">Efficace<\/h3>\n<p style=\"text-align: center;\">R\u00e9sultats de lavage professionnels, \u00e9quipements compacts, \u00e9conomes en \u00e9nergie<\/p>\n<p>[\/vc_column_text][\/vc_column_inner][vc_column_inner el_class=&#8221;icon&#8221; width=&#8221;1\/4&#8243;][elx_icons icon_size=&#8221;elx-icon-medium&#8221; icon_electroluxpro=&#8221;elx-icon icon-circle-time-hand-blue&#8221;][vc_column_text]<\/p>\n<h3 style=\"text-align: center;\">Durable<\/h3>\n<p style=\"text-align: center;\">Des \u00e9quipements dans lesquels vous pouvez avoir confiance dans le temps<\/p>\n<p>[\/vc_column_text][\/vc_column_inner][vc_column_inner el_class=&#8221;icon&#8221; width=&#8221;1\/4&#8243;][elx_icons icon_size=&#8221;elx-icon-medium&#8221; icon_electroluxpro=&#8221;elx-icon icon-circle-safe-blue&#8221;][vc_column_text]<\/p>\n<h3 style=\"text-align: center;\">D\u00e9sinfection<\/h3>\n<p style=\"text-align: center;\">Des programmes de d\u00e9sinfection vous aident \u00e0 r\u00e9pondre aux exigences d&#8217;hygi\u00e8ne<\/p>\n<p>[\/vc_column_text][\/vc_column_inner][\/vc_row_inner][vc_empty_space height=&#8221;50px&#8221; el_class=&#8221;spacevide&#8221;][\/vc_column][\/vc_row][vc_row full_width=&#8221;electroluxpro-container-no-padding&#8221; gap=&#8221;35&#8243; content_placement=&#8221;middle&#8221; css=&#8221;.vc_custom_1696943465849{padding-top: 50px !important;padding-bottom: 50px !important;}&#8221;][vc_column][vc_row_inner][vc_column_inner el_class=&#8221;directive&#8221; width=&#8221;1\/2&#8243;][elx_heading text_color=&#8221;electrolux-blue&#8221; text_align=&#8221;text-left&#8221;]Mettez-vous en conformit\u00e9 avec la Directive Europ\u00e9enne<br \/>\n[\/elx_heading][\/vc_column_inner][vc_column_inner el_class=&#8221;directive&#8221; width=&#8221;1\/2&#8243;][vc_single_image image=&#8221;8909&#8243; img_size=&#8221;full&#8221;][vc_empty_space height=&#8221;30px&#8221;][\/vc_column_inner][\/vc_row_inner][vc_row_inner el_class=&#8221;directive&#8221;][vc_column_inner][vc_column_text]Depuis le 1er janvier 2010, il est interdit de d\u00e9tourner l\u2019usage d\u2019un appareil m\u00e9nager pour une utilisation professionnelle.[\/vc_column_text][vc_empty_space height=&#8221;30px&#8221;][vc_column_text]Opter pour des \u00e9quipements conformes \u00e0 la Directive Machine, c&#8217;est l&#8217;assurance :<\/p>\n<ul>\n<li>d&#8217;un niveau \u00e9lev\u00e9 de protection sanitaire et s\u00e9curitaire des utilisateurs<\/li>\n<li>d&#8217;un mat\u00e9riel professionnel conforme et appropri\u00e9 \u00e0 votre utilisation<\/li>\n<li style=\"text-align: left;\">d&#8217;une prise en charge garantie par les assurances contre de nombreuses menaces<\/li>\n<\/ul>\n<p>[\/vc_column_text][vc_empty_space height=&#8221;30px&#8221;][elx_button button_text=&#8221;Nous contacter&#8221; button_style=&#8221;secondary&#8221; button_link=&#8221;url:%23contact&#8221;][\/vc_column_inner][\/vc_row_inner][\/vc_column][\/vc_row][vc_row custom_color_row=&#8221;bg-row-light-blue&#8221; gap=&#8221;35&#8243; css=&#8221;.vc_custom_1699279659665{padding-top: 50px !important;padding-bottom: 50px !important;}&#8221; el_id=&#8221;contact&#8221; el_class=&#8221;societenettoyage&#8221;][vc_column][elx_heading font_size=&#8221;h1&#8243; text_color=&#8221;electrolux-blue&#8221; text_align=&#8221;text-center&#8221;]Vous souhaitez en savoir plus sur nos solutions ?[\/elx_heading][elx_heading font_container=&#8221;p&#8221; font_size=&#8221;h4&#8243; text_color=&#8221;electrolux-blue&#8221; text_align=&#8221;text-center&#8221;]Contactez-nous via notre formulaire :[\/elx_heading][vc_empty_space][elx_o2000_contact_us s=&#8221;Demande : Solutions de blanchisserie pour les soci\u00e9t\u00e9s de nettoyage&#8221; request_type=&#8221;Other&#8221; flag_hide_request_type=&#8221;true&#8221; country=&#8221;France&#8221; b=&#8221;laundry-semi-professional&#8221; compact_view=&#8221;1&#8243; text_color=&#8221;#14133B&#8221; thanks=&#8221;Merci pour votre demande, un expert vous contactera sous peu.&#8221; r=&#8221;Je souhaiterais en savoir plus sur les solutions de blanchisserie pour les soci\u00e9t\u00e9s de nettoyage&#8221;][\/vc_column][\/vc_row]<\/p>\n","protected":false},"excerpt":{"rendered":"<p>[vc_row full_width=&#8221;electroluxpro-full-width-no-padding&#8221;][vc_column][elx_hero_slider label_text_color=&#8221;inherit&#8221; images=&#8221;23466&#8243;][elx_heading font_container=&#8221;p&#8221; font_size=&#8221;h2&#8243; text_color=&#8221;electrolux-blue&#8221;]Solutions de blanchisserie pour les soci\u00e9t\u00e9s de nettoyage[\/elx_heading][\/elx_hero_slider][\/vc_column][\/vc_row][vc_row gap=&#8221;35&#8243; content_placement=&#8221;middle&#8221; css=&#8221;.vc_custom_1695199745470{padding-top: 50px !important;padding-bottom: 50px !important;}&#8221;][vc_column width=&#8221;1\/2&#8243; el_class=&#8221;societenettoyage&#8221;][vc_empty_space height=&#8221;30px&#8221; el_class=&#8221;spacevide&#8221;][elx_heading font_container=&#8221;h1&#8243; font_size=&#8221;h2&#8243; text_color=&#8221;electrolux-blue&#8221; text_align=&#8221;text-left&#8221;]D\u00e9couvrez les 2 gammes Electrolux Professional adapt\u00e9es aux besoins des soci\u00e9t\u00e9s de nettoyage ![\/elx_heading][vc_empty_space height=&#8221;30px&#8221;][vc_column_text]Le nettoyage et le s\u00e9chage de vos mops et autres microfibres est probl\u00e9matique [&hellip;]<\/p>\n","protected":false},"author":4,"featured_media":23466,"parent":26416,"menu_order":0,"comment_status":"closed","ping_status":"closed","template":"","meta":{"footnotes":""},"class_list":["post-23151","page","type-page","status-publish","has-post-thumbnail","hentry"],"acf":[],"yoast_head":"<!-- This site is optimized with the Yoast SEO plugin v23.3 - https:\/\/yoast.com\/wordpress\/plugins\/seo\/ -->\n<title>Solutions de blanchisserie pour les soci\u00e9t\u00e9s de nettoyage | Electrolux Professional<\/title>\n<meta name=\"description\" content=\"D\u00e9couvrez HeroDry, la solution de s\u00e9chage rapide pour la vaisselle r\u00e9utilisable. Un s\u00e9chage parfait en 135 secondes seulement!\" \/>\n<meta name=\"robots\" content=\"index, follow, max-snippet:-1, max-image-preview:large, max-video-preview:-1\" \/>\n<link rel=\"canonical\" href=\"https:\/\/www.electroluxprofessional.com\/fr\/equipement-blanchisserie\/mypro\/solutions-blanchisserie-societes-nettoyage\/\" \/>\n<meta property=\"og:locale\" content=\"fr_FR\" \/>\n<meta property=\"og:type\" content=\"article\" \/>\n<meta property=\"og:title\" content=\"Solutions de blanchisserie pour les soci\u00e9t\u00e9s de nettoyage | Electrolux Professional\" \/>\n<meta property=\"og:description\" content=\"D\u00e9couvrez HeroDry, la solution de s\u00e9chage rapide pour la vaisselle r\u00e9utilisable. Un s\u00e9chage parfait en 135 secondes seulement!\" \/>\n<meta property=\"og:url\" content=\"https:\/\/www.electroluxprofessional.com\/fr\/equipement-blanchisserie\/mypro\/solutions-blanchisserie-societes-nettoyage\/\" \/>\n<meta property=\"og:site_name\" content=\"Electrolux Professional France\" \/>\n<meta property=\"article:modified_time\" content=\"2026-04-14T14:41:46+00:00\" \/>\n<meta property=\"og:image\" content=\"https:\/\/www.electroluxprofessional.com\/fr\/wp-content\/uploads\/2023\/10\/mops.jpg\" \/>\n\t<meta property=\"og:image:width\" content=\"1700\" \/>\n\t<meta property=\"og:image:height\" content=\"450\" \/>\n\t<meta property=\"og:image:type\" content=\"image\/jpeg\" \/>\n<meta name=\"twitter:card\" content=\"summary_large_image\" \/>\n<meta name=\"twitter:label1\" content=\"Dur\u00e9e de lecture estim\u00e9e\" \/>\n\t<meta name=\"twitter:data1\" content=\"5 minutes\" \/>\n<script type=\"application\/ld+json\" class=\"yoast-schema-graph\">{\"@context\":\"https:\/\/schema.org\",\"@graph\":[{\"@type\":\"WebPage\",\"@id\":\"https:\/\/www.electroluxprofessional.com\/fr\/equipement-blanchisserie\/mypro\/solutions-blanchisserie-societes-nettoyage\/\",\"url\":\"https:\/\/www.electroluxprofessional.com\/fr\/equipement-blanchisserie\/mypro\/solutions-blanchisserie-societes-nettoyage\/\",\"name\":\"Solutions de blanchisserie pour les soci\u00e9t\u00e9s de nettoyage | Electrolux Professional\",\"isPartOf\":{\"@id\":\"https:\/\/www.electroluxprofessional.com\/fr\/#website\"},\"primaryImageOfPage\":{\"@id\":\"https:\/\/www.electroluxprofessional.com\/fr\/equipement-blanchisserie\/mypro\/solutions-blanchisserie-societes-nettoyage\/#primaryimage\"},\"image\":{\"@id\":\"https:\/\/www.electroluxprofessional.com\/fr\/equipement-blanchisserie\/mypro\/solutions-blanchisserie-societes-nettoyage\/#primaryimage\"},\"thumbnailUrl\":\"https:\/\/www.electroluxprofessional.com\/fr\/wp-content\/uploads\/2023\/10\/mops.jpg\",\"datePublished\":\"2023-10-06T14:22:54+00:00\",\"dateModified\":\"2026-04-14T14:41:46+00:00\",\"description\":\"D\u00e9couvrez HeroDry, la solution de s\u00e9chage rapide pour la vaisselle r\u00e9utilisable. Un s\u00e9chage parfait en 135 secondes seulement!\",\"breadcrumb\":{\"@id\":\"https:\/\/www.electroluxprofessional.com\/fr\/equipement-blanchisserie\/mypro\/solutions-blanchisserie-societes-nettoyage\/#breadcrumb\"},\"inLanguage\":\"fr-FR\",\"potentialAction\":[{\"@type\":\"ReadAction\",\"target\":[\"https:\/\/www.electroluxprofessional.com\/fr\/equipement-blanchisserie\/mypro\/solutions-blanchisserie-societes-nettoyage\/\"]}]},{\"@type\":\"ImageObject\",\"inLanguage\":\"fr-FR\",\"@id\":\"https:\/\/www.electroluxprofessional.com\/fr\/equipement-blanchisserie\/mypro\/solutions-blanchisserie-societes-nettoyage\/#primaryimage\",\"url\":\"https:\/\/www.electroluxprofessional.com\/fr\/wp-content\/uploads\/2023\/10\/mops.jpg\",\"contentUrl\":\"https:\/\/www.electroluxprofessional.com\/fr\/wp-content\/uploads\/2023\/10\/mops.jpg\",\"width\":1700,\"height\":450,\"caption\":\"mops\"},{\"@type\":\"BreadcrumbList\",\"@id\":\"https:\/\/www.electroluxprofessional.com\/fr\/equipement-blanchisserie\/mypro\/solutions-blanchisserie-societes-nettoyage\/#breadcrumb\",\"itemListElement\":[{\"@type\":\"ListItem\",\"position\":1,\"name\":\"Home\",\"item\":\"https:\/\/www.electroluxprofessional.com\/fr\/\"},{\"@type\":\"ListItem\",\"position\":2,\"name\":\"Equipements de blanchisserie professionnelle\",\"item\":\"https:\/\/www.electroluxprofessional.com\/fr\/equipement-blanchisserie\/\"},{\"@type\":\"ListItem\",\"position\":3,\"name\":\"Machine \u00e0 laver et s\u00e8che-linge semi-professionnels myPRO\",\"item\":\"https:\/\/www.electroluxprofessional.com\/fr\/equipement-blanchisserie\/mypro\/\"},{\"@type\":\"ListItem\",\"position\":4,\"name\":\"Solutions de blanchisserie pour les soci\u00e9t\u00e9s de nettoyage\"}]},{\"@type\":\"WebSite\",\"@id\":\"https:\/\/www.electroluxprofessional.com\/fr\/#website\",\"url\":\"https:\/\/www.electroluxprofessional.com\/fr\/\",\"name\":\"Electrolux Professional France\",\"description\":\"\",\"potentialAction\":[{\"@type\":\"SearchAction\",\"target\":{\"@type\":\"EntryPoint\",\"urlTemplate\":\"https:\/\/www.electroluxprofessional.com\/fr\/?src={search_term_string}\"},\"query-input\":\"required name=search_term_string\"}],\"inLanguage\":\"fr-FR\"}]}<\/script>\n<!-- \/ Yoast SEO plugin. -->","yoast_head_json":{"title":"Solutions de blanchisserie pour les soci\u00e9t\u00e9s de nettoyage | Electrolux Professional","description":"D\u00e9couvrez HeroDry, la solution de s\u00e9chage rapide pour la vaisselle r\u00e9utilisable. Un s\u00e9chage parfait en 135 secondes seulement!","robots":{"index":"index","follow":"follow","max-snippet":"max-snippet:-1","max-image-preview":"max-image-preview:large","max-video-preview":"max-video-preview:-1"},"canonical":"https:\/\/www.electroluxprofessional.com\/fr\/equipement-blanchisserie\/mypro\/solutions-blanchisserie-societes-nettoyage\/","og_locale":"fr_FR","og_type":"article","og_title":"Solutions de blanchisserie pour les soci\u00e9t\u00e9s de nettoyage | Electrolux Professional","og_description":"D\u00e9couvrez HeroDry, la solution de s\u00e9chage rapide pour la vaisselle r\u00e9utilisable. Un s\u00e9chage parfait en 135 secondes seulement!","og_url":"https:\/\/www.electroluxprofessional.com\/fr\/equipement-blanchisserie\/mypro\/solutions-blanchisserie-societes-nettoyage\/","og_site_name":"Electrolux Professional France","article_modified_time":"2026-04-14T14:41:46+00:00","og_image":[{"width":1700,"height":450,"url":"https:\/\/www.electroluxprofessional.com\/fr\/wp-content\/uploads\/2023\/10\/mops.jpg","type":"image\/jpeg"}],"twitter_card":"summary_large_image","twitter_misc":{"Dur\u00e9e de lecture estim\u00e9e":"5 minutes"},"schema":{"@context":"https:\/\/schema.org","@graph":[{"@type":"WebPage","@id":"https:\/\/www.electroluxprofessional.com\/fr\/equipement-blanchisserie\/mypro\/solutions-blanchisserie-societes-nettoyage\/","url":"https:\/\/www.electroluxprofessional.com\/fr\/equipement-blanchisserie\/mypro\/solutions-blanchisserie-societes-nettoyage\/","name":"Solutions de blanchisserie pour les soci\u00e9t\u00e9s de nettoyage | Electrolux Professional","isPartOf":{"@id":"https:\/\/www.electroluxprofessional.com\/fr\/#website"},"primaryImageOfPage":{"@id":"https:\/\/www.electroluxprofessional.com\/fr\/equipement-blanchisserie\/mypro\/solutions-blanchisserie-societes-nettoyage\/#primaryimage"},"image":{"@id":"https:\/\/www.electroluxprofessional.com\/fr\/equipement-blanchisserie\/mypro\/solutions-blanchisserie-societes-nettoyage\/#primaryimage"},"thumbnailUrl":"https:\/\/www.electroluxprofessional.com\/fr\/wp-content\/uploads\/2023\/10\/mops.jpg","datePublished":"2023-10-06T14:22:54+00:00","dateModified":"2026-04-14T14:41:46+00:00","description":"D\u00e9couvrez HeroDry, la solution de s\u00e9chage rapide pour la vaisselle r\u00e9utilisable. Un s\u00e9chage parfait en 135 secondes seulement!","breadcrumb":{"@id":"https:\/\/www.electroluxprofessional.com\/fr\/equipement-blanchisserie\/mypro\/solutions-blanchisserie-societes-nettoyage\/#breadcrumb"},"inLanguage":"fr-FR","potentialAction":[{"@type":"ReadAction","target":["https:\/\/www.electroluxprofessional.com\/fr\/equipement-blanchisserie\/mypro\/solutions-blanchisserie-societes-nettoyage\/"]}]},{"@type":"ImageObject","inLanguage":"fr-FR","@id":"https:\/\/www.electroluxprofessional.com\/fr\/equipement-blanchisserie\/mypro\/solutions-blanchisserie-societes-nettoyage\/#primaryimage","url":"https:\/\/www.electroluxprofessional.com\/fr\/wp-content\/uploads\/2023\/10\/mops.jpg","contentUrl":"https:\/\/www.electroluxprofessional.com\/fr\/wp-content\/uploads\/2023\/10\/mops.jpg","width":1700,"height":450,"caption":"mops"},{"@type":"BreadcrumbList","@id":"https:\/\/www.electroluxprofessional.com\/fr\/equipement-blanchisserie\/mypro\/solutions-blanchisserie-societes-nettoyage\/#breadcrumb","itemListElement":[{"@type":"ListItem","position":1,"name":"Home","item":"https:\/\/www.electroluxprofessional.com\/fr\/"},{"@type":"ListItem","position":2,"name":"Equipements de blanchisserie professionnelle","item":"https:\/\/www.electroluxprofessional.com\/fr\/equipement-blanchisserie\/"},{"@type":"ListItem","position":3,"name":"Machine \u00e0 laver et s\u00e8che-linge semi-professionnels myPRO","item":"https:\/\/www.electroluxprofessional.com\/fr\/equipement-blanchisserie\/mypro\/"},{"@type":"ListItem","position":4,"name":"Solutions de blanchisserie pour les soci\u00e9t\u00e9s de nettoyage"}]},{"@type":"WebSite","@id":"https:\/\/www.electroluxprofessional.com\/fr\/#website","url":"https:\/\/www.electroluxprofessional.com\/fr\/","name":"Electrolux Professional France","description":"","potentialAction":[{"@type":"SearchAction","target":{"@type":"EntryPoint","urlTemplate":"https:\/\/www.electroluxprofessional.com\/fr\/?src={search_term_string}"},"query-input":"required name=search_term_string"}],"inLanguage":"fr-FR"}]}},"_links":{"self":[{"href":"https:\/\/www.electroluxprofessional.com\/fr\/wp-json\/wp\/v2\/pages\/23151"}],"collection":[{"href":"https:\/\/www.electroluxprofessional.com\/fr\/wp-json\/wp\/v2\/pages"}],"about":[{"href":"https:\/\/www.electroluxprofessional.com\/fr\/wp-json\/wp\/v2\/types\/page"}],"author":[{"embeddable":true,"href":"https:\/\/www.electroluxprofessional.com\/fr\/wp-json\/wp\/v2\/users\/4"}],"replies":[{"embeddable":true,"href":"https:\/\/www.electroluxprofessional.com\/fr\/wp-json\/wp\/v2\/comments?post=23151"}],"version-history":[{"count":75,"href":"https:\/\/www.electroluxprofessional.com\/fr\/wp-json\/wp\/v2\/pages\/23151\/revisions"}],"predecessor-version":[{"id":32141,"href":"https:\/\/www.electroluxprofessional.com\/fr\/wp-json\/wp\/v2\/pages\/23151\/revisions\/32141"}],"up":[{"embeddable":true,"href":"https:\/\/www.electroluxprofessional.com\/fr\/wp-json\/wp\/v2\/pages\/26416"}],"wp:featuredmedia":[{"embeddable":true,"href":"https:\/\/www.electroluxprofessional.com\/fr\/wp-json\/wp\/v2\/media\/23466"}],"wp:attachment":[{"href":"https:\/\/www.electroluxprofessional.com\/fr\/wp-json\/wp\/v2\/media?parent=23151"}],"curies":[{"name":"wp","href":"https:\/\/api.w.org\/{rel}","templated":true}]}}