{"id":22379,"date":"2024-07-26T10:02:01","date_gmt":"2024-07-26T10:02:01","guid":{"rendered":"https:\/\/www.electroluxprofessional.com\/fr\/?page_id=22379"},"modified":"2026-04-13T12:46:25","modified_gmt":"2026-04-13T12:46:25","slug":"hygiene-livraison-vente-emporter-restauration","status":"publish","type":"page","link":"https:\/\/www.electroluxprofessional.com\/fr\/hygiene-livraison-vente-emporter-restauration\/","title":{"rendered":"Vous souhaitez conna\u00eetre toutes les bonnes pratiques pour votre activit\u00e9 de vente \u00e0 emporter et livraison ?"},"content":{"rendered":"<p>[vc_row full_width=&#8221;electroluxpro-full-width-no-padding&#8221;][vc_column][elx_image_block background_image=&#8221;22380&#8243; minimum_height=&#8221;400px&#8221;][\/vc_column][\/vc_row][vc_row][vc_column][vc_empty_space][elx_heading font_container=&#8221;h1&#8243; font_size=&#8221;h2&#8243; text_color=&#8221;electrolux-blue&#8221; text_align=&#8221;text-center&#8221;]Les bonnes pratiques d&#8217;hygi\u00e8ne en livraison et vente \u00e0 emporter[\/elx_heading][vc_empty_space][vc_column_text]<\/p>\n<p style=\"text-align: center;\">D\u00e9claration de l\u2019activit\u00e9, conservation des denr\u00e9es alimentaires, risques en cas de non-respect des r\u00e8gles, etc.<\/p>\n<p>[\/vc_column_text][\/vc_column][\/vc_row][vc_row][vc_column width=&#8221;1\/2&#8243;][vc_column_text]<\/p>\n<h3 style=\"text-align: center;\">Recevez d\u00e8s maintenant notre guide r\u00e9alis\u00e9\u00a0<a href=\"https:\/\/www.alimsafe.com\/\" target=\"_blank\" rel=\"noopener\"><strong>en partenariat avec AlimSafe<\/strong><\/a><br \/>\nen remplissant le formulaire suivant :<\/h3>\n<p>[\/vc_column_text][vc_empty_space][elx_o2000_contact_us s=&#8221;Demande de t\u00e9l\u00e9chargement du livre blanc vente \u00e0 emporter-livraison&#8221; campaign=&#8221;7015p000000rXmWAAU&#8221; text_send_button=&#8221;Envoyer&#8221; flag_campaign=&#8221;true&#8221; flag_hide_request_type=&#8221;true&#8221; country=&#8221;France&#8221; b=&#8221;food&#8221; thanks=&#8221;Merci pour votre demande, vous allez recevoir le livre blanc directement dans votre boite mail.&#8221; r=&#8221;Je souhaite recevoir le guide sur les bonnes pratiques d&#8217;hygi\u00e8ne en vente \u00e0 emporter et livraison.&#8221;][vc_empty_space][\/vc_column][vc_column width=&#8221;1\/2&#8243;][vc_empty_space][vc_single_image image=&#8221;22386&#8243; img_size=&#8221;500*700&#8243; alignment=&#8221;center&#8221;][vc_empty_space][vc_single_image image=&#8221;22405&#8243; img_size=&#8221;500*350&#8243; alignment=&#8221;center&#8221;][\/vc_column][\/vc_row]<\/p>\n","protected":false},"excerpt":{"rendered":"<p>[vc_row full_width=&#8221;electroluxpro-full-width-no-padding&#8221;][vc_column][elx_image_block background_image=&#8221;22380&#8243; minimum_height=&#8221;400px&#8221;][\/vc_column][\/vc_row][vc_row][vc_column][vc_empty_space][elx_heading font_container=&#8221;h1&#8243; font_size=&#8221;h2&#8243; text_color=&#8221;electrolux-blue&#8221; text_align=&#8221;text-center&#8221;]Les bonnes pratiques d&#8217;hygi\u00e8ne en livraison et vente \u00e0 emporter[\/elx_heading][vc_empty_space][vc_column_text] D\u00e9claration de l\u2019activit\u00e9, conservation des denr\u00e9es alimentaires, risques en cas de non-respect des r\u00e8gles, etc. [\/vc_column_text][\/vc_column][\/vc_row][vc_row][vc_column width=&#8221;1\/2&#8243;][vc_column_text] Recevez d\u00e8s maintenant notre guide r\u00e9alis\u00e9\u00a0en partenariat avec AlimSafe en remplissant le formulaire suivant : [\/vc_column_text][vc_empty_space][elx_o2000_contact_us s=&#8221;Demande de t\u00e9l\u00e9chargement du livre [&hellip;]<\/p>\n","protected":false},"author":93,"featured_media":0,"parent":0,"menu_order":0,"comment_status":"closed","ping_status":"closed","template":"","meta":{"footnotes":""},"class_list":["post-22379","page","type-page","status-publish","hentry"],"acf":[],"yoast_head":"<!-- This site is optimized with the Yoast SEO plugin v23.3 - https:\/\/yoast.com\/wordpress\/plugins\/seo\/ -->\n<title>Hygi\u00e8ne en livraison et vente \u00e0 emporter | Electrolux Professional<\/title>\n<meta name=\"description\" content=\"D\u00e9couvrez les bonnes pratiques d&#039;hygi\u00e8ne en livraison et vente \u00e0 emporter. S\u00e9curit\u00e9 alimentaire et conservation des denr\u00e9es pour la restauration.\" \/>\n<meta name=\"robots\" content=\"index, follow, max-snippet:-1, max-image-preview:large, max-video-preview:-1\" \/>\n<link rel=\"canonical\" href=\"https:\/\/www.electroluxprofessional.com\/fr\/hygiene-livraison-vente-emporter-restauration\/\" \/>\n<meta property=\"og:locale\" content=\"fr_FR\" \/>\n<meta property=\"og:type\" content=\"article\" \/>\n<meta property=\"og:title\" content=\"Hygi\u00e8ne en livraison et vente \u00e0 emporter | Electrolux Professional\" \/>\n<meta property=\"og:description\" content=\"D\u00e9couvrez les bonnes pratiques d&#039;hygi\u00e8ne en livraison et vente \u00e0 emporter. S\u00e9curit\u00e9 alimentaire et conservation des denr\u00e9es pour la restauration.\" \/>\n<meta property=\"og:url\" content=\"https:\/\/www.electroluxprofessional.com\/fr\/hygiene-livraison-vente-emporter-restauration\/\" \/>\n<meta property=\"og:site_name\" content=\"Electrolux Professional France\" \/>\n<meta property=\"article:modified_time\" content=\"2026-04-13T12:46:25+00:00\" \/>\n<meta name=\"twitter:card\" content=\"summary_large_image\" \/>\n<meta name=\"twitter:label1\" content=\"Dur\u00e9e de lecture estim\u00e9e\" \/>\n\t<meta name=\"twitter:data1\" content=\"1 minute\" \/>\n<script type=\"application\/ld+json\" class=\"yoast-schema-graph\">{\"@context\":\"https:\/\/schema.org\",\"@graph\":[{\"@type\":\"WebPage\",\"@id\":\"https:\/\/www.electroluxprofessional.com\/fr\/hygiene-livraison-vente-emporter-restauration\/\",\"url\":\"https:\/\/www.electroluxprofessional.com\/fr\/hygiene-livraison-vente-emporter-restauration\/\",\"name\":\"Hygi\u00e8ne en livraison et vente \u00e0 emporter | Electrolux Professional\",\"isPartOf\":{\"@id\":\"https:\/\/www.electroluxprofessional.com\/fr\/#website\"},\"datePublished\":\"2024-07-26T10:02:01+00:00\",\"dateModified\":\"2026-04-13T12:46:25+00:00\",\"description\":\"D\u00e9couvrez les bonnes pratiques d'hygi\u00e8ne en livraison et vente \u00e0 emporter. S\u00e9curit\u00e9 alimentaire et conservation des denr\u00e9es pour la restauration.\",\"breadcrumb\":{\"@id\":\"https:\/\/www.electroluxprofessional.com\/fr\/hygiene-livraison-vente-emporter-restauration\/#breadcrumb\"},\"inLanguage\":\"fr-FR\",\"potentialAction\":[{\"@type\":\"ReadAction\",\"target\":[\"https:\/\/www.electroluxprofessional.com\/fr\/hygiene-livraison-vente-emporter-restauration\/\"]}]},{\"@type\":\"BreadcrumbList\",\"@id\":\"https:\/\/www.electroluxprofessional.com\/fr\/hygiene-livraison-vente-emporter-restauration\/#breadcrumb\",\"itemListElement\":[{\"@type\":\"ListItem\",\"position\":1,\"name\":\"Home\",\"item\":\"https:\/\/www.electroluxprofessional.com\/fr\/\"},{\"@type\":\"ListItem\",\"position\":2,\"name\":\"Vous souhaitez conna\u00eetre toutes les bonnes pratiques pour votre activit\u00e9 de vente \u00e0 emporter et livraison ?\"}]},{\"@type\":\"WebSite\",\"@id\":\"https:\/\/www.electroluxprofessional.com\/fr\/#website\",\"url\":\"https:\/\/www.electroluxprofessional.com\/fr\/\",\"name\":\"Electrolux Professional France\",\"description\":\"\",\"potentialAction\":[{\"@type\":\"SearchAction\",\"target\":{\"@type\":\"EntryPoint\",\"urlTemplate\":\"https:\/\/www.electroluxprofessional.com\/fr\/?src={search_term_string}\"},\"query-input\":\"required name=search_term_string\"}],\"inLanguage\":\"fr-FR\"}]}<\/script>\n<!-- \/ Yoast SEO plugin. -->","yoast_head_json":{"title":"Hygi\u00e8ne en livraison et vente \u00e0 emporter | Electrolux Professional","description":"D\u00e9couvrez les bonnes pratiques d'hygi\u00e8ne en livraison et vente \u00e0 emporter. S\u00e9curit\u00e9 alimentaire et conservation des denr\u00e9es pour la restauration.","robots":{"index":"index","follow":"follow","max-snippet":"max-snippet:-1","max-image-preview":"max-image-preview:large","max-video-preview":"max-video-preview:-1"},"canonical":"https:\/\/www.electroluxprofessional.com\/fr\/hygiene-livraison-vente-emporter-restauration\/","og_locale":"fr_FR","og_type":"article","og_title":"Hygi\u00e8ne en livraison et vente \u00e0 emporter | Electrolux Professional","og_description":"D\u00e9couvrez les bonnes pratiques d'hygi\u00e8ne en livraison et vente \u00e0 emporter. S\u00e9curit\u00e9 alimentaire et conservation des denr\u00e9es pour la restauration.","og_url":"https:\/\/www.electroluxprofessional.com\/fr\/hygiene-livraison-vente-emporter-restauration\/","og_site_name":"Electrolux Professional France","article_modified_time":"2026-04-13T12:46:25+00:00","twitter_card":"summary_large_image","twitter_misc":{"Dur\u00e9e de lecture estim\u00e9e":"1 minute"},"schema":{"@context":"https:\/\/schema.org","@graph":[{"@type":"WebPage","@id":"https:\/\/www.electroluxprofessional.com\/fr\/hygiene-livraison-vente-emporter-restauration\/","url":"https:\/\/www.electroluxprofessional.com\/fr\/hygiene-livraison-vente-emporter-restauration\/","name":"Hygi\u00e8ne en livraison et vente \u00e0 emporter | Electrolux Professional","isPartOf":{"@id":"https:\/\/www.electroluxprofessional.com\/fr\/#website"},"datePublished":"2024-07-26T10:02:01+00:00","dateModified":"2026-04-13T12:46:25+00:00","description":"D\u00e9couvrez les bonnes pratiques d'hygi\u00e8ne en livraison et vente \u00e0 emporter. S\u00e9curit\u00e9 alimentaire et conservation des denr\u00e9es pour la restauration.","breadcrumb":{"@id":"https:\/\/www.electroluxprofessional.com\/fr\/hygiene-livraison-vente-emporter-restauration\/#breadcrumb"},"inLanguage":"fr-FR","potentialAction":[{"@type":"ReadAction","target":["https:\/\/www.electroluxprofessional.com\/fr\/hygiene-livraison-vente-emporter-restauration\/"]}]},{"@type":"BreadcrumbList","@id":"https:\/\/www.electroluxprofessional.com\/fr\/hygiene-livraison-vente-emporter-restauration\/#breadcrumb","itemListElement":[{"@type":"ListItem","position":1,"name":"Home","item":"https:\/\/www.electroluxprofessional.com\/fr\/"},{"@type":"ListItem","position":2,"name":"Vous souhaitez conna\u00eetre toutes les bonnes pratiques pour votre activit\u00e9 de vente \u00e0 emporter et livraison ?"}]},{"@type":"WebSite","@id":"https:\/\/www.electroluxprofessional.com\/fr\/#website","url":"https:\/\/www.electroluxprofessional.com\/fr\/","name":"Electrolux Professional France","description":"","potentialAction":[{"@type":"SearchAction","target":{"@type":"EntryPoint","urlTemplate":"https:\/\/www.electroluxprofessional.com\/fr\/?src={search_term_string}"},"query-input":"required name=search_term_string"}],"inLanguage":"fr-FR"}]}},"_links":{"self":[{"href":"https:\/\/www.electroluxprofessional.com\/fr\/wp-json\/wp\/v2\/pages\/22379"}],"collection":[{"href":"https:\/\/www.electroluxprofessional.com\/fr\/wp-json\/wp\/v2\/pages"}],"about":[{"href":"https:\/\/www.electroluxprofessional.com\/fr\/wp-json\/wp\/v2\/types\/page"}],"author":[{"embeddable":true,"href":"https:\/\/www.electroluxprofessional.com\/fr\/wp-json\/wp\/v2\/users\/93"}],"replies":[{"embeddable":true,"href":"https:\/\/www.electroluxprofessional.com\/fr\/wp-json\/wp\/v2\/comments?post=22379"}],"version-history":[{"count":41,"href":"https:\/\/www.electroluxprofessional.com\/fr\/wp-json\/wp\/v2\/pages\/22379\/revisions"}],"predecessor-version":[{"id":32022,"href":"https:\/\/www.electroluxprofessional.com\/fr\/wp-json\/wp\/v2\/pages\/22379\/revisions\/32022"}],"wp:attachment":[{"href":"https:\/\/www.electroluxprofessional.com\/fr\/wp-json\/wp\/v2\/media?parent=22379"}],"curies":[{"name":"wp","href":"https:\/\/api.w.org\/{rel}","templated":true}]}}