{"id":22172,"date":"2023-07-13T12:58:35","date_gmt":"2023-07-13T12:58:35","guid":{"rendered":"https:\/\/www.electroluxprofessional.com\/fr\/?page_id=22172"},"modified":"2026-03-13T16:14:43","modified_gmt":"2026-03-13T16:14:43","slug":"herodry-sechage-vaisselle","status":"publish","type":"page","link":"https:\/\/www.electroluxprofessional.com\/fr\/equipement-cuisine\/herodry-sechage-vaisselle\/","title":{"rendered":"HeroDry, tunnel de s\u00e9chage autonome pour vaisselle r\u00e9utilisable"},"content":{"rendered":"<p>[vc_row full_width=&#8221;electroluxpro-full-width-no-padding&#8221;][vc_column][elx_image_block background_image=&#8221;22157&#8243; minimum_height=&#8221;400px&#8221;][vc_empty_space][\/vc_column][\/vc_row][vc_row full_width=&#8221;electroluxpro-container-no-padding&#8221;][vc_column][elx_text_image tag_title=&#8221;h1&#8243; class_title=&#8221;h1&#8243; style_image=&#8221;image_square&#8221; columns_proportion=&#8221;three_fifth&#8221; bg_row=&#8221;bg-download-white&#8221; title=&#8221;HeroDry &#8211; Tunnel de S\u00e9chage Autonome pour Vaisselle R\u00e9utilisable&#8221; lists=&#8221;%5B%7B%7D%5D&#8221; values=&#8221;%5B%7B%22tag_icon_title%22%3A%22h4%22%7D%5D&#8221; link=&#8221;url:%23contact_us|title:Contacter%20un%20expert&#8221; single_image=&#8221;22161&#8243;]La transition vers un monde plus durable est en place.<\/p>\n<p><strong>HeroDry, le tunnel de s\u00e9chage autonome pour vaisselle r\u00e9utilisable<\/strong> constitue l&#8217;une de nos solutions de notre initiative &#8220;\u00c9conomie circulaire&#8221;.<\/p>\n<p>En effet, les directives internationales visent de plus en plus \u00e0 une r\u00e9duction obligatoire des consommables \u00e0 usage unique.<\/p>\n<p>La norme UE 2019\/904 exige que les \u00c9tats membres de l&#8217;UE adoptent des mesures visant \u00e0 r\u00e9duire la consommation de certains plastiques \u00e0 usage unique.<\/p>\n<p><strong>En France, la loi Agec interdit l&#8217;utilisation de la vaisselle jetable pour les clients consommant sur place dans les \u00e9tablissements de restauration rapide servant plus de 20 couverts simultan\u00e9ment.<\/strong>[\/elx_text_image][\/vc_column][\/vc_row][vc_row full_width=&#8221;electroluxpro-full-width-no-padding&#8221;][vc_column][elx_features_download title=&#8221;Optez pour de la vaisselle r\u00e9utilisable et r\u00e9duisez vos d\u00e9chets&#8221; tag_title=&#8221;h2&#8243; class_title=&#8221;h2&#8243; title_download=&#8221;T\u00e9l\u00e9charger&#8221; title_discover=&#8221;D\u00e9couvrir&#8221; bg_discover_color=&#8221;bg-download-white&#8221; link_discover_color=&#8221;download-text-blue&#8221; bg_row=&#8221;bg-row-light-blue&#8221; values=&#8221;%5B%7B%22link_download%22%3A%22url%3Ahttps%253A%252F%252Fwww.electroluxprofessional.com%252Ffr%252Fwp-content%252Fuploads%252F2023%252F07%252FEPR-HeroDry-flyer-FR-df-Brochure.pdf%7Ctitle%3ALeaflet%2520HeroDry%7Ctarget%3A_blank%22%7D%5D&#8221; discover=&#8221;%5B%7B%22link_discover%22%3A%22url%3A%2523product_filter%7Ctitle%3AInfo%2520produit%2520HeroDry%22%7D%2C%7B%22link_discover%22%3A%22url%3Ahttps%253A%252F%252Fwww.electroluxprofessional.com%252Fyour-business%252Frestaurant-chains%252F%7Ctitle%3AGamme%2520de%2520solutions%2520pour%2520restauration%2520rapide%7Ctarget%3A_blank%22%7D%5D&#8221; features=&#8221;%5B%7B%22icon_electroluxpro%22%3A%22elx-icon%20icon-circle-star-perfomance-blue%22%2C%22title_icon%22%3A%22%3Ch3%3EMeilleur%20s%C3%A9chage%3C%2Fh3%3E%22%2C%22text_icon%22%3A%22S%C3%A9chez%20jusqu&#8217;%C3%A0%20%3Cstrong%3E750%20tasses%2Fh%20%C3%A0%2050%20%C2%B0%20C%3C%2Fstrong%3E.%5CnUtilisez%20votre%20vaisselle%20imm%C3%A9diatement%20gr%C3%A2ce%20au%20module%20de%20s%C3%A9chage%20innovant.%22%7D%2C%7B%22icon_electroluxpro%22%3A%22elx-icon%20icon-circle-easy-blue%22%2C%22title_icon%22%3A%22%3Ch3%3EFacile%20%C3%A0%20utiliser%3C%2Fh3%3E%22%2C%22text_icon%22%3A%22Am%C3%A9liorez%20l&#8217;efficacit%C3%A9%20de%20vos%20op%C3%A9rateurs%20gr%C3%A2ce%20%C3%A0%20%5Cnl&#8217;interface%20intuitive.%22%7D%2C%7B%22icon_electroluxpro%22%3A%22elx-icon%20icon-circle-flexibility-blue%22%2C%22title_icon%22%3A%22%3Ch3%3EFacile%20%C3%A0%20installer%3C%2Fh3%3E%22%2C%22text_icon%22%3A%22Con%C3%A7u%20pour%20s&#8217;adapter%20%C3%A0%20toutes%20les%20configurations%20de%20travail%20et%20personnalisable%20sur%20site%22%7D%5D&#8221;][\/elx_features_download][\/vc_column][\/vc_row][vc_row full_width=&#8221;electroluxpro-full-width-no-padding&#8221;][vc_column][elx_features_download title=&#8221;&#8221; title_download=&#8221;T\u00e9l\u00e9charger&#8221; title_discover=&#8221;D\u00e9couvrir&#8221; bg_row=&#8221;bg-row-sustainability-green&#8221; values=&#8221;%5B%7B%7D%5D&#8221; discover=&#8221;%5B%7B%7D%5D&#8221; features=&#8221;%5B%7B%22icon_electroluxpro%22%3A%22elx-icon%20icon-circle-savings-green-blue%22%2C%22title_icon%22%3A%22%3Ch3%3EEconomies%20d&#8217;%C3%A9nergie%3C%2Fh3%3E%22%2C%22text_icon%22%3A%22%3Ch4%20class%3D%5C%22h6%5C%22%3E%C3%89conomisez%20jusqu&#8217;%C3%A0%2060%25%20de%20consommation%20d&#8217;%C3%A9nergie*%20gr%C3%A2ce%20au%20nouveau%20dispositif%20d&#8217;%C3%A9conomie%20d&#8217;%C3%A9nergie*%20%3Cbr%3E%3C%2Fh4%3E%5Cn%3Csub%3E*%20Test%20interne%20effectu%C3%A9%20dans%20le%20laboratoire%20de%20R%26D%20d&#8217;Electrolux%20Professional.%20Comparaison%20faite%20avec%20les%20programmes%20standard%20moyens%20sur%20le%20march%C3%A9%20par%20rapport%20au%20programme%20de%20cycle%20%C3%A9cologique%20de%20HeroDry.%3Cbr%20%2F%3E%3C%2Fsub%3E%22%7D%5D&#8221;][\/elx_features_download][\/vc_column][\/vc_row][vc_row full_width=&#8221;electroluxpro-container-no-padding&#8221;][vc_column][elx_text_image number_images=&#8221;n&#8221; style_image=&#8221;image_square&#8221; title=&#8221;Optez pour une solution durable et \u00e9conome en \u00e9nergie&#8221; lists=&#8221;%5B%7B%22icon_electroluxpro%22%3A%22elx-icon%20icon-circle-checkmark-blue%22%2C%22title_list%22%3A%22Gagnez%20du%20temps%20et%20r%C3%A9duisez%20vos%20co%C3%BBts%22%2C%22text_list%22%3A%22S%C3%A9chez%20rapidement%20et%20parfaitement%20votre%20vaisselle%20r%C3%A9utilisable%20gr%C3%A2ce%20au%20syst%C3%A8me%20innovant%20de%20r%C3%A9cup%C3%A9ration%20du%20flux%20d&#8217;air%20chaud.%20Diminuez%20votre%20facture%20%C3%A9nerg%C3%A9tique%20et%20optimisez%20le%20temps%20de%20travail%20de%20vos%20op%C3%A9rateurs.%22%7D%2C%7B%22icon_electroluxpro%22%3A%22elx-icon%20icon-circle-checkmark-blue%22%2C%22title_list%22%3A%22Hygi%C3%A8ne%20garantie%22%2C%22text_list%22%3A%22La%20%3Cstrong%3Etemp%C3%A9rature%20du%20flux%20d&#8217;air%20%C3%A0%2050%C2%A0%C2%B0C%3C%2Fstrong%3E%20s%C3%A8che%20votre%20vaisselle%20en%20moins%20de%203%20minutes.%20Elle%20est%20alors%20pr%C3%AAte%20%C3%A0%20%C3%AAtre%20utilis%C3%A9e%20imm%C3%A9diatement%20%C3%A0%20la%20fin%20du%20cycle%20sans%20op%C3%A9ration%20d&#8217;essuyage%20manuel%20suppl%C3%A9mentaire.%5Cn%5Cn%22%7D%5D&#8221; values=&#8221;%5B%7B%7D%5D&#8221; multi_images=&#8221;22165,22166,22167&#8243;]La vaisselle r\u00e9utilisable doit \u00eatre rapidement lav\u00e9e et s\u00e9ch\u00e9e pendant les heures de pointe ? HeroDry est votre solution id\u00e9ale dans la zone de lavage.[\/elx_text_image][\/vc_column][\/vc_row][vc_row][vc_column][elx_button button_text=&#8221;Contacter un expert&#8221; button_style=&#8221;default&#8221; button_display_block=&#8221;display_block_on&#8221; button_alignment=&#8221;align_center&#8221; button_link=&#8221;url:https%3A%2F%2Fwww.electroluxprofessional.com%2Ffr%2Fequipement-cuisine%2Fherodry-sechage-vaisselle%2F%23contact&#8221;][vc_empty_space][\/vc_column][\/vc_row][vc_row][vc_column][elx_video_text link_video=&#8221;https:\/\/youtu.be\/0ko3idU2pFg&#8221; title=&#8221;Economie circulaire&#8221; class_title=&#8221;h2&#8243; image_preview=&#8221;22168&#8243;]Rejoignez la r\u00e9volution circulaire avec les solutions Electrolux Professional et d\u00e9couvrez une nouvelle fa\u00e7on de r\u00e9duire votre impact sur l&#8217;environnement.[\/elx_video_text][vc_empty_space height=&#8221;50px&#8221;][\/vc_column][\/vc_row][vc_row full_width=&#8221;electroluxpro-container-no-padding&#8221;][vc_column content_position=&#8221;right&#8221;][elx_text_image style_image=&#8221;image_square&#8221; image_position=&#8221;image_left&#8221; title=&#8221;S\u00e9lectionnez le cycle qui correspond le mieux \u00e0 vos besoins&#8221; lists=&#8221;%5B%7B%7D%5D&#8221; values=&#8221;%5B%7B%7D%5D&#8221; single_image=&#8221;22162&#8243;]Convient pour<strong> s\u00e9cher rapidement tous les types de vaisselle r\u00e9utilisable<\/strong> : verre, c\u00e9ramique, aluminium et m\u00eame plastique r\u00e9utilisable.<\/p>\n<p>S\u00e9lectionnez le programme entre les <strong>cycles standard et \u00e9co,<\/strong> en fonction de vos besoins. L&#8217;interface innovante permet le suivi de l&#8217;\u00e9tat du cycle.[\/elx_text_image][\/vc_column][\/vc_row][vc_row full_width=&#8221;electroluxpro-container-no-padding&#8221;][vc_column content_position=&#8221;right&#8221;][elx_text_image number_images=&#8221;2&#8243; style_image=&#8221;image_horizontal&#8221; columns_proportion=&#8221;half&#8221; title=&#8221;Con\u00e7u pour s&#8217;adapter \u00e0 toutes les configurations&#8221; lists=&#8221;%5B%7B%7D%5D&#8221; values=&#8221;%5B%7B%7D%5D&#8221; double_image_1=&#8221;22163&#8243; double_image_2=&#8221;22164&#8243;]Rendez votre zone de lavage puissante et plus rapide.<br \/>\nAjoutez la solution HeroDry \u00e0 c\u00f4t\u00e9 de votre<br \/>\n<a href=\"https:\/\/www.electroluxprofessional.com\/fr\/equipement-cuisine\/equipement-lavage\/herodry-solution-sechage-vaisselle\/\">laveuse \u00e0 capot green &amp; clean.<\/a><\/p>\n<p>HeroDry est <strong>personnalisable sur site,<\/strong> avec des directions d\u2019utilisation \u00e0 gauche ou \u00e0 droite<br \/>\net des configurations lin\u00e9aires ou en angle.[\/elx_text_image][vc_empty_space height=&#8221;50px&#8221;][\/vc_column][\/vc_row][vc_row full_width=&#8221;electroluxpro-container-no-padding&#8221;][vc_column][elx_heading text_color=&#8221;inherit&#8221;]Choisissez les d\u00e9tergents et accessoires d\u00e9di\u00e9s[\/elx_heading][vc_column_text]En plus de choisir la solution de lavage ad\u00e9quate pour obtenir les meilleurs r\u00e9sultats de lavage, optez pour un <strong>syst\u00e8me de traitement de l&#8217;eau appropri\u00e9<\/strong> avec un <strong>produit de rin\u00e7age<\/strong> sp\u00e9cifique et un <strong>panier adapt\u00e9<\/strong> \u00e0 HeroDry.[\/vc_column_text][vc_empty_space][\/vc_column][\/vc_row][vc_row full_width=&#8221;electroluxpro-container-no-padding&#8221;][vc_column width=&#8221;1\/3&#8243;][vc_single_image image=&#8221;22158&#8243; img_size=&#8221;medium&#8221; alignment=&#8221;center&#8221;][elx_heading font_container=&#8221;h3&#8243; font_size=&#8221;h4&#8243; text_color=&#8221;inherit&#8221; text_align=&#8221;text-center&#8221;]Liquide de rin\u00e7age[\/elx_heading][elx_heading font_container=&#8221;h4&#8243; font_size=&#8221;h6&#8243; text_color=&#8221;inherit&#8221; text_align=&#8221;text-center&#8221;]C15[\/elx_heading][elx_shop_now button_text=&#8221;ACHETER&#8221; button_display_block=&#8221;display_block_on&#8221; button_alignment=&#8221;align_center&#8221; button_link=&#8221;url:https%3A%2F%2Fbuy.electroluxprofessional.com%2Felectrolux-professional%2Felx0S2904&#8243;][\/vc_column][vc_column width=&#8221;1\/3&#8243;][vc_single_image image=&#8221;22159&#8243; img_size=&#8221;medium&#8221; alignment=&#8221;center&#8221;][elx_heading font_container=&#8221;h3&#8243; font_size=&#8221;h4&#8243; text_color=&#8221;inherit&#8221; text_align=&#8221;text-center&#8221;]D\u00e9tergent sp\u00e9cifique[\/elx_heading][elx_heading font_container=&#8221;h4&#8243; font_size=&#8221;h6&#8243; text_color=&#8221;inherit&#8221; text_align=&#8221;text-center&#8221;]C11[\/elx_heading][elx_shop_now button_text=&#8221;ACHETER&#8221; button_display_block=&#8221;display_block_on&#8221; button_alignment=&#8221;align_center&#8221; button_link=&#8221;url:https%3A%2F%2Fbuy.electroluxprofessional.com%2Felectrolux-professional%2Felx0s2092&#8243;][\/vc_column][vc_column width=&#8221;1\/3&#8243;][vc_single_image image=&#8221;22160&#8243; img_size=&#8221;medium&#8221; alignment=&#8221;center&#8221;][elx_heading font_container=&#8221;h3&#8243; font_size=&#8221;h4&#8243; text_color=&#8221;inherit&#8221; text_align=&#8221;text-center&#8221;]Panier d\u00e9di\u00e9[\/elx_heading][elx_heading font_container=&#8221;h4&#8243; font_size=&#8221;h6&#8243; text_color=&#8221;inherit&#8221; text_align=&#8221;text-center&#8221;]1 piece included[\/elx_heading][elx_shop_now button_text=&#8221;ACHETER&#8221; button_display_block=&#8221;display_block_on&#8221; button_alignment=&#8221;align_center&#8221; button_link=&#8221;url:https%3A%2F%2Fbuy.electroluxprofessional.com%2Felectrolux-professional%2Felx0L5273&#8243;][\/vc_column][\/vc_row][vc_row el_id=&#8221;product_filter&#8221;][vc_column][elx_multiple_columns number_columns=&#8221;3&#8243; values=&#8221;%5B%7B%7D%5D&#8221;][\/elx_multiple_columns][\/vc_column][\/vc_row][vc_row el_id=&#8221;contact_us&#8221;][vc_column][vc_empty_space][elx_heading text_color=&#8221;inherit&#8221; text_align=&#8221;text-center&#8221;]Vous souhaitez en savoir plus ? Contactez-nous :[\/elx_heading][vc_empty_space][elx_o2000_contact_us s=&#8221;Demande d&#8217;informations HeroDry&#8221; country=&#8221;France&#8221; b=&#8221;food&#8221; thanks=&#8221;Merci pour votre demande, un expert vous contactera sous peu.&#8221; r=&#8221;Je souhaiterais en savoir plus sur l&#8217;HeroDry.&#8221;][\/vc_column][\/vc_row][vc_row full_width=&#8221;electroluxpro-container-no-padding&#8221; disable_element=&#8221;yes&#8221;][vc_column][elx_multiple_columns number_columns=&#8221;4&#8243; tag_title_clm=&#8221;h3&#8243; class_title_clm=&#8221;h4&#8243; title=&#8221;Find your complete solution&#8221; values=&#8221;%5B%7B%22image_section%22%3A%2222169%22%2C%22title_section%22%3A%22Quick%20Service%20Restaurants%22%2C%22text_section%22%3A%22Be%20efficient%2C%20be%20faster.%20Make%20your%20customer%20experience%20enjoyable%20during%20their%20short%20lunch%20break.%22%2C%22link_section%22%3A%22url%3Ahttps%253A%252F%252Fwww.electroluxprofessional.com%252Fyour-business%252Frestaurant-chains%252F%7Ctitle%3ADiscover%2520our%2520range%7Ctarget%3A_blank%22%7D%2C%7B%22image_section%22%3A%2222170%22%2C%22title_section%22%3A%22Travel%22%2C%22text_section%22%3A%22Choosing%20our%20solutions%20you%20get%20the%20flexibility%2C%20easiness%20and%20power%20you%20are%20looking%20for.%22%2C%22link_section%22%3A%22url%3A%2523contact_us%7Ctitle%3ASpeed%2520up%2520your%2520service%22%7D%2C%7B%22image_section%22%3A%2222171%22%2C%22title_section%22%3A%22Caf%C3%A9%20%26%20Bakery%22%2C%22text_section%22%3A%22Discover%20which%20is%20the%20Electrolux%20Professional%20solution%5Cnfits%20with%20your%20Caf%C3%A9%20and%20Bakery.%22%2C%22link_section%22%3A%22url%3Ahttps%253A%252F%252Fwww.electroluxprofessional.com%252Fyour-business%252Fbars-and-cafes%252F%7Ctitle%3AFind%2520the%2520best%2520solutions%7Ctarget%3A_blank%22%7D%5D&#8221;][\/elx_multiple_columns][\/vc_column][\/vc_row]<\/p>\n","protected":false},"excerpt":{"rendered":"<p>[vc_row full_width=&#8221;electroluxpro-full-width-no-padding&#8221;][vc_column][elx_image_block background_image=&#8221;22157&#8243; minimum_height=&#8221;400px&#8221;][vc_empty_space][\/vc_column][\/vc_row][vc_row full_width=&#8221;electroluxpro-container-no-padding&#8221;][vc_column][elx_text_image tag_title=&#8221;h1&#8243; class_title=&#8221;h1&#8243; style_image=&#8221;image_square&#8221; columns_proportion=&#8221;three_fifth&#8221; bg_row=&#8221;bg-download-white&#8221; title=&#8221;HeroDry &#8211; Tunnel de S\u00e9chage Autonome pour Vaisselle R\u00e9utilisable&#8221; lists=&#8221;%5B%7B%7D%5D&#8221; values=&#8221;%5B%7B%22tag_icon_title%22%3A%22h4%22%7D%5D&#8221; link=&#8221;url:%23contact_us|title:Contacter%20un%20expert&#8221; single_image=&#8221;22161&#8243;]La transition vers un monde plus durable est en place. HeroDry, le tunnel de s\u00e9chage autonome pour vaisselle r\u00e9utilisable constitue l&#8217;une de nos solutions de notre initiative &#8220;\u00c9conomie circulaire&#8221;. En effet, les directives [&hellip;]<\/p>\n","protected":false},"author":93,"featured_media":22156,"parent":2100,"menu_order":0,"comment_status":"closed","ping_status":"closed","template":"","meta":{"footnotes":""},"class_list":["post-22172","page","type-page","status-publish","has-post-thumbnail","hentry"],"acf":[],"yoast_head":"<!-- This site is optimized with the Yoast SEO plugin v23.3 - https:\/\/yoast.com\/wordpress\/plugins\/seo\/ -->\n<title>HeroDry Tunnel de S\u00e9chage Vaisselle R\u00e9utilisable | Electrolux Professional<\/title>\n<meta name=\"description\" content=\"D\u00e9couvrez HeroDry : s\u00e9chez jusqu&#039;\u00e0 750 tasses\/h \u00e0 50\u00b0C. \u00c9conomisez 60% d&#039;\u00e9nergie avec ce tunnel de s\u00e9chage autonome pour vaisselle r\u00e9utilisable.\" \/>\n<meta name=\"robots\" content=\"index, follow, max-snippet:-1, max-image-preview:large, max-video-preview:-1\" \/>\n<link rel=\"canonical\" href=\"https:\/\/www.electroluxprofessional.com\/fr\/equipement-cuisine\/herodry-sechage-vaisselle\/\" \/>\n<meta property=\"og:locale\" content=\"fr_FR\" \/>\n<meta property=\"og:type\" content=\"article\" \/>\n<meta property=\"og:title\" content=\"HeroDry Tunnel de S\u00e9chage Vaisselle R\u00e9utilisable | Electrolux Professional\" \/>\n<meta property=\"og:description\" content=\"D\u00e9couvrez HeroDry : s\u00e9chez jusqu&#039;\u00e0 750 tasses\/h \u00e0 50\u00b0C. \u00c9conomisez 60% d&#039;\u00e9nergie avec ce tunnel de s\u00e9chage autonome pour vaisselle r\u00e9utilisable.\" \/>\n<meta property=\"og:url\" content=\"https:\/\/www.electroluxprofessional.com\/fr\/equipement-cuisine\/herodry-sechage-vaisselle\/\" \/>\n<meta property=\"og:site_name\" content=\"Electrolux Professional France\" \/>\n<meta property=\"article:modified_time\" content=\"2026-03-13T16:14:43+00:00\" \/>\n<meta property=\"og:image\" content=\"https:\/\/www.electroluxprofessional.com\/fr\/wp-content\/uploads\/2023\/07\/HD-featured-image-966x712-1.jpg\" \/>\n\t<meta property=\"og:image:width\" content=\"966\" \/>\n\t<meta property=\"og:image:height\" content=\"712\" \/>\n\t<meta property=\"og:image:type\" content=\"image\/jpeg\" \/>\n<meta name=\"twitter:card\" content=\"summary_large_image\" \/>\n<meta name=\"twitter:label1\" content=\"Dur\u00e9e de lecture estim\u00e9e\" \/>\n\t<meta name=\"twitter:data1\" content=\"6 minutes\" \/>\n<script type=\"application\/ld+json\" class=\"yoast-schema-graph\">{\"@context\":\"https:\/\/schema.org\",\"@graph\":[{\"@type\":\"WebPage\",\"@id\":\"https:\/\/www.electroluxprofessional.com\/fr\/equipement-cuisine\/herodry-sechage-vaisselle\/\",\"url\":\"https:\/\/www.electroluxprofessional.com\/fr\/equipement-cuisine\/herodry-sechage-vaisselle\/\",\"name\":\"HeroDry Tunnel de S\u00e9chage Vaisselle R\u00e9utilisable | Electrolux Professional\",\"isPartOf\":{\"@id\":\"https:\/\/www.electroluxprofessional.com\/fr\/#website\"},\"primaryImageOfPage\":{\"@id\":\"https:\/\/www.electroluxprofessional.com\/fr\/equipement-cuisine\/herodry-sechage-vaisselle\/#primaryimage\"},\"image\":{\"@id\":\"https:\/\/www.electroluxprofessional.com\/fr\/equipement-cuisine\/herodry-sechage-vaisselle\/#primaryimage\"},\"thumbnailUrl\":\"https:\/\/www.electroluxprofessional.com\/fr\/wp-content\/uploads\/2023\/07\/HD-featured-image-966x712-1.jpg\",\"datePublished\":\"2023-07-13T12:58:35+00:00\",\"dateModified\":\"2026-03-13T16:14:43+00:00\",\"description\":\"D\u00e9couvrez HeroDry : s\u00e9chez jusqu'\u00e0 750 tasses\/h \u00e0 50\u00b0C. \u00c9conomisez 60% d'\u00e9nergie avec ce tunnel de s\u00e9chage autonome pour vaisselle r\u00e9utilisable.\",\"breadcrumb\":{\"@id\":\"https:\/\/www.electroluxprofessional.com\/fr\/equipement-cuisine\/herodry-sechage-vaisselle\/#breadcrumb\"},\"inLanguage\":\"fr-FR\",\"potentialAction\":[{\"@type\":\"ReadAction\",\"target\":[\"https:\/\/www.electroluxprofessional.com\/fr\/equipement-cuisine\/herodry-sechage-vaisselle\/\"]}]},{\"@type\":\"ImageObject\",\"inLanguage\":\"fr-FR\",\"@id\":\"https:\/\/www.electroluxprofessional.com\/fr\/equipement-cuisine\/herodry-sechage-vaisselle\/#primaryimage\",\"url\":\"https:\/\/www.electroluxprofessional.com\/fr\/wp-content\/uploads\/2023\/07\/HD-featured-image-966x712-1.jpg\",\"contentUrl\":\"https:\/\/www.electroluxprofessional.com\/fr\/wp-content\/uploads\/2023\/07\/HD-featured-image-966x712-1.jpg\",\"width\":966,\"height\":712,\"caption\":\"HeroDry free-standing dishware blower for reusable cups\"},{\"@type\":\"BreadcrumbList\",\"@id\":\"https:\/\/www.electroluxprofessional.com\/fr\/equipement-cuisine\/herodry-sechage-vaisselle\/#breadcrumb\",\"itemListElement\":[{\"@type\":\"ListItem\",\"position\":1,\"name\":\"Home\",\"item\":\"https:\/\/www.electroluxprofessional.com\/fr\/\"},{\"@type\":\"ListItem\",\"position\":2,\"name\":\"Mat\u00e9riel de cuisine professionnel\",\"item\":\"https:\/\/www.electroluxprofessional.com\/fr\/equipement-cuisine\/\"},{\"@type\":\"ListItem\",\"position\":3,\"name\":\"HeroDry, tunnel de s\u00e9chage autonome pour vaisselle r\u00e9utilisable\"}]},{\"@type\":\"WebSite\",\"@id\":\"https:\/\/www.electroluxprofessional.com\/fr\/#website\",\"url\":\"https:\/\/www.electroluxprofessional.com\/fr\/\",\"name\":\"Electrolux Professional France\",\"description\":\"\",\"potentialAction\":[{\"@type\":\"SearchAction\",\"target\":{\"@type\":\"EntryPoint\",\"urlTemplate\":\"https:\/\/www.electroluxprofessional.com\/fr\/?src={search_term_string}\"},\"query-input\":\"required name=search_term_string\"}],\"inLanguage\":\"fr-FR\"}]}<\/script>\n<!-- \/ Yoast SEO plugin. -->","yoast_head_json":{"title":"HeroDry Tunnel de S\u00e9chage Vaisselle R\u00e9utilisable | Electrolux Professional","description":"D\u00e9couvrez HeroDry : s\u00e9chez jusqu'\u00e0 750 tasses\/h \u00e0 50\u00b0C. \u00c9conomisez 60% d'\u00e9nergie avec ce tunnel de s\u00e9chage autonome pour vaisselle r\u00e9utilisable.","robots":{"index":"index","follow":"follow","max-snippet":"max-snippet:-1","max-image-preview":"max-image-preview:large","max-video-preview":"max-video-preview:-1"},"canonical":"https:\/\/www.electroluxprofessional.com\/fr\/equipement-cuisine\/herodry-sechage-vaisselle\/","og_locale":"fr_FR","og_type":"article","og_title":"HeroDry Tunnel de S\u00e9chage Vaisselle R\u00e9utilisable | Electrolux Professional","og_description":"D\u00e9couvrez HeroDry : s\u00e9chez jusqu'\u00e0 750 tasses\/h \u00e0 50\u00b0C. \u00c9conomisez 60% d'\u00e9nergie avec ce tunnel de s\u00e9chage autonome pour vaisselle r\u00e9utilisable.","og_url":"https:\/\/www.electroluxprofessional.com\/fr\/equipement-cuisine\/herodry-sechage-vaisselle\/","og_site_name":"Electrolux Professional France","article_modified_time":"2026-03-13T16:14:43+00:00","og_image":[{"width":966,"height":712,"url":"https:\/\/www.electroluxprofessional.com\/fr\/wp-content\/uploads\/2023\/07\/HD-featured-image-966x712-1.jpg","type":"image\/jpeg"}],"twitter_card":"summary_large_image","twitter_misc":{"Dur\u00e9e de lecture estim\u00e9e":"6 minutes"},"schema":{"@context":"https:\/\/schema.org","@graph":[{"@type":"WebPage","@id":"https:\/\/www.electroluxprofessional.com\/fr\/equipement-cuisine\/herodry-sechage-vaisselle\/","url":"https:\/\/www.electroluxprofessional.com\/fr\/equipement-cuisine\/herodry-sechage-vaisselle\/","name":"HeroDry Tunnel de S\u00e9chage Vaisselle R\u00e9utilisable | Electrolux Professional","isPartOf":{"@id":"https:\/\/www.electroluxprofessional.com\/fr\/#website"},"primaryImageOfPage":{"@id":"https:\/\/www.electroluxprofessional.com\/fr\/equipement-cuisine\/herodry-sechage-vaisselle\/#primaryimage"},"image":{"@id":"https:\/\/www.electroluxprofessional.com\/fr\/equipement-cuisine\/herodry-sechage-vaisselle\/#primaryimage"},"thumbnailUrl":"https:\/\/www.electroluxprofessional.com\/fr\/wp-content\/uploads\/2023\/07\/HD-featured-image-966x712-1.jpg","datePublished":"2023-07-13T12:58:35+00:00","dateModified":"2026-03-13T16:14:43+00:00","description":"D\u00e9couvrez HeroDry : s\u00e9chez jusqu'\u00e0 750 tasses\/h \u00e0 50\u00b0C. \u00c9conomisez 60% d'\u00e9nergie avec ce tunnel de s\u00e9chage autonome pour vaisselle r\u00e9utilisable.","breadcrumb":{"@id":"https:\/\/www.electroluxprofessional.com\/fr\/equipement-cuisine\/herodry-sechage-vaisselle\/#breadcrumb"},"inLanguage":"fr-FR","potentialAction":[{"@type":"ReadAction","target":["https:\/\/www.electroluxprofessional.com\/fr\/equipement-cuisine\/herodry-sechage-vaisselle\/"]}]},{"@type":"ImageObject","inLanguage":"fr-FR","@id":"https:\/\/www.electroluxprofessional.com\/fr\/equipement-cuisine\/herodry-sechage-vaisselle\/#primaryimage","url":"https:\/\/www.electroluxprofessional.com\/fr\/wp-content\/uploads\/2023\/07\/HD-featured-image-966x712-1.jpg","contentUrl":"https:\/\/www.electroluxprofessional.com\/fr\/wp-content\/uploads\/2023\/07\/HD-featured-image-966x712-1.jpg","width":966,"height":712,"caption":"HeroDry free-standing dishware blower for reusable cups"},{"@type":"BreadcrumbList","@id":"https:\/\/www.electroluxprofessional.com\/fr\/equipement-cuisine\/herodry-sechage-vaisselle\/#breadcrumb","itemListElement":[{"@type":"ListItem","position":1,"name":"Home","item":"https:\/\/www.electroluxprofessional.com\/fr\/"},{"@type":"ListItem","position":2,"name":"Mat\u00e9riel de cuisine professionnel","item":"https:\/\/www.electroluxprofessional.com\/fr\/equipement-cuisine\/"},{"@type":"ListItem","position":3,"name":"HeroDry, tunnel de s\u00e9chage autonome pour vaisselle r\u00e9utilisable"}]},{"@type":"WebSite","@id":"https:\/\/www.electroluxprofessional.com\/fr\/#website","url":"https:\/\/www.electroluxprofessional.com\/fr\/","name":"Electrolux Professional France","description":"","potentialAction":[{"@type":"SearchAction","target":{"@type":"EntryPoint","urlTemplate":"https:\/\/www.electroluxprofessional.com\/fr\/?src={search_term_string}"},"query-input":"required name=search_term_string"}],"inLanguage":"fr-FR"}]}},"_links":{"self":[{"href":"https:\/\/www.electroluxprofessional.com\/fr\/wp-json\/wp\/v2\/pages\/22172"}],"collection":[{"href":"https:\/\/www.electroluxprofessional.com\/fr\/wp-json\/wp\/v2\/pages"}],"about":[{"href":"https:\/\/www.electroluxprofessional.com\/fr\/wp-json\/wp\/v2\/types\/page"}],"author":[{"embeddable":true,"href":"https:\/\/www.electroluxprofessional.com\/fr\/wp-json\/wp\/v2\/users\/93"}],"replies":[{"embeddable":true,"href":"https:\/\/www.electroluxprofessional.com\/fr\/wp-json\/wp\/v2\/comments?post=22172"}],"version-history":[{"count":13,"href":"https:\/\/www.electroluxprofessional.com\/fr\/wp-json\/wp\/v2\/pages\/22172\/revisions"}],"predecessor-version":[{"id":31101,"href":"https:\/\/www.electroluxprofessional.com\/fr\/wp-json\/wp\/v2\/pages\/22172\/revisions\/31101"}],"up":[{"embeddable":true,"href":"https:\/\/www.electroluxprofessional.com\/fr\/wp-json\/wp\/v2\/pages\/2100"}],"wp:featuredmedia":[{"embeddable":true,"href":"https:\/\/www.electroluxprofessional.com\/fr\/wp-json\/wp\/v2\/media\/22156"}],"wp:attachment":[{"href":"https:\/\/www.electroluxprofessional.com\/fr\/wp-json\/wp\/v2\/media?parent=22172"}],"curies":[{"name":"wp","href":"https:\/\/api.w.org\/{rel}","templated":true}]}}