{"id":2208,"date":"2016-05-02T12:24:37","date_gmt":"2016-05-02T12:24:37","guid":{"rendered":"https:\/\/www.electroluxprofessional.com\/fr\/sales-and-service-locator\/"},"modified":"2026-03-07T08:21:21","modified_gmt":"2026-03-07T08:21:21","slug":"revendeurs-stc","status":"publish","type":"page","link":"https:\/\/www.electroluxprofessional.com\/fr\/revendeurs-stc\/","title":{"rendered":"Revendeurs et service technique client"},"content":{"rendered":"<p>[vc_row][vc_column][vc_single_image image=&#8221;14982&#8243; img_size=&#8221;full&#8221;][elx_heading font_container=&#8221;h1&#8243; text_color=&#8221;orange&#8221;]Trouvez un expert proche de vous.[\/elx_heading][vc_empty_space][vc_column_text]<\/p>\n<p style=\"text-align: justify;\">Electrolux Professional est un <strong>v\u00e9ritable partenaire<\/strong> qui vous accompagne en apportant un r\u00e9el support de qualit\u00e9.<\/p>\n<p>Pour toutes demandes de conseils dans le choix de vos \u00e9quipements, d&#8217;am\u00e9nagement, d&#8217;emplacement, d&#8217;installation et\/ou de formation, <strong>trouvez votre expert<\/strong> en s\u00e9lectionnant votre d\u00e9partement, le type d&#8217;\u00e9quipements puis <strong>&#8220;Vendeurs&#8221;.<\/strong><\/p>\n<p style=\"text-align: justify;\">Pour toutes demandes techniques ou de SAV, <strong>trouvez votre partenaire le plus proche <\/strong>en s\u00e9lectionnant votre d\u00e9partement, le type d&#8217;\u00e9quipements puis &#8220;<strong>Technique<\/strong>&#8220;.<\/p>\n<p>[\/vc_column_text][\/vc_column][\/vc_row][vc_row][vc_column][vc_empty_space][elx_o2000_locator cf=&#8221;France&#8221; l=&#8221;fr&#8221; container=&#8221;elxlocator1487585561&#8243; request=&#8221;Je souhaite avoir davantage d&#8217;informations sur {{acs}}&#8221;][vc_empty_space][\/vc_column][\/vc_row][vc_row custom_color_row=&#8221;bg-row-light-blue&#8221; css=&#8221;.vc_custom_1739176875824{background-color: #e9eff5 !important;}&#8221;][vc_column][vc_empty_space][elx_heading font_size=&#8221;h4&#8243; text_color=&#8221;electrolux-blue&#8221; text_align=&#8221;text-left&#8221;]Devenez un partenaire de service certifi\u00e9 ![\/elx_heading][vc_empty_space height=&#8221;10px&#8221;][vc_column_text]<span class=\"TextRun SCXW139498332 BCX0\" data-contrast=\"none\"><span class=\"NormalTextRun SCXW139498332 BCX0\">Rejoignez notre r\u00e9seau de services certifi\u00e9s ! D\u00e9veloppez votre entreprise en devenant un partenaire de service autoris\u00e9. Acc\u00e9dez \u00e0 des formations exclusives, un support et des opportunit\u00e9s de croissance.\u00a0<\/span><\/span><span class=\"EOP SCXW139498332 BCX0\" data-ccp-props=\"{&quot;134233117&quot;:true,&quot;201341983&quot;:0,&quot;335557856&quot;:16777215,&quot;335559739&quot;:0,&quot;335559740&quot;:240}\">\u00a0<\/span>[\/vc_column_text][vc_empty_space height=&#8221;25px&#8221;][elx_o2000_contact_us request_type=&#8221;Customer support&#8221; button_mode=&#8221;true&#8221; button_style=&#8221;secondary&#8221; postion_button=&#8221;text-left&#8221; postion_button_mobile=&#8221;text-left-mobile&#8221; text_btn_contact=&#8221;Postulez d\u00e8s aujourd&#8217;hui ! &#8221; r=&#8221;Je souhaite \u00eatre contact\u00e9 pour devenir votre partenaire de service. Merci.&#8221;][vc_empty_space height=&#8221;40px&#8221;][\/vc_column][\/vc_row]<\/p>\n","protected":false},"excerpt":{"rendered":"<p>[vc_row][vc_column][vc_single_image image=&#8221;14982&#8243; img_size=&#8221;full&#8221;][elx_heading font_container=&#8221;h1&#8243; text_color=&#8221;orange&#8221;]Trouvez un expert proche de vous.[\/elx_heading][vc_empty_space][vc_column_text] Electrolux Professional est un v\u00e9ritable partenaire qui vous accompagne en apportant un r\u00e9el support de qualit\u00e9. Pour toutes demandes de conseils dans le choix de vos \u00e9quipements, d&#8217;am\u00e9nagement, d&#8217;emplacement, d&#8217;installation et\/ou de formation, trouvez votre expert en s\u00e9lectionnant votre d\u00e9partement, le type d&#8217;\u00e9quipements puis &#8220;Vendeurs&#8221;. [&hellip;]<\/p>\n","protected":false},"author":1,"featured_media":0,"parent":0,"menu_order":0,"comment_status":"closed","ping_status":"closed","template":"","meta":{"footnotes":""},"class_list":["post-2208","page","type-page","status-publish","hentry"],"acf":[],"yoast_head":"<!-- This site is optimized with the Yoast SEO plugin v23.3 - https:\/\/yoast.com\/wordpress\/plugins\/seo\/ -->\n<title>Revendeurs et Techniciens Certifi\u00e9s | Electrolux Professional<\/title>\n<meta name=\"description\" content=\"Trouvez tous nos revendeurs et techniciens certifi\u00e9s Electrolux Professional en France pour vos solutions de cuisine et blanchisserie professionnelles.\" \/>\n<meta name=\"robots\" content=\"index, follow, max-snippet:-1, max-image-preview:large, max-video-preview:-1\" \/>\n<link rel=\"canonical\" href=\"https:\/\/www.electroluxprofessional.com\/fr\/revendeurs-stc\/\" \/>\n<meta property=\"og:locale\" content=\"fr_FR\" \/>\n<meta property=\"og:type\" content=\"article\" \/>\n<meta property=\"og:title\" content=\"Revendeurs et Techniciens Certifi\u00e9s | Electrolux Professional\" \/>\n<meta property=\"og:description\" content=\"Trouvez tous nos revendeurs et techniciens certifi\u00e9s Electrolux Professional en France pour vos solutions de cuisine et blanchisserie professionnelles.\" \/>\n<meta property=\"og:url\" content=\"https:\/\/www.electroluxprofessional.com\/fr\/revendeurs-stc\/\" \/>\n<meta property=\"og:site_name\" content=\"Electrolux Professional France\" \/>\n<meta property=\"article:modified_time\" content=\"2026-03-07T08:21:21+00:00\" \/>\n<meta name=\"twitter:card\" content=\"summary_large_image\" \/>\n<meta name=\"twitter:label1\" content=\"Dur\u00e9e de lecture estim\u00e9e\" \/>\n\t<meta name=\"twitter:data1\" content=\"1 minute\" \/>\n<script type=\"application\/ld+json\" class=\"yoast-schema-graph\">{\"@context\":\"https:\/\/schema.org\",\"@graph\":[{\"@type\":\"WebPage\",\"@id\":\"https:\/\/www.electroluxprofessional.com\/fr\/revendeurs-stc\/\",\"url\":\"https:\/\/www.electroluxprofessional.com\/fr\/revendeurs-stc\/\",\"name\":\"Revendeurs et Techniciens Certifi\u00e9s | Electrolux Professional\",\"isPartOf\":{\"@id\":\"https:\/\/www.electroluxprofessional.com\/fr\/#website\"},\"datePublished\":\"2016-05-02T12:24:37+00:00\",\"dateModified\":\"2026-03-07T08:21:21+00:00\",\"description\":\"Trouvez tous nos revendeurs et techniciens certifi\u00e9s Electrolux Professional en France pour vos solutions de cuisine et blanchisserie professionnelles.\",\"breadcrumb\":{\"@id\":\"https:\/\/www.electroluxprofessional.com\/fr\/revendeurs-stc\/#breadcrumb\"},\"inLanguage\":\"fr-FR\",\"potentialAction\":[{\"@type\":\"ReadAction\",\"target\":[\"https:\/\/www.electroluxprofessional.com\/fr\/revendeurs-stc\/\"]}]},{\"@type\":\"BreadcrumbList\",\"@id\":\"https:\/\/www.electroluxprofessional.com\/fr\/revendeurs-stc\/#breadcrumb\",\"itemListElement\":[{\"@type\":\"ListItem\",\"position\":1,\"name\":\"Home\",\"item\":\"https:\/\/www.electroluxprofessional.com\/fr\/\"},{\"@type\":\"ListItem\",\"position\":2,\"name\":\"Revendeurs et service technique client\"}]},{\"@type\":\"WebSite\",\"@id\":\"https:\/\/www.electroluxprofessional.com\/fr\/#website\",\"url\":\"https:\/\/www.electroluxprofessional.com\/fr\/\",\"name\":\"Electrolux Professional France\",\"description\":\"\",\"potentialAction\":[{\"@type\":\"SearchAction\",\"target\":{\"@type\":\"EntryPoint\",\"urlTemplate\":\"https:\/\/www.electroluxprofessional.com\/fr\/?src={search_term_string}\"},\"query-input\":\"required name=search_term_string\"}],\"inLanguage\":\"fr-FR\"}]}<\/script>\n<!-- \/ Yoast SEO plugin. -->","yoast_head_json":{"title":"Revendeurs et Techniciens Certifi\u00e9s | Electrolux Professional","description":"Trouvez tous nos revendeurs et techniciens certifi\u00e9s Electrolux Professional en France pour vos solutions de cuisine et blanchisserie professionnelles.","robots":{"index":"index","follow":"follow","max-snippet":"max-snippet:-1","max-image-preview":"max-image-preview:large","max-video-preview":"max-video-preview:-1"},"canonical":"https:\/\/www.electroluxprofessional.com\/fr\/revendeurs-stc\/","og_locale":"fr_FR","og_type":"article","og_title":"Revendeurs et Techniciens Certifi\u00e9s | Electrolux Professional","og_description":"Trouvez tous nos revendeurs et techniciens certifi\u00e9s Electrolux Professional en France pour vos solutions de cuisine et blanchisserie professionnelles.","og_url":"https:\/\/www.electroluxprofessional.com\/fr\/revendeurs-stc\/","og_site_name":"Electrolux Professional France","article_modified_time":"2026-03-07T08:21:21+00:00","twitter_card":"summary_large_image","twitter_misc":{"Dur\u00e9e de lecture estim\u00e9e":"1 minute"},"schema":{"@context":"https:\/\/schema.org","@graph":[{"@type":"WebPage","@id":"https:\/\/www.electroluxprofessional.com\/fr\/revendeurs-stc\/","url":"https:\/\/www.electroluxprofessional.com\/fr\/revendeurs-stc\/","name":"Revendeurs et Techniciens Certifi\u00e9s | Electrolux Professional","isPartOf":{"@id":"https:\/\/www.electroluxprofessional.com\/fr\/#website"},"datePublished":"2016-05-02T12:24:37+00:00","dateModified":"2026-03-07T08:21:21+00:00","description":"Trouvez tous nos revendeurs et techniciens certifi\u00e9s Electrolux Professional en France pour vos solutions de cuisine et blanchisserie professionnelles.","breadcrumb":{"@id":"https:\/\/www.electroluxprofessional.com\/fr\/revendeurs-stc\/#breadcrumb"},"inLanguage":"fr-FR","potentialAction":[{"@type":"ReadAction","target":["https:\/\/www.electroluxprofessional.com\/fr\/revendeurs-stc\/"]}]},{"@type":"BreadcrumbList","@id":"https:\/\/www.electroluxprofessional.com\/fr\/revendeurs-stc\/#breadcrumb","itemListElement":[{"@type":"ListItem","position":1,"name":"Home","item":"https:\/\/www.electroluxprofessional.com\/fr\/"},{"@type":"ListItem","position":2,"name":"Revendeurs et service technique client"}]},{"@type":"WebSite","@id":"https:\/\/www.electroluxprofessional.com\/fr\/#website","url":"https:\/\/www.electroluxprofessional.com\/fr\/","name":"Electrolux Professional France","description":"","potentialAction":[{"@type":"SearchAction","target":{"@type":"EntryPoint","urlTemplate":"https:\/\/www.electroluxprofessional.com\/fr\/?src={search_term_string}"},"query-input":"required name=search_term_string"}],"inLanguage":"fr-FR"}]}},"_links":{"self":[{"href":"https:\/\/www.electroluxprofessional.com\/fr\/wp-json\/wp\/v2\/pages\/2208"}],"collection":[{"href":"https:\/\/www.electroluxprofessional.com\/fr\/wp-json\/wp\/v2\/pages"}],"about":[{"href":"https:\/\/www.electroluxprofessional.com\/fr\/wp-json\/wp\/v2\/types\/page"}],"author":[{"embeddable":true,"href":"https:\/\/www.electroluxprofessional.com\/fr\/wp-json\/wp\/v2\/users\/1"}],"replies":[{"embeddable":true,"href":"https:\/\/www.electroluxprofessional.com\/fr\/wp-json\/wp\/v2\/comments?post=2208"}],"version-history":[{"count":21,"href":"https:\/\/www.electroluxprofessional.com\/fr\/wp-json\/wp\/v2\/pages\/2208\/revisions"}],"predecessor-version":[{"id":30781,"href":"https:\/\/www.electroluxprofessional.com\/fr\/wp-json\/wp\/v2\/pages\/2208\/revisions\/30781"}],"wp:attachment":[{"href":"https:\/\/www.electroluxprofessional.com\/fr\/wp-json\/wp\/v2\/media?parent=2208"}],"curies":[{"name":"wp","href":"https:\/\/api.w.org\/{rel}","templated":true}]}}