{"id":21712,"date":"2023-05-10T17:30:14","date_gmt":"2023-05-10T17:30:14","guid":{"rendered":"https:\/\/www.electroluxprofessional.com\/fr\/?page_id=21712"},"modified":"2025-12-08T15:58:23","modified_gmt":"2025-12-08T15:58:23","slug":"herodry-solution-sechage-vaisselle","status":"publish","type":"page","link":"https:\/\/www.electroluxprofessional.com\/fr\/equipement-cuisine\/equipement-lavage\/herodry-solution-sechage-vaisselle\/","title":{"rendered":"HeroDry, tunnel de s\u00e9chage autonome"},"content":{"rendered":"<p>[vc_row full_width=&#8221;electroluxpro-full-width-no-padding&#8221;][vc_column][elx_image_block background_image=&#8221;22180&#8243; minimum_height=&#8221;400px&#8221;][\/vc_column][\/vc_row][vc_row][vc_column][vc_empty_space][elx_heading font_container=&#8221;h1&#8243; text_color=&#8221;inherit&#8221; text_align=&#8221;text-center&#8221;]HeroDry[\/elx_heading][elx_heading text_color=&#8221;inherit&#8221; text_align=&#8221;text-center&#8221;]Le tunnel de s\u00e9chage autonome qui s\u00e8che votre vaisselle r\u00e9utilisable en plastique, verre, c\u00e9ramique, aluminium, etc.[\/elx_heading][vc_empty_space][\/vc_column][\/vc_row][vc_row][vc_column width=&#8221;1\/2&#8243; css=&#8221;.vc_custom_1684830154558{margin-right: 20px !important;}&#8221;][vc_empty_space height=&#8221;10px&#8221;][elx_heading font_container=&#8221;h3&#8243; text_color=&#8221;inherit&#8221;]Economies, rapidit\u00e9 et hygi\u00e8ne garanties[\/elx_heading][vc_empty_space][vc_column_text css=&#8221;.vc_custom_1684830544352{margin-right: 20px !important;}&#8221;]Votre stock de gobelets r\u00e9utilisables s&#8217;\u00e9puise rapidement pendant les p\u00e9riodes de pointe ?<\/p>\n<p>HeroDry permet de s\u00e9cher rapidement et parfaitement gr\u00e2ce au syst\u00e8me innovant d\u2019utilisation \u00e0 haute temp\u00e9rature de l\u2019air.<\/p>\n<p>Le flux d\u2019air \u00e0 50\u00b0C s\u00e8che votre vaisselle sans besoin d\u2019op\u00e9ration manuelle suppl\u00e9mentaire.<\/p>\n<p>R\u00e9duisez votre facture d\u2019\u00e9nergie et optimisez le temps de travail de vos op\u00e9rateurs.[\/vc_column_text][vc_empty_space height=&#8221;20px&#8221;][elx_button button_text=&#8221;Contacter un expert&#8221; button_style=&#8221;default&#8221; button_display_block=&#8221;display_block_on&#8221; button_alignment=&#8221;align_center&#8221; button_link=&#8221;url:https%3A%2F%2Fwww.electroluxprofessional.com%2Ffr%2Fequipement-cuisine%2Fequipement-lavage%2Fherodry-solution-sechage-vaisselle%2F%23contact&#8221;][\/vc_column][vc_column width=&#8221;1\/2&#8243;][vc_single_image image=&#8221;21777&#8243; img_size=&#8221;full&#8221; alignment=&#8221;center&#8221;][\/vc_column][\/vc_row][vc_row][vc_column][vc_empty_space][\/vc_column][\/vc_row][vc_row][vc_column width=&#8221;1\/4&#8243;][vc_single_image image=&#8221;21723&#8243; img_size=&#8221;100*100&#8243; alignment=&#8221;center&#8221;][elx_heading font_container=&#8221;h3&#8243; text_color=&#8221;inherit&#8221; text_align=&#8221;text-center&#8221;]Utilisation facile et \u00e9cologique[\/elx_heading][vc_empty_space height=&#8221;15px&#8221;][vc_column_text]<\/p>\n<p style=\"text-align: center;\">Interface utilisateur intuitive et un affichage clair pour un fonctionnement plus rapide.<\/p>\n<p>[\/vc_column_text][vc_empty_space][\/vc_column][vc_column width=&#8221;1\/4&#8243;][vc_single_image image=&#8221;21724&#8243; img_size=&#8221;100*100&#8243; alignment=&#8221;center&#8221;][elx_heading font_container=&#8221;h3&#8243; text_color=&#8221;inherit&#8221; text_align=&#8221;text-center&#8221;]R\u00e9sultats de s\u00e9chage parfaits[\/elx_heading][vc_empty_space height=&#8221;15px&#8221;][vc_column_text]<\/p>\n<p style=\"text-align: center;\">S\u00e9chage jusqu&#8217;\u00e0 750 tasses\/heure \u00e0 50\u00b0C gr\u00e2ce \u00e0 un syst\u00e8me de distribution d\u2019air OPTIFLOW.<\/p>\n<p>[\/vc_column_text][vc_empty_space][\/vc_column][vc_column width=&#8221;1\/4&#8243;][vc_single_image image=&#8221;21725&#8243; img_size=&#8221;100*100&#8243; alignment=&#8221;center&#8221;][elx_heading font_container=&#8221;h3&#8243; text_color=&#8221;inherit&#8221; text_align=&#8221;text-center&#8221;]Faibles co\u00fbts de fonctionnement[\/elx_heading][vc_empty_space height=&#8221;15px&#8221;][vc_column_text]<\/p>\n<p style=\"text-align: center;\">R\u00e9duisez votre impact environnemental et \u00e9conomisez jusqu&#8217;\u00e0 60% d&#8217;\u00e9nergie* gr\u00e2ce \u00e0 HeroDry.<\/p>\n<p>[\/vc_column_text][vc_empty_space][\/vc_column][vc_column width=&#8221;1\/4&#8243;][vc_single_image image=&#8221;21726&#8243; img_size=&#8221;100*100&#8243; alignment=&#8221;center&#8221;][elx_heading font_container=&#8221;h3&#8243; text_color=&#8221;inherit&#8221; text_align=&#8221;text-center&#8221;]Flexible et personnalisable [\/elx_heading][vc_empty_space height=&#8221;15px&#8221;][vc_column_text]<\/p>\n<p style=\"text-align: center;\">Con\u00e7u pour s&#8217;adapter \u00e0 tous les espaces de travail.<\/p>\n<p>[\/vc_column_text][\/vc_column][\/vc_row][vc_row][vc_column][vc_empty_space][vc_column_text]<span style=\"font-size: 80%;\"><em>*Test interne effectu\u00e9 dans le laboratoire R&amp;D d&#8217;Electrolux Professional. Comparaison entre un cycle standard et cycle \u00e9co selon les r\u00e9glages d&#8217;usine.<\/em><\/span>[\/vc_column_text][vc_empty_space][\/vc_column][\/vc_row][vc_row][vc_column css=&#8221;.vc_custom_1683811709197{background-color: #cee0c9 !important;}&#8221;][vc_empty_space][vc_column_text css=&#8221;.vc_custom_1699283280660{margin-right: 20px !important;margin-left: 20px !important;}&#8221;]<\/p>\n<h3 style=\"text-align: center;\"><strong>Le saviez-vous ?<\/strong><\/h3>\n<p style=\"text-align: center;\">Avec la loi Agec, la vaisselle jetable utilis\u00e9e pour les clients consommant sur place, est interdite dans les \u00e9tablissements de restauration rapide servant plus de 20 couverts simultan\u00e9ment. Les repas doivent \u00eatre servis dans de la vaisselle lavable et r\u00e9utilisable.<\/p>\n<p>[\/vc_column_text][vc_empty_space height=&#8221;43px&#8221;][\/vc_column][\/vc_row][vc_row][vc_column][vc_empty_space][vc_empty_space][\/vc_column][\/vc_row][vc_row][vc_column width=&#8221;1\/2&#8243;][vc_single_image image=&#8221;21716&#8243; img_size=&#8221;400&#215;300&#8243; alignment=&#8221;center&#8221;][\/vc_column][vc_column width=&#8221;1\/2&#8243;][elx_heading font_container=&#8221;h4&#8243; text_color=&#8221;inherit&#8221;]Rendez votre zone de lavage puissante et plus rapide.[\/elx_heading][vc_column_text]Rendez votre zone de lavage puissante et plus rapide en ajoutant la solution HeroDry \u00e0 c\u00f4t\u00e9 de votre <a href=\"https:\/\/www.electroluxprofessional.com\/fr\/equipement-cuisine\/equipement-lavage\/lave-vaisselle-capot\/\">laveuse \u00e0 capot<\/a>.[\/vc_column_text][vc_empty_space][elx_heading font_container=&#8221;h4&#8243; text_color=&#8221;inherit&#8221;]S\u00e9lectionnez le cycle qui correspond \u00e0 vos besoins[\/elx_heading][vc_column_text]La solution HeroDry permet de s\u00e9cher rapidement tous les types de vaisselle r\u00e9utilisable : verre, c\u00e9ramique, aluminium et m\u00eame vaisselle en plastique.[\/vc_column_text][\/vc_column][\/vc_row][vc_row][vc_column][vc_empty_space][\/vc_column][\/vc_row][vc_row][vc_column][elx_heading font_container=&#8221;h4&#8243; text_color=&#8221;inherit&#8221;]Choisissez la configuration dont vous avez besoin[\/elx_heading][vc_empty_space][vc_column_text]<\/p>\n<div class=\"wpb_text_column wpb_content_element \">\n<div class=\"\">\n<p><a href=\"https:\/\/www.electroluxprofessional.com\/fr\/wp-content\/uploads\/2023\/07\/EPR-HeroDry-flyer-FR-df-Brochure.pdf\">HeroDry<\/a> est personnalisable en fonction de votre site avec des directions d\u2019utilisation gauche ou droite et des configurations lin\u00e9aires ou en angle.<\/p>\n<\/div>\n<\/div>\n<p>[\/vc_column_text][vc_empty_space][vc_row_inner][vc_column_inner width=&#8221;1\/3&#8243;][elx_heading font_container=&#8221;h6&#8243; text_color=&#8221;inherit&#8221; text_align=&#8221;text-center&#8221;]Ouverture \u00e0 droite et devant[\/elx_heading][vc_single_image image=&#8221;21987&#8243; img_size=&#8221;medium&#8221; alignment=&#8221;center&#8221;][\/vc_column_inner][vc_column_inner width=&#8221;1\/3&#8243;][elx_heading font_container=&#8221;h6&#8243; text_color=&#8221;inherit&#8221; text_align=&#8221;text-center&#8221;]Ouverture sur les 2 c\u00f4t\u00e9s[\/elx_heading][vc_single_image image=&#8221;21986&#8243; img_size=&#8221;medium&#8221; alignment=&#8221;center&#8221;][\/vc_column_inner][vc_column_inner width=&#8221;1\/3&#8243;][elx_heading font_container=&#8221;h6&#8243; text_color=&#8221;inherit&#8221; text_align=&#8221;text-center&#8221;]Ouverture \u00e0 gauche et devant[\/elx_heading][vc_single_image image=&#8221;21988&#8243; img_size=&#8221;medium&#8221; alignment=&#8221;center&#8221;][\/vc_column_inner][\/vc_row_inner][\/vc_column][\/vc_row][vc_row][vc_column width=&#8221;1\/2&#8243;][vc_empty_space][elx_heading font_container=&#8221;h3&#8243; text_color=&#8221;inherit&#8221; text_align=&#8221;text-center&#8221;]D\u00e9couvrez l&#8217;HeroDry en vid\u00e9o[\/elx_heading][vc_empty_space][elx_video_block background_image=&#8221;21993&#8243; video_link=&#8221;https:\/\/www.youtube.com\/watch?v=RBrAQu0z_HI&#8221; minimum_height=&#8221;300px&#8221;][\/vc_column][vc_column width=&#8221;1\/2&#8243;][vc_empty_space][elx_heading font_container=&#8221;h3&#8243; text_color=&#8221;inherit&#8221; text_align=&#8221;text-center&#8221;]Des d\u00e9tergents sp\u00e9cifiques adapt\u00e9s[\/elx_heading][vc_single_image image=&#8221;21916&#8243; img_size=&#8221;medium&#8221; alignment=&#8221;center&#8221;][vc_empty_space height=&#8221;10px&#8221;][vc_column_text]<\/p>\n<p style=\"text-align: center;\"><strong><a href=\"https:\/\/www.electroluxprofessional.com\/fr\/accessoires-consommables\/equipements-lavage\/\" target=\"_blank\" rel=\"noopener\">&gt; D\u00e9couvrir la gamme de d\u00e9tergents\u00a0<\/a><\/strong><\/p>\n<p>[\/vc_column_text][\/vc_column][\/vc_row][vc_row][vc_column][vc_empty_space][\/vc_column][\/vc_row][vc_row css=&#8221;.vc_custom_1689686115062{background-color: #14133b !important;}&#8221; el_id=&#8221;contact&#8221;][vc_column][vc_empty_space][elx_heading text_color=&#8221;white&#8221; text_align=&#8221;text-center&#8221;]Vous souhaitez plus d&#8217;informations sur la solution HeroDry ?[\/elx_heading][elx_heading font_container=&#8221;h6&#8243; text_color=&#8221;white&#8221; text_align=&#8221;text-center&#8221;]Contactez-nous via notre formulaire :[\/elx_heading][vc_empty_space][elx_o2000_contact_us s=&#8221;Demande d&#8217;informations HeroDry&#8221; request_type=&#8221;Quotation&#8221; flag_hide_request_type=&#8221;true&#8221; country=&#8221;France&#8221; b=&#8221;food&#8221; compact_view=&#8221;1&#8243; text_color=&#8221;#FFFFFF&#8221; thanks=&#8221;Merci pour votre demande, un expert vous contactera sous peu.&#8221; postion_button=&#8221;text-left&#8221; postion_button_mobile=&#8221;text-left-mobile&#8221; r=&#8221;Je souhaiterais en savoir plus sur l&#8217;HeroDry.&#8221;][vc_empty_space][\/vc_column][\/vc_row][vc_row][vc_column][vc_empty_space][\/vc_column][\/vc_row][vc_row][vc_column width=&#8221;1\/3&#8243;][vc_single_image image=&#8221;19719&#8243; img_size=&#8221;300&#215;300&#8243; alignment=&#8221;center&#8221;][elx_heading font_container=&#8221;h6&#8243; text_color=&#8221;inherit&#8221; text_align=&#8221;text-center&#8221;]5 raisons d&#8217;int\u00e9grer un lave-vaisselle dans sa structure h\u00f4teli\u00e8re[\/elx_heading][vc_column_text]<\/p>\n<p style=\"text-align: center;\"><a href=\"https:\/\/www.electroluxprofessional.com\/fr\/integrer-lave-vaisselle-hotel\/\"><b>&gt; D\u00e9couvrir<\/b><\/a><\/p>\n<p>[\/vc_column_text][vc_empty_space][\/vc_column][vc_column width=&#8221;1\/3&#8243;][vc_single_image image=&#8221;20021&#8243; img_size=&#8221;300&#215;300&#8243; alignment=&#8221;center&#8221;][elx_heading font_container=&#8221;h6&#8243; text_color=&#8221;inherit&#8221; text_align=&#8221;text-center&#8221;]Comment bien choisir son lave-vaisselle professionnel ?[\/elx_heading][vc_column_text]<\/p>\n<p style=\"text-align: center;\"><a href=\"https:\/\/www.electroluxprofessional.com\/fr\/comment-bien-choisir-son-lave-vaisselle-professionnel\/\"><b>&gt; D\u00e9couvrir<\/b><\/a><\/p>\n<p>[\/vc_column_text][vc_empty_space][\/vc_column][vc_column width=&#8221;1\/3&#8243;][vc_single_image image=&#8221;22156&#8243; img_size=&#8221;300&#215;300&#8243; alignment=&#8221;center&#8221;][elx_heading font_container=&#8221;h6&#8243; text_color=&#8221;inherit&#8221; text_align=&#8221;text-center&#8221;]Loi AGEC 2023 : l&#8217;interdiction des plastiques \u00e0 usage unique en restauration[\/elx_heading][vc_column_text]<\/p>\n<p style=\"text-align: center;\"><a href=\"https:\/\/www.electroluxprofessional.com\/fr\/loi-agec-restauration\/\"><b>&gt; D\u00e9couvrir<\/b><\/a><\/p>\n<p>[\/vc_column_text][vc_empty_space][\/vc_column][\/vc_row]<\/p>\n","protected":false},"excerpt":{"rendered":"<p>[vc_row full_width=&#8221;electroluxpro-full-width-no-padding&#8221;][vc_column][elx_image_block background_image=&#8221;22180&#8243; minimum_height=&#8221;400px&#8221;][\/vc_column][\/vc_row][vc_row][vc_column][vc_empty_space][elx_heading font_container=&#8221;h1&#8243; text_color=&#8221;inherit&#8221; text_align=&#8221;text-center&#8221;]HeroDry[\/elx_heading][elx_heading text_color=&#8221;inherit&#8221; text_align=&#8221;text-center&#8221;]Le tunnel de s\u00e9chage autonome qui s\u00e8che votre vaisselle r\u00e9utilisable en plastique, verre, c\u00e9ramique, aluminium, etc.[\/elx_heading][vc_empty_space][\/vc_column][\/vc_row][vc_row][vc_column width=&#8221;1\/2&#8243; css=&#8221;.vc_custom_1684830154558{margin-right: 20px !important;}&#8221;][vc_empty_space height=&#8221;10px&#8221;][elx_heading font_container=&#8221;h3&#8243; text_color=&#8221;inherit&#8221;]Economies, rapidit\u00e9 et hygi\u00e8ne garanties[\/elx_heading][vc_empty_space][vc_column_text css=&#8221;.vc_custom_1684830544352{margin-right: 20px !important;}&#8221;]Votre stock de gobelets r\u00e9utilisables s&#8217;\u00e9puise rapidement pendant les p\u00e9riodes de pointe ? HeroDry permet de s\u00e9cher rapidement [&hellip;]<\/p>\n","protected":false},"author":93,"featured_media":0,"parent":10442,"menu_order":0,"comment_status":"closed","ping_status":"closed","template":"","meta":{"footnotes":""},"class_list":["post-21712","page","type-page","status-publish","hentry"],"acf":[],"yoast_head":"<!-- This site is optimized with the Yoast SEO plugin v23.3 - https:\/\/yoast.com\/wordpress\/plugins\/seo\/ -->\n<title>HeroDry, tunnel de s\u00e9chage autonome | Electrolux Professional France<\/title>\n<meta name=\"description\" content=\"Le tunnel de s\u00e9chage autonome qui s\u00e8che votre vaisselle r\u00e9utilisable en plastique, verre, c\u00e9ramique, aluminium, etc.\" \/>\n<meta name=\"robots\" content=\"noindex, nofollow\" \/>\n<meta property=\"og:locale\" content=\"fr_FR\" \/>\n<meta property=\"og:type\" content=\"article\" \/>\n<meta property=\"og:title\" content=\"HeroDry, tunnel de s\u00e9chage autonome | Electrolux Professional France\" \/>\n<meta property=\"og:description\" content=\"Le tunnel de s\u00e9chage autonome qui s\u00e8che votre vaisselle r\u00e9utilisable en plastique, verre, c\u00e9ramique, aluminium, etc.\" \/>\n<meta property=\"og:url\" content=\"https:\/\/www.electroluxprofessional.com\/fr\/equipement-cuisine\/herodry-sechage-vaisselle\/\" \/>\n<meta property=\"og:site_name\" content=\"Electrolux Professional France\" \/>\n<meta property=\"article:modified_time\" content=\"2025-12-08T15:58:23+00:00\" \/>\n<meta name=\"twitter:card\" content=\"summary_large_image\" \/>\n<meta name=\"twitter:label1\" content=\"Dur\u00e9e de lecture estim\u00e9e\" \/>\n\t<meta name=\"twitter:data1\" content=\"3 minutes\" \/>\n<script type=\"application\/ld+json\" class=\"yoast-schema-graph\">{\"@context\":\"https:\/\/schema.org\",\"@graph\":[{\"@type\":\"WebPage\",\"@id\":\"https:\/\/www.electroluxprofessional.com\/fr\/equipement-cuisine\/equipement-lavage\/herodry-solution-sechage-vaisselle\/\",\"url\":\"https:\/\/www.electroluxprofessional.com\/fr\/equipement-cuisine\/herodry-sechage-vaisselle\/\",\"name\":\"HeroDry, tunnel de s\u00e9chage autonome | Electrolux Professional France\",\"isPartOf\":{\"@id\":\"https:\/\/www.electroluxprofessional.com\/fr\/#website\"},\"datePublished\":\"2023-05-10T17:30:14+00:00\",\"dateModified\":\"2025-12-08T15:58:23+00:00\",\"description\":\"Le tunnel de s\u00e9chage autonome qui s\u00e8che votre vaisselle r\u00e9utilisable en plastique, verre, c\u00e9ramique, aluminium, etc.\",\"breadcrumb\":{\"@id\":\"https:\/\/www.electroluxprofessional.com\/fr\/equipement-cuisine\/herodry-sechage-vaisselle\/#breadcrumb\"},\"inLanguage\":\"fr-FR\",\"potentialAction\":[{\"@type\":\"ReadAction\",\"target\":[\"https:\/\/www.electroluxprofessional.com\/fr\/equipement-cuisine\/herodry-sechage-vaisselle\/\"]}]},{\"@type\":\"BreadcrumbList\",\"@id\":\"https:\/\/www.electroluxprofessional.com\/fr\/equipement-cuisine\/herodry-sechage-vaisselle\/#breadcrumb\",\"itemListElement\":[{\"@type\":\"ListItem\",\"position\":1,\"name\":\"Home\",\"item\":\"https:\/\/www.electroluxprofessional.com\/fr\/\"},{\"@type\":\"ListItem\",\"position\":2,\"name\":\"Mat\u00e9riel de cuisine professionnel &#8211; Electrolux Professional\",\"item\":\"https:\/\/www.electroluxprofessional.com\/fr\/equipement-cuisine\/\"},{\"@type\":\"ListItem\",\"position\":3,\"name\":\"Equipements lavage\",\"item\":\"https:\/\/www.electroluxprofessional.com\/fr\/equipement-cuisine\/equipement-lavage\/\"},{\"@type\":\"ListItem\",\"position\":4,\"name\":\"HeroDry, tunnel de s\u00e9chage autonome\"}]},{\"@type\":\"WebSite\",\"@id\":\"https:\/\/www.electroluxprofessional.com\/fr\/#website\",\"url\":\"https:\/\/www.electroluxprofessional.com\/fr\/\",\"name\":\"Electrolux Professional France\",\"description\":\"\",\"potentialAction\":[{\"@type\":\"SearchAction\",\"target\":{\"@type\":\"EntryPoint\",\"urlTemplate\":\"https:\/\/www.electroluxprofessional.com\/fr\/?src={search_term_string}\"},\"query-input\":\"required name=search_term_string\"}],\"inLanguage\":\"fr-FR\"}]}<\/script>\n<!-- \/ Yoast SEO plugin. -->","yoast_head_json":{"title":"HeroDry, tunnel de s\u00e9chage autonome | Electrolux Professional France","description":"Le tunnel de s\u00e9chage autonome qui s\u00e8che votre vaisselle r\u00e9utilisable en plastique, verre, c\u00e9ramique, aluminium, etc.","robots":{"index":"noindex","follow":"nofollow"},"og_locale":"fr_FR","og_type":"article","og_title":"HeroDry, tunnel de s\u00e9chage autonome | Electrolux Professional France","og_description":"Le tunnel de s\u00e9chage autonome qui s\u00e8che votre vaisselle r\u00e9utilisable en plastique, verre, c\u00e9ramique, aluminium, etc.","og_url":"https:\/\/www.electroluxprofessional.com\/fr\/equipement-cuisine\/herodry-sechage-vaisselle\/","og_site_name":"Electrolux Professional France","article_modified_time":"2025-12-08T15:58:23+00:00","twitter_card":"summary_large_image","twitter_misc":{"Dur\u00e9e de lecture estim\u00e9e":"3 minutes"},"schema":{"@context":"https:\/\/schema.org","@graph":[{"@type":"WebPage","@id":"https:\/\/www.electroluxprofessional.com\/fr\/equipement-cuisine\/equipement-lavage\/herodry-solution-sechage-vaisselle\/","url":"https:\/\/www.electroluxprofessional.com\/fr\/equipement-cuisine\/herodry-sechage-vaisselle\/","name":"HeroDry, tunnel de s\u00e9chage autonome | Electrolux Professional France","isPartOf":{"@id":"https:\/\/www.electroluxprofessional.com\/fr\/#website"},"datePublished":"2023-05-10T17:30:14+00:00","dateModified":"2025-12-08T15:58:23+00:00","description":"Le tunnel de s\u00e9chage autonome qui s\u00e8che votre vaisselle r\u00e9utilisable en plastique, verre, c\u00e9ramique, aluminium, etc.","breadcrumb":{"@id":"https:\/\/www.electroluxprofessional.com\/fr\/equipement-cuisine\/herodry-sechage-vaisselle\/#breadcrumb"},"inLanguage":"fr-FR","potentialAction":[{"@type":"ReadAction","target":["https:\/\/www.electroluxprofessional.com\/fr\/equipement-cuisine\/herodry-sechage-vaisselle\/"]}]},{"@type":"BreadcrumbList","@id":"https:\/\/www.electroluxprofessional.com\/fr\/equipement-cuisine\/herodry-sechage-vaisselle\/#breadcrumb","itemListElement":[{"@type":"ListItem","position":1,"name":"Home","item":"https:\/\/www.electroluxprofessional.com\/fr\/"},{"@type":"ListItem","position":2,"name":"Mat\u00e9riel de cuisine professionnel &#8211; Electrolux Professional","item":"https:\/\/www.electroluxprofessional.com\/fr\/equipement-cuisine\/"},{"@type":"ListItem","position":3,"name":"Equipements lavage","item":"https:\/\/www.electroluxprofessional.com\/fr\/equipement-cuisine\/equipement-lavage\/"},{"@type":"ListItem","position":4,"name":"HeroDry, tunnel de s\u00e9chage autonome"}]},{"@type":"WebSite","@id":"https:\/\/www.electroluxprofessional.com\/fr\/#website","url":"https:\/\/www.electroluxprofessional.com\/fr\/","name":"Electrolux Professional France","description":"","potentialAction":[{"@type":"SearchAction","target":{"@type":"EntryPoint","urlTemplate":"https:\/\/www.electroluxprofessional.com\/fr\/?src={search_term_string}"},"query-input":"required name=search_term_string"}],"inLanguage":"fr-FR"}]}},"_links":{"self":[{"href":"https:\/\/www.electroluxprofessional.com\/fr\/wp-json\/wp\/v2\/pages\/21712"}],"collection":[{"href":"https:\/\/www.electroluxprofessional.com\/fr\/wp-json\/wp\/v2\/pages"}],"about":[{"href":"https:\/\/www.electroluxprofessional.com\/fr\/wp-json\/wp\/v2\/types\/page"}],"author":[{"embeddable":true,"href":"https:\/\/www.electroluxprofessional.com\/fr\/wp-json\/wp\/v2\/users\/93"}],"replies":[{"embeddable":true,"href":"https:\/\/www.electroluxprofessional.com\/fr\/wp-json\/wp\/v2\/comments?post=21712"}],"version-history":[{"count":63,"href":"https:\/\/www.electroluxprofessional.com\/fr\/wp-json\/wp\/v2\/pages\/21712\/revisions"}],"predecessor-version":[{"id":29828,"href":"https:\/\/www.electroluxprofessional.com\/fr\/wp-json\/wp\/v2\/pages\/21712\/revisions\/29828"}],"up":[{"embeddable":true,"href":"https:\/\/www.electroluxprofessional.com\/fr\/wp-json\/wp\/v2\/pages\/10442"}],"wp:attachment":[{"href":"https:\/\/www.electroluxprofessional.com\/fr\/wp-json\/wp\/v2\/media?parent=21712"}],"curies":[{"name":"wp","href":"https:\/\/api.w.org\/{rel}","templated":true}]}}