{"id":21562,"date":"2023-04-03T13:07:36","date_gmt":"2023-04-03T13:07:36","guid":{"rendered":"https:\/\/www.electroluxprofessional.com\/fr\/?page_id=21562"},"modified":"2026-03-07T07:50:06","modified_gmt":"2026-03-07T07:50:06","slug":"cuisson-modulaire","status":"publish","type":"page","link":"https:\/\/www.electroluxprofessional.com\/fr\/accessoires-consommables\/cuisson-modulaire\/","title":{"rendered":"Accessoires &#038; consommables &#8211; Cuisson modulaire"},"content":{"rendered":"<p>[vc_row full_width=&#8221;electroluxpro-full-width-no-padding&#8221;][vc_column css=&#8221;.vc_custom_1618358802266{margin-top: -40px !important;border-top-width: -40px !important;padding-top: -40px !important;}&#8221;][elx_full_banner title=&#8221;Accessoires &amp; consommables &#8211; Cuisson modulaire&#8221; set_as_h1=&#8221;true&#8221; background_image_media_library=&#8221;21012&#8243; background_image_media_library_mobile=&#8221;35233&#8243; link=&#8221;url:%23contact|title:En%20savoir%20plus&#8221;][vc_row_inner full_width=&#8221;electroluxpro-full-width&#8221; gap=&#8221;15&#8243; disable_element=&#8221;yes&#8221;][vc_column_inner width=&#8221;1\/4&#8243;][elx_download_block text=&#8221;Accessories for protection, sanitizing and cleaning catalogue&#8221; document_type=&#8221;cat&#8221; file_picker=&#8221;24892&#8243; background_color=&#8221;electrolux-blue&#8221; background_hover_color=&#8221;lighter-hover&#8221; ca_document_number=&#8221;CAT10&#8243;][\/vc_column_inner][vc_column_inner width=&#8221;1\/4&#8243;][elx_download_block text=&#8221;Genuine Replacement Parts, Accessories &amp; Consumables catalogue&#8221; document_type=&#8221;cat&#8221; file_picker=&#8221;24892&#8243; background_color=&#8221;electrolux-blue&#8221; background_hover_color=&#8221;lighter-hover&#8221; ca_document_number=&#8221;CAT19&#8243;][\/vc_column_inner][vc_column_inner width=&#8221;1\/4&#8243;][elx_download_block text=&#8221;Spare Part Kits catalogue&#8221; document_type=&#8221;cat&#8221; file_picker=&#8221;24892&#8243; background_color=&#8221;electrolux-blue&#8221; background_hover_color=&#8221;lighter-hover&#8221; ca_document_number=&#8221;CAT9&#8243;][\/vc_column_inner][vc_column_inner width=&#8221;1\/4&#8243;][elx_download_block text=&#8221;Professional cleaning detergents Selection Guide&#8221; file_picker=&#8221;47320&#8243; background_color=&#8221;electrolux-blue&#8221;][\/vc_column_inner][\/vc_row_inner][\/vc_column][\/vc_row][vc_row][vc_column][vc_column_text][\/vc_column_text][\/vc_column][\/vc_row][vc_row][vc_column][elx_menu menu_name=&#8221;Accessoires &amp; consommables&#8221;][vc_empty_space][vc_column_text]Paniers de cuiseurs \u00e0 p\u00e2tes, grilles, d\u00e9graissants professionnels et plus encore. Accessoires et consommables d\u2019origine pour votre cuisine modulaire.[\/vc_column_text][\/vc_column][\/vc_row][vc_row][vc_column width=&#8221;1\/3&#8243;][vc_single_image image=&#8221;21006&#8243; img_size=&#8221;full&#8221; alignment=&#8221;center&#8221; css_animation=&#8221;none&#8221;][vc_empty_space height=&#8221;10px&#8221;][elx_heading font_size=&#8221;h5&#8243; text_color=&#8221;inherit&#8221;]Paniers pour cuiseur \u00e0 p\u00e2tes[\/elx_heading][vc_column_text]Enti\u00e8rement fabriqu\u00e9s en AISI 304 pour assurer une hygi\u00e8ne maximale, nos paniers sont con\u00e7us pour offrir une ergonomie maximale.[\/vc_column_text][vc_empty_space height=&#8221;58px&#8221;][elx_shop_now button_text=&#8221;ACHETER&#8221; button_display_block=&#8221;display_block_on&#8221; button_alignment=&#8221;align_center&#8221; button_link=&#8221;url:https%3A%2F%2Fbuy.electroluxprofessional.com%2Ffr%2Fparts%3Fq%3Dpasta%2520cooker%2520basket&#8221;][vc_empty_space height=&#8221;58px&#8221;][\/vc_column][vc_column width=&#8221;1\/3&#8243;][vc_single_image image=&#8221;21007&#8243; img_size=&#8221;full&#8221; css_animation=&#8221;none&#8221;][vc_empty_space height=&#8221;10px&#8221;][elx_heading font_size=&#8221;h5&#8243; text_color=&#8221;inherit&#8221;]D\u00e9graissant professionnel[\/elx_heading][vc_column_text]Notre d\u00e9graissant professionnel est la solution de nettoyage id\u00e9ale pour les surfaces de cuisson \u00e0 haute temp\u00e9rature. Il est recommand\u00e9 pour les fry tops,\u00a0<a href=\"https:\/\/www.electroluxprofessional.com\/fr\/equipement-cuisine\/prothermetic-marmites-et-braisieres\/braisieres-basculantes\/\">les braisi\u00e8res<\/a>\u00a0et les cuisini\u00e8res multifonctions.[\/vc_column_text][vc_empty_space height=&#8221;20px&#8221;][elx_shop_now button_text=&#8221;ACHETER&#8221; button_display_block=&#8221;display_block_on&#8221; button_alignment=&#8221;align_center&#8221; button_link=&#8221;url:https%3A%2F%2Fbuy.electroluxprofessional.com%2Ffr%2Felectrolux-professional%2Felx0s1841&#8243;][vc_empty_space height=&#8221;58px&#8221;][\/vc_column][vc_column width=&#8221;1\/3&#8243;][vc_single_image image=&#8221;21008&#8243; img_size=&#8221;large&#8221;][vc_empty_space height=&#8221;10px&#8221;][elx_heading font_size=&#8221;h5&#8243; text_color=&#8221;inherit&#8221;]Testeur d\u2019huile de cuisson[\/elx_heading][vc_column_text]\u00c9vitez d\u2019utiliser l\u2019huile us\u00e9e pour la pr\u00e9paration des aliments gr\u00e2ce au syst\u00e8me \u00e9lectronique de contr\u00f4le de l\u2019huile, garantissant des op\u00e9rations durables, des \u00e9conomies de co\u00fbts et la pr\u00e9vention des risques pour la sant\u00e9.[\/vc_column_text][vc_empty_space height=&#8221;58px&#8221;][\/vc_column][\/vc_row][vc_row][vc_column width=&#8221;1\/3&#8243;][vc_empty_space height=&#8221;58px&#8221;][vc_single_image image=&#8221;21559&#8243; img_size=&#8221;full&#8221; alignment=&#8221;center&#8221; css_animation=&#8221;none&#8221;][vc_empty_space height=&#8221;20px&#8221;][elx_heading font_size=&#8221;h5&#8243; text_color=&#8221;inherit&#8221;]Filtres en papier pour syst\u00e8me de filtration pour friteuse 23L[\/elx_heading][vc_column_text]Kit pour syst\u00e8me de filtration avanc\u00e9 pour friteuse de 23 litres, permettant d&#8217;\u00e9liminer les moindres r\u00e9sidus alimentaires et de prolonger la dur\u00e9e de vie de l&#8217;huile.[\/vc_column_text][vc_empty_space height=&#8221;58px&#8221;][\/vc_column][vc_column width=&#8221;1\/3&#8243;][vc_empty_space height=&#8221;50px&#8221;][vc_single_image image=&#8221;21560&#8243; img_size=&#8221;medium&#8221; css_animation=&#8221;none&#8221;][vc_empty_space height=&#8221;50px&#8221;][elx_heading font_size=&#8221;h5&#8243; text_color=&#8221;inherit&#8221;]Paniers \u00e0 frites[\/elx_heading][vc_column_text]Enti\u00e8rement fabriqu\u00e9s en AISI 304 pour assurer une hygi\u00e8ne maximale, nos paniers sont con\u00e7us pour offrir une ergonomie maximale.[\/vc_column_text][vc_empty_space height=&#8221;20px&#8221;][\/vc_column][vc_column width=&#8221;1\/3&#8243;][vc_empty_space height=&#8221;100px&#8221;][vc_single_image image=&#8221;21561&#8243; img_size=&#8221;large&#8221;][vc_empty_space height=&#8221;95px&#8221;][elx_heading font_size=&#8221;h5&#8243; text_color=&#8221;inherit&#8221;]Po\u00eale wok \u00e0 induction en acier inoxydable avec poign\u00e9e<br \/>\n[\/elx_heading][vc_column_text]Po\u00eale wok parfaitement adapt\u00e9e au wok \u00e0 induction pour une r\u00e9partition optimale de la chaleur.[\/vc_column_text][vc_empty_space height=&#8221;20px&#8221;][\/vc_column][\/vc_row][vc_row][vc_column width=&#8221;1\/3&#8243;][elx_shop_now button_text=&#8221;ACHETER&#8221; button_display_block=&#8221;display_block_on&#8221; button_alignment=&#8221;align_center&#8221; button_link=&#8221;url:https%3A%2F%2Fbuy.electroluxprofessional.com%2Ffr%2Felectrolux-professional%2Felx0cb513&#8243;][vc_empty_space height=&#8221;58px&#8221;][\/vc_column][vc_column width=&#8221;1\/3&#8243;][elx_shop_now button_text=&#8221;ACHETER&#8221; button_display_block=&#8221;display_block_on&#8221; button_alignment=&#8221;align_center&#8221; button_link=&#8221;url:https%3A%2F%2Fbuy.electroluxprofessional.com%2Ffr%2Felectrolux-professional%2Felx006133&#8243;][vc_empty_space height=&#8221;58px&#8221;][\/vc_column][vc_column width=&#8221;1\/3&#8243;][elx_shop_now button_text=&#8221;ACHETER&#8221; button_display_block=&#8221;display_block_on&#8221; button_alignment=&#8221;align_center&#8221; button_link=&#8221;url:https%3A%2F%2Fbuy.electroluxprofessional.com%2Ffr%2Felectrolux-professional%2Felx0s2062%3Fprofile%3Delectrolux&#8221;][vc_empty_space height=&#8221;58px&#8221;][\/vc_column][\/vc_row][vc_row disable_element=&#8221;yes&#8221;][vc_column][elx_heading font_container=&#8221;h4&#8243; font_size=&#8221;h3&#8243; text_color=&#8221;inherit&#8221; text_align=&#8221;text-center&#8221;]Discover our cooking ranges[\/elx_heading][\/vc_column][\/vc_row][vc_row disable_element=&#8221;yes&#8221;][vc_column width=&#8221;1\/3&#8243;][elx_maylike_box id_box=&#8221;21009&#8243;][\/vc_column][vc_column width=&#8221;1\/3&#8243;][elx_maylike_box id_box=&#8221;13209&#8243;][\/vc_column][vc_column width=&#8221;1\/3&#8243;][elx_maylike_box id_box=&#8221;21011&#8243; link_target=&#8221;blank&#8221;][\/vc_column][\/vc_row][vc_row el_id=&#8221;contact&#8221;][vc_column][vc_empty_space][elx_heading font_container=&#8221;h3&#8243; text_color=&#8221;inherit&#8221; text_align=&#8221;text-center&#8221;]D\u00e9couvrez comment optimiser et personnaliser votre cuisine modulaire[\/elx_heading][elx_o2000_contact_us s=&#8221;Demande d&#8217;informations accessoires cuisson modulaire&#8221; request_type=&#8221;Parts and consumables&#8221; container=&#8221;elxcontactus1484304163&#8243; r=&#8221;Je voudrais en savoir plus sur les accessoires cuisson modulaire.&#8221;][vc_empty_space][\/vc_column][\/vc_row][vc_row][vc_column][vc_column_text][\/vc_column_text][\/vc_column][\/vc_row]<\/p>\n","protected":false},"excerpt":{"rendered":"<p>[vc_row full_width=&#8221;electroluxpro-full-width-no-padding&#8221;][vc_column css=&#8221;.vc_custom_1618358802266{margin-top: -40px !important;border-top-width: -40px !important;padding-top: -40px !important;}&#8221;][elx_full_banner title=&#8221;Accessoires &amp; consommables &#8211; Cuisson modulaire&#8221; set_as_h1=&#8221;true&#8221; background_image_media_library=&#8221;21012&#8243; background_image_media_library_mobile=&#8221;35233&#8243; link=&#8221;url:%23contact|title:En%20savoir%20plus&#8221;][vc_row_inner full_width=&#8221;electroluxpro-full-width&#8221; gap=&#8221;15&#8243; disable_element=&#8221;yes&#8221;][vc_column_inner width=&#8221;1\/4&#8243;][elx_download_block text=&#8221;Accessories for protection, sanitizing and cleaning catalogue&#8221; document_type=&#8221;cat&#8221; file_picker=&#8221;24892&#8243; background_color=&#8221;electrolux-blue&#8221; background_hover_color=&#8221;lighter-hover&#8221; ca_document_number=&#8221;CAT10&#8243;][\/vc_column_inner][vc_column_inner width=&#8221;1\/4&#8243;][elx_download_block text=&#8221;Genuine Replacement Parts, Accessories &amp; Consumables catalogue&#8221; document_type=&#8221;cat&#8221; file_picker=&#8221;24892&#8243; background_color=&#8221;electrolux-blue&#8221; background_hover_color=&#8221;lighter-hover&#8221; ca_document_number=&#8221;CAT19&#8243;][\/vc_column_inner][vc_column_inner width=&#8221;1\/4&#8243;][elx_download_block text=&#8221;Spare Part Kits catalogue&#8221; document_type=&#8221;cat&#8221; file_picker=&#8221;24892&#8243; [&hellip;]<\/p>\n","protected":false},"author":93,"featured_media":1728,"parent":6298,"menu_order":0,"comment_status":"closed","ping_status":"closed","template":"","meta":{"footnotes":""},"class_list":["post-21562","page","type-page","status-publish","has-post-thumbnail","hentry"],"acf":[],"yoast_head":"<!-- This site is optimized with the Yoast SEO plugin v23.3 - https:\/\/yoast.com\/wordpress\/plugins\/seo\/ -->\n<title>Accessoires &amp; Consommables Cuisson Modulaire | Electrolux Professional<\/title>\n<meta name=\"description\" content=\"D\u00e9couvrez nos accessoires cuisson modulaire: paniers cuiseur \u00e0 p\u00e2tes, d\u00e9graissant professionnel, testeur d&#039;huile. Solutions compl\u00e8tes pour votre cuisine.\" \/>\n<meta name=\"robots\" content=\"index, follow, max-snippet:-1, max-image-preview:large, max-video-preview:-1\" \/>\n<link rel=\"canonical\" href=\"https:\/\/www.electroluxprofessional.com\/fr\/accessoires-consommables\/cuisson-modulaire\/\" \/>\n<meta property=\"og:locale\" content=\"fr_FR\" \/>\n<meta property=\"og:type\" content=\"article\" \/>\n<meta property=\"og:title\" content=\"Accessoires &amp; Consommables Cuisson Modulaire | Electrolux Professional\" \/>\n<meta property=\"og:description\" content=\"D\u00e9couvrez nos accessoires cuisson modulaire: paniers cuiseur \u00e0 p\u00e2tes, d\u00e9graissant professionnel, testeur d&#039;huile. Solutions compl\u00e8tes pour votre cuisine.\" \/>\n<meta property=\"og:url\" content=\"https:\/\/www.electroluxprofessional.com\/fr\/accessoires-consommables\/cuisson-modulaire\/\" \/>\n<meta property=\"og:site_name\" content=\"Electrolux Professional France\" \/>\n<meta property=\"article:modified_time\" content=\"2026-03-07T07:50:06+00:00\" \/>\n<meta property=\"og:image\" content=\"https:\/\/www.electroluxprofessional.com\/fr\/wp-content\/uploads\/2016\/11\/xp1.jpg\" \/>\n\t<meta property=\"og:image:width\" content=\"2000\" \/>\n\t<meta property=\"og:image:height\" content=\"1333\" \/>\n\t<meta property=\"og:image:type\" content=\"image\/jpeg\" \/>\n<meta name=\"twitter:card\" content=\"summary_large_image\" \/>\n<meta name=\"twitter:label1\" content=\"Dur\u00e9e de lecture estim\u00e9e\" \/>\n\t<meta name=\"twitter:data1\" content=\"3 minutes\" \/>\n<script type=\"application\/ld+json\" class=\"yoast-schema-graph\">{\"@context\":\"https:\/\/schema.org\",\"@graph\":[{\"@type\":\"WebPage\",\"@id\":\"https:\/\/www.electroluxprofessional.com\/fr\/accessoires-consommables\/cuisson-modulaire\/\",\"url\":\"https:\/\/www.electroluxprofessional.com\/fr\/accessoires-consommables\/cuisson-modulaire\/\",\"name\":\"Accessoires & Consommables Cuisson Modulaire | Electrolux Professional\",\"isPartOf\":{\"@id\":\"https:\/\/www.electroluxprofessional.com\/fr\/#website\"},\"primaryImageOfPage\":{\"@id\":\"https:\/\/www.electroluxprofessional.com\/fr\/accessoires-consommables\/cuisson-modulaire\/#primaryimage\"},\"image\":{\"@id\":\"https:\/\/www.electroluxprofessional.com\/fr\/accessoires-consommables\/cuisson-modulaire\/#primaryimage\"},\"thumbnailUrl\":\"https:\/\/www.electroluxprofessional.com\/fr\/wp-content\/uploads\/2016\/11\/xp1.jpg\",\"datePublished\":\"2023-04-03T13:07:36+00:00\",\"dateModified\":\"2026-03-07T07:50:06+00:00\",\"description\":\"D\u00e9couvrez nos accessoires cuisson modulaire: paniers cuiseur \u00e0 p\u00e2tes, d\u00e9graissant professionnel, testeur d'huile. Solutions compl\u00e8tes pour votre cuisine.\",\"breadcrumb\":{\"@id\":\"https:\/\/www.electroluxprofessional.com\/fr\/accessoires-consommables\/cuisson-modulaire\/#breadcrumb\"},\"inLanguage\":\"fr-FR\",\"potentialAction\":[{\"@type\":\"ReadAction\",\"target\":[\"https:\/\/www.electroluxprofessional.com\/fr\/accessoires-consommables\/cuisson-modulaire\/\"]}]},{\"@type\":\"ImageObject\",\"inLanguage\":\"fr-FR\",\"@id\":\"https:\/\/www.electroluxprofessional.com\/fr\/accessoires-consommables\/cuisson-modulaire\/#primaryimage\",\"url\":\"https:\/\/www.electroluxprofessional.com\/fr\/wp-content\/uploads\/2016\/11\/xp1.jpg\",\"contentUrl\":\"https:\/\/www.electroluxprofessional.com\/fr\/wp-content\/uploads\/2016\/11\/xp1.jpg\",\"width\":2000,\"height\":1333,\"caption\":\"900XP and 700XP\"},{\"@type\":\"BreadcrumbList\",\"@id\":\"https:\/\/www.electroluxprofessional.com\/fr\/accessoires-consommables\/cuisson-modulaire\/#breadcrumb\",\"itemListElement\":[{\"@type\":\"ListItem\",\"position\":1,\"name\":\"Home\",\"item\":\"https:\/\/www.electroluxprofessional.com\/fr\/\"},{\"@type\":\"ListItem\",\"position\":2,\"name\":\"Accessoires &#038; Consommables\",\"item\":\"https:\/\/www.electroluxprofessional.com\/fr\/accessoires-consommables\/\"},{\"@type\":\"ListItem\",\"position\":3,\"name\":\"Accessoires &#038; consommables &#8211; Cuisson modulaire\"}]},{\"@type\":\"WebSite\",\"@id\":\"https:\/\/www.electroluxprofessional.com\/fr\/#website\",\"url\":\"https:\/\/www.electroluxprofessional.com\/fr\/\",\"name\":\"Electrolux Professional France\",\"description\":\"\",\"potentialAction\":[{\"@type\":\"SearchAction\",\"target\":{\"@type\":\"EntryPoint\",\"urlTemplate\":\"https:\/\/www.electroluxprofessional.com\/fr\/?src={search_term_string}\"},\"query-input\":\"required name=search_term_string\"}],\"inLanguage\":\"fr-FR\"}]}<\/script>\n<!-- \/ Yoast SEO plugin. -->","yoast_head_json":{"title":"Accessoires & Consommables Cuisson Modulaire | Electrolux Professional","description":"D\u00e9couvrez nos accessoires cuisson modulaire: paniers cuiseur \u00e0 p\u00e2tes, d\u00e9graissant professionnel, testeur d'huile. Solutions compl\u00e8tes pour votre cuisine.","robots":{"index":"index","follow":"follow","max-snippet":"max-snippet:-1","max-image-preview":"max-image-preview:large","max-video-preview":"max-video-preview:-1"},"canonical":"https:\/\/www.electroluxprofessional.com\/fr\/accessoires-consommables\/cuisson-modulaire\/","og_locale":"fr_FR","og_type":"article","og_title":"Accessoires & Consommables Cuisson Modulaire | Electrolux Professional","og_description":"D\u00e9couvrez nos accessoires cuisson modulaire: paniers cuiseur \u00e0 p\u00e2tes, d\u00e9graissant professionnel, testeur d'huile. Solutions compl\u00e8tes pour votre cuisine.","og_url":"https:\/\/www.electroluxprofessional.com\/fr\/accessoires-consommables\/cuisson-modulaire\/","og_site_name":"Electrolux Professional France","article_modified_time":"2026-03-07T07:50:06+00:00","og_image":[{"width":2000,"height":1333,"url":"https:\/\/www.electroluxprofessional.com\/fr\/wp-content\/uploads\/2016\/11\/xp1.jpg","type":"image\/jpeg"}],"twitter_card":"summary_large_image","twitter_misc":{"Dur\u00e9e de lecture estim\u00e9e":"3 minutes"},"schema":{"@context":"https:\/\/schema.org","@graph":[{"@type":"WebPage","@id":"https:\/\/www.electroluxprofessional.com\/fr\/accessoires-consommables\/cuisson-modulaire\/","url":"https:\/\/www.electroluxprofessional.com\/fr\/accessoires-consommables\/cuisson-modulaire\/","name":"Accessoires & Consommables Cuisson Modulaire | Electrolux Professional","isPartOf":{"@id":"https:\/\/www.electroluxprofessional.com\/fr\/#website"},"primaryImageOfPage":{"@id":"https:\/\/www.electroluxprofessional.com\/fr\/accessoires-consommables\/cuisson-modulaire\/#primaryimage"},"image":{"@id":"https:\/\/www.electroluxprofessional.com\/fr\/accessoires-consommables\/cuisson-modulaire\/#primaryimage"},"thumbnailUrl":"https:\/\/www.electroluxprofessional.com\/fr\/wp-content\/uploads\/2016\/11\/xp1.jpg","datePublished":"2023-04-03T13:07:36+00:00","dateModified":"2026-03-07T07:50:06+00:00","description":"D\u00e9couvrez nos accessoires cuisson modulaire: paniers cuiseur \u00e0 p\u00e2tes, d\u00e9graissant professionnel, testeur d'huile. Solutions compl\u00e8tes pour votre cuisine.","breadcrumb":{"@id":"https:\/\/www.electroluxprofessional.com\/fr\/accessoires-consommables\/cuisson-modulaire\/#breadcrumb"},"inLanguage":"fr-FR","potentialAction":[{"@type":"ReadAction","target":["https:\/\/www.electroluxprofessional.com\/fr\/accessoires-consommables\/cuisson-modulaire\/"]}]},{"@type":"ImageObject","inLanguage":"fr-FR","@id":"https:\/\/www.electroluxprofessional.com\/fr\/accessoires-consommables\/cuisson-modulaire\/#primaryimage","url":"https:\/\/www.electroluxprofessional.com\/fr\/wp-content\/uploads\/2016\/11\/xp1.jpg","contentUrl":"https:\/\/www.electroluxprofessional.com\/fr\/wp-content\/uploads\/2016\/11\/xp1.jpg","width":2000,"height":1333,"caption":"900XP and 700XP"},{"@type":"BreadcrumbList","@id":"https:\/\/www.electroluxprofessional.com\/fr\/accessoires-consommables\/cuisson-modulaire\/#breadcrumb","itemListElement":[{"@type":"ListItem","position":1,"name":"Home","item":"https:\/\/www.electroluxprofessional.com\/fr\/"},{"@type":"ListItem","position":2,"name":"Accessoires &#038; Consommables","item":"https:\/\/www.electroluxprofessional.com\/fr\/accessoires-consommables\/"},{"@type":"ListItem","position":3,"name":"Accessoires &#038; consommables &#8211; Cuisson modulaire"}]},{"@type":"WebSite","@id":"https:\/\/www.electroluxprofessional.com\/fr\/#website","url":"https:\/\/www.electroluxprofessional.com\/fr\/","name":"Electrolux Professional France","description":"","potentialAction":[{"@type":"SearchAction","target":{"@type":"EntryPoint","urlTemplate":"https:\/\/www.electroluxprofessional.com\/fr\/?src={search_term_string}"},"query-input":"required name=search_term_string"}],"inLanguage":"fr-FR"}]}},"_links":{"self":[{"href":"https:\/\/www.electroluxprofessional.com\/fr\/wp-json\/wp\/v2\/pages\/21562"}],"collection":[{"href":"https:\/\/www.electroluxprofessional.com\/fr\/wp-json\/wp\/v2\/pages"}],"about":[{"href":"https:\/\/www.electroluxprofessional.com\/fr\/wp-json\/wp\/v2\/types\/page"}],"author":[{"embeddable":true,"href":"https:\/\/www.electroluxprofessional.com\/fr\/wp-json\/wp\/v2\/users\/93"}],"replies":[{"embeddable":true,"href":"https:\/\/www.electroluxprofessional.com\/fr\/wp-json\/wp\/v2\/comments?post=21562"}],"version-history":[{"count":10,"href":"https:\/\/www.electroluxprofessional.com\/fr\/wp-json\/wp\/v2\/pages\/21562\/revisions"}],"predecessor-version":[{"id":30742,"href":"https:\/\/www.electroluxprofessional.com\/fr\/wp-json\/wp\/v2\/pages\/21562\/revisions\/30742"}],"up":[{"embeddable":true,"href":"https:\/\/www.electroluxprofessional.com\/fr\/wp-json\/wp\/v2\/pages\/6298"}],"wp:featuredmedia":[{"embeddable":true,"href":"https:\/\/www.electroluxprofessional.com\/fr\/wp-json\/wp\/v2\/media\/1728"}],"wp:attachment":[{"href":"https:\/\/www.electroluxprofessional.com\/fr\/wp-json\/wp\/v2\/media?parent=21562"}],"curies":[{"name":"wp","href":"https:\/\/api.w.org\/{rel}","templated":true}]}}