{"id":21553,"date":"2023-04-03T12:41:32","date_gmt":"2023-04-03T12:41:32","guid":{"rendered":"https:\/\/www.electroluxprofessional.com\/fr\/?page_id=21553"},"modified":"2026-03-07T07:51:50","modified_gmt":"2026-03-07T07:51:50","slug":"speedelight","status":"publish","type":"page","link":"https:\/\/www.electroluxprofessional.com\/fr\/accessoires-consommables\/speedelight\/","title":{"rendered":"Accessoires et consommables &#8211; SpeeDelight"},"content":{"rendered":"<p>[vc_row full_width=&#8221;electroluxpro-full-width-no-padding&#8221;][vc_column css=&#8221;.vc_custom_1618358802266{margin-top: -40px !important;border-top-width: -40px !important;padding-top: -40px !important;}&#8221;][elx_full_banner title=&#8221;Accessoires et consommables SpeeDelight&#8221; set_as_h1=&#8221;true&#8221; background_image_media_library=&#8221;20981&#8243; background_image_media_library_mobile=&#8221;35069&#8243; link=&#8221;url:%23contact|title:En%20savoir%20plus&#8221;][vc_row_inner full_width=&#8221;electroluxpro-full-width&#8221; gap=&#8221;15&#8243; disable_element=&#8221;yes&#8221;][vc_column_inner width=&#8221;1\/4&#8243;][elx_download_block text=&#8221;Accessories for protection, sanitizing and cleaning catalogue&#8221; document_type=&#8221;cat&#8221; file_picker=&#8221;24892&#8243; background_color=&#8221;electrolux-blue&#8221; background_hover_color=&#8221;lighter-hover&#8221; ca_document_number=&#8221;CAT10&#8243;][\/vc_column_inner][vc_column_inner width=&#8221;1\/4&#8243;][elx_download_block text=&#8221;Genuine Replacement Parts, Accessories &amp; Consumables catalogue&#8221; document_type=&#8221;cat&#8221; file_picker=&#8221;24892&#8243; background_color=&#8221;electrolux-blue&#8221; background_hover_color=&#8221;lighter-hover&#8221; ca_document_number=&#8221;CAT19&#8243;][\/vc_column_inner][vc_column_inner width=&#8221;1\/4&#8243;][elx_download_block text=&#8221;Spare Part Kits catalogue&#8221; document_type=&#8221;cat&#8221; file_picker=&#8221;24892&#8243; background_color=&#8221;electrolux-blue&#8221; background_hover_color=&#8221;lighter-hover&#8221; ca_document_number=&#8221;CAT9&#8243;][\/vc_column_inner][vc_column_inner width=&#8221;1\/4&#8243;][elx_download_block text=&#8221;Professional cleaning detergents Selection Guide&#8221; file_picker=&#8221;47320&#8243; background_color=&#8221;electrolux-blue&#8221;][\/vc_column_inner][\/vc_row_inner][\/vc_column][\/vc_row][vc_row][vc_column][elx_menu menu_name=&#8221;Accessoires &amp; consommables&#8221;][vc_column_text]<\/p>\n<p style=\"text-align: center;\">SpeeDelight vous donne la libert\u00e9 de combiner vitesse, qualit\u00e9 et cr\u00e9ativit\u00e9. Avec les bons accessoires et consommables, vous prolongez la durabilit\u00e9 de votre SpeeDelight et conservez des performances optimales.<\/p>\n<p>[\/vc_column_text][vc_empty_space][\/vc_column][\/vc_row][vc_row disable_element=&#8221;yes&#8221; css=&#8221;.vc_custom_1677145462044{background-position: center !important;background-repeat: no-repeat !important;background-size: cover !important;}&#8221;][vc_column width=&#8221;1\/2&#8243;][elx_heading font_size=&#8221;h5&#8243; text_color=&#8221;inherit&#8221;]Accessories and consumables for premium maintenance[\/elx_heading][vc_column_text]This kit will keep your SpeeDelight in peak form so it can do what it does best: brush, spatula, scraper, removable teflon plate, baking paper, silicon protector, cleaning solutions, rapid grease.[\/vc_column_text][vc_empty_space][\/vc_column][vc_column width=&#8221;1\/2&#8243;][vc_single_image image=&#8221;19379&#8243; img_size=&#8221;full&#8221; css_animation=&#8221;none&#8221;][vc_empty_space][elx_shop_now button_text=&#8221;Shop now&#8221; button_link=&#8221;url:https%3A%2F%2Fbuy.electroluxprofessional.com%2Felectrolux-professional%2Fspeedelight%2Fparts|title:Shop%20&#8243;][vc_empty_space][\/vc_column][\/vc_row][vc_row][vc_column width=&#8221;1\/3&#8243;][vc_single_image image=&#8221;21547&#8243; img_size=&#8221;medium&#8221;][vc_empty_space height=&#8221;45px&#8221;][elx_heading text_color=&#8221;inherit&#8221;]D\u00e9graissant haute temp\u00e9rature[\/elx_heading][vc_column_text]Pour nettoyage et usage sp\u00e9cial \u00e0 hautes temp\u00e9ratures.[\/vc_column_text][vc_empty_space height=&#8221;58px&#8221;][\/vc_column][vc_column width=&#8221;1\/3&#8243;][vc_empty_space height=&#8221;90px&#8221;][vc_single_image image=&#8221;21548&#8243; img_size=&#8221;medium&#8221;][vc_empty_space height=&#8221;48px&#8221;][elx_heading text_color=&#8221;inherit&#8221;]Plateau anti-adh\u00e9sif[\/elx_heading][vc_column_text]Le plateau antiadh\u00e9sif permet de garder le SpeeDelight plus propre et de r\u00e9duire son temps de nettoyage.[\/vc_column_text][vc_empty_space height=&#8221;58px&#8221;][\/vc_column][vc_column width=&#8221;1\/3&#8243;][vc_empty_space height=&#8221;80px&#8221;][vc_single_image image=&#8221;21549&#8243; img_size=&#8221;medium&#8221;][vc_empty_space height=&#8221;50px&#8221;][elx_heading text_color=&#8221;inherit&#8221;]Brosse \u00e0 poils en laiton[\/elx_heading][vc_column_text]Utilisez la petite brosse \u00e0 poils m\u00e9talliques pour \u00e9liminer les \u00e9ventuels r\u00e9sidus alimentaires. A utiliser uniquement pour le couvercle.[\/vc_column_text][vc_empty_space height=&#8221;58px&#8221;][\/vc_column][\/vc_row][vc_row][vc_column width=&#8221;1\/3&#8243;][elx_shop_now button_text=&#8221;ACHETER&#8221; button_link=&#8221;url:https%3A%2F%2Fbuy.electroluxprofessional.com%2Ffr%2Felectrolux-professional%2Felx0s2292&#8243;][vc_empty_space height=&#8221;58px&#8221;][\/vc_column][vc_column width=&#8221;1\/3&#8243;][elx_shop_now button_text=&#8221;ACHETER&#8221; button_link=&#8221;url:https%3A%2F%2Fbuy.electroluxprofessional.com%2Ffr%2Felectrolux-professional%2Felx0cb905%3Fprofile%3Delectrolux&#8221;][vc_empty_space height=&#8221;58px&#8221;][\/vc_column][vc_column width=&#8221;1\/3&#8243;][elx_shop_now button_text=&#8221;ACHETER&#8221; button_link=&#8221;url:https%3A%2F%2Fbuy.electroluxprofessional.com%2Ffr%2Felectrolux-professional%2Felx0cb904%3Fprofile%3Delectrolux&#8221;][vc_empty_space height=&#8221;58px&#8221;][\/vc_column][\/vc_row][vc_row][vc_column width=&#8221;1\/3&#8243;][vc_single_image image=&#8221;21550&#8243; img_size=&#8221;medium&#8221;][vc_empty_space height=&#8221;50px&#8221;][elx_heading text_color=&#8221;inherit&#8221;]Papier cuisson[\/elx_heading][vc_column_text]Convient aux mod\u00e8les de cuisson.[\/vc_column_text][vc_empty_space height=&#8221;58px&#8221;][\/vc_column][vc_column width=&#8221;1\/3&#8243;][vc_empty_space height=&#8221;80px&#8221;][vc_single_image image=&#8221;21551&#8243; img_size=&#8221;LARGE&#8221;][vc_empty_space height=&#8221;90px&#8221;][elx_heading text_color=&#8221;inherit&#8221;]Spatule en silicone[\/elx_heading][vc_column_text]Polyvalent pour de multiples usages.[\/vc_column_text][vc_empty_space height=&#8221;58px&#8221;][\/vc_column][vc_column width=&#8221;1\/3&#8243;][vc_empty_space height=&#8221;80px&#8221;][vc_single_image image=&#8221;21552&#8243; img_size=&#8221;medium&#8221;][vc_empty_space height=&#8221;45px&#8221;][elx_heading text_color=&#8221;inherit&#8221;]Brosse[\/elx_heading][vc_column_text]Pour nettoyer la chapelure de la plaque du gril et des surfaces de cuisson.[\/vc_column_text][vc_empty_space height=&#8221;58px&#8221;][\/vc_column][\/vc_row][vc_row][vc_column width=&#8221;1\/3&#8243;][elx_shop_now button_text=&#8221;ACHETER&#8221; button_link=&#8221;url:https%3A%2F%2Fbuy.electroluxprofessional.com%2Ffr%2Felectrolux-professional%2Felx0s2225&#8243;][vc_empty_space height=&#8221;58px&#8221;][\/vc_column][vc_column width=&#8221;1\/3&#8243;][elx_shop_now button_text=&#8221;ACHETER&#8221; button_link=&#8221;url:https%3A%2F%2Fbuy.electroluxprofessional.com%2Ffr%2Felectrolux-professional%2Felx0d4063%3Fprofile%3Delectrolux&#8221;][vc_empty_space height=&#8221;58px&#8221;][\/vc_column][vc_column width=&#8221;1\/3&#8243;][elx_shop_now button_text=&#8221;ACHETER&#8221; button_link=&#8221;url:https%3A%2F%2Fbuy.electroluxprofessional.com%2Ffr%2Felectrolux-professional%2Felx0d7015&#8243;][vc_empty_space height=&#8221;58px&#8221;][\/vc_column][\/vc_row][vc_row][vc_column][vc_empty_space][elx_heading font_container=&#8221;h3&#8243; text_color=&#8221;inherit&#8221;]D\u00e9couvrez comment personnaliser votre SpeeDelight[\/elx_heading][elx_o2000_contact_us s=&#8221;Demande d&#8217;informations accessoires &amp; consommables SpeeDelight&#8221; request_type=&#8221;Parts and consumables&#8221; country=&#8221;France&#8221; container=&#8221;elxcontactus1484315184&#8243; r=&#8221;Je souhaiterais en savoir plus sur les accessoires et consommables SpeeDelight.&#8221;][\/vc_column][\/vc_row]<\/p>\n","protected":false},"excerpt":{"rendered":"<p>[vc_row full_width=&#8221;electroluxpro-full-width-no-padding&#8221;][vc_column css=&#8221;.vc_custom_1618358802266{margin-top: -40px !important;border-top-width: -40px !important;padding-top: -40px !important;}&#8221;][elx_full_banner title=&#8221;Accessoires et consommables SpeeDelight&#8221; set_as_h1=&#8221;true&#8221; background_image_media_library=&#8221;20981&#8243; background_image_media_library_mobile=&#8221;35069&#8243; link=&#8221;url:%23contact|title:En%20savoir%20plus&#8221;][vc_row_inner full_width=&#8221;electroluxpro-full-width&#8221; gap=&#8221;15&#8243; disable_element=&#8221;yes&#8221;][vc_column_inner width=&#8221;1\/4&#8243;][elx_download_block text=&#8221;Accessories for protection, sanitizing and cleaning catalogue&#8221; document_type=&#8221;cat&#8221; file_picker=&#8221;24892&#8243; background_color=&#8221;electrolux-blue&#8221; background_hover_color=&#8221;lighter-hover&#8221; ca_document_number=&#8221;CAT10&#8243;][\/vc_column_inner][vc_column_inner width=&#8221;1\/4&#8243;][elx_download_block text=&#8221;Genuine Replacement Parts, Accessories &amp; Consumables catalogue&#8221; document_type=&#8221;cat&#8221; file_picker=&#8221;24892&#8243; background_color=&#8221;electrolux-blue&#8221; background_hover_color=&#8221;lighter-hover&#8221; ca_document_number=&#8221;CAT19&#8243;][\/vc_column_inner][vc_column_inner width=&#8221;1\/4&#8243;][elx_download_block text=&#8221;Spare Part Kits catalogue&#8221; document_type=&#8221;cat&#8221; file_picker=&#8221;24892&#8243; background_color=&#8221;electrolux-blue&#8221; background_hover_color=&#8221;lighter-hover&#8221; [&hellip;]<\/p>\n","protected":false},"author":93,"featured_media":1141,"parent":6298,"menu_order":0,"comment_status":"closed","ping_status":"closed","template":"","meta":{"footnotes":""},"class_list":["post-21553","page","type-page","status-publish","has-post-thumbnail","hentry"],"acf":[],"yoast_head":"<!-- This site is optimized with the Yoast SEO plugin v23.3 - https:\/\/yoast.com\/wordpress\/plugins\/seo\/ -->\n<title>Accessoires et consommables SpeeDelight | Electrolux Professional<\/title>\n<meta name=\"description\" content=\"D\u00e9couvrez nos accessoires et consommables SpeeDelight: brosses, grattoirs, spatules et produits de nettoyage sp\u00e9cialis\u00e9s pour optimiser votre \u00e9quipement.\" \/>\n<meta name=\"robots\" content=\"index, follow, max-snippet:-1, max-image-preview:large, max-video-preview:-1\" \/>\n<link rel=\"canonical\" href=\"https:\/\/www.electroluxprofessional.com\/fr\/accessoires-consommables\/speedelight\/\" \/>\n<meta property=\"og:locale\" content=\"fr_FR\" \/>\n<meta property=\"og:type\" content=\"article\" \/>\n<meta property=\"og:title\" content=\"Accessoires et consommables SpeeDelight | Electrolux Professional\" \/>\n<meta property=\"og:description\" content=\"D\u00e9couvrez nos accessoires et consommables SpeeDelight: brosses, grattoirs, spatules et produits de nettoyage sp\u00e9cialis\u00e9s pour optimiser votre \u00e9quipement.\" \/>\n<meta property=\"og:url\" content=\"https:\/\/www.electroluxprofessional.com\/fr\/accessoires-consommables\/speedelight\/\" \/>\n<meta property=\"og:site_name\" content=\"Electrolux Professional France\" \/>\n<meta property=\"article:modified_time\" content=\"2026-03-07T07:51:50+00:00\" \/>\n<meta property=\"og:image\" content=\"https:\/\/www.electroluxprofessional.com\/fr\/wp-content\/uploads\/2016\/12\/speedelight.jpg\" \/>\n\t<meta property=\"og:image:width\" content=\"700\" \/>\n\t<meta property=\"og:image:height\" content=\"700\" \/>\n\t<meta property=\"og:image:type\" content=\"image\/jpeg\" \/>\n<meta name=\"twitter:card\" content=\"summary_large_image\" \/>\n<meta name=\"twitter:label1\" content=\"Dur\u00e9e de lecture estim\u00e9e\" \/>\n\t<meta name=\"twitter:data1\" content=\"2 minutes\" \/>\n<script type=\"application\/ld+json\" class=\"yoast-schema-graph\">{\"@context\":\"https:\/\/schema.org\",\"@graph\":[{\"@type\":\"WebPage\",\"@id\":\"https:\/\/www.electroluxprofessional.com\/fr\/accessoires-consommables\/speedelight\/\",\"url\":\"https:\/\/www.electroluxprofessional.com\/fr\/accessoires-consommables\/speedelight\/\",\"name\":\"Accessoires et consommables SpeeDelight | Electrolux Professional\",\"isPartOf\":{\"@id\":\"https:\/\/www.electroluxprofessional.com\/fr\/#website\"},\"primaryImageOfPage\":{\"@id\":\"https:\/\/www.electroluxprofessional.com\/fr\/accessoires-consommables\/speedelight\/#primaryimage\"},\"image\":{\"@id\":\"https:\/\/www.electroluxprofessional.com\/fr\/accessoires-consommables\/speedelight\/#primaryimage\"},\"thumbnailUrl\":\"https:\/\/www.electroluxprofessional.com\/fr\/wp-content\/uploads\/2016\/12\/speedelight.jpg\",\"datePublished\":\"2023-04-03T12:41:32+00:00\",\"dateModified\":\"2026-03-07T07:51:50+00:00\",\"description\":\"D\u00e9couvrez nos accessoires et consommables SpeeDelight: brosses, grattoirs, spatules et produits de nettoyage sp\u00e9cialis\u00e9s pour optimiser votre \u00e9quipement.\",\"breadcrumb\":{\"@id\":\"https:\/\/www.electroluxprofessional.com\/fr\/accessoires-consommables\/speedelight\/#breadcrumb\"},\"inLanguage\":\"fr-FR\",\"potentialAction\":[{\"@type\":\"ReadAction\",\"target\":[\"https:\/\/www.electroluxprofessional.com\/fr\/accessoires-consommables\/speedelight\/\"]}]},{\"@type\":\"ImageObject\",\"inLanguage\":\"fr-FR\",\"@id\":\"https:\/\/www.electroluxprofessional.com\/fr\/accessoires-consommables\/speedelight\/#primaryimage\",\"url\":\"https:\/\/www.electroluxprofessional.com\/fr\/wp-content\/uploads\/2016\/12\/speedelight.jpg\",\"contentUrl\":\"https:\/\/www.electroluxprofessional.com\/fr\/wp-content\/uploads\/2016\/12\/speedelight.jpg\",\"width\":700,\"height\":700,\"caption\":\"SpeeDelight\"},{\"@type\":\"BreadcrumbList\",\"@id\":\"https:\/\/www.electroluxprofessional.com\/fr\/accessoires-consommables\/speedelight\/#breadcrumb\",\"itemListElement\":[{\"@type\":\"ListItem\",\"position\":1,\"name\":\"Home\",\"item\":\"https:\/\/www.electroluxprofessional.com\/fr\/\"},{\"@type\":\"ListItem\",\"position\":2,\"name\":\"Accessoires et Consommables pour \u00c9quipements\",\"item\":\"https:\/\/www.electroluxprofessional.com\/fr\/accessoires-consommables\/\"},{\"@type\":\"ListItem\",\"position\":3,\"name\":\"Accessoires et consommables &#8211; SpeeDelight\"}]},{\"@type\":\"WebSite\",\"@id\":\"https:\/\/www.electroluxprofessional.com\/fr\/#website\",\"url\":\"https:\/\/www.electroluxprofessional.com\/fr\/\",\"name\":\"Electrolux Professional France\",\"description\":\"\",\"potentialAction\":[{\"@type\":\"SearchAction\",\"target\":{\"@type\":\"EntryPoint\",\"urlTemplate\":\"https:\/\/www.electroluxprofessional.com\/fr\/?src={search_term_string}\"},\"query-input\":\"required name=search_term_string\"}],\"inLanguage\":\"fr-FR\"}]}<\/script>\n<!-- \/ Yoast SEO plugin. -->","yoast_head_json":{"title":"Accessoires et consommables SpeeDelight | Electrolux Professional","description":"D\u00e9couvrez nos accessoires et consommables SpeeDelight: brosses, grattoirs, spatules et produits de nettoyage sp\u00e9cialis\u00e9s pour optimiser votre \u00e9quipement.","robots":{"index":"index","follow":"follow","max-snippet":"max-snippet:-1","max-image-preview":"max-image-preview:large","max-video-preview":"max-video-preview:-1"},"canonical":"https:\/\/www.electroluxprofessional.com\/fr\/accessoires-consommables\/speedelight\/","og_locale":"fr_FR","og_type":"article","og_title":"Accessoires et consommables SpeeDelight | Electrolux Professional","og_description":"D\u00e9couvrez nos accessoires et consommables SpeeDelight: brosses, grattoirs, spatules et produits de nettoyage sp\u00e9cialis\u00e9s pour optimiser votre \u00e9quipement.","og_url":"https:\/\/www.electroluxprofessional.com\/fr\/accessoires-consommables\/speedelight\/","og_site_name":"Electrolux Professional France","article_modified_time":"2026-03-07T07:51:50+00:00","og_image":[{"width":700,"height":700,"url":"https:\/\/www.electroluxprofessional.com\/fr\/wp-content\/uploads\/2016\/12\/speedelight.jpg","type":"image\/jpeg"}],"twitter_card":"summary_large_image","twitter_misc":{"Dur\u00e9e de lecture estim\u00e9e":"2 minutes"},"schema":{"@context":"https:\/\/schema.org","@graph":[{"@type":"WebPage","@id":"https:\/\/www.electroluxprofessional.com\/fr\/accessoires-consommables\/speedelight\/","url":"https:\/\/www.electroluxprofessional.com\/fr\/accessoires-consommables\/speedelight\/","name":"Accessoires et consommables SpeeDelight | Electrolux Professional","isPartOf":{"@id":"https:\/\/www.electroluxprofessional.com\/fr\/#website"},"primaryImageOfPage":{"@id":"https:\/\/www.electroluxprofessional.com\/fr\/accessoires-consommables\/speedelight\/#primaryimage"},"image":{"@id":"https:\/\/www.electroluxprofessional.com\/fr\/accessoires-consommables\/speedelight\/#primaryimage"},"thumbnailUrl":"https:\/\/www.electroluxprofessional.com\/fr\/wp-content\/uploads\/2016\/12\/speedelight.jpg","datePublished":"2023-04-03T12:41:32+00:00","dateModified":"2026-03-07T07:51:50+00:00","description":"D\u00e9couvrez nos accessoires et consommables SpeeDelight: brosses, grattoirs, spatules et produits de nettoyage sp\u00e9cialis\u00e9s pour optimiser votre \u00e9quipement.","breadcrumb":{"@id":"https:\/\/www.electroluxprofessional.com\/fr\/accessoires-consommables\/speedelight\/#breadcrumb"},"inLanguage":"fr-FR","potentialAction":[{"@type":"ReadAction","target":["https:\/\/www.electroluxprofessional.com\/fr\/accessoires-consommables\/speedelight\/"]}]},{"@type":"ImageObject","inLanguage":"fr-FR","@id":"https:\/\/www.electroluxprofessional.com\/fr\/accessoires-consommables\/speedelight\/#primaryimage","url":"https:\/\/www.electroluxprofessional.com\/fr\/wp-content\/uploads\/2016\/12\/speedelight.jpg","contentUrl":"https:\/\/www.electroluxprofessional.com\/fr\/wp-content\/uploads\/2016\/12\/speedelight.jpg","width":700,"height":700,"caption":"SpeeDelight"},{"@type":"BreadcrumbList","@id":"https:\/\/www.electroluxprofessional.com\/fr\/accessoires-consommables\/speedelight\/#breadcrumb","itemListElement":[{"@type":"ListItem","position":1,"name":"Home","item":"https:\/\/www.electroluxprofessional.com\/fr\/"},{"@type":"ListItem","position":2,"name":"Accessoires et Consommables pour \u00c9quipements","item":"https:\/\/www.electroluxprofessional.com\/fr\/accessoires-consommables\/"},{"@type":"ListItem","position":3,"name":"Accessoires et consommables &#8211; SpeeDelight"}]},{"@type":"WebSite","@id":"https:\/\/www.electroluxprofessional.com\/fr\/#website","url":"https:\/\/www.electroluxprofessional.com\/fr\/","name":"Electrolux Professional France","description":"","potentialAction":[{"@type":"SearchAction","target":{"@type":"EntryPoint","urlTemplate":"https:\/\/www.electroluxprofessional.com\/fr\/?src={search_term_string}"},"query-input":"required name=search_term_string"}],"inLanguage":"fr-FR"}]}},"_links":{"self":[{"href":"https:\/\/www.electroluxprofessional.com\/fr\/wp-json\/wp\/v2\/pages\/21553"}],"collection":[{"href":"https:\/\/www.electroluxprofessional.com\/fr\/wp-json\/wp\/v2\/pages"}],"about":[{"href":"https:\/\/www.electroluxprofessional.com\/fr\/wp-json\/wp\/v2\/types\/page"}],"author":[{"embeddable":true,"href":"https:\/\/www.electroluxprofessional.com\/fr\/wp-json\/wp\/v2\/users\/93"}],"replies":[{"embeddable":true,"href":"https:\/\/www.electroluxprofessional.com\/fr\/wp-json\/wp\/v2\/comments?post=21553"}],"version-history":[{"count":9,"href":"https:\/\/www.electroluxprofessional.com\/fr\/wp-json\/wp\/v2\/pages\/21553\/revisions"}],"predecessor-version":[{"id":30746,"href":"https:\/\/www.electroluxprofessional.com\/fr\/wp-json\/wp\/v2\/pages\/21553\/revisions\/30746"}],"up":[{"embeddable":true,"href":"https:\/\/www.electroluxprofessional.com\/fr\/wp-json\/wp\/v2\/pages\/6298"}],"wp:featuredmedia":[{"embeddable":true,"href":"https:\/\/www.electroluxprofessional.com\/fr\/wp-json\/wp\/v2\/media\/1141"}],"wp:attachment":[{"href":"https:\/\/www.electroluxprofessional.com\/fr\/wp-json\/wp\/v2\/media?parent=21553"}],"curies":[{"name":"wp","href":"https:\/\/api.w.org\/{rel}","templated":true}]}}