{"id":21303,"date":"2026-03-02T16:02:45","date_gmt":"2026-03-02T16:02:45","guid":{"rendered":"https:\/\/www.electroluxprofessional.com\/fr\/?page_id=21303"},"modified":"2026-03-30T13:15:29","modified_gmt":"2026-03-30T13:15:29","slug":"guide-selection-accessoires-blanchisserie","status":"publish","type":"page","link":"https:\/\/www.electroluxprofessional.com\/fr\/guide-selection-accessoires-blanchisserie\/","title":{"rendered":"Guide de s\u00e9lection accessoires et lessiviels"},"content":{"rendered":"<p>[vc_row full_width=&#8221;electroluxpro-full-width-no-padding&#8221;][vc_column][elx_image_block background_image=&#8221;17087&#8243; minimum_height=&#8221;350px&#8221;][vc_empty_space][\/vc_column][\/vc_row][vc_row][vc_column][elx_heading font_container=&#8221;h1&#8243; font_size=&#8221;h2&#8243; text_color=&#8221;inherit&#8221; text_align=&#8221;text-center&#8221;]Guide de s\u00e9lection des accessoires et consommables pour blanchisserie professionnelle[\/elx_heading][vc_empty_space][vc_single_image image=&#8221;21304&#8243; img_size=&#8221;400&#215;550&#8243; alignment=&#8221;center&#8221; onclick=&#8221;custom_link&#8221; img_link_target=&#8221;_blank&#8221; link=&#8221;https:\/\/acrobat.adobe.com\/id\/urn:aaid:sc:EU:7818c20a-ed23-4aa6-aa7f-da654a760028&#8243;][vc_empty_space][elx_button button_text=&#8221;Consulter le guide&#8221; button_display_block=&#8221;display_block_on&#8221; button_alignment=&#8221;align_center&#8221; button_link=&#8221;url:https%3A%2F%2Facrobat.adobe.com%2Fid%2Furn%3Aaaid%3Asc%3AEU%3A7818c20a-ed23-4aa6-aa7f-da654a760028|target:_blank&#8221;][\/vc_column][\/vc_row][vc_row][vc_column][vc_empty_space][\/vc_column][\/vc_row]<\/p>\n","protected":false},"excerpt":{"rendered":"<p>[vc_row full_width=&#8221;electroluxpro-full-width-no-padding&#8221;][vc_column][elx_image_block background_image=&#8221;17087&#8243; minimum_height=&#8221;350px&#8221;][vc_empty_space][\/vc_column][\/vc_row][vc_row][vc_column][elx_heading font_container=&#8221;h1&#8243; font_size=&#8221;h2&#8243; text_color=&#8221;inherit&#8221; text_align=&#8221;text-center&#8221;]Guide de s\u00e9lection des accessoires et consommables pour blanchisserie professionnelle[\/elx_heading][vc_empty_space][vc_single_image image=&#8221;21304&#8243; img_size=&#8221;400&#215;550&#8243; alignment=&#8221;center&#8221; onclick=&#8221;custom_link&#8221; img_link_target=&#8221;_blank&#8221; link=&#8221;https:\/\/acrobat.adobe.com\/id\/urn:aaid:sc:EU:7818c20a-ed23-4aa6-aa7f-da654a760028&#8243;][vc_empty_space][elx_button button_text=&#8221;Consulter le guide&#8221; button_display_block=&#8221;display_block_on&#8221; button_alignment=&#8221;align_center&#8221; button_link=&#8221;url:https%3A%2F%2Facrobat.adobe.com%2Fid%2Furn%3Aaaid%3Asc%3AEU%3A7818c20a-ed23-4aa6-aa7f-da654a760028|target:_blank&#8221;][\/vc_column][\/vc_row][vc_row][vc_column][vc_empty_space][\/vc_column][\/vc_row]<\/p>\n","protected":false},"author":93,"featured_media":0,"parent":0,"menu_order":0,"comment_status":"closed","ping_status":"closed","template":"","meta":{"footnotes":""},"class_list":["post-21303","page","type-page","status-publish","hentry"],"acf":[],"yoast_head":"<!-- This site is optimized with the Yoast SEO plugin v23.3 - https:\/\/yoast.com\/wordpress\/plugins\/seo\/ -->\n<title>Guide de s\u00e9lection accessoires blanchisserie | Electrolux Professional<\/title>\n<meta name=\"description\" content=\"S\u00e9lectionnez les accessoires blanchisserie adapt\u00e9s pour un environnement de travail efficace. Optimisez le flux et l&#039;ergonomie de vos installations pro.\" \/>\n<meta name=\"robots\" content=\"index, follow, max-snippet:-1, max-image-preview:large, max-video-preview:-1\" \/>\n<link rel=\"canonical\" href=\"https:\/\/www.electroluxprofessional.com\/fr\/guide-selection-accessoires-blanchisserie\/\" \/>\n<meta property=\"og:locale\" content=\"fr_FR\" \/>\n<meta property=\"og:type\" content=\"article\" \/>\n<meta property=\"og:title\" content=\"Guide de s\u00e9lection accessoires blanchisserie | Electrolux Professional\" \/>\n<meta property=\"og:description\" content=\"S\u00e9lectionnez les accessoires blanchisserie adapt\u00e9s pour un environnement de travail efficace. Optimisez le flux et l&#039;ergonomie de vos installations pro.\" \/>\n<meta property=\"og:url\" content=\"https:\/\/www.electroluxprofessional.com\/fr\/guide-selection-accessoires-blanchisserie\/\" \/>\n<meta property=\"og:site_name\" content=\"Electrolux Professional France\" \/>\n<meta property=\"article:modified_time\" content=\"2026-03-30T13:15:29+00:00\" \/>\n<meta name=\"twitter:card\" content=\"summary_large_image\" \/>\n<meta name=\"twitter:label1\" content=\"Dur\u00e9e de lecture estim\u00e9e\" \/>\n\t<meta name=\"twitter:data1\" content=\"1 minute\" \/>\n<script type=\"application\/ld+json\" class=\"yoast-schema-graph\">{\"@context\":\"https:\/\/schema.org\",\"@graph\":[{\"@type\":\"WebPage\",\"@id\":\"https:\/\/www.electroluxprofessional.com\/fr\/guide-selection-accessoires-blanchisserie\/\",\"url\":\"https:\/\/www.electroluxprofessional.com\/fr\/guide-selection-accessoires-blanchisserie\/\",\"name\":\"Guide de s\u00e9lection accessoires blanchisserie | Electrolux Professional\",\"isPartOf\":{\"@id\":\"https:\/\/www.electroluxprofessional.com\/fr\/#website\"},\"datePublished\":\"2026-03-02T16:02:45+00:00\",\"dateModified\":\"2026-03-30T13:15:29+00:00\",\"description\":\"S\u00e9lectionnez les accessoires blanchisserie adapt\u00e9s pour un environnement de travail efficace. Optimisez le flux et l'ergonomie de vos installations pro.\",\"breadcrumb\":{\"@id\":\"https:\/\/www.electroluxprofessional.com\/fr\/guide-selection-accessoires-blanchisserie\/#breadcrumb\"},\"inLanguage\":\"fr-FR\",\"potentialAction\":[{\"@type\":\"ReadAction\",\"target\":[\"https:\/\/www.electroluxprofessional.com\/fr\/guide-selection-accessoires-blanchisserie\/\"]}]},{\"@type\":\"BreadcrumbList\",\"@id\":\"https:\/\/www.electroluxprofessional.com\/fr\/guide-selection-accessoires-blanchisserie\/#breadcrumb\",\"itemListElement\":[{\"@type\":\"ListItem\",\"position\":1,\"name\":\"Home\",\"item\":\"https:\/\/www.electroluxprofessional.com\/fr\/\"},{\"@type\":\"ListItem\",\"position\":2,\"name\":\"Guide de s\u00e9lection accessoires et lessiviels\"}]},{\"@type\":\"WebSite\",\"@id\":\"https:\/\/www.electroluxprofessional.com\/fr\/#website\",\"url\":\"https:\/\/www.electroluxprofessional.com\/fr\/\",\"name\":\"Electrolux Professional France\",\"description\":\"\",\"potentialAction\":[{\"@type\":\"SearchAction\",\"target\":{\"@type\":\"EntryPoint\",\"urlTemplate\":\"https:\/\/www.electroluxprofessional.com\/fr\/?src={search_term_string}\"},\"query-input\":\"required name=search_term_string\"}],\"inLanguage\":\"fr-FR\"}]}<\/script>\n<!-- \/ Yoast SEO plugin. -->","yoast_head_json":{"title":"Guide de s\u00e9lection accessoires blanchisserie | Electrolux Professional","description":"S\u00e9lectionnez les accessoires blanchisserie adapt\u00e9s pour un environnement de travail efficace. Optimisez le flux et l'ergonomie de vos installations pro.","robots":{"index":"index","follow":"follow","max-snippet":"max-snippet:-1","max-image-preview":"max-image-preview:large","max-video-preview":"max-video-preview:-1"},"canonical":"https:\/\/www.electroluxprofessional.com\/fr\/guide-selection-accessoires-blanchisserie\/","og_locale":"fr_FR","og_type":"article","og_title":"Guide de s\u00e9lection accessoires blanchisserie | Electrolux Professional","og_description":"S\u00e9lectionnez les accessoires blanchisserie adapt\u00e9s pour un environnement de travail efficace. Optimisez le flux et l'ergonomie de vos installations pro.","og_url":"https:\/\/www.electroluxprofessional.com\/fr\/guide-selection-accessoires-blanchisserie\/","og_site_name":"Electrolux Professional France","article_modified_time":"2026-03-30T13:15:29+00:00","twitter_card":"summary_large_image","twitter_misc":{"Dur\u00e9e de lecture estim\u00e9e":"1 minute"},"schema":{"@context":"https:\/\/schema.org","@graph":[{"@type":"WebPage","@id":"https:\/\/www.electroluxprofessional.com\/fr\/guide-selection-accessoires-blanchisserie\/","url":"https:\/\/www.electroluxprofessional.com\/fr\/guide-selection-accessoires-blanchisserie\/","name":"Guide de s\u00e9lection accessoires blanchisserie | Electrolux Professional","isPartOf":{"@id":"https:\/\/www.electroluxprofessional.com\/fr\/#website"},"datePublished":"2026-03-02T16:02:45+00:00","dateModified":"2026-03-30T13:15:29+00:00","description":"S\u00e9lectionnez les accessoires blanchisserie adapt\u00e9s pour un environnement de travail efficace. Optimisez le flux et l'ergonomie de vos installations pro.","breadcrumb":{"@id":"https:\/\/www.electroluxprofessional.com\/fr\/guide-selection-accessoires-blanchisserie\/#breadcrumb"},"inLanguage":"fr-FR","potentialAction":[{"@type":"ReadAction","target":["https:\/\/www.electroluxprofessional.com\/fr\/guide-selection-accessoires-blanchisserie\/"]}]},{"@type":"BreadcrumbList","@id":"https:\/\/www.electroluxprofessional.com\/fr\/guide-selection-accessoires-blanchisserie\/#breadcrumb","itemListElement":[{"@type":"ListItem","position":1,"name":"Home","item":"https:\/\/www.electroluxprofessional.com\/fr\/"},{"@type":"ListItem","position":2,"name":"Guide de s\u00e9lection accessoires et lessiviels"}]},{"@type":"WebSite","@id":"https:\/\/www.electroluxprofessional.com\/fr\/#website","url":"https:\/\/www.electroluxprofessional.com\/fr\/","name":"Electrolux Professional France","description":"","potentialAction":[{"@type":"SearchAction","target":{"@type":"EntryPoint","urlTemplate":"https:\/\/www.electroluxprofessional.com\/fr\/?src={search_term_string}"},"query-input":"required name=search_term_string"}],"inLanguage":"fr-FR"}]}},"_links":{"self":[{"href":"https:\/\/www.electroluxprofessional.com\/fr\/wp-json\/wp\/v2\/pages\/21303"}],"collection":[{"href":"https:\/\/www.electroluxprofessional.com\/fr\/wp-json\/wp\/v2\/pages"}],"about":[{"href":"https:\/\/www.electroluxprofessional.com\/fr\/wp-json\/wp\/v2\/types\/page"}],"author":[{"embeddable":true,"href":"https:\/\/www.electroluxprofessional.com\/fr\/wp-json\/wp\/v2\/users\/93"}],"replies":[{"embeddable":true,"href":"https:\/\/www.electroluxprofessional.com\/fr\/wp-json\/wp\/v2\/comments?post=21303"}],"version-history":[{"count":11,"href":"https:\/\/www.electroluxprofessional.com\/fr\/wp-json\/wp\/v2\/pages\/21303\/revisions"}],"predecessor-version":[{"id":31691,"href":"https:\/\/www.electroluxprofessional.com\/fr\/wp-json\/wp\/v2\/pages\/21303\/revisions\/31691"}],"wp:attachment":[{"href":"https:\/\/www.electroluxprofessional.com\/fr\/wp-json\/wp\/v2\/media?parent=21303"}],"curies":[{"name":"wp","href":"https:\/\/api.w.org\/{rel}","templated":true}]}}