{"id":20904,"date":"2023-01-03T11:12:01","date_gmt":"2023-01-03T11:12:01","guid":{"rendered":"https:\/\/www.electroluxprofessional.com\/fr\/?page_id=20904"},"modified":"2026-03-07T08:21:45","modified_gmt":"2026-03-07T08:21:45","slug":"secheuse-repasseuse-line-6000-avec-engageuse","status":"publish","type":"page","link":"https:\/\/www.electroluxprofessional.com\/fr\/secheuse-repasseuse-line-6000-avec-engageuse\/","title":{"rendered":"S\u00e9cheuse repasseuse Line 6000 avec engageuse"},"content":{"rendered":"<p>[vc_row][vc_column][elx_heading text_color=&#8221;inherit&#8221;]D\u00e9couvrez en vid\u00e9o la s\u00e9cheuse-repasseuse Line 6000 avec engageuse[\/elx_heading][vc_empty_space][elx_video_block background_image=&#8221;13617&#8243; video_link=&#8221;https:\/\/www.youtube.com\/watch?v=p-TQ2Djd6O0&#8243; minimum_height=&#8221;400px&#8221;][\/vc_column][\/vc_row]<\/p>\n","protected":false},"excerpt":{"rendered":"<p>[vc_row][vc_column][elx_heading text_color=&#8221;inherit&#8221;]D\u00e9couvrez en vid\u00e9o la s\u00e9cheuse-repasseuse Line 6000 avec engageuse[\/elx_heading][vc_empty_space][elx_video_block background_image=&#8221;13617&#8243; video_link=&#8221;https:\/\/www.youtube.com\/watch?v=p-TQ2Djd6O0&#8243; minimum_height=&#8221;400px&#8221;][\/vc_column][\/vc_row]<\/p>\n","protected":false},"author":93,"featured_media":0,"parent":0,"menu_order":0,"comment_status":"closed","ping_status":"closed","template":"","meta":{"footnotes":""},"class_list":["post-20904","page","type-page","status-publish","hentry"],"acf":[],"yoast_head":"<!-- This site is optimized with the Yoast SEO plugin v23.3 - https:\/\/yoast.com\/wordpress\/plugins\/seo\/ -->\n<title>S\u00e9cheuse-repasseuse Line 6000 avec engageuse | Electrolux Professional<\/title>\n<meta name=\"description\" content=\"D\u00e9couvrez la s\u00e9cheuse-repasseuse Line 6000: technologie DIAMMS\u2122 et ergonomie certifi\u00e9e. Id\u00e9ale pour h\u00f4tels et blanchisseries professionnelles.\" \/>\n<meta name=\"robots\" content=\"index, follow, max-snippet:-1, max-image-preview:large, max-video-preview:-1\" \/>\n<link rel=\"canonical\" href=\"https:\/\/www.electroluxprofessional.com\/fr\/secheuse-repasseuse-line-6000-avec-engageuse\/\" \/>\n<meta property=\"og:locale\" content=\"fr_FR\" \/>\n<meta property=\"og:type\" content=\"article\" \/>\n<meta property=\"og:title\" content=\"S\u00e9cheuse-repasseuse Line 6000 avec engageuse | Electrolux Professional\" \/>\n<meta property=\"og:description\" content=\"D\u00e9couvrez la s\u00e9cheuse-repasseuse Line 6000: technologie DIAMMS\u2122 et ergonomie certifi\u00e9e. Id\u00e9ale pour h\u00f4tels et blanchisseries professionnelles.\" \/>\n<meta property=\"og:url\" content=\"https:\/\/www.electroluxprofessional.com\/fr\/secheuse-repasseuse-line-6000-avec-engageuse\/\" \/>\n<meta property=\"og:site_name\" content=\"Electrolux Professional France\" \/>\n<meta property=\"article:modified_time\" content=\"2026-03-07T08:21:45+00:00\" \/>\n<meta name=\"twitter:card\" content=\"summary_large_image\" \/>\n<meta name=\"twitter:label1\" content=\"Dur\u00e9e de lecture estim\u00e9e\" \/>\n\t<meta name=\"twitter:data1\" content=\"1 minute\" \/>\n<script type=\"application\/ld+json\" class=\"yoast-schema-graph\">{\"@context\":\"https:\/\/schema.org\",\"@graph\":[{\"@type\":\"WebPage\",\"@id\":\"https:\/\/www.electroluxprofessional.com\/fr\/secheuse-repasseuse-line-6000-avec-engageuse\/\",\"url\":\"https:\/\/www.electroluxprofessional.com\/fr\/secheuse-repasseuse-line-6000-avec-engageuse\/\",\"name\":\"S\u00e9cheuse-repasseuse Line 6000 avec engageuse | Electrolux Professional\",\"isPartOf\":{\"@id\":\"https:\/\/www.electroluxprofessional.com\/fr\/#website\"},\"datePublished\":\"2023-01-03T11:12:01+00:00\",\"dateModified\":\"2026-03-07T08:21:45+00:00\",\"description\":\"D\u00e9couvrez la s\u00e9cheuse-repasseuse Line 6000: technologie DIAMMS\u2122 et ergonomie certifi\u00e9e. Id\u00e9ale pour h\u00f4tels et blanchisseries professionnelles.\",\"breadcrumb\":{\"@id\":\"https:\/\/www.electroluxprofessional.com\/fr\/secheuse-repasseuse-line-6000-avec-engageuse\/#breadcrumb\"},\"inLanguage\":\"fr-FR\",\"potentialAction\":[{\"@type\":\"ReadAction\",\"target\":[\"https:\/\/www.electroluxprofessional.com\/fr\/secheuse-repasseuse-line-6000-avec-engageuse\/\"]}]},{\"@type\":\"BreadcrumbList\",\"@id\":\"https:\/\/www.electroluxprofessional.com\/fr\/secheuse-repasseuse-line-6000-avec-engageuse\/#breadcrumb\",\"itemListElement\":[{\"@type\":\"ListItem\",\"position\":1,\"name\":\"Home\",\"item\":\"https:\/\/www.electroluxprofessional.com\/fr\/\"},{\"@type\":\"ListItem\",\"position\":2,\"name\":\"S\u00e9cheuse repasseuse Line 6000 avec engageuse\"}]},{\"@type\":\"WebSite\",\"@id\":\"https:\/\/www.electroluxprofessional.com\/fr\/#website\",\"url\":\"https:\/\/www.electroluxprofessional.com\/fr\/\",\"name\":\"Electrolux Professional France\",\"description\":\"\",\"potentialAction\":[{\"@type\":\"SearchAction\",\"target\":{\"@type\":\"EntryPoint\",\"urlTemplate\":\"https:\/\/www.electroluxprofessional.com\/fr\/?src={search_term_string}\"},\"query-input\":\"required name=search_term_string\"}],\"inLanguage\":\"fr-FR\"}]}<\/script>\n<!-- \/ Yoast SEO plugin. -->","yoast_head_json":{"title":"S\u00e9cheuse-repasseuse Line 6000 avec engageuse | Electrolux Professional","description":"D\u00e9couvrez la s\u00e9cheuse-repasseuse Line 6000: technologie DIAMMS\u2122 et ergonomie certifi\u00e9e. Id\u00e9ale pour h\u00f4tels et blanchisseries professionnelles.","robots":{"index":"index","follow":"follow","max-snippet":"max-snippet:-1","max-image-preview":"max-image-preview:large","max-video-preview":"max-video-preview:-1"},"canonical":"https:\/\/www.electroluxprofessional.com\/fr\/secheuse-repasseuse-line-6000-avec-engageuse\/","og_locale":"fr_FR","og_type":"article","og_title":"S\u00e9cheuse-repasseuse Line 6000 avec engageuse | Electrolux Professional","og_description":"D\u00e9couvrez la s\u00e9cheuse-repasseuse Line 6000: technologie DIAMMS\u2122 et ergonomie certifi\u00e9e. Id\u00e9ale pour h\u00f4tels et blanchisseries professionnelles.","og_url":"https:\/\/www.electroluxprofessional.com\/fr\/secheuse-repasseuse-line-6000-avec-engageuse\/","og_site_name":"Electrolux Professional France","article_modified_time":"2026-03-07T08:21:45+00:00","twitter_card":"summary_large_image","twitter_misc":{"Dur\u00e9e de lecture estim\u00e9e":"1 minute"},"schema":{"@context":"https:\/\/schema.org","@graph":[{"@type":"WebPage","@id":"https:\/\/www.electroluxprofessional.com\/fr\/secheuse-repasseuse-line-6000-avec-engageuse\/","url":"https:\/\/www.electroluxprofessional.com\/fr\/secheuse-repasseuse-line-6000-avec-engageuse\/","name":"S\u00e9cheuse-repasseuse Line 6000 avec engageuse | Electrolux Professional","isPartOf":{"@id":"https:\/\/www.electroluxprofessional.com\/fr\/#website"},"datePublished":"2023-01-03T11:12:01+00:00","dateModified":"2026-03-07T08:21:45+00:00","description":"D\u00e9couvrez la s\u00e9cheuse-repasseuse Line 6000: technologie DIAMMS\u2122 et ergonomie certifi\u00e9e. Id\u00e9ale pour h\u00f4tels et blanchisseries professionnelles.","breadcrumb":{"@id":"https:\/\/www.electroluxprofessional.com\/fr\/secheuse-repasseuse-line-6000-avec-engageuse\/#breadcrumb"},"inLanguage":"fr-FR","potentialAction":[{"@type":"ReadAction","target":["https:\/\/www.electroluxprofessional.com\/fr\/secheuse-repasseuse-line-6000-avec-engageuse\/"]}]},{"@type":"BreadcrumbList","@id":"https:\/\/www.electroluxprofessional.com\/fr\/secheuse-repasseuse-line-6000-avec-engageuse\/#breadcrumb","itemListElement":[{"@type":"ListItem","position":1,"name":"Home","item":"https:\/\/www.electroluxprofessional.com\/fr\/"},{"@type":"ListItem","position":2,"name":"S\u00e9cheuse repasseuse Line 6000 avec engageuse"}]},{"@type":"WebSite","@id":"https:\/\/www.electroluxprofessional.com\/fr\/#website","url":"https:\/\/www.electroluxprofessional.com\/fr\/","name":"Electrolux Professional France","description":"","potentialAction":[{"@type":"SearchAction","target":{"@type":"EntryPoint","urlTemplate":"https:\/\/www.electroluxprofessional.com\/fr\/?src={search_term_string}"},"query-input":"required name=search_term_string"}],"inLanguage":"fr-FR"}]}},"_links":{"self":[{"href":"https:\/\/www.electroluxprofessional.com\/fr\/wp-json\/wp\/v2\/pages\/20904"}],"collection":[{"href":"https:\/\/www.electroluxprofessional.com\/fr\/wp-json\/wp\/v2\/pages"}],"about":[{"href":"https:\/\/www.electroluxprofessional.com\/fr\/wp-json\/wp\/v2\/types\/page"}],"author":[{"embeddable":true,"href":"https:\/\/www.electroluxprofessional.com\/fr\/wp-json\/wp\/v2\/users\/93"}],"replies":[{"embeddable":true,"href":"https:\/\/www.electroluxprofessional.com\/fr\/wp-json\/wp\/v2\/comments?post=20904"}],"version-history":[{"count":3,"href":"https:\/\/www.electroluxprofessional.com\/fr\/wp-json\/wp\/v2\/pages\/20904\/revisions"}],"predecessor-version":[{"id":30782,"href":"https:\/\/www.electroluxprofessional.com\/fr\/wp-json\/wp\/v2\/pages\/20904\/revisions\/30782"}],"wp:attachment":[{"href":"https:\/\/www.electroluxprofessional.com\/fr\/wp-json\/wp\/v2\/media?parent=20904"}],"curies":[{"name":"wp","href":"https:\/\/api.w.org\/{rel}","templated":true}]}}