{"id":2068,"date":"2017-01-19T16:14:48","date_gmt":"2017-01-19T16:14:48","guid":{"rendered":"https:\/\/www.electroluxprofessional.com\/fr\/fr\/?page_id=2068"},"modified":"2026-03-30T09:26:20","modified_gmt":"2026-03-30T09:26:20","slug":"recover-password","status":"publish","type":"page","link":"https:\/\/www.electroluxprofessional.com\/fr\/recover-password\/","title":{"rendered":"Mot de passe oubli\u00e9"},"content":{"rendered":"<p>[vc_row][vc_column][vc_empty_space height=&#8221;50px&#8221;][vc_column_text]        <div class=\"form-container\">\n\t\t\t\n            <div id=\"messages_recover\">\n                            <\/div>\n            \n                            <form method=\"post\" id=\"recover-form\">\n                    <p>\n\t\t                Veuillez indiquer votre adresse e-mail,\t\t                vous allez recevoir un lien pour cr\u00e9er un nouveau mot de passe                    <\/p>\n                    \n                    <input type=\"hidden\" name=\"nonce-recover\" id=\"nonce-recover\" value=\"30882f3aae\"\/>\n                    <input type=\"hidden\" name=\"redirect_url\" value=\"\"\/>\n\n                                        \n                    <div class=\"form-group\">\n                        <label for=\"com21_recover_email\">E-mail<\/label>\n                        <input type=\"text\" id=\"com21_recover_email\" name=\"email\" class=\"form-control\" required=\"required\"\/>\n                    <\/div>\n\t\t\t\t\t\n                    <div class=\"g-recaptcha\" data-sitekey=\"6Ld_DxUUAAAAABBfcwOIlpvK_ddtGNYE-k7BlUq3\"><\/div>\n                    <button type=\"submit\" class=\"btn btn-default\" name=\"submit-recover\">\n\t\t\t\t\t\tObtenir un nouveau mot de passe                    <\/button>\n\n                <\/form>\n\t\t\t\n        <\/div>\n\t\t[\/vc_column_text][vc_empty_space height=&#8221;50px&#8221;][\/vc_column][\/vc_row]<\/p>\n","protected":false},"excerpt":{"rendered":"<p>[vc_row][vc_column][vc_empty_space height=&#8221;50px&#8221;][vc_column_text][\/vc_column_text][vc_empty_space height=&#8221;50px&#8221;][\/vc_column][\/vc_row]<\/p>\n","protected":false},"author":1,"featured_media":0,"parent":0,"menu_order":0,"comment_status":"closed","ping_status":"closed","template":"","meta":{"footnotes":""},"class_list":["post-2068","page","type-page","status-publish","hentry"],"acf":[],"yoast_head":"<!-- This site is optimized with the Yoast SEO plugin v23.3 - https:\/\/yoast.com\/wordpress\/plugins\/seo\/ -->\n<title>R\u00e9cup\u00e9ration de mot de passe | Electrolux Professional<\/title>\n<meta name=\"description\" content=\"Consultez notre page de r\u00e9cup\u00e9ration de mot de passe s\u00e9curis\u00e9e. R\u00e9initialisez votre acc\u00e8s Electrolux Professional en quelques \u00e9tapes simples.\" \/>\n<meta name=\"robots\" content=\"index, follow, max-snippet:-1, max-image-preview:large, max-video-preview:-1\" \/>\n<link rel=\"canonical\" href=\"https:\/\/www.electroluxprofessional.com\/fr\/recover-password\/\" \/>\n<meta property=\"og:locale\" content=\"fr_FR\" \/>\n<meta property=\"og:type\" content=\"article\" \/>\n<meta property=\"og:title\" content=\"R\u00e9cup\u00e9ration de mot de passe | Electrolux Professional\" \/>\n<meta property=\"og:description\" content=\"Consultez notre page de r\u00e9cup\u00e9ration de mot de passe s\u00e9curis\u00e9e. R\u00e9initialisez votre acc\u00e8s Electrolux Professional en quelques \u00e9tapes simples.\" \/>\n<meta property=\"og:url\" content=\"https:\/\/www.electroluxprofessional.com\/fr\/recover-password\/\" \/>\n<meta property=\"og:site_name\" content=\"Electrolux Professional France\" \/>\n<meta property=\"article:modified_time\" content=\"2026-03-30T09:26:20+00:00\" \/>\n<meta name=\"twitter:card\" content=\"summary_large_image\" \/>\n<meta name=\"twitter:label1\" content=\"Dur\u00e9e de lecture estim\u00e9e\" \/>\n\t<meta name=\"twitter:data1\" content=\"1 minute\" \/>\n<script type=\"application\/ld+json\" class=\"yoast-schema-graph\">{\"@context\":\"https:\/\/schema.org\",\"@graph\":[{\"@type\":\"WebPage\",\"@id\":\"https:\/\/www.electroluxprofessional.com\/fr\/recover-password\/\",\"url\":\"https:\/\/www.electroluxprofessional.com\/fr\/recover-password\/\",\"name\":\"R\u00e9cup\u00e9ration de mot de passe | Electrolux Professional\",\"isPartOf\":{\"@id\":\"https:\/\/www.electroluxprofessional.com\/fr\/#website\"},\"datePublished\":\"2017-01-19T16:14:48+00:00\",\"dateModified\":\"2026-03-30T09:26:20+00:00\",\"description\":\"Consultez notre page de r\u00e9cup\u00e9ration de mot de passe s\u00e9curis\u00e9e. R\u00e9initialisez votre acc\u00e8s Electrolux Professional en quelques \u00e9tapes simples.\",\"breadcrumb\":{\"@id\":\"https:\/\/www.electroluxprofessional.com\/fr\/recover-password\/#breadcrumb\"},\"inLanguage\":\"fr-FR\",\"potentialAction\":[{\"@type\":\"ReadAction\",\"target\":[\"https:\/\/www.electroluxprofessional.com\/fr\/recover-password\/\"]}]},{\"@type\":\"BreadcrumbList\",\"@id\":\"https:\/\/www.electroluxprofessional.com\/fr\/recover-password\/#breadcrumb\",\"itemListElement\":[{\"@type\":\"ListItem\",\"position\":1,\"name\":\"Home\",\"item\":\"https:\/\/www.electroluxprofessional.com\/fr\/\"},{\"@type\":\"ListItem\",\"position\":2,\"name\":\"Mot de passe oubli\u00e9\"}]},{\"@type\":\"WebSite\",\"@id\":\"https:\/\/www.electroluxprofessional.com\/fr\/#website\",\"url\":\"https:\/\/www.electroluxprofessional.com\/fr\/\",\"name\":\"Electrolux Professional France\",\"description\":\"\",\"potentialAction\":[{\"@type\":\"SearchAction\",\"target\":{\"@type\":\"EntryPoint\",\"urlTemplate\":\"https:\/\/www.electroluxprofessional.com\/fr\/?src={search_term_string}\"},\"query-input\":\"required name=search_term_string\"}],\"inLanguage\":\"fr-FR\"}]}<\/script>\n<!-- \/ Yoast SEO plugin. -->","yoast_head_json":{"title":"R\u00e9cup\u00e9ration de mot de passe | Electrolux Professional","description":"Consultez notre page de r\u00e9cup\u00e9ration de mot de passe s\u00e9curis\u00e9e. R\u00e9initialisez votre acc\u00e8s Electrolux Professional en quelques \u00e9tapes simples.","robots":{"index":"index","follow":"follow","max-snippet":"max-snippet:-1","max-image-preview":"max-image-preview:large","max-video-preview":"max-video-preview:-1"},"canonical":"https:\/\/www.electroluxprofessional.com\/fr\/recover-password\/","og_locale":"fr_FR","og_type":"article","og_title":"R\u00e9cup\u00e9ration de mot de passe | Electrolux Professional","og_description":"Consultez notre page de r\u00e9cup\u00e9ration de mot de passe s\u00e9curis\u00e9e. R\u00e9initialisez votre acc\u00e8s Electrolux Professional en quelques \u00e9tapes simples.","og_url":"https:\/\/www.electroluxprofessional.com\/fr\/recover-password\/","og_site_name":"Electrolux Professional France","article_modified_time":"2026-03-30T09:26:20+00:00","twitter_card":"summary_large_image","twitter_misc":{"Dur\u00e9e de lecture estim\u00e9e":"1 minute"},"schema":{"@context":"https:\/\/schema.org","@graph":[{"@type":"WebPage","@id":"https:\/\/www.electroluxprofessional.com\/fr\/recover-password\/","url":"https:\/\/www.electroluxprofessional.com\/fr\/recover-password\/","name":"R\u00e9cup\u00e9ration de mot de passe | Electrolux Professional","isPartOf":{"@id":"https:\/\/www.electroluxprofessional.com\/fr\/#website"},"datePublished":"2017-01-19T16:14:48+00:00","dateModified":"2026-03-30T09:26:20+00:00","description":"Consultez notre page de r\u00e9cup\u00e9ration de mot de passe s\u00e9curis\u00e9e. R\u00e9initialisez votre acc\u00e8s Electrolux Professional en quelques \u00e9tapes simples.","breadcrumb":{"@id":"https:\/\/www.electroluxprofessional.com\/fr\/recover-password\/#breadcrumb"},"inLanguage":"fr-FR","potentialAction":[{"@type":"ReadAction","target":["https:\/\/www.electroluxprofessional.com\/fr\/recover-password\/"]}]},{"@type":"BreadcrumbList","@id":"https:\/\/www.electroluxprofessional.com\/fr\/recover-password\/#breadcrumb","itemListElement":[{"@type":"ListItem","position":1,"name":"Home","item":"https:\/\/www.electroluxprofessional.com\/fr\/"},{"@type":"ListItem","position":2,"name":"Mot de passe oubli\u00e9"}]},{"@type":"WebSite","@id":"https:\/\/www.electroluxprofessional.com\/fr\/#website","url":"https:\/\/www.electroluxprofessional.com\/fr\/","name":"Electrolux Professional France","description":"","potentialAction":[{"@type":"SearchAction","target":{"@type":"EntryPoint","urlTemplate":"https:\/\/www.electroluxprofessional.com\/fr\/?src={search_term_string}"},"query-input":"required name=search_term_string"}],"inLanguage":"fr-FR"}]}},"_links":{"self":[{"href":"https:\/\/www.electroluxprofessional.com\/fr\/wp-json\/wp\/v2\/pages\/2068"}],"collection":[{"href":"https:\/\/www.electroluxprofessional.com\/fr\/wp-json\/wp\/v2\/pages"}],"about":[{"href":"https:\/\/www.electroluxprofessional.com\/fr\/wp-json\/wp\/v2\/types\/page"}],"author":[{"embeddable":true,"href":"https:\/\/www.electroluxprofessional.com\/fr\/wp-json\/wp\/v2\/users\/1"}],"replies":[{"embeddable":true,"href":"https:\/\/www.electroluxprofessional.com\/fr\/wp-json\/wp\/v2\/comments?post=2068"}],"version-history":[{"count":4,"href":"https:\/\/www.electroluxprofessional.com\/fr\/wp-json\/wp\/v2\/pages\/2068\/revisions"}],"predecessor-version":[{"id":31667,"href":"https:\/\/www.electroluxprofessional.com\/fr\/wp-json\/wp\/v2\/pages\/2068\/revisions\/31667"}],"wp:attachment":[{"href":"https:\/\/www.electroluxprofessional.com\/fr\/wp-json\/wp\/v2\/media?parent=2068"}],"curies":[{"name":"wp","href":"https:\/\/api.w.org\/{rel}","templated":true}]}}