{"id":19673,"date":"2022-08-12T15:33:05","date_gmt":"2022-08-12T15:33:05","guid":{"rendered":"https:\/\/www.electroluxprofessional.com\/fr\/?page_id=19673"},"modified":"2026-03-07T08:09:45","modified_gmt":"2026-03-07T08:09:45","slug":"equipements-cuisson","status":"publish","type":"page","link":"https:\/\/www.electroluxprofessional.com\/fr\/equipement-cuisine\/equipements-cuisson\/","title":{"rendered":"\u00c9quipements cuisson"},"content":{"rendered":"<p>[vc_row full_width=&#8221;electroluxpro-full-width-no-padding&#8221;][vc_column][elx_hero_slider label_text_color=&#8221;inherit&#8221; images=&#8221;1727&#8243;][elx_heading text_color=&#8221;inherit&#8221;]Equipements professionnels de cuisson verticale et horizontale[\/elx_heading][\/elx_hero_slider][\/vc_column][\/vc_row][vc_row][vc_column][vc_empty_space][elx_heading font_container=&#8221;h1&#8243; text_color=&#8221;inherit&#8221; text_align=&#8221;text-center&#8221;]Equipements de cuisson professionnels[\/elx_heading][vc_column_text]<\/p>\n<p style=\"text-align: center;\">Cette gamme d&#8217;\u00e9quipements <strong>d\u00e9di\u00e9e \u00e0 la cuisson<\/strong> comprend des fours mixtes, des fourneaux sur-mesure, des modules de cuisson, une cuisine mobile, un appareil \u00e0 paninis, des fours \u00e0 air puls\u00e9, des fours compacts, des marmites et braisi\u00e8res ainsi que des salamandres permettant de r\u00e9pondre \u00e0 vos besoins sp\u00e9cifiques.<\/p>\n<p style=\"text-align: center;\">En compl\u00e9ment, Electrolux Professional propose toute une gamme de d\u00e9tergents adapt\u00e9s \u00e0 l&#8217;entretien de vos \u00e9quipements.<\/p>\n<p>[\/vc_column_text][vc_empty_space][elx_double_banner title_1=&#8221;Fours professionnels&#8221; title_2=&#8221;Cuisson modulaire XP&#8221; link_1=&#8221;url:https%3A%2F%2Fwww.electroluxprofessional.com%2Ffr%2Fequipement-cuisine%2Ffours%2F|title:En%20savoir%20plus&#8221; background_image_media_library_1=&#8221;19734&#8243; link_2=&#8221;url:https%3A%2F%2Fwww.electroluxprofessional.com%2Ffr%2Fequipement-cuisine%2Fcuisson-modulaire-900xp-et-700xp%2F|title:En%20savoir%20plus&#8221; background_image_media_library_2=&#8221;19736&#8243; background_image_media_library_mobile_1=&#8221;19735&#8243; background_image_media_library_mobile_2=&#8221;19737&#8243;][vc_empty_space][elx_double_banner title_1=&#8221;Solution Cook&amp;Chill SkyLine&#8221; title_2=&#8221;Fourneaux thermaline&#8221; link_1=&#8221;url:https%3A%2F%2Fwww.electroluxprofessional.com%2Ffr%2Fequipement-cuisine%2Fskyline-cook-and-chill%2F|title:En%20savoir%20plus&#8221; background_image_media_library_1=&#8221;19740&#8243; link_2=&#8221;url:https%3A%2F%2Fwww.electroluxprofessional.com%2Ffr%2Fequipement-cuisine%2Fthermaline%2F|title:En%20savoir%20plus&#8221; background_image_media_library_2=&#8221;19741&#8243; background_image_media_library_mobile_1=&#8221;19739&#8243; background_image_media_library_mobile_2=&#8221;19742&#8243;][vc_empty_space][elx_double_banner title_1=&#8221;Cuisine mobile LiberoPro&#8221; title_2=&#8221;Four cuisson utra-rapide&#8221; link_1=&#8221;url:https%3A%2F%2Fwww.electroluxprofessional.com%2Ffr%2Fequipement-cuisine%2Fliberopro%2F|title:En%20savoir%20plus&#8221; background_image_media_library_1=&#8221;14109&#8243; link_2=&#8221;url:https%3A%2F%2Fwww.electroluxprofessional.com%2Ffr%2Fequipement-cuisine%2Ffour-cuisson-acceleree%2F|title:En%20savoir%20plus&#8221; background_image_media_library_2=&#8221;25095&#8243; background_image_media_library_mobile_1=&#8221;19743&#8243; background_image_media_library_mobile_2=&#8221;25096&#8243;][vc_empty_space][elx_double_banner title_1=&#8221;Marmites et braisi\u00e8res ProThermetic&#8221; title_2=&#8221;Salamandres&#8221; link_1=&#8221;url:https%3A%2F%2Fwww.electroluxprofessional.com%2Ffr%2Fequipement-cuisine-prothermetic-marmites-et-braisieres%2F|title:En%20savoir%20plus&#8221; background_image_media_library_1=&#8221;19747&#8243; link_2=&#8221;url:https%3A%2F%2Fwww.electroluxprofessional.com%2Ffr%2Fequipement-cuisine%2Fcuisson-divers%2Fsalamandres-et-autres-cuissons%2F|title:En%20savoir%20plus&#8221; background_image_media_library_2=&#8221;19750&#8243; background_image_media_library_mobile_1=&#8221;19748&#8243; background_image_media_library_mobile_2=&#8221;19751&#8243;][\/vc_column][\/vc_row][vc_row][vc_column][vc_empty_space][elx_heading text_color=&#8221;inherit&#8221; text_align=&#8221;text-center&#8221;]Gamme de d\u00e9tergents et accessoires sp\u00e9cifiques pour les \u00e9quipements cuisson[\/elx_heading][vc_empty_space][vc_column_text]<\/p>\n<p style=\"text-align: center;\"><a href=\"https:\/\/www.electroluxprofessional.com\/fr\/detergents-fours-skyline\/\">D\u00e9couvrez la gamme de d\u00e9tergents sp\u00e9cifiques pour fours SkyLine ici<\/a><\/p>\n<p>[\/vc_column_text][vc_empty_space][elx_download_block text=&#8221;Consulter le guide de s\u00e9lection d&#8217;accessoires et d\u00e9tergents&#8221; file_picker=&#8221;19622&#8243; background_color=&#8221;customer-care&#8221;][\/vc_column][\/vc_row][vc_row][vc_column][vc_empty_space][elx_heading text_color=&#8221;inherit&#8221; text_align=&#8221;text-center&#8221;]D\u00e9couvrez nos solutions de services et nos actualit\u00e9s[\/elx_heading][vc_empty_space][\/vc_column][\/vc_row][vc_row][vc_column width=&#8221;1\/3&#8243;][vc_single_image image=&#8221;10817&#8243; img_size=&#8221;300&#215;300&#8243; alignment=&#8221;center&#8221; onclick=&#8221;custom_link&#8221; link=&#8221;https:\/\/www.electroluxprofessional.com\/fr\/essentia\/&#8221;][elx_heading font_container=&#8221;h6&#8243; text_color=&#8221;inherit&#8221; text_align=&#8221;text-center&#8221;]Au coeur du service clients[\/elx_heading][vc_column_text]<\/p>\n<p style=\"text-align: center;\"><a href=\"https:\/\/www.electroluxprofessional.com\/fr\/essentia\/\">&gt; En savoir plus<\/a><\/p>\n<p>[\/vc_column_text][\/vc_column][vc_column width=&#8221;1\/3&#8243;][vc_single_image image=&#8221;10016&#8243; img_size=&#8221;300&#215;300&#8243; alignment=&#8221;center&#8221; onclick=&#8221;custom_link&#8221; link=&#8221;https:\/\/www.electroluxprofessional.com\/fr\/revendeurs-stc\/&#8221;][elx_heading font_container=&#8221;h6&#8243; text_color=&#8221;inherit&#8221; text_align=&#8221;text-center&#8221;]Trouvez un revendeur agr\u00e9\u00e9[\/elx_heading][vc_column_text]<\/p>\n<p style=\"text-align: center;\"><a href=\"https:\/\/www.electroluxprofessional.com\/fr\/revendeurs-stc\/\">&gt; En savoir plus<\/a><\/p>\n<p>[\/vc_column_text][\/vc_column][vc_column width=&#8221;1\/3&#8243;][vc_single_image image=&#8221;18567&#8243; img_size=&#8221;300&#215;300&#8243; alignment=&#8221;center&#8221; onclick=&#8221;custom_link&#8221; link=&#8221;https:\/\/www.electroluxprofessional.com\/fr\/references\/&#8221;][elx_heading font_container=&#8221;h6&#8243; text_color=&#8221;inherit&#8221; text_align=&#8221;text-center&#8221;]D\u00e9couvrez nos clients[\/elx_heading][vc_column_text]<\/p>\n<p style=\"text-align: center;\"><a href=\"https:\/\/www.electroluxprofessional.com\/fr\/references\/\">&gt; En savoir plus<\/a><\/p>\n<p>[\/vc_column_text][\/vc_column][\/vc_row]<\/p>\n","protected":false},"excerpt":{"rendered":"<p>[vc_row full_width=&#8221;electroluxpro-full-width-no-padding&#8221;][vc_column][elx_hero_slider label_text_color=&#8221;inherit&#8221; images=&#8221;1727&#8243;][elx_heading text_color=&#8221;inherit&#8221;]Equipements professionnels de cuisson verticale et horizontale[\/elx_heading][\/elx_hero_slider][\/vc_column][\/vc_row][vc_row][vc_column][vc_empty_space][elx_heading font_container=&#8221;h1&#8243; text_color=&#8221;inherit&#8221; text_align=&#8221;text-center&#8221;]Equipements de cuisson professionnels[\/elx_heading][vc_column_text] Cette gamme d&#8217;\u00e9quipements d\u00e9di\u00e9e \u00e0 la cuisson comprend des fours mixtes, des fourneaux sur-mesure, des modules de cuisson, une cuisine mobile, un appareil \u00e0 paninis, des fours \u00e0 air puls\u00e9, des fours compacts, des marmites et braisi\u00e8res ainsi [&hellip;]<\/p>\n","protected":false},"author":93,"featured_media":0,"parent":2100,"menu_order":0,"comment_status":"closed","ping_status":"closed","template":"","meta":{"footnotes":""},"class_list":["post-19673","page","type-page","status-publish","hentry"],"acf":[],"yoast_head":"<!-- This site is optimized with the Yoast SEO plugin v23.3 - https:\/\/yoast.com\/wordpress\/plugins\/seo\/ -->\n<title>\u00c9quipements de Cuisson Professionnels | Electrolux Professional<\/title>\n<meta name=\"description\" content=\"D\u00e9couvrez nos \u00e9quipements de cuisson modulaires et innovants: fours mixtes, fourneaux sur-mesure, modules de cuisson pour votre cuisine professionnelle.\" \/>\n<meta name=\"robots\" content=\"index, follow, max-snippet:-1, max-image-preview:large, max-video-preview:-1\" \/>\n<link rel=\"canonical\" href=\"https:\/\/www.electroluxprofessional.com\/fr\/equipement-cuisine\/equipements-cuisson\/\" \/>\n<meta property=\"og:locale\" content=\"fr_FR\" \/>\n<meta property=\"og:type\" content=\"article\" \/>\n<meta property=\"og:title\" content=\"\u00c9quipements de Cuisson Professionnels | Electrolux Professional\" \/>\n<meta property=\"og:description\" content=\"D\u00e9couvrez nos \u00e9quipements de cuisson modulaires et innovants: fours mixtes, fourneaux sur-mesure, modules de cuisson pour votre cuisine professionnelle.\" \/>\n<meta property=\"og:url\" content=\"https:\/\/www.electroluxprofessional.com\/fr\/equipement-cuisine\/equipements-cuisson\/\" \/>\n<meta property=\"og:site_name\" content=\"Electrolux Professional France\" \/>\n<meta property=\"article:modified_time\" content=\"2026-03-07T08:09:45+00:00\" \/>\n<meta name=\"twitter:card\" content=\"summary_large_image\" \/>\n<meta name=\"twitter:label1\" content=\"Dur\u00e9e de lecture estim\u00e9e\" \/>\n\t<meta name=\"twitter:data1\" content=\"2 minutes\" \/>\n<script type=\"application\/ld+json\" class=\"yoast-schema-graph\">{\"@context\":\"https:\/\/schema.org\",\"@graph\":[{\"@type\":\"WebPage\",\"@id\":\"https:\/\/www.electroluxprofessional.com\/fr\/equipement-cuisine\/equipements-cuisson\/\",\"url\":\"https:\/\/www.electroluxprofessional.com\/fr\/equipement-cuisine\/equipements-cuisson\/\",\"name\":\"\u00c9quipements de Cuisson Professionnels | Electrolux Professional\",\"isPartOf\":{\"@id\":\"https:\/\/www.electroluxprofessional.com\/fr\/#website\"},\"datePublished\":\"2022-08-12T15:33:05+00:00\",\"dateModified\":\"2026-03-07T08:09:45+00:00\",\"description\":\"D\u00e9couvrez nos \u00e9quipements de cuisson modulaires et innovants: fours mixtes, fourneaux sur-mesure, modules de cuisson pour votre cuisine professionnelle.\",\"breadcrumb\":{\"@id\":\"https:\/\/www.electroluxprofessional.com\/fr\/equipement-cuisine\/equipements-cuisson\/#breadcrumb\"},\"inLanguage\":\"fr-FR\",\"potentialAction\":[{\"@type\":\"ReadAction\",\"target\":[\"https:\/\/www.electroluxprofessional.com\/fr\/equipement-cuisine\/equipements-cuisson\/\"]}]},{\"@type\":\"BreadcrumbList\",\"@id\":\"https:\/\/www.electroluxprofessional.com\/fr\/equipement-cuisine\/equipements-cuisson\/#breadcrumb\",\"itemListElement\":[{\"@type\":\"ListItem\",\"position\":1,\"name\":\"Home\",\"item\":\"https:\/\/www.electroluxprofessional.com\/fr\/\"},{\"@type\":\"ListItem\",\"position\":2,\"name\":\"Mat\u00e9riel de cuisine professionnel\",\"item\":\"https:\/\/www.electroluxprofessional.com\/fr\/equipement-cuisine\/\"},{\"@type\":\"ListItem\",\"position\":3,\"name\":\"\u00c9quipements cuisson\"}]},{\"@type\":\"WebSite\",\"@id\":\"https:\/\/www.electroluxprofessional.com\/fr\/#website\",\"url\":\"https:\/\/www.electroluxprofessional.com\/fr\/\",\"name\":\"Electrolux Professional France\",\"description\":\"\",\"potentialAction\":[{\"@type\":\"SearchAction\",\"target\":{\"@type\":\"EntryPoint\",\"urlTemplate\":\"https:\/\/www.electroluxprofessional.com\/fr\/?src={search_term_string}\"},\"query-input\":\"required name=search_term_string\"}],\"inLanguage\":\"fr-FR\"}]}<\/script>\n<!-- \/ Yoast SEO plugin. -->","yoast_head_json":{"title":"\u00c9quipements de Cuisson Professionnels | Electrolux Professional","description":"D\u00e9couvrez nos \u00e9quipements de cuisson modulaires et innovants: fours mixtes, fourneaux sur-mesure, modules de cuisson pour votre cuisine professionnelle.","robots":{"index":"index","follow":"follow","max-snippet":"max-snippet:-1","max-image-preview":"max-image-preview:large","max-video-preview":"max-video-preview:-1"},"canonical":"https:\/\/www.electroluxprofessional.com\/fr\/equipement-cuisine\/equipements-cuisson\/","og_locale":"fr_FR","og_type":"article","og_title":"\u00c9quipements de Cuisson Professionnels | Electrolux Professional","og_description":"D\u00e9couvrez nos \u00e9quipements de cuisson modulaires et innovants: fours mixtes, fourneaux sur-mesure, modules de cuisson pour votre cuisine professionnelle.","og_url":"https:\/\/www.electroluxprofessional.com\/fr\/equipement-cuisine\/equipements-cuisson\/","og_site_name":"Electrolux Professional France","article_modified_time":"2026-03-07T08:09:45+00:00","twitter_card":"summary_large_image","twitter_misc":{"Dur\u00e9e de lecture estim\u00e9e":"2 minutes"},"schema":{"@context":"https:\/\/schema.org","@graph":[{"@type":"WebPage","@id":"https:\/\/www.electroluxprofessional.com\/fr\/equipement-cuisine\/equipements-cuisson\/","url":"https:\/\/www.electroluxprofessional.com\/fr\/equipement-cuisine\/equipements-cuisson\/","name":"\u00c9quipements de Cuisson Professionnels | Electrolux Professional","isPartOf":{"@id":"https:\/\/www.electroluxprofessional.com\/fr\/#website"},"datePublished":"2022-08-12T15:33:05+00:00","dateModified":"2026-03-07T08:09:45+00:00","description":"D\u00e9couvrez nos \u00e9quipements de cuisson modulaires et innovants: fours mixtes, fourneaux sur-mesure, modules de cuisson pour votre cuisine professionnelle.","breadcrumb":{"@id":"https:\/\/www.electroluxprofessional.com\/fr\/equipement-cuisine\/equipements-cuisson\/#breadcrumb"},"inLanguage":"fr-FR","potentialAction":[{"@type":"ReadAction","target":["https:\/\/www.electroluxprofessional.com\/fr\/equipement-cuisine\/equipements-cuisson\/"]}]},{"@type":"BreadcrumbList","@id":"https:\/\/www.electroluxprofessional.com\/fr\/equipement-cuisine\/equipements-cuisson\/#breadcrumb","itemListElement":[{"@type":"ListItem","position":1,"name":"Home","item":"https:\/\/www.electroluxprofessional.com\/fr\/"},{"@type":"ListItem","position":2,"name":"Mat\u00e9riel de cuisine professionnel","item":"https:\/\/www.electroluxprofessional.com\/fr\/equipement-cuisine\/"},{"@type":"ListItem","position":3,"name":"\u00c9quipements cuisson"}]},{"@type":"WebSite","@id":"https:\/\/www.electroluxprofessional.com\/fr\/#website","url":"https:\/\/www.electroluxprofessional.com\/fr\/","name":"Electrolux Professional France","description":"","potentialAction":[{"@type":"SearchAction","target":{"@type":"EntryPoint","urlTemplate":"https:\/\/www.electroluxprofessional.com\/fr\/?src={search_term_string}"},"query-input":"required name=search_term_string"}],"inLanguage":"fr-FR"}]}},"_links":{"self":[{"href":"https:\/\/www.electroluxprofessional.com\/fr\/wp-json\/wp\/v2\/pages\/19673"}],"collection":[{"href":"https:\/\/www.electroluxprofessional.com\/fr\/wp-json\/wp\/v2\/pages"}],"about":[{"href":"https:\/\/www.electroluxprofessional.com\/fr\/wp-json\/wp\/v2\/types\/page"}],"author":[{"embeddable":true,"href":"https:\/\/www.electroluxprofessional.com\/fr\/wp-json\/wp\/v2\/users\/93"}],"replies":[{"embeddable":true,"href":"https:\/\/www.electroluxprofessional.com\/fr\/wp-json\/wp\/v2\/comments?post=19673"}],"version-history":[{"count":25,"href":"https:\/\/www.electroluxprofessional.com\/fr\/wp-json\/wp\/v2\/pages\/19673\/revisions"}],"predecessor-version":[{"id":30773,"href":"https:\/\/www.electroluxprofessional.com\/fr\/wp-json\/wp\/v2\/pages\/19673\/revisions\/30773"}],"up":[{"embeddable":true,"href":"https:\/\/www.electroluxprofessional.com\/fr\/wp-json\/wp\/v2\/pages\/2100"}],"wp:attachment":[{"href":"https:\/\/www.electroluxprofessional.com\/fr\/wp-json\/wp\/v2\/media?parent=19673"}],"curies":[{"name":"wp","href":"https:\/\/api.w.org\/{rel}","templated":true}]}}