{"id":17131,"date":"2021-12-01T13:49:12","date_gmt":"2021-12-01T11:49:12","guid":{"rendered":"https:\/\/www.electroluxprofessional.com\/?page_id=37146"},"modified":"2026-03-15T10:43:32","modified_gmt":"2026-03-15T10:43:32","slug":"flexy-style","status":"publish","type":"page","link":"https:\/\/www.electroluxprofessional.com\/fr\/equipement-cuisine\/flexy-style\/","title":{"rendered":"Flexy Style"},"content":{"rendered":"<p>[vc_row full_width=&#8221;electroluxpro-full-width-no-padding&#8221;][vc_column][elx_image_block background_image=&#8221;17112&#8243; minimum_height=&#8221;400px&#8221;][\/vc_column][\/vc_row][vc_row][vc_column][vc_empty_space][elx_heading font_container=&#8221;h1&#8243; text_color=&#8221;electrolux-blue&#8221; text_align=&#8221;text-center&#8221;]Flexy Style &#8211; Solutions de Serverie Modulables et Personnalisables[\/elx_heading][vc_empty_space height=&#8221;50px&#8221;][\/vc_column][\/vc_row][vc_row][vc_column][vc_single_image image=&#8221;17113&#8243; img_size=&#8221;full&#8221; alignment=&#8221;center&#8221;][vc_empty_space][elx_download_block text=&#8221;T\u00e9l\u00e9charger la brochure Flexy Style&#8221; file_picker=&#8221;37200&#8243; background_color=&#8221;electrolux-blue&#8221;][vc_empty_space height=&#8221;50px&#8221;][\/vc_column][\/vc_row][vc_row][vc_column][vc_column_text]<\/p>\n<h2 style=\"text-align: center;\">Simplicit\u00e9, \u00e9l\u00e9gance<br \/>\net fonctionnalit\u00e9s optimales.<\/h2>\n<p>[\/vc_column_text][vc_empty_space][\/vc_column][\/vc_row][vc_row][vc_column width=&#8221;1\/3&#8243;][vc_column_text]<strong>Finitions minimalistes\u00a0<\/strong><\/p>\n<p>Les fonctions Flexy Drop-in sont encastr\u00e9es avec le dessus affleurant et surface en quartz. Non seulement esth\u00e9tiques, elles sont con\u00e7ues pour faciliter le nettoyage et assurer une hygi\u00e8ne optimale.[\/vc_column_text][vc_empty_space][vc_single_image image=&#8221;17114&#8243; img_size=&#8221;large&#8221; alignment=&#8221;center&#8221;][vc_empty_space][\/vc_column][vc_column width=&#8221;1\/3&#8243;][vc_column_text]<strong>Un \u00e9clairage lumineux<\/strong><\/p>\n<p>L&#8217;importance des lumi\u00e8res est cruciale, non seulement pour l&#8217;esth\u00e9tique, mais aussi pour sublimer les aliments.[\/vc_column_text][vc_empty_space][vc_empty_space height=&#8221;58px&#8221;][vc_single_image image=&#8221;17115&#8243; img_size=&#8221;large&#8221; alignment=&#8221;center&#8221;][vc_empty_space][\/vc_column][vc_column width=&#8221;1\/3&#8243;][vc_column_text]<strong>Etag\u00e8res \u00e9pur\u00e9es<\/strong><\/p>\n<p>Lin\u00e9aires, minimalistes, pas de clips ni d&#8217;\u00e9l\u00e9ments imbriqu\u00e9s, uniquement en verre et acier inoxydable. L&#8217;excellence du design combin\u00e9e aux normes d&#8217;hygi\u00e8ne les plus \u00e9lev\u00e9es.[\/vc_column_text][vc_empty_space height=&#8221;61px&#8221;][vc_single_image image=&#8221;17116&#8243; img_size=&#8221;large&#8221; alignment=&#8221;center&#8221;][vc_empty_space][\/vc_column][\/vc_row][vc_row][vc_column][vc_empty_space][\/vc_column][\/vc_row][vc_row][vc_column width=&#8221;1\/3&#8243;][vc_column_text]<strong>L&#8217;\u00e9l\u00e9gance du quartz<\/strong><\/p>\n<p>Modernes, durables et faciles \u00e0 nettoyer, les surfaces en quartz ne sont pas poreuses, et \u00e9vitent donc que les bact\u00e9ries et les virus ne se d\u00e9veloppent.[\/vc_column_text][vc_empty_space][\/vc_column][vc_column width=&#8221;2\/3&#8243;][vc_single_image image=&#8221;17117&#8243; img_size=&#8221;full&#8221; alignment=&#8221;center&#8221;][\/vc_column][\/vc_row][vc_row][vc_column][vc_empty_space height=&#8221;50px&#8221;][vc_column_text]<\/p>\n<h2 style=\"text-align: center;\">Une visibilit\u00e9 maximale<\/h2>\n<p>[\/vc_column_text][vc_empty_space][\/vc_column][\/vc_row][vc_row][vc_column width=&#8221;1\/3&#8243;][vc_column_text]<strong>\u00c9tag\u00e8res inclin\u00e9es<\/strong> et pr\u00e9sentoir nivel\u00e9 pour une visibilit\u00e9 parfaite.[\/vc_column_text][vc_empty_space height=&#8221;93px&#8221;][vc_single_image image=&#8221;17118&#8243; img_size=&#8221;large&#8221; alignment=&#8221;center&#8221;][vc_empty_space][\/vc_column][vc_column width=&#8221;1\/3&#8243;][vc_column_text]<strong>Lumi\u00e8res LED<\/strong> : pour illuminer vos recettes et booster leur couleur, les rendant encore plus app\u00e9tissantes et gourmandes.[\/vc_column_text][vc_empty_space][vc_single_image image=&#8221;17119&#8243; img_size=&#8221;large&#8221; alignment=&#8221;center&#8221;][vc_empty_space][\/vc_column][vc_column width=&#8221;1\/3&#8243;][vc_column_text]<strong>Structure simple et lin\u00e9aire,<\/strong> lignes minimalistes pour une excellente visibilit\u00e9 des aliments et un nettoyage facile.[\/vc_column_text][vc_empty_space][vc_single_image image=&#8221;17120&#8243; img_size=&#8221;large&#8221; alignment=&#8221;center&#8221;][vc_empty_space][\/vc_column][\/vc_row][vc_row css=&#8221;.vc_custom_1636449864931{background-color: #f2f2f2 !important;}&#8221;][vc_column][vc_empty_space height=&#8221;50px&#8221;][vc_row_inner][vc_column_inner width=&#8221;1\/3&#8243;][vc_column_text]<\/p>\n<h2>Un \u00e9clairage lumineux !<\/h2>\n<p>[\/vc_column_text][\/vc_column_inner][vc_column_inner width=&#8221;2\/3&#8243;][vc_column_text]\u00c9clairage LED ou halog\u00e8ne positionn\u00e9 de mani\u00e8re optimale \u2013 \u00c9clairage d\u00e9coratif positionn\u00e9 vers le plan de travail, les plinthes et les assiettes pour mettre en valeur le design minimaliste, les lignes harmonieuses et les diff\u00e9rentes finitions.[\/vc_column_text][\/vc_column_inner][\/vc_row_inner][vc_empty_space][vc_row_inner][vc_column_inner width=&#8221;1\/3&#8243;][vc_single_image image=&#8221;17121&#8243; img_size=&#8221;full&#8221;][vc_empty_space][\/vc_column_inner][vc_column_inner width=&#8221;1\/3&#8243;][vc_single_image image=&#8221;17122&#8243; img_size=&#8221;full&#8221;][vc_empty_space][\/vc_column_inner][vc_column_inner width=&#8221;1\/3&#8243;][vc_single_image image=&#8221;17123&#8243; img_size=&#8221;full&#8221;][vc_empty_space][\/vc_column_inner][\/vc_row_inner][vc_empty_space height=&#8221;50px&#8221;][\/vc_column][\/vc_row][vc_row][vc_column][vc_empty_space height=&#8221;50px&#8221;][vc_column_text]<\/p>\n<h2>Un espace propre,<br \/>\ndes clients sereins.<\/h2>\n<p>[\/vc_column_text][vc_empty_space][\/vc_column][\/vc_row][vc_row][vc_column width=&#8221;1\/3&#8243;][vc_single_image image=&#8221;17124&#8243; img_size=&#8221;full&#8221;][vc_empty_space][vc_column_text]Les fonctions encastrables affleurantes au niveau du plan de travail permettent de ne pas avoir de reste de nourriture ou de salet\u00e9 coinc\u00e9s, facilitant ainsi le nettoyage, pour une hygi\u00e8ne maximale.[\/vc_column_text][vc_empty_space][\/vc_column][vc_column width=&#8221;1\/3&#8243;][vc_single_image image=&#8221;17125&#8243; img_size=&#8221;full&#8221; alignment=&#8221;center&#8221;][vc_empty_space][vc_column_text]Les \u00e9tag\u00e8res n&#8217;ont pas de clips ou d&#8217;\u00e9l\u00e9ments de verrouillage, simplifiant ainsi leur nettoyage.[\/vc_column_text][vc_empty_space][\/vc_column][vc_column width=&#8221;1\/3&#8243;][vc_single_image image=&#8221;17126&#8243; img_size=&#8221;full&#8221; alignment=&#8221;center&#8221;][vc_empty_space][vc_column_text]Les inserts glisse plateaux sont en acier, faciles \u00e0 nettoyer et \u00e0 d\u00e9sinfecter.[\/vc_column_text][vc_empty_space][\/vc_column][\/vc_row][vc_row][vc_column][vc_empty_space height=&#8221;50px&#8221;][\/vc_column][\/vc_row][vc_row css=&#8221;.vc_custom_1636449864931{background-color: #f2f2f2 !important;}&#8221;][vc_column][vc_empty_space height=&#8221;50px&#8221;][vc_row_inner][vc_column_inner width=&#8221;1\/3&#8243;][vc_column_text]<\/p>\n<h2>Personnalisez<br \/>\nVOTRE style<\/h2>\n<p>[\/vc_column_text][vc_empty_space][vc_column_text]<strong>100% sur-mesure.<\/strong> Quel que soit votre style, nous sommes l\u00e0 pour faire de projet, une r\u00e9alit\u00e9. Confiez-nous votre projet pour une solution unique et sur-mesure.[\/vc_column_text][vc_empty_space][\/vc_column_inner][vc_column_inner width=&#8221;2\/3&#8243;][vc_single_image image=&#8221;17127&#8243; img_size=&#8221;full&#8221;][\/vc_column_inner][\/vc_row_inner][vc_empty_space height=&#8221;50px&#8221;][\/vc_column][\/vc_row][vc_row][vc_column width=&#8221;1\/6&#8243;][vc_empty_space][\/vc_column][vc_column width=&#8221;2\/3&#8243;][vc_empty_space][elx_download_block text=&#8221;T\u00e9l\u00e9charger la brochure&#8221; document_type=&#8221;brochures&#8221; file_picker=&#8221;24898&#8243; background_color=&#8221;electrolux-blue&#8221; background_image=&#8221;17112&#8243;][\/vc_column][vc_column width=&#8221;1\/6&#8243;][vc_empty_space][\/vc_column][\/vc_row][vc_row][vc_column][vc_empty_space][elx_heading text_color=&#8221;inherit&#8221; text_align=&#8221;text-center&#8221;]Fonctions encastrables Flexy Line[\/elx_heading][vc_empty_space][elx_heading text_color=&#8221;inherit&#8221; text_align=&#8221;text-center&#8221;]12 fonctions en 6 tailles<br \/>\nDes possibilit\u00e9s illimit\u00e9es pour votre activit\u00e9[\/elx_heading][vc_column_text]<\/p>\n<p style=\"text-align: center;\">Chaud ou froid \u2013 quels que soient les besoins de vos clients, nous avons la solution.<\/p>\n<p>[\/vc_column_text][vc_empty_space][vc_row_inner][vc_column_inner width=&#8221;1\/6&#8243;][vc_empty_space][\/vc_column_inner][vc_column_inner width=&#8221;1\/6&#8243;][vc_empty_space][\/vc_column_inner][vc_column_inner width=&#8221;1\/6&#8243;][vc_single_image image=&#8221;17128&#8243; img_size=&#8221;100&#215;100&#8243; alignment=&#8221;center&#8221;][vc_empty_space height=&#8221;20px&#8221;][vc_column_text]<\/p>\n<h5 style=\"text-align: center;\">Fonctions<br \/>\nchaudes<\/h5>\n<p>[\/vc_column_text][vc_empty_space][\/vc_column_inner][vc_column_inner width=&#8221;1\/6&#8243;][vc_single_image image=&#8221;17129&#8243; img_size=&#8221;100&#215;100&#8243; alignment=&#8221;center&#8221;][vc_empty_space height=&#8221;20px&#8221;][vc_column_text]<\/p>\n<h5 style=\"text-align: center;\">Fonctions<br \/>\nfroides<\/h5>\n<p>[\/vc_column_text][vc_empty_space][\/vc_column_inner][vc_column_inner width=&#8221;1\/6&#8243;][vc_empty_space][\/vc_column_inner][vc_column_inner width=&#8221;1\/6&#8243;][vc_empty_space][\/vc_column_inner][\/vc_row_inner][vc_empty_space][elx_button button_text=&#8221;D\u00e9couvrez les fonctions encastrables&#8221; button_display_block=&#8221;display_block_on&#8221; button_alignment=&#8221;align_center&#8221; button_link=&#8221;url:https%3A%2F%2Fwww.electroluxprofessional.com%2Ffr%2Fequipement-cuisine%2Fflexy-drop-in%2F&#8221;][vc_empty_space height=&#8221;50px&#8221;][\/vc_column][\/vc_row][vc_row css=&#8221;.vc_custom_1636449864931{background-color: #f2f2f2 !important;}&#8221;][vc_column][vc_empty_space height=&#8221;50px&#8221;][vc_row_inner][vc_column_inner width=&#8221;1\/3&#8243;][vc_column_text]<\/p>\n<p class=\"h2\" style=\"text-align: left;\">Vous n&#8217;avez pas assez d&#8217;espace pour la solution Flexy Style ?<\/p>\n<p>[\/vc_column_text][vc_empty_space][\/vc_column_inner][vc_column_inner width=&#8221;1\/3&#8243;][vc_column_text]<strong>Pas d&#8217;inqui\u00e9tude, Flexy Compact est fait pour vous !<\/strong><\/p>\n<p>Une solution mobile ou sur pi\u00e8trement qui vous permet d&#8217;organiser l&#8217;espace repas \u00e0 votre guise, selon les besoins de votre activit\u00e9, pour une fluidit\u00e9 parfaite.[\/vc_column_text][vc_empty_space][\/vc_column_inner][vc_column_inner width=&#8221;1\/3&#8243;][vc_single_image image=&#8221;17130&#8243; img_size=&#8221;full&#8221; alignment=&#8221;center&#8221;][vc_empty_space][\/vc_column_inner][\/vc_row_inner][elx_button button_text=&#8221;D\u00e9couvrez Flexy Compact&#8221; button_display_block=&#8221;display_block_on&#8221; button_alignment=&#8221;align_center&#8221; button_link=&#8221;url:https%3A%2F%2Fwww.electroluxprofessional.com%2Ffr%2Fequipement-cuisine%2Fsolutions-self-service-flexy-compact%2F|title:Flexy%20Compact|target:_blank&#8221;][vc_empty_space height=&#8221;50px&#8221;][\/vc_column][\/vc_row][vc_row][vc_column][vc_empty_space][elx_heading font_size=&#8221;h3&#8243; text_color=&#8221;inherit&#8221; text_align=&#8221;text-center&#8221;]Vous souhaitez plus d&#8217;informations ?[\/elx_heading][elx_heading font_container=&#8221;h6&#8243; font_size=&#8221;h6&#8243; text_color=&#8221;inherit&#8221; text_align=&#8221;text-center&#8221;]Contactez-nous via notre formulaire :[\/elx_heading][elx_o2000_contact_us s=&#8221;Demande d&#8217;informations sur Flexy Style&#8221; country=&#8221;France&#8221; b=&#8221;food&#8221; container=&#8221;elxcontactus1479284563&#8243; r=&#8221;Je souhaiterais plus d&#8217;informations sur la ligne Flexy Style.&#8221;][vc_empty_space height=&#8221;50px&#8221;][\/vc_column][\/vc_row]<\/p>\n","protected":false},"excerpt":{"rendered":"<p>[vc_row full_width=&#8221;electroluxpro-full-width-no-padding&#8221;][vc_column][elx_image_block background_image=&#8221;17112&#8243; minimum_height=&#8221;400px&#8221;][\/vc_column][\/vc_row][vc_row][vc_column][vc_empty_space][elx_heading font_container=&#8221;h1&#8243; text_color=&#8221;electrolux-blue&#8221; text_align=&#8221;text-center&#8221;]Flexy Style &#8211; Solutions de Serverie Modulables et Personnalisables[\/elx_heading][vc_empty_space height=&#8221;50px&#8221;][\/vc_column][\/vc_row][vc_row][vc_column][vc_single_image image=&#8221;17113&#8243; img_size=&#8221;full&#8221; alignment=&#8221;center&#8221;][vc_empty_space][elx_download_block text=&#8221;T\u00e9l\u00e9charger la brochure Flexy Style&#8221; file_picker=&#8221;37200&#8243; background_color=&#8221;electrolux-blue&#8221;][vc_empty_space height=&#8221;50px&#8221;][\/vc_column][\/vc_row][vc_row][vc_column][vc_column_text] Simplicit\u00e9, \u00e9l\u00e9gance et fonctionnalit\u00e9s optimales. [\/vc_column_text][vc_empty_space][\/vc_column][\/vc_row][vc_row][vc_column width=&#8221;1\/3&#8243;][vc_column_text]Finitions minimalistes\u00a0 Les fonctions Flexy Drop-in sont encastr\u00e9es avec le dessus affleurant et surface en quartz. Non seulement esth\u00e9tiques, elles sont con\u00e7ues [&hellip;]<\/p>\n","protected":false},"author":93,"featured_media":17112,"parent":2100,"menu_order":0,"comment_status":"closed","ping_status":"closed","template":"","meta":{"footnotes":""},"class_list":["post-17131","page","type-page","status-publish","has-post-thumbnail","hentry"],"acf":[],"yoast_head":"<!-- This site is optimized with the Yoast SEO plugin v23.3 - https:\/\/yoast.com\/wordpress\/plugins\/seo\/ -->\n<title>Flexy Style Solutions de Serverie | Electrolux Professional<\/title>\n<meta name=\"description\" content=\"D\u00e9couvrez Flexy Style : plus de 30 000 combinaisons de fonctions encastrables avec finition quartz. Solutions adaptables sans d\u00e9lai de conception.\" \/>\n<meta name=\"robots\" content=\"index, follow, max-snippet:-1, max-image-preview:large, max-video-preview:-1\" \/>\n<link rel=\"canonical\" href=\"https:\/\/www.electroluxprofessional.com\/fr\/equipement-cuisine\/flexy-style\/\" \/>\n<meta property=\"og:locale\" content=\"fr_FR\" \/>\n<meta property=\"og:type\" content=\"article\" \/>\n<meta property=\"og:title\" content=\"Flexy Style Solutions de Serverie | Electrolux Professional\" \/>\n<meta property=\"og:description\" content=\"D\u00e9couvrez Flexy Style : plus de 30 000 combinaisons de fonctions encastrables avec finition quartz. Solutions adaptables sans d\u00e9lai de conception.\" \/>\n<meta property=\"og:url\" content=\"https:\/\/www.electroluxprofessional.com\/fr\/equipement-cuisine\/flexy-style\/\" \/>\n<meta property=\"og:site_name\" content=\"Electrolux Professional France\" \/>\n<meta property=\"article:modified_time\" content=\"2026-03-15T10:43:32+00:00\" \/>\n<meta property=\"og:image\" content=\"https:\/\/www.electroluxprofessional.com\/fr\/wp-content\/uploads\/2021\/11\/EPR-Flexy-Style-Luxury-Hotel.jpg\" \/>\n\t<meta property=\"og:image:width\" content=\"2000\" \/>\n\t<meta property=\"og:image:height\" content=\"702\" \/>\n\t<meta property=\"og:image:type\" content=\"image\/jpeg\" \/>\n<meta name=\"twitter:card\" content=\"summary_large_image\" \/>\n<meta name=\"twitter:label1\" content=\"Dur\u00e9e de lecture estim\u00e9e\" \/>\n\t<meta name=\"twitter:data1\" content=\"8 minutes\" \/>\n<script type=\"application\/ld+json\" class=\"yoast-schema-graph\">{\"@context\":\"https:\/\/schema.org\",\"@graph\":[{\"@type\":\"WebPage\",\"@id\":\"https:\/\/www.electroluxprofessional.com\/fr\/equipement-cuisine\/flexy-style\/\",\"url\":\"https:\/\/www.electroluxprofessional.com\/fr\/equipement-cuisine\/flexy-style\/\",\"name\":\"Flexy Style Solutions de Serverie | Electrolux Professional\",\"isPartOf\":{\"@id\":\"https:\/\/www.electroluxprofessional.com\/fr\/#website\"},\"primaryImageOfPage\":{\"@id\":\"https:\/\/www.electroluxprofessional.com\/fr\/equipement-cuisine\/flexy-style\/#primaryimage\"},\"image\":{\"@id\":\"https:\/\/www.electroluxprofessional.com\/fr\/equipement-cuisine\/flexy-style\/#primaryimage\"},\"thumbnailUrl\":\"https:\/\/www.electroluxprofessional.com\/fr\/wp-content\/uploads\/2021\/11\/EPR-Flexy-Style-Luxury-Hotel.jpg\",\"datePublished\":\"2021-12-01T11:49:12+00:00\",\"dateModified\":\"2026-03-15T10:43:32+00:00\",\"description\":\"D\u00e9couvrez Flexy Style : plus de 30 000 combinaisons de fonctions encastrables avec finition quartz. Solutions adaptables sans d\u00e9lai de conception.\",\"breadcrumb\":{\"@id\":\"https:\/\/www.electroluxprofessional.com\/fr\/equipement-cuisine\/flexy-style\/#breadcrumb\"},\"inLanguage\":\"fr-FR\",\"potentialAction\":[{\"@type\":\"ReadAction\",\"target\":[\"https:\/\/www.electroluxprofessional.com\/fr\/equipement-cuisine\/flexy-style\/\"]}]},{\"@type\":\"ImageObject\",\"inLanguage\":\"fr-FR\",\"@id\":\"https:\/\/www.electroluxprofessional.com\/fr\/equipement-cuisine\/flexy-style\/#primaryimage\",\"url\":\"https:\/\/www.electroluxprofessional.com\/fr\/wp-content\/uploads\/2021\/11\/EPR-Flexy-Style-Luxury-Hotel.jpg\",\"contentUrl\":\"https:\/\/www.electroluxprofessional.com\/fr\/wp-content\/uploads\/2021\/11\/EPR-Flexy-Style-Luxury-Hotel.jpg\",\"width\":2000,\"height\":702,\"caption\":\"EPR-Flexy Style-Luxury Hotel\"},{\"@type\":\"BreadcrumbList\",\"@id\":\"https:\/\/www.electroluxprofessional.com\/fr\/equipement-cuisine\/flexy-style\/#breadcrumb\",\"itemListElement\":[{\"@type\":\"ListItem\",\"position\":1,\"name\":\"Home\",\"item\":\"https:\/\/www.electroluxprofessional.com\/fr\/\"},{\"@type\":\"ListItem\",\"position\":2,\"name\":\"Mat\u00e9riel de cuisine professionnel\",\"item\":\"https:\/\/www.electroluxprofessional.com\/fr\/equipement-cuisine\/\"},{\"@type\":\"ListItem\",\"position\":3,\"name\":\"Flexy Style\"}]},{\"@type\":\"WebSite\",\"@id\":\"https:\/\/www.electroluxprofessional.com\/fr\/#website\",\"url\":\"https:\/\/www.electroluxprofessional.com\/fr\/\",\"name\":\"Electrolux Professional France\",\"description\":\"\",\"potentialAction\":[{\"@type\":\"SearchAction\",\"target\":{\"@type\":\"EntryPoint\",\"urlTemplate\":\"https:\/\/www.electroluxprofessional.com\/fr\/?src={search_term_string}\"},\"query-input\":\"required name=search_term_string\"}],\"inLanguage\":\"fr-FR\"}]}<\/script>\n<!-- \/ Yoast SEO plugin. -->","yoast_head_json":{"title":"Flexy Style Solutions de Serverie | Electrolux Professional","description":"D\u00e9couvrez Flexy Style : plus de 30 000 combinaisons de fonctions encastrables avec finition quartz. Solutions adaptables sans d\u00e9lai de conception.","robots":{"index":"index","follow":"follow","max-snippet":"max-snippet:-1","max-image-preview":"max-image-preview:large","max-video-preview":"max-video-preview:-1"},"canonical":"https:\/\/www.electroluxprofessional.com\/fr\/equipement-cuisine\/flexy-style\/","og_locale":"fr_FR","og_type":"article","og_title":"Flexy Style Solutions de Serverie | Electrolux Professional","og_description":"D\u00e9couvrez Flexy Style : plus de 30 000 combinaisons de fonctions encastrables avec finition quartz. Solutions adaptables sans d\u00e9lai de conception.","og_url":"https:\/\/www.electroluxprofessional.com\/fr\/equipement-cuisine\/flexy-style\/","og_site_name":"Electrolux Professional France","article_modified_time":"2026-03-15T10:43:32+00:00","og_image":[{"width":2000,"height":702,"url":"https:\/\/www.electroluxprofessional.com\/fr\/wp-content\/uploads\/2021\/11\/EPR-Flexy-Style-Luxury-Hotel.jpg","type":"image\/jpeg"}],"twitter_card":"summary_large_image","twitter_misc":{"Dur\u00e9e de lecture estim\u00e9e":"8 minutes"},"schema":{"@context":"https:\/\/schema.org","@graph":[{"@type":"WebPage","@id":"https:\/\/www.electroluxprofessional.com\/fr\/equipement-cuisine\/flexy-style\/","url":"https:\/\/www.electroluxprofessional.com\/fr\/equipement-cuisine\/flexy-style\/","name":"Flexy Style Solutions de Serverie | Electrolux Professional","isPartOf":{"@id":"https:\/\/www.electroluxprofessional.com\/fr\/#website"},"primaryImageOfPage":{"@id":"https:\/\/www.electroluxprofessional.com\/fr\/equipement-cuisine\/flexy-style\/#primaryimage"},"image":{"@id":"https:\/\/www.electroluxprofessional.com\/fr\/equipement-cuisine\/flexy-style\/#primaryimage"},"thumbnailUrl":"https:\/\/www.electroluxprofessional.com\/fr\/wp-content\/uploads\/2021\/11\/EPR-Flexy-Style-Luxury-Hotel.jpg","datePublished":"2021-12-01T11:49:12+00:00","dateModified":"2026-03-15T10:43:32+00:00","description":"D\u00e9couvrez Flexy Style : plus de 30 000 combinaisons de fonctions encastrables avec finition quartz. Solutions adaptables sans d\u00e9lai de conception.","breadcrumb":{"@id":"https:\/\/www.electroluxprofessional.com\/fr\/equipement-cuisine\/flexy-style\/#breadcrumb"},"inLanguage":"fr-FR","potentialAction":[{"@type":"ReadAction","target":["https:\/\/www.electroluxprofessional.com\/fr\/equipement-cuisine\/flexy-style\/"]}]},{"@type":"ImageObject","inLanguage":"fr-FR","@id":"https:\/\/www.electroluxprofessional.com\/fr\/equipement-cuisine\/flexy-style\/#primaryimage","url":"https:\/\/www.electroluxprofessional.com\/fr\/wp-content\/uploads\/2021\/11\/EPR-Flexy-Style-Luxury-Hotel.jpg","contentUrl":"https:\/\/www.electroluxprofessional.com\/fr\/wp-content\/uploads\/2021\/11\/EPR-Flexy-Style-Luxury-Hotel.jpg","width":2000,"height":702,"caption":"EPR-Flexy Style-Luxury Hotel"},{"@type":"BreadcrumbList","@id":"https:\/\/www.electroluxprofessional.com\/fr\/equipement-cuisine\/flexy-style\/#breadcrumb","itemListElement":[{"@type":"ListItem","position":1,"name":"Home","item":"https:\/\/www.electroluxprofessional.com\/fr\/"},{"@type":"ListItem","position":2,"name":"Mat\u00e9riel de cuisine professionnel","item":"https:\/\/www.electroluxprofessional.com\/fr\/equipement-cuisine\/"},{"@type":"ListItem","position":3,"name":"Flexy Style"}]},{"@type":"WebSite","@id":"https:\/\/www.electroluxprofessional.com\/fr\/#website","url":"https:\/\/www.electroluxprofessional.com\/fr\/","name":"Electrolux Professional France","description":"","potentialAction":[{"@type":"SearchAction","target":{"@type":"EntryPoint","urlTemplate":"https:\/\/www.electroluxprofessional.com\/fr\/?src={search_term_string}"},"query-input":"required name=search_term_string"}],"inLanguage":"fr-FR"}]}},"_links":{"self":[{"href":"https:\/\/www.electroluxprofessional.com\/fr\/wp-json\/wp\/v2\/pages\/17131"}],"collection":[{"href":"https:\/\/www.electroluxprofessional.com\/fr\/wp-json\/wp\/v2\/pages"}],"about":[{"href":"https:\/\/www.electroluxprofessional.com\/fr\/wp-json\/wp\/v2\/types\/page"}],"author":[{"embeddable":true,"href":"https:\/\/www.electroluxprofessional.com\/fr\/wp-json\/wp\/v2\/users\/93"}],"replies":[{"embeddable":true,"href":"https:\/\/www.electroluxprofessional.com\/fr\/wp-json\/wp\/v2\/comments?post=17131"}],"version-history":[{"count":11,"href":"https:\/\/www.electroluxprofessional.com\/fr\/wp-json\/wp\/v2\/pages\/17131\/revisions"}],"predecessor-version":[{"id":31112,"href":"https:\/\/www.electroluxprofessional.com\/fr\/wp-json\/wp\/v2\/pages\/17131\/revisions\/31112"}],"up":[{"embeddable":true,"href":"https:\/\/www.electroluxprofessional.com\/fr\/wp-json\/wp\/v2\/pages\/2100"}],"wp:featuredmedia":[{"embeddable":true,"href":"https:\/\/www.electroluxprofessional.com\/fr\/wp-json\/wp\/v2\/media\/17112"}],"wp:attachment":[{"href":"https:\/\/www.electroluxprofessional.com\/fr\/wp-json\/wp\/v2\/media?parent=17131"}],"curies":[{"name":"wp","href":"https:\/\/api.w.org\/{rel}","templated":true}]}}