{"id":16908,"date":"2021-11-10T13:55:12","date_gmt":"2021-11-10T13:55:12","guid":{"rendered":"https:\/\/www.electroluxprofessional.com\/fr\/?page_id=16908"},"modified":"2026-03-13T10:32:26","modified_gmt":"2026-03-13T10:32:26","slug":"batteurs-melangeurs","status":"publish","type":"page","link":"https:\/\/www.electroluxprofessional.com\/fr\/batteurs-melangeurs\/","title":{"rendered":"Batteurs-m\u00e9langeurs"},"content":{"rendered":"<p>[vc_row][vc_column][elx_heading font_container=&#8221;h1&#8243; font_size=&#8221;h2&#8243; text_color=&#8221;inherit&#8221; text_align=&#8221;text-center&#8221;]Batteurs-m\u00e9langeurs[\/elx_heading][vc_empty_space][\/vc_column][\/vc_row][vc_row][vc_column][vc_column_text]Robustes et fiables avec des capacit\u00e9s de 5 \u00e0 80 litres : con\u00e7us pour garantir la s\u00e9curit\u00e9 des utilisateurs et pr\u00e9server leur sant\u00e9.<br \/>\nMouvement unique du plan\u00e9taire garantissant la couverture totale de la cuve par les outils.[\/vc_column_text][vc_empty_space][vc_single_image image=&#8221;16909&#8243; img_size=&#8221;full&#8221;][vc_empty_space][vc_column_text]<strong>Une gamme compl\u00e8te conforme \u00e0 la norme EN454_2015<\/strong><\/p>\n<p><strong>S\u00c9CURIT\u00c9 :<\/strong><br \/>\nDouble syst\u00e8me de s\u00e9curit\u00e9 : d\u00e9tection pr\u00e9sence de cuve + \u00e9cran ferm\u00e9<br \/>\n\u00c9cran plein sur tous les mod\u00e8les (seul ou clips\u00e9 sur l\u2019\u00e9cran fil inox)[\/vc_column_text][vc_empty_space][\/vc_column][\/vc_row][vc_row][vc_column width=&#8221;2\/3&#8243;][vc_column_text]<\/p>\n<h2><strong>BE5 et BE8<\/strong><\/h2>\n<p>[\/vc_column_text][vc_column_text]<\/p>\n<ul>\n<li>Mod\u00e8le de table peu encombrant et d\u00e9pla\u00e7able facilement<\/li>\n<li>Puissant moteur asynchrone silencieux pour un usage professionnel de p\u00e9trissage, m\u00e9lange et fouettage<\/li>\n<li>Ecran plein de protection sans bisph\u00e9nol-A, avec syst\u00e8me \u201cclip\u201d pour un d\u00e9montage facile sans outils<\/li>\n<li>Variation de vitesse \u00e9lectronique de 20 \u00e0 220 tr\/mn (mouvement du plan\u00e9taire)<\/li>\n<li>Outils inox, \u00e9cran de s\u00e9curit\u00e9 et cuve inox lavables au lave-vaisselle<\/li>\n<li>Dispositif de d\u00e9tection de cuve assurant le fonctionnement du batteur uniquement lorsque la cuve et l\u2019\u00e9cran sont correctement positionn\u00e9s<\/li>\n<\/ul>\n<p>[\/vc_column_text][\/vc_column][vc_column width=&#8221;1\/3&#8243;][vc_empty_space][vc_single_image image=&#8221;16920&#8243; img_size=&#8221;full&#8221;][vc_empty_space][\/vc_column][\/vc_row][vc_row][vc_column width=&#8221;1\/3&#8243;][vc_empty_space][vc_single_image image=&#8221;16921&#8243; img_size=&#8221;full&#8221;][vc_empty_space][\/vc_column][vc_column width=&#8221;2\/3&#8243;][vc_empty_space][vc_column_text]<\/p>\n<h2><strong>XBM10 &#8211; XBE10<\/strong><\/h2>\n<p>[\/vc_column_text][vc_column_text]<\/p>\n<ul>\n<li>Mod\u00e8le de table avec structure inox<\/li>\n<li>Puissant moteur asynchrone silencieux pour un usage professionnel de p\u00e9trissage, m\u00e9lange et fouettage<\/li>\n<li>Ecran plein de protection sans bisph\u00e9nol-A, pour prot\u00e9ger l\u2019utilisateur de la folle farine, d\u00e9montable sans outils<\/li>\n<li>Tableau de commande plat et \u00e9tanche avec minuterie<\/li>\n<li>Variation de vitesse \u00e9lectronique ou m\u00e9canique<\/li>\n<li>Dispositif de d\u00e9tection de cuve assurant le fonctionnement du batteur uniquement lorsque la cuve et l\u2019\u00e9cran sont correctement positionn\u00e9s<\/li>\n<\/ul>\n<p>[\/vc_column_text][\/vc_column][\/vc_row][vc_row][vc_column width=&#8221;2\/3&#8243;][vc_column_text]<\/p>\n<h2><strong>XBM20 &#8211; XBE20 et XBM30 &#8211; XBE30<\/strong><\/h2>\n<p>[\/vc_column_text][vc_column_text]<\/p>\n<ul>\n<li>Mod\u00e8les de table ou de sol (20 L)<\/li>\n<li>Puissant moteur asynchrone silencieux pour un usage professionnel de p\u00e9trissage, m\u00e9lange et fouettage<\/li>\n<li>Ecran plein de protection, sans bisph\u00e9nol-A, recouvrant l\u2019\u00e9cran fil inox, pour prot\u00e9ger l\u2019utilisateur de la folle farine<\/li>\n<li>L\u2019\u00e9cran plein de protection et l\u2019\u00e9cran fil rotatif inox sont facilement d\u00e9montables sans outils, pour un nettoyage au lave-vaisselle.<\/li>\n<li>Tableau de commande plat et \u00e9tanche avec minuterie<\/li>\n<li>Variation de vitesse \u00e9lectronique ou m\u00e9canique<\/li>\n<li>Dispositif de d\u00e9tection de cuve assurant le fonctionnement du batteur uniquement lorsque la cuve et l\u2019\u00e9cran sont correctement positionn\u00e9s<\/li>\n<\/ul>\n<p>[\/vc_column_text][\/vc_column][vc_column width=&#8221;1\/3&#8243;][vc_empty_space][vc_single_image image=&#8221;16922&#8243; img_size=&#8221;full&#8221;][vc_empty_space][\/vc_column][\/vc_row][vc_row][vc_column width=&#8221;1\/3&#8243;][vc_empty_space][vc_single_image image=&#8221;16923&#8243; img_size=&#8221;medium&#8221;][vc_empty_space][\/vc_column][vc_column width=&#8221;2\/3&#8243;][vc_empty_space][vc_column_text]<\/p>\n<h2><strong>MBE40<\/strong><\/h2>\n<p>[\/vc_column_text][vc_column_text]<\/p>\n<ul>\n<li>Mod\u00e8le de sol<\/li>\n<li>Puissant moteur asynchrone silencieux pour un usage professionnel de p\u00e9trissage, m\u00e9lange et fouettage, incluant les travaux intensifs de boulangerie p\u00e2tisserie<\/li>\n<li>Ecran plein de protection, sans bisph\u00e9nol A, recouvrant l\u2019\u00e9cran fil inox, pour prot\u00e9ger l\u2019utilisateur de la folle farine<\/li>\n<li>L\u2019\u00e9cran plein de protection et l\u2019\u00e9cran fil rotatif inox sont facilement d\u00e9montables sans outils, pour un nettoyage au lave-vaisselle<\/li>\n<li>Tableau de commande plat et \u00e9tanche avec minuterie<\/li>\n<li>Dispositif de d\u00e9tection de cuve assurant le fonctionnement du batteur uniquement lorsque la cuve et l\u2019\u00e9cran sont correctement positionn\u00e9s<\/li>\n<\/ul>\n<p>[\/vc_column_text][\/vc_column][\/vc_row][vc_row][vc_column width=&#8221;2\/3&#8243;][vc_column_text]<\/p>\n<h2><strong>BMX60-BMXE60-XBE60 et XBE80 &#8211; BMXE80<\/strong><\/h2>\n<p>[\/vc_column_text][vc_column_text]<\/p>\n<ul>\n<li>Mod\u00e8les pour grande productivit\u00e9<\/li>\n<li>Puissant moteur asynchrone silencieux pour un usage professionnel de p\u00e9trissage, m\u00e9lange et fouettage, incluant les travaux intensifs de boulangerie et p\u00e2tisserie<\/li>\n<li>Ecran plein de protection, sans bisph\u00e9nol A, recouvrant l\u2019\u00e9cran fil inox, pour prot\u00e9ger l\u2019utilisateur de la folle farine<\/li>\n<li>L\u2019\u00e9cran plein de protection et l\u2019\u00e9cran fil rotatif inox sont facilement d\u00e9montables sans outils, pour un nettoyage au lave-vaisselle<\/li>\n<li>Tableau de commande plat et \u00e9tanche avec minuterie \u00e9clairage de cuve, monte et baisse de cuve \u00e9lectrique (selon mod\u00e8les)<\/li>\n<li>Crochet inox renforc\u00e9 pour p\u00e9trissage intensif<\/li>\n<li>Dispositif de d\u00e9tection de cuve assurant le fonctionnement du batteur uniquement lorsque la cuve et l\u2019\u00e9cran sont correctement positionn\u00e9s<\/li>\n<\/ul>\n<p>[\/vc_column_text][\/vc_column][vc_column width=&#8221;1\/3&#8243;][vc_empty_space][vc_single_image image=&#8221;16926&#8243; img_size=&#8221;full&#8221;][\/vc_column][\/vc_row][vc_row][vc_column][vc_empty_space][elx_heading text_color=&#8221;inherit&#8221;]Vous souhaitez en savoir plus ? Contactez-nous ![\/elx_heading][elx_o2000_contact_us s=&#8221;Demande d&#8217;informations sur les batteurs-m\u00e9langeurs&#8221; country=&#8221;France&#8221; b=&#8221;food&#8221; r=&#8221;Je souhaiterais plus d&#8217;informations sur les batteurs-m\u00e9langeurs Electrolux Professional&#8221;][\/vc_column][\/vc_row]<\/p>\n","protected":false},"excerpt":{"rendered":"<p>[vc_row][vc_column][elx_heading font_container=&#8221;h1&#8243; font_size=&#8221;h2&#8243; text_color=&#8221;inherit&#8221; text_align=&#8221;text-center&#8221;]Batteurs-m\u00e9langeurs[\/elx_heading][vc_empty_space][\/vc_column][\/vc_row][vc_row][vc_column][vc_column_text]Robustes et fiables avec des capacit\u00e9s de 5 \u00e0 80 litres : con\u00e7us pour garantir la s\u00e9curit\u00e9 des utilisateurs et pr\u00e9server leur sant\u00e9. Mouvement unique du plan\u00e9taire garantissant la couverture totale de la cuve par les outils.[\/vc_column_text][vc_empty_space][vc_single_image image=&#8221;16909&#8243; img_size=&#8221;full&#8221;][vc_empty_space][vc_column_text]Une gamme compl\u00e8te conforme \u00e0 la norme EN454_2015 S\u00c9CURIT\u00c9 : Double syst\u00e8me de [&hellip;]<\/p>\n","protected":false},"author":93,"featured_media":0,"parent":0,"menu_order":0,"comment_status":"closed","ping_status":"closed","template":"","meta":{"footnotes":""},"class_list":["post-16908","page","type-page","status-publish","hentry"],"acf":[],"yoast_head":"<!-- This site is optimized with the Yoast SEO plugin v23.3 - https:\/\/yoast.com\/wordpress\/plugins\/seo\/ -->\n<title>Batteurs-m\u00e9langeurs professionnels | Electrolux Professional<\/title>\n<meta name=\"description\" content=\"D\u00e9couvrez la vaste gamme de batteurs-m\u00e9langeurs Electrolux Professional de diverses capacit\u00e9s.\" \/>\n<meta name=\"robots\" content=\"index, follow, max-snippet:-1, max-image-preview:large, max-video-preview:-1\" \/>\n<link rel=\"canonical\" href=\"https:\/\/www.electroluxprofessional.com\/fr\/batteurs-melangeurs\/\" \/>\n<meta property=\"og:locale\" content=\"fr_FR\" \/>\n<meta property=\"og:type\" content=\"article\" \/>\n<meta property=\"og:title\" content=\"Batteurs-m\u00e9langeurs professionnels | Electrolux Professional\" \/>\n<meta property=\"og:description\" content=\"D\u00e9couvrez la vaste gamme de batteurs-m\u00e9langeurs Electrolux Professional de diverses capacit\u00e9s.\" \/>\n<meta property=\"og:url\" content=\"https:\/\/www.electroluxprofessional.com\/fr\/batteurs-melangeurs\/\" \/>\n<meta property=\"og:site_name\" content=\"Electrolux Professional France\" \/>\n<meta property=\"article:modified_time\" content=\"2026-03-13T10:32:26+00:00\" \/>\n<meta name=\"twitter:card\" content=\"summary_large_image\" \/>\n<meta name=\"twitter:label1\" content=\"Dur\u00e9e de lecture estim\u00e9e\" \/>\n\t<meta name=\"twitter:data1\" content=\"4 minutes\" \/>\n<script type=\"application\/ld+json\" class=\"yoast-schema-graph\">{\"@context\":\"https:\/\/schema.org\",\"@graph\":[{\"@type\":\"WebPage\",\"@id\":\"https:\/\/www.electroluxprofessional.com\/fr\/batteurs-melangeurs\/\",\"url\":\"https:\/\/www.electroluxprofessional.com\/fr\/batteurs-melangeurs\/\",\"name\":\"Batteurs-m\u00e9langeurs professionnels | Electrolux Professional\",\"isPartOf\":{\"@id\":\"https:\/\/www.electroluxprofessional.com\/fr\/#website\"},\"datePublished\":\"2021-11-10T13:55:12+00:00\",\"dateModified\":\"2026-03-13T10:32:26+00:00\",\"description\":\"D\u00e9couvrez la vaste gamme de batteurs-m\u00e9langeurs Electrolux Professional de diverses capacit\u00e9s.\",\"breadcrumb\":{\"@id\":\"https:\/\/www.electroluxprofessional.com\/fr\/batteurs-melangeurs\/#breadcrumb\"},\"inLanguage\":\"fr-FR\",\"potentialAction\":[{\"@type\":\"ReadAction\",\"target\":[\"https:\/\/www.electroluxprofessional.com\/fr\/batteurs-melangeurs\/\"]}]},{\"@type\":\"BreadcrumbList\",\"@id\":\"https:\/\/www.electroluxprofessional.com\/fr\/batteurs-melangeurs\/#breadcrumb\",\"itemListElement\":[{\"@type\":\"ListItem\",\"position\":1,\"name\":\"Home\",\"item\":\"https:\/\/www.electroluxprofessional.com\/fr\/\"},{\"@type\":\"ListItem\",\"position\":2,\"name\":\"Batteurs-m\u00e9langeurs\"}]},{\"@type\":\"WebSite\",\"@id\":\"https:\/\/www.electroluxprofessional.com\/fr\/#website\",\"url\":\"https:\/\/www.electroluxprofessional.com\/fr\/\",\"name\":\"Electrolux Professional France\",\"description\":\"\",\"potentialAction\":[{\"@type\":\"SearchAction\",\"target\":{\"@type\":\"EntryPoint\",\"urlTemplate\":\"https:\/\/www.electroluxprofessional.com\/fr\/?src={search_term_string}\"},\"query-input\":\"required name=search_term_string\"}],\"inLanguage\":\"fr-FR\"}]}<\/script>\n<!-- \/ Yoast SEO plugin. -->","yoast_head_json":{"title":"Batteurs-m\u00e9langeurs professionnels | Electrolux Professional","description":"D\u00e9couvrez la vaste gamme de batteurs-m\u00e9langeurs Electrolux Professional de diverses capacit\u00e9s.","robots":{"index":"index","follow":"follow","max-snippet":"max-snippet:-1","max-image-preview":"max-image-preview:large","max-video-preview":"max-video-preview:-1"},"canonical":"https:\/\/www.electroluxprofessional.com\/fr\/batteurs-melangeurs\/","og_locale":"fr_FR","og_type":"article","og_title":"Batteurs-m\u00e9langeurs professionnels | Electrolux Professional","og_description":"D\u00e9couvrez la vaste gamme de batteurs-m\u00e9langeurs Electrolux Professional de diverses capacit\u00e9s.","og_url":"https:\/\/www.electroluxprofessional.com\/fr\/batteurs-melangeurs\/","og_site_name":"Electrolux Professional France","article_modified_time":"2026-03-13T10:32:26+00:00","twitter_card":"summary_large_image","twitter_misc":{"Dur\u00e9e de lecture estim\u00e9e":"4 minutes"},"schema":{"@context":"https:\/\/schema.org","@graph":[{"@type":"WebPage","@id":"https:\/\/www.electroluxprofessional.com\/fr\/batteurs-melangeurs\/","url":"https:\/\/www.electroluxprofessional.com\/fr\/batteurs-melangeurs\/","name":"Batteurs-m\u00e9langeurs professionnels | Electrolux Professional","isPartOf":{"@id":"https:\/\/www.electroluxprofessional.com\/fr\/#website"},"datePublished":"2021-11-10T13:55:12+00:00","dateModified":"2026-03-13T10:32:26+00:00","description":"D\u00e9couvrez la vaste gamme de batteurs-m\u00e9langeurs Electrolux Professional de diverses capacit\u00e9s.","breadcrumb":{"@id":"https:\/\/www.electroluxprofessional.com\/fr\/batteurs-melangeurs\/#breadcrumb"},"inLanguage":"fr-FR","potentialAction":[{"@type":"ReadAction","target":["https:\/\/www.electroluxprofessional.com\/fr\/batteurs-melangeurs\/"]}]},{"@type":"BreadcrumbList","@id":"https:\/\/www.electroluxprofessional.com\/fr\/batteurs-melangeurs\/#breadcrumb","itemListElement":[{"@type":"ListItem","position":1,"name":"Home","item":"https:\/\/www.electroluxprofessional.com\/fr\/"},{"@type":"ListItem","position":2,"name":"Batteurs-m\u00e9langeurs"}]},{"@type":"WebSite","@id":"https:\/\/www.electroluxprofessional.com\/fr\/#website","url":"https:\/\/www.electroluxprofessional.com\/fr\/","name":"Electrolux Professional France","description":"","potentialAction":[{"@type":"SearchAction","target":{"@type":"EntryPoint","urlTemplate":"https:\/\/www.electroluxprofessional.com\/fr\/?src={search_term_string}"},"query-input":"required name=search_term_string"}],"inLanguage":"fr-FR"}]}},"_links":{"self":[{"href":"https:\/\/www.electroluxprofessional.com\/fr\/wp-json\/wp\/v2\/pages\/16908"}],"collection":[{"href":"https:\/\/www.electroluxprofessional.com\/fr\/wp-json\/wp\/v2\/pages"}],"about":[{"href":"https:\/\/www.electroluxprofessional.com\/fr\/wp-json\/wp\/v2\/types\/page"}],"author":[{"embeddable":true,"href":"https:\/\/www.electroluxprofessional.com\/fr\/wp-json\/wp\/v2\/users\/93"}],"replies":[{"embeddable":true,"href":"https:\/\/www.electroluxprofessional.com\/fr\/wp-json\/wp\/v2\/comments?post=16908"}],"version-history":[{"count":7,"href":"https:\/\/www.electroluxprofessional.com\/fr\/wp-json\/wp\/v2\/pages\/16908\/revisions"}],"predecessor-version":[{"id":31005,"href":"https:\/\/www.electroluxprofessional.com\/fr\/wp-json\/wp\/v2\/pages\/16908\/revisions\/31005"}],"wp:attachment":[{"href":"https:\/\/www.electroluxprofessional.com\/fr\/wp-json\/wp\/v2\/media?parent=16908"}],"curies":[{"name":"wp","href":"https:\/\/api.w.org\/{rel}","templated":true}]}}