{"id":16902,"date":"2021-11-10T12:00:22","date_gmt":"2021-11-10T12:00:22","guid":{"rendered":"https:\/\/www.electroluxprofessional.com\/fr\/?page_id=16902"},"modified":"2026-04-10T13:39:24","modified_gmt":"2026-04-10T13:39:24","slug":"combine-cutter-coupe-legumes-emulsionneur-trk","status":"publish","type":"page","link":"https:\/\/www.electroluxprofessional.com\/fr\/combine-cutter-coupe-legumes-emulsionneur-trk\/","title":{"rendered":"Combin\u00e9 cutter\/coupe-l\u00e9gumes\/\u00e9mulsionneur TRK"},"content":{"rendered":"<p>[vc_row][vc_column][elx_heading font_container=&#8221;h1&#8243; font_size=&#8221;h2&#8243; text_color=&#8221;inherit&#8221; text_align=&#8221;text-center&#8221;]Combin\u00e9 cutter, coupe-l\u00e9gumes, \u00e9mulsionneur : le TRK Pro.[\/elx_heading][\/vc_column][\/vc_row]<\/p>\n","protected":false},"excerpt":{"rendered":"<p>[vc_row][vc_column][elx_heading font_container=&#8221;h1&#8243; font_size=&#8221;h2&#8243; text_color=&#8221;inherit&#8221; text_align=&#8221;text-center&#8221;]Combin\u00e9 cutter, coupe-l\u00e9gumes, \u00e9mulsionneur : le TRK Pro.[\/elx_heading][\/vc_column][\/vc_row]<\/p>\n","protected":false},"author":93,"featured_media":0,"parent":0,"menu_order":0,"comment_status":"closed","ping_status":"closed","template":"","meta":{"footnotes":""},"class_list":["post-16902","page","type-page","status-publish","hentry"],"acf":[],"yoast_head":"<!-- This site is optimized with the Yoast SEO plugin v23.3 - https:\/\/yoast.com\/wordpress\/plugins\/seo\/ -->\n<title>Combin\u00e9 Cutter Coupe-L\u00e9gumes \u00c9mulsionneur TRK | Electrolux Professional<\/title>\n<meta name=\"description\" content=\"D\u00e9couvrez le Combin\u00e9 TRK : 3-en-1 (cutter, coupe-l\u00e9gumes, \u00e9mulsionneur). Efficacit\u00e9 maximale et gain de temps en cuisine professionnelle.\" \/>\n<meta name=\"robots\" content=\"index, follow, max-snippet:-1, max-image-preview:large, max-video-preview:-1\" \/>\n<link rel=\"canonical\" href=\"https:\/\/www.electroluxprofessional.com\/fr\/combine-cutter-coupe-legumes-emulsionneur-trk\/\" \/>\n<meta property=\"og:locale\" content=\"fr_FR\" \/>\n<meta property=\"og:type\" content=\"article\" \/>\n<meta property=\"og:title\" content=\"Combin\u00e9 Cutter Coupe-L\u00e9gumes \u00c9mulsionneur TRK | Electrolux Professional\" \/>\n<meta property=\"og:description\" content=\"D\u00e9couvrez le Combin\u00e9 TRK : 3-en-1 (cutter, coupe-l\u00e9gumes, \u00e9mulsionneur). Efficacit\u00e9 maximale et gain de temps en cuisine professionnelle.\" \/>\n<meta property=\"og:url\" content=\"https:\/\/www.electroluxprofessional.com\/fr\/combine-cutter-coupe-legumes-emulsionneur-trk\/\" \/>\n<meta property=\"og:site_name\" content=\"Electrolux Professional France\" \/>\n<meta property=\"article:modified_time\" content=\"2026-04-10T13:39:24+00:00\" \/>\n<meta name=\"twitter:card\" content=\"summary_large_image\" \/>\n<meta name=\"twitter:label1\" content=\"Dur\u00e9e de lecture estim\u00e9e\" \/>\n\t<meta name=\"twitter:data1\" content=\"1 minute\" \/>\n<script type=\"application\/ld+json\" class=\"yoast-schema-graph\">{\"@context\":\"https:\/\/schema.org\",\"@graph\":[{\"@type\":\"WebPage\",\"@id\":\"https:\/\/www.electroluxprofessional.com\/fr\/combine-cutter-coupe-legumes-emulsionneur-trk\/\",\"url\":\"https:\/\/www.electroluxprofessional.com\/fr\/combine-cutter-coupe-legumes-emulsionneur-trk\/\",\"name\":\"Combin\u00e9 Cutter Coupe-L\u00e9gumes \u00c9mulsionneur TRK | Electrolux Professional\",\"isPartOf\":{\"@id\":\"https:\/\/www.electroluxprofessional.com\/fr\/#website\"},\"datePublished\":\"2021-11-10T12:00:22+00:00\",\"dateModified\":\"2026-04-10T13:39:24+00:00\",\"description\":\"D\u00e9couvrez le Combin\u00e9 TRK : 3-en-1 (cutter, coupe-l\u00e9gumes, \u00e9mulsionneur). Efficacit\u00e9 maximale et gain de temps en cuisine professionnelle.\",\"breadcrumb\":{\"@id\":\"https:\/\/www.electroluxprofessional.com\/fr\/combine-cutter-coupe-legumes-emulsionneur-trk\/#breadcrumb\"},\"inLanguage\":\"fr-FR\",\"potentialAction\":[{\"@type\":\"ReadAction\",\"target\":[\"https:\/\/www.electroluxprofessional.com\/fr\/combine-cutter-coupe-legumes-emulsionneur-trk\/\"]}]},{\"@type\":\"BreadcrumbList\",\"@id\":\"https:\/\/www.electroluxprofessional.com\/fr\/combine-cutter-coupe-legumes-emulsionneur-trk\/#breadcrumb\",\"itemListElement\":[{\"@type\":\"ListItem\",\"position\":1,\"name\":\"Home\",\"item\":\"https:\/\/www.electroluxprofessional.com\/fr\/\"},{\"@type\":\"ListItem\",\"position\":2,\"name\":\"Combin\u00e9 cutter\/coupe-l\u00e9gumes\/\u00e9mulsionneur TRK\"}]},{\"@type\":\"WebSite\",\"@id\":\"https:\/\/www.electroluxprofessional.com\/fr\/#website\",\"url\":\"https:\/\/www.electroluxprofessional.com\/fr\/\",\"name\":\"Electrolux Professional France\",\"description\":\"\",\"potentialAction\":[{\"@type\":\"SearchAction\",\"target\":{\"@type\":\"EntryPoint\",\"urlTemplate\":\"https:\/\/www.electroluxprofessional.com\/fr\/?src={search_term_string}\"},\"query-input\":\"required name=search_term_string\"}],\"inLanguage\":\"fr-FR\"}]}<\/script>\n<!-- \/ Yoast SEO plugin. -->","yoast_head_json":{"title":"Combin\u00e9 Cutter Coupe-L\u00e9gumes \u00c9mulsionneur TRK | Electrolux Professional","description":"D\u00e9couvrez le Combin\u00e9 TRK : 3-en-1 (cutter, coupe-l\u00e9gumes, \u00e9mulsionneur). Efficacit\u00e9 maximale et gain de temps en cuisine professionnelle.","robots":{"index":"index","follow":"follow","max-snippet":"max-snippet:-1","max-image-preview":"max-image-preview:large","max-video-preview":"max-video-preview:-1"},"canonical":"https:\/\/www.electroluxprofessional.com\/fr\/combine-cutter-coupe-legumes-emulsionneur-trk\/","og_locale":"fr_FR","og_type":"article","og_title":"Combin\u00e9 Cutter Coupe-L\u00e9gumes \u00c9mulsionneur TRK | Electrolux Professional","og_description":"D\u00e9couvrez le Combin\u00e9 TRK : 3-en-1 (cutter, coupe-l\u00e9gumes, \u00e9mulsionneur). Efficacit\u00e9 maximale et gain de temps en cuisine professionnelle.","og_url":"https:\/\/www.electroluxprofessional.com\/fr\/combine-cutter-coupe-legumes-emulsionneur-trk\/","og_site_name":"Electrolux Professional France","article_modified_time":"2026-04-10T13:39:24+00:00","twitter_card":"summary_large_image","twitter_misc":{"Dur\u00e9e de lecture estim\u00e9e":"1 minute"},"schema":{"@context":"https:\/\/schema.org","@graph":[{"@type":"WebPage","@id":"https:\/\/www.electroluxprofessional.com\/fr\/combine-cutter-coupe-legumes-emulsionneur-trk\/","url":"https:\/\/www.electroluxprofessional.com\/fr\/combine-cutter-coupe-legumes-emulsionneur-trk\/","name":"Combin\u00e9 Cutter Coupe-L\u00e9gumes \u00c9mulsionneur TRK | Electrolux Professional","isPartOf":{"@id":"https:\/\/www.electroluxprofessional.com\/fr\/#website"},"datePublished":"2021-11-10T12:00:22+00:00","dateModified":"2026-04-10T13:39:24+00:00","description":"D\u00e9couvrez le Combin\u00e9 TRK : 3-en-1 (cutter, coupe-l\u00e9gumes, \u00e9mulsionneur). Efficacit\u00e9 maximale et gain de temps en cuisine professionnelle.","breadcrumb":{"@id":"https:\/\/www.electroluxprofessional.com\/fr\/combine-cutter-coupe-legumes-emulsionneur-trk\/#breadcrumb"},"inLanguage":"fr-FR","potentialAction":[{"@type":"ReadAction","target":["https:\/\/www.electroluxprofessional.com\/fr\/combine-cutter-coupe-legumes-emulsionneur-trk\/"]}]},{"@type":"BreadcrumbList","@id":"https:\/\/www.electroluxprofessional.com\/fr\/combine-cutter-coupe-legumes-emulsionneur-trk\/#breadcrumb","itemListElement":[{"@type":"ListItem","position":1,"name":"Home","item":"https:\/\/www.electroluxprofessional.com\/fr\/"},{"@type":"ListItem","position":2,"name":"Combin\u00e9 cutter\/coupe-l\u00e9gumes\/\u00e9mulsionneur TRK"}]},{"@type":"WebSite","@id":"https:\/\/www.electroluxprofessional.com\/fr\/#website","url":"https:\/\/www.electroluxprofessional.com\/fr\/","name":"Electrolux Professional France","description":"","potentialAction":[{"@type":"SearchAction","target":{"@type":"EntryPoint","urlTemplate":"https:\/\/www.electroluxprofessional.com\/fr\/?src={search_term_string}"},"query-input":"required name=search_term_string"}],"inLanguage":"fr-FR"}]}},"_links":{"self":[{"href":"https:\/\/www.electroluxprofessional.com\/fr\/wp-json\/wp\/v2\/pages\/16902"}],"collection":[{"href":"https:\/\/www.electroluxprofessional.com\/fr\/wp-json\/wp\/v2\/pages"}],"about":[{"href":"https:\/\/www.electroluxprofessional.com\/fr\/wp-json\/wp\/v2\/types\/page"}],"author":[{"embeddable":true,"href":"https:\/\/www.electroluxprofessional.com\/fr\/wp-json\/wp\/v2\/users\/93"}],"replies":[{"embeddable":true,"href":"https:\/\/www.electroluxprofessional.com\/fr\/wp-json\/wp\/v2\/comments?post=16902"}],"version-history":[{"count":7,"href":"https:\/\/www.electroluxprofessional.com\/fr\/wp-json\/wp\/v2\/pages\/16902\/revisions"}],"predecessor-version":[{"id":31908,"href":"https:\/\/www.electroluxprofessional.com\/fr\/wp-json\/wp\/v2\/pages\/16902\/revisions\/31908"}],"wp:attachment":[{"href":"https:\/\/www.electroluxprofessional.com\/fr\/wp-json\/wp\/v2\/media?parent=16902"}],"curies":[{"name":"wp","href":"https:\/\/api.w.org\/{rel}","templated":true}]}}